{"id":11460,"date":"2022-01-19T12:54:41","date_gmt":"2022-01-19T11:54:41","guid":{"rendered":"https:\/\/new.tiketi.com\/bus-from-kampala-to-nairobi-bus-tickets-fare-schedule-route\/"},"modified":"2022-01-31T11:25:09","modified_gmt":"2022-01-31T10:25:09","slug":"cheap-bus-tickets-from-nairobi-to-kampala","status":"publish","type":"page","link":"https:\/\/tiketi.com\/fr-fr\/cheap-bus-tickets-from-nairobi-to-kampala\/","title":{"rendered":"Bus de Nairobi \u00e0 Kampala Billets de bus, tarif, horaires et itin\u00e9raire"},"content":{"rendered":"<h2>Billets de bus pas chers de Nairobi \u00e0 Kampala R\u00e9servation en ligne<\/h2>\n<h3>D\u00e9couvrez votre itin\u00e9raire sur le web, le mobile ou l&#039;application et r\u00e9servez en ligne maintenant un billet de bus pas cher de Nairobi \u00e0 Kampala.<\/h3>\n<p>R\u00e9servez en ligne des billets de bus pas chers de Nairobi \u00e0 Kampala et voyagez de Nairobi \u00e0 Kampala par la route. Kampala a commenc\u00e9 avec 7 collines, compte maintenant jusqu&#039;\u00e0 20 collines, a beaucoup de lieux historiques et charmants comme les tombes de Kasubi, les lieux de s\u00e9pulture des rois du Buganda, le palais de Mengo, l&#039;un des plus anciens palais africains, les sanctuaires de Namugongo qui honorent les chr\u00e9tiens qui \u00e9taient br\u00fbl\u00e9 vif en 1886 sur ordre de Kabaka de Bunganda, le mus\u00e9e ougandais pr\u00e9sentant le patrimoine culturel ougandais, un rappel \u00e9logieux du pass\u00e9 l\u00e9gendaire, le th\u00e9\u00e2tre national qui a ouvert ses portes en 1959. Allez-y, et profitez d&#039;offres incroyables sur les billets de bus \u00e0 prix r\u00e9duit de Nairobi \u00e0 Kampala en ligne maintenant.<\/p>\n<h2>Bus de Nairobi \u00e0 Kampala R\u00e9servation de billets de bus, itin\u00e9raires, horaires et tarifs FAQs<\/h2>\n<h3>Quel est le moyen abordable pour se rendre de Nairobi \u00e0 Kampala ?<\/h3>\n<p>Le bus est le moyen abordable de se rendre de Nairobi \u00e0 Kampala. Le trajet de Nairobi \u00e0 Kampala en bus co\u00fbte $12 \u2013 $35 et dure 11h 25m.<\/p>\n<h3>Y a-t-il un bus direct de Nairobi \u00e0 Kampala ?<\/h3>\n<p>Oui, il y a des bus directs de Nairobi \u00e0 Kampala et arrivant \u00e0 Kampala. Les services partent toutes les 4 heures, et circulent tous les jours. Le trajet dure environ 11h 25m.<\/p>\n<h3>Quelle est la distance entre Nairobi et Kampala en bus ?<\/h3>\n<p>La distance parcourue en bus de Nairobi \u00e0 Kampala est de 503 km.<\/p>\n<h3>O\u00f9 prendre le bus depuis Nairobi pour Kampala ?<\/h3>\n<p>Les billets de bus bon march\u00e9 de Nairobi \u00e0 Kampala, g\u00e9r\u00e9s par Mash, partent de la gare de Nairobi.<\/p>\n<h3>Avion ou bus de Nairobi \u00e0 Kampala ?<\/h3>\n<p>L&#039;excellent moyen de se rendre de Nairobi \u00e0 Kampala est de <a href=\"https:\/\/tiketi.com\/fr-fr\/flightst\/\" target=\"_blank\" rel=\"noopener\">voler<\/a> qui prend 1h 50m et co\u00fbte $150 \u2013 $390. Alternativement, vous pouvez prendre le bus, Nairobi \u00e0 Kampala tarif du bus $12 \u2013 $35 et dure 11h 25m.<\/p>\n<h2>Billets de bus de Nairobi \u00e0 Kampala Tips<\/h2>\n<p>L&#039;h\u00f4pital de Mulago, qui \u00e9tait le plus grand et le plus grand d&#039;Afrique de l&#039;Est, la cath\u00e9drale de Rubaga, la cath\u00e9drale de Namirembe, la vieille mosqu\u00e9e de Kampala, la mosqu\u00e9e de Kibuli font de Kampala une grande ville.<\/p>\n<p>La ville s&#039;est consid\u00e9rablement \u00e9tendue, attirant des visiteurs et \u00e9galement c\u00e9l\u00e8bre pour la derni\u00e8re assembl\u00e9e g\u00e9n\u00e9rale de la richesse qui a eu lieu en 2007. Des centres commerciaux et de nouveaux h\u00f4tels ont \u00e9t\u00e9 cr\u00e9\u00e9s tels que Kasumba Square Hall \u00e0 c\u00f4t\u00e9 de la rocade nord de Kampala et About Busega Round, Garden Ville \u00e0 Yusuf Lule Rd \u00e0 Nakasero, et beaucoup dans le quartier des affaires.<\/p>","protected":false},"excerpt":{"rendered":"<p>Cheap Bus Tickets from\u00a0Nairobi to Kampala Online Booking Discover your travel route on web, mobile or app and book cheap bus ticket from Nairobi to Kampala online now. Do cheap bus from Nairobi to Kampala bus tickets online booking and travel Nairobi to Kampala by road. Kampala started with 7 hills, now has many as [&hellip;]<\/p>\n","protected":false},"author":1,"featured_media":13999,"parent":0,"menu_order":0,"comment_status":"open","ping_status":"closed","template":"template-home-modern.php","meta":{"footnotes":""},"class_list":["post-11460","page","type-page","status-publish","has-post-thumbnail","hentry"],"yoast_head":"<!-- This site is optimized with the Yoast SEO plugin v27.2 - https:\/\/yoast.com\/product\/yoast-seo-wordpress\/ -->\n<title>Bus from Nairobi to Kampala Bus Tickets, Fare, Schedule &amp; Route<\/title>\n<meta name=\"description\" content=\"Looking for bus from\u00a0Nairobi to Kampala bus ticket booking app, route, schedule &amp; fare? Book cheap bus tickets from Nairobi to Kampala online\" \/>\n<meta name=\"robots\" content=\"index, follow, max-snippet:-1, max-image-preview:large, max-video-preview:-1\" \/>\n<link rel=\"canonical\" href=\"https:\/\/tiketi.com\/fr-fr\/cheap-bus-tickets-from-nairobi-to-kampala\/\" \/>\n<meta property=\"og:locale\" content=\"fr_FR\" \/>\n<meta property=\"og:type\" content=\"article\" \/>\n<meta property=\"og:title\" content=\"Bus from Nairobi to Kampala Bus Tickets, Fare, Schedule &amp; Route\" \/>\n<meta property=\"og:description\" content=\"Looking for bus from\u00a0Nairobi to Kampala bus ticket booking app, route, schedule &amp; fare? Book cheap bus tickets from Nairobi to Kampala online\" \/>\n<meta property=\"og:url\" content=\"https:\/\/tiketi.com\/fr-fr\/cheap-bus-tickets-from-nairobi-to-kampala\/\" \/>\n<meta property=\"og:site_name\" content=\"Tiketi.com\" \/>\n<meta property=\"article:publisher\" content=\"https:\/\/www.facebook.com\/TiketiCom\/\" \/>\n<meta property=\"article:modified_time\" content=\"2022-01-31T10:25:09+00:00\" \/>\n<meta property=\"og:image\" content=\"https:\/\/tiketi.com\/wp-content\/uploads\/2022\/01\/bus-ticket-online-booking.jpg\" \/>\n\t<meta property=\"og:image:width\" content=\"1200\" \/>\n\t<meta property=\"og:image:height\" content=\"206\" \/>\n\t<meta property=\"og:image:type\" content=\"image\/jpeg\" \/>\n<meta name=\"twitter:card\" content=\"summary_large_image\" \/>\n<meta name=\"twitter:label1\" content=\"Dur\u00e9e de lecture estim\u00e9e\" \/>\n\t<meta name=\"twitter:data1\" content=\"2 minutes\" \/>\n<script type=\"application\/ld+json\" class=\"yoast-schema-graph\">{\"@context\":\"https:\/\/schema.org\",\"@graph\":[{\"@type\":\"WebPage\",\"@id\":\"https:\/\/tiketi.com\/cheap-bus-tickets-from-nairobi-to-kampala\/\",\"url\":\"https:\/\/tiketi.com\/cheap-bus-tickets-from-nairobi-to-kampala\/\",\"name\":\"Bus from Nairobi to Kampala Bus Tickets, Fare, Schedule & Route\",\"isPartOf\":{\"@id\":\"https:\/\/tiketi.com\/#website\"},\"primaryImageOfPage\":{\"@id\":\"https:\/\/tiketi.com\/cheap-bus-tickets-from-nairobi-to-kampala\/#primaryimage\"},\"image\":{\"@id\":\"https:\/\/tiketi.com\/cheap-bus-tickets-from-nairobi-to-kampala\/#primaryimage\"},\"thumbnailUrl\":\"https:\/\/tiketi.com\/wp-content\/uploads\/2022\/01\/bus-ticket-online-booking.jpg\",\"datePublished\":\"2022-01-19T11:54:41+00:00\",\"dateModified\":\"2022-01-31T10:25:09+00:00\",\"description\":\"Looking for bus from\u00a0Nairobi to Kampala bus ticket booking app, route, schedule & fare? Book cheap bus tickets from Nairobi to Kampala online\",\"breadcrumb\":{\"@id\":\"https:\/\/tiketi.com\/cheap-bus-tickets-from-nairobi-to-kampala\/#breadcrumb\"},\"inLanguage\":\"fr-FR\",\"potentialAction\":[{\"@type\":\"ReadAction\",\"target\":[\"https:\/\/tiketi.com\/cheap-bus-tickets-from-nairobi-to-kampala\/\"]}]},{\"@type\":\"ImageObject\",\"inLanguage\":\"fr-FR\",\"@id\":\"https:\/\/tiketi.com\/cheap-bus-tickets-from-nairobi-to-kampala\/#primaryimage\",\"url\":\"https:\/\/tiketi.com\/wp-content\/uploads\/2022\/01\/bus-ticket-online-booking.jpg\",\"contentUrl\":\"https:\/\/tiketi.com\/wp-content\/uploads\/2022\/01\/bus-ticket-online-booking.jpg\",\"width\":1200,\"height\":206,\"caption\":\"Online Bus Ticket Booking\"},{\"@type\":\"BreadcrumbList\",\"@id\":\"https:\/\/tiketi.com\/cheap-bus-tickets-from-nairobi-to-kampala\/#breadcrumb\",\"itemListElement\":[{\"@type\":\"ListItem\",\"position\":1,\"name\":\"Home\",\"item\":\"https:\/\/tiketi.com\/\"},{\"@type\":\"ListItem\",\"position\":2,\"name\":\"Bus from Nairobi to Kampala Bus Tickets, Fare, Schedule &#038; Route\"}]},{\"@type\":\"WebSite\",\"@id\":\"https:\/\/tiketi.com\/#website\",\"url\":\"https:\/\/tiketi.com\/\",\"name\":\"Flight & Bus Tickets, Tour Packages & Activitites - Tiketi.com\",\"description\":\"Flight &amp; Bus Tickets, Tours, Activitites\",\"publisher\":{\"@id\":\"https:\/\/tiketi.com\/#organization\"},\"potentialAction\":[{\"@type\":\"SearchAction\",\"target\":{\"@type\":\"EntryPoint\",\"urlTemplate\":\"https:\/\/tiketi.com\/?s={search_term_string}\"},\"query-input\":{\"@type\":\"PropertyValueSpecification\",\"valueRequired\":true,\"valueName\":\"search_term_string\"}}],\"inLanguage\":\"fr-FR\"},{\"@type\":\"Organization\",\"@id\":\"https:\/\/tiketi.com\/#organization\",\"name\":\"Tiketi.com\",\"alternateName\":\"Tiketi\",\"url\":\"https:\/\/tiketi.com\/\",\"logo\":{\"@type\":\"ImageObject\",\"inLanguage\":\"fr-FR\",\"@id\":\"https:\/\/tiketi.com\/#\/schema\/logo\/image\/\",\"url\":\"https:\/\/tiketi.com\/wp-content\/uploads\/2019\/05\/tiketi-logo-696.png\",\"contentUrl\":\"https:\/\/tiketi.com\/wp-content\/uploads\/2019\/05\/tiketi-logo-696.png\",\"width\":696,\"height\":696,\"caption\":\"Tiketi.com\"},\"image\":{\"@id\":\"https:\/\/tiketi.com\/#\/schema\/logo\/image\/\"},\"sameAs\":[\"https:\/\/www.facebook.com\/TiketiCom\/\"]}]}<\/script>\n<!-- \/ Yoast SEO plugin. -->","yoast_head_json":{"title":"Bus de Nairobi \u00e0 Kampala Billets de bus, tarif, horaires et itin\u00e9raire","description":"\u00c0 la recherche d&#039;une application de r\u00e9servation de billets de bus de Nairobi \u00e0 Kampala, d&#039;un itin\u00e9raire, d&#039;un horaire et d&#039;un tarif\u00a0? R\u00e9servez en ligne des billets de bus \u00e0 bas prix de Nairobi \u00e0 Kampala","robots":{"index":"index","follow":"follow","max-snippet":"max-snippet:-1","max-image-preview":"max-image-preview:large","max-video-preview":"max-video-preview:-1"},"canonical":"https:\/\/tiketi.com\/fr-fr\/cheap-bus-tickets-from-nairobi-to-kampala\/","og_locale":"fr_FR","og_type":"article","og_title":"Bus from Nairobi to Kampala Bus Tickets, Fare, Schedule & Route","og_description":"Looking for bus from\u00a0Nairobi to Kampala bus ticket booking app, route, schedule & fare? Book cheap bus tickets from Nairobi to Kampala online","og_url":"https:\/\/tiketi.com\/fr-fr\/cheap-bus-tickets-from-nairobi-to-kampala\/","og_site_name":"Tiketi.com","article_publisher":"https:\/\/www.facebook.com\/TiketiCom\/","article_modified_time":"2022-01-31T10:25:09+00:00","og_image":[{"width":1200,"height":206,"url":"https:\/\/tiketi.com\/wp-content\/uploads\/2022\/01\/bus-ticket-online-booking.jpg","type":"image\/jpeg"}],"twitter_card":"summary_large_image","twitter_misc":{"Dur\u00e9e de lecture estim\u00e9e":"2 minutes"},"schema":{"@context":"https:\/\/schema.org","@graph":[{"@type":"WebPage","@id":"https:\/\/tiketi.com\/cheap-bus-tickets-from-nairobi-to-kampala\/","url":"https:\/\/tiketi.com\/cheap-bus-tickets-from-nairobi-to-kampala\/","name":"Bus de Nairobi \u00e0 Kampala Billets de bus, tarif, horaires et itin\u00e9raire","isPartOf":{"@id":"https:\/\/tiketi.com\/#website"},"primaryImageOfPage":{"@id":"https:\/\/tiketi.com\/cheap-bus-tickets-from-nairobi-to-kampala\/#primaryimage"},"image":{"@id":"https:\/\/tiketi.com\/cheap-bus-tickets-from-nairobi-to-kampala\/#primaryimage"},"thumbnailUrl":"https:\/\/tiketi.com\/wp-content\/uploads\/2022\/01\/bus-ticket-online-booking.jpg","datePublished":"2022-01-19T11:54:41+00:00","dateModified":"2022-01-31T10:25:09+00:00","description":"\u00c0 la recherche d&#039;une application de r\u00e9servation de billets de bus de Nairobi \u00e0 Kampala, d&#039;un itin\u00e9raire, d&#039;un horaire et d&#039;un tarif\u00a0? R\u00e9servez en ligne des billets de bus \u00e0 bas prix de Nairobi \u00e0 Kampala","breadcrumb":{"@id":"https:\/\/tiketi.com\/cheap-bus-tickets-from-nairobi-to-kampala\/#breadcrumb"},"inLanguage":"fr-FR","potentialAction":[{"@type":"ReadAction","target":["https:\/\/tiketi.com\/cheap-bus-tickets-from-nairobi-to-kampala\/"]}]},{"@type":"ImageObject","inLanguage":"fr-FR","@id":"https:\/\/tiketi.com\/cheap-bus-tickets-from-nairobi-to-kampala\/#primaryimage","url":"https:\/\/tiketi.com\/wp-content\/uploads\/2022\/01\/bus-ticket-online-booking.jpg","contentUrl":"https:\/\/tiketi.com\/wp-content\/uploads\/2022\/01\/bus-ticket-online-booking.jpg","width":1200,"height":206,"caption":"Online Bus Ticket Booking"},{"@type":"BreadcrumbList","@id":"https:\/\/tiketi.com\/cheap-bus-tickets-from-nairobi-to-kampala\/#breadcrumb","itemListElement":[{"@type":"ListItem","position":1,"name":"Home","item":"https:\/\/tiketi.com\/"},{"@type":"ListItem","position":2,"name":"Bus from Nairobi to Kampala Bus Tickets, Fare, Schedule &#038; Route"}]},{"@type":"WebSite","@id":"https:\/\/tiketi.com\/#website","url":"https:\/\/tiketi.com\/","name":"Billets d&#039;avion et de bus, forfaits touristiques et activit\u00e9s - Tiketi.com","description":"Billets d&#039;avion et de bus, Tours, Activit\u00e9s","publisher":{"@id":"https:\/\/tiketi.com\/#organization"},"potentialAction":[{"@type":"SearchAction","target":{"@type":"EntryPoint","urlTemplate":"https:\/\/tiketi.com\/?s={search_term_string}"},"query-input":{"@type":"PropertyValueSpecification","valueRequired":true,"valueName":"search_term_string"}}],"inLanguage":"fr-FR"},{"@type":"Organization","@id":"https:\/\/tiketi.com\/#organization","name":"Tiketi.com","alternateName":"Tiketi","url":"https:\/\/tiketi.com\/","logo":{"@type":"ImageObject","inLanguage":"fr-FR","@id":"https:\/\/tiketi.com\/#\/schema\/logo\/image\/","url":"https:\/\/tiketi.com\/wp-content\/uploads\/2019\/05\/tiketi-logo-696.png","contentUrl":"https:\/\/tiketi.com\/wp-content\/uploads\/2019\/05\/tiketi-logo-696.png","width":696,"height":696,"caption":"Tiketi.com"},"image":{"@id":"https:\/\/tiketi.com\/#\/schema\/logo\/image\/"},"sameAs":["https:\/\/www.facebook.com\/TiketiCom\/"]}]}},"_links":{"self":[{"href":"https:\/\/tiketi.com\/fr-fr\/wp-json\/wp\/v2\/pages\/11460","targetHints":{"allow":["GET"]}}],"collection":[{"href":"https:\/\/tiketi.com\/fr-fr\/wp-json\/wp\/v2\/pages"}],"about":[{"href":"https:\/\/tiketi.com\/fr-fr\/wp-json\/wp\/v2\/types\/page"}],"author":[{"embeddable":true,"href":"https:\/\/tiketi.com\/fr-fr\/wp-json\/wp\/v2\/users\/1"}],"replies":[{"embeddable":true,"href":"https:\/\/tiketi.com\/fr-fr\/wp-json\/wp\/v2\/comments?post=11460"}],"version-history":[{"count":0,"href":"https:\/\/tiketi.com\/fr-fr\/wp-json\/wp\/v2\/pages\/11460\/revisions"}],"wp:featuredmedia":[{"embeddable":true,"href":"https:\/\/tiketi.com\/fr-fr\/wp-json\/wp\/v2\/media\/13999"}],"wp:attachment":[{"href":"https:\/\/tiketi.com\/fr-fr\/wp-json\/wp\/v2\/media?parent=11460"}],"curies":[{"name":"wp","href":"https:\/\/api.w.org\/{rel}","templated":true}]}}