{"id":11461,"date":"2022-01-19T12:54:41","date_gmt":"2022-01-19T11:54:41","guid":{"rendered":"https:\/\/new.tiketi.com\/bus-from-accra-to-sunyani-bus-tickets-route-fare-schedule\/"},"modified":"2022-01-19T12:54:42","modified_gmt":"2022-01-19T11:54:42","slug":"bus-from-accra-to-sunyani-bus-tickets-route-fare-schedule","status":"publish","type":"page","link":"https:\/\/tiketi.com\/fr-fr\/bus-from-accra-to-sunyani-bus-tickets-route-fare-schedule\/","title":{"rendered":"Bus de Accra \u00e0 Sunyani Billets de bus, itin\u00e9raire, tarifs et horaires"},"content":{"rendered":"<p>&nbsp;<\/p>\n<p>Billets de bus pas chers de Accra \u00e0 Sunyani R\u00e9servation en ligne<\/p>\n<p>&gt;&gt; R\u00e9servez votre billet de bus pas cher de Accra \u00e0 Sunyani en ligne maintenant.<\/p>\n<p>R\u00e9servez en ligne des billets de bus pas chers d&#039;Accra \u00e0 Sunyani et voyagez d&#039;Accra \u00e0 Sunyani par la route. Sunyani est une capitale et une ville de la r\u00e9gion de Brong-Ahafo et de la municipalit\u00e9 de Sunyani au Ghana. Sunyani avait une population de 248 495 habitants au recensement de 2012. Voici le guide sur la fa\u00e7on de r\u00e9server des billets de bus d&#039;Accra \u00e0 Sunyani :<\/p>\n<p>Bus de Accra \u00e0 Sunyani R\u00e9servation de billets de bus, itin\u00e9raires, horaires et tarifs FAQs<\/p>\n<p>Le bus Accra-Sunyani est-il le moyen le plus \u00e9conomique de se rendre \u00e0 Sunyani ?<\/p>\n<p>Le moyen abordable de se rendre d&#039;Accra \u00e0 Sunyani en bus. Les billets de bus pas chers de Accra \u00e0 Sunyani $30 \u2013 $50 et dure 5h 30m.<\/p>\n<p>Quelle est la distance du trajet de bus Accra \u00e0 Sunyani?<\/p>\n<p>La distance parcourue de Accra \u00e0 Sunyani de bus est de 308 km.<\/p>\n<p>Puis-je conduire de Accra \u00e0 Sunyani ?<\/p>\n<p>Oui, la distance entre Sunyani et Accra est de 372 km. il faut environ 5h 30m pour conduire de Accra \u00e0 Sunyani.<\/p>\n<p>Quel est le moyen le plus rapide pour se rendre de Accra \u00e0 Sunyani ?<\/p>\n<p>Le moyen le plus rapide pour se rendre d&#039;Accra \u00e0 Sunyani est de prendre l&#039;avion et de conduire. Accra \u00e0 Sunyani bus tarif $35 - $95 et prend 2h 50m.<\/p>\n<p>Bus de Accra \u00e0 Sunyani Tips<\/p>\n<p>La ville se compose en grande partie des Ahafos par tribu. Histoire Sunyani est entour\u00e9e par les hautes terres du sud d&#039;Ashanti.<\/p>\n<p>La ville de Sunayni est devenue un avant-poste pour les chasseurs d&#039;\u00e9l\u00e9phants au XIXe si\u00e8cle. Son nom d\u00e9rive du mot Akan pour \u00e9l\u00e9phant, Osono. En 1924, l&#039;administration coloniale d\u00e9signa Sunyani comme chef-lieu de district.<\/p>\n<p>Suite \u00e0 la construction d&#039;une route reliant Sunyani \u00e0 la ville de Kumasi, Sunyani est devenue une plaque tournante vitale pour la distribution de noix de kola, de cacao et d&#039;aliments de base tels que l&#039;igname et le ma\u00efs. Aujourd&#039;hui, Sunyani abrite le gouvernement r\u00e9gional et la haute cour de Brong-Ahafo. Bien que consid\u00e9rablement plus petit que Kumasi, Sunyani se d\u00e9veloppe rapidement et a effectivement englouti les banlieues d&#039;Abesium et de Fiapre, entre autres. Sunyani est une ville bien entretenue et propre avec une \u00e9conomie incroyable.<\/p>","protected":false},"excerpt":{"rendered":"<p>&nbsp; Cheap Bus Tickets from&nbsp;Accra to Sunyani&nbsp;Online Booking >>&nbsp;Reserve&nbsp;your cheap bus ticket&nbsp;from Accra to Sunyani online now. Do&nbsp;cheap bus from Accra to Sunyani&nbsp; bus tickets online booking and travel Accra to Sunyani by road.&nbsp;Sunyani is a capital town and city of the Brong-Ahafo region and the Sunyani Municipal of Ghana. Sunyani had a population of [&hellip;]<\/p>\n","protected":false},"author":1,"featured_media":13999,"parent":0,"menu_order":0,"comment_status":"open","ping_status":"closed","template":"","meta":{"footnotes":""},"class_list":["post-11461","page","type-page","status-publish","has-post-thumbnail","hentry"],"yoast_head":"<!-- This site is optimized with the Yoast SEO plugin v27.3 - https:\/\/yoast.com\/product\/yoast-seo-wordpress\/ -->\n<title>Bus from Accra to Sunyani Bus Tickets, Route, Fare &amp; Schedule<\/title>\n<meta name=\"description\" content=\"Looking for bus from\u00a0Accra to Sunyani\u00a0bus tickets booking, routes, schedules &amp; fares? Book cheap bus tickets from Accra to Sunyani\u00a0online now\" \/>\n<meta name=\"robots\" content=\"index, follow, max-snippet:-1, max-image-preview:large, max-video-preview:-1\" \/>\n<link rel=\"canonical\" href=\"https:\/\/tiketi.com\/fr-fr\/bus-from-accra-to-sunyani-bus-tickets-route-fare-schedule\/\" \/>\n<meta property=\"og:locale\" content=\"fr_FR\" \/>\n<meta property=\"og:type\" content=\"article\" \/>\n<meta property=\"og:title\" content=\"Bus from Accra to Sunyani Bus Tickets, Route, Fare &amp; Schedule\" \/>\n<meta property=\"og:description\" content=\"Looking for bus from\u00a0Accra to Sunyani\u00a0bus tickets booking, routes, schedules &amp; fares? Book cheap bus tickets from Accra to Sunyani\u00a0online now\" \/>\n<meta property=\"og:url\" content=\"https:\/\/tiketi.com\/fr-fr\/bus-from-accra-to-sunyani-bus-tickets-route-fare-schedule\/\" \/>\n<meta property=\"og:site_name\" content=\"Tiketi.com\" \/>\n<meta property=\"article:publisher\" content=\"https:\/\/www.facebook.com\/TiketiCom\/\" \/>\n<meta property=\"article:modified_time\" content=\"2022-01-19T11:54:42+00:00\" \/>\n<meta property=\"og:image\" content=\"https:\/\/tiketi.com\/wp-content\/uploads\/2022\/01\/bus-ticket-online-booking.jpg\" \/>\n\t<meta property=\"og:image:width\" content=\"1200\" \/>\n\t<meta property=\"og:image:height\" content=\"206\" \/>\n\t<meta property=\"og:image:type\" content=\"image\/jpeg\" \/>\n<meta name=\"twitter:card\" content=\"summary_large_image\" \/>\n<meta name=\"twitter:label1\" content=\"Dur\u00e9e de lecture estim\u00e9e\" \/>\n\t<meta name=\"twitter:data1\" content=\"2 minutes\" \/>\n<script type=\"application\/ld+json\" class=\"yoast-schema-graph\">{\"@context\":\"https:\\\/\\\/schema.org\",\"@graph\":[{\"@type\":\"WebPage\",\"@id\":\"https:\\\/\\\/tiketi.com\\\/bus-from-accra-to-sunyani-bus-tickets-route-fare-schedule\\\/\",\"url\":\"https:\\\/\\\/tiketi.com\\\/bus-from-accra-to-sunyani-bus-tickets-route-fare-schedule\\\/\",\"name\":\"Bus from Accra to Sunyani Bus Tickets, Route, Fare & Schedule\",\"isPartOf\":{\"@id\":\"https:\\\/\\\/tiketi.com\\\/#website\"},\"primaryImageOfPage\":{\"@id\":\"https:\\\/\\\/tiketi.com\\\/bus-from-accra-to-sunyani-bus-tickets-route-fare-schedule\\\/#primaryimage\"},\"image\":{\"@id\":\"https:\\\/\\\/tiketi.com\\\/bus-from-accra-to-sunyani-bus-tickets-route-fare-schedule\\\/#primaryimage\"},\"thumbnailUrl\":\"https:\\\/\\\/tiketi.com\\\/wp-content\\\/uploads\\\/2022\\\/01\\\/bus-ticket-online-booking.jpg\",\"datePublished\":\"2022-01-19T11:54:41+00:00\",\"dateModified\":\"2022-01-19T11:54:42+00:00\",\"description\":\"Looking for bus from\u00a0Accra to Sunyani\u00a0bus tickets booking, routes, schedules & fares? Book cheap bus tickets from Accra to Sunyani\u00a0online now\",\"breadcrumb\":{\"@id\":\"https:\\\/\\\/tiketi.com\\\/bus-from-accra-to-sunyani-bus-tickets-route-fare-schedule\\\/#breadcrumb\"},\"inLanguage\":\"fr-FR\",\"potentialAction\":[{\"@type\":\"ReadAction\",\"target\":[\"https:\\\/\\\/tiketi.com\\\/bus-from-accra-to-sunyani-bus-tickets-route-fare-schedule\\\/\"]}]},{\"@type\":\"ImageObject\",\"inLanguage\":\"fr-FR\",\"@id\":\"https:\\\/\\\/tiketi.com\\\/bus-from-accra-to-sunyani-bus-tickets-route-fare-schedule\\\/#primaryimage\",\"url\":\"https:\\\/\\\/tiketi.com\\\/wp-content\\\/uploads\\\/2022\\\/01\\\/bus-ticket-online-booking.jpg\",\"contentUrl\":\"https:\\\/\\\/tiketi.com\\\/wp-content\\\/uploads\\\/2022\\\/01\\\/bus-ticket-online-booking.jpg\",\"width\":1200,\"height\":206,\"caption\":\"Online Bus Ticket Booking\"},{\"@type\":\"BreadcrumbList\",\"@id\":\"https:\\\/\\\/tiketi.com\\\/bus-from-accra-to-sunyani-bus-tickets-route-fare-schedule\\\/#breadcrumb\",\"itemListElement\":[{\"@type\":\"ListItem\",\"position\":1,\"name\":\"Home\",\"item\":\"https:\\\/\\\/tiketi.com\\\/\"},{\"@type\":\"ListItem\",\"position\":2,\"name\":\"Bus from Accra to Sunyani Bus Tickets, Route, Fare &#038; Schedule\"}]},{\"@type\":\"WebSite\",\"@id\":\"https:\\\/\\\/tiketi.com\\\/#website\",\"url\":\"https:\\\/\\\/tiketi.com\\\/\",\"name\":\"Flight & Bus Tickets, Tour Packages & Activitites - Tiketi.com\",\"description\":\"Flight &amp; Bus Tickets, Tours, Activitites\",\"publisher\":{\"@id\":\"https:\\\/\\\/tiketi.com\\\/#organization\"},\"potentialAction\":[{\"@type\":\"SearchAction\",\"target\":{\"@type\":\"EntryPoint\",\"urlTemplate\":\"https:\\\/\\\/tiketi.com\\\/?s={search_term_string}\"},\"query-input\":{\"@type\":\"PropertyValueSpecification\",\"valueRequired\":true,\"valueName\":\"search_term_string\"}}],\"inLanguage\":\"fr-FR\"},{\"@type\":\"Organization\",\"@id\":\"https:\\\/\\\/tiketi.com\\\/#organization\",\"name\":\"Tiketi.com\",\"alternateName\":\"Tiketi\",\"url\":\"https:\\\/\\\/tiketi.com\\\/\",\"logo\":{\"@type\":\"ImageObject\",\"inLanguage\":\"fr-FR\",\"@id\":\"https:\\\/\\\/tiketi.com\\\/#\\\/schema\\\/logo\\\/image\\\/\",\"url\":\"https:\\\/\\\/tiketi.com\\\/wp-content\\\/uploads\\\/2019\\\/05\\\/tiketi-logo-696.png\",\"contentUrl\":\"https:\\\/\\\/tiketi.com\\\/wp-content\\\/uploads\\\/2019\\\/05\\\/tiketi-logo-696.png\",\"width\":696,\"height\":696,\"caption\":\"Tiketi.com\"},\"image\":{\"@id\":\"https:\\\/\\\/tiketi.com\\\/#\\\/schema\\\/logo\\\/image\\\/\"},\"sameAs\":[\"https:\\\/\\\/www.facebook.com\\\/TiketiCom\\\/\"]}]}<\/script>\n<!-- \/ Yoast SEO plugin. -->","yoast_head_json":{"title":"Bus de Accra \u00e0 Sunyani Billets de bus, itin\u00e9raire, tarifs et horaires","description":"Vous recherchez des billets de bus de Accra \u00e0 Sunyani, des itin\u00e9raires, des horaires et des tarifs de bus ? R\u00e9servez en ligne maintenant des billets de bus \u00e0 bas prix de Accra \u00e0 Sunyani","robots":{"index":"index","follow":"follow","max-snippet":"max-snippet:-1","max-image-preview":"max-image-preview:large","max-video-preview":"max-video-preview:-1"},"canonical":"https:\/\/tiketi.com\/fr-fr\/bus-from-accra-to-sunyani-bus-tickets-route-fare-schedule\/","og_locale":"fr_FR","og_type":"article","og_title":"Bus from Accra to Sunyani Bus Tickets, Route, Fare & Schedule","og_description":"Looking for bus from\u00a0Accra to Sunyani\u00a0bus tickets booking, routes, schedules & fares? Book cheap bus tickets from Accra to Sunyani\u00a0online now","og_url":"https:\/\/tiketi.com\/fr-fr\/bus-from-accra-to-sunyani-bus-tickets-route-fare-schedule\/","og_site_name":"Tiketi.com","article_publisher":"https:\/\/www.facebook.com\/TiketiCom\/","article_modified_time":"2022-01-19T11:54:42+00:00","og_image":[{"width":1200,"height":206,"url":"https:\/\/tiketi.com\/wp-content\/uploads\/2022\/01\/bus-ticket-online-booking.jpg","type":"image\/jpeg"}],"twitter_card":"summary_large_image","twitter_misc":{"Dur\u00e9e de lecture estim\u00e9e":"2 minutes"},"schema":{"@context":"https:\/\/schema.org","@graph":[{"@type":"WebPage","@id":"https:\/\/tiketi.com\/bus-from-accra-to-sunyani-bus-tickets-route-fare-schedule\/","url":"https:\/\/tiketi.com\/bus-from-accra-to-sunyani-bus-tickets-route-fare-schedule\/","name":"Bus de Accra \u00e0 Sunyani Billets de bus, itin\u00e9raire, tarifs et horaires","isPartOf":{"@id":"https:\/\/tiketi.com\/#website"},"primaryImageOfPage":{"@id":"https:\/\/tiketi.com\/bus-from-accra-to-sunyani-bus-tickets-route-fare-schedule\/#primaryimage"},"image":{"@id":"https:\/\/tiketi.com\/bus-from-accra-to-sunyani-bus-tickets-route-fare-schedule\/#primaryimage"},"thumbnailUrl":"https:\/\/tiketi.com\/wp-content\/uploads\/2022\/01\/bus-ticket-online-booking.jpg","datePublished":"2022-01-19T11:54:41+00:00","dateModified":"2022-01-19T11:54:42+00:00","description":"Vous recherchez des billets de bus de Accra \u00e0 Sunyani, des itin\u00e9raires, des horaires et des tarifs de bus ? R\u00e9servez en ligne maintenant des billets de bus \u00e0 bas prix de Accra \u00e0 Sunyani","breadcrumb":{"@id":"https:\/\/tiketi.com\/bus-from-accra-to-sunyani-bus-tickets-route-fare-schedule\/#breadcrumb"},"inLanguage":"fr-FR","potentialAction":[{"@type":"ReadAction","target":["https:\/\/tiketi.com\/bus-from-accra-to-sunyani-bus-tickets-route-fare-schedule\/"]}]},{"@type":"ImageObject","inLanguage":"fr-FR","@id":"https:\/\/tiketi.com\/bus-from-accra-to-sunyani-bus-tickets-route-fare-schedule\/#primaryimage","url":"https:\/\/tiketi.com\/wp-content\/uploads\/2022\/01\/bus-ticket-online-booking.jpg","contentUrl":"https:\/\/tiketi.com\/wp-content\/uploads\/2022\/01\/bus-ticket-online-booking.jpg","width":1200,"height":206,"caption":"Online Bus Ticket Booking"},{"@type":"BreadcrumbList","@id":"https:\/\/tiketi.com\/bus-from-accra-to-sunyani-bus-tickets-route-fare-schedule\/#breadcrumb","itemListElement":[{"@type":"ListItem","position":1,"name":"Home","item":"https:\/\/tiketi.com\/"},{"@type":"ListItem","position":2,"name":"Bus from Accra to Sunyani Bus Tickets, Route, Fare &#038; Schedule"}]},{"@type":"WebSite","@id":"https:\/\/tiketi.com\/#website","url":"https:\/\/tiketi.com\/","name":"Billets d&#039;avion et de bus, forfaits touristiques et activit\u00e9s - Tiketi.com","description":"Billets d&#039;avion et de bus, Tours, Activit\u00e9s","publisher":{"@id":"https:\/\/tiketi.com\/#organization"},"potentialAction":[{"@type":"SearchAction","target":{"@type":"EntryPoint","urlTemplate":"https:\/\/tiketi.com\/?s={search_term_string}"},"query-input":{"@type":"PropertyValueSpecification","valueRequired":true,"valueName":"search_term_string"}}],"inLanguage":"fr-FR"},{"@type":"Organization","@id":"https:\/\/tiketi.com\/#organization","name":"Tiketi.com","alternateName":"Tiketi","url":"https:\/\/tiketi.com\/","logo":{"@type":"ImageObject","inLanguage":"fr-FR","@id":"https:\/\/tiketi.com\/#\/schema\/logo\/image\/","url":"https:\/\/tiketi.com\/wp-content\/uploads\/2019\/05\/tiketi-logo-696.png","contentUrl":"https:\/\/tiketi.com\/wp-content\/uploads\/2019\/05\/tiketi-logo-696.png","width":696,"height":696,"caption":"Tiketi.com"},"image":{"@id":"https:\/\/tiketi.com\/#\/schema\/logo\/image\/"},"sameAs":["https:\/\/www.facebook.com\/TiketiCom\/"]}]}},"_links":{"self":[{"href":"https:\/\/tiketi.com\/fr-fr\/wp-json\/wp\/v2\/pages\/11461","targetHints":{"allow":["GET"]}}],"collection":[{"href":"https:\/\/tiketi.com\/fr-fr\/wp-json\/wp\/v2\/pages"}],"about":[{"href":"https:\/\/tiketi.com\/fr-fr\/wp-json\/wp\/v2\/types\/page"}],"author":[{"embeddable":true,"href":"https:\/\/tiketi.com\/fr-fr\/wp-json\/wp\/v2\/users\/1"}],"replies":[{"embeddable":true,"href":"https:\/\/tiketi.com\/fr-fr\/wp-json\/wp\/v2\/comments?post=11461"}],"version-history":[{"count":0,"href":"https:\/\/tiketi.com\/fr-fr\/wp-json\/wp\/v2\/pages\/11461\/revisions"}],"wp:featuredmedia":[{"embeddable":true,"href":"https:\/\/tiketi.com\/fr-fr\/wp-json\/wp\/v2\/media\/13999"}],"wp:attachment":[{"href":"https:\/\/tiketi.com\/fr-fr\/wp-json\/wp\/v2\/media?parent=11461"}],"curies":[{"name":"wp","href":"https:\/\/api.w.org\/{rel}","templated":true}]}}