{"id":11463,"date":"2022-01-19T12:54:41","date_gmt":"2022-01-19T11:54:41","guid":{"rendered":"https:\/\/new.tiketi.com\/bus-from-accra-to-cape-coast-bus-tickets-fare-schedule-route\/"},"modified":"2022-01-26T16:46:00","modified_gmt":"2022-01-26T15:46:00","slug":"online-bus-tickets-from-accra-to-cape-coast","status":"publish","type":"page","link":"https:\/\/tiketi.com\/fr-fr\/online-bus-tickets-from-accra-to-cape-coast\/","title":{"rendered":"Bus de Accra \u00e0 Cape Coast, billets de bus, tarif, horaires et itin\u00e9raire"},"content":{"rendered":"<h2>Billets de bus pas chers de Accra \u00e0 Cape Coast R\u00e9servation en ligne<\/h2>\n<h3>D\u00e9couvrez votre itin\u00e9raire sur le web, le mobile ou l&#039;application et r\u00e9servez en ligne maintenant un billet de bus pas cher de Accra \u00e0 Cape Coast.<\/h3>\n<p>R\u00e9servez en ligne des billets de bus pas chers d&#039;Accra \u00e0 Cape Coast et voyagez d&#039;Accra \u00e0 Cape Coast par la route. Cape Coast est l&#039;un des endroits les plus importants d&#039;Afrique sur le plan culturel. Cette ancienne capitale coloniale occidentale, en fait nomm\u00e9e Cabo Corso par les Portugais, \u00e9tait autrefois le plus grand centre de traite des esclaves d&#039;Afrique de l&#039;Ouest. Au plus fort de la traite des esclaves, il a trouv\u00e9 un lieu de travail dans des endroits aussi \u00e9loign\u00e9s que le Burkina Faso et le Niger, et les esclaves \u00e9taient enferm\u00e9s dans les entrailles de l&#039;imposant ch\u00e2teau de Cape Coast. Voici le guide sur la fa\u00e7on de r\u00e9server des billets de bus d&#039;Accra \u00e0 Cape Coast :<\/p>\n<h2>Bus de Accra \u00e0 Cape Coast R\u00e9servation de billets de bus, itin\u00e9raires, horaires et tarifs FAQ<\/h2>\n<h3>Le bus d&#039;Accra \u00e0 Cape Coast est-il le moyen le plus \u00e9conomique de se rendre \u00e0 Cape Coast depuis Accra ?<\/h3>\n<p>Le moyen abordable de se rendre d&#039;Accra \u00e0 Cape Coast en bus. Des billets de bus pas chers de Accra \u00e0 Cape Coast $6 et dure 2h.<\/p>\n<h3>Quel est le moyen le plus rapide pour se rendre de Accra \u00e0 Cape Coast ?<\/h3>\n<p>Le moyen le plus rapide pour se rendre de Accra \u00e0 Cape Coast en bus. Accra \u00e0 Cape Coast bus tarif $6 et prend 2h.<\/p>\n<h3>Y a-t-il un bus direct de Accra \u00e0 Cape Coast ?<\/h3>\n<p>Oui, il y a un bus direct d&#039;Accra \u00e0 Cape Coast. Les services partent deux par jour, et op\u00e8rent du lundi au samedi. Le trajet dure environ 2h.<\/p>\n<h3>O\u00f9 prendre le bus depuis Accra pour Cape Coast ?<\/h3>\n<p>Les services de bus d&#039;Accra \u00e0 Cape Coast, g\u00e9r\u00e9s par des autocars Intercity STC, partent de la gare d&#039;Accra.<\/p>\n<h2>Billets de bus de Accra \u00e0 Cape Coast<\/h2>\n<p>Le ch\u00e2teau de Cape Coast est la plus grande attraction touristique de Cape Coast. Il est construit sur un rocher dans la mer et est bord\u00e9 sur 3 c\u00f4t\u00e9s par le charmant golfe bleu de Guin\u00e9e. Des milliers d&#039;esclaves ont \u00e9t\u00e9 emprisonn\u00e9s dans les cachots du ch\u00e2teau, attendant leur passage par la \u00abporte du non-retour\u00bb qui \u00e9tait le chemin de leur d\u00e9part sans navires vers le nouveau globe. Les visiteurs sortent des donjons avec une vue remarquable sur les bateaux de p\u00eache. Les bateaux de p\u00eache sont parmi les endroits les plus photographi\u00e9s au Ghana.<\/p>","protected":false},"excerpt":{"rendered":"<p>Cheap Bus Tickets from\u00a0Accra to Cape Coast Online Booking Discover your travel route on web, mobile or app and book cheap bus ticket from Accra to Cape Coast online now. Do cheap bus from Accra to Cape Coast bus tickets online booking and travel Accra to Cape Coast by road.\u00a0Cape Coast is one of Africa [&hellip;]<\/p>\n","protected":false},"author":1,"featured_media":13999,"parent":0,"menu_order":0,"comment_status":"open","ping_status":"closed","template":"template-home-modern.php","meta":{"footnotes":""},"class_list":["post-11463","page","type-page","status-publish","has-post-thumbnail","hentry"],"yoast_head":"<!-- This site is optimized with the Yoast SEO plugin v27.3 - https:\/\/yoast.com\/product\/yoast-seo-wordpress\/ -->\n<title>Bus from Accra to Cape Coast Bus Tickets, Fare, Schedule &amp; Route<\/title>\n<meta name=\"description\" content=\"Looking for bus from\u00a0Accra to Cape Coast bus booking app, routes, schedules &amp; fares? Book cheap bus tickets from Accra to Cape Coast online\" \/>\n<meta name=\"robots\" content=\"index, follow, max-snippet:-1, max-image-preview:large, max-video-preview:-1\" \/>\n<link rel=\"canonical\" href=\"https:\/\/tiketi.com\/fr-fr\/online-bus-tickets-from-accra-to-cape-coast\/\" \/>\n<meta property=\"og:locale\" content=\"fr_FR\" \/>\n<meta property=\"og:type\" content=\"article\" \/>\n<meta property=\"og:title\" content=\"Bus from Accra to Cape Coast Bus Tickets, Fare, Schedule &amp; Route\" \/>\n<meta property=\"og:description\" content=\"Looking for bus from\u00a0Accra to Cape Coast bus booking app, routes, schedules &amp; fares? Book cheap bus tickets from Accra to Cape Coast online\" \/>\n<meta property=\"og:url\" content=\"https:\/\/tiketi.com\/fr-fr\/online-bus-tickets-from-accra-to-cape-coast\/\" \/>\n<meta property=\"og:site_name\" content=\"Tiketi.com\" \/>\n<meta property=\"article:publisher\" content=\"https:\/\/www.facebook.com\/TiketiCom\/\" \/>\n<meta property=\"article:modified_time\" content=\"2022-01-26T15:46:00+00:00\" \/>\n<meta property=\"og:image\" content=\"https:\/\/tiketi.com\/wp-content\/uploads\/2022\/01\/bus-ticket-online-booking.jpg\" \/>\n\t<meta property=\"og:image:width\" content=\"1200\" \/>\n\t<meta property=\"og:image:height\" content=\"206\" \/>\n\t<meta property=\"og:image:type\" content=\"image\/jpeg\" \/>\n<meta name=\"twitter:card\" content=\"summary_large_image\" \/>\n<meta name=\"twitter:label1\" content=\"Dur\u00e9e de lecture estim\u00e9e\" \/>\n\t<meta name=\"twitter:data1\" content=\"2 minutes\" \/>\n<script type=\"application\/ld+json\" class=\"yoast-schema-graph\">{\"@context\":\"https:\\\/\\\/schema.org\",\"@graph\":[{\"@type\":\"WebPage\",\"@id\":\"https:\\\/\\\/tiketi.com\\\/online-bus-tickets-from-accra-to-cape-coast\\\/\",\"url\":\"https:\\\/\\\/tiketi.com\\\/online-bus-tickets-from-accra-to-cape-coast\\\/\",\"name\":\"Bus from Accra to Cape Coast Bus Tickets, Fare, Schedule & Route\",\"isPartOf\":{\"@id\":\"https:\\\/\\\/tiketi.com\\\/#website\"},\"primaryImageOfPage\":{\"@id\":\"https:\\\/\\\/tiketi.com\\\/online-bus-tickets-from-accra-to-cape-coast\\\/#primaryimage\"},\"image\":{\"@id\":\"https:\\\/\\\/tiketi.com\\\/online-bus-tickets-from-accra-to-cape-coast\\\/#primaryimage\"},\"thumbnailUrl\":\"https:\\\/\\\/tiketi.com\\\/wp-content\\\/uploads\\\/2022\\\/01\\\/bus-ticket-online-booking.jpg\",\"datePublished\":\"2022-01-19T11:54:41+00:00\",\"dateModified\":\"2022-01-26T15:46:00+00:00\",\"description\":\"Looking for bus from\u00a0Accra to Cape Coast bus booking app, routes, schedules & fares? Book cheap bus tickets from Accra to Cape Coast online\",\"breadcrumb\":{\"@id\":\"https:\\\/\\\/tiketi.com\\\/online-bus-tickets-from-accra-to-cape-coast\\\/#breadcrumb\"},\"inLanguage\":\"fr-FR\",\"potentialAction\":[{\"@type\":\"ReadAction\",\"target\":[\"https:\\\/\\\/tiketi.com\\\/online-bus-tickets-from-accra-to-cape-coast\\\/\"]}]},{\"@type\":\"ImageObject\",\"inLanguage\":\"fr-FR\",\"@id\":\"https:\\\/\\\/tiketi.com\\\/online-bus-tickets-from-accra-to-cape-coast\\\/#primaryimage\",\"url\":\"https:\\\/\\\/tiketi.com\\\/wp-content\\\/uploads\\\/2022\\\/01\\\/bus-ticket-online-booking.jpg\",\"contentUrl\":\"https:\\\/\\\/tiketi.com\\\/wp-content\\\/uploads\\\/2022\\\/01\\\/bus-ticket-online-booking.jpg\",\"width\":1200,\"height\":206,\"caption\":\"Online Bus Ticket Booking\"},{\"@type\":\"BreadcrumbList\",\"@id\":\"https:\\\/\\\/tiketi.com\\\/online-bus-tickets-from-accra-to-cape-coast\\\/#breadcrumb\",\"itemListElement\":[{\"@type\":\"ListItem\",\"position\":1,\"name\":\"Home\",\"item\":\"https:\\\/\\\/tiketi.com\\\/\"},{\"@type\":\"ListItem\",\"position\":2,\"name\":\"Bus from Accra to Cape Coast, Bus Tickets, Fare, Schedule &#038; Route\"}]},{\"@type\":\"WebSite\",\"@id\":\"https:\\\/\\\/tiketi.com\\\/#website\",\"url\":\"https:\\\/\\\/tiketi.com\\\/\",\"name\":\"Flight & Bus Tickets, Tour Packages & Activitites - Tiketi.com\",\"description\":\"Flight &amp; Bus Tickets, Tours, Activitites\",\"publisher\":{\"@id\":\"https:\\\/\\\/tiketi.com\\\/#organization\"},\"potentialAction\":[{\"@type\":\"SearchAction\",\"target\":{\"@type\":\"EntryPoint\",\"urlTemplate\":\"https:\\\/\\\/tiketi.com\\\/?s={search_term_string}\"},\"query-input\":{\"@type\":\"PropertyValueSpecification\",\"valueRequired\":true,\"valueName\":\"search_term_string\"}}],\"inLanguage\":\"fr-FR\"},{\"@type\":\"Organization\",\"@id\":\"https:\\\/\\\/tiketi.com\\\/#organization\",\"name\":\"Tiketi.com\",\"alternateName\":\"Tiketi\",\"url\":\"https:\\\/\\\/tiketi.com\\\/\",\"logo\":{\"@type\":\"ImageObject\",\"inLanguage\":\"fr-FR\",\"@id\":\"https:\\\/\\\/tiketi.com\\\/#\\\/schema\\\/logo\\\/image\\\/\",\"url\":\"https:\\\/\\\/tiketi.com\\\/wp-content\\\/uploads\\\/2019\\\/05\\\/tiketi-logo-696.png\",\"contentUrl\":\"https:\\\/\\\/tiketi.com\\\/wp-content\\\/uploads\\\/2019\\\/05\\\/tiketi-logo-696.png\",\"width\":696,\"height\":696,\"caption\":\"Tiketi.com\"},\"image\":{\"@id\":\"https:\\\/\\\/tiketi.com\\\/#\\\/schema\\\/logo\\\/image\\\/\"},\"sameAs\":[\"https:\\\/\\\/www.facebook.com\\\/TiketiCom\\\/\"]}]}<\/script>\n<!-- \/ Yoast SEO plugin. -->","yoast_head_json":{"title":"Bus de Accra \u00e0 Cape Coast Billets de bus, tarif, horaires et itin\u00e9raire","description":"\u00c0 la recherche d&#039;une application de r\u00e9servation de bus de Accra \u00e0 Cape Coast, des itin\u00e9raires, des horaires et des tarifs\u00a0? R\u00e9servez en ligne des billets de bus de Accra \u00e0 Cape Coast","robots":{"index":"index","follow":"follow","max-snippet":"max-snippet:-1","max-image-preview":"max-image-preview:large","max-video-preview":"max-video-preview:-1"},"canonical":"https:\/\/tiketi.com\/fr-fr\/online-bus-tickets-from-accra-to-cape-coast\/","og_locale":"fr_FR","og_type":"article","og_title":"Bus from Accra to Cape Coast Bus Tickets, Fare, Schedule & Route","og_description":"Looking for bus from\u00a0Accra to Cape Coast bus booking app, routes, schedules & fares? Book cheap bus tickets from Accra to Cape Coast online","og_url":"https:\/\/tiketi.com\/fr-fr\/online-bus-tickets-from-accra-to-cape-coast\/","og_site_name":"Tiketi.com","article_publisher":"https:\/\/www.facebook.com\/TiketiCom\/","article_modified_time":"2022-01-26T15:46:00+00:00","og_image":[{"width":1200,"height":206,"url":"https:\/\/tiketi.com\/wp-content\/uploads\/2022\/01\/bus-ticket-online-booking.jpg","type":"image\/jpeg"}],"twitter_card":"summary_large_image","twitter_misc":{"Dur\u00e9e de lecture estim\u00e9e":"2 minutes"},"schema":{"@context":"https:\/\/schema.org","@graph":[{"@type":"WebPage","@id":"https:\/\/tiketi.com\/online-bus-tickets-from-accra-to-cape-coast\/","url":"https:\/\/tiketi.com\/online-bus-tickets-from-accra-to-cape-coast\/","name":"Bus de Accra \u00e0 Cape Coast Billets de bus, tarif, horaires et itin\u00e9raire","isPartOf":{"@id":"https:\/\/tiketi.com\/#website"},"primaryImageOfPage":{"@id":"https:\/\/tiketi.com\/online-bus-tickets-from-accra-to-cape-coast\/#primaryimage"},"image":{"@id":"https:\/\/tiketi.com\/online-bus-tickets-from-accra-to-cape-coast\/#primaryimage"},"thumbnailUrl":"https:\/\/tiketi.com\/wp-content\/uploads\/2022\/01\/bus-ticket-online-booking.jpg","datePublished":"2022-01-19T11:54:41+00:00","dateModified":"2022-01-26T15:46:00+00:00","description":"\u00c0 la recherche d&#039;une application de r\u00e9servation de bus de Accra \u00e0 Cape Coast, des itin\u00e9raires, des horaires et des tarifs\u00a0? R\u00e9servez en ligne des billets de bus de Accra \u00e0 Cape Coast","breadcrumb":{"@id":"https:\/\/tiketi.com\/online-bus-tickets-from-accra-to-cape-coast\/#breadcrumb"},"inLanguage":"fr-FR","potentialAction":[{"@type":"ReadAction","target":["https:\/\/tiketi.com\/online-bus-tickets-from-accra-to-cape-coast\/"]}]},{"@type":"ImageObject","inLanguage":"fr-FR","@id":"https:\/\/tiketi.com\/online-bus-tickets-from-accra-to-cape-coast\/#primaryimage","url":"https:\/\/tiketi.com\/wp-content\/uploads\/2022\/01\/bus-ticket-online-booking.jpg","contentUrl":"https:\/\/tiketi.com\/wp-content\/uploads\/2022\/01\/bus-ticket-online-booking.jpg","width":1200,"height":206,"caption":"Online Bus Ticket Booking"},{"@type":"BreadcrumbList","@id":"https:\/\/tiketi.com\/online-bus-tickets-from-accra-to-cape-coast\/#breadcrumb","itemListElement":[{"@type":"ListItem","position":1,"name":"Home","item":"https:\/\/tiketi.com\/"},{"@type":"ListItem","position":2,"name":"Bus from Accra to Cape Coast, Bus Tickets, Fare, Schedule &#038; Route"}]},{"@type":"WebSite","@id":"https:\/\/tiketi.com\/#website","url":"https:\/\/tiketi.com\/","name":"Billets d&#039;avion et de bus, forfaits touristiques et activit\u00e9s - Tiketi.com","description":"Billets d&#039;avion et de bus, Tours, Activit\u00e9s","publisher":{"@id":"https:\/\/tiketi.com\/#organization"},"potentialAction":[{"@type":"SearchAction","target":{"@type":"EntryPoint","urlTemplate":"https:\/\/tiketi.com\/?s={search_term_string}"},"query-input":{"@type":"PropertyValueSpecification","valueRequired":true,"valueName":"search_term_string"}}],"inLanguage":"fr-FR"},{"@type":"Organization","@id":"https:\/\/tiketi.com\/#organization","name":"Tiketi.com","alternateName":"Tiketi","url":"https:\/\/tiketi.com\/","logo":{"@type":"ImageObject","inLanguage":"fr-FR","@id":"https:\/\/tiketi.com\/#\/schema\/logo\/image\/","url":"https:\/\/tiketi.com\/wp-content\/uploads\/2019\/05\/tiketi-logo-696.png","contentUrl":"https:\/\/tiketi.com\/wp-content\/uploads\/2019\/05\/tiketi-logo-696.png","width":696,"height":696,"caption":"Tiketi.com"},"image":{"@id":"https:\/\/tiketi.com\/#\/schema\/logo\/image\/"},"sameAs":["https:\/\/www.facebook.com\/TiketiCom\/"]}]}},"_links":{"self":[{"href":"https:\/\/tiketi.com\/fr-fr\/wp-json\/wp\/v2\/pages\/11463","targetHints":{"allow":["GET"]}}],"collection":[{"href":"https:\/\/tiketi.com\/fr-fr\/wp-json\/wp\/v2\/pages"}],"about":[{"href":"https:\/\/tiketi.com\/fr-fr\/wp-json\/wp\/v2\/types\/page"}],"author":[{"embeddable":true,"href":"https:\/\/tiketi.com\/fr-fr\/wp-json\/wp\/v2\/users\/1"}],"replies":[{"embeddable":true,"href":"https:\/\/tiketi.com\/fr-fr\/wp-json\/wp\/v2\/comments?post=11463"}],"version-history":[{"count":0,"href":"https:\/\/tiketi.com\/fr-fr\/wp-json\/wp\/v2\/pages\/11463\/revisions"}],"wp:featuredmedia":[{"embeddable":true,"href":"https:\/\/tiketi.com\/fr-fr\/wp-json\/wp\/v2\/media\/13999"}],"wp:attachment":[{"href":"https:\/\/tiketi.com\/fr-fr\/wp-json\/wp\/v2\/media?parent=11463"}],"curies":[{"name":"wp","href":"https:\/\/api.w.org\/{rel}","templated":true}]}}