{"id":11466,"date":"2022-01-19T12:54:41","date_gmt":"2022-01-19T11:54:41","guid":{"rendered":"https:\/\/new.tiketi.com\/bus-from-kampala-to-masindi-bus-tickets-fare-schedule-route\/"},"modified":"2022-01-28T20:38:54","modified_gmt":"2022-01-28T19:38:54","slug":"online-bus-tickets-from-kampala-to-masindi","status":"publish","type":"page","link":"https:\/\/tiketi.com\/fr-fr\/online-bus-tickets-from-kampala-to-masindi\/","title":{"rendered":"Bus de Kampala \u00e0 Masindi Billets de bus, tarif, horaires et itin\u00e9raire"},"content":{"rendered":"<h2>Billets de bus pas chers de Kampala \u00e0 Masindi R\u00e9servation en ligne<\/h2>\n<h3>D\u00e9couvrez votre itin\u00e9raire sur le web, le mobile ou l&#039;application et r\u00e9servez en ligne maintenant un billet de bus pas cher de Kampala \u00e0 Masindi.<\/h3>\n<p>R\u00e9servez en ligne des billets de bus pas chers de Kampala \u00e0 Masindi et voyagez de Kampala \u00e0 Masindi par la route. Masinda est une petite ville situ\u00e9e dans la partie nord-ouest de l&#039;Ouganda. Vous pouvez vous rendre \u00e0 Masindi depuis la route principale menant \u00e0 la capitale du pays, Kampala. Voici le guide sur la fa\u00e7on de r\u00e9server des billets de bus de Kampala \u00e0 Masindi :<\/p>\n<h2>Bus de Kampala \u00e0 Masindi R\u00e9servation de billets de bus, itin\u00e9raires, horaires et tarifs FAQ<\/h2>\n<h3>Quel est le moyen abordable pour se rendre de Kampala \u00e0 Masindi ?<\/h3>\n<p>Le moyen abordable de se rendre de Kampala \u00e0 Masindi en bus. Les billets de bus pas chers de Kampala \u00e0 Masindi $18 \u2013 $27 et dure 3h 5m.<\/p>\n<h3>Y a-t-il un bus direct entre Kampala et Masindi ?<\/h3>\n<p>Oui, il y a un bus direct de Kampala \u00e0 Masindi. Les services partent 5 fois par jour, et circulent tous les jours. Le trajet dure environ 3h 5m.<\/p>\n<h3>Comment se d\u00e9placer de Kampala \u00e0 Masindi sans v\u00e9hicule personnel ?<\/h3>\n<p>Le meilleur moyen pour se rendre de Kampala \u00e0 Masindi sans v\u00e9hicule personnel est de bus, ce qui dure 2h 59m et co\u00fbte.<\/p>\n<h3>O\u00f9 prendre le bus depuis Kampala pour Masindi ?<\/h3>\n<p>Les services de bus de Kampala \u00e0 Masindi, g\u00e9r\u00e9s par Link Bus services, partent de la gare de Kampala.<\/p>\n<h2>Billets de bus de Kampala \u00e0 Masindi Tips<\/h2>\n<p>Les visiteurs peuvent passer la nuit \u00e0 l&#039;h\u00f4tel Masindi, le plus ancien h\u00f4tel d&#039;Ouganda. L&#039;h\u00f4tel Masindi est en activit\u00e9 depuis 1923. Vous pouvez vous faire une id\u00e9e de l&#039;activit\u00e9 indig\u00e8ne dans la rue anim\u00e9e du march\u00e9 de Masindi un dimanche matin. Le march\u00e9, de toute fa\u00e7on, peut devenir assez encombr\u00e9, vous devez donc vous assurer que vous \u00eates confortablement v\u00eatu pour Masindi humide et chaud. N&#039;oubliez pas d&#039;apporter votre propre eau potable pour vous assurer que vous \u00eates compl\u00e8tement hydrat\u00e9 en tout temps.<\/p>\n<p>Plusieurs parcs naturels sont \u00e9galement accessibles pour les visites de visiteurs \u00e0 Masidi. Parmi ceux-ci figurent le parc national de Murchison Falls, la r\u00e9serve faunique de Bugungu et la r\u00e9serve foresti\u00e8re de Bundongo. Le palais Omukama Masindi est \u00e9galement plac\u00e9 dans cette ville paisible.<\/p>","protected":false},"excerpt":{"rendered":"<p>Cheap Bus Tickets from\u00a0Kampala to Masindi\u00a0Online Booking Discover your travel route on web, mobile or app and book cheap bus ticket from Kampala to Masindi online now. Do cheap bus from Kampala to Masindi bus tickets online booking and travel Kampala to Masindi by road.\u00a0Masinda is a little town placed at the northwestern section of [&hellip;]<\/p>\n","protected":false},"author":1,"featured_media":13999,"parent":0,"menu_order":0,"comment_status":"open","ping_status":"closed","template":"template-home-modern.php","meta":{"footnotes":""},"class_list":["post-11466","page","type-page","status-publish","has-post-thumbnail","hentry"],"yoast_head":"<!-- This site is optimized with the Yoast SEO plugin v27.3 - https:\/\/yoast.com\/product\/yoast-seo-wordpress\/ -->\n<title>Bus from Kampala to Masindi Bus Tickets, Fare, Schedule &amp; Route<\/title>\n<meta name=\"description\" content=\"Looking for bus from\u00a0Kampala to Masindi bus tickets booking app, schedule &amp; fare? Book cheap bus tickets from Kampala to Masindi online\" \/>\n<meta name=\"robots\" content=\"index, follow, max-snippet:-1, max-image-preview:large, max-video-preview:-1\" \/>\n<link rel=\"canonical\" href=\"https:\/\/tiketi.com\/fr-fr\/online-bus-tickets-from-kampala-to-masindi\/\" \/>\n<meta property=\"og:locale\" content=\"fr_FR\" \/>\n<meta property=\"og:type\" content=\"article\" \/>\n<meta property=\"og:title\" content=\"Bus from Kampala to Masindi Bus Tickets, Fare, Schedule &amp; Route\" \/>\n<meta property=\"og:description\" content=\"Looking for bus from\u00a0Kampala to Masindi bus tickets booking app, schedule &amp; fare? Book cheap bus tickets from Kampala to Masindi online\" \/>\n<meta property=\"og:url\" content=\"https:\/\/tiketi.com\/fr-fr\/online-bus-tickets-from-kampala-to-masindi\/\" \/>\n<meta property=\"og:site_name\" content=\"Tiketi.com\" \/>\n<meta property=\"article:publisher\" content=\"https:\/\/www.facebook.com\/TiketiCom\/\" \/>\n<meta property=\"article:modified_time\" content=\"2022-01-28T19:38:54+00:00\" \/>\n<meta property=\"og:image\" content=\"https:\/\/tiketi.com\/wp-content\/uploads\/2022\/01\/bus-ticket-online-booking.jpg\" \/>\n\t<meta property=\"og:image:width\" content=\"1200\" \/>\n\t<meta property=\"og:image:height\" content=\"206\" \/>\n\t<meta property=\"og:image:type\" content=\"image\/jpeg\" \/>\n<meta name=\"twitter:card\" content=\"summary_large_image\" \/>\n<meta name=\"twitter:label1\" content=\"Dur\u00e9e de lecture estim\u00e9e\" \/>\n\t<meta name=\"twitter:data1\" content=\"2 minutes\" \/>\n<script type=\"application\/ld+json\" class=\"yoast-schema-graph\">{\"@context\":\"https:\\\/\\\/schema.org\",\"@graph\":[{\"@type\":\"WebPage\",\"@id\":\"https:\\\/\\\/tiketi.com\\\/online-bus-tickets-from-kampala-to-masindi\\\/\",\"url\":\"https:\\\/\\\/tiketi.com\\\/online-bus-tickets-from-kampala-to-masindi\\\/\",\"name\":\"Bus from Kampala to Masindi Bus Tickets, Fare, Schedule & Route\",\"isPartOf\":{\"@id\":\"https:\\\/\\\/tiketi.com\\\/#website\"},\"primaryImageOfPage\":{\"@id\":\"https:\\\/\\\/tiketi.com\\\/online-bus-tickets-from-kampala-to-masindi\\\/#primaryimage\"},\"image\":{\"@id\":\"https:\\\/\\\/tiketi.com\\\/online-bus-tickets-from-kampala-to-masindi\\\/#primaryimage\"},\"thumbnailUrl\":\"https:\\\/\\\/tiketi.com\\\/wp-content\\\/uploads\\\/2022\\\/01\\\/bus-ticket-online-booking.jpg\",\"datePublished\":\"2022-01-19T11:54:41+00:00\",\"dateModified\":\"2022-01-28T19:38:54+00:00\",\"description\":\"Looking for bus from\u00a0Kampala to Masindi bus tickets booking app, schedule & fare? Book cheap bus tickets from Kampala to Masindi online\",\"breadcrumb\":{\"@id\":\"https:\\\/\\\/tiketi.com\\\/online-bus-tickets-from-kampala-to-masindi\\\/#breadcrumb\"},\"inLanguage\":\"fr-FR\",\"potentialAction\":[{\"@type\":\"ReadAction\",\"target\":[\"https:\\\/\\\/tiketi.com\\\/online-bus-tickets-from-kampala-to-masindi\\\/\"]}]},{\"@type\":\"ImageObject\",\"inLanguage\":\"fr-FR\",\"@id\":\"https:\\\/\\\/tiketi.com\\\/online-bus-tickets-from-kampala-to-masindi\\\/#primaryimage\",\"url\":\"https:\\\/\\\/tiketi.com\\\/wp-content\\\/uploads\\\/2022\\\/01\\\/bus-ticket-online-booking.jpg\",\"contentUrl\":\"https:\\\/\\\/tiketi.com\\\/wp-content\\\/uploads\\\/2022\\\/01\\\/bus-ticket-online-booking.jpg\",\"width\":1200,\"height\":206,\"caption\":\"Online Bus Ticket Booking\"},{\"@type\":\"BreadcrumbList\",\"@id\":\"https:\\\/\\\/tiketi.com\\\/online-bus-tickets-from-kampala-to-masindi\\\/#breadcrumb\",\"itemListElement\":[{\"@type\":\"ListItem\",\"position\":1,\"name\":\"Home\",\"item\":\"https:\\\/\\\/tiketi.com\\\/\"},{\"@type\":\"ListItem\",\"position\":2,\"name\":\"Bus from Kampala to Masindi Bus Tickets, Fare, Schedule &#038; Route\"}]},{\"@type\":\"WebSite\",\"@id\":\"https:\\\/\\\/tiketi.com\\\/#website\",\"url\":\"https:\\\/\\\/tiketi.com\\\/\",\"name\":\"Flight & Bus Tickets, Tour Packages & Activitites - Tiketi.com\",\"description\":\"Flight &amp; Bus Tickets, Tours, Activitites\",\"publisher\":{\"@id\":\"https:\\\/\\\/tiketi.com\\\/#organization\"},\"potentialAction\":[{\"@type\":\"SearchAction\",\"target\":{\"@type\":\"EntryPoint\",\"urlTemplate\":\"https:\\\/\\\/tiketi.com\\\/?s={search_term_string}\"},\"query-input\":{\"@type\":\"PropertyValueSpecification\",\"valueRequired\":true,\"valueName\":\"search_term_string\"}}],\"inLanguage\":\"fr-FR\"},{\"@type\":\"Organization\",\"@id\":\"https:\\\/\\\/tiketi.com\\\/#organization\",\"name\":\"Tiketi.com\",\"alternateName\":\"Tiketi\",\"url\":\"https:\\\/\\\/tiketi.com\\\/\",\"logo\":{\"@type\":\"ImageObject\",\"inLanguage\":\"fr-FR\",\"@id\":\"https:\\\/\\\/tiketi.com\\\/#\\\/schema\\\/logo\\\/image\\\/\",\"url\":\"https:\\\/\\\/tiketi.com\\\/wp-content\\\/uploads\\\/2019\\\/05\\\/tiketi-logo-696.png\",\"contentUrl\":\"https:\\\/\\\/tiketi.com\\\/wp-content\\\/uploads\\\/2019\\\/05\\\/tiketi-logo-696.png\",\"width\":696,\"height\":696,\"caption\":\"Tiketi.com\"},\"image\":{\"@id\":\"https:\\\/\\\/tiketi.com\\\/#\\\/schema\\\/logo\\\/image\\\/\"},\"sameAs\":[\"https:\\\/\\\/www.facebook.com\\\/TiketiCom\\\/\"]}]}<\/script>\n<!-- \/ Yoast SEO plugin. -->","yoast_head_json":{"title":"Bus de Kampala \u00e0 Masindi Billets de bus, tarif, horaires et itin\u00e9raire","description":"\u00c0 la recherche d&#039;une application de r\u00e9servation de billets de bus de Kampala \u00e0 Masindi en bus, des horaires et des tarifs\u00a0? R\u00e9servez en ligne des billets de bus \u00e0 bas prix de Kampala \u00e0 Masindi","robots":{"index":"index","follow":"follow","max-snippet":"max-snippet:-1","max-image-preview":"max-image-preview:large","max-video-preview":"max-video-preview:-1"},"canonical":"https:\/\/tiketi.com\/fr-fr\/online-bus-tickets-from-kampala-to-masindi\/","og_locale":"fr_FR","og_type":"article","og_title":"Bus from Kampala to Masindi Bus Tickets, Fare, Schedule & Route","og_description":"Looking for bus from\u00a0Kampala to Masindi bus tickets booking app, schedule & fare? Book cheap bus tickets from Kampala to Masindi online","og_url":"https:\/\/tiketi.com\/fr-fr\/online-bus-tickets-from-kampala-to-masindi\/","og_site_name":"Tiketi.com","article_publisher":"https:\/\/www.facebook.com\/TiketiCom\/","article_modified_time":"2022-01-28T19:38:54+00:00","og_image":[{"width":1200,"height":206,"url":"https:\/\/tiketi.com\/wp-content\/uploads\/2022\/01\/bus-ticket-online-booking.jpg","type":"image\/jpeg"}],"twitter_card":"summary_large_image","twitter_misc":{"Dur\u00e9e de lecture estim\u00e9e":"2 minutes"},"schema":{"@context":"https:\/\/schema.org","@graph":[{"@type":"WebPage","@id":"https:\/\/tiketi.com\/online-bus-tickets-from-kampala-to-masindi\/","url":"https:\/\/tiketi.com\/online-bus-tickets-from-kampala-to-masindi\/","name":"Bus de Kampala \u00e0 Masindi Billets de bus, tarif, horaires et itin\u00e9raire","isPartOf":{"@id":"https:\/\/tiketi.com\/#website"},"primaryImageOfPage":{"@id":"https:\/\/tiketi.com\/online-bus-tickets-from-kampala-to-masindi\/#primaryimage"},"image":{"@id":"https:\/\/tiketi.com\/online-bus-tickets-from-kampala-to-masindi\/#primaryimage"},"thumbnailUrl":"https:\/\/tiketi.com\/wp-content\/uploads\/2022\/01\/bus-ticket-online-booking.jpg","datePublished":"2022-01-19T11:54:41+00:00","dateModified":"2022-01-28T19:38:54+00:00","description":"\u00c0 la recherche d&#039;une application de r\u00e9servation de billets de bus de Kampala \u00e0 Masindi en bus, des horaires et des tarifs\u00a0? R\u00e9servez en ligne des billets de bus \u00e0 bas prix de Kampala \u00e0 Masindi","breadcrumb":{"@id":"https:\/\/tiketi.com\/online-bus-tickets-from-kampala-to-masindi\/#breadcrumb"},"inLanguage":"fr-FR","potentialAction":[{"@type":"ReadAction","target":["https:\/\/tiketi.com\/online-bus-tickets-from-kampala-to-masindi\/"]}]},{"@type":"ImageObject","inLanguage":"fr-FR","@id":"https:\/\/tiketi.com\/online-bus-tickets-from-kampala-to-masindi\/#primaryimage","url":"https:\/\/tiketi.com\/wp-content\/uploads\/2022\/01\/bus-ticket-online-booking.jpg","contentUrl":"https:\/\/tiketi.com\/wp-content\/uploads\/2022\/01\/bus-ticket-online-booking.jpg","width":1200,"height":206,"caption":"Online Bus Ticket Booking"},{"@type":"BreadcrumbList","@id":"https:\/\/tiketi.com\/online-bus-tickets-from-kampala-to-masindi\/#breadcrumb","itemListElement":[{"@type":"ListItem","position":1,"name":"Home","item":"https:\/\/tiketi.com\/"},{"@type":"ListItem","position":2,"name":"Bus from Kampala to Masindi Bus Tickets, Fare, Schedule &#038; Route"}]},{"@type":"WebSite","@id":"https:\/\/tiketi.com\/#website","url":"https:\/\/tiketi.com\/","name":"Billets d&#039;avion et de bus, forfaits touristiques et activit\u00e9s - Tiketi.com","description":"Billets d&#039;avion et de bus, Tours, Activit\u00e9s","publisher":{"@id":"https:\/\/tiketi.com\/#organization"},"potentialAction":[{"@type":"SearchAction","target":{"@type":"EntryPoint","urlTemplate":"https:\/\/tiketi.com\/?s={search_term_string}"},"query-input":{"@type":"PropertyValueSpecification","valueRequired":true,"valueName":"search_term_string"}}],"inLanguage":"fr-FR"},{"@type":"Organization","@id":"https:\/\/tiketi.com\/#organization","name":"Tiketi.com","alternateName":"Tiketi","url":"https:\/\/tiketi.com\/","logo":{"@type":"ImageObject","inLanguage":"fr-FR","@id":"https:\/\/tiketi.com\/#\/schema\/logo\/image\/","url":"https:\/\/tiketi.com\/wp-content\/uploads\/2019\/05\/tiketi-logo-696.png","contentUrl":"https:\/\/tiketi.com\/wp-content\/uploads\/2019\/05\/tiketi-logo-696.png","width":696,"height":696,"caption":"Tiketi.com"},"image":{"@id":"https:\/\/tiketi.com\/#\/schema\/logo\/image\/"},"sameAs":["https:\/\/www.facebook.com\/TiketiCom\/"]}]}},"_links":{"self":[{"href":"https:\/\/tiketi.com\/fr-fr\/wp-json\/wp\/v2\/pages\/11466","targetHints":{"allow":["GET"]}}],"collection":[{"href":"https:\/\/tiketi.com\/fr-fr\/wp-json\/wp\/v2\/pages"}],"about":[{"href":"https:\/\/tiketi.com\/fr-fr\/wp-json\/wp\/v2\/types\/page"}],"author":[{"embeddable":true,"href":"https:\/\/tiketi.com\/fr-fr\/wp-json\/wp\/v2\/users\/1"}],"replies":[{"embeddable":true,"href":"https:\/\/tiketi.com\/fr-fr\/wp-json\/wp\/v2\/comments?post=11466"}],"version-history":[{"count":0,"href":"https:\/\/tiketi.com\/fr-fr\/wp-json\/wp\/v2\/pages\/11466\/revisions"}],"wp:featuredmedia":[{"embeddable":true,"href":"https:\/\/tiketi.com\/fr-fr\/wp-json\/wp\/v2\/media\/13999"}],"wp:attachment":[{"href":"https:\/\/tiketi.com\/fr-fr\/wp-json\/wp\/v2\/media?parent=11466"}],"curies":[{"name":"wp","href":"https:\/\/api.w.org\/{rel}","templated":true}]}}