{"id":11467,"date":"2022-01-19T12:54:41","date_gmt":"2022-01-19T11:54:41","guid":{"rendered":"https:\/\/new.tiketi.com\/bus-from-kampala-to-kabale-bus-tickets-fare-schedule-route\/"},"modified":"2022-01-28T19:46:28","modified_gmt":"2022-01-28T18:46:28","slug":"online-bus-tickets-from-kampala-to-kabale","status":"publish","type":"page","link":"https:\/\/tiketi.com\/fr-fr\/online-bus-tickets-from-kampala-to-kabale\/","title":{"rendered":"Bus de Kampala \u00e0 Kabale Billets de bus, tarif, horaires et itin\u00e9raire"},"content":{"rendered":"<h2>Billets de bus pas chers de Kampala \u00e0 Kabale R\u00e9servation en ligne<\/h2>\n<h3>D\u00e9couvrez votre itin\u00e9raire sur le web, le mobile ou l&#039;application et r\u00e9servez en ligne maintenant un billet de bus pas cher de Kampala \u00e0 Kabale.<\/h3>\n<p>R\u00e9servez en ligne des billets de bus pas chers de Kampala \u00e0 Kabale et voyagez de Kampala \u00e0 Kabale par la route. Kabale est une ville de l&#039;ouest de l&#039;Ouganda. C&#039;est la ville cl\u00e9 du district de Kabale, et le si\u00e8ge du district y est plac\u00e9. Parfois surnomm\u00e9 \u00ab Kastone \u00bb comme dans la langue locale Rukiga, un \u00ab Kabale \u00bb est une petite pierre. Voici le guide sur la fa\u00e7on de r\u00e9server des billets de bus de Kampala \u00e0 Kabale :<\/p>\n<h2>Bus de Kampala \u00e0 Kabale R\u00e9servation de billets de bus, itin\u00e9raires, horaires et tarifs FAQ<\/h2>\n<h3>Quel est le moyen abordable pour se rendre de Kampala \u00e0 Kabale ?<\/h3>\n<p>Le moyen abordable de se rendre de Kampala \u00e0 Kabale en bus. Les billets de bus pas chers de Kampala \u00e0 Kabale $8 et dure 5h 15m.<\/p>\n<h3>Y a-t-il un bus direct entre Kampala et Kabale ?<\/h3>\n<p>Oui, il y a un bus direct de Kampala \u00e0 Kabale. Les services partent toutes les 2 heures, et circulent tous les jours. Le trajet dure 5h 15m.<\/p>\n<h3>Comment se d\u00e9placer de Kampala \u00e0 Kabale sans v\u00e9hicule personnel ?<\/h3>\n<p>Le meilleur moyen pour se rendre de Kampala \u00e0 Kabale sans v\u00e9hicule personnel est de bus via Kisoro, ce qui dure 5h 15m et co\u00fbte $8.<\/p>\n<h3>O\u00f9 prendre le bus depuis Kampala pour Kabale ?<\/h3>\n<p>Les services de bus de Kampala \u00e0 Kabale, g\u00e9r\u00e9s par, partent de la gare de Kampala.<\/p>\n<h3>Puis-je conduire de Kampala \u00e0 Kabale ?<\/h3>\n<p>Oui, la distance entre Kabale et Kampala est de 403 km. il faut environ 5h 55m pour conduire de Kampala \u00e0 Kabale.<\/p>\n<h3>O\u00f9 arrive le bus depuis Kampala pour Kabale ?<\/h3>\n<p>Les services de bus depuis Kampala jusqu&#039;\u00e0 Kabale, op\u00e9r\u00e9s par, arrivent \u00e0 la station Kisoro.<\/p>\n<h2>Billets de bus de Kampala \u00e0 Kabale Tips<\/h2>\n<p>Kabale est un lieu de s\u00e9jour et d&#039;exploration plut\u00f4t que d&#039;offrir des attractions touristiques \u00e0 part enti\u00e8re. L&#039;une des attractions les plus c\u00e9l\u00e8bres est sans aucun doute le lac Bunyonyi, un lac cr\u00e9\u00e9 il y a des millions d&#039;ann\u00e9es lorsque la lave a bloqu\u00e9 la rivi\u00e8re Kabaga cr\u00e9ant 29 \u00eeles dont certaines sont habit\u00e9es. Il abrite \u00e9galement la tristement c\u00e9l\u00e8bre \u00eele du ch\u00e2timent o\u00f9 des femmes enceintes c\u00e9libataires ont \u00e9t\u00e9 abandonn\u00e9es et laiss\u00e9es pour mortes. Le trekking des gorilles est \u00e9galement accessible bien que co\u00fbteux.<\/p>","protected":false},"excerpt":{"rendered":"<p>Cheap Bus Tickets from\u00a0Kampala to Kabale Online Booking Discover your travel route on web, mobile or app and book cheap bus ticket from Kampala to Kabale online now. Do cheap bus from Kampala to Kabale bus tickets online booking and travel Kampala to Kabale by road. Kabale is a town in the western area of [&hellip;]<\/p>\n","protected":false},"author":1,"featured_media":13999,"parent":0,"menu_order":0,"comment_status":"open","ping_status":"closed","template":"template-home-modern.php","meta":{"footnotes":""},"class_list":["post-11467","page","type-page","status-publish","has-post-thumbnail","hentry"],"yoast_head":"<!-- This site is optimized with the Yoast SEO plugin v27.4 - https:\/\/yoast.com\/product\/yoast-seo-wordpress\/ -->\n<title>Bus from Kampala to Kabale Bus Tickets, Fare, Schedule &amp; Route<\/title>\n<meta name=\"description\" content=\"Looking for bus from\u00a0Kampala to Kabale bus ticket booking app, schedule &amp; fare? Book cheap bus tickets from Kampala to Kabale online\" \/>\n<meta name=\"robots\" content=\"index, follow, max-snippet:-1, max-image-preview:large, max-video-preview:-1\" \/>\n<link rel=\"canonical\" href=\"https:\/\/tiketi.com\/fr-fr\/online-bus-tickets-from-kampala-to-kabale\/\" \/>\n<meta property=\"og:locale\" content=\"fr_FR\" \/>\n<meta property=\"og:type\" content=\"article\" \/>\n<meta property=\"og:title\" content=\"Bus from Kampala to Kabale Bus Tickets, Fare, Schedule &amp; Route\" \/>\n<meta property=\"og:description\" content=\"Looking for bus from\u00a0Kampala to Kabale bus ticket booking app, schedule &amp; fare? Book cheap bus tickets from Kampala to Kabale online\" \/>\n<meta property=\"og:url\" content=\"https:\/\/tiketi.com\/fr-fr\/online-bus-tickets-from-kampala-to-kabale\/\" \/>\n<meta property=\"og:site_name\" content=\"Tiketi.com\" \/>\n<meta property=\"article:publisher\" content=\"https:\/\/www.facebook.com\/TiketiCom\/\" \/>\n<meta property=\"article:modified_time\" content=\"2022-01-28T18:46:28+00:00\" \/>\n<meta property=\"og:image\" content=\"https:\/\/tiketi.com\/wp-content\/uploads\/2022\/01\/bus-ticket-online-booking.jpg\" \/>\n\t<meta property=\"og:image:width\" content=\"1200\" \/>\n\t<meta property=\"og:image:height\" content=\"206\" \/>\n\t<meta property=\"og:image:type\" content=\"image\/jpeg\" \/>\n<meta name=\"twitter:card\" content=\"summary_large_image\" \/>\n<meta name=\"twitter:label1\" content=\"Dur\u00e9e de lecture estim\u00e9e\" \/>\n\t<meta name=\"twitter:data1\" content=\"2 minutes\" \/>\n<script type=\"application\/ld+json\" class=\"yoast-schema-graph\">{\"@context\":\"https:\\\/\\\/schema.org\",\"@graph\":[{\"@type\":\"WebPage\",\"@id\":\"https:\\\/\\\/tiketi.com\\\/online-bus-tickets-from-kampala-to-kabale\\\/\",\"url\":\"https:\\\/\\\/tiketi.com\\\/online-bus-tickets-from-kampala-to-kabale\\\/\",\"name\":\"Bus from Kampala to Kabale Bus Tickets, Fare, Schedule & Route\",\"isPartOf\":{\"@id\":\"https:\\\/\\\/tiketi.com\\\/#website\"},\"primaryImageOfPage\":{\"@id\":\"https:\\\/\\\/tiketi.com\\\/online-bus-tickets-from-kampala-to-kabale\\\/#primaryimage\"},\"image\":{\"@id\":\"https:\\\/\\\/tiketi.com\\\/online-bus-tickets-from-kampala-to-kabale\\\/#primaryimage\"},\"thumbnailUrl\":\"https:\\\/\\\/tiketi.com\\\/wp-content\\\/uploads\\\/2022\\\/01\\\/bus-ticket-online-booking.jpg\",\"datePublished\":\"2022-01-19T11:54:41+00:00\",\"dateModified\":\"2022-01-28T18:46:28+00:00\",\"description\":\"Looking for bus from\u00a0Kampala to Kabale bus ticket booking app, schedule & fare? Book cheap bus tickets from Kampala to Kabale online\",\"breadcrumb\":{\"@id\":\"https:\\\/\\\/tiketi.com\\\/online-bus-tickets-from-kampala-to-kabale\\\/#breadcrumb\"},\"inLanguage\":\"fr-FR\",\"potentialAction\":[{\"@type\":\"ReadAction\",\"target\":[\"https:\\\/\\\/tiketi.com\\\/online-bus-tickets-from-kampala-to-kabale\\\/\"]}]},{\"@type\":\"ImageObject\",\"inLanguage\":\"fr-FR\",\"@id\":\"https:\\\/\\\/tiketi.com\\\/online-bus-tickets-from-kampala-to-kabale\\\/#primaryimage\",\"url\":\"https:\\\/\\\/tiketi.com\\\/wp-content\\\/uploads\\\/2022\\\/01\\\/bus-ticket-online-booking.jpg\",\"contentUrl\":\"https:\\\/\\\/tiketi.com\\\/wp-content\\\/uploads\\\/2022\\\/01\\\/bus-ticket-online-booking.jpg\",\"width\":1200,\"height\":206,\"caption\":\"Online Bus Ticket Booking\"},{\"@type\":\"BreadcrumbList\",\"@id\":\"https:\\\/\\\/tiketi.com\\\/online-bus-tickets-from-kampala-to-kabale\\\/#breadcrumb\",\"itemListElement\":[{\"@type\":\"ListItem\",\"position\":1,\"name\":\"Home\",\"item\":\"https:\\\/\\\/tiketi.com\\\/\"},{\"@type\":\"ListItem\",\"position\":2,\"name\":\"Bus from Kampala to Kabale Bus Tickets, Fare, Schedule &#038; Route\"}]},{\"@type\":\"WebSite\",\"@id\":\"https:\\\/\\\/tiketi.com\\\/#website\",\"url\":\"https:\\\/\\\/tiketi.com\\\/\",\"name\":\"Flight & Bus Tickets, Tour Packages & Activitites - Tiketi.com\",\"description\":\"Flight &amp; Bus Tickets, Tours, Activitites\",\"publisher\":{\"@id\":\"https:\\\/\\\/tiketi.com\\\/#organization\"},\"potentialAction\":[{\"@type\":\"SearchAction\",\"target\":{\"@type\":\"EntryPoint\",\"urlTemplate\":\"https:\\\/\\\/tiketi.com\\\/?s={search_term_string}\"},\"query-input\":{\"@type\":\"PropertyValueSpecification\",\"valueRequired\":true,\"valueName\":\"search_term_string\"}}],\"inLanguage\":\"fr-FR\"},{\"@type\":\"Organization\",\"@id\":\"https:\\\/\\\/tiketi.com\\\/#organization\",\"name\":\"Tiketi.com\",\"alternateName\":\"Tiketi\",\"url\":\"https:\\\/\\\/tiketi.com\\\/\",\"logo\":{\"@type\":\"ImageObject\",\"inLanguage\":\"fr-FR\",\"@id\":\"https:\\\/\\\/tiketi.com\\\/#\\\/schema\\\/logo\\\/image\\\/\",\"url\":\"https:\\\/\\\/tiketi.com\\\/wp-content\\\/uploads\\\/2019\\\/05\\\/tiketi-logo-696.png\",\"contentUrl\":\"https:\\\/\\\/tiketi.com\\\/wp-content\\\/uploads\\\/2019\\\/05\\\/tiketi-logo-696.png\",\"width\":696,\"height\":696,\"caption\":\"Tiketi.com\"},\"image\":{\"@id\":\"https:\\\/\\\/tiketi.com\\\/#\\\/schema\\\/logo\\\/image\\\/\"},\"sameAs\":[\"https:\\\/\\\/www.facebook.com\\\/TiketiCom\\\/\"]}]}<\/script>\n<!-- \/ Yoast SEO plugin. -->","yoast_head_json":{"title":"Bus de Kampala \u00e0 Kabale Billets de bus, tarif, horaires et itin\u00e9raire","description":"\u00c0 la recherche d&#039;une application de r\u00e9servation de billets de bus de Kampala \u00e0 Kabale en bus, des horaires et des tarifs\u00a0? R\u00e9servez en ligne des billets de bus de Kampala \u00e0 Kabale","robots":{"index":"index","follow":"follow","max-snippet":"max-snippet:-1","max-image-preview":"max-image-preview:large","max-video-preview":"max-video-preview:-1"},"canonical":"https:\/\/tiketi.com\/fr-fr\/online-bus-tickets-from-kampala-to-kabale\/","og_locale":"fr_FR","og_type":"article","og_title":"Bus from Kampala to Kabale Bus Tickets, Fare, Schedule & Route","og_description":"Looking for bus from\u00a0Kampala to Kabale bus ticket booking app, schedule & fare? Book cheap bus tickets from Kampala to Kabale online","og_url":"https:\/\/tiketi.com\/fr-fr\/online-bus-tickets-from-kampala-to-kabale\/","og_site_name":"Tiketi.com","article_publisher":"https:\/\/www.facebook.com\/TiketiCom\/","article_modified_time":"2022-01-28T18:46:28+00:00","og_image":[{"width":1200,"height":206,"url":"https:\/\/tiketi.com\/wp-content\/uploads\/2022\/01\/bus-ticket-online-booking.jpg","type":"image\/jpeg"}],"twitter_card":"summary_large_image","twitter_misc":{"Dur\u00e9e de lecture estim\u00e9e":"2 minutes"},"schema":{"@context":"https:\/\/schema.org","@graph":[{"@type":"WebPage","@id":"https:\/\/tiketi.com\/online-bus-tickets-from-kampala-to-kabale\/","url":"https:\/\/tiketi.com\/online-bus-tickets-from-kampala-to-kabale\/","name":"Bus de Kampala \u00e0 Kabale Billets de bus, tarif, horaires et itin\u00e9raire","isPartOf":{"@id":"https:\/\/tiketi.com\/#website"},"primaryImageOfPage":{"@id":"https:\/\/tiketi.com\/online-bus-tickets-from-kampala-to-kabale\/#primaryimage"},"image":{"@id":"https:\/\/tiketi.com\/online-bus-tickets-from-kampala-to-kabale\/#primaryimage"},"thumbnailUrl":"https:\/\/tiketi.com\/wp-content\/uploads\/2022\/01\/bus-ticket-online-booking.jpg","datePublished":"2022-01-19T11:54:41+00:00","dateModified":"2022-01-28T18:46:28+00:00","description":"\u00c0 la recherche d&#039;une application de r\u00e9servation de billets de bus de Kampala \u00e0 Kabale en bus, des horaires et des tarifs\u00a0? R\u00e9servez en ligne des billets de bus de Kampala \u00e0 Kabale","breadcrumb":{"@id":"https:\/\/tiketi.com\/online-bus-tickets-from-kampala-to-kabale\/#breadcrumb"},"inLanguage":"fr-FR","potentialAction":[{"@type":"ReadAction","target":["https:\/\/tiketi.com\/online-bus-tickets-from-kampala-to-kabale\/"]}]},{"@type":"ImageObject","inLanguage":"fr-FR","@id":"https:\/\/tiketi.com\/online-bus-tickets-from-kampala-to-kabale\/#primaryimage","url":"https:\/\/tiketi.com\/wp-content\/uploads\/2022\/01\/bus-ticket-online-booking.jpg","contentUrl":"https:\/\/tiketi.com\/wp-content\/uploads\/2022\/01\/bus-ticket-online-booking.jpg","width":1200,"height":206,"caption":"Online Bus Ticket Booking"},{"@type":"BreadcrumbList","@id":"https:\/\/tiketi.com\/online-bus-tickets-from-kampala-to-kabale\/#breadcrumb","itemListElement":[{"@type":"ListItem","position":1,"name":"Home","item":"https:\/\/tiketi.com\/"},{"@type":"ListItem","position":2,"name":"Bus from Kampala to Kabale Bus Tickets, Fare, Schedule &#038; Route"}]},{"@type":"WebSite","@id":"https:\/\/tiketi.com\/#website","url":"https:\/\/tiketi.com\/","name":"Billets d&#039;avion et de bus, forfaits touristiques et activit\u00e9s - Tiketi.com","description":"Billets d&#039;avion et de bus, Tours, Activit\u00e9s","publisher":{"@id":"https:\/\/tiketi.com\/#organization"},"potentialAction":[{"@type":"SearchAction","target":{"@type":"EntryPoint","urlTemplate":"https:\/\/tiketi.com\/?s={search_term_string}"},"query-input":{"@type":"PropertyValueSpecification","valueRequired":true,"valueName":"search_term_string"}}],"inLanguage":"fr-FR"},{"@type":"Organization","@id":"https:\/\/tiketi.com\/#organization","name":"Tiketi.com","alternateName":"Tiketi","url":"https:\/\/tiketi.com\/","logo":{"@type":"ImageObject","inLanguage":"fr-FR","@id":"https:\/\/tiketi.com\/#\/schema\/logo\/image\/","url":"https:\/\/tiketi.com\/wp-content\/uploads\/2019\/05\/tiketi-logo-696.png","contentUrl":"https:\/\/tiketi.com\/wp-content\/uploads\/2019\/05\/tiketi-logo-696.png","width":696,"height":696,"caption":"Tiketi.com"},"image":{"@id":"https:\/\/tiketi.com\/#\/schema\/logo\/image\/"},"sameAs":["https:\/\/www.facebook.com\/TiketiCom\/"]}]}},"_links":{"self":[{"href":"https:\/\/tiketi.com\/fr-fr\/wp-json\/wp\/v2\/pages\/11467","targetHints":{"allow":["GET"]}}],"collection":[{"href":"https:\/\/tiketi.com\/fr-fr\/wp-json\/wp\/v2\/pages"}],"about":[{"href":"https:\/\/tiketi.com\/fr-fr\/wp-json\/wp\/v2\/types\/page"}],"author":[{"embeddable":true,"href":"https:\/\/tiketi.com\/fr-fr\/wp-json\/wp\/v2\/users\/1"}],"replies":[{"embeddable":true,"href":"https:\/\/tiketi.com\/fr-fr\/wp-json\/wp\/v2\/comments?post=11467"}],"version-history":[{"count":0,"href":"https:\/\/tiketi.com\/fr-fr\/wp-json\/wp\/v2\/pages\/11467\/revisions"}],"wp:featuredmedia":[{"embeddable":true,"href":"https:\/\/tiketi.com\/fr-fr\/wp-json\/wp\/v2\/media\/13999"}],"wp:attachment":[{"href":"https:\/\/tiketi.com\/fr-fr\/wp-json\/wp\/v2\/media?parent=11467"}],"curies":[{"name":"wp","href":"https:\/\/api.w.org\/{rel}","templated":true}]}}