{"id":11470,"date":"2022-01-19T12:54:43","date_gmt":"2022-01-19T11:54:43","guid":{"rendered":"https:\/\/new.tiketi.com\/bus-from-accra-to-tamale-bus-tickets-fare-schedule-route\/"},"modified":"2022-01-26T22:11:56","modified_gmt":"2022-01-26T21:11:56","slug":"online-bus-tickets-from-accra-to-tamale","status":"publish","type":"page","link":"https:\/\/tiketi.com\/fr-fr\/online-bus-tickets-from-accra-to-tamale\/","title":{"rendered":"Bus de Accra \u00e0 Tamale, billets de bus, tarif, horaires et itin\u00e9raire"},"content":{"rendered":"<h2>Billets de bus pas chers de Accra \u00e0 Tamale R\u00e9servation en ligne<\/h2>\n<h3>D\u00e9couvrez votre itin\u00e9raire sur le web, le mobile ou l&#039;application et r\u00e9servez en ligne maintenant un billet de bus pas cher de Accra \u00e0 Tamale.<\/h3>\n<p>R\u00e9servez en ligne des billets de bus pas chers d&#039;Accra \u00e0 Tamale et voyagez d&#039;Accra \u00e0 Tamale par la route. Tamale, dans le nord du Ghana, est l&#039;\u0153il de la r\u00e9gion et constitue un endroit remarquable pour admirer les principales attractions et d\u00e9couvrir la sph\u00e8re. En tant que ville \u00e0 la croissance la plus rapide d&#039;Afrique de l&#039;Ouest, elle est majoritairement musulmane et enregistre des temp\u00e9ratures plus \u00e9lev\u00e9es que les villes au sud du Ghana. Voici le guide sur la fa\u00e7on de r\u00e9server des billets de bus d&#039;Accra \u00e0 Tamale :<\/p>\n<h2>Bus de Accra \u00e0 Tamale R\u00e9servation de billets de bus, itin\u00e9raires, horaires et tarifs FAQ<\/h2>\n<h3>Le bus Accra-Tamale est-il le moyen le plus \u00e9conomique de se rendre \u00e0 Tamale ?<\/h3>\n<p>Le moyen abordable de se rendre d&#039;Accra \u00e0 Tamale en bus. Des billets de bus pas chers de Accra \u00e0 Tamale $19 et dure 8h.<\/p>\n<h3>Y a-t-il un bus direct depuis Accra vers Tamale ?<\/h3>\n<p>Oui, il y a un bus direct entre Accra et Tamale. Les services partent deux par jour, et op\u00e8rent chaque jour. Le trajet dure 8h.<\/p>\n<h3>Comment se d\u00e9placer d&#039;Accra \u00e0 Tamale sans v\u00e9hicule personnel ?<\/h3>\n<p>Le meilleur moyen pour se rendre de Accra \u00e0 Tamale sans v\u00e9hicule personnel, ce qui prend 8h et co\u00fbte $20.<\/p>\n<h3>Avion ou bus Accra jusqu&#039;\u00e0 Tamale ?<\/h3>\n<p>Le meilleur moyen d&#039;aller d&#039;Accra \u00e0 Tamale est de <a href=\"https:\/\/tiketi.com\/fr-fr\/flightst\/\" target=\"_blank\" rel=\"noopener\">voler<\/a>. Alternativement, vous pouvez prendre le bus, Accra \u00e0 Tamale tarif du bus $19 et dure 8h.<\/p>\n<h2>Billets de bus de Accra \u00e0 Tamale Tips<\/h2>\n<p>D\u00e8s votre arriv\u00e9e \u00e0 Tamale, vous verrez de nombreuses mosqu\u00e9es. La cl\u00e9 et la plus grande est la mosqu\u00e9e centrale, juste au centre de la ville de Tamale, \u00e0 proximit\u00e9 du march\u00e9 central. Avec 4 hauts minarets et un toit en d\u00f4me vert, il est capable de voir de loin. Vous pouvez entrer \u00e0 l&#039;int\u00e9rieur, mais pas pendant les heures de pri\u00e8re.<\/p>\n<p>Si vous vous d\u00e9placez plus au nord, il y a aussi d&#039;autres mosqu\u00e9es plus grandes, juste sur votre droite sur la route Tamale-Bolga.<\/p>\n<p>L&#039;une des plus grandes attractions parmi les visiteurs. Il offre de nombreuses boutiques d&#039;artisanat avec diff\u00e9rents souvenirs, des v\u00eatements de conception africaine, de l&#039;artisanat, des bijoux aux instruments de musique. Si vous avez de la chance, vous pourrez participer \u00e0 des spectacles de danse et de musique, mais, malheureusement, cela n&#039;a pas lieu tr\u00e8s souvent.<\/p>","protected":false},"excerpt":{"rendered":"<p>Cheap Bus Tickets from\u00a0Accra to Tamale Online Booking Discover your travel route on web, mobile or app and book cheap bus ticket from Accra to Tamale online now. Do cheap bus from Accra to Tamale bus tickets online booking and travel Accra to Tamale by road. Tamale in northern Ghana is the eye of the [&hellip;]<\/p>\n","protected":false},"author":1,"featured_media":13999,"parent":0,"menu_order":0,"comment_status":"open","ping_status":"closed","template":"template-home-modern.php","meta":{"footnotes":""},"class_list":["post-11470","page","type-page","status-publish","has-post-thumbnail","hentry"],"yoast_head":"<!-- This site is optimized with the Yoast SEO plugin v27.2 - https:\/\/yoast.com\/product\/yoast-seo-wordpress\/ -->\n<title>Bus from Accra to Tamale Bus Tickets, Fare, Schedule &amp; Route<\/title>\n<meta name=\"description\" content=\"Looking for bus from\u00a0Accra to Tamale bus tickets booking, routes, schedules &amp; fares? Book cheap bus tickets from Accra to Tamale online now\" \/>\n<meta name=\"robots\" content=\"index, follow, max-snippet:-1, max-image-preview:large, max-video-preview:-1\" \/>\n<link rel=\"canonical\" href=\"https:\/\/tiketi.com\/fr-fr\/online-bus-tickets-from-accra-to-tamale\/\" \/>\n<meta property=\"og:locale\" content=\"fr_FR\" \/>\n<meta property=\"og:type\" content=\"article\" \/>\n<meta property=\"og:title\" content=\"Bus from Accra to Tamale Bus Tickets, Fare, Schedule &amp; Route\" \/>\n<meta property=\"og:description\" content=\"Looking for bus from\u00a0Accra to Tamale bus tickets booking, routes, schedules &amp; fares? Book cheap bus tickets from Accra to Tamale online now\" \/>\n<meta property=\"og:url\" content=\"https:\/\/tiketi.com\/fr-fr\/online-bus-tickets-from-accra-to-tamale\/\" \/>\n<meta property=\"og:site_name\" content=\"Tiketi.com\" \/>\n<meta property=\"article:publisher\" content=\"https:\/\/www.facebook.com\/TiketiCom\/\" \/>\n<meta property=\"article:modified_time\" content=\"2022-01-26T21:11:56+00:00\" \/>\n<meta property=\"og:image\" content=\"https:\/\/tiketi.com\/wp-content\/uploads\/2022\/01\/bus-ticket-online-booking.jpg\" \/>\n\t<meta property=\"og:image:width\" content=\"1200\" \/>\n\t<meta property=\"og:image:height\" content=\"206\" \/>\n\t<meta property=\"og:image:type\" content=\"image\/jpeg\" \/>\n<meta name=\"twitter:card\" content=\"summary_large_image\" \/>\n<meta name=\"twitter:label1\" content=\"Dur\u00e9e de lecture estim\u00e9e\" \/>\n\t<meta name=\"twitter:data1\" content=\"2 minutes\" \/>\n<script type=\"application\/ld+json\" class=\"yoast-schema-graph\">{\"@context\":\"https:\/\/schema.org\",\"@graph\":[{\"@type\":\"WebPage\",\"@id\":\"https:\/\/tiketi.com\/online-bus-tickets-from-accra-to-tamale\/\",\"url\":\"https:\/\/tiketi.com\/online-bus-tickets-from-accra-to-tamale\/\",\"name\":\"Bus from Accra to Tamale Bus Tickets, Fare, Schedule & Route\",\"isPartOf\":{\"@id\":\"https:\/\/tiketi.com\/#website\"},\"primaryImageOfPage\":{\"@id\":\"https:\/\/tiketi.com\/online-bus-tickets-from-accra-to-tamale\/#primaryimage\"},\"image\":{\"@id\":\"https:\/\/tiketi.com\/online-bus-tickets-from-accra-to-tamale\/#primaryimage\"},\"thumbnailUrl\":\"https:\/\/tiketi.com\/wp-content\/uploads\/2022\/01\/bus-ticket-online-booking.jpg\",\"datePublished\":\"2022-01-19T11:54:43+00:00\",\"dateModified\":\"2022-01-26T21:11:56+00:00\",\"description\":\"Looking for bus from\u00a0Accra to Tamale bus tickets booking, routes, schedules & fares? Book cheap bus tickets from Accra to Tamale online now\",\"breadcrumb\":{\"@id\":\"https:\/\/tiketi.com\/online-bus-tickets-from-accra-to-tamale\/#breadcrumb\"},\"inLanguage\":\"fr-FR\",\"potentialAction\":[{\"@type\":\"ReadAction\",\"target\":[\"https:\/\/tiketi.com\/online-bus-tickets-from-accra-to-tamale\/\"]}]},{\"@type\":\"ImageObject\",\"inLanguage\":\"fr-FR\",\"@id\":\"https:\/\/tiketi.com\/online-bus-tickets-from-accra-to-tamale\/#primaryimage\",\"url\":\"https:\/\/tiketi.com\/wp-content\/uploads\/2022\/01\/bus-ticket-online-booking.jpg\",\"contentUrl\":\"https:\/\/tiketi.com\/wp-content\/uploads\/2022\/01\/bus-ticket-online-booking.jpg\",\"width\":1200,\"height\":206,\"caption\":\"Online Bus Ticket Booking\"},{\"@type\":\"BreadcrumbList\",\"@id\":\"https:\/\/tiketi.com\/online-bus-tickets-from-accra-to-tamale\/#breadcrumb\",\"itemListElement\":[{\"@type\":\"ListItem\",\"position\":1,\"name\":\"Home\",\"item\":\"https:\/\/tiketi.com\/\"},{\"@type\":\"ListItem\",\"position\":2,\"name\":\"Bus from Accra to Tamale, Bus Tickets, Fare, Schedule &#038; Route\"}]},{\"@type\":\"WebSite\",\"@id\":\"https:\/\/tiketi.com\/#website\",\"url\":\"https:\/\/tiketi.com\/\",\"name\":\"Flight & Bus Tickets, Tour Packages & Activitites - Tiketi.com\",\"description\":\"Flight &amp; Bus Tickets, Tours, Activitites\",\"publisher\":{\"@id\":\"https:\/\/tiketi.com\/#organization\"},\"potentialAction\":[{\"@type\":\"SearchAction\",\"target\":{\"@type\":\"EntryPoint\",\"urlTemplate\":\"https:\/\/tiketi.com\/?s={search_term_string}\"},\"query-input\":{\"@type\":\"PropertyValueSpecification\",\"valueRequired\":true,\"valueName\":\"search_term_string\"}}],\"inLanguage\":\"fr-FR\"},{\"@type\":\"Organization\",\"@id\":\"https:\/\/tiketi.com\/#organization\",\"name\":\"Tiketi.com\",\"alternateName\":\"Tiketi\",\"url\":\"https:\/\/tiketi.com\/\",\"logo\":{\"@type\":\"ImageObject\",\"inLanguage\":\"fr-FR\",\"@id\":\"https:\/\/tiketi.com\/#\/schema\/logo\/image\/\",\"url\":\"https:\/\/tiketi.com\/wp-content\/uploads\/2019\/05\/tiketi-logo-696.png\",\"contentUrl\":\"https:\/\/tiketi.com\/wp-content\/uploads\/2019\/05\/tiketi-logo-696.png\",\"width\":696,\"height\":696,\"caption\":\"Tiketi.com\"},\"image\":{\"@id\":\"https:\/\/tiketi.com\/#\/schema\/logo\/image\/\"},\"sameAs\":[\"https:\/\/www.facebook.com\/TiketiCom\/\"]}]}<\/script>\n<!-- \/ Yoast SEO plugin. -->","yoast_head_json":{"title":"Bus de Accra \u00e0 Tamale Billets de bus, tarif, horaires et itin\u00e9raire","description":"Vous recherchez des billets de bus de Accra \u00e0 Tamale, des r\u00e9servations d&#039;itin\u00e9raires, des horaires et des tarifs de bus ? R\u00e9servez en ligne maintenant des billets de bus \u00e0 bas prix de Accra \u00e0 Tamale","robots":{"index":"index","follow":"follow","max-snippet":"max-snippet:-1","max-image-preview":"max-image-preview:large","max-video-preview":"max-video-preview:-1"},"canonical":"https:\/\/tiketi.com\/fr-fr\/online-bus-tickets-from-accra-to-tamale\/","og_locale":"fr_FR","og_type":"article","og_title":"Bus from Accra to Tamale Bus Tickets, Fare, Schedule & Route","og_description":"Looking for bus from\u00a0Accra to Tamale bus tickets booking, routes, schedules & fares? Book cheap bus tickets from Accra to Tamale online now","og_url":"https:\/\/tiketi.com\/fr-fr\/online-bus-tickets-from-accra-to-tamale\/","og_site_name":"Tiketi.com","article_publisher":"https:\/\/www.facebook.com\/TiketiCom\/","article_modified_time":"2022-01-26T21:11:56+00:00","og_image":[{"width":1200,"height":206,"url":"https:\/\/tiketi.com\/wp-content\/uploads\/2022\/01\/bus-ticket-online-booking.jpg","type":"image\/jpeg"}],"twitter_card":"summary_large_image","twitter_misc":{"Dur\u00e9e de lecture estim\u00e9e":"2 minutes"},"schema":{"@context":"https:\/\/schema.org","@graph":[{"@type":"WebPage","@id":"https:\/\/tiketi.com\/online-bus-tickets-from-accra-to-tamale\/","url":"https:\/\/tiketi.com\/online-bus-tickets-from-accra-to-tamale\/","name":"Bus de Accra \u00e0 Tamale Billets de bus, tarif, horaires et itin\u00e9raire","isPartOf":{"@id":"https:\/\/tiketi.com\/#website"},"primaryImageOfPage":{"@id":"https:\/\/tiketi.com\/online-bus-tickets-from-accra-to-tamale\/#primaryimage"},"image":{"@id":"https:\/\/tiketi.com\/online-bus-tickets-from-accra-to-tamale\/#primaryimage"},"thumbnailUrl":"https:\/\/tiketi.com\/wp-content\/uploads\/2022\/01\/bus-ticket-online-booking.jpg","datePublished":"2022-01-19T11:54:43+00:00","dateModified":"2022-01-26T21:11:56+00:00","description":"Vous recherchez des billets de bus de Accra \u00e0 Tamale, des r\u00e9servations d&#039;itin\u00e9raires, des horaires et des tarifs de bus ? R\u00e9servez en ligne maintenant des billets de bus \u00e0 bas prix de Accra \u00e0 Tamale","breadcrumb":{"@id":"https:\/\/tiketi.com\/online-bus-tickets-from-accra-to-tamale\/#breadcrumb"},"inLanguage":"fr-FR","potentialAction":[{"@type":"ReadAction","target":["https:\/\/tiketi.com\/online-bus-tickets-from-accra-to-tamale\/"]}]},{"@type":"ImageObject","inLanguage":"fr-FR","@id":"https:\/\/tiketi.com\/online-bus-tickets-from-accra-to-tamale\/#primaryimage","url":"https:\/\/tiketi.com\/wp-content\/uploads\/2022\/01\/bus-ticket-online-booking.jpg","contentUrl":"https:\/\/tiketi.com\/wp-content\/uploads\/2022\/01\/bus-ticket-online-booking.jpg","width":1200,"height":206,"caption":"Online Bus Ticket Booking"},{"@type":"BreadcrumbList","@id":"https:\/\/tiketi.com\/online-bus-tickets-from-accra-to-tamale\/#breadcrumb","itemListElement":[{"@type":"ListItem","position":1,"name":"Home","item":"https:\/\/tiketi.com\/"},{"@type":"ListItem","position":2,"name":"Bus from Accra to Tamale, Bus Tickets, Fare, Schedule &#038; Route"}]},{"@type":"WebSite","@id":"https:\/\/tiketi.com\/#website","url":"https:\/\/tiketi.com\/","name":"Billets d&#039;avion et de bus, forfaits touristiques et activit\u00e9s - Tiketi.com","description":"Billets d&#039;avion et de bus, Tours, Activit\u00e9s","publisher":{"@id":"https:\/\/tiketi.com\/#organization"},"potentialAction":[{"@type":"SearchAction","target":{"@type":"EntryPoint","urlTemplate":"https:\/\/tiketi.com\/?s={search_term_string}"},"query-input":{"@type":"PropertyValueSpecification","valueRequired":true,"valueName":"search_term_string"}}],"inLanguage":"fr-FR"},{"@type":"Organization","@id":"https:\/\/tiketi.com\/#organization","name":"Tiketi.com","alternateName":"Tiketi","url":"https:\/\/tiketi.com\/","logo":{"@type":"ImageObject","inLanguage":"fr-FR","@id":"https:\/\/tiketi.com\/#\/schema\/logo\/image\/","url":"https:\/\/tiketi.com\/wp-content\/uploads\/2019\/05\/tiketi-logo-696.png","contentUrl":"https:\/\/tiketi.com\/wp-content\/uploads\/2019\/05\/tiketi-logo-696.png","width":696,"height":696,"caption":"Tiketi.com"},"image":{"@id":"https:\/\/tiketi.com\/#\/schema\/logo\/image\/"},"sameAs":["https:\/\/www.facebook.com\/TiketiCom\/"]}]}},"_links":{"self":[{"href":"https:\/\/tiketi.com\/fr-fr\/wp-json\/wp\/v2\/pages\/11470","targetHints":{"allow":["GET"]}}],"collection":[{"href":"https:\/\/tiketi.com\/fr-fr\/wp-json\/wp\/v2\/pages"}],"about":[{"href":"https:\/\/tiketi.com\/fr-fr\/wp-json\/wp\/v2\/types\/page"}],"author":[{"embeddable":true,"href":"https:\/\/tiketi.com\/fr-fr\/wp-json\/wp\/v2\/users\/1"}],"replies":[{"embeddable":true,"href":"https:\/\/tiketi.com\/fr-fr\/wp-json\/wp\/v2\/comments?post=11470"}],"version-history":[{"count":0,"href":"https:\/\/tiketi.com\/fr-fr\/wp-json\/wp\/v2\/pages\/11470\/revisions"}],"wp:featuredmedia":[{"embeddable":true,"href":"https:\/\/tiketi.com\/fr-fr\/wp-json\/wp\/v2\/media\/13999"}],"wp:attachment":[{"href":"https:\/\/tiketi.com\/fr-fr\/wp-json\/wp\/v2\/media?parent=11470"}],"curies":[{"name":"wp","href":"https:\/\/api.w.org\/{rel}","templated":true}]}}