{"id":11472,"date":"2022-01-19T12:54:43","date_gmt":"2022-01-19T11:54:43","guid":{"rendered":"https:\/\/new.tiketi.com\/bus-from-kampala-to-bwera-bus-tickets-fare-route-schedule\/"},"modified":"2022-01-28T16:31:23","modified_gmt":"2022-01-28T15:31:23","slug":"online-bus-tickets-from-kampala-to-bwera","status":"publish","type":"page","link":"https:\/\/tiketi.com\/fr-fr\/online-bus-tickets-from-kampala-to-bwera\/","title":{"rendered":"Bus de Kampala \u00e0 Bwera Billets de bus, tarif, itin\u00e9raire et horaires"},"content":{"rendered":"<h2>Billets de bus pas chers de Kampala \u00e0 Bwera R\u00e9servation en ligne<\/h2>\n<h3>D\u00e9couvrez votre itin\u00e9raire sur le web, le mobile ou l&#039;application et r\u00e9servez en ligne maintenant un billet de bus pas cher de Kampala \u00e0 Bwera.<\/h3>\n<p>R\u00e9servez en ligne des billets de bus pas chers de Kampala \u00e0 Bwera et voyagez de Kampala \u00e0 Bwera par la route. Mpondwe est situ\u00e9 dans les montagnes Rwenzori dans le district de Kasese. La commune est \u00e0 la fronti\u00e8re avec la RDC. Bwera est une autre colonie \u00e0 l&#039;est imm\u00e9diat de la fronti\u00e8re de passage de Mpondwe. Le conseil municipal de Mpondwe incorpore Bwera. Voici le guide sur la fa\u00e7on de r\u00e9server des billets de bus de Kampala \u00e0 Bwera :<\/p>\n<h2>Bus de Kampala \u00e0 Bwera R\u00e9servation de billets de bus, itin\u00e9raires, horaires et tarifs FAQ<\/h2>\n<h3>Quel est le moyen abordable pour se rendre de Kampala \u00e0 Bwera ?<\/h3>\n<p>Le moyen abordable de se rendre de Kampala \u00e0 Bwera en bus. Les billets de bus pas chers de Kampala \u00e0 Bwera $35 \u2013 $55 et dure 6h 30m.<\/p>\n<h3>Y a-t-il un bus direct entre Kampala et Bwera ?<\/h3>\n<p>Oui, il y a un bus direct de Kampala \u00e0 Bwera. Les services partent 5 fois par jour, et circulent tous les jours. Le trajet dure environ 6h 30m.<\/p>\n<h3>Comment se d\u00e9placer de Kampala \u00e0 Bwera sans v\u00e9hicule personnel ?<\/h3>\n<p>Le meilleur moyen pour se rendre de Kampala \u00e0 Bwera sans v\u00e9hicule personnel est de bus, ce qui dure 6h 30m et co\u00fbte.<\/p>\n<h3>O\u00f9 prendre le bus depuis Kampala pour Bwera ?<\/h3>\n<p>Les services de bus de Kampala \u00e0 Bwera, g\u00e9r\u00e9s par Link Bus services, partent de la gare de Kampala.<\/p>\n<h3>Quel est le moyen le plus rapide pour se rendre de Kampala \u00e0 Bwera ?<\/h3>\n<p>Le moyen le plus rapide pour se rendre de Kampala \u00e0 Bwera est en avion et voiture ce qui co\u00fbte $75 \u2013 $100 et prend 3h 59m.<\/p>\n<h2>Billets de bus de Kampala \u00e0 Bwera Tips<\/h2>\n<p>Bwera est l&#039;un des 3 passages frontaliers les plus fr\u00e9quent\u00e9s entre la R\u00e9publique d\u00e9mocratique du Congo et l&#039;Ouganda. Les deux autres sont Goli, \u00e0 Bunagana et le district de Nebbi, dans le district de Kisoro. La ville est le passage frontalier commercial entre les deux nations, en fonction du volume des importations et des exportations.<\/p>\n<h3>Meilleur endroit pour s\u00e9journer \u00e0 Bwera<\/h3>\n<p>Trax Holiday Cottages est l&#039;un des meilleurs choix pour votre star. Cet h\u00f4tel trois \u00e9toiles propose des restaurants et un petit d\u00e9jeuner gratuit. Deux autres choix pour votre voyage dans la r\u00e9gion sont le Njovu Park Lodge et le Mweya Safari lodge.<\/p>","protected":false},"excerpt":{"rendered":"<p>Cheap Bus Tickets from\u00a0Kampala to Bwera\u00a0Online Booking Discover your travel route on web, mobile or app and book cheap bus ticket from Kampala to Bwera online now. Do\u00a0cheap bus from Kampala to Bwera bus tickets online booking and travel Kampala to Bwera by road.\u00a0Mpondwe is placed in the Rwenzori mountains in Kasese district. The town [&hellip;]<\/p>\n","protected":false},"author":1,"featured_media":13999,"parent":0,"menu_order":0,"comment_status":"open","ping_status":"closed","template":"template-home-modern.php","meta":{"footnotes":""},"class_list":["post-11472","page","type-page","status-publish","has-post-thumbnail","hentry"],"yoast_head":"<!-- This site is optimized with the Yoast SEO plugin v27.3 - https:\/\/yoast.com\/product\/yoast-seo-wordpress\/ -->\n<title>Bus from Kampala to Bwera Bus Tickets, Fare, Route &amp;\u00a0Schedule<\/title>\n<meta name=\"description\" content=\"Looking for bus from\u00a0Kampala to Bwera bus ticket booking app, routes, schedules &amp; fares? Book cheap bus tickets from Kampala to Bwera online\" \/>\n<meta name=\"robots\" content=\"index, follow, max-snippet:-1, max-image-preview:large, max-video-preview:-1\" \/>\n<link rel=\"canonical\" href=\"https:\/\/tiketi.com\/fr-fr\/online-bus-tickets-from-kampala-to-bwera\/\" \/>\n<meta property=\"og:locale\" content=\"fr_FR\" \/>\n<meta property=\"og:type\" content=\"article\" \/>\n<meta property=\"og:title\" content=\"Bus from Kampala to Bwera Bus Tickets, Fare, Route &amp;\u00a0Schedule\" \/>\n<meta property=\"og:description\" content=\"Looking for bus from\u00a0Kampala to Bwera bus ticket booking app, routes, schedules &amp; fares? Book cheap bus tickets from Kampala to Bwera online\" \/>\n<meta property=\"og:url\" content=\"https:\/\/tiketi.com\/fr-fr\/online-bus-tickets-from-kampala-to-bwera\/\" \/>\n<meta property=\"og:site_name\" content=\"Tiketi.com\" \/>\n<meta property=\"article:publisher\" content=\"https:\/\/www.facebook.com\/TiketiCom\/\" \/>\n<meta property=\"article:modified_time\" content=\"2022-01-28T15:31:23+00:00\" \/>\n<meta property=\"og:image\" content=\"https:\/\/tiketi.com\/wp-content\/uploads\/2022\/01\/bus-ticket-online-booking.jpg\" \/>\n\t<meta property=\"og:image:width\" content=\"1200\" \/>\n\t<meta property=\"og:image:height\" content=\"206\" \/>\n\t<meta property=\"og:image:type\" content=\"image\/jpeg\" \/>\n<meta name=\"twitter:card\" content=\"summary_large_image\" \/>\n<meta name=\"twitter:label1\" content=\"Dur\u00e9e de lecture estim\u00e9e\" \/>\n\t<meta name=\"twitter:data1\" content=\"2 minutes\" \/>\n<script type=\"application\/ld+json\" class=\"yoast-schema-graph\">{\"@context\":\"https:\\\/\\\/schema.org\",\"@graph\":[{\"@type\":\"WebPage\",\"@id\":\"https:\\\/\\\/tiketi.com\\\/en-gb\\\/online-bus-tickets-from-kampala-to-bwera\\\/\",\"url\":\"https:\\\/\\\/tiketi.com\\\/en-gb\\\/online-bus-tickets-from-kampala-to-bwera\\\/\",\"name\":\"Bus from Kampala to Bwera Bus Tickets, Fare, Route &\u00a0Schedule\",\"isPartOf\":{\"@id\":\"https:\\\/\\\/tiketi.com\\\/#website\"},\"primaryImageOfPage\":{\"@id\":\"https:\\\/\\\/tiketi.com\\\/en-gb\\\/online-bus-tickets-from-kampala-to-bwera\\\/#primaryimage\"},\"image\":{\"@id\":\"https:\\\/\\\/tiketi.com\\\/en-gb\\\/online-bus-tickets-from-kampala-to-bwera\\\/#primaryimage\"},\"thumbnailUrl\":\"https:\\\/\\\/tiketi.com\\\/wp-content\\\/uploads\\\/2022\\\/01\\\/bus-ticket-online-booking.jpg\",\"datePublished\":\"2022-01-19T11:54:43+00:00\",\"dateModified\":\"2022-01-28T15:31:23+00:00\",\"description\":\"Looking for bus from\u00a0Kampala to Bwera bus ticket booking app, routes, schedules & fares? Book cheap bus tickets from Kampala to Bwera online\",\"breadcrumb\":{\"@id\":\"https:\\\/\\\/tiketi.com\\\/en-gb\\\/online-bus-tickets-from-kampala-to-bwera\\\/#breadcrumb\"},\"inLanguage\":\"fr-FR\",\"potentialAction\":[{\"@type\":\"ReadAction\",\"target\":[\"https:\\\/\\\/tiketi.com\\\/en-gb\\\/online-bus-tickets-from-kampala-to-bwera\\\/\"]}]},{\"@type\":\"ImageObject\",\"inLanguage\":\"fr-FR\",\"@id\":\"https:\\\/\\\/tiketi.com\\\/en-gb\\\/online-bus-tickets-from-kampala-to-bwera\\\/#primaryimage\",\"url\":\"https:\\\/\\\/tiketi.com\\\/wp-content\\\/uploads\\\/2022\\\/01\\\/bus-ticket-online-booking.jpg\",\"contentUrl\":\"https:\\\/\\\/tiketi.com\\\/wp-content\\\/uploads\\\/2022\\\/01\\\/bus-ticket-online-booking.jpg\",\"width\":1200,\"height\":206,\"caption\":\"Online Bus Ticket Booking\"},{\"@type\":\"BreadcrumbList\",\"@id\":\"https:\\\/\\\/tiketi.com\\\/en-gb\\\/online-bus-tickets-from-kampala-to-bwera\\\/#breadcrumb\",\"itemListElement\":[{\"@type\":\"ListItem\",\"position\":1,\"name\":\"Home\",\"item\":\"https:\\\/\\\/tiketi.com\\\/\"},{\"@type\":\"ListItem\",\"position\":2,\"name\":\"Bus from Kampala to Bwera Bus Tickets, Fare, Route &#038;\u00a0Schedule\"}]},{\"@type\":\"WebSite\",\"@id\":\"https:\\\/\\\/tiketi.com\\\/#website\",\"url\":\"https:\\\/\\\/tiketi.com\\\/\",\"name\":\"Flight & Bus Tickets, Tour Packages & Activitites - Tiketi.com\",\"description\":\"Flight &amp; Bus Tickets, Tours, Activitites\",\"publisher\":{\"@id\":\"https:\\\/\\\/tiketi.com\\\/#organization\"},\"potentialAction\":[{\"@type\":\"SearchAction\",\"target\":{\"@type\":\"EntryPoint\",\"urlTemplate\":\"https:\\\/\\\/tiketi.com\\\/?s={search_term_string}\"},\"query-input\":{\"@type\":\"PropertyValueSpecification\",\"valueRequired\":true,\"valueName\":\"search_term_string\"}}],\"inLanguage\":\"fr-FR\"},{\"@type\":\"Organization\",\"@id\":\"https:\\\/\\\/tiketi.com\\\/#organization\",\"name\":\"Tiketi.com\",\"alternateName\":\"Tiketi\",\"url\":\"https:\\\/\\\/tiketi.com\\\/\",\"logo\":{\"@type\":\"ImageObject\",\"inLanguage\":\"fr-FR\",\"@id\":\"https:\\\/\\\/tiketi.com\\\/#\\\/schema\\\/logo\\\/image\\\/\",\"url\":\"https:\\\/\\\/tiketi.com\\\/wp-content\\\/uploads\\\/2019\\\/05\\\/tiketi-logo-696.png\",\"contentUrl\":\"https:\\\/\\\/tiketi.com\\\/wp-content\\\/uploads\\\/2019\\\/05\\\/tiketi-logo-696.png\",\"width\":696,\"height\":696,\"caption\":\"Tiketi.com\"},\"image\":{\"@id\":\"https:\\\/\\\/tiketi.com\\\/#\\\/schema\\\/logo\\\/image\\\/\"},\"sameAs\":[\"https:\\\/\\\/www.facebook.com\\\/TiketiCom\\\/\"]}]}<\/script>\n<!-- \/ Yoast SEO plugin. -->","yoast_head_json":{"title":"Bus de Kampala \u00e0 Bwera Billets de bus, tarif, itin\u00e9raire et horaires","description":"Vous recherchez une application de r\u00e9servation de billets de bus de Kampala \u00e0 Bwera, des itin\u00e9raires, des horaires et des tarifs de bus ? R\u00e9servez en ligne des billets de bus \u00e0 bas prix de Kampala \u00e0 Bwera","robots":{"index":"index","follow":"follow","max-snippet":"max-snippet:-1","max-image-preview":"max-image-preview:large","max-video-preview":"max-video-preview:-1"},"canonical":"https:\/\/tiketi.com\/fr-fr\/online-bus-tickets-from-kampala-to-bwera\/","og_locale":"fr_FR","og_type":"article","og_title":"Bus from Kampala to Bwera Bus Tickets, Fare, Route &\u00a0Schedule","og_description":"Looking for bus from\u00a0Kampala to Bwera bus ticket booking app, routes, schedules & fares? Book cheap bus tickets from Kampala to Bwera online","og_url":"https:\/\/tiketi.com\/fr-fr\/online-bus-tickets-from-kampala-to-bwera\/","og_site_name":"Tiketi.com","article_publisher":"https:\/\/www.facebook.com\/TiketiCom\/","article_modified_time":"2022-01-28T15:31:23+00:00","og_image":[{"width":1200,"height":206,"url":"https:\/\/tiketi.com\/wp-content\/uploads\/2022\/01\/bus-ticket-online-booking.jpg","type":"image\/jpeg"}],"twitter_card":"summary_large_image","twitter_misc":{"Dur\u00e9e de lecture estim\u00e9e":"2 minutes"},"schema":{"@context":"https:\/\/schema.org","@graph":[{"@type":"WebPage","@id":"https:\/\/tiketi.com\/en-gb\/online-bus-tickets-from-kampala-to-bwera\/","url":"https:\/\/tiketi.com\/en-gb\/online-bus-tickets-from-kampala-to-bwera\/","name":"Bus de Kampala \u00e0 Bwera Billets de bus, tarif, itin\u00e9raire et horaires","isPartOf":{"@id":"https:\/\/tiketi.com\/#website"},"primaryImageOfPage":{"@id":"https:\/\/tiketi.com\/en-gb\/online-bus-tickets-from-kampala-to-bwera\/#primaryimage"},"image":{"@id":"https:\/\/tiketi.com\/en-gb\/online-bus-tickets-from-kampala-to-bwera\/#primaryimage"},"thumbnailUrl":"https:\/\/tiketi.com\/wp-content\/uploads\/2022\/01\/bus-ticket-online-booking.jpg","datePublished":"2022-01-19T11:54:43+00:00","dateModified":"2022-01-28T15:31:23+00:00","description":"Vous recherchez une application de r\u00e9servation de billets de bus de Kampala \u00e0 Bwera, des itin\u00e9raires, des horaires et des tarifs de bus ? R\u00e9servez en ligne des billets de bus \u00e0 bas prix de Kampala \u00e0 Bwera","breadcrumb":{"@id":"https:\/\/tiketi.com\/en-gb\/online-bus-tickets-from-kampala-to-bwera\/#breadcrumb"},"inLanguage":"fr-FR","potentialAction":[{"@type":"ReadAction","target":["https:\/\/tiketi.com\/en-gb\/online-bus-tickets-from-kampala-to-bwera\/"]}]},{"@type":"ImageObject","inLanguage":"fr-FR","@id":"https:\/\/tiketi.com\/en-gb\/online-bus-tickets-from-kampala-to-bwera\/#primaryimage","url":"https:\/\/tiketi.com\/wp-content\/uploads\/2022\/01\/bus-ticket-online-booking.jpg","contentUrl":"https:\/\/tiketi.com\/wp-content\/uploads\/2022\/01\/bus-ticket-online-booking.jpg","width":1200,"height":206,"caption":"Online Bus Ticket Booking"},{"@type":"BreadcrumbList","@id":"https:\/\/tiketi.com\/en-gb\/online-bus-tickets-from-kampala-to-bwera\/#breadcrumb","itemListElement":[{"@type":"ListItem","position":1,"name":"Home","item":"https:\/\/tiketi.com\/"},{"@type":"ListItem","position":2,"name":"Bus from Kampala to Bwera Bus Tickets, Fare, Route &#038;\u00a0Schedule"}]},{"@type":"WebSite","@id":"https:\/\/tiketi.com\/#website","url":"https:\/\/tiketi.com\/","name":"Billets d&#039;avion et de bus, forfaits touristiques et activit\u00e9s - Tiketi.com","description":"Billets d&#039;avion et de bus, Tours, Activit\u00e9s","publisher":{"@id":"https:\/\/tiketi.com\/#organization"},"potentialAction":[{"@type":"SearchAction","target":{"@type":"EntryPoint","urlTemplate":"https:\/\/tiketi.com\/?s={search_term_string}"},"query-input":{"@type":"PropertyValueSpecification","valueRequired":true,"valueName":"search_term_string"}}],"inLanguage":"fr-FR"},{"@type":"Organization","@id":"https:\/\/tiketi.com\/#organization","name":"Tiketi.com","alternateName":"Tiketi","url":"https:\/\/tiketi.com\/","logo":{"@type":"ImageObject","inLanguage":"fr-FR","@id":"https:\/\/tiketi.com\/#\/schema\/logo\/image\/","url":"https:\/\/tiketi.com\/wp-content\/uploads\/2019\/05\/tiketi-logo-696.png","contentUrl":"https:\/\/tiketi.com\/wp-content\/uploads\/2019\/05\/tiketi-logo-696.png","width":696,"height":696,"caption":"Tiketi.com"},"image":{"@id":"https:\/\/tiketi.com\/#\/schema\/logo\/image\/"},"sameAs":["https:\/\/www.facebook.com\/TiketiCom\/"]}]}},"_links":{"self":[{"href":"https:\/\/tiketi.com\/fr-fr\/wp-json\/wp\/v2\/pages\/11472","targetHints":{"allow":["GET"]}}],"collection":[{"href":"https:\/\/tiketi.com\/fr-fr\/wp-json\/wp\/v2\/pages"}],"about":[{"href":"https:\/\/tiketi.com\/fr-fr\/wp-json\/wp\/v2\/types\/page"}],"author":[{"embeddable":true,"href":"https:\/\/tiketi.com\/fr-fr\/wp-json\/wp\/v2\/users\/1"}],"replies":[{"embeddable":true,"href":"https:\/\/tiketi.com\/fr-fr\/wp-json\/wp\/v2\/comments?post=11472"}],"version-history":[{"count":0,"href":"https:\/\/tiketi.com\/fr-fr\/wp-json\/wp\/v2\/pages\/11472\/revisions"}],"wp:featuredmedia":[{"embeddable":true,"href":"https:\/\/tiketi.com\/fr-fr\/wp-json\/wp\/v2\/media\/13999"}],"wp:attachment":[{"href":"https:\/\/tiketi.com\/fr-fr\/wp-json\/wp\/v2\/media?parent=11472"}],"curies":[{"name":"wp","href":"https:\/\/api.w.org\/{rel}","templated":true}]}}