{"id":11477,"date":"2022-01-19T12:54:43","date_gmt":"2022-01-19T11:54:43","guid":{"rendered":"https:\/\/new.tiketi.com\/bus-from-kampala-to-mbarara-bus-tickets-fare-route-schedule\/"},"modified":"2022-01-28T20:43:55","modified_gmt":"2022-01-28T19:43:55","slug":"online-bus-tickets-from-kampala-to-mbarara","status":"publish","type":"page","link":"https:\/\/tiketi.com\/fr-fr\/online-bus-tickets-from-kampala-to-mbarara\/","title":{"rendered":"Bus de Kampala \u00e0 Mbarara Billets de bus, tarif, itin\u00e9raire et horaires"},"content":{"rendered":"<h2>Billets de bus pas chers de Kampala \u00e0 Mbarara R\u00e9servation en ligne<\/h2>\n<h3>D\u00e9couvrez votre itin\u00e9raire sur le web, le mobile ou l&#039;application et r\u00e9servez en ligne maintenant un billet de bus pas cher de Kampala \u00e0 Mbarara.<\/h3>\n<p>R\u00e9servez en ligne des billets de bus pas chers de Kampala \u00e0 Mbarara et voyagez de Kampala \u00e0 Mbarara par la route. Populairement appel\u00e9e la terre du miel et du lait, la r\u00e9gion de Mbarara est un endroit que vous devez visiter en Ouganda. La plupart des visiteurs ne peuvent visiter la r\u00e9gion que lorsqu&#039;ils sont en route pour une randonn\u00e9e avec des gorilles \u00e0 Bwindi ou lors d&#039;un safari au lac Bunyonyi et au parc national Queen Elizabeth. Le district de Mubarara est situ\u00e9 dans la partie sud-ouest de l&#039;Ouganda. Voici le guide sur la fa\u00e7on de r\u00e9server des billets de bus de Kampala \u00e0 Mbarara :<\/p>\n<h2>Bus de Kampala \u00e0 Mbarara R\u00e9servation de billets de bus, itin\u00e9raires, horaires et tarifs FAQ<\/h2>\n<h3>Quel est le moyen abordable pour se rendre de Kampala \u00e0 Mbarara ?<\/h3>\n<p>Le moyen abordable de se rendre de Kampala \u00e0 Mbarara en bus. Les billets de bus pas chers de Kampala \u00e0 Mbarara $23 \u2013 $36 et dure 4h 2m.<\/p>\n<h3>Y a-t-il un bus direct de Kampala \u00e0 Mbarara ?<\/h3>\n<p>Oui, il y a un bus direct de Kampala \u00e0 Mbarara. Les services partent toutes les 2 heures, et circulent tous les jours. Le trajet dure 4h 2m.<\/p>\n<h3>O\u00f9 prendre le bus depuis Kampala pour Mbarara ?<\/h3>\n<p>Les services de bus de Kampala \u00e0 Mbarara, g\u00e9r\u00e9s par, partent de la gare de Kampala.<\/p>\n<h3>Avion ou bus de Kampala \u00e0 Mbarara ?<\/h3>\n<p>Le meilleur moyen de se rendre de Kampala \u00e0 Mbarara est de <a href=\"https:\/\/tiketi.com\/fr-fr\/flightst\/\" target=\"_blank\" rel=\"noopener\">voler<\/a> qui prend 1h 35m et co\u00fbte $60 \u2013 $930. Alternativement, vous pouvez bus, Kampala \u00e0 Mbarara billet de bus et dure 4h 2m.<\/p>\n<h2>Billets de bus de Kampala \u00e0 Mbarara Tips<\/h2>\n<p>Mbarara a grandi rapidement et est venu de l&#039;arri\u00e8re pour se d\u00e9velopper plus rapidement que Masaka, Jinja, Entebbe, Gulu et Mbale. Mbarara est maintenant la deuxi\u00e8me plus grande ville m\u00e9tropolitaine apr\u00e8s la ville de Kampala. Mbarara est juste derri\u00e8re Kampala en termes d&#039;industrie, d&#039;importance et d&#039;infrastructures. Des b\u00e2timents modernes ont vu le jour dans la r\u00e9gion \u00e0 un rythme ph\u00e9nom\u00e9nal, notamment des h\u00f4pitaux, des h\u00f4tels, des places, des centres commerciaux et des arcades.<\/p>\n<p>Le district de Mbarara a maintenant une population estim\u00e9e \u00e0 plus d&#039;un million d&#039;habitants. Les Bayankore sont la tribu cl\u00e9 du district. Leur principale activit\u00e9 \u00e9conomique est l&#039;agriculture. Ils cultivaient des cultures et des animaux locaux rares principalement \u00e0 un niveau de subsistance.<\/p>","protected":false},"excerpt":{"rendered":"<p>Cheap Bus Tickets from\u00a0Kampala to Mbarara\u00a0Online Booking Discover your travel route on web, mobile or app and book cheap bus ticket from Kampala to Mbarara online now. Do\u00a0cheap bus from Kampala to Mbarara bus tickets online booking and travel Kampala to Mbarara by road.\u00a0Popularly called as the land of honey and milk, Mbarara area is [&hellip;]<\/p>\n","protected":false},"author":1,"featured_media":13999,"parent":0,"menu_order":0,"comment_status":"open","ping_status":"closed","template":"template-home-modern.php","meta":{"footnotes":""},"class_list":["post-11477","page","type-page","status-publish","has-post-thumbnail","hentry"],"yoast_head":"<!-- This site is optimized with the Yoast SEO plugin v27.2 - https:\/\/yoast.com\/product\/yoast-seo-wordpress\/ -->\n<title>Bus from Kampala to Mbarara Bus Tickets, Fare, Route &amp;\u00a0Schedule<\/title>\n<meta name=\"description\" content=\"Looking for bus from\u00a0Kampala to Mbarara bus ticket booking app, schedules &amp; fares? Book cheap bus tickets from Kampala to Mbarara online\" \/>\n<meta name=\"robots\" content=\"index, follow, max-snippet:-1, max-image-preview:large, max-video-preview:-1\" \/>\n<link rel=\"canonical\" href=\"https:\/\/tiketi.com\/fr-fr\/online-bus-tickets-from-kampala-to-mbarara\/\" \/>\n<meta property=\"og:locale\" content=\"fr_FR\" \/>\n<meta property=\"og:type\" content=\"article\" \/>\n<meta property=\"og:title\" content=\"Bus from Kampala to Mbarara Bus Tickets, Fare, Route &amp;\u00a0Schedule\" \/>\n<meta property=\"og:description\" content=\"Looking for bus from\u00a0Kampala to Mbarara bus ticket booking app, schedules &amp; fares? Book cheap bus tickets from Kampala to Mbarara online\" \/>\n<meta property=\"og:url\" content=\"https:\/\/tiketi.com\/fr-fr\/online-bus-tickets-from-kampala-to-mbarara\/\" \/>\n<meta property=\"og:site_name\" content=\"Tiketi.com\" \/>\n<meta property=\"article:publisher\" content=\"https:\/\/www.facebook.com\/TiketiCom\/\" \/>\n<meta property=\"article:modified_time\" content=\"2022-01-28T19:43:55+00:00\" \/>\n<meta property=\"og:image\" content=\"https:\/\/tiketi.com\/wp-content\/uploads\/2022\/01\/bus-ticket-online-booking.jpg\" \/>\n\t<meta property=\"og:image:width\" content=\"1200\" \/>\n\t<meta property=\"og:image:height\" content=\"206\" \/>\n\t<meta property=\"og:image:type\" content=\"image\/jpeg\" \/>\n<meta name=\"twitter:card\" content=\"summary_large_image\" \/>\n<meta name=\"twitter:label1\" content=\"Dur\u00e9e de lecture estim\u00e9e\" \/>\n\t<meta name=\"twitter:data1\" content=\"2 minutes\" \/>\n<script type=\"application\/ld+json\" class=\"yoast-schema-graph\">{\"@context\":\"https:\/\/schema.org\",\"@graph\":[{\"@type\":\"WebPage\",\"@id\":\"https:\/\/tiketi.com\/online-bus-tickets-from-kampala-to-mbarara\/\",\"url\":\"https:\/\/tiketi.com\/online-bus-tickets-from-kampala-to-mbarara\/\",\"name\":\"Bus from Kampala to Mbarara Bus Tickets, Fare, Route &\u00a0Schedule\",\"isPartOf\":{\"@id\":\"https:\/\/tiketi.com\/#website\"},\"primaryImageOfPage\":{\"@id\":\"https:\/\/tiketi.com\/online-bus-tickets-from-kampala-to-mbarara\/#primaryimage\"},\"image\":{\"@id\":\"https:\/\/tiketi.com\/online-bus-tickets-from-kampala-to-mbarara\/#primaryimage\"},\"thumbnailUrl\":\"https:\/\/tiketi.com\/wp-content\/uploads\/2022\/01\/bus-ticket-online-booking.jpg\",\"datePublished\":\"2022-01-19T11:54:43+00:00\",\"dateModified\":\"2022-01-28T19:43:55+00:00\",\"description\":\"Looking for bus from\u00a0Kampala to Mbarara bus ticket booking app, schedules & fares? Book cheap bus tickets from Kampala to Mbarara online\",\"breadcrumb\":{\"@id\":\"https:\/\/tiketi.com\/online-bus-tickets-from-kampala-to-mbarara\/#breadcrumb\"},\"inLanguage\":\"fr-FR\",\"potentialAction\":[{\"@type\":\"ReadAction\",\"target\":[\"https:\/\/tiketi.com\/online-bus-tickets-from-kampala-to-mbarara\/\"]}]},{\"@type\":\"ImageObject\",\"inLanguage\":\"fr-FR\",\"@id\":\"https:\/\/tiketi.com\/online-bus-tickets-from-kampala-to-mbarara\/#primaryimage\",\"url\":\"https:\/\/tiketi.com\/wp-content\/uploads\/2022\/01\/bus-ticket-online-booking.jpg\",\"contentUrl\":\"https:\/\/tiketi.com\/wp-content\/uploads\/2022\/01\/bus-ticket-online-booking.jpg\",\"width\":1200,\"height\":206,\"caption\":\"Online Bus Ticket Booking\"},{\"@type\":\"BreadcrumbList\",\"@id\":\"https:\/\/tiketi.com\/online-bus-tickets-from-kampala-to-mbarara\/#breadcrumb\",\"itemListElement\":[{\"@type\":\"ListItem\",\"position\":1,\"name\":\"Home\",\"item\":\"https:\/\/tiketi.com\/\"},{\"@type\":\"ListItem\",\"position\":2,\"name\":\"Bus from Kampala to Mbarara Bus Tickets, Fare, Route &#038;\u00a0Schedule\"}]},{\"@type\":\"WebSite\",\"@id\":\"https:\/\/tiketi.com\/#website\",\"url\":\"https:\/\/tiketi.com\/\",\"name\":\"Flight & Bus Tickets, Tour Packages & Activitites - Tiketi.com\",\"description\":\"Flight &amp; Bus Tickets, Tours, Activitites\",\"publisher\":{\"@id\":\"https:\/\/tiketi.com\/#organization\"},\"potentialAction\":[{\"@type\":\"SearchAction\",\"target\":{\"@type\":\"EntryPoint\",\"urlTemplate\":\"https:\/\/tiketi.com\/?s={search_term_string}\"},\"query-input\":{\"@type\":\"PropertyValueSpecification\",\"valueRequired\":true,\"valueName\":\"search_term_string\"}}],\"inLanguage\":\"fr-FR\"},{\"@type\":\"Organization\",\"@id\":\"https:\/\/tiketi.com\/#organization\",\"name\":\"Tiketi.com\",\"alternateName\":\"Tiketi\",\"url\":\"https:\/\/tiketi.com\/\",\"logo\":{\"@type\":\"ImageObject\",\"inLanguage\":\"fr-FR\",\"@id\":\"https:\/\/tiketi.com\/#\/schema\/logo\/image\/\",\"url\":\"https:\/\/tiketi.com\/wp-content\/uploads\/2019\/05\/tiketi-logo-696.png\",\"contentUrl\":\"https:\/\/tiketi.com\/wp-content\/uploads\/2019\/05\/tiketi-logo-696.png\",\"width\":696,\"height\":696,\"caption\":\"Tiketi.com\"},\"image\":{\"@id\":\"https:\/\/tiketi.com\/#\/schema\/logo\/image\/\"},\"sameAs\":[\"https:\/\/www.facebook.com\/TiketiCom\/\"]}]}<\/script>\n<!-- \/ Yoast SEO plugin. -->","yoast_head_json":{"title":"Bus de Kampala \u00e0 Mbarara Billets de bus, tarif, itin\u00e9raire et horaires","description":"\u00c0 la recherche d&#039;une application de r\u00e9servation de billets de bus de Kampala \u00e0 Mbarara, des horaires et des tarifs de bus ? R\u00e9servez en ligne des billets de bus de Kampala \u00e0 Mbarara \u00e0 petits prix","robots":{"index":"index","follow":"follow","max-snippet":"max-snippet:-1","max-image-preview":"max-image-preview:large","max-video-preview":"max-video-preview:-1"},"canonical":"https:\/\/tiketi.com\/fr-fr\/online-bus-tickets-from-kampala-to-mbarara\/","og_locale":"fr_FR","og_type":"article","og_title":"Bus from Kampala to Mbarara Bus Tickets, Fare, Route &\u00a0Schedule","og_description":"Looking for bus from\u00a0Kampala to Mbarara bus ticket booking app, schedules & fares? Book cheap bus tickets from Kampala to Mbarara online","og_url":"https:\/\/tiketi.com\/fr-fr\/online-bus-tickets-from-kampala-to-mbarara\/","og_site_name":"Tiketi.com","article_publisher":"https:\/\/www.facebook.com\/TiketiCom\/","article_modified_time":"2022-01-28T19:43:55+00:00","og_image":[{"width":1200,"height":206,"url":"https:\/\/tiketi.com\/wp-content\/uploads\/2022\/01\/bus-ticket-online-booking.jpg","type":"image\/jpeg"}],"twitter_card":"summary_large_image","twitter_misc":{"Dur\u00e9e de lecture estim\u00e9e":"2 minutes"},"schema":{"@context":"https:\/\/schema.org","@graph":[{"@type":"WebPage","@id":"https:\/\/tiketi.com\/online-bus-tickets-from-kampala-to-mbarara\/","url":"https:\/\/tiketi.com\/online-bus-tickets-from-kampala-to-mbarara\/","name":"Bus de Kampala \u00e0 Mbarara Billets de bus, tarif, itin\u00e9raire et horaires","isPartOf":{"@id":"https:\/\/tiketi.com\/#website"},"primaryImageOfPage":{"@id":"https:\/\/tiketi.com\/online-bus-tickets-from-kampala-to-mbarara\/#primaryimage"},"image":{"@id":"https:\/\/tiketi.com\/online-bus-tickets-from-kampala-to-mbarara\/#primaryimage"},"thumbnailUrl":"https:\/\/tiketi.com\/wp-content\/uploads\/2022\/01\/bus-ticket-online-booking.jpg","datePublished":"2022-01-19T11:54:43+00:00","dateModified":"2022-01-28T19:43:55+00:00","description":"\u00c0 la recherche d&#039;une application de r\u00e9servation de billets de bus de Kampala \u00e0 Mbarara, des horaires et des tarifs de bus ? R\u00e9servez en ligne des billets de bus de Kampala \u00e0 Mbarara \u00e0 petits prix","breadcrumb":{"@id":"https:\/\/tiketi.com\/online-bus-tickets-from-kampala-to-mbarara\/#breadcrumb"},"inLanguage":"fr-FR","potentialAction":[{"@type":"ReadAction","target":["https:\/\/tiketi.com\/online-bus-tickets-from-kampala-to-mbarara\/"]}]},{"@type":"ImageObject","inLanguage":"fr-FR","@id":"https:\/\/tiketi.com\/online-bus-tickets-from-kampala-to-mbarara\/#primaryimage","url":"https:\/\/tiketi.com\/wp-content\/uploads\/2022\/01\/bus-ticket-online-booking.jpg","contentUrl":"https:\/\/tiketi.com\/wp-content\/uploads\/2022\/01\/bus-ticket-online-booking.jpg","width":1200,"height":206,"caption":"Online Bus Ticket Booking"},{"@type":"BreadcrumbList","@id":"https:\/\/tiketi.com\/online-bus-tickets-from-kampala-to-mbarara\/#breadcrumb","itemListElement":[{"@type":"ListItem","position":1,"name":"Home","item":"https:\/\/tiketi.com\/"},{"@type":"ListItem","position":2,"name":"Bus from Kampala to Mbarara Bus Tickets, Fare, Route &#038;\u00a0Schedule"}]},{"@type":"WebSite","@id":"https:\/\/tiketi.com\/#website","url":"https:\/\/tiketi.com\/","name":"Billets d&#039;avion et de bus, forfaits touristiques et activit\u00e9s - Tiketi.com","description":"Billets d&#039;avion et de bus, Tours, Activit\u00e9s","publisher":{"@id":"https:\/\/tiketi.com\/#organization"},"potentialAction":[{"@type":"SearchAction","target":{"@type":"EntryPoint","urlTemplate":"https:\/\/tiketi.com\/?s={search_term_string}"},"query-input":{"@type":"PropertyValueSpecification","valueRequired":true,"valueName":"search_term_string"}}],"inLanguage":"fr-FR"},{"@type":"Organization","@id":"https:\/\/tiketi.com\/#organization","name":"Tiketi.com","alternateName":"Tiketi","url":"https:\/\/tiketi.com\/","logo":{"@type":"ImageObject","inLanguage":"fr-FR","@id":"https:\/\/tiketi.com\/#\/schema\/logo\/image\/","url":"https:\/\/tiketi.com\/wp-content\/uploads\/2019\/05\/tiketi-logo-696.png","contentUrl":"https:\/\/tiketi.com\/wp-content\/uploads\/2019\/05\/tiketi-logo-696.png","width":696,"height":696,"caption":"Tiketi.com"},"image":{"@id":"https:\/\/tiketi.com\/#\/schema\/logo\/image\/"},"sameAs":["https:\/\/www.facebook.com\/TiketiCom\/"]}]}},"_links":{"self":[{"href":"https:\/\/tiketi.com\/fr-fr\/wp-json\/wp\/v2\/pages\/11477","targetHints":{"allow":["GET"]}}],"collection":[{"href":"https:\/\/tiketi.com\/fr-fr\/wp-json\/wp\/v2\/pages"}],"about":[{"href":"https:\/\/tiketi.com\/fr-fr\/wp-json\/wp\/v2\/types\/page"}],"author":[{"embeddable":true,"href":"https:\/\/tiketi.com\/fr-fr\/wp-json\/wp\/v2\/users\/1"}],"replies":[{"embeddable":true,"href":"https:\/\/tiketi.com\/fr-fr\/wp-json\/wp\/v2\/comments?post=11477"}],"version-history":[{"count":0,"href":"https:\/\/tiketi.com\/fr-fr\/wp-json\/wp\/v2\/pages\/11477\/revisions"}],"wp:featuredmedia":[{"embeddable":true,"href":"https:\/\/tiketi.com\/fr-fr\/wp-json\/wp\/v2\/media\/13999"}],"wp:attachment":[{"href":"https:\/\/tiketi.com\/fr-fr\/wp-json\/wp\/v2\/media?parent=11477"}],"curies":[{"name":"wp","href":"https:\/\/api.w.org\/{rel}","templated":true}]}}