{"id":11480,"date":"2022-01-19T12:54:43","date_gmt":"2022-01-19T11:54:43","guid":{"rendered":"https:\/\/new.tiketi.com\/bus-from-kampala-to-lira-bus-tickets-fare-route-schedule\/"},"modified":"2022-01-28T20:24:28","modified_gmt":"2022-01-28T19:24:28","slug":"online-bus-tickets-from-kampala-to-lira","status":"publish","type":"page","link":"https:\/\/tiketi.com\/fr-fr\/online-bus-tickets-from-kampala-to-lira\/","title":{"rendered":"Bus de Kampala \u00e0 Lira Billets de bus, tarif, itin\u00e9raire et horaires"},"content":{"rendered":"<h2>Billets de bus pas chers de Kampala \u00e0 Lira R\u00e9servation en ligne<\/h2>\n<h3>D\u00e9couvrez votre itin\u00e9raire de voyage sur le web, le mobile ou l&#039;application et r\u00e9servez en ligne maintenant un billet de bus pas cher de Kampala \u00e0 Lira<\/h3>\n<p>R\u00e9servez en ligne des billets de bus pas chers de Kampala \u00e0 Lira et voyagez de Kampala \u00e0 Lira par la route. Situ\u00e9e au nord, \u00e0 352 km de Kampala, la ville de Lira est un centre administratif, municipal et commercial avec des habitants sympathiques, hospitaliers et chaleureux. Il se trouve \u00e0 environ 110 km par la route au sud-est de la ville de Gulu sur l&#039;autoroute entre Mbale et Gulu. Voici le guide sur la fa\u00e7on de r\u00e9server des billets de bus de Kampala \u00e0 Lira :<\/p>\n<h2>Bus de Kampala \u00e0 Lira R\u00e9servation de billets de bus, itin\u00e9raires, horaires et tarifs FAQ<\/h2>\n<h3>Le bus de Kampala \u00e0 Lira est-il le moyen abordable de se rendre \u00e0 Lira ?<\/h3>\n<p>Le moyen abordable de se rendre de Kampala \u00e0 Lira en bus. Les billets de bus pas chers de Kampala \u00e0 Lira $29 \u2013 $45 et dure 4h 50m.<\/p>\n<h3>Quel est le moyen le plus rapide pour se rendre de Kampala \u00e0 Lire ?<\/h3>\n<p>Le moyen le plus rapide pour se rendre de Kampala \u00e0 Lira en bus. Kampala \u00e0 Lira bus $29 - $45 et dure 4h 50m.<\/p>\n<h3>Quelle est la distance du trajet de bus Kampala \u00e0 Lira ?<\/h3>\n<p>La distance du trajet de Kampala \u00e0 Lira de bus est de 218 km.<\/p>\n<h3>Puis-je conduire de Kampala \u00e0 Lire ?<\/h3>\n<p>Oui, la distance entre Lire et Kampala est de 341 km. il faut environ 4h 50m pour conduire de Kampala \u00e0 Lire.<\/p>\n<h3>Combien de temps faut-il pour se d\u00e9placer de Kampala \u00e0 Lira ?<\/h3>\n<p>Il faut environ 4h 50m pour aller de Kampala \u00e0 Lire.<\/p>\n<h2>Billets de bus de Kampala \u00e0 Lira Tips<\/h2>\n<p>La langue officielle est l&#039;anglais et elle est largement parl\u00e9e bien que la plupart des gens parlent le lango comme langue seconde.<\/p>\n<p>Lira est desservie par un r\u00e9seau de gares ferroviaires ougandaises de toute fa\u00e7on actuellement il ne fonctionne pas, la ville est \u00e9galement desservie par les transports publics civils, l&#039;a\u00e9roport de Lira est r\u00e9gi par l&#039;Autorit\u00e9 ougandaise de l&#039;aviation civile. Les bus sont un moyen s\u00fbr et abordable de voyager principalement pendant la journ\u00e9e.<\/p>\n<p>Enfin et surtout, comme toute autre ville vitale de Lira a ses monuments et sa collection et les villes incontournables, certains de ces monuments sont les bureaux du Lira Council, du Lira Central Market et du Lira Town College.<\/p>","protected":false},"excerpt":{"rendered":"<p>Cheap Bus Tickets from Kampala to Lira\u00a0Online Booking Discover your travel route on web, mobile or app and book cheap bus ticket from Kampala to Lira online now Do\u00a0cheap bus from Kampala to Lira bus tickets online booking and travel Kampala to Lira by road.\u00a0Placed in the north, 352km from Kampala, the town of Lira [&hellip;]<\/p>\n","protected":false},"author":1,"featured_media":13999,"parent":0,"menu_order":0,"comment_status":"open","ping_status":"closed","template":"template-home-modern.php","meta":{"footnotes":""},"class_list":["post-11480","page","type-page","status-publish","has-post-thumbnail","hentry"],"yoast_head":"<!-- This site is optimized with the Yoast SEO plugin v27.4 - https:\/\/yoast.com\/product\/yoast-seo-wordpress\/ -->\n<title>Bus from Kampala to Lira Bus Tickets, Fare, Route &amp;\u00a0Schedule<\/title>\n<meta name=\"description\" content=\"Looking for bus from\u00a0Kampala to Lira bus tickets booking, routes, schedules &amp; fares? Book cheap bus tickets from Kampala to Lira online now\" \/>\n<meta name=\"robots\" content=\"index, follow, max-snippet:-1, max-image-preview:large, max-video-preview:-1\" \/>\n<link rel=\"canonical\" href=\"https:\/\/tiketi.com\/fr-fr\/online-bus-tickets-from-kampala-to-lira\/\" \/>\n<meta property=\"og:locale\" content=\"fr_FR\" \/>\n<meta property=\"og:type\" content=\"article\" \/>\n<meta property=\"og:title\" content=\"Bus from Kampala to Lira Bus Tickets, Fare, Route &amp;\u00a0Schedule\" \/>\n<meta property=\"og:description\" content=\"Looking for bus from\u00a0Kampala to Lira bus tickets booking, routes, schedules &amp; fares? Book cheap bus tickets from Kampala to Lira online now\" \/>\n<meta property=\"og:url\" content=\"https:\/\/tiketi.com\/fr-fr\/online-bus-tickets-from-kampala-to-lira\/\" \/>\n<meta property=\"og:site_name\" content=\"Tiketi.com\" \/>\n<meta property=\"article:publisher\" content=\"https:\/\/www.facebook.com\/TiketiCom\/\" \/>\n<meta property=\"article:modified_time\" content=\"2022-01-28T19:24:28+00:00\" \/>\n<meta property=\"og:image\" content=\"https:\/\/tiketi.com\/wp-content\/uploads\/2022\/01\/bus-ticket-online-booking.jpg\" \/>\n\t<meta property=\"og:image:width\" content=\"1200\" \/>\n\t<meta property=\"og:image:height\" content=\"206\" \/>\n\t<meta property=\"og:image:type\" content=\"image\/jpeg\" \/>\n<meta name=\"twitter:card\" content=\"summary_large_image\" \/>\n<meta name=\"twitter:label1\" content=\"Dur\u00e9e de lecture estim\u00e9e\" \/>\n\t<meta name=\"twitter:data1\" content=\"2 minutes\" \/>\n<script type=\"application\/ld+json\" class=\"yoast-schema-graph\">{\"@context\":\"https:\\\/\\\/schema.org\",\"@graph\":[{\"@type\":\"WebPage\",\"@id\":\"https:\\\/\\\/tiketi.com\\\/online-bus-tickets-from-kampala-to-lira\\\/\",\"url\":\"https:\\\/\\\/tiketi.com\\\/online-bus-tickets-from-kampala-to-lira\\\/\",\"name\":\"Bus from Kampala to Lira Bus Tickets, Fare, Route &\u00a0Schedule\",\"isPartOf\":{\"@id\":\"https:\\\/\\\/tiketi.com\\\/#website\"},\"primaryImageOfPage\":{\"@id\":\"https:\\\/\\\/tiketi.com\\\/online-bus-tickets-from-kampala-to-lira\\\/#primaryimage\"},\"image\":{\"@id\":\"https:\\\/\\\/tiketi.com\\\/online-bus-tickets-from-kampala-to-lira\\\/#primaryimage\"},\"thumbnailUrl\":\"https:\\\/\\\/tiketi.com\\\/wp-content\\\/uploads\\\/2022\\\/01\\\/bus-ticket-online-booking.jpg\",\"datePublished\":\"2022-01-19T11:54:43+00:00\",\"dateModified\":\"2022-01-28T19:24:28+00:00\",\"description\":\"Looking for bus from\u00a0Kampala to Lira bus tickets booking, routes, schedules & fares? Book cheap bus tickets from Kampala to Lira online now\",\"breadcrumb\":{\"@id\":\"https:\\\/\\\/tiketi.com\\\/online-bus-tickets-from-kampala-to-lira\\\/#breadcrumb\"},\"inLanguage\":\"fr-FR\",\"potentialAction\":[{\"@type\":\"ReadAction\",\"target\":[\"https:\\\/\\\/tiketi.com\\\/online-bus-tickets-from-kampala-to-lira\\\/\"]}]},{\"@type\":\"ImageObject\",\"inLanguage\":\"fr-FR\",\"@id\":\"https:\\\/\\\/tiketi.com\\\/online-bus-tickets-from-kampala-to-lira\\\/#primaryimage\",\"url\":\"https:\\\/\\\/tiketi.com\\\/wp-content\\\/uploads\\\/2022\\\/01\\\/bus-ticket-online-booking.jpg\",\"contentUrl\":\"https:\\\/\\\/tiketi.com\\\/wp-content\\\/uploads\\\/2022\\\/01\\\/bus-ticket-online-booking.jpg\",\"width\":1200,\"height\":206,\"caption\":\"Online Bus Ticket Booking\"},{\"@type\":\"BreadcrumbList\",\"@id\":\"https:\\\/\\\/tiketi.com\\\/online-bus-tickets-from-kampala-to-lira\\\/#breadcrumb\",\"itemListElement\":[{\"@type\":\"ListItem\",\"position\":1,\"name\":\"Home\",\"item\":\"https:\\\/\\\/tiketi.com\\\/\"},{\"@type\":\"ListItem\",\"position\":2,\"name\":\"Bus from Kampala to Lira Bus Tickets, Fare, Route &#038;\u00a0Schedule\"}]},{\"@type\":\"WebSite\",\"@id\":\"https:\\\/\\\/tiketi.com\\\/#website\",\"url\":\"https:\\\/\\\/tiketi.com\\\/\",\"name\":\"Flight & Bus Tickets, Tour Packages & Activitites - Tiketi.com\",\"description\":\"Flight &amp; Bus Tickets, Tours, Activitites\",\"publisher\":{\"@id\":\"https:\\\/\\\/tiketi.com\\\/#organization\"},\"potentialAction\":[{\"@type\":\"SearchAction\",\"target\":{\"@type\":\"EntryPoint\",\"urlTemplate\":\"https:\\\/\\\/tiketi.com\\\/?s={search_term_string}\"},\"query-input\":{\"@type\":\"PropertyValueSpecification\",\"valueRequired\":true,\"valueName\":\"search_term_string\"}}],\"inLanguage\":\"fr-FR\"},{\"@type\":\"Organization\",\"@id\":\"https:\\\/\\\/tiketi.com\\\/#organization\",\"name\":\"Tiketi.com\",\"alternateName\":\"Tiketi\",\"url\":\"https:\\\/\\\/tiketi.com\\\/\",\"logo\":{\"@type\":\"ImageObject\",\"inLanguage\":\"fr-FR\",\"@id\":\"https:\\\/\\\/tiketi.com\\\/#\\\/schema\\\/logo\\\/image\\\/\",\"url\":\"https:\\\/\\\/tiketi.com\\\/wp-content\\\/uploads\\\/2019\\\/05\\\/tiketi-logo-696.png\",\"contentUrl\":\"https:\\\/\\\/tiketi.com\\\/wp-content\\\/uploads\\\/2019\\\/05\\\/tiketi-logo-696.png\",\"width\":696,\"height\":696,\"caption\":\"Tiketi.com\"},\"image\":{\"@id\":\"https:\\\/\\\/tiketi.com\\\/#\\\/schema\\\/logo\\\/image\\\/\"},\"sameAs\":[\"https:\\\/\\\/www.facebook.com\\\/TiketiCom\\\/\"]}]}<\/script>\n<!-- \/ Yoast SEO plugin. -->","yoast_head_json":{"title":"Bus de Kampala \u00e0 Lira Billets de bus, tarif, itin\u00e9raire et horaires","description":"\u00c0 la recherche de billets de bus de Kampala \u00e0 Lira, r\u00e9servations d&#039;itin\u00e9raires, horaires et tarifs ? R\u00e9servez en ligne maintenant des billets de bus \u00e0 bas prix de Kampala \u00e0 Lira","robots":{"index":"index","follow":"follow","max-snippet":"max-snippet:-1","max-image-preview":"max-image-preview:large","max-video-preview":"max-video-preview:-1"},"canonical":"https:\/\/tiketi.com\/fr-fr\/online-bus-tickets-from-kampala-to-lira\/","og_locale":"fr_FR","og_type":"article","og_title":"Bus from Kampala to Lira Bus Tickets, Fare, Route &\u00a0Schedule","og_description":"Looking for bus from\u00a0Kampala to Lira bus tickets booking, routes, schedules & fares? Book cheap bus tickets from Kampala to Lira online now","og_url":"https:\/\/tiketi.com\/fr-fr\/online-bus-tickets-from-kampala-to-lira\/","og_site_name":"Tiketi.com","article_publisher":"https:\/\/www.facebook.com\/TiketiCom\/","article_modified_time":"2022-01-28T19:24:28+00:00","og_image":[{"width":1200,"height":206,"url":"https:\/\/tiketi.com\/wp-content\/uploads\/2022\/01\/bus-ticket-online-booking.jpg","type":"image\/jpeg"}],"twitter_card":"summary_large_image","twitter_misc":{"Dur\u00e9e de lecture estim\u00e9e":"2 minutes"},"schema":{"@context":"https:\/\/schema.org","@graph":[{"@type":"WebPage","@id":"https:\/\/tiketi.com\/online-bus-tickets-from-kampala-to-lira\/","url":"https:\/\/tiketi.com\/online-bus-tickets-from-kampala-to-lira\/","name":"Bus de Kampala \u00e0 Lira Billets de bus, tarif, itin\u00e9raire et horaires","isPartOf":{"@id":"https:\/\/tiketi.com\/#website"},"primaryImageOfPage":{"@id":"https:\/\/tiketi.com\/online-bus-tickets-from-kampala-to-lira\/#primaryimage"},"image":{"@id":"https:\/\/tiketi.com\/online-bus-tickets-from-kampala-to-lira\/#primaryimage"},"thumbnailUrl":"https:\/\/tiketi.com\/wp-content\/uploads\/2022\/01\/bus-ticket-online-booking.jpg","datePublished":"2022-01-19T11:54:43+00:00","dateModified":"2022-01-28T19:24:28+00:00","description":"\u00c0 la recherche de billets de bus de Kampala \u00e0 Lira, r\u00e9servations d&#039;itin\u00e9raires, horaires et tarifs ? R\u00e9servez en ligne maintenant des billets de bus \u00e0 bas prix de Kampala \u00e0 Lira","breadcrumb":{"@id":"https:\/\/tiketi.com\/online-bus-tickets-from-kampala-to-lira\/#breadcrumb"},"inLanguage":"fr-FR","potentialAction":[{"@type":"ReadAction","target":["https:\/\/tiketi.com\/online-bus-tickets-from-kampala-to-lira\/"]}]},{"@type":"ImageObject","inLanguage":"fr-FR","@id":"https:\/\/tiketi.com\/online-bus-tickets-from-kampala-to-lira\/#primaryimage","url":"https:\/\/tiketi.com\/wp-content\/uploads\/2022\/01\/bus-ticket-online-booking.jpg","contentUrl":"https:\/\/tiketi.com\/wp-content\/uploads\/2022\/01\/bus-ticket-online-booking.jpg","width":1200,"height":206,"caption":"Online Bus Ticket Booking"},{"@type":"BreadcrumbList","@id":"https:\/\/tiketi.com\/online-bus-tickets-from-kampala-to-lira\/#breadcrumb","itemListElement":[{"@type":"ListItem","position":1,"name":"Home","item":"https:\/\/tiketi.com\/"},{"@type":"ListItem","position":2,"name":"Bus from Kampala to Lira Bus Tickets, Fare, Route &#038;\u00a0Schedule"}]},{"@type":"WebSite","@id":"https:\/\/tiketi.com\/#website","url":"https:\/\/tiketi.com\/","name":"Billets d&#039;avion et de bus, forfaits touristiques et activit\u00e9s - Tiketi.com","description":"Billets d&#039;avion et de bus, Tours, Activit\u00e9s","publisher":{"@id":"https:\/\/tiketi.com\/#organization"},"potentialAction":[{"@type":"SearchAction","target":{"@type":"EntryPoint","urlTemplate":"https:\/\/tiketi.com\/?s={search_term_string}"},"query-input":{"@type":"PropertyValueSpecification","valueRequired":true,"valueName":"search_term_string"}}],"inLanguage":"fr-FR"},{"@type":"Organization","@id":"https:\/\/tiketi.com\/#organization","name":"Tiketi.com","alternateName":"Tiketi","url":"https:\/\/tiketi.com\/","logo":{"@type":"ImageObject","inLanguage":"fr-FR","@id":"https:\/\/tiketi.com\/#\/schema\/logo\/image\/","url":"https:\/\/tiketi.com\/wp-content\/uploads\/2019\/05\/tiketi-logo-696.png","contentUrl":"https:\/\/tiketi.com\/wp-content\/uploads\/2019\/05\/tiketi-logo-696.png","width":696,"height":696,"caption":"Tiketi.com"},"image":{"@id":"https:\/\/tiketi.com\/#\/schema\/logo\/image\/"},"sameAs":["https:\/\/www.facebook.com\/TiketiCom\/"]}]}},"_links":{"self":[{"href":"https:\/\/tiketi.com\/fr-fr\/wp-json\/wp\/v2\/pages\/11480","targetHints":{"allow":["GET"]}}],"collection":[{"href":"https:\/\/tiketi.com\/fr-fr\/wp-json\/wp\/v2\/pages"}],"about":[{"href":"https:\/\/tiketi.com\/fr-fr\/wp-json\/wp\/v2\/types\/page"}],"author":[{"embeddable":true,"href":"https:\/\/tiketi.com\/fr-fr\/wp-json\/wp\/v2\/users\/1"}],"replies":[{"embeddable":true,"href":"https:\/\/tiketi.com\/fr-fr\/wp-json\/wp\/v2\/comments?post=11480"}],"version-history":[{"count":0,"href":"https:\/\/tiketi.com\/fr-fr\/wp-json\/wp\/v2\/pages\/11480\/revisions"}],"wp:featuredmedia":[{"embeddable":true,"href":"https:\/\/tiketi.com\/fr-fr\/wp-json\/wp\/v2\/media\/13999"}],"wp:attachment":[{"href":"https:\/\/tiketi.com\/fr-fr\/wp-json\/wp\/v2\/media?parent=11480"}],"curies":[{"name":"wp","href":"https:\/\/api.w.org\/{rel}","templated":true}]}}