{"id":11481,"date":"2022-01-19T12:54:43","date_gmt":"2022-01-19T11:54:43","guid":{"rendered":"https:\/\/new.tiketi.com\/bus-from-kampala-to-kasese-bus-tickets-fare-route-schedule\/"},"modified":"2022-01-28T19:49:05","modified_gmt":"2022-01-28T18:49:05","slug":"online-bus-tickets-from-kampala-to-kasese","status":"publish","type":"page","link":"https:\/\/tiketi.com\/fr-fr\/online-bus-tickets-from-kampala-to-kasese\/","title":{"rendered":"Bus de Kampala \u00e0 Kasese Billets de bus, tarif, itin\u00e9raire et horaires"},"content":{"rendered":"<h2>Billets de bus pas chers de Kampala \u00e0 Kasese R\u00e9servation en ligne<\/h2>\n<h3>D\u00e9couvrez votre itin\u00e9raire sur le web, le mobile ou l&#039;application et r\u00e9servez en ligne maintenant un billet de bus pas cher de Kampala \u00e0 Kasese.<\/h3>\n<p>R\u00e9servez en ligne des billets de bus pas chers de Kampala \u00e0 Kasese et voyagez de Kampala \u00e0 Kasese par la route. Kasese est une ville au nord du lac George dans la r\u00e9gion occidentale de l&#039;Ouganda. Il s&#039;est en fait d\u00e9velopp\u00e9 autour de la mine de cuivre de Kilembe, tandis que l&#039;attention s&#039;est ensuite tourn\u00e9e vers l&#039;extraction du cobalt. C&#039;est la ville cl\u00e9 du district de Kasese, et le si\u00e8ge de la r\u00e9gion y est plac\u00e9. Voici le guide sur la fa\u00e7on de r\u00e9server des billets de bus de Kampala \u00e0 Kasese :<\/p>\n<h2>Bus de Kampala \u00e0 Kasese R\u00e9servation de billets de bus, itin\u00e9raires, horaires et tarifs FAQ<\/h2>\n<h3>Quel est le moyen abordable pour se rendre de Kampala \u00e0 Kasese ?<\/h3>\n<p>Le moyen abordable de se rendre de Kampala \u00e0 Kasese en bus. Les billets de bus pas chers de Kampala \u00e0 Kasese $30 \u2013 $50 et dure 5h 50m.<\/p>\n<h3>Y a-t-il un bus direct de Kampala \u00e0 Kasese ?<\/h3>\n<p>Oui, il y a un bus direct de Kampala \u00e0 Kasese et arrive \u00e0 Kasese. Les services partent toutes les 3 heures, et circulent tous les jours. Le trajet dure environ 5h 35m.<\/p>\n<h3>Comment se d\u00e9placer de Kamapala \u00e0 Kasese sans v\u00e9hicule personnel ?<\/h3>\n<p>Le meilleur moyen pour se rendre de Kampala \u00e0 Kasese sans v\u00e9hicule personnel est de bus, ce qui dure 5h 35min et co\u00fbte.<\/p>\n<h3>Avion ou bus de Kampala \u00e0 Kasese ?<\/h3>\n<p>Le meilleur moyen de se rendre de Kampala \u00e0 Kasese est de <a href=\"https:\/\/tiketi.com\/fr-fr\/flightst\/\" target=\"_blank\" rel=\"noopener\">voler<\/a> qui prend 1h 50m et co\u00fbte $230 \u2013 $300. Sinon, vous pouvez bus, Kampala \u00e0 Kasese trajet en bus et dure 5h 35m.<\/p>\n<h3>O\u00f9 prendre le bus depuis Kampala pour Kasese ?<\/h3>\n<p>Les services de bus de Kampala \u00e0 Kasese, g\u00e9r\u00e9s par Link Bus services, partent de la gare de Kampala.<\/p>\n<h2>Billets de bus de Kampala \u00e0 Kasese Tips<\/h2>\n<p>La ville est une porte d&#039;entr\u00e9e vers le parc national Queen Elizabeth et les incroyables montagnes Rwenzori, de toute fa\u00e7on ce statut peut remplacer si l&#039;a\u00e9roport local est mis \u00e0 niveau pour compl\u00e9ter l&#039;a\u00e9roport international comme pr\u00e9vu. Kasese est probablement le meilleur endroit pour s\u00e9journer lors de la visite de ces attractions bordant litt\u00e9ralement le parc national Queen Elizabeth et tout ce qu&#039;il a \u00e0 offrir et \u00e0 seulement 16 miles du parc national des monts Rwenzori dans la vall\u00e9e du Rift.<\/p>","protected":false},"excerpt":{"rendered":"<p>Cheap Bus Tickets from\u00a0Kampala to Kasese\u00a0Online Booking Discover your travel route on web, mobile or app and book cheap bus ticket from Kampala to Kasese online now. Do\u00a0cheap bus from Kampala to Kasese bus tickets online booking and travel Kampala to Kasese by road.\u00a0Kasese is a town north of Lake George in the Western area [&hellip;]<\/p>\n","protected":false},"author":1,"featured_media":13999,"parent":0,"menu_order":0,"comment_status":"open","ping_status":"closed","template":"template-home-modern.php","meta":{"footnotes":""},"class_list":["post-11481","page","type-page","status-publish","has-post-thumbnail","hentry"],"yoast_head":"<!-- This site is optimized with the Yoast SEO plugin v27.2 - https:\/\/yoast.com\/product\/yoast-seo-wordpress\/ -->\n<title>Bus from Kampala to Kasese Bus Tickets, Fare, Route &amp;\u00a0Schedule<\/title>\n<meta name=\"description\" content=\"Looking for bus from\u00a0Kampala to Kasese bus tickets booking app, route, schedule &amp; fare? Book cheap bus tickets from Kampala to Kasese online\" \/>\n<meta name=\"robots\" content=\"index, follow, max-snippet:-1, max-image-preview:large, max-video-preview:-1\" \/>\n<link rel=\"canonical\" href=\"https:\/\/tiketi.com\/fr-fr\/online-bus-tickets-from-kampala-to-kasese\/\" \/>\n<meta property=\"og:locale\" content=\"fr_FR\" \/>\n<meta property=\"og:type\" content=\"article\" \/>\n<meta property=\"og:title\" content=\"Bus from Kampala to Kasese Bus Tickets, Fare, Route &amp;\u00a0Schedule\" \/>\n<meta property=\"og:description\" content=\"Looking for bus from\u00a0Kampala to Kasese bus tickets booking app, route, schedule &amp; fare? Book cheap bus tickets from Kampala to Kasese online\" \/>\n<meta property=\"og:url\" content=\"https:\/\/tiketi.com\/fr-fr\/online-bus-tickets-from-kampala-to-kasese\/\" \/>\n<meta property=\"og:site_name\" content=\"Tiketi.com\" \/>\n<meta property=\"article:publisher\" content=\"https:\/\/www.facebook.com\/TiketiCom\/\" \/>\n<meta property=\"article:modified_time\" content=\"2022-01-28T18:49:05+00:00\" \/>\n<meta property=\"og:image\" content=\"https:\/\/tiketi.com\/wp-content\/uploads\/2022\/01\/bus-ticket-online-booking.jpg\" \/>\n\t<meta property=\"og:image:width\" content=\"1200\" \/>\n\t<meta property=\"og:image:height\" content=\"206\" \/>\n\t<meta property=\"og:image:type\" content=\"image\/jpeg\" \/>\n<meta name=\"twitter:card\" content=\"summary_large_image\" \/>\n<meta name=\"twitter:label1\" content=\"Dur\u00e9e de lecture estim\u00e9e\" \/>\n\t<meta name=\"twitter:data1\" content=\"2 minutes\" \/>\n<script type=\"application\/ld+json\" class=\"yoast-schema-graph\">{\"@context\":\"https:\/\/schema.org\",\"@graph\":[{\"@type\":\"WebPage\",\"@id\":\"https:\/\/tiketi.com\/online-bus-tickets-from-kampala-to-kasese\/\",\"url\":\"https:\/\/tiketi.com\/online-bus-tickets-from-kampala-to-kasese\/\",\"name\":\"Bus from Kampala to Kasese Bus Tickets, Fare, Route &\u00a0Schedule\",\"isPartOf\":{\"@id\":\"https:\/\/tiketi.com\/#website\"},\"primaryImageOfPage\":{\"@id\":\"https:\/\/tiketi.com\/online-bus-tickets-from-kampala-to-kasese\/#primaryimage\"},\"image\":{\"@id\":\"https:\/\/tiketi.com\/online-bus-tickets-from-kampala-to-kasese\/#primaryimage\"},\"thumbnailUrl\":\"https:\/\/tiketi.com\/wp-content\/uploads\/2022\/01\/bus-ticket-online-booking.jpg\",\"datePublished\":\"2022-01-19T11:54:43+00:00\",\"dateModified\":\"2022-01-28T18:49:05+00:00\",\"description\":\"Looking for bus from\u00a0Kampala to Kasese bus tickets booking app, route, schedule & fare? Book cheap bus tickets from Kampala to Kasese online\",\"breadcrumb\":{\"@id\":\"https:\/\/tiketi.com\/online-bus-tickets-from-kampala-to-kasese\/#breadcrumb\"},\"inLanguage\":\"fr-FR\",\"potentialAction\":[{\"@type\":\"ReadAction\",\"target\":[\"https:\/\/tiketi.com\/online-bus-tickets-from-kampala-to-kasese\/\"]}]},{\"@type\":\"ImageObject\",\"inLanguage\":\"fr-FR\",\"@id\":\"https:\/\/tiketi.com\/online-bus-tickets-from-kampala-to-kasese\/#primaryimage\",\"url\":\"https:\/\/tiketi.com\/wp-content\/uploads\/2022\/01\/bus-ticket-online-booking.jpg\",\"contentUrl\":\"https:\/\/tiketi.com\/wp-content\/uploads\/2022\/01\/bus-ticket-online-booking.jpg\",\"width\":1200,\"height\":206,\"caption\":\"Online Bus Ticket Booking\"},{\"@type\":\"BreadcrumbList\",\"@id\":\"https:\/\/tiketi.com\/online-bus-tickets-from-kampala-to-kasese\/#breadcrumb\",\"itemListElement\":[{\"@type\":\"ListItem\",\"position\":1,\"name\":\"Home\",\"item\":\"https:\/\/tiketi.com\/\"},{\"@type\":\"ListItem\",\"position\":2,\"name\":\"Bus from Kampala to Kasese Bus Tickets, Fare, Route &#038;\u00a0Schedule\"}]},{\"@type\":\"WebSite\",\"@id\":\"https:\/\/tiketi.com\/#website\",\"url\":\"https:\/\/tiketi.com\/\",\"name\":\"Flight & Bus Tickets, Tour Packages & Activitites - Tiketi.com\",\"description\":\"Flight &amp; Bus Tickets, Tours, Activitites\",\"publisher\":{\"@id\":\"https:\/\/tiketi.com\/#organization\"},\"potentialAction\":[{\"@type\":\"SearchAction\",\"target\":{\"@type\":\"EntryPoint\",\"urlTemplate\":\"https:\/\/tiketi.com\/?s={search_term_string}\"},\"query-input\":{\"@type\":\"PropertyValueSpecification\",\"valueRequired\":true,\"valueName\":\"search_term_string\"}}],\"inLanguage\":\"fr-FR\"},{\"@type\":\"Organization\",\"@id\":\"https:\/\/tiketi.com\/#organization\",\"name\":\"Tiketi.com\",\"alternateName\":\"Tiketi\",\"url\":\"https:\/\/tiketi.com\/\",\"logo\":{\"@type\":\"ImageObject\",\"inLanguage\":\"fr-FR\",\"@id\":\"https:\/\/tiketi.com\/#\/schema\/logo\/image\/\",\"url\":\"https:\/\/tiketi.com\/wp-content\/uploads\/2019\/05\/tiketi-logo-696.png\",\"contentUrl\":\"https:\/\/tiketi.com\/wp-content\/uploads\/2019\/05\/tiketi-logo-696.png\",\"width\":696,\"height\":696,\"caption\":\"Tiketi.com\"},\"image\":{\"@id\":\"https:\/\/tiketi.com\/#\/schema\/logo\/image\/\"},\"sameAs\":[\"https:\/\/www.facebook.com\/TiketiCom\/\"]}]}<\/script>\n<!-- \/ Yoast SEO plugin. -->","yoast_head_json":{"title":"Bus de Kampala \u00e0 Kasese Billets de bus, tarif, itin\u00e9raire et horaires","description":"\u00c0 la recherche d&#039;une application de r\u00e9servation de bus de Kampala \u00e0 Kasese pour les billets de bus, d&#039;un itin\u00e9raire, d&#039;un horaire et d&#039;un tarif\u00a0? R\u00e9servez en ligne des billets de bus de Kampala \u00e0 Kasese","robots":{"index":"index","follow":"follow","max-snippet":"max-snippet:-1","max-image-preview":"max-image-preview:large","max-video-preview":"max-video-preview:-1"},"canonical":"https:\/\/tiketi.com\/fr-fr\/online-bus-tickets-from-kampala-to-kasese\/","og_locale":"fr_FR","og_type":"article","og_title":"Bus from Kampala to Kasese Bus Tickets, Fare, Route &\u00a0Schedule","og_description":"Looking for bus from\u00a0Kampala to Kasese bus tickets booking app, route, schedule & fare? Book cheap bus tickets from Kampala to Kasese online","og_url":"https:\/\/tiketi.com\/fr-fr\/online-bus-tickets-from-kampala-to-kasese\/","og_site_name":"Tiketi.com","article_publisher":"https:\/\/www.facebook.com\/TiketiCom\/","article_modified_time":"2022-01-28T18:49:05+00:00","og_image":[{"width":1200,"height":206,"url":"https:\/\/tiketi.com\/wp-content\/uploads\/2022\/01\/bus-ticket-online-booking.jpg","type":"image\/jpeg"}],"twitter_card":"summary_large_image","twitter_misc":{"Dur\u00e9e de lecture estim\u00e9e":"2 minutes"},"schema":{"@context":"https:\/\/schema.org","@graph":[{"@type":"WebPage","@id":"https:\/\/tiketi.com\/online-bus-tickets-from-kampala-to-kasese\/","url":"https:\/\/tiketi.com\/online-bus-tickets-from-kampala-to-kasese\/","name":"Bus de Kampala \u00e0 Kasese Billets de bus, tarif, itin\u00e9raire et horaires","isPartOf":{"@id":"https:\/\/tiketi.com\/#website"},"primaryImageOfPage":{"@id":"https:\/\/tiketi.com\/online-bus-tickets-from-kampala-to-kasese\/#primaryimage"},"image":{"@id":"https:\/\/tiketi.com\/online-bus-tickets-from-kampala-to-kasese\/#primaryimage"},"thumbnailUrl":"https:\/\/tiketi.com\/wp-content\/uploads\/2022\/01\/bus-ticket-online-booking.jpg","datePublished":"2022-01-19T11:54:43+00:00","dateModified":"2022-01-28T18:49:05+00:00","description":"\u00c0 la recherche d&#039;une application de r\u00e9servation de bus de Kampala \u00e0 Kasese pour les billets de bus, d&#039;un itin\u00e9raire, d&#039;un horaire et d&#039;un tarif\u00a0? R\u00e9servez en ligne des billets de bus de Kampala \u00e0 Kasese","breadcrumb":{"@id":"https:\/\/tiketi.com\/online-bus-tickets-from-kampala-to-kasese\/#breadcrumb"},"inLanguage":"fr-FR","potentialAction":[{"@type":"ReadAction","target":["https:\/\/tiketi.com\/online-bus-tickets-from-kampala-to-kasese\/"]}]},{"@type":"ImageObject","inLanguage":"fr-FR","@id":"https:\/\/tiketi.com\/online-bus-tickets-from-kampala-to-kasese\/#primaryimage","url":"https:\/\/tiketi.com\/wp-content\/uploads\/2022\/01\/bus-ticket-online-booking.jpg","contentUrl":"https:\/\/tiketi.com\/wp-content\/uploads\/2022\/01\/bus-ticket-online-booking.jpg","width":1200,"height":206,"caption":"Online Bus Ticket Booking"},{"@type":"BreadcrumbList","@id":"https:\/\/tiketi.com\/online-bus-tickets-from-kampala-to-kasese\/#breadcrumb","itemListElement":[{"@type":"ListItem","position":1,"name":"Home","item":"https:\/\/tiketi.com\/"},{"@type":"ListItem","position":2,"name":"Bus from Kampala to Kasese Bus Tickets, Fare, Route &#038;\u00a0Schedule"}]},{"@type":"WebSite","@id":"https:\/\/tiketi.com\/#website","url":"https:\/\/tiketi.com\/","name":"Billets d&#039;avion et de bus, forfaits touristiques et activit\u00e9s - Tiketi.com","description":"Billets d&#039;avion et de bus, Tours, Activit\u00e9s","publisher":{"@id":"https:\/\/tiketi.com\/#organization"},"potentialAction":[{"@type":"SearchAction","target":{"@type":"EntryPoint","urlTemplate":"https:\/\/tiketi.com\/?s={search_term_string}"},"query-input":{"@type":"PropertyValueSpecification","valueRequired":true,"valueName":"search_term_string"}}],"inLanguage":"fr-FR"},{"@type":"Organization","@id":"https:\/\/tiketi.com\/#organization","name":"Tiketi.com","alternateName":"Tiketi","url":"https:\/\/tiketi.com\/","logo":{"@type":"ImageObject","inLanguage":"fr-FR","@id":"https:\/\/tiketi.com\/#\/schema\/logo\/image\/","url":"https:\/\/tiketi.com\/wp-content\/uploads\/2019\/05\/tiketi-logo-696.png","contentUrl":"https:\/\/tiketi.com\/wp-content\/uploads\/2019\/05\/tiketi-logo-696.png","width":696,"height":696,"caption":"Tiketi.com"},"image":{"@id":"https:\/\/tiketi.com\/#\/schema\/logo\/image\/"},"sameAs":["https:\/\/www.facebook.com\/TiketiCom\/"]}]}},"_links":{"self":[{"href":"https:\/\/tiketi.com\/fr-fr\/wp-json\/wp\/v2\/pages\/11481","targetHints":{"allow":["GET"]}}],"collection":[{"href":"https:\/\/tiketi.com\/fr-fr\/wp-json\/wp\/v2\/pages"}],"about":[{"href":"https:\/\/tiketi.com\/fr-fr\/wp-json\/wp\/v2\/types\/page"}],"author":[{"embeddable":true,"href":"https:\/\/tiketi.com\/fr-fr\/wp-json\/wp\/v2\/users\/1"}],"replies":[{"embeddable":true,"href":"https:\/\/tiketi.com\/fr-fr\/wp-json\/wp\/v2\/comments?post=11481"}],"version-history":[{"count":0,"href":"https:\/\/tiketi.com\/fr-fr\/wp-json\/wp\/v2\/pages\/11481\/revisions"}],"wp:featuredmedia":[{"embeddable":true,"href":"https:\/\/tiketi.com\/fr-fr\/wp-json\/wp\/v2\/media\/13999"}],"wp:attachment":[{"href":"https:\/\/tiketi.com\/fr-fr\/wp-json\/wp\/v2\/media?parent=11481"}],"curies":[{"name":"wp","href":"https:\/\/api.w.org\/{rel}","templated":true}]}}