{"id":11494,"date":"2022-01-19T12:54:44","date_gmt":"2022-01-19T11:54:44","guid":{"rendered":"https:\/\/new.tiketi.com\/bus-from-harare-to-mutare-bus-tickets-schedule-fare-route\/"},"modified":"2022-01-28T16:18:29","modified_gmt":"2022-01-28T15:18:29","slug":"online-bus-tickets-from-harare-to-mutare","status":"publish","type":"page","link":"https:\/\/tiketi.com\/fr-fr\/online-bus-tickets-from-harare-to-mutare\/","title":{"rendered":"Bus de Harare \u00e0 Mutare Billets de bus, Horaires, Tarif &amp; Itin\u00e9raire"},"content":{"rendered":"<h2>Billets de bus pas chers de Harare \u00e0 Mutare R\u00e9servation en ligne<\/h2>\n<h3>D\u00e9couvrez votre itin\u00e9raire de voyage sur le web, le mobile ou l&#039;application et r\u00e9servez en ligne maintenant un billet de bus pas cher de Harare \u00e0 Mutare<\/h3>\n<p>R\u00e9servez en ligne des billets de bus pas chers de Harare \u00e0 Mutare et voyagez de Harare \u00e0 Mutare par la route. Mutare est la troisi\u00e8me plus grande ville du Zimbabwe et se situe dans la province de Manicaland. Il est magnifiquement plac\u00e9 dans une vall\u00e9e en forme de cuvette entour\u00e9e de montagnes. La magnifique cha\u00eene de montagnes s\u00e9pare le Mozambique et le Zimbabwe, avec la fronti\u00e8re \u00e0 seulement huit kilom\u00e8tres. Voici le guide sur la fa\u00e7on de r\u00e9server des billets de bus de Harare \u00e0 Mutare :<\/p>\n<p>Mutare est extr\u00eamement riche en culture zimbabw\u00e9enne principalement les Shonas qui offrent des escapades touristiques sans fin. Malgr\u00e9 la place tropicale de Mutare, la ville a un climat de temp\u00e9rature, cela est d\u00fb \u00e0 son endroit abrit\u00e9 contre la cr\u00eate de la montagne.<\/p>\n<p>Mutare est desservi par le rail avec des liaisons quotidiennes de passagers et de fret vers les villes de Harare, Rusape et Nyazura. Les principales activit\u00e9s de l&#039;endroit sont la culture des agrumes, la sylviculture et l&#039;exploitation mini\u00e8re. Deux grands producteurs alimentaires au Zimbabwe, Tanganda Tea et Cairns Foods, ont leur si\u00e8ge \u00e0 Mutare.<\/p>\n<h2>Bus de Harare \u00e0 Mutare R\u00e9servation de billets de bus, itin\u00e9raires, horaires et tarifs FAQ<\/h2>\n<h3>Y a-t-il un bus direct entre Mutare et Harrare ?<\/h3>\n<p>Oui, il y a un bus direct de Harare \u00e0 Mutare. Les services partent un par jour et op\u00e8rent Vendredi, Mercredi, Dimanche et Vendredi. Le trajet dure environ 7h 55m.<\/p>\n<h3>Quelle est la distance entre Harare et Mutare en bus ?<\/h3>\n<p>La distance du trajet de bus de Harare \u00e0 Mutare est de 213 km.<\/p>\n<h3>Comment se d\u00e9placer de Harare \u00e0 Mutare sans v\u00e9hicule personnel ?<\/h3>\n<p>Le meilleur moyen pour se rendre de Harare \u00e0 Mutare sans v\u00e9hicule personnel est bus et train, ce qui dure 7h 50m.<\/p>\n<h3>Puis-je conduire de Harare \u00e0 Mutare ?<\/h3>\n<p>Oui, la distance en bus de Harare \u00e0 Mutare est de 262 km. il faut environ 2h 50m pour conduire de Harare \u00e0 Mutare.<\/p>\n<h2>Billets de bus de Harare \u00e0 Mutare Tips<\/h2>\n<h3>Activit\u00e9s \u00e0 Mutare<\/h3>\n<p>Mutare propose une large gamme de stations baln\u00e9aires et d&#039;installations \u00e9tonnantes\u00a0:<\/p>\n<p>\u2022 Mus\u00e9e Mutare<br \/>\n\u2022 Les montagnes de Nyanga sont id\u00e9ales pour observer le gibier, admirer des vues magnifiques, faire de l&#039;escalade, de l&#039;\u00e9quitation et de la randonn\u00e9e.<br \/>\n\u2022 Galerie nationale du Zimbabwe<br \/>\n\u2022 le mus\u00e9e Utopia House d\u00e9di\u00e9 \u00e0 Kingsley Fairbridge<\/p>","protected":false},"excerpt":{"rendered":"<p>Cheap Bus Tickets from\u00a0Harare to Mutare\u00a0Online Booking Discover your travel route on web, mobile or app and book cheap bus ticket from Harare to Mutare online now Do cheap bus from Harare to Mutare bus tickets online booking and travel Harare to Mutare by road.\u00a0Mutare is Zimbabwe third biggest city and placed in the Manicaland [&hellip;]<\/p>\n","protected":false},"author":1,"featured_media":13999,"parent":0,"menu_order":0,"comment_status":"open","ping_status":"closed","template":"template-home-modern.php","meta":{"footnotes":""},"class_list":["post-11494","page","type-page","status-publish","has-post-thumbnail","hentry"],"yoast_head":"<!-- This site is optimized with the Yoast SEO plugin v27.3 - https:\/\/yoast.com\/product\/yoast-seo-wordpress\/ -->\n<title>Bus from Harare to Mutare Bus Tickets, Schedule, Fare &amp; Route<\/title>\n<meta name=\"description\" content=\"Looking for bus from\u00a0Harare to Mutare bus tickets booking app, routes, schedules &amp; fares? Book cheap bus tickets from Harare to Mutare online\" \/>\n<meta name=\"robots\" content=\"index, follow, max-snippet:-1, max-image-preview:large, max-video-preview:-1\" \/>\n<link rel=\"canonical\" href=\"https:\/\/tiketi.com\/fr-fr\/online-bus-tickets-from-harare-to-mutare\/\" \/>\n<meta property=\"og:locale\" content=\"fr_FR\" \/>\n<meta property=\"og:type\" content=\"article\" \/>\n<meta property=\"og:title\" content=\"Bus from Harare to Mutare Bus Tickets, Schedule, Fare &amp; Route\" \/>\n<meta property=\"og:description\" content=\"Looking for bus from\u00a0Harare to Mutare bus tickets booking app, routes, schedules &amp; fares? Book cheap bus tickets from Harare to Mutare online\" \/>\n<meta property=\"og:url\" content=\"https:\/\/tiketi.com\/fr-fr\/online-bus-tickets-from-harare-to-mutare\/\" \/>\n<meta property=\"og:site_name\" content=\"Tiketi.com\" \/>\n<meta property=\"article:publisher\" content=\"https:\/\/www.facebook.com\/TiketiCom\/\" \/>\n<meta property=\"article:modified_time\" content=\"2022-01-28T15:18:29+00:00\" \/>\n<meta property=\"og:image\" content=\"https:\/\/tiketi.com\/wp-content\/uploads\/2022\/01\/bus-ticket-online-booking.jpg\" \/>\n\t<meta property=\"og:image:width\" content=\"1200\" \/>\n\t<meta property=\"og:image:height\" content=\"206\" \/>\n\t<meta property=\"og:image:type\" content=\"image\/jpeg\" \/>\n<meta name=\"twitter:card\" content=\"summary_large_image\" \/>\n<meta name=\"twitter:label1\" content=\"Dur\u00e9e de lecture estim\u00e9e\" \/>\n\t<meta name=\"twitter:data1\" content=\"2 minutes\" \/>\n<script type=\"application\/ld+json\" class=\"yoast-schema-graph\">{\"@context\":\"https:\\\/\\\/schema.org\",\"@graph\":[{\"@type\":\"WebPage\",\"@id\":\"https:\\\/\\\/tiketi.com\\\/online-bus-tickets-from-harare-to-mutare\\\/\",\"url\":\"https:\\\/\\\/tiketi.com\\\/online-bus-tickets-from-harare-to-mutare\\\/\",\"name\":\"Bus from Harare to Mutare Bus Tickets, Schedule, Fare & Route\",\"isPartOf\":{\"@id\":\"https:\\\/\\\/tiketi.com\\\/#website\"},\"primaryImageOfPage\":{\"@id\":\"https:\\\/\\\/tiketi.com\\\/online-bus-tickets-from-harare-to-mutare\\\/#primaryimage\"},\"image\":{\"@id\":\"https:\\\/\\\/tiketi.com\\\/online-bus-tickets-from-harare-to-mutare\\\/#primaryimage\"},\"thumbnailUrl\":\"https:\\\/\\\/tiketi.com\\\/wp-content\\\/uploads\\\/2022\\\/01\\\/bus-ticket-online-booking.jpg\",\"datePublished\":\"2022-01-19T11:54:44+00:00\",\"dateModified\":\"2022-01-28T15:18:29+00:00\",\"description\":\"Looking for bus from\u00a0Harare to Mutare bus tickets booking app, routes, schedules & fares? Book cheap bus tickets from Harare to Mutare online\",\"breadcrumb\":{\"@id\":\"https:\\\/\\\/tiketi.com\\\/online-bus-tickets-from-harare-to-mutare\\\/#breadcrumb\"},\"inLanguage\":\"fr-FR\",\"potentialAction\":[{\"@type\":\"ReadAction\",\"target\":[\"https:\\\/\\\/tiketi.com\\\/online-bus-tickets-from-harare-to-mutare\\\/\"]}]},{\"@type\":\"ImageObject\",\"inLanguage\":\"fr-FR\",\"@id\":\"https:\\\/\\\/tiketi.com\\\/online-bus-tickets-from-harare-to-mutare\\\/#primaryimage\",\"url\":\"https:\\\/\\\/tiketi.com\\\/wp-content\\\/uploads\\\/2022\\\/01\\\/bus-ticket-online-booking.jpg\",\"contentUrl\":\"https:\\\/\\\/tiketi.com\\\/wp-content\\\/uploads\\\/2022\\\/01\\\/bus-ticket-online-booking.jpg\",\"width\":1200,\"height\":206,\"caption\":\"Online Bus Ticket Booking\"},{\"@type\":\"BreadcrumbList\",\"@id\":\"https:\\\/\\\/tiketi.com\\\/online-bus-tickets-from-harare-to-mutare\\\/#breadcrumb\",\"itemListElement\":[{\"@type\":\"ListItem\",\"position\":1,\"name\":\"Home\",\"item\":\"https:\\\/\\\/tiketi.com\\\/\"},{\"@type\":\"ListItem\",\"position\":2,\"name\":\"Bus from Harare to Mutare Bus Tickets, Schedule, Fare &#038; Route\"}]},{\"@type\":\"WebSite\",\"@id\":\"https:\\\/\\\/tiketi.com\\\/#website\",\"url\":\"https:\\\/\\\/tiketi.com\\\/\",\"name\":\"Flight & Bus Tickets, Tour Packages & Activitites - Tiketi.com\",\"description\":\"Flight &amp; Bus Tickets, Tours, Activitites\",\"publisher\":{\"@id\":\"https:\\\/\\\/tiketi.com\\\/#organization\"},\"potentialAction\":[{\"@type\":\"SearchAction\",\"target\":{\"@type\":\"EntryPoint\",\"urlTemplate\":\"https:\\\/\\\/tiketi.com\\\/?s={search_term_string}\"},\"query-input\":{\"@type\":\"PropertyValueSpecification\",\"valueRequired\":true,\"valueName\":\"search_term_string\"}}],\"inLanguage\":\"fr-FR\"},{\"@type\":\"Organization\",\"@id\":\"https:\\\/\\\/tiketi.com\\\/#organization\",\"name\":\"Tiketi.com\",\"alternateName\":\"Tiketi\",\"url\":\"https:\\\/\\\/tiketi.com\\\/\",\"logo\":{\"@type\":\"ImageObject\",\"inLanguage\":\"fr-FR\",\"@id\":\"https:\\\/\\\/tiketi.com\\\/#\\\/schema\\\/logo\\\/image\\\/\",\"url\":\"https:\\\/\\\/tiketi.com\\\/wp-content\\\/uploads\\\/2019\\\/05\\\/tiketi-logo-696.png\",\"contentUrl\":\"https:\\\/\\\/tiketi.com\\\/wp-content\\\/uploads\\\/2019\\\/05\\\/tiketi-logo-696.png\",\"width\":696,\"height\":696,\"caption\":\"Tiketi.com\"},\"image\":{\"@id\":\"https:\\\/\\\/tiketi.com\\\/#\\\/schema\\\/logo\\\/image\\\/\"},\"sameAs\":[\"https:\\\/\\\/www.facebook.com\\\/TiketiCom\\\/\"]}]}<\/script>\n<!-- \/ Yoast SEO plugin. -->","yoast_head_json":{"title":"Bus de Harare \u00e0 Mutare Billets de bus, Horaires, Tarif &amp; Itin\u00e9raire","description":"Vous recherchez une application de r\u00e9servation de billets de bus de Harare \u00e0 Mutare, des itin\u00e9raires, des horaires et des tarifs\u00a0? R\u00e9servez en ligne des billets de bus de Harare \u00e0 Mutare","robots":{"index":"index","follow":"follow","max-snippet":"max-snippet:-1","max-image-preview":"max-image-preview:large","max-video-preview":"max-video-preview:-1"},"canonical":"https:\/\/tiketi.com\/fr-fr\/online-bus-tickets-from-harare-to-mutare\/","og_locale":"fr_FR","og_type":"article","og_title":"Bus from Harare to Mutare Bus Tickets, Schedule, Fare & Route","og_description":"Looking for bus from\u00a0Harare to Mutare bus tickets booking app, routes, schedules & fares? Book cheap bus tickets from Harare to Mutare online","og_url":"https:\/\/tiketi.com\/fr-fr\/online-bus-tickets-from-harare-to-mutare\/","og_site_name":"Tiketi.com","article_publisher":"https:\/\/www.facebook.com\/TiketiCom\/","article_modified_time":"2022-01-28T15:18:29+00:00","og_image":[{"width":1200,"height":206,"url":"https:\/\/tiketi.com\/wp-content\/uploads\/2022\/01\/bus-ticket-online-booking.jpg","type":"image\/jpeg"}],"twitter_card":"summary_large_image","twitter_misc":{"Dur\u00e9e de lecture estim\u00e9e":"2 minutes"},"schema":{"@context":"https:\/\/schema.org","@graph":[{"@type":"WebPage","@id":"https:\/\/tiketi.com\/online-bus-tickets-from-harare-to-mutare\/","url":"https:\/\/tiketi.com\/online-bus-tickets-from-harare-to-mutare\/","name":"Bus de Harare \u00e0 Mutare Billets de bus, Horaires, Tarif &amp; Itin\u00e9raire","isPartOf":{"@id":"https:\/\/tiketi.com\/#website"},"primaryImageOfPage":{"@id":"https:\/\/tiketi.com\/online-bus-tickets-from-harare-to-mutare\/#primaryimage"},"image":{"@id":"https:\/\/tiketi.com\/online-bus-tickets-from-harare-to-mutare\/#primaryimage"},"thumbnailUrl":"https:\/\/tiketi.com\/wp-content\/uploads\/2022\/01\/bus-ticket-online-booking.jpg","datePublished":"2022-01-19T11:54:44+00:00","dateModified":"2022-01-28T15:18:29+00:00","description":"Vous recherchez une application de r\u00e9servation de billets de bus de Harare \u00e0 Mutare, des itin\u00e9raires, des horaires et des tarifs\u00a0? R\u00e9servez en ligne des billets de bus de Harare \u00e0 Mutare","breadcrumb":{"@id":"https:\/\/tiketi.com\/online-bus-tickets-from-harare-to-mutare\/#breadcrumb"},"inLanguage":"fr-FR","potentialAction":[{"@type":"ReadAction","target":["https:\/\/tiketi.com\/online-bus-tickets-from-harare-to-mutare\/"]}]},{"@type":"ImageObject","inLanguage":"fr-FR","@id":"https:\/\/tiketi.com\/online-bus-tickets-from-harare-to-mutare\/#primaryimage","url":"https:\/\/tiketi.com\/wp-content\/uploads\/2022\/01\/bus-ticket-online-booking.jpg","contentUrl":"https:\/\/tiketi.com\/wp-content\/uploads\/2022\/01\/bus-ticket-online-booking.jpg","width":1200,"height":206,"caption":"Online Bus Ticket Booking"},{"@type":"BreadcrumbList","@id":"https:\/\/tiketi.com\/online-bus-tickets-from-harare-to-mutare\/#breadcrumb","itemListElement":[{"@type":"ListItem","position":1,"name":"Home","item":"https:\/\/tiketi.com\/"},{"@type":"ListItem","position":2,"name":"Bus from Harare to Mutare Bus Tickets, Schedule, Fare &#038; Route"}]},{"@type":"WebSite","@id":"https:\/\/tiketi.com\/#website","url":"https:\/\/tiketi.com\/","name":"Billets d&#039;avion et de bus, forfaits touristiques et activit\u00e9s - Tiketi.com","description":"Billets d&#039;avion et de bus, Tours, Activit\u00e9s","publisher":{"@id":"https:\/\/tiketi.com\/#organization"},"potentialAction":[{"@type":"SearchAction","target":{"@type":"EntryPoint","urlTemplate":"https:\/\/tiketi.com\/?s={search_term_string}"},"query-input":{"@type":"PropertyValueSpecification","valueRequired":true,"valueName":"search_term_string"}}],"inLanguage":"fr-FR"},{"@type":"Organization","@id":"https:\/\/tiketi.com\/#organization","name":"Tiketi.com","alternateName":"Tiketi","url":"https:\/\/tiketi.com\/","logo":{"@type":"ImageObject","inLanguage":"fr-FR","@id":"https:\/\/tiketi.com\/#\/schema\/logo\/image\/","url":"https:\/\/tiketi.com\/wp-content\/uploads\/2019\/05\/tiketi-logo-696.png","contentUrl":"https:\/\/tiketi.com\/wp-content\/uploads\/2019\/05\/tiketi-logo-696.png","width":696,"height":696,"caption":"Tiketi.com"},"image":{"@id":"https:\/\/tiketi.com\/#\/schema\/logo\/image\/"},"sameAs":["https:\/\/www.facebook.com\/TiketiCom\/"]}]}},"_links":{"self":[{"href":"https:\/\/tiketi.com\/fr-fr\/wp-json\/wp\/v2\/pages\/11494","targetHints":{"allow":["GET"]}}],"collection":[{"href":"https:\/\/tiketi.com\/fr-fr\/wp-json\/wp\/v2\/pages"}],"about":[{"href":"https:\/\/tiketi.com\/fr-fr\/wp-json\/wp\/v2\/types\/page"}],"author":[{"embeddable":true,"href":"https:\/\/tiketi.com\/fr-fr\/wp-json\/wp\/v2\/users\/1"}],"replies":[{"embeddable":true,"href":"https:\/\/tiketi.com\/fr-fr\/wp-json\/wp\/v2\/comments?post=11494"}],"version-history":[{"count":0,"href":"https:\/\/tiketi.com\/fr-fr\/wp-json\/wp\/v2\/pages\/11494\/revisions"}],"wp:featuredmedia":[{"embeddable":true,"href":"https:\/\/tiketi.com\/fr-fr\/wp-json\/wp\/v2\/media\/13999"}],"wp:attachment":[{"href":"https:\/\/tiketi.com\/fr-fr\/wp-json\/wp\/v2\/media?parent=11494"}],"curies":[{"name":"wp","href":"https:\/\/api.w.org\/{rel}","templated":true}]}}