{"id":11495,"date":"2022-01-19T12:54:44","date_gmt":"2022-01-19T11:54:44","guid":{"rendered":"https:\/\/new.tiketi.com\/bus-from-harare-to-chitungwiza-bus-tickets-route-fare-schedule\/"},"modified":"2022-01-28T12:44:16","modified_gmt":"2022-01-28T11:44:16","slug":"online-bus-tickets-from-harare-to-chitungwiza","status":"publish","type":"page","link":"https:\/\/tiketi.com\/fr-fr\/online-bus-tickets-from-harare-to-chitungwiza\/","title":{"rendered":"Bus de Harare \u00e0 Chitungwiza Billets de bus, itin\u00e9raire, tarifs et horaires"},"content":{"rendered":"<h2>Billets de bus pas chers de Harare \u00e0 Chitungwiza R\u00e9servation en ligne<\/h2>\n<h3>D\u00e9couvrez votre itin\u00e9raire de voyage sur le Web, le mobile ou l&#039;application et r\u00e9servez d\u00e8s maintenant un billet de bus pas cher de Harare \u00e0 Chitungwiza en ligne.<\/h3>\n<p>R\u00e9servez vos billets de bus pas chers de Harare \u00e0 Chitungwiza en ligne et voyagez de Harare \u00e0 Chitungwiza par la route. Chitungwiza, connue comme une ville-dortoir \u00e0 forte densit\u00e9 au Zimbabwe, se trouve \u00e0 environ trente kilom\u00e8tres au sud-est du centre-ville de Harare. Elle a \u00e9t\u00e9 cr\u00e9\u00e9e en 1978 \u00e0 partir de trois townships\u00a0: St Marys, Zengeza et Seke. Voici le guide pour r\u00e9server vos billets de bus de Harare \u00e0 Chitungwiza\u00a0:<\/p>\n<h2>Bus de Harare \u00e0 Chitungwiza\u00a0: r\u00e9servation de billets, itin\u00e9raires, horaires et tarifs\u00a0; FAQ<\/h2>\n<h3>Quel est le moyen abordable pour se rendre de Harare \u00e0 Chitungwiza ?<\/h3>\n<p>Le moyen le plus \u00e9conomique de se rendre de Harare \u00e0 Chitungwiza est le bus. Les billets de bus les moins chers de Harare \u00e0 Chitungwiza ($6 \u2013 $9) durent 30 minutes.<\/p>\n<h3>Existe-t-il un bus direct de Harare \u00e0 Chitungwiza ?<\/h3>\n<p>Oui, il y a un bus direct depuis Harare. Les bus partent une fois par jour et circulent tous les jours. Le trajet dure environ 30 minutes.<\/p>\n<h3>Quelle est la distance entre Harare et Chitungwiza en bus?<\/h3>\n<p>La distance de voyage du bus Harare \u00e0 Chitungwiza est de 21 km.<\/p>\n<h3>Comment puis-je me d\u00e9placer de Harare \u00e0 Chitungwiza sans v\u00e9hicule personnel ?<\/h3>\n<p>Le meilleur moyen de se rendre de Harare \u00e0 Chitungwiza sans v\u00e9hicule personnel est de prendre le bus, ce qui dure 30 min et co\u00fbte $6 \u2013 $9.<\/p>\n<h3>O\u00f9 prendre le bus depuis Harare pour Chitungwiza ?<\/h3>\n<p>Harare \u00e0 Chitungwiza en bus, g\u00e9r\u00e9 par Citiliner, au d\u00e9part de la gare de Harare.<\/p>\n<h2>Conseils pour les billets de bus de Harare \u00e0 Chitungwiza<\/h2>\n<p>Deux autoroutes principales relient la ville \u00e0 Harare. Les transports en commun sont assur\u00e9s par des bus r\u00e9guliers \u00e0 un seul niveau reliant Harare \u00e0 Chitungwiza et, plus r\u00e9guli\u00e8rement, par des minibus-taxis. Chitungwiza compte plus de trente \u00e9coles primaires et plus de vingt-cinq \u00e9tablissements secondaires.<\/p>\n<p>En mati\u00e8re d&#039;\u00e9ducation, Chitungwiza compte de nombreuses \u00e9coles g\u00e9r\u00e9es par le conseil municipal, certaines par l&#039;administration et quelques-unes par des int\u00e9r\u00eats priv\u00e9s. Parmi ces \u00e9tablissements figurent le lyc\u00e9e Seke 1, le lyc\u00e9e Zengeza et le coll\u00e8ge Nyatsime, qui d\u00e9tiennent tous deux des records nationaux en mati\u00e8re de r\u00e9sultats scolaires.<\/p>","protected":false},"excerpt":{"rendered":"<p>Cheap Bus Tickets from\u00a0Harare to Chitungwiza\u00a0Online Booking Discover your travel route on web, mobile or app and book cheap bus ticket from Harare to Chitungwiza online now. Do cheap bus from Harare to Chitungwiza bus tickets online booking and travel Harare to Chitungwiza by road.\u00a0Chitungwiza is known as a Chi town &#8211; is a high [&hellip;]<\/p>\n","protected":false},"author":1,"featured_media":13999,"parent":0,"menu_order":0,"comment_status":"open","ping_status":"closed","template":"template-home-modern.php","meta":{"footnotes":""},"class_list":["post-11495","page","type-page","status-publish","has-post-thumbnail","hentry"],"yoast_head":"<!-- This site is optimized with the Yoast SEO plugin v27.2 - https:\/\/yoast.com\/product\/yoast-seo-wordpress\/ -->\n<title>Bus from Harare to Chitungwiza Bus Tickets, Route, Fare &amp; Schedule<\/title>\n<meta name=\"description\" content=\"Looking for bus from\u00a0Harare to Chitungwiza bus ticket booking app, schedule &amp; fare? Book cheap bus tickets from Harare to Chitungwiza online\" \/>\n<meta name=\"robots\" content=\"index, follow, max-snippet:-1, max-image-preview:large, max-video-preview:-1\" \/>\n<link rel=\"canonical\" href=\"https:\/\/tiketi.com\/fr-fr\/online-bus-tickets-from-harare-to-chitungwiza\/\" \/>\n<meta property=\"og:locale\" content=\"fr_FR\" \/>\n<meta property=\"og:type\" content=\"article\" \/>\n<meta property=\"og:title\" content=\"Bus from Harare to Chitungwiza Bus Tickets, Route, Fare &amp; Schedule\" \/>\n<meta property=\"og:description\" content=\"Looking for bus from\u00a0Harare to Chitungwiza bus ticket booking app, schedule &amp; fare? Book cheap bus tickets from Harare to Chitungwiza online\" \/>\n<meta property=\"og:url\" content=\"https:\/\/tiketi.com\/fr-fr\/online-bus-tickets-from-harare-to-chitungwiza\/\" \/>\n<meta property=\"og:site_name\" content=\"Tiketi.com\" \/>\n<meta property=\"article:publisher\" content=\"https:\/\/www.facebook.com\/TiketiCom\/\" \/>\n<meta property=\"article:modified_time\" content=\"2022-01-28T11:44:16+00:00\" \/>\n<meta property=\"og:image\" content=\"https:\/\/tiketi.com\/wp-content\/uploads\/2022\/01\/bus-ticket-online-booking.jpg\" \/>\n\t<meta property=\"og:image:width\" content=\"1200\" \/>\n\t<meta property=\"og:image:height\" content=\"206\" \/>\n\t<meta property=\"og:image:type\" content=\"image\/jpeg\" \/>\n<meta name=\"twitter:card\" content=\"summary_large_image\" \/>\n<meta name=\"twitter:label1\" content=\"Dur\u00e9e de lecture estim\u00e9e\" \/>\n\t<meta name=\"twitter:data1\" content=\"2 minutes\" \/>\n<script type=\"application\/ld+json\" class=\"yoast-schema-graph\">{\"@context\":\"https:\/\/schema.org\",\"@graph\":[{\"@type\":\"WebPage\",\"@id\":\"https:\/\/tiketi.com\/fr-fr\/online-bus-tickets-from-harare-to-chitungwiza\/\",\"url\":\"https:\/\/tiketi.com\/fr-fr\/online-bus-tickets-from-harare-to-chitungwiza\/\",\"name\":\"Bus from Harare to Chitungwiza Bus Tickets, Route, Fare & Schedule\",\"isPartOf\":{\"@id\":\"https:\/\/tiketi.com\/#website\"},\"primaryImageOfPage\":{\"@id\":\"https:\/\/tiketi.com\/fr-fr\/online-bus-tickets-from-harare-to-chitungwiza\/#primaryimage\"},\"image\":{\"@id\":\"https:\/\/tiketi.com\/fr-fr\/online-bus-tickets-from-harare-to-chitungwiza\/#primaryimage\"},\"thumbnailUrl\":\"https:\/\/tiketi.com\/wp-content\/uploads\/2022\/01\/bus-ticket-online-booking.jpg\",\"datePublished\":\"2022-01-19T11:54:44+00:00\",\"dateModified\":\"2022-01-28T11:44:16+00:00\",\"description\":\"Looking for bus from\u00a0Harare to Chitungwiza bus ticket booking app, schedule & fare? Book cheap bus tickets from Harare to Chitungwiza online\",\"breadcrumb\":{\"@id\":\"https:\/\/tiketi.com\/fr-fr\/online-bus-tickets-from-harare-to-chitungwiza\/#breadcrumb\"},\"inLanguage\":\"fr-FR\",\"potentialAction\":[{\"@type\":\"ReadAction\",\"target\":[\"https:\/\/tiketi.com\/fr-fr\/online-bus-tickets-from-harare-to-chitungwiza\/\"]}]},{\"@type\":\"ImageObject\",\"inLanguage\":\"fr-FR\",\"@id\":\"https:\/\/tiketi.com\/fr-fr\/online-bus-tickets-from-harare-to-chitungwiza\/#primaryimage\",\"url\":\"https:\/\/tiketi.com\/wp-content\/uploads\/2022\/01\/bus-ticket-online-booking.jpg\",\"contentUrl\":\"https:\/\/tiketi.com\/wp-content\/uploads\/2022\/01\/bus-ticket-online-booking.jpg\",\"width\":1200,\"height\":206,\"caption\":\"Online Bus Ticket Booking\"},{\"@type\":\"BreadcrumbList\",\"@id\":\"https:\/\/tiketi.com\/fr-fr\/online-bus-tickets-from-harare-to-chitungwiza\/#breadcrumb\",\"itemListElement\":[{\"@type\":\"ListItem\",\"position\":1,\"name\":\"Home\",\"item\":\"https:\/\/tiketi.com\/\"},{\"@type\":\"ListItem\",\"position\":2,\"name\":\"Bus from Harare to Chitungwiza Bus Tickets, Route, Fare &#038; Schedule\"}]},{\"@type\":\"WebSite\",\"@id\":\"https:\/\/tiketi.com\/#website\",\"url\":\"https:\/\/tiketi.com\/\",\"name\":\"Flight & Bus Tickets, Tour Packages & Activitites - Tiketi.com\",\"description\":\"Flight &amp; Bus Tickets, Tours, Activitites\",\"publisher\":{\"@id\":\"https:\/\/tiketi.com\/#organization\"},\"potentialAction\":[{\"@type\":\"SearchAction\",\"target\":{\"@type\":\"EntryPoint\",\"urlTemplate\":\"https:\/\/tiketi.com\/?s={search_term_string}\"},\"query-input\":{\"@type\":\"PropertyValueSpecification\",\"valueRequired\":true,\"valueName\":\"search_term_string\"}}],\"inLanguage\":\"fr-FR\"},{\"@type\":\"Organization\",\"@id\":\"https:\/\/tiketi.com\/#organization\",\"name\":\"Tiketi.com\",\"alternateName\":\"Tiketi\",\"url\":\"https:\/\/tiketi.com\/\",\"logo\":{\"@type\":\"ImageObject\",\"inLanguage\":\"fr-FR\",\"@id\":\"https:\/\/tiketi.com\/#\/schema\/logo\/image\/\",\"url\":\"https:\/\/tiketi.com\/wp-content\/uploads\/2019\/05\/tiketi-logo-696.png\",\"contentUrl\":\"https:\/\/tiketi.com\/wp-content\/uploads\/2019\/05\/tiketi-logo-696.png\",\"width\":696,\"height\":696,\"caption\":\"Tiketi.com\"},\"image\":{\"@id\":\"https:\/\/tiketi.com\/#\/schema\/logo\/image\/\"},\"sameAs\":[\"https:\/\/www.facebook.com\/TiketiCom\/\"]}]}<\/script>\n<!-- \/ Yoast SEO plugin. -->","yoast_head_json":{"title":"Bus de Harare \u00e0 Chitungwiza Billets de bus, itin\u00e9raire, tarifs et horaires","description":"Vous cherchez une application pour r\u00e9server vos billets de bus Harare-Chitungwiza, les horaires et les tarifs\u00a0? R\u00e9servez vos billets de bus Harare-Chitungwiza pas chers en ligne.","robots":{"index":"index","follow":"follow","max-snippet":"max-snippet:-1","max-image-preview":"max-image-preview:large","max-video-preview":"max-video-preview:-1"},"canonical":"https:\/\/tiketi.com\/fr-fr\/online-bus-tickets-from-harare-to-chitungwiza\/","og_locale":"fr_FR","og_type":"article","og_title":"Bus from Harare to Chitungwiza Bus Tickets, Route, Fare & Schedule","og_description":"Looking for bus from\u00a0Harare to Chitungwiza bus ticket booking app, schedule & fare? Book cheap bus tickets from Harare to Chitungwiza online","og_url":"https:\/\/tiketi.com\/fr-fr\/online-bus-tickets-from-harare-to-chitungwiza\/","og_site_name":"Tiketi.com","article_publisher":"https:\/\/www.facebook.com\/TiketiCom\/","article_modified_time":"2022-01-28T11:44:16+00:00","og_image":[{"width":1200,"height":206,"url":"https:\/\/tiketi.com\/wp-content\/uploads\/2022\/01\/bus-ticket-online-booking.jpg","type":"image\/jpeg"}],"twitter_card":"summary_large_image","twitter_misc":{"Dur\u00e9e de lecture estim\u00e9e":"2 minutes"},"schema":{"@context":"https:\/\/schema.org","@graph":[{"@type":"WebPage","@id":"https:\/\/tiketi.com\/fr-fr\/online-bus-tickets-from-harare-to-chitungwiza\/","url":"https:\/\/tiketi.com\/fr-fr\/online-bus-tickets-from-harare-to-chitungwiza\/","name":"Bus de Harare \u00e0 Chitungwiza Billets de bus, itin\u00e9raire, tarifs et horaires","isPartOf":{"@id":"https:\/\/tiketi.com\/#website"},"primaryImageOfPage":{"@id":"https:\/\/tiketi.com\/fr-fr\/online-bus-tickets-from-harare-to-chitungwiza\/#primaryimage"},"image":{"@id":"https:\/\/tiketi.com\/fr-fr\/online-bus-tickets-from-harare-to-chitungwiza\/#primaryimage"},"thumbnailUrl":"https:\/\/tiketi.com\/wp-content\/uploads\/2022\/01\/bus-ticket-online-booking.jpg","datePublished":"2022-01-19T11:54:44+00:00","dateModified":"2022-01-28T11:44:16+00:00","description":"Vous cherchez une application pour r\u00e9server vos billets de bus Harare-Chitungwiza, les horaires et les tarifs\u00a0? R\u00e9servez vos billets de bus Harare-Chitungwiza pas chers en ligne.","breadcrumb":{"@id":"https:\/\/tiketi.com\/fr-fr\/online-bus-tickets-from-harare-to-chitungwiza\/#breadcrumb"},"inLanguage":"fr-FR","potentialAction":[{"@type":"ReadAction","target":["https:\/\/tiketi.com\/fr-fr\/online-bus-tickets-from-harare-to-chitungwiza\/"]}]},{"@type":"ImageObject","inLanguage":"fr-FR","@id":"https:\/\/tiketi.com\/fr-fr\/online-bus-tickets-from-harare-to-chitungwiza\/#primaryimage","url":"https:\/\/tiketi.com\/wp-content\/uploads\/2022\/01\/bus-ticket-online-booking.jpg","contentUrl":"https:\/\/tiketi.com\/wp-content\/uploads\/2022\/01\/bus-ticket-online-booking.jpg","width":1200,"height":206,"caption":"Online Bus Ticket Booking"},{"@type":"BreadcrumbList","@id":"https:\/\/tiketi.com\/fr-fr\/online-bus-tickets-from-harare-to-chitungwiza\/#breadcrumb","itemListElement":[{"@type":"ListItem","position":1,"name":"Home","item":"https:\/\/tiketi.com\/"},{"@type":"ListItem","position":2,"name":"Bus from Harare to Chitungwiza Bus Tickets, Route, Fare &#038; Schedule"}]},{"@type":"WebSite","@id":"https:\/\/tiketi.com\/#website","url":"https:\/\/tiketi.com\/","name":"Billets d&#039;avion et de bus, forfaits touristiques et activit\u00e9s - Tiketi.com","description":"Billets d&#039;avion et de bus, Tours, Activit\u00e9s","publisher":{"@id":"https:\/\/tiketi.com\/#organization"},"potentialAction":[{"@type":"SearchAction","target":{"@type":"EntryPoint","urlTemplate":"https:\/\/tiketi.com\/?s={search_term_string}"},"query-input":{"@type":"PropertyValueSpecification","valueRequired":true,"valueName":"search_term_string"}}],"inLanguage":"fr-FR"},{"@type":"Organization","@id":"https:\/\/tiketi.com\/#organization","name":"Tiketi.com","alternateName":"Tiketi","url":"https:\/\/tiketi.com\/","logo":{"@type":"ImageObject","inLanguage":"fr-FR","@id":"https:\/\/tiketi.com\/#\/schema\/logo\/image\/","url":"https:\/\/tiketi.com\/wp-content\/uploads\/2019\/05\/tiketi-logo-696.png","contentUrl":"https:\/\/tiketi.com\/wp-content\/uploads\/2019\/05\/tiketi-logo-696.png","width":696,"height":696,"caption":"Tiketi.com"},"image":{"@id":"https:\/\/tiketi.com\/#\/schema\/logo\/image\/"},"sameAs":["https:\/\/www.facebook.com\/TiketiCom\/"]}]}},"_links":{"self":[{"href":"https:\/\/tiketi.com\/fr-fr\/wp-json\/wp\/v2\/pages\/11495","targetHints":{"allow":["GET"]}}],"collection":[{"href":"https:\/\/tiketi.com\/fr-fr\/wp-json\/wp\/v2\/pages"}],"about":[{"href":"https:\/\/tiketi.com\/fr-fr\/wp-json\/wp\/v2\/types\/page"}],"author":[{"embeddable":true,"href":"https:\/\/tiketi.com\/fr-fr\/wp-json\/wp\/v2\/users\/1"}],"replies":[{"embeddable":true,"href":"https:\/\/tiketi.com\/fr-fr\/wp-json\/wp\/v2\/comments?post=11495"}],"version-history":[{"count":0,"href":"https:\/\/tiketi.com\/fr-fr\/wp-json\/wp\/v2\/pages\/11495\/revisions"}],"wp:featuredmedia":[{"embeddable":true,"href":"https:\/\/tiketi.com\/fr-fr\/wp-json\/wp\/v2\/media\/13999"}],"wp:attachment":[{"href":"https:\/\/tiketi.com\/fr-fr\/wp-json\/wp\/v2\/media?parent=11495"}],"curies":[{"name":"wp","href":"https:\/\/api.w.org\/{rel}","templated":true}]}}