{"id":11496,"date":"2022-01-19T12:54:44","date_gmt":"2022-01-19T11:54:44","guid":{"rendered":"https:\/\/new.tiketi.com\/bus-from-harare-to-bulawayo-bus-tickets-schedule-fare-route\/"},"modified":"2022-10-14T16:56:50","modified_gmt":"2022-10-14T15:56:50","slug":"tickets-from-harare-to-bulawayo","status":"publish","type":"page","link":"https:\/\/tiketi.com\/fr-fr\/routes\/bus\/tickets-from-harare-to-bulawayo\/","title":{"rendered":"Bus de Harare \u00e0 Bulawayo Billets de bus, horaires, tarifs et itin\u00e9raire"},"content":{"rendered":"<h2>Billets de bus pas chers de Harare \u00e0 Bulawayo R\u00e9servation en ligne<\/h2>\n<h3>D\u00e9couvrez votre itin\u00e9raire sur le web, le mobile ou l&#039;application et r\u00e9servez en ligne maintenant un billet de bus pas cher de Harare \u00e0 Bulawayo.<\/h3>\n<p>R\u00e9servez en ligne des billets de bus pas chers de Harare \u00e0 Bulawayo et voyagez de Harare \u00e0 Bulawayo par la route. Bulawayo est la deuxi\u00e8me plus grande ville du Zimbabwe. Situ\u00e9e au sud-ouest du pays, elle abrite un peuple cosmopolite. Voici le guide sur la fa\u00e7on de r\u00e9server le bus Harare \u00e0 Bulawayo :<\/p>\n<h2>Bus de Harare \u00e0 Bulawayo R\u00e9servation de billets de bus, itin\u00e9raires, horaires et tarifs FAQ<\/h2>\n<h3>Quel est le moyen abordable pour se rendre de Harare \u00e0 Bulawayo ?<\/h3>\n<p>Le moyen abordable de se rendre de Harare \u00e0 Bulawayo est en train et bus qui co\u00fbte $10 - $15 et prend 11h 29m.<\/p>\n<h3>Y a-t-il un bus direct de Harare \u00e0 Bulawayo ?<\/h3>\n<p>Oui, il y a un bus direct de Harare \u00e0 Bulawayo. Les services partent un par jour, et op\u00e8rent Mardi, Lundi, Vendredi, Jeudi, Samedi et Dimanche. Le trajet dure environ 6h.<\/p>\n<h3>Quelle est la distance du trajet de bus Harare \u00e0 Bulawayo ?<\/h3>\n<p>La distance du trajet de bus de Harare \u00e0 Bulawayo est de 366 km.<\/p>\n<h3>Comment se d\u00e9placer de Harare \u00e0 Bulawayo sans v\u00e9hicule personnel ?<\/h3>\n<p>L&#039;excellent moyen pour se rendre de Harare \u00e0 Bulawayo sans v\u00e9hicule personnel est de bus, ce qui dure 6h. Billets de bus pas chers de Harare \u00e0 Bulawayo $21- $29.<\/p>\n<h3>O\u00f9 prendre le bus depuis Harare pour Bulawayo ?<\/h3>\n<p>Les billets de bus bon march\u00e9 de Harare aux services de Bulawayo, g\u00e9r\u00e9s par InterCape, partent de la gare de Harare.<\/p>\n<h3>Avion, train ou avion bus Harare jusqu&#039;\u00e0 Bulawayo ?<\/h3>\n<p>Le meilleur moyen de se rendre de Harare \u00e0 Bulawayo est de <a href=\"https:\/\/tiketi.com\/fr-fr\/flightst\/\" target=\"_blank\" rel=\"noopener\">voler<\/a> qui prend 1h 20m et co\u00fbte $80- $450. Sinon, vous pouvez prendre le bus, ce qui co\u00fbte $21 \u2013 $30 et dure 6h, vous pouvez \u00e9galement train, ce qui co\u00fbte $10 \u2013 $15 et dure 11h 29m.<\/p>\n<h2>Billets de bus de Harare \u00e0 Bulawayo Tips<\/h2>\n<p>La place Bulawayo est peupl\u00e9e depuis la pr\u00e9histoire. Le peuple San (Bushman) a peint son image d\u00e9licate dans les grottes des collines de Matoba, les rois Rozvi ont construit une ville de pierre \u00e0 Khami et la nation Ndebele a donn\u00e9 son titre \u00e0 la ville. La ville a de larges rues bord\u00e9es d&#039;arbres et est entour\u00e9e de parcs charmants et de l&#039;h\u00e9ritage de Cecil John Rhodes. Il y a beaucoup d&#039;endroits \u00e0 voir du point de vue des visiteurs.<\/p>","protected":false},"excerpt":{"rendered":"<p>Cheap Bus Tickets from\u00a0Harare to Bulawayo\u00a0Online Booking Discover your travel route on web, mobile or app and book cheap bus ticket from Harare to Bulawayo online now. Do cheap bus from Harare to Bulawayo bus tickets online booking and travel Harare to Bulawayo by road. Bulawayo is Zimbabwe\u2019s second biggest city. Placed in the south-west [&hellip;]<\/p>\n","protected":false},"author":1,"featured_media":13999,"parent":25566,"menu_order":0,"comment_status":"open","ping_status":"closed","template":"template-home-modern.php","meta":{"footnotes":""},"class_list":["post-11496","page","type-page","status-publish","has-post-thumbnail","hentry"],"yoast_head":"<!-- This site is optimized with the Yoast SEO plugin v27.2 - https:\/\/yoast.com\/product\/yoast-seo-wordpress\/ -->\n<title>Bus from Harare to Bulawayo Bus Tickets, Schedule, Fare &amp; Route<\/title>\n<meta name=\"description\" content=\"Looking for bus from\u00a0Harare to Bulawayo bus ticket booking app, route, schedule &amp; fare? Book cheap bus tickets from Harare to Bulawayo online\" \/>\n<meta name=\"robots\" content=\"index, follow, max-snippet:-1, max-image-preview:large, max-video-preview:-1\" \/>\n<link rel=\"canonical\" href=\"https:\/\/tiketi.com\/fr-fr\/routes\/bus\/tickets-from-harare-to-bulawayo\/\" \/>\n<meta property=\"og:locale\" content=\"fr_FR\" \/>\n<meta property=\"og:type\" content=\"article\" \/>\n<meta property=\"og:title\" content=\"Bus from Harare to Bulawayo Bus Tickets, Schedule, Fare &amp; Route\" \/>\n<meta property=\"og:description\" content=\"Looking for bus from\u00a0Harare to Bulawayo bus ticket booking app, route, schedule &amp; fare? Book cheap bus tickets from Harare to Bulawayo online\" \/>\n<meta property=\"og:url\" content=\"https:\/\/tiketi.com\/fr-fr\/routes\/bus\/tickets-from-harare-to-bulawayo\/\" \/>\n<meta property=\"og:site_name\" content=\"Tiketi.com\" \/>\n<meta property=\"article:publisher\" content=\"https:\/\/www.facebook.com\/TiketiCom\/\" \/>\n<meta property=\"article:modified_time\" content=\"2022-10-14T15:56:50+00:00\" \/>\n<meta property=\"og:image\" content=\"https:\/\/tiketi.com\/wp-content\/uploads\/2022\/01\/bus-ticket-online-booking.jpg\" \/>\n\t<meta property=\"og:image:width\" content=\"1200\" \/>\n\t<meta property=\"og:image:height\" content=\"206\" \/>\n\t<meta property=\"og:image:type\" content=\"image\/jpeg\" \/>\n<meta name=\"twitter:card\" content=\"summary_large_image\" \/>\n<meta name=\"twitter:label1\" content=\"Dur\u00e9e de lecture estim\u00e9e\" \/>\n\t<meta name=\"twitter:data1\" content=\"2 minutes\" \/>\n<script type=\"application\/ld+json\" class=\"yoast-schema-graph\">{\"@context\":\"https:\/\/schema.org\",\"@graph\":[{\"@type\":\"WebPage\",\"@id\":\"https:\/\/tiketi.com\/routes\/bus\/tickets-from-harare-to-bulawayo\/\",\"url\":\"https:\/\/tiketi.com\/routes\/bus\/tickets-from-harare-to-bulawayo\/\",\"name\":\"Bus from Harare to Bulawayo Bus Tickets, Schedule, Fare & Route\",\"isPartOf\":{\"@id\":\"https:\/\/tiketi.com\/#website\"},\"primaryImageOfPage\":{\"@id\":\"https:\/\/tiketi.com\/routes\/bus\/tickets-from-harare-to-bulawayo\/#primaryimage\"},\"image\":{\"@id\":\"https:\/\/tiketi.com\/routes\/bus\/tickets-from-harare-to-bulawayo\/#primaryimage\"},\"thumbnailUrl\":\"https:\/\/tiketi.com\/wp-content\/uploads\/2022\/01\/bus-ticket-online-booking.jpg\",\"datePublished\":\"2022-01-19T11:54:44+00:00\",\"dateModified\":\"2022-10-14T15:56:50+00:00\",\"description\":\"Looking for bus from\u00a0Harare to Bulawayo bus ticket booking app, route, schedule & fare? Book cheap bus tickets from Harare to Bulawayo online\",\"breadcrumb\":{\"@id\":\"https:\/\/tiketi.com\/routes\/bus\/tickets-from-harare-to-bulawayo\/#breadcrumb\"},\"inLanguage\":\"fr-FR\",\"potentialAction\":[{\"@type\":\"ReadAction\",\"target\":[\"https:\/\/tiketi.com\/routes\/bus\/tickets-from-harare-to-bulawayo\/\"]}]},{\"@type\":\"ImageObject\",\"inLanguage\":\"fr-FR\",\"@id\":\"https:\/\/tiketi.com\/routes\/bus\/tickets-from-harare-to-bulawayo\/#primaryimage\",\"url\":\"https:\/\/tiketi.com\/wp-content\/uploads\/2022\/01\/bus-ticket-online-booking.jpg\",\"contentUrl\":\"https:\/\/tiketi.com\/wp-content\/uploads\/2022\/01\/bus-ticket-online-booking.jpg\",\"width\":1200,\"height\":206,\"caption\":\"Online Bus Ticket Booking\"},{\"@type\":\"BreadcrumbList\",\"@id\":\"https:\/\/tiketi.com\/routes\/bus\/tickets-from-harare-to-bulawayo\/#breadcrumb\",\"itemListElement\":[{\"@type\":\"ListItem\",\"position\":1,\"name\":\"Home\",\"item\":\"https:\/\/tiketi.com\/\"},{\"@type\":\"ListItem\",\"position\":2,\"name\":\"Routes\",\"item\":\"https:\/\/tiketi.com\/routes\/\"},{\"@type\":\"ListItem\",\"position\":3,\"name\":\"Bus\",\"item\":\"https:\/\/tiketi.com\/routes\/bus\/\"},{\"@type\":\"ListItem\",\"position\":4,\"name\":\"Bus from Harare to Bulawayo Bus Tickets, Schedule, Fare &#038; Route\"}]},{\"@type\":\"WebSite\",\"@id\":\"https:\/\/tiketi.com\/#website\",\"url\":\"https:\/\/tiketi.com\/\",\"name\":\"Flight & Bus Tickets, Tour Packages & Activitites - Tiketi.com\",\"description\":\"Flight &amp; Bus Tickets, Tours, Activitites\",\"publisher\":{\"@id\":\"https:\/\/tiketi.com\/#organization\"},\"potentialAction\":[{\"@type\":\"SearchAction\",\"target\":{\"@type\":\"EntryPoint\",\"urlTemplate\":\"https:\/\/tiketi.com\/?s={search_term_string}\"},\"query-input\":{\"@type\":\"PropertyValueSpecification\",\"valueRequired\":true,\"valueName\":\"search_term_string\"}}],\"inLanguage\":\"fr-FR\"},{\"@type\":\"Organization\",\"@id\":\"https:\/\/tiketi.com\/#organization\",\"name\":\"Tiketi.com\",\"alternateName\":\"Tiketi\",\"url\":\"https:\/\/tiketi.com\/\",\"logo\":{\"@type\":\"ImageObject\",\"inLanguage\":\"fr-FR\",\"@id\":\"https:\/\/tiketi.com\/#\/schema\/logo\/image\/\",\"url\":\"https:\/\/tiketi.com\/wp-content\/uploads\/2019\/05\/tiketi-logo-696.png\",\"contentUrl\":\"https:\/\/tiketi.com\/wp-content\/uploads\/2019\/05\/tiketi-logo-696.png\",\"width\":696,\"height\":696,\"caption\":\"Tiketi.com\"},\"image\":{\"@id\":\"https:\/\/tiketi.com\/#\/schema\/logo\/image\/\"},\"sameAs\":[\"https:\/\/www.facebook.com\/TiketiCom\/\"]}]}<\/script>\n<!-- \/ Yoast SEO plugin. -->","yoast_head_json":{"title":"Bus de Harare \u00e0 Bulawayo Billets de bus, horaires, tarifs et itin\u00e9raire","description":"\u00c0 la recherche d&#039;une application de r\u00e9servation de billets de bus de Harare \u00e0 Bulawayo, d&#039;un itin\u00e9raire, d&#039;un horaire et d&#039;un tarif\u00a0? R\u00e9servez en ligne des billets de bus de Harare \u00e0 Bulawayo","robots":{"index":"index","follow":"follow","max-snippet":"max-snippet:-1","max-image-preview":"max-image-preview:large","max-video-preview":"max-video-preview:-1"},"canonical":"https:\/\/tiketi.com\/fr-fr\/routes\/bus\/tickets-from-harare-to-bulawayo\/","og_locale":"fr_FR","og_type":"article","og_title":"Bus from Harare to Bulawayo Bus Tickets, Schedule, Fare & Route","og_description":"Looking for bus from\u00a0Harare to Bulawayo bus ticket booking app, route, schedule & fare? Book cheap bus tickets from Harare to Bulawayo online","og_url":"https:\/\/tiketi.com\/fr-fr\/routes\/bus\/tickets-from-harare-to-bulawayo\/","og_site_name":"Tiketi.com","article_publisher":"https:\/\/www.facebook.com\/TiketiCom\/","article_modified_time":"2022-10-14T15:56:50+00:00","og_image":[{"width":1200,"height":206,"url":"https:\/\/tiketi.com\/wp-content\/uploads\/2022\/01\/bus-ticket-online-booking.jpg","type":"image\/jpeg"}],"twitter_card":"summary_large_image","twitter_misc":{"Dur\u00e9e de lecture estim\u00e9e":"2 minutes"},"schema":{"@context":"https:\/\/schema.org","@graph":[{"@type":"WebPage","@id":"https:\/\/tiketi.com\/routes\/bus\/tickets-from-harare-to-bulawayo\/","url":"https:\/\/tiketi.com\/routes\/bus\/tickets-from-harare-to-bulawayo\/","name":"Bus de Harare \u00e0 Bulawayo Billets de bus, horaires, tarifs et itin\u00e9raire","isPartOf":{"@id":"https:\/\/tiketi.com\/#website"},"primaryImageOfPage":{"@id":"https:\/\/tiketi.com\/routes\/bus\/tickets-from-harare-to-bulawayo\/#primaryimage"},"image":{"@id":"https:\/\/tiketi.com\/routes\/bus\/tickets-from-harare-to-bulawayo\/#primaryimage"},"thumbnailUrl":"https:\/\/tiketi.com\/wp-content\/uploads\/2022\/01\/bus-ticket-online-booking.jpg","datePublished":"2022-01-19T11:54:44+00:00","dateModified":"2022-10-14T15:56:50+00:00","description":"\u00c0 la recherche d&#039;une application de r\u00e9servation de billets de bus de Harare \u00e0 Bulawayo, d&#039;un itin\u00e9raire, d&#039;un horaire et d&#039;un tarif\u00a0? R\u00e9servez en ligne des billets de bus de Harare \u00e0 Bulawayo","breadcrumb":{"@id":"https:\/\/tiketi.com\/routes\/bus\/tickets-from-harare-to-bulawayo\/#breadcrumb"},"inLanguage":"fr-FR","potentialAction":[{"@type":"ReadAction","target":["https:\/\/tiketi.com\/routes\/bus\/tickets-from-harare-to-bulawayo\/"]}]},{"@type":"ImageObject","inLanguage":"fr-FR","@id":"https:\/\/tiketi.com\/routes\/bus\/tickets-from-harare-to-bulawayo\/#primaryimage","url":"https:\/\/tiketi.com\/wp-content\/uploads\/2022\/01\/bus-ticket-online-booking.jpg","contentUrl":"https:\/\/tiketi.com\/wp-content\/uploads\/2022\/01\/bus-ticket-online-booking.jpg","width":1200,"height":206,"caption":"Online Bus Ticket Booking"},{"@type":"BreadcrumbList","@id":"https:\/\/tiketi.com\/routes\/bus\/tickets-from-harare-to-bulawayo\/#breadcrumb","itemListElement":[{"@type":"ListItem","position":1,"name":"Home","item":"https:\/\/tiketi.com\/"},{"@type":"ListItem","position":2,"name":"Routes","item":"https:\/\/tiketi.com\/routes\/"},{"@type":"ListItem","position":3,"name":"Bus","item":"https:\/\/tiketi.com\/routes\/bus\/"},{"@type":"ListItem","position":4,"name":"Bus from Harare to Bulawayo Bus Tickets, Schedule, Fare &#038; Route"}]},{"@type":"WebSite","@id":"https:\/\/tiketi.com\/#website","url":"https:\/\/tiketi.com\/","name":"Billets d&#039;avion et de bus, forfaits touristiques et activit\u00e9s - Tiketi.com","description":"Billets d&#039;avion et de bus, Tours, Activit\u00e9s","publisher":{"@id":"https:\/\/tiketi.com\/#organization"},"potentialAction":[{"@type":"SearchAction","target":{"@type":"EntryPoint","urlTemplate":"https:\/\/tiketi.com\/?s={search_term_string}"},"query-input":{"@type":"PropertyValueSpecification","valueRequired":true,"valueName":"search_term_string"}}],"inLanguage":"fr-FR"},{"@type":"Organization","@id":"https:\/\/tiketi.com\/#organization","name":"Tiketi.com","alternateName":"Tiketi","url":"https:\/\/tiketi.com\/","logo":{"@type":"ImageObject","inLanguage":"fr-FR","@id":"https:\/\/tiketi.com\/#\/schema\/logo\/image\/","url":"https:\/\/tiketi.com\/wp-content\/uploads\/2019\/05\/tiketi-logo-696.png","contentUrl":"https:\/\/tiketi.com\/wp-content\/uploads\/2019\/05\/tiketi-logo-696.png","width":696,"height":696,"caption":"Tiketi.com"},"image":{"@id":"https:\/\/tiketi.com\/#\/schema\/logo\/image\/"},"sameAs":["https:\/\/www.facebook.com\/TiketiCom\/"]}]}},"_links":{"self":[{"href":"https:\/\/tiketi.com\/fr-fr\/wp-json\/wp\/v2\/pages\/11496","targetHints":{"allow":["GET"]}}],"collection":[{"href":"https:\/\/tiketi.com\/fr-fr\/wp-json\/wp\/v2\/pages"}],"about":[{"href":"https:\/\/tiketi.com\/fr-fr\/wp-json\/wp\/v2\/types\/page"}],"author":[{"embeddable":true,"href":"https:\/\/tiketi.com\/fr-fr\/wp-json\/wp\/v2\/users\/1"}],"replies":[{"embeddable":true,"href":"https:\/\/tiketi.com\/fr-fr\/wp-json\/wp\/v2\/comments?post=11496"}],"version-history":[{"count":0,"href":"https:\/\/tiketi.com\/fr-fr\/wp-json\/wp\/v2\/pages\/11496\/revisions"}],"up":[{"embeddable":true,"href":"https:\/\/tiketi.com\/fr-fr\/wp-json\/wp\/v2\/pages\/25566"}],"wp:featuredmedia":[{"embeddable":true,"href":"https:\/\/tiketi.com\/fr-fr\/wp-json\/wp\/v2\/media\/13999"}],"wp:attachment":[{"href":"https:\/\/tiketi.com\/fr-fr\/wp-json\/wp\/v2\/media?parent=11496"}],"curies":[{"name":"wp","href":"https:\/\/api.w.org\/{rel}","templated":true}]}}