{"id":11504,"date":"2022-01-19T12:54:44","date_gmt":"2022-01-19T11:54:44","guid":{"rendered":"https:\/\/new.tiketi.com\/bus-from-kigali-to-rwamagana-bus-tickets-route-fare-schedule\/"},"modified":"2022-01-29T18:39:57","modified_gmt":"2022-01-29T17:39:57","slug":"online-bus-tickets-from-kigali-to-rwamagana","status":"publish","type":"page","link":"https:\/\/tiketi.com\/fr-fr\/online-bus-tickets-from-kigali-to-rwamagana\/","title":{"rendered":"Bus de Kigali \u00e0 Rwamagana Billets de bus, itin\u00e9raire, tarifs et horaires"},"content":{"rendered":"<h2>Billets de bus pas chers de Kigali \u00e0 Rwamagana R\u00e9servation en ligne<\/h2>\n<h3>D\u00e9couvrez votre itin\u00e9raire sur le web, le mobile ou l&#039;application et r\u00e9servez en ligne maintenant un billet de bus pas cher de Kigali \u00e0 Rwamagana.<\/h3>\n<p>R\u00e9servez en ligne des billets de bus pas chers de Kigali \u00e0 Rwamagana et voyagez de Kigali \u00e0 Rwamagana par la route. Rwamagana est la capitale de la r\u00e9gion de Rwamagana dans la province orientale du pays africain, le Rwanda. Rwamagana est situ\u00e9e \u00e0 une cinquantaine de kilom\u00e8tres \u00e0 l&#039;est de la capitale nationale, Kigali. Rwamagana est une ville d&#039;affaires, qui doit une grande partie de son \u00e9conomie au secteur commercial et \u00e0 la production de caf\u00e9. Il y a aussi une grande \u00e9glise paroissiale, des \u00e9coles secondaires, un centre de conf\u00e9rence, des stations-service, des \u00e9coles secondaires, un dispensaire et un bureau de poste. Voici le guide sur la fa\u00e7on de r\u00e9server des billets de bus de Kigali \u00e0 Rwamagana :<\/p>\n<h2>Bus de Kigali \u00e0 Rwamagana R\u00e9servation de billets de bus, itin\u00e9raires, horaires et tarifs FAQ<\/h2>\n<h3>Quelle est la distance entre Kigali et Rwamagana en bus ?<\/h3>\n<p>La distance entre Kigali et Rwamagana en bus est de 42 km.<\/p>\n<h3>Puis-je conduire de Kigali \u00e0 Rwamagana ?<\/h3>\n<p>Oui, la distance de conduite de Kigali \u00e0 Rwamagana en bus est de 57 km. Il faut environ 1h 8m pour conduire de Kigali \u00e0 Rwamagana.<\/p>\n<h3>Quel est le moyen le moins cher pour voyager de Kigali \u00e0 Rwamagana ?<\/h3>\n<p>Le moyen abordable de voyager de Kigali \u00e0 Rwamagana en bus. Des billets de bus pas chers de Kigali \u00e0 Rwamagana 1h 8m pour conduire et co\u00fbtent $30.<\/p>\n<h3>Quel est le moyen le plus rapide pour voyager de Kigali \u00e0 Rwamagana ?<\/h3>\n<p>Le moyen le plus rapide de voyager de Kigali \u00e0 Rwamagana en bus et en voiture. Kigali \u00e0 Rwamagana trajet en bus 1h 8m et co\u00fbt $30.<\/p>\n<h2>Billets de bus de Kigali \u00e0 Rwamagana Tips<\/h2>\n<p>Comme d&#039;autres villes et villages du Rwanda, Rwamagana est \u00e9galement populaire pour son march\u00e9 traditionnel, o\u00f9 les visiteurs peuvent acheter tout ce qu&#039;ils devinent des villes africaines. Rwamagana propose une large gamme de plats dans des restaurants am\u00e9lior\u00e9s. En raison des restaurants et des magasins, il y a moins \u00e0 Rwamagana, il serait donc m\u00e9morable et pr\u00e9f\u00e9rable que les visiteurs se dirigent vers la capitale, Kigali (\u00e0 une cinquantaine de kilom\u00e8tres de Rwamagana).<br \/>\nL&#039;excellent moment pour visiter Rwamagana d\u00e9pend de l&#039;int\u00e9r\u00eat des visiteurs, de toute fa\u00e7on, pour les visites touristiques et autres activit\u00e9s en plein air, de juin \u00e0 septembre est parfait.<\/p>","protected":false},"excerpt":{"rendered":"<p>Cheap Bus Tickets from\u00a0Kigali to Rwamagana\u00a0Online Booking Discover your travel route on web, mobile or app and book cheap bus ticket from Kigali to Rwamagana online now. Do\u00a0cheap bus from Kigali to Rwamagana bus tickets online booking and travel Kigali to Rwamagana by road.\u00a0Rwamagana is the capital city of Rwamagana area in the Eastern province [&hellip;]<\/p>\n","protected":false},"author":1,"featured_media":13999,"parent":0,"menu_order":0,"comment_status":"open","ping_status":"closed","template":"template-home-modern.php","meta":{"footnotes":""},"class_list":["post-11504","page","type-page","status-publish","has-post-thumbnail","hentry"],"yoast_head":"<!-- This site is optimized with the Yoast SEO plugin v27.3 - https:\/\/yoast.com\/product\/yoast-seo-wordpress\/ -->\n<title>Bus from Kigali to Rwamagana Bus Tickets, Route, Fare &amp; Schedule<\/title>\n<meta name=\"description\" content=\"Looking for bus from\u00a0Kigali to Rwamagana online ticket booking app? Book cheap bus tickets from Kigali to Rwamagana online now\" \/>\n<meta name=\"robots\" content=\"index, follow, max-snippet:-1, max-image-preview:large, max-video-preview:-1\" \/>\n<link rel=\"canonical\" href=\"https:\/\/tiketi.com\/fr-fr\/online-bus-tickets-from-kigali-to-rwamagana\/\" \/>\n<meta property=\"og:locale\" content=\"fr_FR\" \/>\n<meta property=\"og:type\" content=\"article\" \/>\n<meta property=\"og:title\" content=\"Bus from Kigali to Rwamagana Bus Tickets, Route, Fare &amp; Schedule\" \/>\n<meta property=\"og:description\" content=\"Looking for bus from\u00a0Kigali to Rwamagana online ticket booking app? Book cheap bus tickets from Kigali to Rwamagana online now\" \/>\n<meta property=\"og:url\" content=\"https:\/\/tiketi.com\/fr-fr\/online-bus-tickets-from-kigali-to-rwamagana\/\" \/>\n<meta property=\"og:site_name\" content=\"Tiketi.com\" \/>\n<meta property=\"article:publisher\" content=\"https:\/\/www.facebook.com\/TiketiCom\/\" \/>\n<meta property=\"article:modified_time\" content=\"2022-01-29T17:39:57+00:00\" \/>\n<meta property=\"og:image\" content=\"https:\/\/tiketi.com\/wp-content\/uploads\/2022\/01\/bus-ticket-online-booking.jpg\" \/>\n\t<meta property=\"og:image:width\" content=\"1200\" \/>\n\t<meta property=\"og:image:height\" content=\"206\" \/>\n\t<meta property=\"og:image:type\" content=\"image\/jpeg\" \/>\n<meta name=\"twitter:card\" content=\"summary_large_image\" \/>\n<meta name=\"twitter:label1\" content=\"Dur\u00e9e de lecture estim\u00e9e\" \/>\n\t<meta name=\"twitter:data1\" content=\"2 minutes\" \/>\n<script type=\"application\/ld+json\" class=\"yoast-schema-graph\">{\"@context\":\"https:\\\/\\\/schema.org\",\"@graph\":[{\"@type\":\"WebPage\",\"@id\":\"https:\\\/\\\/tiketi.com\\\/online-bus-tickets-from-kigali-to-rwamagana\\\/\",\"url\":\"https:\\\/\\\/tiketi.com\\\/online-bus-tickets-from-kigali-to-rwamagana\\\/\",\"name\":\"Bus from Kigali to Rwamagana Bus Tickets, Route, Fare & Schedule\",\"isPartOf\":{\"@id\":\"https:\\\/\\\/tiketi.com\\\/#website\"},\"primaryImageOfPage\":{\"@id\":\"https:\\\/\\\/tiketi.com\\\/online-bus-tickets-from-kigali-to-rwamagana\\\/#primaryimage\"},\"image\":{\"@id\":\"https:\\\/\\\/tiketi.com\\\/online-bus-tickets-from-kigali-to-rwamagana\\\/#primaryimage\"},\"thumbnailUrl\":\"https:\\\/\\\/tiketi.com\\\/wp-content\\\/uploads\\\/2022\\\/01\\\/bus-ticket-online-booking.jpg\",\"datePublished\":\"2022-01-19T11:54:44+00:00\",\"dateModified\":\"2022-01-29T17:39:57+00:00\",\"description\":\"Looking for bus from\u00a0Kigali to Rwamagana online ticket booking app? Book cheap bus tickets from Kigali to Rwamagana online now\",\"breadcrumb\":{\"@id\":\"https:\\\/\\\/tiketi.com\\\/online-bus-tickets-from-kigali-to-rwamagana\\\/#breadcrumb\"},\"inLanguage\":\"fr-FR\",\"potentialAction\":[{\"@type\":\"ReadAction\",\"target\":[\"https:\\\/\\\/tiketi.com\\\/online-bus-tickets-from-kigali-to-rwamagana\\\/\"]}]},{\"@type\":\"ImageObject\",\"inLanguage\":\"fr-FR\",\"@id\":\"https:\\\/\\\/tiketi.com\\\/online-bus-tickets-from-kigali-to-rwamagana\\\/#primaryimage\",\"url\":\"https:\\\/\\\/tiketi.com\\\/wp-content\\\/uploads\\\/2022\\\/01\\\/bus-ticket-online-booking.jpg\",\"contentUrl\":\"https:\\\/\\\/tiketi.com\\\/wp-content\\\/uploads\\\/2022\\\/01\\\/bus-ticket-online-booking.jpg\",\"width\":1200,\"height\":206,\"caption\":\"Online Bus Ticket Booking\"},{\"@type\":\"BreadcrumbList\",\"@id\":\"https:\\\/\\\/tiketi.com\\\/online-bus-tickets-from-kigali-to-rwamagana\\\/#breadcrumb\",\"itemListElement\":[{\"@type\":\"ListItem\",\"position\":1,\"name\":\"Home\",\"item\":\"https:\\\/\\\/tiketi.com\\\/\"},{\"@type\":\"ListItem\",\"position\":2,\"name\":\"Bus from Kigali to Rwamagana Bus Tickets, Route, Fare &#038; Schedule\"}]},{\"@type\":\"WebSite\",\"@id\":\"https:\\\/\\\/tiketi.com\\\/#website\",\"url\":\"https:\\\/\\\/tiketi.com\\\/\",\"name\":\"Flight & Bus Tickets, Tour Packages & Activitites - Tiketi.com\",\"description\":\"Flight &amp; Bus Tickets, Tours, Activitites\",\"publisher\":{\"@id\":\"https:\\\/\\\/tiketi.com\\\/#organization\"},\"potentialAction\":[{\"@type\":\"SearchAction\",\"target\":{\"@type\":\"EntryPoint\",\"urlTemplate\":\"https:\\\/\\\/tiketi.com\\\/?s={search_term_string}\"},\"query-input\":{\"@type\":\"PropertyValueSpecification\",\"valueRequired\":true,\"valueName\":\"search_term_string\"}}],\"inLanguage\":\"fr-FR\"},{\"@type\":\"Organization\",\"@id\":\"https:\\\/\\\/tiketi.com\\\/#organization\",\"name\":\"Tiketi.com\",\"alternateName\":\"Tiketi\",\"url\":\"https:\\\/\\\/tiketi.com\\\/\",\"logo\":{\"@type\":\"ImageObject\",\"inLanguage\":\"fr-FR\",\"@id\":\"https:\\\/\\\/tiketi.com\\\/#\\\/schema\\\/logo\\\/image\\\/\",\"url\":\"https:\\\/\\\/tiketi.com\\\/wp-content\\\/uploads\\\/2019\\\/05\\\/tiketi-logo-696.png\",\"contentUrl\":\"https:\\\/\\\/tiketi.com\\\/wp-content\\\/uploads\\\/2019\\\/05\\\/tiketi-logo-696.png\",\"width\":696,\"height\":696,\"caption\":\"Tiketi.com\"},\"image\":{\"@id\":\"https:\\\/\\\/tiketi.com\\\/#\\\/schema\\\/logo\\\/image\\\/\"},\"sameAs\":[\"https:\\\/\\\/www.facebook.com\\\/TiketiCom\\\/\"]}]}<\/script>\n<!-- \/ Yoast SEO plugin. -->","yoast_head_json":{"title":"Bus de Kigali \u00e0 Rwamagana Billets de bus, itin\u00e9raire, tarifs et horaires","description":"Vous recherchez une application de r\u00e9servation de billets en ligne de bus de Kigali \u00e0 Rwamagana ? R\u00e9servez en ligne maintenant des billets de bus \u00e0 bas prix de Kigali \u00e0 Rwamagana","robots":{"index":"index","follow":"follow","max-snippet":"max-snippet:-1","max-image-preview":"max-image-preview:large","max-video-preview":"max-video-preview:-1"},"canonical":"https:\/\/tiketi.com\/fr-fr\/online-bus-tickets-from-kigali-to-rwamagana\/","og_locale":"fr_FR","og_type":"article","og_title":"Bus from Kigali to Rwamagana Bus Tickets, Route, Fare & Schedule","og_description":"Looking for bus from\u00a0Kigali to Rwamagana online ticket booking app? Book cheap bus tickets from Kigali to Rwamagana online now","og_url":"https:\/\/tiketi.com\/fr-fr\/online-bus-tickets-from-kigali-to-rwamagana\/","og_site_name":"Tiketi.com","article_publisher":"https:\/\/www.facebook.com\/TiketiCom\/","article_modified_time":"2022-01-29T17:39:57+00:00","og_image":[{"width":1200,"height":206,"url":"https:\/\/tiketi.com\/wp-content\/uploads\/2022\/01\/bus-ticket-online-booking.jpg","type":"image\/jpeg"}],"twitter_card":"summary_large_image","twitter_misc":{"Dur\u00e9e de lecture estim\u00e9e":"2 minutes"},"schema":{"@context":"https:\/\/schema.org","@graph":[{"@type":"WebPage","@id":"https:\/\/tiketi.com\/online-bus-tickets-from-kigali-to-rwamagana\/","url":"https:\/\/tiketi.com\/online-bus-tickets-from-kigali-to-rwamagana\/","name":"Bus de Kigali \u00e0 Rwamagana Billets de bus, itin\u00e9raire, tarifs et horaires","isPartOf":{"@id":"https:\/\/tiketi.com\/#website"},"primaryImageOfPage":{"@id":"https:\/\/tiketi.com\/online-bus-tickets-from-kigali-to-rwamagana\/#primaryimage"},"image":{"@id":"https:\/\/tiketi.com\/online-bus-tickets-from-kigali-to-rwamagana\/#primaryimage"},"thumbnailUrl":"https:\/\/tiketi.com\/wp-content\/uploads\/2022\/01\/bus-ticket-online-booking.jpg","datePublished":"2022-01-19T11:54:44+00:00","dateModified":"2022-01-29T17:39:57+00:00","description":"Vous recherchez une application de r\u00e9servation de billets en ligne de bus de Kigali \u00e0 Rwamagana ? R\u00e9servez en ligne maintenant des billets de bus \u00e0 bas prix de Kigali \u00e0 Rwamagana","breadcrumb":{"@id":"https:\/\/tiketi.com\/online-bus-tickets-from-kigali-to-rwamagana\/#breadcrumb"},"inLanguage":"fr-FR","potentialAction":[{"@type":"ReadAction","target":["https:\/\/tiketi.com\/online-bus-tickets-from-kigali-to-rwamagana\/"]}]},{"@type":"ImageObject","inLanguage":"fr-FR","@id":"https:\/\/tiketi.com\/online-bus-tickets-from-kigali-to-rwamagana\/#primaryimage","url":"https:\/\/tiketi.com\/wp-content\/uploads\/2022\/01\/bus-ticket-online-booking.jpg","contentUrl":"https:\/\/tiketi.com\/wp-content\/uploads\/2022\/01\/bus-ticket-online-booking.jpg","width":1200,"height":206,"caption":"Online Bus Ticket Booking"},{"@type":"BreadcrumbList","@id":"https:\/\/tiketi.com\/online-bus-tickets-from-kigali-to-rwamagana\/#breadcrumb","itemListElement":[{"@type":"ListItem","position":1,"name":"Home","item":"https:\/\/tiketi.com\/"},{"@type":"ListItem","position":2,"name":"Bus from Kigali to Rwamagana Bus Tickets, Route, Fare &#038; Schedule"}]},{"@type":"WebSite","@id":"https:\/\/tiketi.com\/#website","url":"https:\/\/tiketi.com\/","name":"Billets d&#039;avion et de bus, forfaits touristiques et activit\u00e9s - Tiketi.com","description":"Billets d&#039;avion et de bus, Tours, Activit\u00e9s","publisher":{"@id":"https:\/\/tiketi.com\/#organization"},"potentialAction":[{"@type":"SearchAction","target":{"@type":"EntryPoint","urlTemplate":"https:\/\/tiketi.com\/?s={search_term_string}"},"query-input":{"@type":"PropertyValueSpecification","valueRequired":true,"valueName":"search_term_string"}}],"inLanguage":"fr-FR"},{"@type":"Organization","@id":"https:\/\/tiketi.com\/#organization","name":"Tiketi.com","alternateName":"Tiketi","url":"https:\/\/tiketi.com\/","logo":{"@type":"ImageObject","inLanguage":"fr-FR","@id":"https:\/\/tiketi.com\/#\/schema\/logo\/image\/","url":"https:\/\/tiketi.com\/wp-content\/uploads\/2019\/05\/tiketi-logo-696.png","contentUrl":"https:\/\/tiketi.com\/wp-content\/uploads\/2019\/05\/tiketi-logo-696.png","width":696,"height":696,"caption":"Tiketi.com"},"image":{"@id":"https:\/\/tiketi.com\/#\/schema\/logo\/image\/"},"sameAs":["https:\/\/www.facebook.com\/TiketiCom\/"]}]}},"_links":{"self":[{"href":"https:\/\/tiketi.com\/fr-fr\/wp-json\/wp\/v2\/pages\/11504","targetHints":{"allow":["GET"]}}],"collection":[{"href":"https:\/\/tiketi.com\/fr-fr\/wp-json\/wp\/v2\/pages"}],"about":[{"href":"https:\/\/tiketi.com\/fr-fr\/wp-json\/wp\/v2\/types\/page"}],"author":[{"embeddable":true,"href":"https:\/\/tiketi.com\/fr-fr\/wp-json\/wp\/v2\/users\/1"}],"replies":[{"embeddable":true,"href":"https:\/\/tiketi.com\/fr-fr\/wp-json\/wp\/v2\/comments?post=11504"}],"version-history":[{"count":0,"href":"https:\/\/tiketi.com\/fr-fr\/wp-json\/wp\/v2\/pages\/11504\/revisions"}],"wp:featuredmedia":[{"embeddable":true,"href":"https:\/\/tiketi.com\/fr-fr\/wp-json\/wp\/v2\/media\/13999"}],"wp:attachment":[{"href":"https:\/\/tiketi.com\/fr-fr\/wp-json\/wp\/v2\/media?parent=11504"}],"curies":[{"name":"wp","href":"https:\/\/api.w.org\/{rel}","templated":true}]}}