{"id":11505,"date":"2022-01-19T12:54:44","date_gmt":"2022-01-19T11:54:44","guid":{"rendered":"https:\/\/new.tiketi.com\/bus-from-kigali-to-ruhengeri-bus-tickets-route-fare-schedule\/"},"modified":"2022-01-29T18:36:52","modified_gmt":"2022-01-29T17:36:52","slug":"online-bus-tickets-from-kigali-to-ruhengeri","status":"publish","type":"page","link":"https:\/\/tiketi.com\/fr-fr\/online-bus-tickets-from-kigali-to-ruhengeri\/","title":{"rendered":"Bus de Kigali \u00e0 Ruhengeri Billets de bus, itin\u00e9raire, tarifs et horaires"},"content":{"rendered":"<h2>Billets de bus pas chers de Kigali \u00e0 Ruhengeri R\u00e9servation en ligne<\/h2>\n<h3>D\u00e9couvrez votre itin\u00e9raire sur le web, le mobile ou l&#039;application et r\u00e9servez en ligne maintenant un billet de bus pas cher de Kigali \u00e0 Ruhengeri<\/h3>\n<p>R\u00e9servez en ligne des billets de bus pas chers de Kigali \u00e0 Ruhengeri et voyagez de Lusaka \u00e0 Chingola par la route. Ruhengeri est l&#039;une des villes les plus c\u00e9l\u00e8bres du Rwanda. Il est situ\u00e9 dans la r\u00e9gion de Musaze dans la province septentrionale du Rwanda. La plupart des visiteurs viennent \u00e0 Ruhengeri en route vers le parc national des volcans, le meilleur endroit en Afrique pour faire de la randonn\u00e9e avec les gorilles des montagnes. Bien que ce soit une petite ville, les vues compensent avec le puissant volcan Virunga - qui domine la ville \u00e0 l&#039;ouest et au nord - Mikeno, Bisoke, Kirisimbi, Sabinyo, Muside, Muhabura et Gahinga. Voici le guide sur la fa\u00e7on de r\u00e9server des billets de bus de Kigali \u00e0 Ruhengeri :<\/p>\n<h2>Bus de Kigali \u00e0 Ruhengeri R\u00e9servation de billets de bus, itin\u00e9raires, horaires et tarifs FAQ<\/h2>\n<h3>Quelle est la distance entre Kigali et Ruhengeri en bus ?<\/h3>\n<p>La distance entre Kigali et Ruhengeri en bus est de 69 km.<\/p>\n<h3>Puis-je conduire de Kigali \u00e0 Ruhengeri ?<\/h3>\n<p>Oui, la distance entre Ruhengeri et Kigali est de 95 km. il faut environ 1h 30m pour conduire de Kigali \u00e0 Ruhengeri.<\/p>\n<h3>Quel est le moyen abordable de chacun de Kigali \u00e0 Ruhengeri\u00a0?<\/h3>\n<p>Le bus Kigali \u00e0 Ruhengeri est le meilleur moyen de transport. Il faut environ 1h 30m et des billets de bus pas chers de Kigali \u00e0 Ruhengeri seulement $30.<\/p>\n<h2>Billets de bus de Kigali \u00e0 Ruhengeri Tips<\/h2>\n<p>Ruhengi est accessible \u00e0 la fois par voie a\u00e9rienne et terrestre. Dans les airs, les vols entrants peuvent acc\u00e9der \u00e0 Ruhengeri via l&#039;a\u00e9roport de Ruhengri. Il s&#039;agit d&#039;un terminal a\u00e9rien de taille moyenne qui dessert la ville de Ruhengeri et la localit\u00e9 voisine. C&#039;est l&#039;un des 8 terminaux d&#039;avions citoyens r\u00e9guliers ouverts sous l&#039;organisation de l&#039;Autorit\u00e9 de l&#039;aviation civile du Rwanda.<\/p>\n<p>Par voie terrestre, plusieurs entreprises de safari ont Ruhengeri comme grande place, et si vous avez r\u00e9serv\u00e9 votre safari via une entreprise de safari, vous avez une chance de vous rendre \u00e0 Ruhengeri et de vous d\u00e9placer autant que vous l&#039;aimez.<\/p>\n<p>Quoi qu&#039;il en soit, pour les routards, plusieurs compagnies de bus ont assur\u00e9 des services r\u00e9guliers entre Kigali et Rhengeri dans l&#039;espoir que l&#039;un d&#039;eux vous place \u00e0 temps. Ces bus sont moins fr\u00e9quent\u00e9s que les bus g\u00e9n\u00e9raux.<\/p>","protected":false},"excerpt":{"rendered":"<p>Cheap Bus Tickets from\u00a0Kigali to Ruhengeri\u00a0Online Booking Discover your travel route on web, mobile or app and book cheap bus ticket from Kigali to Ruhengeri online now Do\u00a0cheap bus from Kigali to Ruhengeri bus tickets online booking and travel Lusaka to Chingola by road.\u00a0\u00a0Ruhengeri is one of the most famous cities of Rwanda. It is [&hellip;]<\/p>\n","protected":false},"author":1,"featured_media":13999,"parent":0,"menu_order":0,"comment_status":"open","ping_status":"closed","template":"template-home-modern.php","meta":{"footnotes":""},"class_list":["post-11505","page","type-page","status-publish","has-post-thumbnail","hentry"],"yoast_head":"<!-- This site is optimized with the Yoast SEO plugin v27.3 - https:\/\/yoast.com\/product\/yoast-seo-wordpress\/ -->\n<title>Bus from Kigali to Ruhengeri Bus Tickets, Route, Fare &amp; Schedule<\/title>\n<meta name=\"description\" content=\"Looking for bus from\u00a0Kigali to Ruhengeri bus tickets booking app, schedule &amp; fare? Book cheap bus tickets from Kigali to Ruhengeri online\" \/>\n<meta name=\"robots\" content=\"index, follow, max-snippet:-1, max-image-preview:large, max-video-preview:-1\" \/>\n<link rel=\"canonical\" href=\"https:\/\/tiketi.com\/fr-fr\/online-bus-tickets-from-kigali-to-ruhengeri\/\" \/>\n<meta property=\"og:locale\" content=\"fr_FR\" \/>\n<meta property=\"og:type\" content=\"article\" \/>\n<meta property=\"og:title\" content=\"Bus from Kigali to Ruhengeri Bus Tickets, Route, Fare &amp; Schedule\" \/>\n<meta property=\"og:description\" content=\"Looking for bus from\u00a0Kigali to Ruhengeri bus tickets booking app, schedule &amp; fare? Book cheap bus tickets from Kigali to Ruhengeri online\" \/>\n<meta property=\"og:url\" content=\"https:\/\/tiketi.com\/fr-fr\/online-bus-tickets-from-kigali-to-ruhengeri\/\" \/>\n<meta property=\"og:site_name\" content=\"Tiketi.com\" \/>\n<meta property=\"article:publisher\" content=\"https:\/\/www.facebook.com\/TiketiCom\/\" \/>\n<meta property=\"article:modified_time\" content=\"2022-01-29T17:36:52+00:00\" \/>\n<meta property=\"og:image\" content=\"https:\/\/tiketi.com\/wp-content\/uploads\/2022\/01\/bus-ticket-online-booking.jpg\" \/>\n\t<meta property=\"og:image:width\" content=\"1200\" \/>\n\t<meta property=\"og:image:height\" content=\"206\" \/>\n\t<meta property=\"og:image:type\" content=\"image\/jpeg\" \/>\n<meta name=\"twitter:card\" content=\"summary_large_image\" \/>\n<meta name=\"twitter:label1\" content=\"Dur\u00e9e de lecture estim\u00e9e\" \/>\n\t<meta name=\"twitter:data1\" content=\"2 minutes\" \/>\n<script type=\"application\/ld+json\" class=\"yoast-schema-graph\">{\"@context\":\"https:\\\/\\\/schema.org\",\"@graph\":[{\"@type\":\"WebPage\",\"@id\":\"https:\\\/\\\/tiketi.com\\\/fr-fr\\\/online-bus-tickets-from-kigali-to-ruhengeri\\\/\",\"url\":\"https:\\\/\\\/tiketi.com\\\/fr-fr\\\/online-bus-tickets-from-kigali-to-ruhengeri\\\/\",\"name\":\"Bus from Kigali to Ruhengeri Bus Tickets, Route, Fare & Schedule\",\"isPartOf\":{\"@id\":\"https:\\\/\\\/tiketi.com\\\/#website\"},\"primaryImageOfPage\":{\"@id\":\"https:\\\/\\\/tiketi.com\\\/fr-fr\\\/online-bus-tickets-from-kigali-to-ruhengeri\\\/#primaryimage\"},\"image\":{\"@id\":\"https:\\\/\\\/tiketi.com\\\/fr-fr\\\/online-bus-tickets-from-kigali-to-ruhengeri\\\/#primaryimage\"},\"thumbnailUrl\":\"https:\\\/\\\/tiketi.com\\\/wp-content\\\/uploads\\\/2022\\\/01\\\/bus-ticket-online-booking.jpg\",\"datePublished\":\"2022-01-19T11:54:44+00:00\",\"dateModified\":\"2022-01-29T17:36:52+00:00\",\"description\":\"Looking for bus from\u00a0Kigali to Ruhengeri bus tickets booking app, schedule & fare? Book cheap bus tickets from Kigali to Ruhengeri online\",\"breadcrumb\":{\"@id\":\"https:\\\/\\\/tiketi.com\\\/fr-fr\\\/online-bus-tickets-from-kigali-to-ruhengeri\\\/#breadcrumb\"},\"inLanguage\":\"fr-FR\",\"potentialAction\":[{\"@type\":\"ReadAction\",\"target\":[\"https:\\\/\\\/tiketi.com\\\/fr-fr\\\/online-bus-tickets-from-kigali-to-ruhengeri\\\/\"]}]},{\"@type\":\"ImageObject\",\"inLanguage\":\"fr-FR\",\"@id\":\"https:\\\/\\\/tiketi.com\\\/fr-fr\\\/online-bus-tickets-from-kigali-to-ruhengeri\\\/#primaryimage\",\"url\":\"https:\\\/\\\/tiketi.com\\\/wp-content\\\/uploads\\\/2022\\\/01\\\/bus-ticket-online-booking.jpg\",\"contentUrl\":\"https:\\\/\\\/tiketi.com\\\/wp-content\\\/uploads\\\/2022\\\/01\\\/bus-ticket-online-booking.jpg\",\"width\":1200,\"height\":206,\"caption\":\"Online Bus Ticket Booking\"},{\"@type\":\"BreadcrumbList\",\"@id\":\"https:\\\/\\\/tiketi.com\\\/fr-fr\\\/online-bus-tickets-from-kigali-to-ruhengeri\\\/#breadcrumb\",\"itemListElement\":[{\"@type\":\"ListItem\",\"position\":1,\"name\":\"Home\",\"item\":\"https:\\\/\\\/tiketi.com\\\/\"},{\"@type\":\"ListItem\",\"position\":2,\"name\":\"Bus from Kigali to Ruhengeri Bus Tickets, Route, Fare &#038; Schedule\"}]},{\"@type\":\"WebSite\",\"@id\":\"https:\\\/\\\/tiketi.com\\\/#website\",\"url\":\"https:\\\/\\\/tiketi.com\\\/\",\"name\":\"Flight & Bus Tickets, Tour Packages & Activitites - Tiketi.com\",\"description\":\"Flight &amp; Bus Tickets, Tours, Activitites\",\"publisher\":{\"@id\":\"https:\\\/\\\/tiketi.com\\\/#organization\"},\"potentialAction\":[{\"@type\":\"SearchAction\",\"target\":{\"@type\":\"EntryPoint\",\"urlTemplate\":\"https:\\\/\\\/tiketi.com\\\/?s={search_term_string}\"},\"query-input\":{\"@type\":\"PropertyValueSpecification\",\"valueRequired\":true,\"valueName\":\"search_term_string\"}}],\"inLanguage\":\"fr-FR\"},{\"@type\":\"Organization\",\"@id\":\"https:\\\/\\\/tiketi.com\\\/#organization\",\"name\":\"Tiketi.com\",\"alternateName\":\"Tiketi\",\"url\":\"https:\\\/\\\/tiketi.com\\\/\",\"logo\":{\"@type\":\"ImageObject\",\"inLanguage\":\"fr-FR\",\"@id\":\"https:\\\/\\\/tiketi.com\\\/#\\\/schema\\\/logo\\\/image\\\/\",\"url\":\"https:\\\/\\\/tiketi.com\\\/wp-content\\\/uploads\\\/2019\\\/05\\\/tiketi-logo-696.png\",\"contentUrl\":\"https:\\\/\\\/tiketi.com\\\/wp-content\\\/uploads\\\/2019\\\/05\\\/tiketi-logo-696.png\",\"width\":696,\"height\":696,\"caption\":\"Tiketi.com\"},\"image\":{\"@id\":\"https:\\\/\\\/tiketi.com\\\/#\\\/schema\\\/logo\\\/image\\\/\"},\"sameAs\":[\"https:\\\/\\\/www.facebook.com\\\/TiketiCom\\\/\"]}]}<\/script>\n<!-- \/ Yoast SEO plugin. -->","yoast_head_json":{"title":"Bus de Kigali \u00e0 Ruhengeri Billets de bus, itin\u00e9raire, tarifs et horaires","description":"Vous recherchez une application de r\u00e9servation de billets de bus de Kigali \u00e0 Ruhengeri, les horaires et les tarifs\u00a0? R\u00e9servez en ligne des billets de bus de Kigali \u00e0 Ruhengeri \u00e0 petits prix","robots":{"index":"index","follow":"follow","max-snippet":"max-snippet:-1","max-image-preview":"max-image-preview:large","max-video-preview":"max-video-preview:-1"},"canonical":"https:\/\/tiketi.com\/fr-fr\/online-bus-tickets-from-kigali-to-ruhengeri\/","og_locale":"fr_FR","og_type":"article","og_title":"Bus from Kigali to Ruhengeri Bus Tickets, Route, Fare & Schedule","og_description":"Looking for bus from\u00a0Kigali to Ruhengeri bus tickets booking app, schedule & fare? Book cheap bus tickets from Kigali to Ruhengeri online","og_url":"https:\/\/tiketi.com\/fr-fr\/online-bus-tickets-from-kigali-to-ruhengeri\/","og_site_name":"Tiketi.com","article_publisher":"https:\/\/www.facebook.com\/TiketiCom\/","article_modified_time":"2022-01-29T17:36:52+00:00","og_image":[{"width":1200,"height":206,"url":"https:\/\/tiketi.com\/wp-content\/uploads\/2022\/01\/bus-ticket-online-booking.jpg","type":"image\/jpeg"}],"twitter_card":"summary_large_image","twitter_misc":{"Dur\u00e9e de lecture estim\u00e9e":"2 minutes"},"schema":{"@context":"https:\/\/schema.org","@graph":[{"@type":"WebPage","@id":"https:\/\/tiketi.com\/fr-fr\/online-bus-tickets-from-kigali-to-ruhengeri\/","url":"https:\/\/tiketi.com\/fr-fr\/online-bus-tickets-from-kigali-to-ruhengeri\/","name":"Bus de Kigali \u00e0 Ruhengeri Billets de bus, itin\u00e9raire, tarifs et horaires","isPartOf":{"@id":"https:\/\/tiketi.com\/#website"},"primaryImageOfPage":{"@id":"https:\/\/tiketi.com\/fr-fr\/online-bus-tickets-from-kigali-to-ruhengeri\/#primaryimage"},"image":{"@id":"https:\/\/tiketi.com\/fr-fr\/online-bus-tickets-from-kigali-to-ruhengeri\/#primaryimage"},"thumbnailUrl":"https:\/\/tiketi.com\/wp-content\/uploads\/2022\/01\/bus-ticket-online-booking.jpg","datePublished":"2022-01-19T11:54:44+00:00","dateModified":"2022-01-29T17:36:52+00:00","description":"Vous recherchez une application de r\u00e9servation de billets de bus de Kigali \u00e0 Ruhengeri, les horaires et les tarifs\u00a0? R\u00e9servez en ligne des billets de bus de Kigali \u00e0 Ruhengeri \u00e0 petits prix","breadcrumb":{"@id":"https:\/\/tiketi.com\/fr-fr\/online-bus-tickets-from-kigali-to-ruhengeri\/#breadcrumb"},"inLanguage":"fr-FR","potentialAction":[{"@type":"ReadAction","target":["https:\/\/tiketi.com\/fr-fr\/online-bus-tickets-from-kigali-to-ruhengeri\/"]}]},{"@type":"ImageObject","inLanguage":"fr-FR","@id":"https:\/\/tiketi.com\/fr-fr\/online-bus-tickets-from-kigali-to-ruhengeri\/#primaryimage","url":"https:\/\/tiketi.com\/wp-content\/uploads\/2022\/01\/bus-ticket-online-booking.jpg","contentUrl":"https:\/\/tiketi.com\/wp-content\/uploads\/2022\/01\/bus-ticket-online-booking.jpg","width":1200,"height":206,"caption":"Online Bus Ticket Booking"},{"@type":"BreadcrumbList","@id":"https:\/\/tiketi.com\/fr-fr\/online-bus-tickets-from-kigali-to-ruhengeri\/#breadcrumb","itemListElement":[{"@type":"ListItem","position":1,"name":"Home","item":"https:\/\/tiketi.com\/"},{"@type":"ListItem","position":2,"name":"Bus from Kigali to Ruhengeri Bus Tickets, Route, Fare &#038; Schedule"}]},{"@type":"WebSite","@id":"https:\/\/tiketi.com\/#website","url":"https:\/\/tiketi.com\/","name":"Billets d&#039;avion et de bus, forfaits touristiques et activit\u00e9s - Tiketi.com","description":"Billets d&#039;avion et de bus, Tours, Activit\u00e9s","publisher":{"@id":"https:\/\/tiketi.com\/#organization"},"potentialAction":[{"@type":"SearchAction","target":{"@type":"EntryPoint","urlTemplate":"https:\/\/tiketi.com\/?s={search_term_string}"},"query-input":{"@type":"PropertyValueSpecification","valueRequired":true,"valueName":"search_term_string"}}],"inLanguage":"fr-FR"},{"@type":"Organization","@id":"https:\/\/tiketi.com\/#organization","name":"Tiketi.com","alternateName":"Tiketi","url":"https:\/\/tiketi.com\/","logo":{"@type":"ImageObject","inLanguage":"fr-FR","@id":"https:\/\/tiketi.com\/#\/schema\/logo\/image\/","url":"https:\/\/tiketi.com\/wp-content\/uploads\/2019\/05\/tiketi-logo-696.png","contentUrl":"https:\/\/tiketi.com\/wp-content\/uploads\/2019\/05\/tiketi-logo-696.png","width":696,"height":696,"caption":"Tiketi.com"},"image":{"@id":"https:\/\/tiketi.com\/#\/schema\/logo\/image\/"},"sameAs":["https:\/\/www.facebook.com\/TiketiCom\/"]}]}},"_links":{"self":[{"href":"https:\/\/tiketi.com\/fr-fr\/wp-json\/wp\/v2\/pages\/11505","targetHints":{"allow":["GET"]}}],"collection":[{"href":"https:\/\/tiketi.com\/fr-fr\/wp-json\/wp\/v2\/pages"}],"about":[{"href":"https:\/\/tiketi.com\/fr-fr\/wp-json\/wp\/v2\/types\/page"}],"author":[{"embeddable":true,"href":"https:\/\/tiketi.com\/fr-fr\/wp-json\/wp\/v2\/users\/1"}],"replies":[{"embeddable":true,"href":"https:\/\/tiketi.com\/fr-fr\/wp-json\/wp\/v2\/comments?post=11505"}],"version-history":[{"count":0,"href":"https:\/\/tiketi.com\/fr-fr\/wp-json\/wp\/v2\/pages\/11505\/revisions"}],"wp:featuredmedia":[{"embeddable":true,"href":"https:\/\/tiketi.com\/fr-fr\/wp-json\/wp\/v2\/media\/13999"}],"wp:attachment":[{"href":"https:\/\/tiketi.com\/fr-fr\/wp-json\/wp\/v2\/media?parent=11505"}],"curies":[{"name":"wp","href":"https:\/\/api.w.org\/{rel}","templated":true}]}}