{"id":11506,"date":"2022-01-19T12:54:44","date_gmt":"2022-01-19T11:54:44","guid":{"rendered":"https:\/\/new.tiketi.com\/bus-from-kigali-to-kibuye-bus-tickets-route-fare-schedule\/"},"modified":"2022-01-28T22:16:37","modified_gmt":"2022-01-28T21:16:37","slug":"online-bus-tickets-from-kigali-to-kibuye","status":"publish","type":"page","link":"https:\/\/tiketi.com\/fr-fr\/online-bus-tickets-from-kigali-to-kibuye\/","title":{"rendered":"Bus de Kigali \u00e0 Kibuye Billets de bus, itin\u00e9raire, tarifs et horaires"},"content":{"rendered":"<h2>Billets de bus pas chers de Kigali \u00e0 Kibuye R\u00e9servation en ligne<\/h2>\n<h3>D\u00e9couvrez votre itin\u00e9raire sur le web, le mobile ou l&#039;application et r\u00e9servez en ligne maintenant un billet de bus pas cher de Kigali \u00e0 Kibuye.<\/h3>\n<p>R\u00e9servez en ligne des billets de bus pas chers de Kigali \u00e0 Kibuye et voyagez de Kigali \u00e0 Kibuye par la route. Kibuye est l&#039;un des endroits les plus romantiques et relaxants du Rwanda, et c&#039;est un endroit parfait pour profiter des loisirs au bord du lac. Merveilleuse station baln\u00e9aire au bord du lac, il y a suffisamment de plages aux eaux cristallines. Outre les nouvelles installations de sports nautiques, les vantaux traditionnels peuvent \u00eatre utilis\u00e9s pour d&#039;\u00e9tonnantes excursions de d\u00e9couverte de la nature et de v\u00e9ritables exp\u00e9riences avec la vie quotidienne rwandaise. Les visiteurs peuvent faire des promenades en bateau depuis de nombreux h\u00f4tels nationaux visitant l&#039;\u00eele Napol\u00e9on et d\u00eener dans les restaurants de l&#039;\u00eele Amahoro et m\u00eame aller p\u00eacher de nuit avec la personne locale. Voici le guide sur la fa\u00e7on de r\u00e9server des billets de bus de Kigali \u00e0 Kibuye :<\/p>\n<h2>Bus de Kigali \u00e0 Kibuye R\u00e9servation de billets de bus, itin\u00e9raires, horaires et tarifs FAQ<\/h2>\n<h3>Quelle est la distance entre Kigali et Kibuye en bus ?<\/h3>\n<p>La distance parcourue entre Kigali et Kibuye en bus est de 80 km.<\/p>\n<h3>Puis-je conduire de Kigali \u00e0 Kibuye ?<\/h3>\n<p>Oui, la distance entre Kibuye et Kigali est de 134 km. il faut environ 2h 5m pour conduire de Kigali \u00e0 Kibuye.<\/p>\n<h3>Quel est le moyen le moins cher de voyager de Kigali \u00e0 Kibuye ?<\/h3>\n<p>Le moyen abordable de voyager de Kigali \u00e0 Kibuye en bus. Le trajet en bus de Kigali \u00e0 Kibuye dure 1h 5m et co\u00fbte $30.<\/p>\n<h2>Bus Kigali \u00e0 Kibuye Conseils<\/h2>\n<p>Les routes de plaine de Kigali et d&#039;autres villes comme Cyangugu et Gisenyi rendent la ville c\u00e9l\u00e8bre aupr\u00e8s des visiteurs et des Rwandais, et le week-end, vous trouverez des familles d&#039;ailleurs au Rwanda profitant des petites plages et nageant dans le lac.<\/p>\n<p>De Kibuye, vous pouvez faire des excursions en bateau sur le lac Kivu jusqu&#039;aux \u00eeles voisines\u00a0: l&#039;\u00eele Napol\u00e9on avec sa colonie d&#039;\u00eeles Amahoro et ses chauves-souris frugivores.<\/p>\n<h3>H\u00e9bergements<\/h3>\n<p>Pour la joie des visiteurs de milieu de gamme et des routards, Kibuye est encore assez loin de la carte touristique. Bien que le Rwanda devienne assez luxueux, un h\u00e9bergement cinq \u00e9toiles est propos\u00e9 dans tout le pays, vous n&#039;en trouverez pas trop dans cette retraite au bord du lac. Au lieu de cela, les visiteurs ont la chance de s\u00e9journer dans des maisons d&#039;h\u00f4tes, quelques lodges haut de gamme et des h\u00f4tels pittoresques.<\/p>\n<p>&nbsp;<\/p>","protected":false},"excerpt":{"rendered":"<p>Cheap Bus Tickets from&nbsp;Kigali to Kibuye&nbsp;Online Booking Discover your travel route on web, mobile or app and book cheap bus ticket from Kigali to Kibuye online now. Do&nbsp;cheap bus from Kigali to Kibuye bus tickets online booking and travel Kigali to Kibuye by road.&nbsp;&nbsp;Kibuye is one of the most romantic and relaxing locations in Rwanda, [&hellip;]<\/p>\n","protected":false},"author":1,"featured_media":13999,"parent":0,"menu_order":0,"comment_status":"open","ping_status":"closed","template":"template-home-modern.php","meta":{"footnotes":""},"class_list":["post-11506","page","type-page","status-publish","has-post-thumbnail","hentry"],"yoast_head":"<!-- This site is optimized with the Yoast SEO plugin v27.3 - https:\/\/yoast.com\/product\/yoast-seo-wordpress\/ -->\n<title>Bus from Kigali to Kibuye Bus Tickets, Route, Fare &amp; Schedule<\/title>\n<meta name=\"description\" content=\"Looking for bus from\u00a0Kigali to Kibuye bus tickets booking app, routes, schedules &amp; fares? Book cheap bus tickets from Kigali to Kibuye online\" \/>\n<meta name=\"robots\" content=\"index, follow, max-snippet:-1, max-image-preview:large, max-video-preview:-1\" \/>\n<link rel=\"canonical\" href=\"https:\/\/tiketi.com\/fr-fr\/online-bus-tickets-from-kigali-to-kibuye\/\" \/>\n<meta property=\"og:locale\" content=\"fr_FR\" \/>\n<meta property=\"og:type\" content=\"article\" \/>\n<meta property=\"og:title\" content=\"Bus from Kigali to Kibuye Bus Tickets, Route, Fare &amp; Schedule\" \/>\n<meta property=\"og:description\" content=\"Looking for bus from\u00a0Kigali to Kibuye bus tickets booking app, routes, schedules &amp; fares? Book cheap bus tickets from Kigali to Kibuye online\" \/>\n<meta property=\"og:url\" content=\"https:\/\/tiketi.com\/fr-fr\/online-bus-tickets-from-kigali-to-kibuye\/\" \/>\n<meta property=\"og:site_name\" content=\"Tiketi.com\" \/>\n<meta property=\"article:publisher\" content=\"https:\/\/www.facebook.com\/TiketiCom\/\" \/>\n<meta property=\"article:modified_time\" content=\"2022-01-28T21:16:37+00:00\" \/>\n<meta property=\"og:image\" content=\"https:\/\/tiketi.com\/wp-content\/uploads\/2022\/01\/bus-ticket-online-booking.jpg\" \/>\n\t<meta property=\"og:image:width\" content=\"1200\" \/>\n\t<meta property=\"og:image:height\" content=\"206\" \/>\n\t<meta property=\"og:image:type\" content=\"image\/jpeg\" \/>\n<meta name=\"twitter:card\" content=\"summary_large_image\" \/>\n<meta name=\"twitter:label1\" content=\"Dur\u00e9e de lecture estim\u00e9e\" \/>\n\t<meta name=\"twitter:data1\" content=\"2 minutes\" \/>\n<script type=\"application\/ld+json\" class=\"yoast-schema-graph\">{\"@context\":\"https:\\\/\\\/schema.org\",\"@graph\":[{\"@type\":\"WebPage\",\"@id\":\"https:\\\/\\\/tiketi.com\\\/sw\\\/online-bus-tickets-from-kigali-to-kibuye\\\/\",\"url\":\"https:\\\/\\\/tiketi.com\\\/sw\\\/online-bus-tickets-from-kigali-to-kibuye\\\/\",\"name\":\"Bus from Kigali to Kibuye Bus Tickets, Route, Fare & Schedule\",\"isPartOf\":{\"@id\":\"https:\\\/\\\/tiketi.com\\\/#website\"},\"primaryImageOfPage\":{\"@id\":\"https:\\\/\\\/tiketi.com\\\/sw\\\/online-bus-tickets-from-kigali-to-kibuye\\\/#primaryimage\"},\"image\":{\"@id\":\"https:\\\/\\\/tiketi.com\\\/sw\\\/online-bus-tickets-from-kigali-to-kibuye\\\/#primaryimage\"},\"thumbnailUrl\":\"https:\\\/\\\/tiketi.com\\\/wp-content\\\/uploads\\\/2022\\\/01\\\/bus-ticket-online-booking.jpg\",\"datePublished\":\"2022-01-19T11:54:44+00:00\",\"dateModified\":\"2022-01-28T21:16:37+00:00\",\"description\":\"Looking for bus from\u00a0Kigali to Kibuye bus tickets booking app, routes, schedules & fares? Book cheap bus tickets from Kigali to Kibuye online\",\"breadcrumb\":{\"@id\":\"https:\\\/\\\/tiketi.com\\\/sw\\\/online-bus-tickets-from-kigali-to-kibuye\\\/#breadcrumb\"},\"inLanguage\":\"fr-FR\",\"potentialAction\":[{\"@type\":\"ReadAction\",\"target\":[\"https:\\\/\\\/tiketi.com\\\/sw\\\/online-bus-tickets-from-kigali-to-kibuye\\\/\"]}]},{\"@type\":\"ImageObject\",\"inLanguage\":\"fr-FR\",\"@id\":\"https:\\\/\\\/tiketi.com\\\/sw\\\/online-bus-tickets-from-kigali-to-kibuye\\\/#primaryimage\",\"url\":\"https:\\\/\\\/tiketi.com\\\/wp-content\\\/uploads\\\/2022\\\/01\\\/bus-ticket-online-booking.jpg\",\"contentUrl\":\"https:\\\/\\\/tiketi.com\\\/wp-content\\\/uploads\\\/2022\\\/01\\\/bus-ticket-online-booking.jpg\",\"width\":1200,\"height\":206,\"caption\":\"Online Bus Ticket Booking\"},{\"@type\":\"BreadcrumbList\",\"@id\":\"https:\\\/\\\/tiketi.com\\\/sw\\\/online-bus-tickets-from-kigali-to-kibuye\\\/#breadcrumb\",\"itemListElement\":[{\"@type\":\"ListItem\",\"position\":1,\"name\":\"Home\",\"item\":\"https:\\\/\\\/tiketi.com\\\/\"},{\"@type\":\"ListItem\",\"position\":2,\"name\":\"Bus from Kigali to Kibuye Bus Tickets, Route, Fare &#038; Schedule\"}]},{\"@type\":\"WebSite\",\"@id\":\"https:\\\/\\\/tiketi.com\\\/#website\",\"url\":\"https:\\\/\\\/tiketi.com\\\/\",\"name\":\"Flight & Bus Tickets, Tour Packages & Activitites - Tiketi.com\",\"description\":\"Flight &amp; Bus Tickets, Tours, Activitites\",\"publisher\":{\"@id\":\"https:\\\/\\\/tiketi.com\\\/#organization\"},\"potentialAction\":[{\"@type\":\"SearchAction\",\"target\":{\"@type\":\"EntryPoint\",\"urlTemplate\":\"https:\\\/\\\/tiketi.com\\\/?s={search_term_string}\"},\"query-input\":{\"@type\":\"PropertyValueSpecification\",\"valueRequired\":true,\"valueName\":\"search_term_string\"}}],\"inLanguage\":\"fr-FR\"},{\"@type\":\"Organization\",\"@id\":\"https:\\\/\\\/tiketi.com\\\/#organization\",\"name\":\"Tiketi.com\",\"alternateName\":\"Tiketi\",\"url\":\"https:\\\/\\\/tiketi.com\\\/\",\"logo\":{\"@type\":\"ImageObject\",\"inLanguage\":\"fr-FR\",\"@id\":\"https:\\\/\\\/tiketi.com\\\/#\\\/schema\\\/logo\\\/image\\\/\",\"url\":\"https:\\\/\\\/tiketi.com\\\/wp-content\\\/uploads\\\/2019\\\/05\\\/tiketi-logo-696.png\",\"contentUrl\":\"https:\\\/\\\/tiketi.com\\\/wp-content\\\/uploads\\\/2019\\\/05\\\/tiketi-logo-696.png\",\"width\":696,\"height\":696,\"caption\":\"Tiketi.com\"},\"image\":{\"@id\":\"https:\\\/\\\/tiketi.com\\\/#\\\/schema\\\/logo\\\/image\\\/\"},\"sameAs\":[\"https:\\\/\\\/www.facebook.com\\\/TiketiCom\\\/\"]}]}<\/script>\n<!-- \/ Yoast SEO plugin. -->","yoast_head_json":{"title":"Bus de Kigali \u00e0 Kibuye Billets de bus, itin\u00e9raire, tarifs et horaires","description":"Vous recherchez une application de r\u00e9servation de billets de bus de Kigali \u00e0 Kibuye, des itin\u00e9raires, des horaires et des tarifs\u00a0? R\u00e9servez en ligne des billets de bus de Kigali \u00e0 Kibuye \u00e0 petits prix","robots":{"index":"index","follow":"follow","max-snippet":"max-snippet:-1","max-image-preview":"max-image-preview:large","max-video-preview":"max-video-preview:-1"},"canonical":"https:\/\/tiketi.com\/fr-fr\/online-bus-tickets-from-kigali-to-kibuye\/","og_locale":"fr_FR","og_type":"article","og_title":"Bus from Kigali to Kibuye Bus Tickets, Route, Fare & Schedule","og_description":"Looking for bus from\u00a0Kigali to Kibuye bus tickets booking app, routes, schedules & fares? Book cheap bus tickets from Kigali to Kibuye online","og_url":"https:\/\/tiketi.com\/fr-fr\/online-bus-tickets-from-kigali-to-kibuye\/","og_site_name":"Tiketi.com","article_publisher":"https:\/\/www.facebook.com\/TiketiCom\/","article_modified_time":"2022-01-28T21:16:37+00:00","og_image":[{"width":1200,"height":206,"url":"https:\/\/tiketi.com\/wp-content\/uploads\/2022\/01\/bus-ticket-online-booking.jpg","type":"image\/jpeg"}],"twitter_card":"summary_large_image","twitter_misc":{"Dur\u00e9e de lecture estim\u00e9e":"2 minutes"},"schema":{"@context":"https:\/\/schema.org","@graph":[{"@type":"WebPage","@id":"https:\/\/tiketi.com\/sw\/online-bus-tickets-from-kigali-to-kibuye\/","url":"https:\/\/tiketi.com\/sw\/online-bus-tickets-from-kigali-to-kibuye\/","name":"Bus de Kigali \u00e0 Kibuye Billets de bus, itin\u00e9raire, tarifs et horaires","isPartOf":{"@id":"https:\/\/tiketi.com\/#website"},"primaryImageOfPage":{"@id":"https:\/\/tiketi.com\/sw\/online-bus-tickets-from-kigali-to-kibuye\/#primaryimage"},"image":{"@id":"https:\/\/tiketi.com\/sw\/online-bus-tickets-from-kigali-to-kibuye\/#primaryimage"},"thumbnailUrl":"https:\/\/tiketi.com\/wp-content\/uploads\/2022\/01\/bus-ticket-online-booking.jpg","datePublished":"2022-01-19T11:54:44+00:00","dateModified":"2022-01-28T21:16:37+00:00","description":"Vous recherchez une application de r\u00e9servation de billets de bus de Kigali \u00e0 Kibuye, des itin\u00e9raires, des horaires et des tarifs\u00a0? R\u00e9servez en ligne des billets de bus de Kigali \u00e0 Kibuye \u00e0 petits prix","breadcrumb":{"@id":"https:\/\/tiketi.com\/sw\/online-bus-tickets-from-kigali-to-kibuye\/#breadcrumb"},"inLanguage":"fr-FR","potentialAction":[{"@type":"ReadAction","target":["https:\/\/tiketi.com\/sw\/online-bus-tickets-from-kigali-to-kibuye\/"]}]},{"@type":"ImageObject","inLanguage":"fr-FR","@id":"https:\/\/tiketi.com\/sw\/online-bus-tickets-from-kigali-to-kibuye\/#primaryimage","url":"https:\/\/tiketi.com\/wp-content\/uploads\/2022\/01\/bus-ticket-online-booking.jpg","contentUrl":"https:\/\/tiketi.com\/wp-content\/uploads\/2022\/01\/bus-ticket-online-booking.jpg","width":1200,"height":206,"caption":"Online Bus Ticket Booking"},{"@type":"BreadcrumbList","@id":"https:\/\/tiketi.com\/sw\/online-bus-tickets-from-kigali-to-kibuye\/#breadcrumb","itemListElement":[{"@type":"ListItem","position":1,"name":"Home","item":"https:\/\/tiketi.com\/"},{"@type":"ListItem","position":2,"name":"Bus from Kigali to Kibuye Bus Tickets, Route, Fare &#038; Schedule"}]},{"@type":"WebSite","@id":"https:\/\/tiketi.com\/#website","url":"https:\/\/tiketi.com\/","name":"Billets d&#039;avion et de bus, forfaits touristiques et activit\u00e9s - Tiketi.com","description":"Billets d&#039;avion et de bus, Tours, Activit\u00e9s","publisher":{"@id":"https:\/\/tiketi.com\/#organization"},"potentialAction":[{"@type":"SearchAction","target":{"@type":"EntryPoint","urlTemplate":"https:\/\/tiketi.com\/?s={search_term_string}"},"query-input":{"@type":"PropertyValueSpecification","valueRequired":true,"valueName":"search_term_string"}}],"inLanguage":"fr-FR"},{"@type":"Organization","@id":"https:\/\/tiketi.com\/#organization","name":"Tiketi.com","alternateName":"Tiketi","url":"https:\/\/tiketi.com\/","logo":{"@type":"ImageObject","inLanguage":"fr-FR","@id":"https:\/\/tiketi.com\/#\/schema\/logo\/image\/","url":"https:\/\/tiketi.com\/wp-content\/uploads\/2019\/05\/tiketi-logo-696.png","contentUrl":"https:\/\/tiketi.com\/wp-content\/uploads\/2019\/05\/tiketi-logo-696.png","width":696,"height":696,"caption":"Tiketi.com"},"image":{"@id":"https:\/\/tiketi.com\/#\/schema\/logo\/image\/"},"sameAs":["https:\/\/www.facebook.com\/TiketiCom\/"]}]}},"_links":{"self":[{"href":"https:\/\/tiketi.com\/fr-fr\/wp-json\/wp\/v2\/pages\/11506","targetHints":{"allow":["GET"]}}],"collection":[{"href":"https:\/\/tiketi.com\/fr-fr\/wp-json\/wp\/v2\/pages"}],"about":[{"href":"https:\/\/tiketi.com\/fr-fr\/wp-json\/wp\/v2\/types\/page"}],"author":[{"embeddable":true,"href":"https:\/\/tiketi.com\/fr-fr\/wp-json\/wp\/v2\/users\/1"}],"replies":[{"embeddable":true,"href":"https:\/\/tiketi.com\/fr-fr\/wp-json\/wp\/v2\/comments?post=11506"}],"version-history":[{"count":0,"href":"https:\/\/tiketi.com\/fr-fr\/wp-json\/wp\/v2\/pages\/11506\/revisions"}],"wp:featuredmedia":[{"embeddable":true,"href":"https:\/\/tiketi.com\/fr-fr\/wp-json\/wp\/v2\/media\/13999"}],"wp:attachment":[{"href":"https:\/\/tiketi.com\/fr-fr\/wp-json\/wp\/v2\/media?parent=11506"}],"curies":[{"name":"wp","href":"https:\/\/api.w.org\/{rel}","templated":true}]}}