{"id":11507,"date":"2022-01-19T12:54:44","date_gmt":"2022-01-19T11:54:44","guid":{"rendered":"https:\/\/new.tiketi.com\/bus-from-kigali-to-kibungo-bus-tickets-route-fare-schedule\/"},"modified":"2022-01-28T22:04:23","modified_gmt":"2022-01-28T21:04:23","slug":"online-bus-tickets-from-kigali-to-kibungo","status":"publish","type":"page","link":"https:\/\/tiketi.com\/fr-fr\/online-bus-tickets-from-kigali-to-kibungo\/","title":{"rendered":"Bus de Kigali \u00e0 Kibungo Billets de bus, itin\u00e9raire, tarifs et horaires"},"content":{"rendered":"<h2>Billets de bus pas chers de Kigali \u00e0 Kibungo : r\u00e9servation en ligne<\/h2>\n<h3>D\u00e9couvrez votre itin\u00e9raire de voyage sur le Web, votre mobile ou votre application et r\u00e9servez d\u00e8s maintenant un billet de bus pas cher de Kigali \u00e0 Kibungo en ligne.<\/h3>\n<p>R\u00e9servez des billets de bus pas chers de Kigali \u00e0 Kibungo en ligne et voyagez de Kigali \u00e0 Kibungo par la route. Kibungo est une ville et le centre ex\u00e9cutif de la r\u00e9gion de Ngoma dans la province orientale du Rwanda, situ\u00e9e \u00e0 environ 40 km au sud de la capitale provinciale, Rwamagana et \u00e0 environ quatre-vingts km au sud-est de la capitale nationale, Kigali. Kibungo est une ville color\u00e9e, c\u00e9l\u00e8bre pour la beaut\u00e9 de cinq lacs situ\u00e9s \u00e0 l&#039;est de la ville. Voici le guide pour r\u00e9server des billets de bus de Kigali \u00e0 Kibungo :<\/p>\n<h2>Bus de Kigali \u00e0 Kibungo R\u00e9servation de billets de bus, itin\u00e9raires, horaires et tarifs FAQ<\/h2>\n<h3>Le temps dans le chemin de Kigali vers Kibungo<\/h3>\n<p>La dur\u00e9e du trajet de Kibungo \u00e0 Kigali est d\u2019environ 1,9 heure. Si votre vitesse de d\u00e9placement est de cinquante kilom\u00e8tres par heure. Le voyage de Kibungo \u00e0 Kigali en bus est reli\u00e9 par plusieurs itin\u00e9raires.<\/p>\n<h3>Quelle est la distance entre Kigali et Kibungo en bus?<\/h3>\n<p>La distance de voyage de Kigali \u00e0 Kibungo bus est de 59 km.<\/p>\n<h3>Puis-je conduire de Kigali \u00e0 Kibungo ?<\/h3>\n<p>Oui, la distance entre Kibungo et Kigali est de 93 km. il faut environ 2h 5m pour conduire de Kigali \u00e0 Kibungo.<\/p>\n<h3>Quel est le moyen le moins cher pour voyager de Kigali \u00e0 Kibungo ?<\/h3>\n<p>Le moyen abordable de voyager de Kigali \u00e0 Kibungo en bus. Bus pas cher Kigali \u00e0 Kibungo : bus $30 et dur\u00e9e 2h 5m.<\/p>\n<h2>Conseils pour les billets de bus de Kigali \u00e0 Kibungo<\/h2>\n<p>La ville elle-m\u00eame abrite toutes les installations, notamment le campus universitaire, les banques et l&#039;h\u00f4pital.<\/p>\n<p>Comme la plupart des villes du Rwanda, Kibungo est \u00e9galement desservie par l&#039;a\u00e9roport international de Kigali avec des vols r\u00e9guliers depuis de nombreuses destinations internationales comme Duba\u00ef, Douala, Bruxelles, Entebbe, Doha, Amsterdam, Mombasa, Johannesburg, Nairobi et Addis-Abeba. Les taxis sont g\u00e9n\u00e9ralement disponibles \u00e0 l&#039;a\u00e9roport et les visiteurs peuvent \u00e9galement utiliser un transfert priv\u00e9 pr\u00e9-r\u00e9serv\u00e9 pour un voyage relaxant \u00e0 l&#039;a\u00e9roport.<\/p>\n<p>Kibungo est reli\u00e9 \u00e0 Kigali par l&#039;autoroute B2, qui relie \u00e9galement Kibungo \u00e0 Nyakasanza en Tanzanie. Vous pouvez visiter Kigali \u00e0 Kibungo en bus.<\/p>\n<p>Les bus de luxe sont difficiles \u00e0 voir \u00e0 Kibungo, les visiteurs peuvent donc envisager des minibus pour leurs voyages int\u00e9rieurs. Les moto-taxis sont \u00e9galement courants \u00e0 Kibungo.<\/p>","protected":false},"excerpt":{"rendered":"<p>Cheap Bus Tickets from\u00a0Kigali to Kibungo\u00a0Online Booking Discover your travel route on web, mobile or app and book cheap bus ticket from Kigali to Kibungo online now Do\u00a0cheap bus from Kigali to Kibungo bus tickets online booking and travel Kigali to Kibungo by road.\u00a0\u00a0Kibungo is a city and the executive center of the Ngoma area [&hellip;]<\/p>\n","protected":false},"author":1,"featured_media":13999,"parent":0,"menu_order":0,"comment_status":"open","ping_status":"closed","template":"template-home-modern.php","meta":{"footnotes":""},"class_list":["post-11507","page","type-page","status-publish","has-post-thumbnail","hentry"],"yoast_head":"<!-- This site is optimized with the Yoast SEO plugin v27.3 - https:\/\/yoast.com\/product\/yoast-seo-wordpress\/ -->\n<title>Bus from Kigali to Kibungo Bus Tickets, Route, Fare &amp; Schedule<\/title>\n<meta name=\"description\" content=\"Looking for bus from\u00a0Kigali to Kibungo bus ticket booking, schedule &amp; fare? Book cheap bus tickets from Kigali to Kibungo online\" \/>\n<meta name=\"robots\" content=\"index, follow, max-snippet:-1, max-image-preview:large, max-video-preview:-1\" \/>\n<link rel=\"canonical\" href=\"https:\/\/tiketi.com\/fr-fr\/online-bus-tickets-from-kigali-to-kibungo\/\" \/>\n<meta property=\"og:locale\" content=\"fr_FR\" \/>\n<meta property=\"og:type\" content=\"article\" \/>\n<meta property=\"og:title\" content=\"Bus from Kigali to Kibungo Bus Tickets, Route, Fare &amp; Schedule\" \/>\n<meta property=\"og:description\" content=\"Looking for bus from\u00a0Kigali to Kibungo bus ticket booking, schedule &amp; fare? Book cheap bus tickets from Kigali to Kibungo online\" \/>\n<meta property=\"og:url\" content=\"https:\/\/tiketi.com\/fr-fr\/online-bus-tickets-from-kigali-to-kibungo\/\" \/>\n<meta property=\"og:site_name\" content=\"Tiketi.com\" \/>\n<meta property=\"article:publisher\" content=\"https:\/\/www.facebook.com\/TiketiCom\/\" \/>\n<meta property=\"article:modified_time\" content=\"2022-01-28T21:04:23+00:00\" \/>\n<meta property=\"og:image\" content=\"https:\/\/tiketi.com\/wp-content\/uploads\/2022\/01\/bus-ticket-online-booking.jpg\" \/>\n\t<meta property=\"og:image:width\" content=\"1200\" \/>\n\t<meta property=\"og:image:height\" content=\"206\" \/>\n\t<meta property=\"og:image:type\" content=\"image\/jpeg\" \/>\n<meta name=\"twitter:card\" content=\"summary_large_image\" \/>\n<meta name=\"twitter:label1\" content=\"Dur\u00e9e de lecture estim\u00e9e\" \/>\n\t<meta name=\"twitter:data1\" content=\"2 minutes\" \/>\n<script type=\"application\/ld+json\" class=\"yoast-schema-graph\">{\"@context\":\"https:\\\/\\\/schema.org\",\"@graph\":[{\"@type\":\"WebPage\",\"@id\":\"https:\\\/\\\/tiketi.com\\\/online-bus-tickets-from-kigali-to-kibungo\\\/\",\"url\":\"https:\\\/\\\/tiketi.com\\\/online-bus-tickets-from-kigali-to-kibungo\\\/\",\"name\":\"Bus from Kigali to Kibungo Bus Tickets, Route, Fare & Schedule\",\"isPartOf\":{\"@id\":\"https:\\\/\\\/tiketi.com\\\/#website\"},\"primaryImageOfPage\":{\"@id\":\"https:\\\/\\\/tiketi.com\\\/online-bus-tickets-from-kigali-to-kibungo\\\/#primaryimage\"},\"image\":{\"@id\":\"https:\\\/\\\/tiketi.com\\\/online-bus-tickets-from-kigali-to-kibungo\\\/#primaryimage\"},\"thumbnailUrl\":\"https:\\\/\\\/tiketi.com\\\/wp-content\\\/uploads\\\/2022\\\/01\\\/bus-ticket-online-booking.jpg\",\"datePublished\":\"2022-01-19T11:54:44+00:00\",\"dateModified\":\"2022-01-28T21:04:23+00:00\",\"description\":\"Looking for bus from\u00a0Kigali to Kibungo bus ticket booking, schedule & fare? Book cheap bus tickets from Kigali to Kibungo online\",\"breadcrumb\":{\"@id\":\"https:\\\/\\\/tiketi.com\\\/online-bus-tickets-from-kigali-to-kibungo\\\/#breadcrumb\"},\"inLanguage\":\"fr-FR\",\"potentialAction\":[{\"@type\":\"ReadAction\",\"target\":[\"https:\\\/\\\/tiketi.com\\\/online-bus-tickets-from-kigali-to-kibungo\\\/\"]}]},{\"@type\":\"ImageObject\",\"inLanguage\":\"fr-FR\",\"@id\":\"https:\\\/\\\/tiketi.com\\\/online-bus-tickets-from-kigali-to-kibungo\\\/#primaryimage\",\"url\":\"https:\\\/\\\/tiketi.com\\\/wp-content\\\/uploads\\\/2022\\\/01\\\/bus-ticket-online-booking.jpg\",\"contentUrl\":\"https:\\\/\\\/tiketi.com\\\/wp-content\\\/uploads\\\/2022\\\/01\\\/bus-ticket-online-booking.jpg\",\"width\":1200,\"height\":206,\"caption\":\"Online Bus Ticket Booking\"},{\"@type\":\"BreadcrumbList\",\"@id\":\"https:\\\/\\\/tiketi.com\\\/online-bus-tickets-from-kigali-to-kibungo\\\/#breadcrumb\",\"itemListElement\":[{\"@type\":\"ListItem\",\"position\":1,\"name\":\"Home\",\"item\":\"https:\\\/\\\/tiketi.com\\\/\"},{\"@type\":\"ListItem\",\"position\":2,\"name\":\"Bus from Kigali to Kibungo Bus Tickets, Route, Fare &#038; Schedule\"}]},{\"@type\":\"WebSite\",\"@id\":\"https:\\\/\\\/tiketi.com\\\/#website\",\"url\":\"https:\\\/\\\/tiketi.com\\\/\",\"name\":\"Flight & Bus Tickets, Tour Packages & Activitites - Tiketi.com\",\"description\":\"Flight &amp; Bus Tickets, Tours, Activitites\",\"publisher\":{\"@id\":\"https:\\\/\\\/tiketi.com\\\/#organization\"},\"potentialAction\":[{\"@type\":\"SearchAction\",\"target\":{\"@type\":\"EntryPoint\",\"urlTemplate\":\"https:\\\/\\\/tiketi.com\\\/?s={search_term_string}\"},\"query-input\":{\"@type\":\"PropertyValueSpecification\",\"valueRequired\":true,\"valueName\":\"search_term_string\"}}],\"inLanguage\":\"fr-FR\"},{\"@type\":\"Organization\",\"@id\":\"https:\\\/\\\/tiketi.com\\\/#organization\",\"name\":\"Tiketi.com\",\"alternateName\":\"Tiketi\",\"url\":\"https:\\\/\\\/tiketi.com\\\/\",\"logo\":{\"@type\":\"ImageObject\",\"inLanguage\":\"fr-FR\",\"@id\":\"https:\\\/\\\/tiketi.com\\\/#\\\/schema\\\/logo\\\/image\\\/\",\"url\":\"https:\\\/\\\/tiketi.com\\\/wp-content\\\/uploads\\\/2019\\\/05\\\/tiketi-logo-696.png\",\"contentUrl\":\"https:\\\/\\\/tiketi.com\\\/wp-content\\\/uploads\\\/2019\\\/05\\\/tiketi-logo-696.png\",\"width\":696,\"height\":696,\"caption\":\"Tiketi.com\"},\"image\":{\"@id\":\"https:\\\/\\\/tiketi.com\\\/#\\\/schema\\\/logo\\\/image\\\/\"},\"sameAs\":[\"https:\\\/\\\/www.facebook.com\\\/TiketiCom\\\/\"]}]}<\/script>\n<!-- \/ Yoast SEO plugin. -->","yoast_head_json":{"title":"Bus de Kigali \u00e0 Kibungo Billets de bus, itin\u00e9raire, tarifs et horaires","description":"Vous recherchez un bus de Kigali \u00e0 Kibungo, r\u00e9servation de billets de bus, horaires et tarifs ? R\u00e9servez vos billets de bus pas chers de Kigali \u00e0 Kibungo en ligne","robots":{"index":"index","follow":"follow","max-snippet":"max-snippet:-1","max-image-preview":"max-image-preview:large","max-video-preview":"max-video-preview:-1"},"canonical":"https:\/\/tiketi.com\/fr-fr\/online-bus-tickets-from-kigali-to-kibungo\/","og_locale":"fr_FR","og_type":"article","og_title":"Bus from Kigali to Kibungo Bus Tickets, Route, Fare & Schedule","og_description":"Looking for bus from\u00a0Kigali to Kibungo bus ticket booking, schedule & fare? Book cheap bus tickets from Kigali to Kibungo online","og_url":"https:\/\/tiketi.com\/fr-fr\/online-bus-tickets-from-kigali-to-kibungo\/","og_site_name":"Tiketi.com","article_publisher":"https:\/\/www.facebook.com\/TiketiCom\/","article_modified_time":"2022-01-28T21:04:23+00:00","og_image":[{"width":1200,"height":206,"url":"https:\/\/tiketi.com\/wp-content\/uploads\/2022\/01\/bus-ticket-online-booking.jpg","type":"image\/jpeg"}],"twitter_card":"summary_large_image","twitter_misc":{"Dur\u00e9e de lecture estim\u00e9e":"2 minutes"},"schema":{"@context":"https:\/\/schema.org","@graph":[{"@type":"WebPage","@id":"https:\/\/tiketi.com\/online-bus-tickets-from-kigali-to-kibungo\/","url":"https:\/\/tiketi.com\/online-bus-tickets-from-kigali-to-kibungo\/","name":"Bus de Kigali \u00e0 Kibungo Billets de bus, itin\u00e9raire, tarifs et horaires","isPartOf":{"@id":"https:\/\/tiketi.com\/#website"},"primaryImageOfPage":{"@id":"https:\/\/tiketi.com\/online-bus-tickets-from-kigali-to-kibungo\/#primaryimage"},"image":{"@id":"https:\/\/tiketi.com\/online-bus-tickets-from-kigali-to-kibungo\/#primaryimage"},"thumbnailUrl":"https:\/\/tiketi.com\/wp-content\/uploads\/2022\/01\/bus-ticket-online-booking.jpg","datePublished":"2022-01-19T11:54:44+00:00","dateModified":"2022-01-28T21:04:23+00:00","description":"Vous recherchez un bus de Kigali \u00e0 Kibungo, r\u00e9servation de billets de bus, horaires et tarifs ? R\u00e9servez vos billets de bus pas chers de Kigali \u00e0 Kibungo en ligne","breadcrumb":{"@id":"https:\/\/tiketi.com\/online-bus-tickets-from-kigali-to-kibungo\/#breadcrumb"},"inLanguage":"fr-FR","potentialAction":[{"@type":"ReadAction","target":["https:\/\/tiketi.com\/online-bus-tickets-from-kigali-to-kibungo\/"]}]},{"@type":"ImageObject","inLanguage":"fr-FR","@id":"https:\/\/tiketi.com\/online-bus-tickets-from-kigali-to-kibungo\/#primaryimage","url":"https:\/\/tiketi.com\/wp-content\/uploads\/2022\/01\/bus-ticket-online-booking.jpg","contentUrl":"https:\/\/tiketi.com\/wp-content\/uploads\/2022\/01\/bus-ticket-online-booking.jpg","width":1200,"height":206,"caption":"Online Bus Ticket Booking"},{"@type":"BreadcrumbList","@id":"https:\/\/tiketi.com\/online-bus-tickets-from-kigali-to-kibungo\/#breadcrumb","itemListElement":[{"@type":"ListItem","position":1,"name":"Home","item":"https:\/\/tiketi.com\/"},{"@type":"ListItem","position":2,"name":"Bus from Kigali to Kibungo Bus Tickets, Route, Fare &#038; Schedule"}]},{"@type":"WebSite","@id":"https:\/\/tiketi.com\/#website","url":"https:\/\/tiketi.com\/","name":"Billets d&#039;avion et de bus, forfaits touristiques et activit\u00e9s - Tiketi.com","description":"Billets d&#039;avion et de bus, Tours, Activit\u00e9s","publisher":{"@id":"https:\/\/tiketi.com\/#organization"},"potentialAction":[{"@type":"SearchAction","target":{"@type":"EntryPoint","urlTemplate":"https:\/\/tiketi.com\/?s={search_term_string}"},"query-input":{"@type":"PropertyValueSpecification","valueRequired":true,"valueName":"search_term_string"}}],"inLanguage":"fr-FR"},{"@type":"Organization","@id":"https:\/\/tiketi.com\/#organization","name":"Tiketi.com","alternateName":"Tiketi","url":"https:\/\/tiketi.com\/","logo":{"@type":"ImageObject","inLanguage":"fr-FR","@id":"https:\/\/tiketi.com\/#\/schema\/logo\/image\/","url":"https:\/\/tiketi.com\/wp-content\/uploads\/2019\/05\/tiketi-logo-696.png","contentUrl":"https:\/\/tiketi.com\/wp-content\/uploads\/2019\/05\/tiketi-logo-696.png","width":696,"height":696,"caption":"Tiketi.com"},"image":{"@id":"https:\/\/tiketi.com\/#\/schema\/logo\/image\/"},"sameAs":["https:\/\/www.facebook.com\/TiketiCom\/"]}]}},"_links":{"self":[{"href":"https:\/\/tiketi.com\/fr-fr\/wp-json\/wp\/v2\/pages\/11507","targetHints":{"allow":["GET"]}}],"collection":[{"href":"https:\/\/tiketi.com\/fr-fr\/wp-json\/wp\/v2\/pages"}],"about":[{"href":"https:\/\/tiketi.com\/fr-fr\/wp-json\/wp\/v2\/types\/page"}],"author":[{"embeddable":true,"href":"https:\/\/tiketi.com\/fr-fr\/wp-json\/wp\/v2\/users\/1"}],"replies":[{"embeddable":true,"href":"https:\/\/tiketi.com\/fr-fr\/wp-json\/wp\/v2\/comments?post=11507"}],"version-history":[{"count":0,"href":"https:\/\/tiketi.com\/fr-fr\/wp-json\/wp\/v2\/pages\/11507\/revisions"}],"wp:featuredmedia":[{"embeddable":true,"href":"https:\/\/tiketi.com\/fr-fr\/wp-json\/wp\/v2\/media\/13999"}],"wp:attachment":[{"href":"https:\/\/tiketi.com\/fr-fr\/wp-json\/wp\/v2\/media?parent=11507"}],"curies":[{"name":"wp","href":"https:\/\/api.w.org\/{rel}","templated":true}]}}