{"id":11509,"date":"2022-01-19T12:54:50","date_gmt":"2022-01-19T11:54:50","guid":{"rendered":"https:\/\/new.tiketi.com\/bus-from-kigali-to-gisenyi-bus-tickets-route-fare-schedule\/"},"modified":"2022-01-28T21:56:22","modified_gmt":"2022-01-28T20:56:22","slug":"online-bus-tickets-from-kigali-to-gisenyi","status":"publish","type":"page","link":"https:\/\/tiketi.com\/fr-fr\/online-bus-tickets-from-kigali-to-gisenyi\/","title":{"rendered":"Bus de Kigali \u00e0 Gisenyi Billets de bus, itin\u00e9raire, tarifs et horaires"},"content":{"rendered":"<h2>Billets de bus pas chers de Kigali \u00e0 Gisenyi R\u00e9servation en ligne<\/h2>\n<h3>D\u00e9couvrez votre itin\u00e9raire sur le web, le mobile ou l&#039;application et r\u00e9servez en ligne maintenant un billet de bus pas cher de Kigali \u00e0 Gisenyi.<\/h3>\n<p>R\u00e9servez en ligne des billets de bus pas chers de Kigali \u00e0 Gisenyi et voyagez de Lusaka \u00e0 Chingola par la route. Gisenyi est une ville de la r\u00e9gion de Rubavu dans la province occidentale du Rwanda. Gisenyi est contigu\u00eb \u00e0 Goma, la ville de l&#039;autre c\u00f4t\u00e9 de la fronti\u00e8re en R\u00e9publique d\u00e9mocratique du Congo. Voici le guide sur la fa\u00e7on de r\u00e9server des billets de bus de Kigali \u00e0 Gisenyi :<\/p>\n<h2>Bus de Kigali \u00e0 Gisenyi R\u00e9servation de billets de bus, itin\u00e9raires, horaires et tarifs FAQs<\/h2>\n<h3>Le bus Kigali-Gisenyi est-il le moyen le plus \u00e9conomique de se rendre \u00e0 Gisenyi ?<\/h3>\n<p>Le moyen abordable de se rendre de Kigali \u00e0 Gisenyi est en bus et ferry rapide qui co\u00fbte $41 - $44 et prend 10h.<\/p>\n<h3>Quel est le moyen le plus rapide pour se rendre de Kigali \u00e0 Gisenyi ?<\/h3>\n<p>Le moyen le plus rapide pour se rendre de Kigali \u00e0 Gisenyi en bus et ferry rapide qui co\u00fbte $41 \u2013 $45 et prend 10h.<\/p>\n<h3>Quelle est la distance du trajet de bus Kigali \u00e0 Gisenyi ?<\/h3>\n<p>La distance du trajet de bus Kigali \u00e0 Gisenyi est de 93 km.<\/p>\n<h3>Comment se d\u00e9placer de Kigali \u00e0 Gisenyi sans v\u00e9hicule personnel ?<\/h3>\n<p>Le meilleur moyen pour se rendre de Kigali \u00e0 Gisenyi sans v\u00e9hicule personnel est de prendre le bus et ferry rapide, ce qui dure 10h et des billets de bus pas chers de Kigali \u00e0 Gisenyi $41 \u2013 $45.<\/p>\n<h3>Puis-je conduire de Kigali \u00e0 Gisenyi ?<\/h3>\n<p>Oui, la distance entre Gisenyi et Kigali est de 155 km. il faut environ 2h 20m pour conduire de Kigali \u00e0 Gisenyi.<\/p>\n<h2>Billets de bus de Kigali \u00e0 Gisenyi Tips<\/h2>\n<p>La ville poss\u00e8de une station baln\u00e9aire sur les rives du lac Kivu, avec de nombreux h\u00f4tels et 3 plages de sable. La r\u00e9gion est \u00e9galement appel\u00e9e pour les sports nautiques. La rive nord du lac sur lequel se trouvent Gisenyi et Goma est une plaine plate avec de la lave provenant des \u00e9ruptions du mont Nyiragongo \u00e0 proximit\u00e9.<\/p>\n<p>Gisenyi a 2 fronti\u00e8res avec Goma, la \u00ab Grande Barri\u00e8re \u00bb et la \u00ab Petite Barri\u00e8re \u00bb. Ces noms sont assez trompeurs car la Petite Barri\u00e8re est physiquement plus grande et a des volumes de trafic beaucoup plus \u00e9lev\u00e9s. Environ 6 000 personnes ont travers\u00e9 quotidiennement la Petite Barri\u00e8re en 2011.<\/p>","protected":false},"excerpt":{"rendered":"<p>Cheap Bus Tickets from\u00a0Kigali to Gisenyi\u00a0Online Booking Discover your travel route on web, mobile or app and book cheap bus ticket from Kigali to Gisenyi online now. Do\u00a0cheap bus from Kigali to Gisenyi\u00a0bus tickets online booking and travel Lusaka to Chingola by road.\u00a0\u00a0Gisenyi is a city in Rubavu area in Rwanda Western province. Gisenyi is [&hellip;]<\/p>\n","protected":false},"author":1,"featured_media":13999,"parent":0,"menu_order":0,"comment_status":"open","ping_status":"closed","template":"template-home-modern.php","meta":{"footnotes":""},"class_list":["post-11509","page","type-page","status-publish","has-post-thumbnail","hentry"],"yoast_head":"<!-- This site is optimized with the Yoast SEO plugin v27.3 - https:\/\/yoast.com\/product\/yoast-seo-wordpress\/ -->\n<title>Bus from Kigali to Gisenyi Bus Tickets, Route, Fare &amp; Schedule<\/title>\n<meta name=\"description\" content=\"Looking for bus from\u00a0Kigali to Gisenyi bus tickets booking app, route, schedule &amp; fare? Book cheap bus tickets from Kigali to Gisenyi online\" \/>\n<meta name=\"robots\" content=\"index, follow, max-snippet:-1, max-image-preview:large, max-video-preview:-1\" \/>\n<link rel=\"canonical\" href=\"https:\/\/tiketi.com\/fr-fr\/online-bus-tickets-from-kigali-to-gisenyi\/\" \/>\n<meta property=\"og:locale\" content=\"fr_FR\" \/>\n<meta property=\"og:type\" content=\"article\" \/>\n<meta property=\"og:title\" content=\"Bus from Kigali to Gisenyi Bus Tickets, Route, Fare &amp; Schedule\" \/>\n<meta property=\"og:description\" content=\"Looking for bus from\u00a0Kigali to Gisenyi bus tickets booking app, route, schedule &amp; fare? Book cheap bus tickets from Kigali to Gisenyi online\" \/>\n<meta property=\"og:url\" content=\"https:\/\/tiketi.com\/fr-fr\/online-bus-tickets-from-kigali-to-gisenyi\/\" \/>\n<meta property=\"og:site_name\" content=\"Tiketi.com\" \/>\n<meta property=\"article:publisher\" content=\"https:\/\/www.facebook.com\/TiketiCom\/\" \/>\n<meta property=\"article:modified_time\" content=\"2022-01-28T20:56:22+00:00\" \/>\n<meta property=\"og:image\" content=\"https:\/\/tiketi.com\/wp-content\/uploads\/2022\/01\/bus-ticket-online-booking.jpg\" \/>\n\t<meta property=\"og:image:width\" content=\"1200\" \/>\n\t<meta property=\"og:image:height\" content=\"206\" \/>\n\t<meta property=\"og:image:type\" content=\"image\/jpeg\" \/>\n<meta name=\"twitter:card\" content=\"summary_large_image\" \/>\n<meta name=\"twitter:label1\" content=\"Dur\u00e9e de lecture estim\u00e9e\" \/>\n\t<meta name=\"twitter:data1\" content=\"2 minutes\" \/>\n<script type=\"application\/ld+json\" class=\"yoast-schema-graph\">{\"@context\":\"https:\\\/\\\/schema.org\",\"@graph\":[{\"@type\":\"WebPage\",\"@id\":\"https:\\\/\\\/tiketi.com\\\/sw\\\/online-bus-tickets-from-kigali-to-gisenyi\\\/\",\"url\":\"https:\\\/\\\/tiketi.com\\\/sw\\\/online-bus-tickets-from-kigali-to-gisenyi\\\/\",\"name\":\"Bus from Kigali to Gisenyi Bus Tickets, Route, Fare & Schedule\",\"isPartOf\":{\"@id\":\"https:\\\/\\\/tiketi.com\\\/#website\"},\"primaryImageOfPage\":{\"@id\":\"https:\\\/\\\/tiketi.com\\\/sw\\\/online-bus-tickets-from-kigali-to-gisenyi\\\/#primaryimage\"},\"image\":{\"@id\":\"https:\\\/\\\/tiketi.com\\\/sw\\\/online-bus-tickets-from-kigali-to-gisenyi\\\/#primaryimage\"},\"thumbnailUrl\":\"https:\\\/\\\/tiketi.com\\\/wp-content\\\/uploads\\\/2022\\\/01\\\/bus-ticket-online-booking.jpg\",\"datePublished\":\"2022-01-19T11:54:50+00:00\",\"dateModified\":\"2022-01-28T20:56:22+00:00\",\"description\":\"Looking for bus from\u00a0Kigali to Gisenyi bus tickets booking app, route, schedule & fare? Book cheap bus tickets from Kigali to Gisenyi online\",\"breadcrumb\":{\"@id\":\"https:\\\/\\\/tiketi.com\\\/sw\\\/online-bus-tickets-from-kigali-to-gisenyi\\\/#breadcrumb\"},\"inLanguage\":\"fr-FR\",\"potentialAction\":[{\"@type\":\"ReadAction\",\"target\":[\"https:\\\/\\\/tiketi.com\\\/sw\\\/online-bus-tickets-from-kigali-to-gisenyi\\\/\"]}]},{\"@type\":\"ImageObject\",\"inLanguage\":\"fr-FR\",\"@id\":\"https:\\\/\\\/tiketi.com\\\/sw\\\/online-bus-tickets-from-kigali-to-gisenyi\\\/#primaryimage\",\"url\":\"https:\\\/\\\/tiketi.com\\\/wp-content\\\/uploads\\\/2022\\\/01\\\/bus-ticket-online-booking.jpg\",\"contentUrl\":\"https:\\\/\\\/tiketi.com\\\/wp-content\\\/uploads\\\/2022\\\/01\\\/bus-ticket-online-booking.jpg\",\"width\":1200,\"height\":206,\"caption\":\"Online Bus Ticket Booking\"},{\"@type\":\"BreadcrumbList\",\"@id\":\"https:\\\/\\\/tiketi.com\\\/sw\\\/online-bus-tickets-from-kigali-to-gisenyi\\\/#breadcrumb\",\"itemListElement\":[{\"@type\":\"ListItem\",\"position\":1,\"name\":\"Home\",\"item\":\"https:\\\/\\\/tiketi.com\\\/\"},{\"@type\":\"ListItem\",\"position\":2,\"name\":\"Bus from Kigali to Gisenyi Bus Tickets, Route, Fare &#038; Schedule\"}]},{\"@type\":\"WebSite\",\"@id\":\"https:\\\/\\\/tiketi.com\\\/#website\",\"url\":\"https:\\\/\\\/tiketi.com\\\/\",\"name\":\"Flight & Bus Tickets, Tour Packages & Activitites - Tiketi.com\",\"description\":\"Flight &amp; Bus Tickets, Tours, Activitites\",\"publisher\":{\"@id\":\"https:\\\/\\\/tiketi.com\\\/#organization\"},\"potentialAction\":[{\"@type\":\"SearchAction\",\"target\":{\"@type\":\"EntryPoint\",\"urlTemplate\":\"https:\\\/\\\/tiketi.com\\\/?s={search_term_string}\"},\"query-input\":{\"@type\":\"PropertyValueSpecification\",\"valueRequired\":true,\"valueName\":\"search_term_string\"}}],\"inLanguage\":\"fr-FR\"},{\"@type\":\"Organization\",\"@id\":\"https:\\\/\\\/tiketi.com\\\/#organization\",\"name\":\"Tiketi.com\",\"alternateName\":\"Tiketi\",\"url\":\"https:\\\/\\\/tiketi.com\\\/\",\"logo\":{\"@type\":\"ImageObject\",\"inLanguage\":\"fr-FR\",\"@id\":\"https:\\\/\\\/tiketi.com\\\/#\\\/schema\\\/logo\\\/image\\\/\",\"url\":\"https:\\\/\\\/tiketi.com\\\/wp-content\\\/uploads\\\/2019\\\/05\\\/tiketi-logo-696.png\",\"contentUrl\":\"https:\\\/\\\/tiketi.com\\\/wp-content\\\/uploads\\\/2019\\\/05\\\/tiketi-logo-696.png\",\"width\":696,\"height\":696,\"caption\":\"Tiketi.com\"},\"image\":{\"@id\":\"https:\\\/\\\/tiketi.com\\\/#\\\/schema\\\/logo\\\/image\\\/\"},\"sameAs\":[\"https:\\\/\\\/www.facebook.com\\\/TiketiCom\\\/\"]}]}<\/script>\n<!-- \/ Yoast SEO plugin. -->","yoast_head_json":{"title":"Bus de Kigali \u00e0 Gisenyi Billets de bus, itin\u00e9raire, tarifs et horaires","description":"\u00c0 la recherche d&#039;une application de r\u00e9servation de billets de bus de Kigali \u00e0 Gisenyi, d&#039;un itin\u00e9raire, d&#039;un horaire et d&#039;un tarif\u00a0? R\u00e9servez en ligne des billets de bus de Kigali \u00e0 Gisenyi","robots":{"index":"index","follow":"follow","max-snippet":"max-snippet:-1","max-image-preview":"max-image-preview:large","max-video-preview":"max-video-preview:-1"},"canonical":"https:\/\/tiketi.com\/fr-fr\/online-bus-tickets-from-kigali-to-gisenyi\/","og_locale":"fr_FR","og_type":"article","og_title":"Bus from Kigali to Gisenyi Bus Tickets, Route, Fare & Schedule","og_description":"Looking for bus from\u00a0Kigali to Gisenyi bus tickets booking app, route, schedule & fare? Book cheap bus tickets from Kigali to Gisenyi online","og_url":"https:\/\/tiketi.com\/fr-fr\/online-bus-tickets-from-kigali-to-gisenyi\/","og_site_name":"Tiketi.com","article_publisher":"https:\/\/www.facebook.com\/TiketiCom\/","article_modified_time":"2022-01-28T20:56:22+00:00","og_image":[{"width":1200,"height":206,"url":"https:\/\/tiketi.com\/wp-content\/uploads\/2022\/01\/bus-ticket-online-booking.jpg","type":"image\/jpeg"}],"twitter_card":"summary_large_image","twitter_misc":{"Dur\u00e9e de lecture estim\u00e9e":"2 minutes"},"schema":{"@context":"https:\/\/schema.org","@graph":[{"@type":"WebPage","@id":"https:\/\/tiketi.com\/sw\/online-bus-tickets-from-kigali-to-gisenyi\/","url":"https:\/\/tiketi.com\/sw\/online-bus-tickets-from-kigali-to-gisenyi\/","name":"Bus de Kigali \u00e0 Gisenyi Billets de bus, itin\u00e9raire, tarifs et horaires","isPartOf":{"@id":"https:\/\/tiketi.com\/#website"},"primaryImageOfPage":{"@id":"https:\/\/tiketi.com\/sw\/online-bus-tickets-from-kigali-to-gisenyi\/#primaryimage"},"image":{"@id":"https:\/\/tiketi.com\/sw\/online-bus-tickets-from-kigali-to-gisenyi\/#primaryimage"},"thumbnailUrl":"https:\/\/tiketi.com\/wp-content\/uploads\/2022\/01\/bus-ticket-online-booking.jpg","datePublished":"2022-01-19T11:54:50+00:00","dateModified":"2022-01-28T20:56:22+00:00","description":"\u00c0 la recherche d&#039;une application de r\u00e9servation de billets de bus de Kigali \u00e0 Gisenyi, d&#039;un itin\u00e9raire, d&#039;un horaire et d&#039;un tarif\u00a0? R\u00e9servez en ligne des billets de bus de Kigali \u00e0 Gisenyi","breadcrumb":{"@id":"https:\/\/tiketi.com\/sw\/online-bus-tickets-from-kigali-to-gisenyi\/#breadcrumb"},"inLanguage":"fr-FR","potentialAction":[{"@type":"ReadAction","target":["https:\/\/tiketi.com\/sw\/online-bus-tickets-from-kigali-to-gisenyi\/"]}]},{"@type":"ImageObject","inLanguage":"fr-FR","@id":"https:\/\/tiketi.com\/sw\/online-bus-tickets-from-kigali-to-gisenyi\/#primaryimage","url":"https:\/\/tiketi.com\/wp-content\/uploads\/2022\/01\/bus-ticket-online-booking.jpg","contentUrl":"https:\/\/tiketi.com\/wp-content\/uploads\/2022\/01\/bus-ticket-online-booking.jpg","width":1200,"height":206,"caption":"Online Bus Ticket Booking"},{"@type":"BreadcrumbList","@id":"https:\/\/tiketi.com\/sw\/online-bus-tickets-from-kigali-to-gisenyi\/#breadcrumb","itemListElement":[{"@type":"ListItem","position":1,"name":"Home","item":"https:\/\/tiketi.com\/"},{"@type":"ListItem","position":2,"name":"Bus from Kigali to Gisenyi Bus Tickets, Route, Fare &#038; Schedule"}]},{"@type":"WebSite","@id":"https:\/\/tiketi.com\/#website","url":"https:\/\/tiketi.com\/","name":"Billets d&#039;avion et de bus, forfaits touristiques et activit\u00e9s - Tiketi.com","description":"Billets d&#039;avion et de bus, Tours, Activit\u00e9s","publisher":{"@id":"https:\/\/tiketi.com\/#organization"},"potentialAction":[{"@type":"SearchAction","target":{"@type":"EntryPoint","urlTemplate":"https:\/\/tiketi.com\/?s={search_term_string}"},"query-input":{"@type":"PropertyValueSpecification","valueRequired":true,"valueName":"search_term_string"}}],"inLanguage":"fr-FR"},{"@type":"Organization","@id":"https:\/\/tiketi.com\/#organization","name":"Tiketi.com","alternateName":"Tiketi","url":"https:\/\/tiketi.com\/","logo":{"@type":"ImageObject","inLanguage":"fr-FR","@id":"https:\/\/tiketi.com\/#\/schema\/logo\/image\/","url":"https:\/\/tiketi.com\/wp-content\/uploads\/2019\/05\/tiketi-logo-696.png","contentUrl":"https:\/\/tiketi.com\/wp-content\/uploads\/2019\/05\/tiketi-logo-696.png","width":696,"height":696,"caption":"Tiketi.com"},"image":{"@id":"https:\/\/tiketi.com\/#\/schema\/logo\/image\/"},"sameAs":["https:\/\/www.facebook.com\/TiketiCom\/"]}]}},"_links":{"self":[{"href":"https:\/\/tiketi.com\/fr-fr\/wp-json\/wp\/v2\/pages\/11509","targetHints":{"allow":["GET"]}}],"collection":[{"href":"https:\/\/tiketi.com\/fr-fr\/wp-json\/wp\/v2\/pages"}],"about":[{"href":"https:\/\/tiketi.com\/fr-fr\/wp-json\/wp\/v2\/types\/page"}],"author":[{"embeddable":true,"href":"https:\/\/tiketi.com\/fr-fr\/wp-json\/wp\/v2\/users\/1"}],"replies":[{"embeddable":true,"href":"https:\/\/tiketi.com\/fr-fr\/wp-json\/wp\/v2\/comments?post=11509"}],"version-history":[{"count":0,"href":"https:\/\/tiketi.com\/fr-fr\/wp-json\/wp\/v2\/pages\/11509\/revisions"}],"wp:featuredmedia":[{"embeddable":true,"href":"https:\/\/tiketi.com\/fr-fr\/wp-json\/wp\/v2\/media\/13999"}],"wp:attachment":[{"href":"https:\/\/tiketi.com\/fr-fr\/wp-json\/wp\/v2\/media?parent=11509"}],"curies":[{"name":"wp","href":"https:\/\/api.w.org\/{rel}","templated":true}]}}