{"id":11510,"date":"2022-01-19T12:54:50","date_gmt":"2022-01-19T11:54:50","guid":{"rendered":"https:\/\/new.tiketi.com\/bus-from-kigali-to-cyangugu-bus-tickets-route-fare-schedule\/"},"modified":"2022-01-28T21:54:26","modified_gmt":"2022-01-28T20:54:26","slug":"online-bus-tickets-from-kigali-to-cyangugu","status":"publish","type":"page","link":"https:\/\/tiketi.com\/fr-fr\/online-bus-tickets-from-kigali-to-cyangugu\/","title":{"rendered":"Bus de Kigali \u00e0 Cyangugu Billets de bus, itin\u00e9raire, tarifs et horaires"},"content":{"rendered":"<h2>Billets de bus pas chers de Kigali \u00e0 Cyangugu R\u00e9servation en ligne<\/h2>\n<h3><strong>&gt;&gt;<\/strong>\u00a0R\u00e9servez en ligne maintenant votre billet de bus \u00e0 bas prix de Kigali \u00e0 Cyangugu.<\/h3>\n<p>R\u00e9servez en ligne des billets de bus pas chers de Kigali \u00e0 Cyangugu et voyagez de Kigali \u00e0 Cyangugu par la route. Cyangugu est une merveilleuse ville au bord d&#039;un lac dans le sud-ouest du Rwanda avec un immense potentiel touristique. Officiellement connue sous le nom de r\u00e9gion de Rusizi, Cyangugu abrite une ville de plus de quatre cent mille habitants, accessible en 6 heures de bus ou en 30 minutes d&#039;avion depuis Kigali. Voici le guide sur la fa\u00e7on de r\u00e9server des billets de bus de Kigali \u00e0 Cyangugu :<\/p>\n<h2>Bus de Kigali \u00e0 Cyangugu R\u00e9servation de billets de bus, itin\u00e9raires, horaires et tarifs FAQ<\/h2>\n<h3>Le bus Kigali-Cyangugu est-il le moyen le plus abordable de se rendre de Cyangugu ?<\/h3>\n<p>Le moyen abordable de se rendre de Kigali \u00e0 Cyangugu en bus. Les billets de bus pas chers de Kigali \u00e0 Cyangugu $7 et dure 6h 10m.<\/p>\n<h3>Quelle est la distance du trajet de bus Kigali \u00e0 Cyangugu ?<\/h3>\n<p>La distance du trajet en bus Kigali \u00e0 Cyangugu est de 141 km.<\/p>\n<h3>Avion ou bus de Kigali \u00e0 Cyangugu ?<\/h3>\n<p>Le meilleur moyen de se rendre de Kigali \u00e0 Cyangugu est en bus, dure 6h 10m et co\u00fbte $7. Alternativement, vous pouvez prendre l&#039;avion, Kigali \u00e0 Cyangugu tarif du bus $240 \u2013 $370 et dure 12h 6m.<\/p>\n<h2>Billets de bus de Kigali \u00e0 Cyangugu Tips<\/h2>\n<p>Une population majoritairement chr\u00e9tienne et musulmane, la ville est gouvern\u00e9e par un maire comme toutes les autres r\u00e9gions du Rwanda. Kamenbe, la capitale, est situ\u00e9e sur la colline o\u00f9 se trouve le parking central des bus. Le Congo Nile Trail part \u00e9galement de Kamembe.<\/p>\n<p>Cyangugu est en effet un lieu de vill\u00e9giature \u00e0 croissance rapide au Rwanda, gr\u00e2ce \u00e0 ses habitants et ressources accueillants pour les visiteurs. Des activit\u00e9s r\u00e9cr\u00e9atives telles que la natation, la croisi\u00e8re en bateau, la randonn\u00e9e en montagne, le shopping et bien plus encore certaines des grandes activit\u00e9s qui font vibrer Cyangugu.<\/p>\n<h3>A voir \u00e0 Cyangugu<\/h3>\n<p>La source chaude de Mashesha pourrait passer pour la plus grande attraction naturelle de Cyangugu. Il s&#039;agit d&#039;une piscine remarquable d&#039;eau r\u00e9chauffante suintant continuellement du sol. Tout comme \u00e0 deux pas, des vues remarquables sur de grands hectares de plantations de th\u00e9 piquent d\u00e9finitivement l&#039;int\u00e9r\u00eat des visiteurs. Ces sites charmants s&#039;\u00e9tendent sur des kilom\u00e8tres alors qu&#039;ils \u00e9taient sous-\u00e9duqu\u00e9s sur les collines. Les for\u00eats de montagne tr\u00e8s fortes ainsi que les chimpanz\u00e9s, les singes et les gorilles du parc national de Nyungwe.<\/p>","protected":false},"excerpt":{"rendered":"<p>Cheap Bus Tickets from\u00a0Kigali to Cyangugu\u00a0Online Booking &gt;&gt;\u00a0Reserve\u00a0your cheap bus ticket\u00a0from Kigali to Cyangugu online now. Do\u00a0cheap bus from Kigali to Cyangugu bus tickets online booking and travel Kigali to Cyangugu by road.\u00a0\u00a0Cyangugu is a wonderful lakeside city in southwest Rwanda with immense tourism potentials. Officially known as the Rusizi area, Cyangugu is house to [&hellip;]<\/p>\n","protected":false},"author":1,"featured_media":13999,"parent":0,"menu_order":0,"comment_status":"open","ping_status":"closed","template":"template-home-modern.php","meta":{"footnotes":""},"class_list":["post-11510","page","type-page","status-publish","has-post-thumbnail","hentry"],"yoast_head":"<!-- This site is optimized with the Yoast SEO plugin v27.3 - https:\/\/yoast.com\/product\/yoast-seo-wordpress\/ -->\n<title>Bus from Kigali to Cyangugu Bus Tickets, Route, Fare &amp; Schedule<\/title>\n<meta name=\"description\" content=\"Looking for bus from\u00a0Kigali to Cyangugu bus tickets booking app, schedule &amp; fare? Book cheap bus tickets from Kigali to Cyangugu online\" \/>\n<meta name=\"robots\" content=\"index, follow, max-snippet:-1, max-image-preview:large, max-video-preview:-1\" \/>\n<link rel=\"canonical\" href=\"https:\/\/tiketi.com\/fr-fr\/online-bus-tickets-from-kigali-to-cyangugu\/\" \/>\n<meta property=\"og:locale\" content=\"fr_FR\" \/>\n<meta property=\"og:type\" content=\"article\" \/>\n<meta property=\"og:title\" content=\"Bus from Kigali to Cyangugu Bus Tickets, Route, Fare &amp; Schedule\" \/>\n<meta property=\"og:description\" content=\"Looking for bus from\u00a0Kigali to Cyangugu bus tickets booking app, schedule &amp; fare? Book cheap bus tickets from Kigali to Cyangugu online\" \/>\n<meta property=\"og:url\" content=\"https:\/\/tiketi.com\/fr-fr\/online-bus-tickets-from-kigali-to-cyangugu\/\" \/>\n<meta property=\"og:site_name\" content=\"Tiketi.com\" \/>\n<meta property=\"article:publisher\" content=\"https:\/\/www.facebook.com\/TiketiCom\/\" \/>\n<meta property=\"article:modified_time\" content=\"2022-01-28T20:54:26+00:00\" \/>\n<meta property=\"og:image\" content=\"https:\/\/tiketi.com\/wp-content\/uploads\/2022\/01\/bus-ticket-online-booking.jpg\" \/>\n\t<meta property=\"og:image:width\" content=\"1200\" \/>\n\t<meta property=\"og:image:height\" content=\"206\" \/>\n\t<meta property=\"og:image:type\" content=\"image\/jpeg\" \/>\n<meta name=\"twitter:card\" content=\"summary_large_image\" \/>\n<meta name=\"twitter:label1\" content=\"Dur\u00e9e de lecture estim\u00e9e\" \/>\n\t<meta name=\"twitter:data1\" content=\"2 minutes\" \/>\n<script type=\"application\/ld+json\" class=\"yoast-schema-graph\">{\"@context\":\"https:\\\/\\\/schema.org\",\"@graph\":[{\"@type\":\"WebPage\",\"@id\":\"https:\\\/\\\/tiketi.com\\\/online-bus-tickets-from-kigali-to-cyangugu\\\/\",\"url\":\"https:\\\/\\\/tiketi.com\\\/online-bus-tickets-from-kigali-to-cyangugu\\\/\",\"name\":\"Bus from Kigali to Cyangugu Bus Tickets, Route, Fare & Schedule\",\"isPartOf\":{\"@id\":\"https:\\\/\\\/tiketi.com\\\/#website\"},\"primaryImageOfPage\":{\"@id\":\"https:\\\/\\\/tiketi.com\\\/online-bus-tickets-from-kigali-to-cyangugu\\\/#primaryimage\"},\"image\":{\"@id\":\"https:\\\/\\\/tiketi.com\\\/online-bus-tickets-from-kigali-to-cyangugu\\\/#primaryimage\"},\"thumbnailUrl\":\"https:\\\/\\\/tiketi.com\\\/wp-content\\\/uploads\\\/2022\\\/01\\\/bus-ticket-online-booking.jpg\",\"datePublished\":\"2022-01-19T11:54:50+00:00\",\"dateModified\":\"2022-01-28T20:54:26+00:00\",\"description\":\"Looking for bus from\u00a0Kigali to Cyangugu bus tickets booking app, schedule & fare? Book cheap bus tickets from Kigali to Cyangugu online\",\"breadcrumb\":{\"@id\":\"https:\\\/\\\/tiketi.com\\\/online-bus-tickets-from-kigali-to-cyangugu\\\/#breadcrumb\"},\"inLanguage\":\"fr-FR\",\"potentialAction\":[{\"@type\":\"ReadAction\",\"target\":[\"https:\\\/\\\/tiketi.com\\\/online-bus-tickets-from-kigali-to-cyangugu\\\/\"]}]},{\"@type\":\"ImageObject\",\"inLanguage\":\"fr-FR\",\"@id\":\"https:\\\/\\\/tiketi.com\\\/online-bus-tickets-from-kigali-to-cyangugu\\\/#primaryimage\",\"url\":\"https:\\\/\\\/tiketi.com\\\/wp-content\\\/uploads\\\/2022\\\/01\\\/bus-ticket-online-booking.jpg\",\"contentUrl\":\"https:\\\/\\\/tiketi.com\\\/wp-content\\\/uploads\\\/2022\\\/01\\\/bus-ticket-online-booking.jpg\",\"width\":1200,\"height\":206,\"caption\":\"Online Bus Ticket Booking\"},{\"@type\":\"BreadcrumbList\",\"@id\":\"https:\\\/\\\/tiketi.com\\\/online-bus-tickets-from-kigali-to-cyangugu\\\/#breadcrumb\",\"itemListElement\":[{\"@type\":\"ListItem\",\"position\":1,\"name\":\"Home\",\"item\":\"https:\\\/\\\/tiketi.com\\\/\"},{\"@type\":\"ListItem\",\"position\":2,\"name\":\"Bus from Kigali to Cyangugu Bus Tickets, Route, Fare &#038; Schedule\"}]},{\"@type\":\"WebSite\",\"@id\":\"https:\\\/\\\/tiketi.com\\\/#website\",\"url\":\"https:\\\/\\\/tiketi.com\\\/\",\"name\":\"Flight & Bus Tickets, Tour Packages & Activitites - Tiketi.com\",\"description\":\"Flight &amp; Bus Tickets, Tours, Activitites\",\"publisher\":{\"@id\":\"https:\\\/\\\/tiketi.com\\\/#organization\"},\"potentialAction\":[{\"@type\":\"SearchAction\",\"target\":{\"@type\":\"EntryPoint\",\"urlTemplate\":\"https:\\\/\\\/tiketi.com\\\/?s={search_term_string}\"},\"query-input\":{\"@type\":\"PropertyValueSpecification\",\"valueRequired\":true,\"valueName\":\"search_term_string\"}}],\"inLanguage\":\"fr-FR\"},{\"@type\":\"Organization\",\"@id\":\"https:\\\/\\\/tiketi.com\\\/#organization\",\"name\":\"Tiketi.com\",\"alternateName\":\"Tiketi\",\"url\":\"https:\\\/\\\/tiketi.com\\\/\",\"logo\":{\"@type\":\"ImageObject\",\"inLanguage\":\"fr-FR\",\"@id\":\"https:\\\/\\\/tiketi.com\\\/#\\\/schema\\\/logo\\\/image\\\/\",\"url\":\"https:\\\/\\\/tiketi.com\\\/wp-content\\\/uploads\\\/2019\\\/05\\\/tiketi-logo-696.png\",\"contentUrl\":\"https:\\\/\\\/tiketi.com\\\/wp-content\\\/uploads\\\/2019\\\/05\\\/tiketi-logo-696.png\",\"width\":696,\"height\":696,\"caption\":\"Tiketi.com\"},\"image\":{\"@id\":\"https:\\\/\\\/tiketi.com\\\/#\\\/schema\\\/logo\\\/image\\\/\"},\"sameAs\":[\"https:\\\/\\\/www.facebook.com\\\/TiketiCom\\\/\"]}]}<\/script>\n<!-- \/ Yoast SEO plugin. -->","yoast_head_json":{"title":"Bus de Kigali \u00e0 Cyangugu Billets de bus, itin\u00e9raire, tarifs et horaires","description":"Vous recherchez une application de r\u00e9servation de billets de bus de Kigali \u00e0 Cyangugu, les horaires et les tarifs\u00a0? R\u00e9servez en ligne des billets de bus de Kigali \u00e0 Cyangugu","robots":{"index":"index","follow":"follow","max-snippet":"max-snippet:-1","max-image-preview":"max-image-preview:large","max-video-preview":"max-video-preview:-1"},"canonical":"https:\/\/tiketi.com\/fr-fr\/online-bus-tickets-from-kigali-to-cyangugu\/","og_locale":"fr_FR","og_type":"article","og_title":"Bus from Kigali to Cyangugu Bus Tickets, Route, Fare & Schedule","og_description":"Looking for bus from\u00a0Kigali to Cyangugu bus tickets booking app, schedule & fare? Book cheap bus tickets from Kigali to Cyangugu online","og_url":"https:\/\/tiketi.com\/fr-fr\/online-bus-tickets-from-kigali-to-cyangugu\/","og_site_name":"Tiketi.com","article_publisher":"https:\/\/www.facebook.com\/TiketiCom\/","article_modified_time":"2022-01-28T20:54:26+00:00","og_image":[{"width":1200,"height":206,"url":"https:\/\/tiketi.com\/wp-content\/uploads\/2022\/01\/bus-ticket-online-booking.jpg","type":"image\/jpeg"}],"twitter_card":"summary_large_image","twitter_misc":{"Dur\u00e9e de lecture estim\u00e9e":"2 minutes"},"schema":{"@context":"https:\/\/schema.org","@graph":[{"@type":"WebPage","@id":"https:\/\/tiketi.com\/online-bus-tickets-from-kigali-to-cyangugu\/","url":"https:\/\/tiketi.com\/online-bus-tickets-from-kigali-to-cyangugu\/","name":"Bus de Kigali \u00e0 Cyangugu Billets de bus, itin\u00e9raire, tarifs et horaires","isPartOf":{"@id":"https:\/\/tiketi.com\/#website"},"primaryImageOfPage":{"@id":"https:\/\/tiketi.com\/online-bus-tickets-from-kigali-to-cyangugu\/#primaryimage"},"image":{"@id":"https:\/\/tiketi.com\/online-bus-tickets-from-kigali-to-cyangugu\/#primaryimage"},"thumbnailUrl":"https:\/\/tiketi.com\/wp-content\/uploads\/2022\/01\/bus-ticket-online-booking.jpg","datePublished":"2022-01-19T11:54:50+00:00","dateModified":"2022-01-28T20:54:26+00:00","description":"Vous recherchez une application de r\u00e9servation de billets de bus de Kigali \u00e0 Cyangugu, les horaires et les tarifs\u00a0? R\u00e9servez en ligne des billets de bus de Kigali \u00e0 Cyangugu","breadcrumb":{"@id":"https:\/\/tiketi.com\/online-bus-tickets-from-kigali-to-cyangugu\/#breadcrumb"},"inLanguage":"fr-FR","potentialAction":[{"@type":"ReadAction","target":["https:\/\/tiketi.com\/online-bus-tickets-from-kigali-to-cyangugu\/"]}]},{"@type":"ImageObject","inLanguage":"fr-FR","@id":"https:\/\/tiketi.com\/online-bus-tickets-from-kigali-to-cyangugu\/#primaryimage","url":"https:\/\/tiketi.com\/wp-content\/uploads\/2022\/01\/bus-ticket-online-booking.jpg","contentUrl":"https:\/\/tiketi.com\/wp-content\/uploads\/2022\/01\/bus-ticket-online-booking.jpg","width":1200,"height":206,"caption":"Online Bus Ticket Booking"},{"@type":"BreadcrumbList","@id":"https:\/\/tiketi.com\/online-bus-tickets-from-kigali-to-cyangugu\/#breadcrumb","itemListElement":[{"@type":"ListItem","position":1,"name":"Home","item":"https:\/\/tiketi.com\/"},{"@type":"ListItem","position":2,"name":"Bus from Kigali to Cyangugu Bus Tickets, Route, Fare &#038; Schedule"}]},{"@type":"WebSite","@id":"https:\/\/tiketi.com\/#website","url":"https:\/\/tiketi.com\/","name":"Billets d&#039;avion et de bus, forfaits touristiques et activit\u00e9s - Tiketi.com","description":"Billets d&#039;avion et de bus, Tours, Activit\u00e9s","publisher":{"@id":"https:\/\/tiketi.com\/#organization"},"potentialAction":[{"@type":"SearchAction","target":{"@type":"EntryPoint","urlTemplate":"https:\/\/tiketi.com\/?s={search_term_string}"},"query-input":{"@type":"PropertyValueSpecification","valueRequired":true,"valueName":"search_term_string"}}],"inLanguage":"fr-FR"},{"@type":"Organization","@id":"https:\/\/tiketi.com\/#organization","name":"Tiketi.com","alternateName":"Tiketi","url":"https:\/\/tiketi.com\/","logo":{"@type":"ImageObject","inLanguage":"fr-FR","@id":"https:\/\/tiketi.com\/#\/schema\/logo\/image\/","url":"https:\/\/tiketi.com\/wp-content\/uploads\/2019\/05\/tiketi-logo-696.png","contentUrl":"https:\/\/tiketi.com\/wp-content\/uploads\/2019\/05\/tiketi-logo-696.png","width":696,"height":696,"caption":"Tiketi.com"},"image":{"@id":"https:\/\/tiketi.com\/#\/schema\/logo\/image\/"},"sameAs":["https:\/\/www.facebook.com\/TiketiCom\/"]}]}},"_links":{"self":[{"href":"https:\/\/tiketi.com\/fr-fr\/wp-json\/wp\/v2\/pages\/11510","targetHints":{"allow":["GET"]}}],"collection":[{"href":"https:\/\/tiketi.com\/fr-fr\/wp-json\/wp\/v2\/pages"}],"about":[{"href":"https:\/\/tiketi.com\/fr-fr\/wp-json\/wp\/v2\/types\/page"}],"author":[{"embeddable":true,"href":"https:\/\/tiketi.com\/fr-fr\/wp-json\/wp\/v2\/users\/1"}],"replies":[{"embeddable":true,"href":"https:\/\/tiketi.com\/fr-fr\/wp-json\/wp\/v2\/comments?post=11510"}],"version-history":[{"count":0,"href":"https:\/\/tiketi.com\/fr-fr\/wp-json\/wp\/v2\/pages\/11510\/revisions"}],"wp:featuredmedia":[{"embeddable":true,"href":"https:\/\/tiketi.com\/fr-fr\/wp-json\/wp\/v2\/media\/13999"}],"wp:attachment":[{"href":"https:\/\/tiketi.com\/fr-fr\/wp-json\/wp\/v2\/media?parent=11510"}],"curies":[{"name":"wp","href":"https:\/\/api.w.org\/{rel}","templated":true}]}}