{"id":11512,"date":"2022-01-19T12:54:50","date_gmt":"2022-01-19T11:54:50","guid":{"rendered":"https:\/\/new.tiketi.com\/bus-from-kigali-to-butare-bus-tickets-schedule-fare-route\/"},"modified":"2022-01-28T21:51:42","modified_gmt":"2022-01-28T20:51:42","slug":"online-bus-tickets-from-kigali-to-butare","status":"publish","type":"page","link":"https:\/\/tiketi.com\/fr-fr\/online-bus-tickets-from-kigali-to-butare\/","title":{"rendered":"Bus de Kigali \u00e0 Butare Billets de bus, horaires, tarifs et itin\u00e9raire"},"content":{"rendered":"<h2>Billets de bus pas chers de Kigali \u00e0 Butare R\u00e9servation en ligne<\/h2>\n<h3>D\u00e9couvrez votre itin\u00e9raire sur le web, le mobile ou l&#039;application et r\u00e9servez en ligne maintenant un billet de bus pas cher de Kigali \u00e0 Butare.<\/h3>\n<p>R\u00e9servez en ligne des billets de bus pas chers de Kigali \u00e0 Butare et voyagez de Kigali \u00e0 Butare par la route. Butare, la capitale du Rwanda, est devenue un lieu de vill\u00e9giature cl\u00e9 de la plan\u00e8te en raison de la pr\u00e9sence de nombreuses attractions touristiques. Quelles sont les meilleures choses \u00e0 faire \u00e0 Butare, demandez-vous ? Du trekking au shopping dans les march\u00e9s locaux en passant par un safari, de nombreuses activit\u00e9s sont propos\u00e9es dans la ville. Vous n&#039;aurez pas un moment \u00e0 perdre une fois arriv\u00e9 dans la ville car il y a tellement de choses \u00e0 faire et de lieux \u00e0 visiter \u00e0 Butare. Voici le guide sur la fa\u00e7on de r\u00e9server des billets de bus de Kigali \u00e0 Butare :<\/p>\n<h2>Bus de Kigali \u00e0 Butare R\u00e9servation de billets de bus, itin\u00e9raires, horaires et tarifs FAQ<\/h2>\n<h3>Quel est le moyen abordable pour se rendre de Kigali \u00e0 Butare ?<\/h3>\n<p>Le moyen abordable de se rendre de Kigali \u00e0 Butare en bus. Les billets de bus pas chers de Kigali \u00e0 Butare $3 et dure 2h 30m.<\/p>\n<h3>Y a-t-il un bus direct de Kigali \u00e0 Butare ?<\/h3>\n<p>Oui, il y a un bus direct de Kigali \u00e0 Butare. Le service part toutes les trente minutes, et circule tous les jours. Le trajet dure environ 2h 25m.<\/p>\n<h3>Quelle est la distance du voyage de Kigali \u00e0 Butare?<\/h3>\n<p>La distance parcourue de Kigali \u00e0 Butare est de 80 km.<\/p>\n<h3>Comment se d\u00e9placer de Kigali \u00e0 Butare sans v\u00e9hicule personnel ?<\/h3>\n<p>Le meilleur moyen pour se rendre de Kigali \u00e0 Butare sans v\u00e9hicule personnel est de bus, ce qui dure 2h 30min et co\u00fbte $3.<\/p>\n<h2>Billets de bus de Kigali \u00e0 Butare<\/h2>\n<p>Appel\u00e9e capitale intellectuelle du pays, la ville abrite le mus\u00e9e national, l&#039;institut de recherche scientifique et l&#039;universit\u00e9 nationale. Une visite au mus\u00e9e vous permettra d&#039;avoir un aper\u00e7u de l&#039;h\u00e9ritage historique et culturel du pays. Le b\u00e2timent de l&#039;\u00e9poque coloniale raconte \u00e9galement des histoires sur l&#039;histoire de la nation africaine. Mais ce n&#039;est pas tout. Vous pouvez trouver beaucoup de choses incroyables \u00e0 faire pendant votre s\u00e9jour \u00e0 Butare.<\/p>","protected":false},"excerpt":{"rendered":"<p>Cheap Bus Tickets from\u00a0Kigali to Butare\u00a0Online Booking Discover your travel route on web, mobile or app and book cheap bus ticket from Kigali to Butare online now. Do cheap bus from Kigali to Butare bus tickets online booking and travel Kigali to Butare by road.\u00a0Butare, the Rwanda capital city, has become a key holiday place [&hellip;]<\/p>\n","protected":false},"author":1,"featured_media":13999,"parent":0,"menu_order":0,"comment_status":"open","ping_status":"closed","template":"template-home-modern.php","meta":{"footnotes":""},"class_list":["post-11512","page","type-page","status-publish","has-post-thumbnail","hentry"],"yoast_head":"<!-- This site is optimized with the Yoast SEO plugin v27.3 - https:\/\/yoast.com\/product\/yoast-seo-wordpress\/ -->\n<title>Bus from Kigali to Butare Bus Tickets, Schedule, Fare &amp; Route<\/title>\n<meta name=\"description\" content=\"Looking for bus from\u00a0Kigali to Butare bus tickets booking app, routes, schedules &amp; fares? Book cheap bus tickets from Kigali to Butare online\" \/>\n<meta name=\"robots\" content=\"index, follow, max-snippet:-1, max-image-preview:large, max-video-preview:-1\" \/>\n<link rel=\"canonical\" href=\"https:\/\/tiketi.com\/fr-fr\/online-bus-tickets-from-kigali-to-butare\/\" \/>\n<meta property=\"og:locale\" content=\"fr_FR\" \/>\n<meta property=\"og:type\" content=\"article\" \/>\n<meta property=\"og:title\" content=\"Bus from Kigali to Butare Bus Tickets, Schedule, Fare &amp; Route\" \/>\n<meta property=\"og:description\" content=\"Looking for bus from\u00a0Kigali to Butare bus tickets booking app, routes, schedules &amp; fares? Book cheap bus tickets from Kigali to Butare online\" \/>\n<meta property=\"og:url\" content=\"https:\/\/tiketi.com\/fr-fr\/online-bus-tickets-from-kigali-to-butare\/\" \/>\n<meta property=\"og:site_name\" content=\"Tiketi.com\" \/>\n<meta property=\"article:publisher\" content=\"https:\/\/www.facebook.com\/TiketiCom\/\" \/>\n<meta property=\"article:modified_time\" content=\"2022-01-28T20:51:42+00:00\" \/>\n<meta property=\"og:image\" content=\"https:\/\/tiketi.com\/wp-content\/uploads\/2022\/01\/bus-ticket-online-booking.jpg\" \/>\n\t<meta property=\"og:image:width\" content=\"1200\" \/>\n\t<meta property=\"og:image:height\" content=\"206\" \/>\n\t<meta property=\"og:image:type\" content=\"image\/jpeg\" \/>\n<meta name=\"twitter:card\" content=\"summary_large_image\" \/>\n<meta name=\"twitter:label1\" content=\"Dur\u00e9e de lecture estim\u00e9e\" \/>\n\t<meta name=\"twitter:data1\" content=\"2 minutes\" \/>\n<script type=\"application\/ld+json\" class=\"yoast-schema-graph\">{\"@context\":\"https:\\\/\\\/schema.org\",\"@graph\":[{\"@type\":\"WebPage\",\"@id\":\"https:\\\/\\\/tiketi.com\\\/online-bus-tickets-from-kigali-to-butare\\\/\",\"url\":\"https:\\\/\\\/tiketi.com\\\/online-bus-tickets-from-kigali-to-butare\\\/\",\"name\":\"Bus from Kigali to Butare Bus Tickets, Schedule, Fare & Route\",\"isPartOf\":{\"@id\":\"https:\\\/\\\/tiketi.com\\\/#website\"},\"primaryImageOfPage\":{\"@id\":\"https:\\\/\\\/tiketi.com\\\/online-bus-tickets-from-kigali-to-butare\\\/#primaryimage\"},\"image\":{\"@id\":\"https:\\\/\\\/tiketi.com\\\/online-bus-tickets-from-kigali-to-butare\\\/#primaryimage\"},\"thumbnailUrl\":\"https:\\\/\\\/tiketi.com\\\/wp-content\\\/uploads\\\/2022\\\/01\\\/bus-ticket-online-booking.jpg\",\"datePublished\":\"2022-01-19T11:54:50+00:00\",\"dateModified\":\"2022-01-28T20:51:42+00:00\",\"description\":\"Looking for bus from\u00a0Kigali to Butare bus tickets booking app, routes, schedules & fares? Book cheap bus tickets from Kigali to Butare online\",\"breadcrumb\":{\"@id\":\"https:\\\/\\\/tiketi.com\\\/online-bus-tickets-from-kigali-to-butare\\\/#breadcrumb\"},\"inLanguage\":\"fr-FR\",\"potentialAction\":[{\"@type\":\"ReadAction\",\"target\":[\"https:\\\/\\\/tiketi.com\\\/online-bus-tickets-from-kigali-to-butare\\\/\"]}]},{\"@type\":\"ImageObject\",\"inLanguage\":\"fr-FR\",\"@id\":\"https:\\\/\\\/tiketi.com\\\/online-bus-tickets-from-kigali-to-butare\\\/#primaryimage\",\"url\":\"https:\\\/\\\/tiketi.com\\\/wp-content\\\/uploads\\\/2022\\\/01\\\/bus-ticket-online-booking.jpg\",\"contentUrl\":\"https:\\\/\\\/tiketi.com\\\/wp-content\\\/uploads\\\/2022\\\/01\\\/bus-ticket-online-booking.jpg\",\"width\":1200,\"height\":206,\"caption\":\"Online Bus Ticket Booking\"},{\"@type\":\"BreadcrumbList\",\"@id\":\"https:\\\/\\\/tiketi.com\\\/online-bus-tickets-from-kigali-to-butare\\\/#breadcrumb\",\"itemListElement\":[{\"@type\":\"ListItem\",\"position\":1,\"name\":\"Home\",\"item\":\"https:\\\/\\\/tiketi.com\\\/\"},{\"@type\":\"ListItem\",\"position\":2,\"name\":\"Bus from Kigali to Butare Bus Tickets, Schedule, Fare &#038; Route\"}]},{\"@type\":\"WebSite\",\"@id\":\"https:\\\/\\\/tiketi.com\\\/#website\",\"url\":\"https:\\\/\\\/tiketi.com\\\/\",\"name\":\"Flight & Bus Tickets, Tour Packages & Activitites - Tiketi.com\",\"description\":\"Flight &amp; Bus Tickets, Tours, Activitites\",\"publisher\":{\"@id\":\"https:\\\/\\\/tiketi.com\\\/#organization\"},\"potentialAction\":[{\"@type\":\"SearchAction\",\"target\":{\"@type\":\"EntryPoint\",\"urlTemplate\":\"https:\\\/\\\/tiketi.com\\\/?s={search_term_string}\"},\"query-input\":{\"@type\":\"PropertyValueSpecification\",\"valueRequired\":true,\"valueName\":\"search_term_string\"}}],\"inLanguage\":\"fr-FR\"},{\"@type\":\"Organization\",\"@id\":\"https:\\\/\\\/tiketi.com\\\/#organization\",\"name\":\"Tiketi.com\",\"alternateName\":\"Tiketi\",\"url\":\"https:\\\/\\\/tiketi.com\\\/\",\"logo\":{\"@type\":\"ImageObject\",\"inLanguage\":\"fr-FR\",\"@id\":\"https:\\\/\\\/tiketi.com\\\/#\\\/schema\\\/logo\\\/image\\\/\",\"url\":\"https:\\\/\\\/tiketi.com\\\/wp-content\\\/uploads\\\/2019\\\/05\\\/tiketi-logo-696.png\",\"contentUrl\":\"https:\\\/\\\/tiketi.com\\\/wp-content\\\/uploads\\\/2019\\\/05\\\/tiketi-logo-696.png\",\"width\":696,\"height\":696,\"caption\":\"Tiketi.com\"},\"image\":{\"@id\":\"https:\\\/\\\/tiketi.com\\\/#\\\/schema\\\/logo\\\/image\\\/\"},\"sameAs\":[\"https:\\\/\\\/www.facebook.com\\\/TiketiCom\\\/\"]}]}<\/script>\n<!-- \/ Yoast SEO plugin. -->","yoast_head_json":{"title":"Bus de Kigali \u00e0 Butare Billets de bus, horaires, tarifs et itin\u00e9raire","description":"Vous recherchez une application de r\u00e9servation de billets de bus de Kigali \u00e0 Butare, des itin\u00e9raires, des horaires et des tarifs\u00a0? R\u00e9servez en ligne des billets de bus \u00e0 bas prix de Kigali \u00e0 Butare","robots":{"index":"index","follow":"follow","max-snippet":"max-snippet:-1","max-image-preview":"max-image-preview:large","max-video-preview":"max-video-preview:-1"},"canonical":"https:\/\/tiketi.com\/fr-fr\/online-bus-tickets-from-kigali-to-butare\/","og_locale":"fr_FR","og_type":"article","og_title":"Bus from Kigali to Butare Bus Tickets, Schedule, Fare & Route","og_description":"Looking for bus from\u00a0Kigali to Butare bus tickets booking app, routes, schedules & fares? Book cheap bus tickets from Kigali to Butare online","og_url":"https:\/\/tiketi.com\/fr-fr\/online-bus-tickets-from-kigali-to-butare\/","og_site_name":"Tiketi.com","article_publisher":"https:\/\/www.facebook.com\/TiketiCom\/","article_modified_time":"2022-01-28T20:51:42+00:00","og_image":[{"width":1200,"height":206,"url":"https:\/\/tiketi.com\/wp-content\/uploads\/2022\/01\/bus-ticket-online-booking.jpg","type":"image\/jpeg"}],"twitter_card":"summary_large_image","twitter_misc":{"Dur\u00e9e de lecture estim\u00e9e":"2 minutes"},"schema":{"@context":"https:\/\/schema.org","@graph":[{"@type":"WebPage","@id":"https:\/\/tiketi.com\/online-bus-tickets-from-kigali-to-butare\/","url":"https:\/\/tiketi.com\/online-bus-tickets-from-kigali-to-butare\/","name":"Bus de Kigali \u00e0 Butare Billets de bus, horaires, tarifs et itin\u00e9raire","isPartOf":{"@id":"https:\/\/tiketi.com\/#website"},"primaryImageOfPage":{"@id":"https:\/\/tiketi.com\/online-bus-tickets-from-kigali-to-butare\/#primaryimage"},"image":{"@id":"https:\/\/tiketi.com\/online-bus-tickets-from-kigali-to-butare\/#primaryimage"},"thumbnailUrl":"https:\/\/tiketi.com\/wp-content\/uploads\/2022\/01\/bus-ticket-online-booking.jpg","datePublished":"2022-01-19T11:54:50+00:00","dateModified":"2022-01-28T20:51:42+00:00","description":"Vous recherchez une application de r\u00e9servation de billets de bus de Kigali \u00e0 Butare, des itin\u00e9raires, des horaires et des tarifs\u00a0? R\u00e9servez en ligne des billets de bus \u00e0 bas prix de Kigali \u00e0 Butare","breadcrumb":{"@id":"https:\/\/tiketi.com\/online-bus-tickets-from-kigali-to-butare\/#breadcrumb"},"inLanguage":"fr-FR","potentialAction":[{"@type":"ReadAction","target":["https:\/\/tiketi.com\/online-bus-tickets-from-kigali-to-butare\/"]}]},{"@type":"ImageObject","inLanguage":"fr-FR","@id":"https:\/\/tiketi.com\/online-bus-tickets-from-kigali-to-butare\/#primaryimage","url":"https:\/\/tiketi.com\/wp-content\/uploads\/2022\/01\/bus-ticket-online-booking.jpg","contentUrl":"https:\/\/tiketi.com\/wp-content\/uploads\/2022\/01\/bus-ticket-online-booking.jpg","width":1200,"height":206,"caption":"Online Bus Ticket Booking"},{"@type":"BreadcrumbList","@id":"https:\/\/tiketi.com\/online-bus-tickets-from-kigali-to-butare\/#breadcrumb","itemListElement":[{"@type":"ListItem","position":1,"name":"Home","item":"https:\/\/tiketi.com\/"},{"@type":"ListItem","position":2,"name":"Bus from Kigali to Butare Bus Tickets, Schedule, Fare &#038; Route"}]},{"@type":"WebSite","@id":"https:\/\/tiketi.com\/#website","url":"https:\/\/tiketi.com\/","name":"Billets d&#039;avion et de bus, forfaits touristiques et activit\u00e9s - Tiketi.com","description":"Billets d&#039;avion et de bus, Tours, Activit\u00e9s","publisher":{"@id":"https:\/\/tiketi.com\/#organization"},"potentialAction":[{"@type":"SearchAction","target":{"@type":"EntryPoint","urlTemplate":"https:\/\/tiketi.com\/?s={search_term_string}"},"query-input":{"@type":"PropertyValueSpecification","valueRequired":true,"valueName":"search_term_string"}}],"inLanguage":"fr-FR"},{"@type":"Organization","@id":"https:\/\/tiketi.com\/#organization","name":"Tiketi.com","alternateName":"Tiketi","url":"https:\/\/tiketi.com\/","logo":{"@type":"ImageObject","inLanguage":"fr-FR","@id":"https:\/\/tiketi.com\/#\/schema\/logo\/image\/","url":"https:\/\/tiketi.com\/wp-content\/uploads\/2019\/05\/tiketi-logo-696.png","contentUrl":"https:\/\/tiketi.com\/wp-content\/uploads\/2019\/05\/tiketi-logo-696.png","width":696,"height":696,"caption":"Tiketi.com"},"image":{"@id":"https:\/\/tiketi.com\/#\/schema\/logo\/image\/"},"sameAs":["https:\/\/www.facebook.com\/TiketiCom\/"]}]}},"_links":{"self":[{"href":"https:\/\/tiketi.com\/fr-fr\/wp-json\/wp\/v2\/pages\/11512","targetHints":{"allow":["GET"]}}],"collection":[{"href":"https:\/\/tiketi.com\/fr-fr\/wp-json\/wp\/v2\/pages"}],"about":[{"href":"https:\/\/tiketi.com\/fr-fr\/wp-json\/wp\/v2\/types\/page"}],"author":[{"embeddable":true,"href":"https:\/\/tiketi.com\/fr-fr\/wp-json\/wp\/v2\/users\/1"}],"replies":[{"embeddable":true,"href":"https:\/\/tiketi.com\/fr-fr\/wp-json\/wp\/v2\/comments?post=11512"}],"version-history":[{"count":0,"href":"https:\/\/tiketi.com\/fr-fr\/wp-json\/wp\/v2\/pages\/11512\/revisions"}],"wp:featuredmedia":[{"embeddable":true,"href":"https:\/\/tiketi.com\/fr-fr\/wp-json\/wp\/v2\/media\/13999"}],"wp:attachment":[{"href":"https:\/\/tiketi.com\/fr-fr\/wp-json\/wp\/v2\/media?parent=11512"}],"curies":[{"name":"wp","href":"https:\/\/api.w.org\/{rel}","templated":true}]}}