{"id":11517,"date":"2022-01-19T12:54:50","date_gmt":"2022-01-19T11:54:50","guid":{"rendered":"https:\/\/new.tiketi.com\/bus-from-harare-to-norton-bus-tickets-fare-route-schedule\/"},"modified":"2022-01-28T16:20:15","modified_gmt":"2022-01-28T15:20:15","slug":"online-bus-tickets-from-harare-to-norton","status":"publish","type":"page","link":"https:\/\/tiketi.com\/fr-fr\/online-bus-tickets-from-harare-to-norton\/","title":{"rendered":"Bus de Harare \u00e0 Norton Billets de bus, tarif, itin\u00e9raire et horaires"},"content":{"rendered":"<h2>Billets de bus pas chers de Harare \u00e0 Norton R\u00e9servation en ligne<\/h2>\n<h3>D\u00e9couvrez votre itin\u00e9raire sur le web, le mobile ou l&#039;application et r\u00e9servez en ligne maintenant un billet de bus pas cher de Harare \u00e0 Norton.<\/h3>\n<p>R\u00e9servez en ligne des billets de bus pas chers de Harare \u00e0 Norton et voyagez de Harare \u00e0 Norton par la route. Clipping Norton est la plus haute ville de l&#039;Oxfordshire, situ\u00e9e sur le versant ouest d&#039;une colline qui \u00e9tait autrefois le lieu du ch\u00e2teau normand. Chipping est d\u00e9riv\u00e9 de Ceapen, et le sens est march\u00e9. Alternativement, le sens vient du mot m\u00e9di\u00e9val Chepynge signifiant longue place du march\u00e9 comme on le trouvera \u00e9galement \u00e0 Chipping Sodbury et Chipping Campden. Il y avait un march\u00e9 ici depuis le XIIIe si\u00e8cle et \u00e9tait une grande ville de formation de la laine au XVe si\u00e8cle, la grande \u00e9glise de la laine de St Mary. Voici le guide sur la fa\u00e7on de r\u00e9server des billets de bus de Harare \u00e0 Norton :<\/p>\n<h2>Bus de Harare \u00e0 Norton R\u00e9servation de billets de bus, itin\u00e9raires, horaires et tarifs FAQ<\/h2>\n<h3>Quel est le moyen abordable pour se rendre de Harare \u00e0 Norton ?<\/h3>\n<p>Le moyen abordable de se rendre de Harare \u00e0 Norton en bus qui co\u00fbte $75 \u2013 $120 et dure 20h 40m.<\/p>\n<h3>Quel est le moyen le plus rapide pour se rendre de Harare \u00e0 Norton ?<\/h3>\n<p>Le moyen le plus rapide pour se rendre de Harare \u00e0 Norton est de <a href=\"https:\/\/tiketi.com\/fr-fr\/flightst\/\" target=\"_blank\" rel=\"noopener\">voler<\/a> et bus qui co\u00fbte $170 \u2013 $450 et dure 5h 20m.<\/p>\n<h3>Quelle est la distance entre Harare et Norton en bus ?<\/h3>\n<p>La distance du voyage en bus Harare \u00e0 Norton est de 965 km.<\/p>\n<h3>Comment puis-je me d\u00e9placer de Harare \u00e0 Norton sans v\u00e9hicule personnel ?<\/h3>\n<p>Le meilleur moyen pour se rendre \u00e0 Norton sans v\u00e9hicule personnel est de prendre un taxi et un bus de Harare \u00e0 Norton, ce qui dure 17h 20m et co\u00fbte $95 \u2013 $140.<\/p>\n<h3>Puis-je conduire de Harare \u00e0 Norton ?<\/h3>\n<p>Oui, la distance entre Norton et Harare est de 1144 km. il faut environ 12h 10m pour conduire de Harare \u00e0 Norton.<\/p>\n<h2>Billets de bus de Harare \u00e0 Norton Tips<\/h2>\n<p>L&#039;\u00e9glise poss\u00e8de l&#039;un des meilleurs int\u00e9rieurs parmi les grandes \u00e9glises des Cotswolds. Les piliers de soutien \u00e9lanc\u00e9s et les fen\u00eatres \u00e0 claire-voie d&#039;une bande de verre presque continue au-dessus de la nef donnent \u00e0 l&#039;\u00e9glise une sensation de hauteur et de l\u00e9g\u00e8ret\u00e9 remarquable. L&#039;\u00e9glise est \u00e9galement c\u00e9l\u00e8bre pour son inhabituel porche hexagonal avec plafond vo\u00fbt\u00e9.<\/p>","protected":false},"excerpt":{"rendered":"<p>Cheap Bus Tickets from\u00a0Harare to Norton\u00a0Online Booking Discover your travel route on web, mobile or app and book cheap bus ticket from Harare to Norton online now. Do\u00a0cheap bus from Harare to Norton bus tickets online booking and travel Harare to Norton by road.\u00a0Clipping Norton is the highest town in Oxfordshire, placed on the western [&hellip;]<\/p>\n","protected":false},"author":1,"featured_media":13999,"parent":0,"menu_order":0,"comment_status":"open","ping_status":"closed","template":"template-home-modern.php","meta":{"footnotes":""},"class_list":["post-11517","page","type-page","status-publish","has-post-thumbnail","hentry"],"yoast_head":"<!-- This site is optimized with the Yoast SEO plugin v27.3 - https:\/\/yoast.com\/product\/yoast-seo-wordpress\/ -->\n<title>Bus from Harare to Norton Bus Tickets, Fare, Route &amp;\u00a0Schedule<\/title>\n<meta name=\"description\" content=\"Looking for bus from\u00a0Harare to Norton bus tickets booking, routes, schedules &amp; fares? Book cheap bus tickets from Harare to Norton online now\" \/>\n<meta name=\"robots\" content=\"index, follow, max-snippet:-1, max-image-preview:large, max-video-preview:-1\" \/>\n<link rel=\"canonical\" href=\"https:\/\/tiketi.com\/fr-fr\/online-bus-tickets-from-harare-to-norton\/\" \/>\n<meta property=\"og:locale\" content=\"fr_FR\" \/>\n<meta property=\"og:type\" content=\"article\" \/>\n<meta property=\"og:title\" content=\"Bus from Harare to Norton Bus Tickets, Fare, Route &amp;\u00a0Schedule\" \/>\n<meta property=\"og:description\" content=\"Looking for bus from\u00a0Harare to Norton bus tickets booking, routes, schedules &amp; fares? Book cheap bus tickets from Harare to Norton online now\" \/>\n<meta property=\"og:url\" content=\"https:\/\/tiketi.com\/fr-fr\/online-bus-tickets-from-harare-to-norton\/\" \/>\n<meta property=\"og:site_name\" content=\"Tiketi.com\" \/>\n<meta property=\"article:publisher\" content=\"https:\/\/www.facebook.com\/TiketiCom\/\" \/>\n<meta property=\"article:modified_time\" content=\"2022-01-28T15:20:15+00:00\" \/>\n<meta property=\"og:image\" content=\"https:\/\/tiketi.com\/wp-content\/uploads\/2022\/01\/bus-ticket-online-booking.jpg\" \/>\n\t<meta property=\"og:image:width\" content=\"1200\" \/>\n\t<meta property=\"og:image:height\" content=\"206\" \/>\n\t<meta property=\"og:image:type\" content=\"image\/jpeg\" \/>\n<meta name=\"twitter:card\" content=\"summary_large_image\" \/>\n<meta name=\"twitter:label1\" content=\"Dur\u00e9e de lecture estim\u00e9e\" \/>\n\t<meta name=\"twitter:data1\" content=\"2 minutes\" \/>\n<script type=\"application\/ld+json\" class=\"yoast-schema-graph\">{\"@context\":\"https:\\\/\\\/schema.org\",\"@graph\":[{\"@type\":\"WebPage\",\"@id\":\"https:\\\/\\\/tiketi.com\\\/online-bus-tickets-from-harare-to-norton\\\/\",\"url\":\"https:\\\/\\\/tiketi.com\\\/online-bus-tickets-from-harare-to-norton\\\/\",\"name\":\"Bus from Harare to Norton Bus Tickets, Fare, Route &\u00a0Schedule\",\"isPartOf\":{\"@id\":\"https:\\\/\\\/tiketi.com\\\/#website\"},\"primaryImageOfPage\":{\"@id\":\"https:\\\/\\\/tiketi.com\\\/online-bus-tickets-from-harare-to-norton\\\/#primaryimage\"},\"image\":{\"@id\":\"https:\\\/\\\/tiketi.com\\\/online-bus-tickets-from-harare-to-norton\\\/#primaryimage\"},\"thumbnailUrl\":\"https:\\\/\\\/tiketi.com\\\/wp-content\\\/uploads\\\/2022\\\/01\\\/bus-ticket-online-booking.jpg\",\"datePublished\":\"2022-01-19T11:54:50+00:00\",\"dateModified\":\"2022-01-28T15:20:15+00:00\",\"description\":\"Looking for bus from\u00a0Harare to Norton bus tickets booking, routes, schedules & fares? Book cheap bus tickets from Harare to Norton online now\",\"breadcrumb\":{\"@id\":\"https:\\\/\\\/tiketi.com\\\/online-bus-tickets-from-harare-to-norton\\\/#breadcrumb\"},\"inLanguage\":\"fr-FR\",\"potentialAction\":[{\"@type\":\"ReadAction\",\"target\":[\"https:\\\/\\\/tiketi.com\\\/online-bus-tickets-from-harare-to-norton\\\/\"]}]},{\"@type\":\"ImageObject\",\"inLanguage\":\"fr-FR\",\"@id\":\"https:\\\/\\\/tiketi.com\\\/online-bus-tickets-from-harare-to-norton\\\/#primaryimage\",\"url\":\"https:\\\/\\\/tiketi.com\\\/wp-content\\\/uploads\\\/2022\\\/01\\\/bus-ticket-online-booking.jpg\",\"contentUrl\":\"https:\\\/\\\/tiketi.com\\\/wp-content\\\/uploads\\\/2022\\\/01\\\/bus-ticket-online-booking.jpg\",\"width\":1200,\"height\":206,\"caption\":\"Online Bus Ticket Booking\"},{\"@type\":\"BreadcrumbList\",\"@id\":\"https:\\\/\\\/tiketi.com\\\/online-bus-tickets-from-harare-to-norton\\\/#breadcrumb\",\"itemListElement\":[{\"@type\":\"ListItem\",\"position\":1,\"name\":\"Home\",\"item\":\"https:\\\/\\\/tiketi.com\\\/\"},{\"@type\":\"ListItem\",\"position\":2,\"name\":\"Bus from Harare to Norton Bus Tickets, Fare, Route &#038;\u00a0Schedule\"}]},{\"@type\":\"WebSite\",\"@id\":\"https:\\\/\\\/tiketi.com\\\/#website\",\"url\":\"https:\\\/\\\/tiketi.com\\\/\",\"name\":\"Flight & Bus Tickets, Tour Packages & Activitites - Tiketi.com\",\"description\":\"Flight &amp; Bus Tickets, Tours, Activitites\",\"publisher\":{\"@id\":\"https:\\\/\\\/tiketi.com\\\/#organization\"},\"potentialAction\":[{\"@type\":\"SearchAction\",\"target\":{\"@type\":\"EntryPoint\",\"urlTemplate\":\"https:\\\/\\\/tiketi.com\\\/?s={search_term_string}\"},\"query-input\":{\"@type\":\"PropertyValueSpecification\",\"valueRequired\":true,\"valueName\":\"search_term_string\"}}],\"inLanguage\":\"fr-FR\"},{\"@type\":\"Organization\",\"@id\":\"https:\\\/\\\/tiketi.com\\\/#organization\",\"name\":\"Tiketi.com\",\"alternateName\":\"Tiketi\",\"url\":\"https:\\\/\\\/tiketi.com\\\/\",\"logo\":{\"@type\":\"ImageObject\",\"inLanguage\":\"fr-FR\",\"@id\":\"https:\\\/\\\/tiketi.com\\\/#\\\/schema\\\/logo\\\/image\\\/\",\"url\":\"https:\\\/\\\/tiketi.com\\\/wp-content\\\/uploads\\\/2019\\\/05\\\/tiketi-logo-696.png\",\"contentUrl\":\"https:\\\/\\\/tiketi.com\\\/wp-content\\\/uploads\\\/2019\\\/05\\\/tiketi-logo-696.png\",\"width\":696,\"height\":696,\"caption\":\"Tiketi.com\"},\"image\":{\"@id\":\"https:\\\/\\\/tiketi.com\\\/#\\\/schema\\\/logo\\\/image\\\/\"},\"sameAs\":[\"https:\\\/\\\/www.facebook.com\\\/TiketiCom\\\/\"]}]}<\/script>\n<!-- \/ Yoast SEO plugin. -->","yoast_head_json":{"title":"Bus de Harare \u00e0 Norton Billets de bus, tarif, itin\u00e9raire et horaires","description":"\u00c0 la recherche de r\u00e9servations de bus de Harare \u00e0 Norton, de billets de bus, d&#039;itin\u00e9raires, d&#039;horaires et de tarifs ? R\u00e9servez en ligne maintenant des billets de bus \u00e0 bas prix de Harare \u00e0 Norton","robots":{"index":"index","follow":"follow","max-snippet":"max-snippet:-1","max-image-preview":"max-image-preview:large","max-video-preview":"max-video-preview:-1"},"canonical":"https:\/\/tiketi.com\/fr-fr\/online-bus-tickets-from-harare-to-norton\/","og_locale":"fr_FR","og_type":"article","og_title":"Bus from Harare to Norton Bus Tickets, Fare, Route &\u00a0Schedule","og_description":"Looking for bus from\u00a0Harare to Norton bus tickets booking, routes, schedules & fares? Book cheap bus tickets from Harare to Norton online now","og_url":"https:\/\/tiketi.com\/fr-fr\/online-bus-tickets-from-harare-to-norton\/","og_site_name":"Tiketi.com","article_publisher":"https:\/\/www.facebook.com\/TiketiCom\/","article_modified_time":"2022-01-28T15:20:15+00:00","og_image":[{"width":1200,"height":206,"url":"https:\/\/tiketi.com\/wp-content\/uploads\/2022\/01\/bus-ticket-online-booking.jpg","type":"image\/jpeg"}],"twitter_card":"summary_large_image","twitter_misc":{"Dur\u00e9e de lecture estim\u00e9e":"2 minutes"},"schema":{"@context":"https:\/\/schema.org","@graph":[{"@type":"WebPage","@id":"https:\/\/tiketi.com\/online-bus-tickets-from-harare-to-norton\/","url":"https:\/\/tiketi.com\/online-bus-tickets-from-harare-to-norton\/","name":"Bus de Harare \u00e0 Norton Billets de bus, tarif, itin\u00e9raire et horaires","isPartOf":{"@id":"https:\/\/tiketi.com\/#website"},"primaryImageOfPage":{"@id":"https:\/\/tiketi.com\/online-bus-tickets-from-harare-to-norton\/#primaryimage"},"image":{"@id":"https:\/\/tiketi.com\/online-bus-tickets-from-harare-to-norton\/#primaryimage"},"thumbnailUrl":"https:\/\/tiketi.com\/wp-content\/uploads\/2022\/01\/bus-ticket-online-booking.jpg","datePublished":"2022-01-19T11:54:50+00:00","dateModified":"2022-01-28T15:20:15+00:00","description":"\u00c0 la recherche de r\u00e9servations de bus de Harare \u00e0 Norton, de billets de bus, d&#039;itin\u00e9raires, d&#039;horaires et de tarifs ? R\u00e9servez en ligne maintenant des billets de bus \u00e0 bas prix de Harare \u00e0 Norton","breadcrumb":{"@id":"https:\/\/tiketi.com\/online-bus-tickets-from-harare-to-norton\/#breadcrumb"},"inLanguage":"fr-FR","potentialAction":[{"@type":"ReadAction","target":["https:\/\/tiketi.com\/online-bus-tickets-from-harare-to-norton\/"]}]},{"@type":"ImageObject","inLanguage":"fr-FR","@id":"https:\/\/tiketi.com\/online-bus-tickets-from-harare-to-norton\/#primaryimage","url":"https:\/\/tiketi.com\/wp-content\/uploads\/2022\/01\/bus-ticket-online-booking.jpg","contentUrl":"https:\/\/tiketi.com\/wp-content\/uploads\/2022\/01\/bus-ticket-online-booking.jpg","width":1200,"height":206,"caption":"Online Bus Ticket Booking"},{"@type":"BreadcrumbList","@id":"https:\/\/tiketi.com\/online-bus-tickets-from-harare-to-norton\/#breadcrumb","itemListElement":[{"@type":"ListItem","position":1,"name":"Home","item":"https:\/\/tiketi.com\/"},{"@type":"ListItem","position":2,"name":"Bus from Harare to Norton Bus Tickets, Fare, Route &#038;\u00a0Schedule"}]},{"@type":"WebSite","@id":"https:\/\/tiketi.com\/#website","url":"https:\/\/tiketi.com\/","name":"Billets d&#039;avion et de bus, forfaits touristiques et activit\u00e9s - Tiketi.com","description":"Billets d&#039;avion et de bus, Tours, Activit\u00e9s","publisher":{"@id":"https:\/\/tiketi.com\/#organization"},"potentialAction":[{"@type":"SearchAction","target":{"@type":"EntryPoint","urlTemplate":"https:\/\/tiketi.com\/?s={search_term_string}"},"query-input":{"@type":"PropertyValueSpecification","valueRequired":true,"valueName":"search_term_string"}}],"inLanguage":"fr-FR"},{"@type":"Organization","@id":"https:\/\/tiketi.com\/#organization","name":"Tiketi.com","alternateName":"Tiketi","url":"https:\/\/tiketi.com\/","logo":{"@type":"ImageObject","inLanguage":"fr-FR","@id":"https:\/\/tiketi.com\/#\/schema\/logo\/image\/","url":"https:\/\/tiketi.com\/wp-content\/uploads\/2019\/05\/tiketi-logo-696.png","contentUrl":"https:\/\/tiketi.com\/wp-content\/uploads\/2019\/05\/tiketi-logo-696.png","width":696,"height":696,"caption":"Tiketi.com"},"image":{"@id":"https:\/\/tiketi.com\/#\/schema\/logo\/image\/"},"sameAs":["https:\/\/www.facebook.com\/TiketiCom\/"]}]}},"_links":{"self":[{"href":"https:\/\/tiketi.com\/fr-fr\/wp-json\/wp\/v2\/pages\/11517","targetHints":{"allow":["GET"]}}],"collection":[{"href":"https:\/\/tiketi.com\/fr-fr\/wp-json\/wp\/v2\/pages"}],"about":[{"href":"https:\/\/tiketi.com\/fr-fr\/wp-json\/wp\/v2\/types\/page"}],"author":[{"embeddable":true,"href":"https:\/\/tiketi.com\/fr-fr\/wp-json\/wp\/v2\/users\/1"}],"replies":[{"embeddable":true,"href":"https:\/\/tiketi.com\/fr-fr\/wp-json\/wp\/v2\/comments?post=11517"}],"version-history":[{"count":0,"href":"https:\/\/tiketi.com\/fr-fr\/wp-json\/wp\/v2\/pages\/11517\/revisions"}],"wp:featuredmedia":[{"embeddable":true,"href":"https:\/\/tiketi.com\/fr-fr\/wp-json\/wp\/v2\/media\/13999"}],"wp:attachment":[{"href":"https:\/\/tiketi.com\/fr-fr\/wp-json\/wp\/v2\/media?parent=11517"}],"curies":[{"name":"wp","href":"https:\/\/api.w.org\/{rel}","templated":true}]}}