{"id":11518,"date":"2022-01-19T12:54:50","date_gmt":"2022-01-19T11:54:50","guid":{"rendered":"https:\/\/new.tiketi.com\/bus-from-harare-to-masvingo-bus-tickets-fare-route-schedule\/"},"modified":"2022-01-28T16:16:18","modified_gmt":"2022-01-28T15:16:18","slug":"online-bus-tickets-from-harare-to-masvingo","status":"publish","type":"page","link":"https:\/\/tiketi.com\/fr-fr\/online-bus-tickets-from-harare-to-masvingo\/","title":{"rendered":"Bus de Harare \u00e0 Masvingo Billets de bus, tarifs, itin\u00e9raire et horaires"},"content":{"rendered":"<h2>Billets de bus pas chers de Harare \u00e0 Masvingo R\u00e9servation en ligne<\/h2>\n<h3>D\u00e9couvrez votre itin\u00e9raire de voyage sur le Web, votre mobile ou votre application et r\u00e9servez d\u00e8s maintenant en ligne un billet de bus pas cher de Harare \u00e0 Masvingo.<\/h3>\n<p>R\u00e9servez des billets de bus pas chers de Harare \u00e0 Masvingo en ligne et voyagez de Harare \u00e0 Masvingo par la route. Masivingo (anciennement connu sous le nom de Fort Victoria et bri\u00e8vement Nyanda) est un petit centre dynamique de la province de Masvingo au Zimbabwe. Situ\u00e9e sur la route de Harare, la ville est un centre d&#039;affaires pour l&#039;\u00e9levage de b\u00e9tail et l&#039;agriculture (coton, c\u00e9r\u00e9ales, fruits, tabac, sucre et fruits), ainsi que pour l&#039;exploitation mini\u00e8re de l&#039;or et de l&#039;amiante. Voici le guide sur la fa\u00e7on de r\u00e9server des billets de bus de Harare \u00e0 Masvingo.<\/p>\n<h2>Bus de Harare \u00e0 Masvingo : r\u00e9servation de billets de bus, itin\u00e9raires, horaires et tarifs - FAQ<\/h2>\n<h3>Quel est le moyen le moins cher pour se rendre de Harare \u00e0 Masvingo ?<\/h3>\n<p>Un moyen abordable de se rendre de Harare \u00e0 Masvingo en bus. Billets de bus pas chers de Harare \u00e0 Masvingo $25 \u2013 $45 et dure 3h 25m.<\/p>\n<h3>Quel est le moyen le plus rapide pour se rendre de Harare \u00e0 Masvingo ?<\/h3>\n<p>Le moyen le plus rapide pour se rendre de Harare \u00e0 Masvingo bus. Harare \u00e0 Masvingo bus tarif $25 \u2013 $45 et dure 3h 25m.<\/p>\n<h3>Quelle est la distance de bus de Harare \u00e0 Masvingo?<\/h3>\n<p>La distance de voyage de Harare \u00e0 Masvingo en bus est de 250 km.<\/p>\n<h3>Comment puis-je me d\u00e9placer de Harare \u00e0 Masvingo sans v\u00e9hicule personnel ?<\/h3>\n<p>Le meilleur moyen pour se rendre de Harare \u00e0 Masvingo sans v\u00e9hicule personnel est de bus, ce qui dure 3h 25m et co\u00fbte $25 \u2013 $45.<\/p>\n<h3>Puis-je conduire de Harare \u00e0 Masvingo ?<\/h3>\n<p>Oui, la distance entre Masvingo et Harare est de 293 km. il faut environ 2h 50m pour conduire de Harare \u00e0 Masvingo.<\/p>\n<h2>Conseils pour les billets de bus de Harare \u00e0 Masvingo<\/h2>\n<p>La ville est proche du Grand Zimbabwe, un monument national dont le pays tire son titre. Les ruines du Grand Zimbabwe sont \u00e9tonnantes et intemporelles. Le niveau de construction des sites est remarquable, il n&#039;y a rien de tel en Afrique australe. Les murs en pierre mesurent jusqu&#039;\u00e0 six m\u00e8tres d&#039;\u00e9paisseur et douze m\u00e8tres de haut et sont construits en blocs de granit sans utilisation de mortier.<\/p>","protected":false},"excerpt":{"rendered":"<p>Cheap Bus Tickets from\u00a0Harare to Masvingo\u00a0Online Booking Discover your travel route on web, mobile or app and book cheap bus ticket from Harare to Masvingo online now. Do\u00a0cheap bus from Harare to Masvingo bus tickets online booking and travel Harare to Masvingo by road.\u00a0Masivingo (previously famous as Fort Victoria and briefly Nyanda) is a little [&hellip;]<\/p>\n","protected":false},"author":1,"featured_media":13999,"parent":0,"menu_order":0,"comment_status":"open","ping_status":"closed","template":"template-home-modern.php","meta":{"footnotes":""},"class_list":["post-11518","page","type-page","status-publish","has-post-thumbnail","hentry"],"yoast_head":"<!-- This site is optimized with the Yoast SEO plugin v27.3 - https:\/\/yoast.com\/product\/yoast-seo-wordpress\/ -->\n<title>Bus from Harare to Masvingo Bus Tickets, Fare, Route &amp;\u00a0Schedule<\/title>\n<meta name=\"description\" content=\"Looking for bus from\u00a0Harare to Masvingo bus tickets booking app, schedule &amp; fare? Book cheap bus tickets from Harare to Masvingo online\" \/>\n<meta name=\"robots\" content=\"index, follow, max-snippet:-1, max-image-preview:large, max-video-preview:-1\" \/>\n<link rel=\"canonical\" href=\"https:\/\/tiketi.com\/fr-fr\/online-bus-tickets-from-harare-to-masvingo\/\" \/>\n<meta property=\"og:locale\" content=\"fr_FR\" \/>\n<meta property=\"og:type\" content=\"article\" \/>\n<meta property=\"og:title\" content=\"Bus from Harare to Masvingo Bus Tickets, Fare, Route &amp;\u00a0Schedule\" \/>\n<meta property=\"og:description\" content=\"Looking for bus from\u00a0Harare to Masvingo bus tickets booking app, schedule &amp; fare? Book cheap bus tickets from Harare to Masvingo online\" \/>\n<meta property=\"og:url\" content=\"https:\/\/tiketi.com\/fr-fr\/online-bus-tickets-from-harare-to-masvingo\/\" \/>\n<meta property=\"og:site_name\" content=\"Tiketi.com\" \/>\n<meta property=\"article:publisher\" content=\"https:\/\/www.facebook.com\/TiketiCom\/\" \/>\n<meta property=\"article:modified_time\" content=\"2022-01-28T15:16:18+00:00\" \/>\n<meta property=\"og:image\" content=\"https:\/\/tiketi.com\/wp-content\/uploads\/2022\/01\/bus-ticket-online-booking.jpg\" \/>\n\t<meta property=\"og:image:width\" content=\"1200\" \/>\n\t<meta property=\"og:image:height\" content=\"206\" \/>\n\t<meta property=\"og:image:type\" content=\"image\/jpeg\" \/>\n<meta name=\"twitter:card\" content=\"summary_large_image\" \/>\n<meta name=\"twitter:label1\" content=\"Dur\u00e9e de lecture estim\u00e9e\" \/>\n\t<meta name=\"twitter:data1\" content=\"2 minutes\" \/>\n<script type=\"application\/ld+json\" class=\"yoast-schema-graph\">{\"@context\":\"https:\\\/\\\/schema.org\",\"@graph\":[{\"@type\":\"WebPage\",\"@id\":\"https:\\\/\\\/tiketi.com\\\/en-gb\\\/online-bus-tickets-from-harare-to-masvingo\\\/\",\"url\":\"https:\\\/\\\/tiketi.com\\\/en-gb\\\/online-bus-tickets-from-harare-to-masvingo\\\/\",\"name\":\"Bus from Harare to Masvingo Bus Tickets, Fare, Route &\u00a0Schedule\",\"isPartOf\":{\"@id\":\"https:\\\/\\\/tiketi.com\\\/#website\"},\"primaryImageOfPage\":{\"@id\":\"https:\\\/\\\/tiketi.com\\\/en-gb\\\/online-bus-tickets-from-harare-to-masvingo\\\/#primaryimage\"},\"image\":{\"@id\":\"https:\\\/\\\/tiketi.com\\\/en-gb\\\/online-bus-tickets-from-harare-to-masvingo\\\/#primaryimage\"},\"thumbnailUrl\":\"https:\\\/\\\/tiketi.com\\\/wp-content\\\/uploads\\\/2022\\\/01\\\/bus-ticket-online-booking.jpg\",\"datePublished\":\"2022-01-19T11:54:50+00:00\",\"dateModified\":\"2022-01-28T15:16:18+00:00\",\"description\":\"Looking for bus from\u00a0Harare to Masvingo bus tickets booking app, schedule & fare? Book cheap bus tickets from Harare to Masvingo online\",\"breadcrumb\":{\"@id\":\"https:\\\/\\\/tiketi.com\\\/en-gb\\\/online-bus-tickets-from-harare-to-masvingo\\\/#breadcrumb\"},\"inLanguage\":\"fr-FR\",\"potentialAction\":[{\"@type\":\"ReadAction\",\"target\":[\"https:\\\/\\\/tiketi.com\\\/en-gb\\\/online-bus-tickets-from-harare-to-masvingo\\\/\"]}]},{\"@type\":\"ImageObject\",\"inLanguage\":\"fr-FR\",\"@id\":\"https:\\\/\\\/tiketi.com\\\/en-gb\\\/online-bus-tickets-from-harare-to-masvingo\\\/#primaryimage\",\"url\":\"https:\\\/\\\/tiketi.com\\\/wp-content\\\/uploads\\\/2022\\\/01\\\/bus-ticket-online-booking.jpg\",\"contentUrl\":\"https:\\\/\\\/tiketi.com\\\/wp-content\\\/uploads\\\/2022\\\/01\\\/bus-ticket-online-booking.jpg\",\"width\":1200,\"height\":206,\"caption\":\"Online Bus Ticket Booking\"},{\"@type\":\"BreadcrumbList\",\"@id\":\"https:\\\/\\\/tiketi.com\\\/en-gb\\\/online-bus-tickets-from-harare-to-masvingo\\\/#breadcrumb\",\"itemListElement\":[{\"@type\":\"ListItem\",\"position\":1,\"name\":\"Home\",\"item\":\"https:\\\/\\\/tiketi.com\\\/\"},{\"@type\":\"ListItem\",\"position\":2,\"name\":\"Bus from Harare to Masvingo Bus Tickets, Fare, Route &#038;\u00a0Schedule\"}]},{\"@type\":\"WebSite\",\"@id\":\"https:\\\/\\\/tiketi.com\\\/#website\",\"url\":\"https:\\\/\\\/tiketi.com\\\/\",\"name\":\"Flight & Bus Tickets, Tour Packages & Activitites - Tiketi.com\",\"description\":\"Flight &amp; Bus Tickets, Tours, Activitites\",\"publisher\":{\"@id\":\"https:\\\/\\\/tiketi.com\\\/#organization\"},\"potentialAction\":[{\"@type\":\"SearchAction\",\"target\":{\"@type\":\"EntryPoint\",\"urlTemplate\":\"https:\\\/\\\/tiketi.com\\\/?s={search_term_string}\"},\"query-input\":{\"@type\":\"PropertyValueSpecification\",\"valueRequired\":true,\"valueName\":\"search_term_string\"}}],\"inLanguage\":\"fr-FR\"},{\"@type\":\"Organization\",\"@id\":\"https:\\\/\\\/tiketi.com\\\/#organization\",\"name\":\"Tiketi.com\",\"alternateName\":\"Tiketi\",\"url\":\"https:\\\/\\\/tiketi.com\\\/\",\"logo\":{\"@type\":\"ImageObject\",\"inLanguage\":\"fr-FR\",\"@id\":\"https:\\\/\\\/tiketi.com\\\/#\\\/schema\\\/logo\\\/image\\\/\",\"url\":\"https:\\\/\\\/tiketi.com\\\/wp-content\\\/uploads\\\/2019\\\/05\\\/tiketi-logo-696.png\",\"contentUrl\":\"https:\\\/\\\/tiketi.com\\\/wp-content\\\/uploads\\\/2019\\\/05\\\/tiketi-logo-696.png\",\"width\":696,\"height\":696,\"caption\":\"Tiketi.com\"},\"image\":{\"@id\":\"https:\\\/\\\/tiketi.com\\\/#\\\/schema\\\/logo\\\/image\\\/\"},\"sameAs\":[\"https:\\\/\\\/www.facebook.com\\\/TiketiCom\\\/\"]}]}<\/script>\n<!-- \/ Yoast SEO plugin. -->","yoast_head_json":{"title":"Bus de Harare \u00e0 Masvingo Billets de bus, tarifs, itin\u00e9raire et horaires","description":"Vous recherchez des bus de Harare \u00e0 Masvingo, une application de r\u00e9servation de billets de bus, des horaires et des tarifs ? R\u00e9servez vos billets de bus pas chers de Harare \u00e0 Masvingo en ligne","robots":{"index":"index","follow":"follow","max-snippet":"max-snippet:-1","max-image-preview":"max-image-preview:large","max-video-preview":"max-video-preview:-1"},"canonical":"https:\/\/tiketi.com\/fr-fr\/online-bus-tickets-from-harare-to-masvingo\/","og_locale":"fr_FR","og_type":"article","og_title":"Bus from Harare to Masvingo Bus Tickets, Fare, Route &\u00a0Schedule","og_description":"Looking for bus from\u00a0Harare to Masvingo bus tickets booking app, schedule & fare? Book cheap bus tickets from Harare to Masvingo online","og_url":"https:\/\/tiketi.com\/fr-fr\/online-bus-tickets-from-harare-to-masvingo\/","og_site_name":"Tiketi.com","article_publisher":"https:\/\/www.facebook.com\/TiketiCom\/","article_modified_time":"2022-01-28T15:16:18+00:00","og_image":[{"width":1200,"height":206,"url":"https:\/\/tiketi.com\/wp-content\/uploads\/2022\/01\/bus-ticket-online-booking.jpg","type":"image\/jpeg"}],"twitter_card":"summary_large_image","twitter_misc":{"Dur\u00e9e de lecture estim\u00e9e":"2 minutes"},"schema":{"@context":"https:\/\/schema.org","@graph":[{"@type":"WebPage","@id":"https:\/\/tiketi.com\/en-gb\/online-bus-tickets-from-harare-to-masvingo\/","url":"https:\/\/tiketi.com\/en-gb\/online-bus-tickets-from-harare-to-masvingo\/","name":"Bus de Harare \u00e0 Masvingo Billets de bus, tarifs, itin\u00e9raire et horaires","isPartOf":{"@id":"https:\/\/tiketi.com\/#website"},"primaryImageOfPage":{"@id":"https:\/\/tiketi.com\/en-gb\/online-bus-tickets-from-harare-to-masvingo\/#primaryimage"},"image":{"@id":"https:\/\/tiketi.com\/en-gb\/online-bus-tickets-from-harare-to-masvingo\/#primaryimage"},"thumbnailUrl":"https:\/\/tiketi.com\/wp-content\/uploads\/2022\/01\/bus-ticket-online-booking.jpg","datePublished":"2022-01-19T11:54:50+00:00","dateModified":"2022-01-28T15:16:18+00:00","description":"Vous recherchez des bus de Harare \u00e0 Masvingo, une application de r\u00e9servation de billets de bus, des horaires et des tarifs ? R\u00e9servez vos billets de bus pas chers de Harare \u00e0 Masvingo en ligne","breadcrumb":{"@id":"https:\/\/tiketi.com\/en-gb\/online-bus-tickets-from-harare-to-masvingo\/#breadcrumb"},"inLanguage":"fr-FR","potentialAction":[{"@type":"ReadAction","target":["https:\/\/tiketi.com\/en-gb\/online-bus-tickets-from-harare-to-masvingo\/"]}]},{"@type":"ImageObject","inLanguage":"fr-FR","@id":"https:\/\/tiketi.com\/en-gb\/online-bus-tickets-from-harare-to-masvingo\/#primaryimage","url":"https:\/\/tiketi.com\/wp-content\/uploads\/2022\/01\/bus-ticket-online-booking.jpg","contentUrl":"https:\/\/tiketi.com\/wp-content\/uploads\/2022\/01\/bus-ticket-online-booking.jpg","width":1200,"height":206,"caption":"Online Bus Ticket Booking"},{"@type":"BreadcrumbList","@id":"https:\/\/tiketi.com\/en-gb\/online-bus-tickets-from-harare-to-masvingo\/#breadcrumb","itemListElement":[{"@type":"ListItem","position":1,"name":"Home","item":"https:\/\/tiketi.com\/"},{"@type":"ListItem","position":2,"name":"Bus from Harare to Masvingo Bus Tickets, Fare, Route &#038;\u00a0Schedule"}]},{"@type":"WebSite","@id":"https:\/\/tiketi.com\/#website","url":"https:\/\/tiketi.com\/","name":"Billets d&#039;avion et de bus, forfaits touristiques et activit\u00e9s - Tiketi.com","description":"Billets d&#039;avion et de bus, Tours, Activit\u00e9s","publisher":{"@id":"https:\/\/tiketi.com\/#organization"},"potentialAction":[{"@type":"SearchAction","target":{"@type":"EntryPoint","urlTemplate":"https:\/\/tiketi.com\/?s={search_term_string}"},"query-input":{"@type":"PropertyValueSpecification","valueRequired":true,"valueName":"search_term_string"}}],"inLanguage":"fr-FR"},{"@type":"Organization","@id":"https:\/\/tiketi.com\/#organization","name":"Tiketi.com","alternateName":"Tiketi","url":"https:\/\/tiketi.com\/","logo":{"@type":"ImageObject","inLanguage":"fr-FR","@id":"https:\/\/tiketi.com\/#\/schema\/logo\/image\/","url":"https:\/\/tiketi.com\/wp-content\/uploads\/2019\/05\/tiketi-logo-696.png","contentUrl":"https:\/\/tiketi.com\/wp-content\/uploads\/2019\/05\/tiketi-logo-696.png","width":696,"height":696,"caption":"Tiketi.com"},"image":{"@id":"https:\/\/tiketi.com\/#\/schema\/logo\/image\/"},"sameAs":["https:\/\/www.facebook.com\/TiketiCom\/"]}]}},"_links":{"self":[{"href":"https:\/\/tiketi.com\/fr-fr\/wp-json\/wp\/v2\/pages\/11518","targetHints":{"allow":["GET"]}}],"collection":[{"href":"https:\/\/tiketi.com\/fr-fr\/wp-json\/wp\/v2\/pages"}],"about":[{"href":"https:\/\/tiketi.com\/fr-fr\/wp-json\/wp\/v2\/types\/page"}],"author":[{"embeddable":true,"href":"https:\/\/tiketi.com\/fr-fr\/wp-json\/wp\/v2\/users\/1"}],"replies":[{"embeddable":true,"href":"https:\/\/tiketi.com\/fr-fr\/wp-json\/wp\/v2\/comments?post=11518"}],"version-history":[{"count":0,"href":"https:\/\/tiketi.com\/fr-fr\/wp-json\/wp\/v2\/pages\/11518\/revisions"}],"wp:featuredmedia":[{"embeddable":true,"href":"https:\/\/tiketi.com\/fr-fr\/wp-json\/wp\/v2\/media\/13999"}],"wp:attachment":[{"href":"https:\/\/tiketi.com\/fr-fr\/wp-json\/wp\/v2\/media?parent=11518"}],"curies":[{"name":"wp","href":"https:\/\/api.w.org\/{rel}","templated":true}]}}