{"id":11519,"date":"2022-01-19T12:54:50","date_gmt":"2022-01-19T11:54:50","guid":{"rendered":"https:\/\/new.tiketi.com\/bus-from-harare-to-marondera-bus-tickets-fare-route-schedule\/"},"modified":"2022-01-28T12:56:15","modified_gmt":"2022-01-28T11:56:15","slug":"online-bus-tickets-from-harare-to-marondera","status":"publish","type":"page","link":"https:\/\/tiketi.com\/fr-fr\/online-bus-tickets-from-harare-to-marondera\/","title":{"rendered":"Bus de Harare \u00e0 Marondera Billets de bus, tarifs, itin\u00e9raire et horaires"},"content":{"rendered":"<h2>Billets de bus pas chers de Harare \u00e0 Marondera : r\u00e9servation en ligne<\/h2>\n<h3>D\u00e9couvrez votre itin\u00e9raire de voyage sur le Web, votre mobile ou votre application et r\u00e9servez d\u00e8s maintenant en ligne un billet de bus pas cher de Harare \u00e0 Marondera.<\/h3>\n<p>R\u00e9servez des billets de bus pas chers de Harare \u00e0 Marondera en ligne et voyagez de Harare \u00e0 Marondera par la route. Marondera est une ville du Mashonaland Est, au Zimbabwe. Il se trouve \u00e0 environ 72 km \u00e0 l&#039;est de Harare et \u00e9tait l&#039;un des centres des grands districts forestiers et agricoles du Zimbabwe. Quoi qu\u2019il en soit, ce n\u2019est pas le cas aujourd\u2019hui, mais il existe encore des places foresti\u00e8res. Son climat est id\u00e9al pour la culture du ma\u00efs, des moutons, des l\u00e9gumes de jardin et des vergers. Voici le guide sur la fa\u00e7on de r\u00e9server des billets de bus de Harare \u00e0 Marondera\u00a0:<\/p>\n<h2>Bus de Harare \u00e0 Marondera R\u00e9servation de billets de bus, itin\u00e9raires, horaires et tarifs - FAQ<\/h2>\n<h3>Quelle est la distance de bus de Harare \u00e0 Marondera?<\/h3>\n<p>La distance de voyage de Harare \u00e0 Marondera bus est de 66 km.<\/p>\n<h3>Le bus de Harare \u00e0 Marondera est-il le moyen abordable pour se rendre \u00e0 Marondera ?<\/h3>\n<p>Le moyen le moins cher de se rendre \u00e0 Marondera est de prendre un taxi et bus Harare \u00e0 Marondera qui co\u00fbte $85 \u2013 $110 et prend 1h.<\/p>\n<h3>Quel est le moyen le plus rapide pour se rendre de Harare \u00e0 Marondera ?<\/h3>\n<p>Quel est le moyen le plus rapide pour se rendre de Harare \u00e0 Marondera ? Billets de bus pas chers de Harare \u00e0 Marondera $85 \u2013 $110 et dure 1h.<\/p>\n<h3>Comment puis-je me d\u00e9placer de Harare \u00e0 Marondera sans v\u00e9hicule personnel ?<\/h3>\n<p>Le meilleur moyen de se rendre de Harare \u00e0 Marondera sans v\u00e9hicule personnel est de prendre un bus, ce qui dure 1h, et le bus de Harare \u00e0 Marondera co\u00fbte $85 \u2013 $110.<\/p>\n<h2>Conseils pour les billets de bus de Harare \u00e0 Marondera<\/h2>\n<p>Marondera est la r\u00e9gion viticole la plus proche du Zimbabwe, et de nos jours, de nombreux \u00e9tablissements vinicoles produisent des produits savoureux.<\/p>\n<h3>H\u00e9bergement \u00e0 Marondera<\/h3>\n<p>Marondera propose une s\u00e9lection \u00e9quitable de choix d&#039;h\u00e9bergement \u00e9conomiques. Il y a des maisons d&#039;h\u00f4tes, des h\u00f4tels et des lodges sur place.<\/p>\n<h3>Activit\u00e9s \u00e0 Marondera<\/h3>\n<p>\u2022 Peintures rupestres de Markwe<\/p>\n<p>\u2022 le parcours de golf de Marondera<\/p>\n<p>\u2022 Imire Game Park \u2013 Ce parc vous fera voyager dans le temps jusqu&#039;\u00e0 l&#039;\u00e2ge de pierre : des pointes de fl\u00e8ches, des pots d\u00e9coratifs et des outils en pierre ont \u00e9t\u00e9 d\u00e9couverts jusqu&#039;\u00e0 l&#039;\u00e2ge du fer. Les fonderies sont des preuves de fer.<\/p>","protected":false},"excerpt":{"rendered":"<p>Cheap Bus Tickets from\u00a0Harare to Marondera\u00a0Online Booking Discover your travel route on web, mobile or app and book cheap bus ticket from Harare to Marondera online now. Do\u00a0cheap bus from Harare to Marondera bus tickets online booking and travel Harare to Marondera by road.\u00a0Marondera is a town in Mashonaland East, Zimbabwe. It is approximately 72 [&hellip;]<\/p>\n","protected":false},"author":1,"featured_media":13999,"parent":0,"menu_order":0,"comment_status":"open","ping_status":"closed","template":"template-home-modern.php","meta":{"footnotes":""},"class_list":["post-11519","page","type-page","status-publish","has-post-thumbnail","hentry"],"yoast_head":"<!-- This site is optimized with the Yoast SEO plugin v27.3 - https:\/\/yoast.com\/product\/yoast-seo-wordpress\/ -->\n<title>Bus from Harare to Marondera Bus Tickets, Fare, Route &amp;\u00a0Schedule<\/title>\n<meta name=\"description\" content=\"Looking for bus from\u00a0Harare to Marondera bus tickets booking app, schedule &amp; fare? Book cheap bus tickets from Harare to Marondera online\" \/>\n<meta name=\"robots\" content=\"index, follow, max-snippet:-1, max-image-preview:large, max-video-preview:-1\" \/>\n<link rel=\"canonical\" href=\"https:\/\/tiketi.com\/fr-fr\/online-bus-tickets-from-harare-to-marondera\/\" \/>\n<meta property=\"og:locale\" content=\"fr_FR\" \/>\n<meta property=\"og:type\" content=\"article\" \/>\n<meta property=\"og:title\" content=\"Bus from Harare to Marondera Bus Tickets, Fare, Route &amp;\u00a0Schedule\" \/>\n<meta property=\"og:description\" content=\"Looking for bus from\u00a0Harare to Marondera bus tickets booking app, schedule &amp; fare? Book cheap bus tickets from Harare to Marondera online\" \/>\n<meta property=\"og:url\" content=\"https:\/\/tiketi.com\/fr-fr\/online-bus-tickets-from-harare-to-marondera\/\" \/>\n<meta property=\"og:site_name\" content=\"Tiketi.com\" \/>\n<meta property=\"article:publisher\" content=\"https:\/\/www.facebook.com\/TiketiCom\/\" \/>\n<meta property=\"article:modified_time\" content=\"2022-01-28T11:56:15+00:00\" \/>\n<meta property=\"og:image\" content=\"https:\/\/tiketi.com\/wp-content\/uploads\/2022\/01\/bus-ticket-online-booking.jpg\" \/>\n\t<meta property=\"og:image:width\" content=\"1200\" \/>\n\t<meta property=\"og:image:height\" content=\"206\" \/>\n\t<meta property=\"og:image:type\" content=\"image\/jpeg\" \/>\n<meta name=\"twitter:card\" content=\"summary_large_image\" \/>\n<meta name=\"twitter:label1\" content=\"Dur\u00e9e de lecture estim\u00e9e\" \/>\n\t<meta name=\"twitter:data1\" content=\"2 minutes\" \/>\n<script type=\"application\/ld+json\" class=\"yoast-schema-graph\">{\"@context\":\"https:\\\/\\\/schema.org\",\"@graph\":[{\"@type\":\"WebPage\",\"@id\":\"https:\\\/\\\/tiketi.com\\\/online-bus-tickets-from-harare-to-marondera\\\/\",\"url\":\"https:\\\/\\\/tiketi.com\\\/online-bus-tickets-from-harare-to-marondera\\\/\",\"name\":\"Bus from Harare to Marondera Bus Tickets, Fare, Route &\u00a0Schedule\",\"isPartOf\":{\"@id\":\"https:\\\/\\\/tiketi.com\\\/#website\"},\"primaryImageOfPage\":{\"@id\":\"https:\\\/\\\/tiketi.com\\\/online-bus-tickets-from-harare-to-marondera\\\/#primaryimage\"},\"image\":{\"@id\":\"https:\\\/\\\/tiketi.com\\\/online-bus-tickets-from-harare-to-marondera\\\/#primaryimage\"},\"thumbnailUrl\":\"https:\\\/\\\/tiketi.com\\\/wp-content\\\/uploads\\\/2022\\\/01\\\/bus-ticket-online-booking.jpg\",\"datePublished\":\"2022-01-19T11:54:50+00:00\",\"dateModified\":\"2022-01-28T11:56:15+00:00\",\"description\":\"Looking for bus from\u00a0Harare to Marondera bus tickets booking app, schedule & fare? Book cheap bus tickets from Harare to Marondera online\",\"breadcrumb\":{\"@id\":\"https:\\\/\\\/tiketi.com\\\/online-bus-tickets-from-harare-to-marondera\\\/#breadcrumb\"},\"inLanguage\":\"fr-FR\",\"potentialAction\":[{\"@type\":\"ReadAction\",\"target\":[\"https:\\\/\\\/tiketi.com\\\/online-bus-tickets-from-harare-to-marondera\\\/\"]}]},{\"@type\":\"ImageObject\",\"inLanguage\":\"fr-FR\",\"@id\":\"https:\\\/\\\/tiketi.com\\\/online-bus-tickets-from-harare-to-marondera\\\/#primaryimage\",\"url\":\"https:\\\/\\\/tiketi.com\\\/wp-content\\\/uploads\\\/2022\\\/01\\\/bus-ticket-online-booking.jpg\",\"contentUrl\":\"https:\\\/\\\/tiketi.com\\\/wp-content\\\/uploads\\\/2022\\\/01\\\/bus-ticket-online-booking.jpg\",\"width\":1200,\"height\":206,\"caption\":\"Online Bus Ticket Booking\"},{\"@type\":\"BreadcrumbList\",\"@id\":\"https:\\\/\\\/tiketi.com\\\/online-bus-tickets-from-harare-to-marondera\\\/#breadcrumb\",\"itemListElement\":[{\"@type\":\"ListItem\",\"position\":1,\"name\":\"Home\",\"item\":\"https:\\\/\\\/tiketi.com\\\/\"},{\"@type\":\"ListItem\",\"position\":2,\"name\":\"Bus from Harare to Marondera Bus Tickets, Fare, Route &#038;\u00a0Schedule\"}]},{\"@type\":\"WebSite\",\"@id\":\"https:\\\/\\\/tiketi.com\\\/#website\",\"url\":\"https:\\\/\\\/tiketi.com\\\/\",\"name\":\"Flight & Bus Tickets, Tour Packages & Activitites - Tiketi.com\",\"description\":\"Flight &amp; Bus Tickets, Tours, Activitites\",\"publisher\":{\"@id\":\"https:\\\/\\\/tiketi.com\\\/#organization\"},\"potentialAction\":[{\"@type\":\"SearchAction\",\"target\":{\"@type\":\"EntryPoint\",\"urlTemplate\":\"https:\\\/\\\/tiketi.com\\\/?s={search_term_string}\"},\"query-input\":{\"@type\":\"PropertyValueSpecification\",\"valueRequired\":true,\"valueName\":\"search_term_string\"}}],\"inLanguage\":\"fr-FR\"},{\"@type\":\"Organization\",\"@id\":\"https:\\\/\\\/tiketi.com\\\/#organization\",\"name\":\"Tiketi.com\",\"alternateName\":\"Tiketi\",\"url\":\"https:\\\/\\\/tiketi.com\\\/\",\"logo\":{\"@type\":\"ImageObject\",\"inLanguage\":\"fr-FR\",\"@id\":\"https:\\\/\\\/tiketi.com\\\/#\\\/schema\\\/logo\\\/image\\\/\",\"url\":\"https:\\\/\\\/tiketi.com\\\/wp-content\\\/uploads\\\/2019\\\/05\\\/tiketi-logo-696.png\",\"contentUrl\":\"https:\\\/\\\/tiketi.com\\\/wp-content\\\/uploads\\\/2019\\\/05\\\/tiketi-logo-696.png\",\"width\":696,\"height\":696,\"caption\":\"Tiketi.com\"},\"image\":{\"@id\":\"https:\\\/\\\/tiketi.com\\\/#\\\/schema\\\/logo\\\/image\\\/\"},\"sameAs\":[\"https:\\\/\\\/www.facebook.com\\\/TiketiCom\\\/\"]}]}<\/script>\n<!-- \/ Yoast SEO plugin. -->","yoast_head_json":{"title":"Bus de Harare \u00e0 Marondera Billets de bus, tarifs, itin\u00e9raire et horaires","description":"Vous recherchez des bus de Harare \u00e0 Marondera, une application de r\u00e9servation de billets de bus, des horaires et des tarifs ? R\u00e9servez vos billets de bus pas chers de Harare \u00e0 Marondera en ligne","robots":{"index":"index","follow":"follow","max-snippet":"max-snippet:-1","max-image-preview":"max-image-preview:large","max-video-preview":"max-video-preview:-1"},"canonical":"https:\/\/tiketi.com\/fr-fr\/online-bus-tickets-from-harare-to-marondera\/","og_locale":"fr_FR","og_type":"article","og_title":"Bus from Harare to Marondera Bus Tickets, Fare, Route &\u00a0Schedule","og_description":"Looking for bus from\u00a0Harare to Marondera bus tickets booking app, schedule & fare? Book cheap bus tickets from Harare to Marondera online","og_url":"https:\/\/tiketi.com\/fr-fr\/online-bus-tickets-from-harare-to-marondera\/","og_site_name":"Tiketi.com","article_publisher":"https:\/\/www.facebook.com\/TiketiCom\/","article_modified_time":"2022-01-28T11:56:15+00:00","og_image":[{"width":1200,"height":206,"url":"https:\/\/tiketi.com\/wp-content\/uploads\/2022\/01\/bus-ticket-online-booking.jpg","type":"image\/jpeg"}],"twitter_card":"summary_large_image","twitter_misc":{"Dur\u00e9e de lecture estim\u00e9e":"2 minutes"},"schema":{"@context":"https:\/\/schema.org","@graph":[{"@type":"WebPage","@id":"https:\/\/tiketi.com\/online-bus-tickets-from-harare-to-marondera\/","url":"https:\/\/tiketi.com\/online-bus-tickets-from-harare-to-marondera\/","name":"Bus de Harare \u00e0 Marondera Billets de bus, tarifs, itin\u00e9raire et horaires","isPartOf":{"@id":"https:\/\/tiketi.com\/#website"},"primaryImageOfPage":{"@id":"https:\/\/tiketi.com\/online-bus-tickets-from-harare-to-marondera\/#primaryimage"},"image":{"@id":"https:\/\/tiketi.com\/online-bus-tickets-from-harare-to-marondera\/#primaryimage"},"thumbnailUrl":"https:\/\/tiketi.com\/wp-content\/uploads\/2022\/01\/bus-ticket-online-booking.jpg","datePublished":"2022-01-19T11:54:50+00:00","dateModified":"2022-01-28T11:56:15+00:00","description":"Vous recherchez des bus de Harare \u00e0 Marondera, une application de r\u00e9servation de billets de bus, des horaires et des tarifs ? R\u00e9servez vos billets de bus pas chers de Harare \u00e0 Marondera en ligne","breadcrumb":{"@id":"https:\/\/tiketi.com\/online-bus-tickets-from-harare-to-marondera\/#breadcrumb"},"inLanguage":"fr-FR","potentialAction":[{"@type":"ReadAction","target":["https:\/\/tiketi.com\/online-bus-tickets-from-harare-to-marondera\/"]}]},{"@type":"ImageObject","inLanguage":"fr-FR","@id":"https:\/\/tiketi.com\/online-bus-tickets-from-harare-to-marondera\/#primaryimage","url":"https:\/\/tiketi.com\/wp-content\/uploads\/2022\/01\/bus-ticket-online-booking.jpg","contentUrl":"https:\/\/tiketi.com\/wp-content\/uploads\/2022\/01\/bus-ticket-online-booking.jpg","width":1200,"height":206,"caption":"Online Bus Ticket Booking"},{"@type":"BreadcrumbList","@id":"https:\/\/tiketi.com\/online-bus-tickets-from-harare-to-marondera\/#breadcrumb","itemListElement":[{"@type":"ListItem","position":1,"name":"Home","item":"https:\/\/tiketi.com\/"},{"@type":"ListItem","position":2,"name":"Bus from Harare to Marondera Bus Tickets, Fare, Route &#038;\u00a0Schedule"}]},{"@type":"WebSite","@id":"https:\/\/tiketi.com\/#website","url":"https:\/\/tiketi.com\/","name":"Billets d&#039;avion et de bus, forfaits touristiques et activit\u00e9s - Tiketi.com","description":"Billets d&#039;avion et de bus, Tours, Activit\u00e9s","publisher":{"@id":"https:\/\/tiketi.com\/#organization"},"potentialAction":[{"@type":"SearchAction","target":{"@type":"EntryPoint","urlTemplate":"https:\/\/tiketi.com\/?s={search_term_string}"},"query-input":{"@type":"PropertyValueSpecification","valueRequired":true,"valueName":"search_term_string"}}],"inLanguage":"fr-FR"},{"@type":"Organization","@id":"https:\/\/tiketi.com\/#organization","name":"Tiketi.com","alternateName":"Tiketi","url":"https:\/\/tiketi.com\/","logo":{"@type":"ImageObject","inLanguage":"fr-FR","@id":"https:\/\/tiketi.com\/#\/schema\/logo\/image\/","url":"https:\/\/tiketi.com\/wp-content\/uploads\/2019\/05\/tiketi-logo-696.png","contentUrl":"https:\/\/tiketi.com\/wp-content\/uploads\/2019\/05\/tiketi-logo-696.png","width":696,"height":696,"caption":"Tiketi.com"},"image":{"@id":"https:\/\/tiketi.com\/#\/schema\/logo\/image\/"},"sameAs":["https:\/\/www.facebook.com\/TiketiCom\/"]}]}},"_links":{"self":[{"href":"https:\/\/tiketi.com\/fr-fr\/wp-json\/wp\/v2\/pages\/11519","targetHints":{"allow":["GET"]}}],"collection":[{"href":"https:\/\/tiketi.com\/fr-fr\/wp-json\/wp\/v2\/pages"}],"about":[{"href":"https:\/\/tiketi.com\/fr-fr\/wp-json\/wp\/v2\/types\/page"}],"author":[{"embeddable":true,"href":"https:\/\/tiketi.com\/fr-fr\/wp-json\/wp\/v2\/users\/1"}],"replies":[{"embeddable":true,"href":"https:\/\/tiketi.com\/fr-fr\/wp-json\/wp\/v2\/comments?post=11519"}],"version-history":[{"count":0,"href":"https:\/\/tiketi.com\/fr-fr\/wp-json\/wp\/v2\/pages\/11519\/revisions"}],"wp:featuredmedia":[{"embeddable":true,"href":"https:\/\/tiketi.com\/fr-fr\/wp-json\/wp\/v2\/media\/13999"}],"wp:attachment":[{"href":"https:\/\/tiketi.com\/fr-fr\/wp-json\/wp\/v2\/media?parent=11519"}],"curies":[{"name":"wp","href":"https:\/\/api.w.org\/{rel}","templated":true}]}}