{"id":11520,"date":"2022-01-19T12:54:50","date_gmt":"2022-01-19T11:54:50","guid":{"rendered":"https:\/\/new.tiketi.com\/bus-from-harare-to-kwekwe-bus-tickets-fare-route-schedule\/"},"modified":"2022-01-28T12:54:24","modified_gmt":"2022-01-28T11:54:24","slug":"online-bus-tickets-from-harare-to-kwekwe","status":"publish","type":"page","link":"https:\/\/tiketi.com\/fr-fr\/online-bus-tickets-from-harare-to-kwekwe\/","title":{"rendered":"Bus de Harare \u00e0 Kwekwe Billets de bus, tarif, itin\u00e9raire et horaires"},"content":{"rendered":"<h2>Billets de bus pas chers de Harare \u00e0 Kwekwe R\u00e9servation en ligne<\/h2>\n<h3>D\u00e9couvrez votre itin\u00e9raire sur le web, le mobile ou l&#039;application et r\u00e9servez en ligne maintenant un billet de bus pas cher de Harare \u00e0 Kwekwe.<\/h3>\n<p>R\u00e9servez en ligne des billets de bus pas chers de Harare \u00e0 Kwekwe et voyagez de Harare \u00e0 Kwekwe par la route. Kwekwe est situ\u00e9 dans la province des Midlands au Zimbabwe. Le centre-ville de Kwekwe poss\u00e8de une magnifique architecture coloniale et l&#039;un des meilleurs mus\u00e9es du pays se trouve ici. Voici le guide sur la fa\u00e7on de r\u00e9server des billets de bus de Harare \u00e0 Kwekwe :<\/p>\n<h2>Bus de Harare \u00e0 Kwekwe R\u00e9servation de billets de bus, itin\u00e9raires, horaires et tarifs FAQ<\/h2>\n<h3>Quel est l&#039;itin\u00e9raire de Harare \u00e0 Kwekwe en bus ?<\/h3>\n<p>En moyenne, trouvez un des horaires quotidiens vers Kwekwe depuis Harare. Il y a g\u00e9n\u00e9ralement sept d\u00e9parts par semaine sur cette ligne de bus. En haute saison, les compagnies de bus peuvent augmenter le nombre de bus accessibles. La soci\u00e9t\u00e9 intercape poss\u00e8de la plus grande flotte de routes kwekwe.<\/p>\n<h3>Quelle est la distance du trajet de bus Harare \u00e0 Kwekwe ?<\/h3>\n<p>La dur\u00e9e du trajet en bus de Harare \u00e0 Kwekwe est d&#039;environ 2h 30m. intercape annonce qu&#039;il a le transport le plus rapide depuis Harare. En choisissant cette entreprise, vous arriverez probablement dans environ 2h 30m \u00e0 Kwekwe.<\/p>\n<h3>Quel est le meilleur moyen de r\u00e9server un bus de Harare \u00e0 Kwekwe ?<\/h3>\n<p>Il existe de nombreux types d&#039;achat de billets de bus pas chers de Harare \u00e0 Kwekwe. Vous pouvez obtenir votre bus pas cher Harare \u00e0 Kwekwe sur Intercape. Alternativement, r\u00e9servation par t\u00e9l\u00e9phone, en ligne ou directement au guichet.<\/p>\n<h3>Prix des billets de bus de Harare \u00e0 Kwekwe ?<\/h3>\n<p>Tarif de bus de Harare \u00e0 Kwekwe entre 178,00 ZAR et 180 ZAR par si\u00e8ge. Intercape a des prix de billets de bus abordables pour 178 ZAR. Cette ligne de bus part \u00e0 14h00 de Harare Pathfinder. Au contraire, le bus partant \u00e0 14h00 a le tarif le plus cher pour Kwekwe. Ce prix de bus depuis Harare co\u00fbte environ 179 ZAR.<\/p>\n<h2>Billets de bus de Harare \u00e0 Kwekwe Tips<\/h2>\n<p>Kwekwe est \u00e9galement le si\u00e8ge de la mission islamique du Zimbabwe avec une grande mosqu\u00e9e avec des arcs \u00e9labor\u00e9s et des d\u00f4mes dominant la rue principale.<\/p>\n<p>Kwekwe et Redcliff sont le si\u00e8ge de la plus grande aci\u00e9rie du Zimbabwe, Zimbabwe Steel and Iron Company. Il abrite \u00e9galement les plus grandes centrales \u00e9lectriques, ZESA-Munyati \u00e0 Munyati, une banlieue de Kwekwe.<\/p>\n<p>La ville a toujours \u00e9t\u00e9 extr\u00eamement sociable, la plupart des gens passant leur \u00e9t\u00e9 \u00e0 la piscine publique domestique.<\/p>","protected":false},"excerpt":{"rendered":"<p>Cheap Bus Tickets from\u00a0Harare to Kwekwe\u00a0Online Booking Discover your travel route on web, mobile or app and book cheap bus ticket from Harare to Kwekwe online now. Do\u00a0cheap bus from Harare to Kwekwe bus tickets online booking and travel Harare to Kwekwe by road.\u00a0Kwekwe is placed in Midlands province of Zimbabwe. Kwekwe town center has [&hellip;]<\/p>\n","protected":false},"author":1,"featured_media":13999,"parent":0,"menu_order":0,"comment_status":"open","ping_status":"closed","template":"template-home-modern.php","meta":{"footnotes":""},"class_list":["post-11520","page","type-page","status-publish","has-post-thumbnail","hentry"],"yoast_head":"<!-- This site is optimized with the Yoast SEO plugin v27.3 - https:\/\/yoast.com\/product\/yoast-seo-wordpress\/ -->\n<title>Bus from Harare to Kwekwe Bus Tickets, Fare, Route &amp;\u00a0Schedule<\/title>\n<meta name=\"description\" content=\"Looking for bus from\u00a0Harare to Kwekwe bus ticket booking app, routes, schedules &amp; fares? Book cheap bus tickets from Harare to Kwekwe online\" \/>\n<meta name=\"robots\" content=\"index, follow, max-snippet:-1, max-image-preview:large, max-video-preview:-1\" \/>\n<link rel=\"canonical\" href=\"https:\/\/tiketi.com\/fr-fr\/online-bus-tickets-from-harare-to-kwekwe\/\" \/>\n<meta property=\"og:locale\" content=\"fr_FR\" \/>\n<meta property=\"og:type\" content=\"article\" \/>\n<meta property=\"og:title\" content=\"Bus from Harare to Kwekwe Bus Tickets, Fare, Route &amp;\u00a0Schedule\" \/>\n<meta property=\"og:description\" content=\"Looking for bus from\u00a0Harare to Kwekwe bus ticket booking app, routes, schedules &amp; fares? Book cheap bus tickets from Harare to Kwekwe online\" \/>\n<meta property=\"og:url\" content=\"https:\/\/tiketi.com\/fr-fr\/online-bus-tickets-from-harare-to-kwekwe\/\" \/>\n<meta property=\"og:site_name\" content=\"Tiketi.com\" \/>\n<meta property=\"article:publisher\" content=\"https:\/\/www.facebook.com\/TiketiCom\/\" \/>\n<meta property=\"article:modified_time\" content=\"2022-01-28T11:54:24+00:00\" \/>\n<meta property=\"og:image\" content=\"https:\/\/tiketi.com\/wp-content\/uploads\/2022\/01\/bus-ticket-online-booking.jpg\" \/>\n\t<meta property=\"og:image:width\" content=\"1200\" \/>\n\t<meta property=\"og:image:height\" content=\"206\" \/>\n\t<meta property=\"og:image:type\" content=\"image\/jpeg\" \/>\n<meta name=\"twitter:card\" content=\"summary_large_image\" \/>\n<meta name=\"twitter:label1\" content=\"Dur\u00e9e de lecture estim\u00e9e\" \/>\n\t<meta name=\"twitter:data1\" content=\"2 minutes\" \/>\n<script type=\"application\/ld+json\" class=\"yoast-schema-graph\">{\"@context\":\"https:\\\/\\\/schema.org\",\"@graph\":[{\"@type\":\"WebPage\",\"@id\":\"https:\\\/\\\/tiketi.com\\\/online-bus-tickets-from-harare-to-kwekwe\\\/\",\"url\":\"https:\\\/\\\/tiketi.com\\\/online-bus-tickets-from-harare-to-kwekwe\\\/\",\"name\":\"Bus from Harare to Kwekwe Bus Tickets, Fare, Route &\u00a0Schedule\",\"isPartOf\":{\"@id\":\"https:\\\/\\\/tiketi.com\\\/#website\"},\"primaryImageOfPage\":{\"@id\":\"https:\\\/\\\/tiketi.com\\\/online-bus-tickets-from-harare-to-kwekwe\\\/#primaryimage\"},\"image\":{\"@id\":\"https:\\\/\\\/tiketi.com\\\/online-bus-tickets-from-harare-to-kwekwe\\\/#primaryimage\"},\"thumbnailUrl\":\"https:\\\/\\\/tiketi.com\\\/wp-content\\\/uploads\\\/2022\\\/01\\\/bus-ticket-online-booking.jpg\",\"datePublished\":\"2022-01-19T11:54:50+00:00\",\"dateModified\":\"2022-01-28T11:54:24+00:00\",\"description\":\"Looking for bus from\u00a0Harare to Kwekwe bus ticket booking app, routes, schedules & fares? Book cheap bus tickets from Harare to Kwekwe online\",\"breadcrumb\":{\"@id\":\"https:\\\/\\\/tiketi.com\\\/online-bus-tickets-from-harare-to-kwekwe\\\/#breadcrumb\"},\"inLanguage\":\"fr-FR\",\"potentialAction\":[{\"@type\":\"ReadAction\",\"target\":[\"https:\\\/\\\/tiketi.com\\\/online-bus-tickets-from-harare-to-kwekwe\\\/\"]}]},{\"@type\":\"ImageObject\",\"inLanguage\":\"fr-FR\",\"@id\":\"https:\\\/\\\/tiketi.com\\\/online-bus-tickets-from-harare-to-kwekwe\\\/#primaryimage\",\"url\":\"https:\\\/\\\/tiketi.com\\\/wp-content\\\/uploads\\\/2022\\\/01\\\/bus-ticket-online-booking.jpg\",\"contentUrl\":\"https:\\\/\\\/tiketi.com\\\/wp-content\\\/uploads\\\/2022\\\/01\\\/bus-ticket-online-booking.jpg\",\"width\":1200,\"height\":206,\"caption\":\"Online Bus Ticket Booking\"},{\"@type\":\"BreadcrumbList\",\"@id\":\"https:\\\/\\\/tiketi.com\\\/online-bus-tickets-from-harare-to-kwekwe\\\/#breadcrumb\",\"itemListElement\":[{\"@type\":\"ListItem\",\"position\":1,\"name\":\"Home\",\"item\":\"https:\\\/\\\/tiketi.com\\\/\"},{\"@type\":\"ListItem\",\"position\":2,\"name\":\"Bus from Harare to Kwekwe Bus Tickets, Fare, Route &#038;\u00a0Schedule\"}]},{\"@type\":\"WebSite\",\"@id\":\"https:\\\/\\\/tiketi.com\\\/#website\",\"url\":\"https:\\\/\\\/tiketi.com\\\/\",\"name\":\"Flight & Bus Tickets, Tour Packages & Activitites - Tiketi.com\",\"description\":\"Flight &amp; Bus Tickets, Tours, Activitites\",\"publisher\":{\"@id\":\"https:\\\/\\\/tiketi.com\\\/#organization\"},\"potentialAction\":[{\"@type\":\"SearchAction\",\"target\":{\"@type\":\"EntryPoint\",\"urlTemplate\":\"https:\\\/\\\/tiketi.com\\\/?s={search_term_string}\"},\"query-input\":{\"@type\":\"PropertyValueSpecification\",\"valueRequired\":true,\"valueName\":\"search_term_string\"}}],\"inLanguage\":\"fr-FR\"},{\"@type\":\"Organization\",\"@id\":\"https:\\\/\\\/tiketi.com\\\/#organization\",\"name\":\"Tiketi.com\",\"alternateName\":\"Tiketi\",\"url\":\"https:\\\/\\\/tiketi.com\\\/\",\"logo\":{\"@type\":\"ImageObject\",\"inLanguage\":\"fr-FR\",\"@id\":\"https:\\\/\\\/tiketi.com\\\/#\\\/schema\\\/logo\\\/image\\\/\",\"url\":\"https:\\\/\\\/tiketi.com\\\/wp-content\\\/uploads\\\/2019\\\/05\\\/tiketi-logo-696.png\",\"contentUrl\":\"https:\\\/\\\/tiketi.com\\\/wp-content\\\/uploads\\\/2019\\\/05\\\/tiketi-logo-696.png\",\"width\":696,\"height\":696,\"caption\":\"Tiketi.com\"},\"image\":{\"@id\":\"https:\\\/\\\/tiketi.com\\\/#\\\/schema\\\/logo\\\/image\\\/\"},\"sameAs\":[\"https:\\\/\\\/www.facebook.com\\\/TiketiCom\\\/\"]}]}<\/script>\n<!-- \/ Yoast SEO plugin. -->","yoast_head_json":{"title":"Bus de Harare \u00e0 Kwekwe Billets de bus, tarif, itin\u00e9raire et horaires","description":"\u00c0 la recherche d&#039;une application de r\u00e9servation de billets de bus de Harare \u00e0 Kwekwe, des itin\u00e9raires, des horaires et des tarifs\u00a0? R\u00e9servez en ligne des billets de bus de Harare \u00e0 Kwekwe","robots":{"index":"index","follow":"follow","max-snippet":"max-snippet:-1","max-image-preview":"max-image-preview:large","max-video-preview":"max-video-preview:-1"},"canonical":"https:\/\/tiketi.com\/fr-fr\/online-bus-tickets-from-harare-to-kwekwe\/","og_locale":"fr_FR","og_type":"article","og_title":"Bus from Harare to Kwekwe Bus Tickets, Fare, Route &\u00a0Schedule","og_description":"Looking for bus from\u00a0Harare to Kwekwe bus ticket booking app, routes, schedules & fares? Book cheap bus tickets from Harare to Kwekwe online","og_url":"https:\/\/tiketi.com\/fr-fr\/online-bus-tickets-from-harare-to-kwekwe\/","og_site_name":"Tiketi.com","article_publisher":"https:\/\/www.facebook.com\/TiketiCom\/","article_modified_time":"2022-01-28T11:54:24+00:00","og_image":[{"width":1200,"height":206,"url":"https:\/\/tiketi.com\/wp-content\/uploads\/2022\/01\/bus-ticket-online-booking.jpg","type":"image\/jpeg"}],"twitter_card":"summary_large_image","twitter_misc":{"Dur\u00e9e de lecture estim\u00e9e":"2 minutes"},"schema":{"@context":"https:\/\/schema.org","@graph":[{"@type":"WebPage","@id":"https:\/\/tiketi.com\/online-bus-tickets-from-harare-to-kwekwe\/","url":"https:\/\/tiketi.com\/online-bus-tickets-from-harare-to-kwekwe\/","name":"Bus de Harare \u00e0 Kwekwe Billets de bus, tarif, itin\u00e9raire et horaires","isPartOf":{"@id":"https:\/\/tiketi.com\/#website"},"primaryImageOfPage":{"@id":"https:\/\/tiketi.com\/online-bus-tickets-from-harare-to-kwekwe\/#primaryimage"},"image":{"@id":"https:\/\/tiketi.com\/online-bus-tickets-from-harare-to-kwekwe\/#primaryimage"},"thumbnailUrl":"https:\/\/tiketi.com\/wp-content\/uploads\/2022\/01\/bus-ticket-online-booking.jpg","datePublished":"2022-01-19T11:54:50+00:00","dateModified":"2022-01-28T11:54:24+00:00","description":"\u00c0 la recherche d&#039;une application de r\u00e9servation de billets de bus de Harare \u00e0 Kwekwe, des itin\u00e9raires, des horaires et des tarifs\u00a0? R\u00e9servez en ligne des billets de bus de Harare \u00e0 Kwekwe","breadcrumb":{"@id":"https:\/\/tiketi.com\/online-bus-tickets-from-harare-to-kwekwe\/#breadcrumb"},"inLanguage":"fr-FR","potentialAction":[{"@type":"ReadAction","target":["https:\/\/tiketi.com\/online-bus-tickets-from-harare-to-kwekwe\/"]}]},{"@type":"ImageObject","inLanguage":"fr-FR","@id":"https:\/\/tiketi.com\/online-bus-tickets-from-harare-to-kwekwe\/#primaryimage","url":"https:\/\/tiketi.com\/wp-content\/uploads\/2022\/01\/bus-ticket-online-booking.jpg","contentUrl":"https:\/\/tiketi.com\/wp-content\/uploads\/2022\/01\/bus-ticket-online-booking.jpg","width":1200,"height":206,"caption":"Online Bus Ticket Booking"},{"@type":"BreadcrumbList","@id":"https:\/\/tiketi.com\/online-bus-tickets-from-harare-to-kwekwe\/#breadcrumb","itemListElement":[{"@type":"ListItem","position":1,"name":"Home","item":"https:\/\/tiketi.com\/"},{"@type":"ListItem","position":2,"name":"Bus from Harare to Kwekwe Bus Tickets, Fare, Route &#038;\u00a0Schedule"}]},{"@type":"WebSite","@id":"https:\/\/tiketi.com\/#website","url":"https:\/\/tiketi.com\/","name":"Billets d&#039;avion et de bus, forfaits touristiques et activit\u00e9s - Tiketi.com","description":"Billets d&#039;avion et de bus, Tours, Activit\u00e9s","publisher":{"@id":"https:\/\/tiketi.com\/#organization"},"potentialAction":[{"@type":"SearchAction","target":{"@type":"EntryPoint","urlTemplate":"https:\/\/tiketi.com\/?s={search_term_string}"},"query-input":{"@type":"PropertyValueSpecification","valueRequired":true,"valueName":"search_term_string"}}],"inLanguage":"fr-FR"},{"@type":"Organization","@id":"https:\/\/tiketi.com\/#organization","name":"Tiketi.com","alternateName":"Tiketi","url":"https:\/\/tiketi.com\/","logo":{"@type":"ImageObject","inLanguage":"fr-FR","@id":"https:\/\/tiketi.com\/#\/schema\/logo\/image\/","url":"https:\/\/tiketi.com\/wp-content\/uploads\/2019\/05\/tiketi-logo-696.png","contentUrl":"https:\/\/tiketi.com\/wp-content\/uploads\/2019\/05\/tiketi-logo-696.png","width":696,"height":696,"caption":"Tiketi.com"},"image":{"@id":"https:\/\/tiketi.com\/#\/schema\/logo\/image\/"},"sameAs":["https:\/\/www.facebook.com\/TiketiCom\/"]}]}},"_links":{"self":[{"href":"https:\/\/tiketi.com\/fr-fr\/wp-json\/wp\/v2\/pages\/11520","targetHints":{"allow":["GET"]}}],"collection":[{"href":"https:\/\/tiketi.com\/fr-fr\/wp-json\/wp\/v2\/pages"}],"about":[{"href":"https:\/\/tiketi.com\/fr-fr\/wp-json\/wp\/v2\/types\/page"}],"author":[{"embeddable":true,"href":"https:\/\/tiketi.com\/fr-fr\/wp-json\/wp\/v2\/users\/1"}],"replies":[{"embeddable":true,"href":"https:\/\/tiketi.com\/fr-fr\/wp-json\/wp\/v2\/comments?post=11520"}],"version-history":[{"count":0,"href":"https:\/\/tiketi.com\/fr-fr\/wp-json\/wp\/v2\/pages\/11520\/revisions"}],"wp:featuredmedia":[{"embeddable":true,"href":"https:\/\/tiketi.com\/fr-fr\/wp-json\/wp\/v2\/media\/13999"}],"wp:attachment":[{"href":"https:\/\/tiketi.com\/fr-fr\/wp-json\/wp\/v2\/media?parent=11520"}],"curies":[{"name":"wp","href":"https:\/\/api.w.org\/{rel}","templated":true}]}}