{"id":11523,"date":"2022-01-19T12:54:50","date_gmt":"2022-01-19T11:54:50","guid":{"rendered":"https:\/\/new.tiketi.com\/bus-from-harare-to-chinhoyi-bus-tickets-fare-route-schedule\/"},"modified":"2022-01-28T12:42:15","modified_gmt":"2022-01-28T11:42:15","slug":"online-bus-tickets-from-harare-to-chinhoyi","status":"publish","type":"page","link":"https:\/\/tiketi.com\/fr-fr\/online-bus-tickets-from-harare-to-chinhoyi\/","title":{"rendered":"Bus de Harare \u00e0 Chinhoyi Billets de bus, tarif, itin\u00e9raire et horaires"},"content":{"rendered":"<h2>Billets de bus pas chers de Harare \u00e0 Chinhoyi R\u00e9servation en ligne<\/h2>\n<h3>D\u00e9couvrez votre itin\u00e9raire sur le web, le mobile ou l&#039;application et r\u00e9servez en ligne maintenant un billet de bus pas cher de Harare \u00e0 Chinhoyi.<\/h3>\n<p>R\u00e9servez en ligne des billets de bus pas chers de Harare \u00e0 Chinhoyi et voyagez de Harare \u00e0 Chinhoyi par la route. Chinhoyi est situ\u00e9 \u00e0 115 km au nord-ouest de Harare, dans le Mashonaland \u00e0 l&#039;ouest de la province du Zimbabwe et sert de centre gouvernemental pour une riche r\u00e9gion d&#039;\u00e9levage de ma\u00efs, de tabac et de b\u00e9tail. Voici le guide sur la fa\u00e7on de r\u00e9server des billets de bus de Harare \u00e0 Chinhoyi :<\/p>\n<h2>Bus de Harare \u00e0 Chinhoyi R\u00e9servation de billets de bus, itin\u00e9raires, horaires et tarifs FAQ<\/h2>\n<h3>Quel est le moyen abordable pour se rendre de Harare \u00e0 Chinhoyi ?<\/h3>\n<p>Le moyen abordable de se rendre de Harare \u00e0 Chinhoyi est de prendre un taxi et un bus. Les billets de bus pas chers de Harare \u00e0 Chinhoyi $140 \u2013 $170 et dure 1h 30m.<\/p>\n<h3>Quel est le moyen le plus rapide pour se rendre de Harare \u00e0 Chinhoyi ?<\/h3>\n<p>Le moyen le plus rapide pour se rendre de Harare \u00e0 Chinhoyti bus qui co\u00fbte $140 \u2013 $170 et prend 1h 30m.<\/p>\n<h3>Quelle est la distance entre Harare et Chinhoyi en bus ?<\/h3>\n<p>La distance entre Harare et Chinhoyi en bus est de 112 km.<\/p>\n<h3>Comment se d\u00e9placer de Harare \u00e0 Chinhoyi sans v\u00e9hicule personnel ?<\/h3>\n<p>Le meilleur moyen pour se rendre de Harare \u00e0 Chinhoyi sans v\u00e9hicule personnel est de bus, ce qui dure 1h 30m.<\/p>\n<h2>Billets de bus de Harare Tips<\/h2>\n<p>La place de Chinhyi dans l&#039;histoire a \u00e9t\u00e9 faite le 28 avril 1966, lorsque les forces de l&#039;Arm\u00e9e de lib\u00e9ration nationale africaine du Zimbabwe et les forces de s\u00e9curit\u00e9 rhod\u00e9siennes bien d\u00e9velopp\u00e9es se sont rencontr\u00e9es dans un affrontement de douze heures maintenant appel\u00e9 la bataille de Chinhoyi.<\/p>\n<h3>Activit\u00e9s \u00e0 Chinhoyi<\/h3>\n<p>Parc national des grottes de Chinhoyti - est un parc national petit mais int\u00e9ressant. Il regorge de grottes de dolomie et de calcaire et de gouffres. Ces ressources naturelles ont \u00e9t\u00e9 utilis\u00e9es pour le stockage et le refuge pendant pr\u00e8s de quinze cents ans. Cette zone offre la plong\u00e9e la plus \u00e9tonnante de la r\u00e9gion. L&#039;eau comprend un syst\u00e8me de tunnels et de cavernes calcaires form\u00e9s par l&#039;eau de pluie pendant des millions d&#039;ann\u00e9es.<\/p>\n<p>Il y a de magnifiques promenades autour du parc, avec des vues sur la place. Bien valeur une visite.<\/p>","protected":false},"excerpt":{"rendered":"<p>Cheap Bus Tickets from\u00a0Harare to Chinhoyi\u00a0Online Booking Discover your travel route on web, mobile or app and book cheap bus ticket from Harare to Chinhoyi online now. Do\u00a0cheap bus from Harare to Chinhoyi bus tickets online booking and travel Harare to Chinhoyi by road.\u00a0Chinhoyi is placed 115km north-west of Harare, in Mashonaland west of province [&hellip;]<\/p>\n","protected":false},"author":1,"featured_media":13999,"parent":0,"menu_order":0,"comment_status":"open","ping_status":"closed","template":"template-home-modern.php","meta":{"footnotes":""},"class_list":["post-11523","page","type-page","status-publish","has-post-thumbnail","hentry"],"yoast_head":"<!-- This site is optimized with the Yoast SEO plugin v27.2 - https:\/\/yoast.com\/product\/yoast-seo-wordpress\/ -->\n<title>Bus from Harare to Chinhoyi Bus Tickets, Fare, Route &amp;\u00a0Schedule<\/title>\n<meta name=\"description\" content=\"Looking for bus from\u00a0Harare to Chinhoyi bus ticket booking app, route, schedule &amp; fare? Book cheap bus tickets from Harare to Chinhoyi online\" \/>\n<meta name=\"robots\" content=\"index, follow, max-snippet:-1, max-image-preview:large, max-video-preview:-1\" \/>\n<link rel=\"canonical\" href=\"https:\/\/tiketi.com\/fr-fr\/online-bus-tickets-from-harare-to-chinhoyi\/\" \/>\n<meta property=\"og:locale\" content=\"fr_FR\" \/>\n<meta property=\"og:type\" content=\"article\" \/>\n<meta property=\"og:title\" content=\"Bus from Harare to Chinhoyi Bus Tickets, Fare, Route &amp;\u00a0Schedule\" \/>\n<meta property=\"og:description\" content=\"Looking for bus from\u00a0Harare to Chinhoyi bus ticket booking app, route, schedule &amp; fare? Book cheap bus tickets from Harare to Chinhoyi online\" \/>\n<meta property=\"og:url\" content=\"https:\/\/tiketi.com\/fr-fr\/online-bus-tickets-from-harare-to-chinhoyi\/\" \/>\n<meta property=\"og:site_name\" content=\"Tiketi.com\" \/>\n<meta property=\"article:publisher\" content=\"https:\/\/www.facebook.com\/TiketiCom\/\" \/>\n<meta property=\"article:modified_time\" content=\"2022-01-28T11:42:15+00:00\" \/>\n<meta property=\"og:image\" content=\"https:\/\/tiketi.com\/wp-content\/uploads\/2022\/01\/bus-ticket-online-booking.jpg\" \/>\n\t<meta property=\"og:image:width\" content=\"1200\" \/>\n\t<meta property=\"og:image:height\" content=\"206\" \/>\n\t<meta property=\"og:image:type\" content=\"image\/jpeg\" \/>\n<meta name=\"twitter:card\" content=\"summary_large_image\" \/>\n<meta name=\"twitter:label1\" content=\"Dur\u00e9e de lecture estim\u00e9e\" \/>\n\t<meta name=\"twitter:data1\" content=\"2 minutes\" \/>\n<script type=\"application\/ld+json\" class=\"yoast-schema-graph\">{\"@context\":\"https:\/\/schema.org\",\"@graph\":[{\"@type\":\"WebPage\",\"@id\":\"https:\/\/tiketi.com\/online-bus-tickets-from-harare-to-chinhoyi\/\",\"url\":\"https:\/\/tiketi.com\/online-bus-tickets-from-harare-to-chinhoyi\/\",\"name\":\"Bus from Harare to Chinhoyi Bus Tickets, Fare, Route &\u00a0Schedule\",\"isPartOf\":{\"@id\":\"https:\/\/tiketi.com\/#website\"},\"primaryImageOfPage\":{\"@id\":\"https:\/\/tiketi.com\/online-bus-tickets-from-harare-to-chinhoyi\/#primaryimage\"},\"image\":{\"@id\":\"https:\/\/tiketi.com\/online-bus-tickets-from-harare-to-chinhoyi\/#primaryimage\"},\"thumbnailUrl\":\"https:\/\/tiketi.com\/wp-content\/uploads\/2022\/01\/bus-ticket-online-booking.jpg\",\"datePublished\":\"2022-01-19T11:54:50+00:00\",\"dateModified\":\"2022-01-28T11:42:15+00:00\",\"description\":\"Looking for bus from\u00a0Harare to Chinhoyi bus ticket booking app, route, schedule & fare? Book cheap bus tickets from Harare to Chinhoyi online\",\"breadcrumb\":{\"@id\":\"https:\/\/tiketi.com\/online-bus-tickets-from-harare-to-chinhoyi\/#breadcrumb\"},\"inLanguage\":\"fr-FR\",\"potentialAction\":[{\"@type\":\"ReadAction\",\"target\":[\"https:\/\/tiketi.com\/online-bus-tickets-from-harare-to-chinhoyi\/\"]}]},{\"@type\":\"ImageObject\",\"inLanguage\":\"fr-FR\",\"@id\":\"https:\/\/tiketi.com\/online-bus-tickets-from-harare-to-chinhoyi\/#primaryimage\",\"url\":\"https:\/\/tiketi.com\/wp-content\/uploads\/2022\/01\/bus-ticket-online-booking.jpg\",\"contentUrl\":\"https:\/\/tiketi.com\/wp-content\/uploads\/2022\/01\/bus-ticket-online-booking.jpg\",\"width\":1200,\"height\":206,\"caption\":\"Online Bus Ticket Booking\"},{\"@type\":\"BreadcrumbList\",\"@id\":\"https:\/\/tiketi.com\/online-bus-tickets-from-harare-to-chinhoyi\/#breadcrumb\",\"itemListElement\":[{\"@type\":\"ListItem\",\"position\":1,\"name\":\"Home\",\"item\":\"https:\/\/tiketi.com\/\"},{\"@type\":\"ListItem\",\"position\":2,\"name\":\"Bus from Harare to Chinhoyi Bus Tickets, Fare, Route &#038;\u00a0Schedule\"}]},{\"@type\":\"WebSite\",\"@id\":\"https:\/\/tiketi.com\/#website\",\"url\":\"https:\/\/tiketi.com\/\",\"name\":\"Flight & Bus Tickets, Tour Packages & Activitites - Tiketi.com\",\"description\":\"Flight &amp; Bus Tickets, Tours, Activitites\",\"publisher\":{\"@id\":\"https:\/\/tiketi.com\/#organization\"},\"potentialAction\":[{\"@type\":\"SearchAction\",\"target\":{\"@type\":\"EntryPoint\",\"urlTemplate\":\"https:\/\/tiketi.com\/?s={search_term_string}\"},\"query-input\":{\"@type\":\"PropertyValueSpecification\",\"valueRequired\":true,\"valueName\":\"search_term_string\"}}],\"inLanguage\":\"fr-FR\"},{\"@type\":\"Organization\",\"@id\":\"https:\/\/tiketi.com\/#organization\",\"name\":\"Tiketi.com\",\"alternateName\":\"Tiketi\",\"url\":\"https:\/\/tiketi.com\/\",\"logo\":{\"@type\":\"ImageObject\",\"inLanguage\":\"fr-FR\",\"@id\":\"https:\/\/tiketi.com\/#\/schema\/logo\/image\/\",\"url\":\"https:\/\/tiketi.com\/wp-content\/uploads\/2019\/05\/tiketi-logo-696.png\",\"contentUrl\":\"https:\/\/tiketi.com\/wp-content\/uploads\/2019\/05\/tiketi-logo-696.png\",\"width\":696,\"height\":696,\"caption\":\"Tiketi.com\"},\"image\":{\"@id\":\"https:\/\/tiketi.com\/#\/schema\/logo\/image\/\"},\"sameAs\":[\"https:\/\/www.facebook.com\/TiketiCom\/\"]}]}<\/script>\n<!-- \/ Yoast SEO plugin. -->","yoast_head_json":{"title":"Bus de Harare \u00e0 Chinhoyi Billets de bus, tarif, itin\u00e9raire et horaires","description":"\u00c0 la recherche d&#039;une application de r\u00e9servation de billets de bus de Harare \u00e0 Chinhoyi, d&#039;un itin\u00e9raire, d&#039;un horaire et d&#039;un tarif\u00a0? R\u00e9servez en ligne des billets de bus de Harare \u00e0 Chinhoyi","robots":{"index":"index","follow":"follow","max-snippet":"max-snippet:-1","max-image-preview":"max-image-preview:large","max-video-preview":"max-video-preview:-1"},"canonical":"https:\/\/tiketi.com\/fr-fr\/online-bus-tickets-from-harare-to-chinhoyi\/","og_locale":"fr_FR","og_type":"article","og_title":"Bus from Harare to Chinhoyi Bus Tickets, Fare, Route &\u00a0Schedule","og_description":"Looking for bus from\u00a0Harare to Chinhoyi bus ticket booking app, route, schedule & fare? Book cheap bus tickets from Harare to Chinhoyi online","og_url":"https:\/\/tiketi.com\/fr-fr\/online-bus-tickets-from-harare-to-chinhoyi\/","og_site_name":"Tiketi.com","article_publisher":"https:\/\/www.facebook.com\/TiketiCom\/","article_modified_time":"2022-01-28T11:42:15+00:00","og_image":[{"width":1200,"height":206,"url":"https:\/\/tiketi.com\/wp-content\/uploads\/2022\/01\/bus-ticket-online-booking.jpg","type":"image\/jpeg"}],"twitter_card":"summary_large_image","twitter_misc":{"Dur\u00e9e de lecture estim\u00e9e":"2 minutes"},"schema":{"@context":"https:\/\/schema.org","@graph":[{"@type":"WebPage","@id":"https:\/\/tiketi.com\/online-bus-tickets-from-harare-to-chinhoyi\/","url":"https:\/\/tiketi.com\/online-bus-tickets-from-harare-to-chinhoyi\/","name":"Bus de Harare \u00e0 Chinhoyi Billets de bus, tarif, itin\u00e9raire et horaires","isPartOf":{"@id":"https:\/\/tiketi.com\/#website"},"primaryImageOfPage":{"@id":"https:\/\/tiketi.com\/online-bus-tickets-from-harare-to-chinhoyi\/#primaryimage"},"image":{"@id":"https:\/\/tiketi.com\/online-bus-tickets-from-harare-to-chinhoyi\/#primaryimage"},"thumbnailUrl":"https:\/\/tiketi.com\/wp-content\/uploads\/2022\/01\/bus-ticket-online-booking.jpg","datePublished":"2022-01-19T11:54:50+00:00","dateModified":"2022-01-28T11:42:15+00:00","description":"\u00c0 la recherche d&#039;une application de r\u00e9servation de billets de bus de Harare \u00e0 Chinhoyi, d&#039;un itin\u00e9raire, d&#039;un horaire et d&#039;un tarif\u00a0? R\u00e9servez en ligne des billets de bus de Harare \u00e0 Chinhoyi","breadcrumb":{"@id":"https:\/\/tiketi.com\/online-bus-tickets-from-harare-to-chinhoyi\/#breadcrumb"},"inLanguage":"fr-FR","potentialAction":[{"@type":"ReadAction","target":["https:\/\/tiketi.com\/online-bus-tickets-from-harare-to-chinhoyi\/"]}]},{"@type":"ImageObject","inLanguage":"fr-FR","@id":"https:\/\/tiketi.com\/online-bus-tickets-from-harare-to-chinhoyi\/#primaryimage","url":"https:\/\/tiketi.com\/wp-content\/uploads\/2022\/01\/bus-ticket-online-booking.jpg","contentUrl":"https:\/\/tiketi.com\/wp-content\/uploads\/2022\/01\/bus-ticket-online-booking.jpg","width":1200,"height":206,"caption":"Online Bus Ticket Booking"},{"@type":"BreadcrumbList","@id":"https:\/\/tiketi.com\/online-bus-tickets-from-harare-to-chinhoyi\/#breadcrumb","itemListElement":[{"@type":"ListItem","position":1,"name":"Home","item":"https:\/\/tiketi.com\/"},{"@type":"ListItem","position":2,"name":"Bus from Harare to Chinhoyi Bus Tickets, Fare, Route &#038;\u00a0Schedule"}]},{"@type":"WebSite","@id":"https:\/\/tiketi.com\/#website","url":"https:\/\/tiketi.com\/","name":"Billets d&#039;avion et de bus, forfaits touristiques et activit\u00e9s - Tiketi.com","description":"Billets d&#039;avion et de bus, Tours, Activit\u00e9s","publisher":{"@id":"https:\/\/tiketi.com\/#organization"},"potentialAction":[{"@type":"SearchAction","target":{"@type":"EntryPoint","urlTemplate":"https:\/\/tiketi.com\/?s={search_term_string}"},"query-input":{"@type":"PropertyValueSpecification","valueRequired":true,"valueName":"search_term_string"}}],"inLanguage":"fr-FR"},{"@type":"Organization","@id":"https:\/\/tiketi.com\/#organization","name":"Tiketi.com","alternateName":"Tiketi","url":"https:\/\/tiketi.com\/","logo":{"@type":"ImageObject","inLanguage":"fr-FR","@id":"https:\/\/tiketi.com\/#\/schema\/logo\/image\/","url":"https:\/\/tiketi.com\/wp-content\/uploads\/2019\/05\/tiketi-logo-696.png","contentUrl":"https:\/\/tiketi.com\/wp-content\/uploads\/2019\/05\/tiketi-logo-696.png","width":696,"height":696,"caption":"Tiketi.com"},"image":{"@id":"https:\/\/tiketi.com\/#\/schema\/logo\/image\/"},"sameAs":["https:\/\/www.facebook.com\/TiketiCom\/"]}]}},"_links":{"self":[{"href":"https:\/\/tiketi.com\/fr-fr\/wp-json\/wp\/v2\/pages\/11523","targetHints":{"allow":["GET"]}}],"collection":[{"href":"https:\/\/tiketi.com\/fr-fr\/wp-json\/wp\/v2\/pages"}],"about":[{"href":"https:\/\/tiketi.com\/fr-fr\/wp-json\/wp\/v2\/types\/page"}],"author":[{"embeddable":true,"href":"https:\/\/tiketi.com\/fr-fr\/wp-json\/wp\/v2\/users\/1"}],"replies":[{"embeddable":true,"href":"https:\/\/tiketi.com\/fr-fr\/wp-json\/wp\/v2\/comments?post=11523"}],"version-history":[{"count":0,"href":"https:\/\/tiketi.com\/fr-fr\/wp-json\/wp\/v2\/pages\/11523\/revisions"}],"wp:featuredmedia":[{"embeddable":true,"href":"https:\/\/tiketi.com\/fr-fr\/wp-json\/wp\/v2\/media\/13999"}],"wp:attachment":[{"href":"https:\/\/tiketi.com\/fr-fr\/wp-json\/wp\/v2\/media?parent=11523"}],"curies":[{"name":"wp","href":"https:\/\/api.w.org\/{rel}","templated":true}]}}