{"id":11524,"date":"2022-01-19T12:54:50","date_gmt":"2022-01-19T11:54:50","guid":{"rendered":"https:\/\/new.tiketi.com\/bus-from-dar-es-salaam-to-mbeya-bus-tickets-route-schedule-fare\/"},"modified":"2022-01-27T13:09:33","modified_gmt":"2022-01-27T12:09:33","slug":"online-bus-tickets-from-dar-es-salaam-to-mbeya","status":"publish","type":"page","link":"https:\/\/tiketi.com\/fr-fr\/online-bus-tickets-from-dar-es-salaam-to-mbeya\/","title":{"rendered":"Bus de Dar es Salaam \u00e0 Mbeya Billets de bus, itin\u00e9raire, horaires et tarifs"},"content":{"rendered":"<h2>Billets de bus pas chers de Dar es Salaam \u00e0 Mbeya R\u00e9servation en ligne<\/h2>\n<h3>D\u00e9couvrez votre itin\u00e9raire sur le web, le mobile ou l&#039;application et r\u00e9servez en ligne maintenant un billet de bus pas cher de Dar es Salam \u00e0 Mbeya.<\/h3>\n<p>Bus pas cher de Dar es Salaam \u00e0 Mbeya La r\u00e9servation en ligne de billets de bus est simplifi\u00e9e. En arrivant \u00e0 Mbeya, il est tr\u00e8s probable que vous trouviez l&#039;attrait de la ville pour les visiteurs assez limit\u00e9. Quoi qu&#039;il en soit, les environs ne manquent pas d&#039;attraits. Voici le guide des billets de bus de Dar es Salaam \u00e0 la r\u00e9servation de Mbeya :<\/p>\n<h2>Bus de Dar es Salaam \u00e0 Mbeya R\u00e9servation de billets de bus, itin\u00e9raires, horaires et tarifs FAQ<\/h2>\n<h3>Est-ce que le bus de Dar es Salaam \u00e0 Mbeya est le moyen abordable de se rendre \u00e0 Mbeya ?<\/h3>\n<p>Le moyen \u00e9conomique de se rendre de Dar es Salam \u00e0 Mbeya est en bus qui co\u00fbte $20 et prend 16 25m.<\/p>\n<h3>Y a-t-il un bus direct de Dar es Salam \u00e0 Mbeya ?<\/h3>\n<p>Non, il n&#039;y a pas de bus direct de Dar es Salam \u00e0 Mbeya. Quoi qu&#039;il en soit, il y a des services au d\u00e9part de Misimbazi police et arrivant \u00e0 Mbeya par Dar es Salaam. Le trajet, y compris les transferts, dure environ 16 h 25 min.<\/p>\n<h3>Train ou bus de Dar es Salam jusqu&#039;\u00e0 Mbeya?<\/h3>\n<p>L&#039;excellent moyen de se rendre de Dar es Salam \u00e0 Mbeya est en bus et voiture, dure 16h 25 m. billets de bus pas chers de Dar es Salam \u00e0 Mbeya $20. Sinon, vous pouvez prendre le train, qui co\u00fbte $30 \u2013 $50 et dure 27h 50m.<\/p>\n<h2>Billets de bus de Dar es Salaam \u00e0 Mbeya Tips<\/h2>\n<p>Les botanistes en herbe ne doivent pas manquer une visite au parc national de Kitulo. Il est surnomm\u00e9 le Serengeti des Fleurs. Pendant la saison des pluies, entre novembre et avril, les fleurs s&#039;\u00e9panouissent, ce qui rend le paysage magnifique. Beaucoup le consid\u00e8rent comme l&#039;exposition de fleurs la plus charmante de la plan\u00e8te.<\/p>\n<p>Vous pourrez aller admirer la m\u00e9t\u00e9orite Mbozi, l&#039;une des plus grosses m\u00e9t\u00e9orites de la plan\u00e8te, qui se situe \u00e0 une soixantaine de kilom\u00e8tres de Mbeya.<\/p>\n<p>Les amateurs de randonn\u00e9e chausseront leurs chaussures de marche et se lanceront dans de merveilleuses balades au c\u0153ur d&#039;une nature luxuriante. Mbeya Peak, Loleza Peak, explorer de petits villages et les montagnes de Poroto sont tous des objectifs incroyables \u00e0 atteindre en une journ\u00e9e ou un peu plus d&#039;une journ\u00e9e.<\/p>","protected":false},"excerpt":{"rendered":"<p>Cheap Bus Tickets from\u00a0Dar es Salaam to Mbeya Online Booking Discover your travel route on web, mobile or app and book cheap bus ticket from Dar es Salaam to Mbeya online now. Cheap bus from Dar es Salaam to Mbeya bus tickets online booking made easy.\u00a0On arriving in Mbeya, it is very probable that you [&hellip;]<\/p>\n","protected":false},"author":1,"featured_media":13999,"parent":0,"menu_order":0,"comment_status":"open","ping_status":"closed","template":"template-home-modern.php","meta":{"footnotes":""},"class_list":["post-11524","page","type-page","status-publish","has-post-thumbnail","hentry"],"yoast_head":"<!-- This site is optimized with the Yoast SEO plugin v27.3 - https:\/\/yoast.com\/product\/yoast-seo-wordpress\/ -->\n<title>Bus from Dar es Salaam to Mbeya Bus Tickets, Route, Schedule &amp; Fare<\/title>\n<meta name=\"description\" content=\"Looking for bus from\u00a0Dar es Salaam to Mbeya bus tickets booking app, route, schedule &amp; fare? Book cheap bus tickets from Dar es Salaam to Mbeya online\" \/>\n<meta name=\"robots\" content=\"index, follow, max-snippet:-1, max-image-preview:large, max-video-preview:-1\" \/>\n<link rel=\"canonical\" href=\"https:\/\/tiketi.com\/fr-fr\/online-bus-tickets-from-dar-es-salaam-to-mbeya\/\" \/>\n<meta property=\"og:locale\" content=\"fr_FR\" \/>\n<meta property=\"og:type\" content=\"article\" \/>\n<meta property=\"og:title\" content=\"Bus from Dar es Salaam to Mbeya Bus Tickets, Route, Schedule &amp; Fare\" \/>\n<meta property=\"og:description\" content=\"Looking for bus from\u00a0Dar es Salaam to Mbeya bus tickets booking app, route, schedule &amp; fare? Book cheap bus tickets from Dar es Salaam to Mbeya online\" \/>\n<meta property=\"og:url\" content=\"https:\/\/tiketi.com\/fr-fr\/online-bus-tickets-from-dar-es-salaam-to-mbeya\/\" \/>\n<meta property=\"og:site_name\" content=\"Tiketi.com\" \/>\n<meta property=\"article:publisher\" content=\"https:\/\/www.facebook.com\/TiketiCom\/\" \/>\n<meta property=\"article:modified_time\" content=\"2022-01-27T12:09:33+00:00\" \/>\n<meta property=\"og:image\" content=\"https:\/\/tiketi.com\/wp-content\/uploads\/2022\/01\/bus-ticket-online-booking.jpg\" \/>\n\t<meta property=\"og:image:width\" content=\"1200\" \/>\n\t<meta property=\"og:image:height\" content=\"206\" \/>\n\t<meta property=\"og:image:type\" content=\"image\/jpeg\" \/>\n<meta name=\"twitter:card\" content=\"summary_large_image\" \/>\n<meta name=\"twitter:label1\" content=\"Dur\u00e9e de lecture estim\u00e9e\" \/>\n\t<meta name=\"twitter:data1\" content=\"2 minutes\" \/>\n<script type=\"application\/ld+json\" class=\"yoast-schema-graph\">{\"@context\":\"https:\\\/\\\/schema.org\",\"@graph\":[{\"@type\":\"WebPage\",\"@id\":\"https:\\\/\\\/tiketi.com\\\/online-bus-tickets-from-dar-es-salaam-to-mbeya\\\/\",\"url\":\"https:\\\/\\\/tiketi.com\\\/online-bus-tickets-from-dar-es-salaam-to-mbeya\\\/\",\"name\":\"Bus from Dar es Salaam to Mbeya Bus Tickets, Route, Schedule & Fare\",\"isPartOf\":{\"@id\":\"https:\\\/\\\/tiketi.com\\\/#website\"},\"primaryImageOfPage\":{\"@id\":\"https:\\\/\\\/tiketi.com\\\/online-bus-tickets-from-dar-es-salaam-to-mbeya\\\/#primaryimage\"},\"image\":{\"@id\":\"https:\\\/\\\/tiketi.com\\\/online-bus-tickets-from-dar-es-salaam-to-mbeya\\\/#primaryimage\"},\"thumbnailUrl\":\"https:\\\/\\\/tiketi.com\\\/wp-content\\\/uploads\\\/2022\\\/01\\\/bus-ticket-online-booking.jpg\",\"datePublished\":\"2022-01-19T11:54:50+00:00\",\"dateModified\":\"2022-01-27T12:09:33+00:00\",\"description\":\"Looking for bus from\u00a0Dar es Salaam to Mbeya bus tickets booking app, route, schedule & fare? Book cheap bus tickets from Dar es Salaam to Mbeya online\",\"breadcrumb\":{\"@id\":\"https:\\\/\\\/tiketi.com\\\/online-bus-tickets-from-dar-es-salaam-to-mbeya\\\/#breadcrumb\"},\"inLanguage\":\"fr-FR\",\"potentialAction\":[{\"@type\":\"ReadAction\",\"target\":[\"https:\\\/\\\/tiketi.com\\\/online-bus-tickets-from-dar-es-salaam-to-mbeya\\\/\"]}]},{\"@type\":\"ImageObject\",\"inLanguage\":\"fr-FR\",\"@id\":\"https:\\\/\\\/tiketi.com\\\/online-bus-tickets-from-dar-es-salaam-to-mbeya\\\/#primaryimage\",\"url\":\"https:\\\/\\\/tiketi.com\\\/wp-content\\\/uploads\\\/2022\\\/01\\\/bus-ticket-online-booking.jpg\",\"contentUrl\":\"https:\\\/\\\/tiketi.com\\\/wp-content\\\/uploads\\\/2022\\\/01\\\/bus-ticket-online-booking.jpg\",\"width\":1200,\"height\":206,\"caption\":\"Online Bus Ticket Booking\"},{\"@type\":\"BreadcrumbList\",\"@id\":\"https:\\\/\\\/tiketi.com\\\/online-bus-tickets-from-dar-es-salaam-to-mbeya\\\/#breadcrumb\",\"itemListElement\":[{\"@type\":\"ListItem\",\"position\":1,\"name\":\"Home\",\"item\":\"https:\\\/\\\/tiketi.com\\\/\"},{\"@type\":\"ListItem\",\"position\":2,\"name\":\"Bus from Dar es Salaam to Mbeya Bus Tickets, Route, Schedule &#038; Fare\"}]},{\"@type\":\"WebSite\",\"@id\":\"https:\\\/\\\/tiketi.com\\\/#website\",\"url\":\"https:\\\/\\\/tiketi.com\\\/\",\"name\":\"Flight & Bus Tickets, Tour Packages & Activitites - Tiketi.com\",\"description\":\"Flight &amp; Bus Tickets, Tours, Activitites\",\"publisher\":{\"@id\":\"https:\\\/\\\/tiketi.com\\\/#organization\"},\"potentialAction\":[{\"@type\":\"SearchAction\",\"target\":{\"@type\":\"EntryPoint\",\"urlTemplate\":\"https:\\\/\\\/tiketi.com\\\/?s={search_term_string}\"},\"query-input\":{\"@type\":\"PropertyValueSpecification\",\"valueRequired\":true,\"valueName\":\"search_term_string\"}}],\"inLanguage\":\"fr-FR\"},{\"@type\":\"Organization\",\"@id\":\"https:\\\/\\\/tiketi.com\\\/#organization\",\"name\":\"Tiketi.com\",\"alternateName\":\"Tiketi\",\"url\":\"https:\\\/\\\/tiketi.com\\\/\",\"logo\":{\"@type\":\"ImageObject\",\"inLanguage\":\"fr-FR\",\"@id\":\"https:\\\/\\\/tiketi.com\\\/#\\\/schema\\\/logo\\\/image\\\/\",\"url\":\"https:\\\/\\\/tiketi.com\\\/wp-content\\\/uploads\\\/2019\\\/05\\\/tiketi-logo-696.png\",\"contentUrl\":\"https:\\\/\\\/tiketi.com\\\/wp-content\\\/uploads\\\/2019\\\/05\\\/tiketi-logo-696.png\",\"width\":696,\"height\":696,\"caption\":\"Tiketi.com\"},\"image\":{\"@id\":\"https:\\\/\\\/tiketi.com\\\/#\\\/schema\\\/logo\\\/image\\\/\"},\"sameAs\":[\"https:\\\/\\\/www.facebook.com\\\/TiketiCom\\\/\"]}]}<\/script>\n<!-- \/ Yoast SEO plugin. -->","yoast_head_json":{"title":"Bus de Dar es Salaam \u00e0 Mbeya Billets de bus, itin\u00e9raire, horaires et tarifs","description":"Vous recherchez une application de r\u00e9servation de billets de bus de Dar es Salam \u00e0 Mbeya, un itin\u00e9raire, un horaire et un tarif\u00a0? R\u00e9servez en ligne des billets de bus pas chers de Dar es Salam \u00e0 Mbeya","robots":{"index":"index","follow":"follow","max-snippet":"max-snippet:-1","max-image-preview":"max-image-preview:large","max-video-preview":"max-video-preview:-1"},"canonical":"https:\/\/tiketi.com\/fr-fr\/online-bus-tickets-from-dar-es-salaam-to-mbeya\/","og_locale":"fr_FR","og_type":"article","og_title":"Bus from Dar es Salaam to Mbeya Bus Tickets, Route, Schedule & Fare","og_description":"Looking for bus from\u00a0Dar es Salaam to Mbeya bus tickets booking app, route, schedule & fare? Book cheap bus tickets from Dar es Salaam to Mbeya online","og_url":"https:\/\/tiketi.com\/fr-fr\/online-bus-tickets-from-dar-es-salaam-to-mbeya\/","og_site_name":"Tiketi.com","article_publisher":"https:\/\/www.facebook.com\/TiketiCom\/","article_modified_time":"2022-01-27T12:09:33+00:00","og_image":[{"width":1200,"height":206,"url":"https:\/\/tiketi.com\/wp-content\/uploads\/2022\/01\/bus-ticket-online-booking.jpg","type":"image\/jpeg"}],"twitter_card":"summary_large_image","twitter_misc":{"Dur\u00e9e de lecture estim\u00e9e":"2 minutes"},"schema":{"@context":"https:\/\/schema.org","@graph":[{"@type":"WebPage","@id":"https:\/\/tiketi.com\/online-bus-tickets-from-dar-es-salaam-to-mbeya\/","url":"https:\/\/tiketi.com\/online-bus-tickets-from-dar-es-salaam-to-mbeya\/","name":"Bus de Dar es Salaam \u00e0 Mbeya Billets de bus, itin\u00e9raire, horaires et tarifs","isPartOf":{"@id":"https:\/\/tiketi.com\/#website"},"primaryImageOfPage":{"@id":"https:\/\/tiketi.com\/online-bus-tickets-from-dar-es-salaam-to-mbeya\/#primaryimage"},"image":{"@id":"https:\/\/tiketi.com\/online-bus-tickets-from-dar-es-salaam-to-mbeya\/#primaryimage"},"thumbnailUrl":"https:\/\/tiketi.com\/wp-content\/uploads\/2022\/01\/bus-ticket-online-booking.jpg","datePublished":"2022-01-19T11:54:50+00:00","dateModified":"2022-01-27T12:09:33+00:00","description":"Vous recherchez une application de r\u00e9servation de billets de bus de Dar es Salam \u00e0 Mbeya, un itin\u00e9raire, un horaire et un tarif\u00a0? R\u00e9servez en ligne des billets de bus pas chers de Dar es Salam \u00e0 Mbeya","breadcrumb":{"@id":"https:\/\/tiketi.com\/online-bus-tickets-from-dar-es-salaam-to-mbeya\/#breadcrumb"},"inLanguage":"fr-FR","potentialAction":[{"@type":"ReadAction","target":["https:\/\/tiketi.com\/online-bus-tickets-from-dar-es-salaam-to-mbeya\/"]}]},{"@type":"ImageObject","inLanguage":"fr-FR","@id":"https:\/\/tiketi.com\/online-bus-tickets-from-dar-es-salaam-to-mbeya\/#primaryimage","url":"https:\/\/tiketi.com\/wp-content\/uploads\/2022\/01\/bus-ticket-online-booking.jpg","contentUrl":"https:\/\/tiketi.com\/wp-content\/uploads\/2022\/01\/bus-ticket-online-booking.jpg","width":1200,"height":206,"caption":"Online Bus Ticket Booking"},{"@type":"BreadcrumbList","@id":"https:\/\/tiketi.com\/online-bus-tickets-from-dar-es-salaam-to-mbeya\/#breadcrumb","itemListElement":[{"@type":"ListItem","position":1,"name":"Home","item":"https:\/\/tiketi.com\/"},{"@type":"ListItem","position":2,"name":"Bus from Dar es Salaam to Mbeya Bus Tickets, Route, Schedule &#038; Fare"}]},{"@type":"WebSite","@id":"https:\/\/tiketi.com\/#website","url":"https:\/\/tiketi.com\/","name":"Billets d&#039;avion et de bus, forfaits touristiques et activit\u00e9s - Tiketi.com","description":"Billets d&#039;avion et de bus, Tours, Activit\u00e9s","publisher":{"@id":"https:\/\/tiketi.com\/#organization"},"potentialAction":[{"@type":"SearchAction","target":{"@type":"EntryPoint","urlTemplate":"https:\/\/tiketi.com\/?s={search_term_string}"},"query-input":{"@type":"PropertyValueSpecification","valueRequired":true,"valueName":"search_term_string"}}],"inLanguage":"fr-FR"},{"@type":"Organization","@id":"https:\/\/tiketi.com\/#organization","name":"Tiketi.com","alternateName":"Tiketi","url":"https:\/\/tiketi.com\/","logo":{"@type":"ImageObject","inLanguage":"fr-FR","@id":"https:\/\/tiketi.com\/#\/schema\/logo\/image\/","url":"https:\/\/tiketi.com\/wp-content\/uploads\/2019\/05\/tiketi-logo-696.png","contentUrl":"https:\/\/tiketi.com\/wp-content\/uploads\/2019\/05\/tiketi-logo-696.png","width":696,"height":696,"caption":"Tiketi.com"},"image":{"@id":"https:\/\/tiketi.com\/#\/schema\/logo\/image\/"},"sameAs":["https:\/\/www.facebook.com\/TiketiCom\/"]}]}},"_links":{"self":[{"href":"https:\/\/tiketi.com\/fr-fr\/wp-json\/wp\/v2\/pages\/11524","targetHints":{"allow":["GET"]}}],"collection":[{"href":"https:\/\/tiketi.com\/fr-fr\/wp-json\/wp\/v2\/pages"}],"about":[{"href":"https:\/\/tiketi.com\/fr-fr\/wp-json\/wp\/v2\/types\/page"}],"author":[{"embeddable":true,"href":"https:\/\/tiketi.com\/fr-fr\/wp-json\/wp\/v2\/users\/1"}],"replies":[{"embeddable":true,"href":"https:\/\/tiketi.com\/fr-fr\/wp-json\/wp\/v2\/comments?post=11524"}],"version-history":[{"count":0,"href":"https:\/\/tiketi.com\/fr-fr\/wp-json\/wp\/v2\/pages\/11524\/revisions"}],"wp:featuredmedia":[{"embeddable":true,"href":"https:\/\/tiketi.com\/fr-fr\/wp-json\/wp\/v2\/media\/13999"}],"wp:attachment":[{"href":"https:\/\/tiketi.com\/fr-fr\/wp-json\/wp\/v2\/media?parent=11524"}],"curies":[{"name":"wp","href":"https:\/\/api.w.org\/{rel}","templated":true}]}}