{"id":11525,"date":"2022-01-19T12:54:50","date_gmt":"2022-01-19T11:54:50","guid":{"rendered":"https:\/\/new.tiketi.com\/bus-from-dar-es-salaam-to-iringa-bus-tickets-route-schedule-fare\/"},"modified":"2023-07-07T16:21:02","modified_gmt":"2023-07-07T15:21:02","slug":"tickets-dar-es-salaam-to-iringa","status":"publish","type":"page","link":"https:\/\/tiketi.com\/fr-fr\/routes\/bus\/tickets-dar-es-salaam-to-iringa\/","title":{"rendered":"Bus de Dar es Salaam \u00e0 Iringa Billets de bus, horaires et tarifs"},"content":{"rendered":"<h2>Billets de bus pas chers de Dar es Salaam \u00e0 Iringa R\u00e9servation en ligne<\/h2>\n<h3>D\u00e9couvrez votre itin\u00e9raire sur le web, le mobile ou l&#039;application et r\u00e9servez en ligne maintenant un billet de bus pas cher de Dar es Salam \u00e0 Iringa.<\/h3>\n<p>R\u00e9servez en ligne des billets de bus pas chers de Dar es Salaam \u00e0 Iringa et voyagez de Dar es Salaam \u00e0 Iringa en bus. Iringa est une ville de la r\u00e9gion d&#039;Iringa en Tanzanie, g\u00e9ographiquement situ\u00e9e \u00e0 7\u00b046\u2032 S 35\u00b042\u2032 E, \u00e0 environ 260 km au sud de la capitale nationale, Dodoma et \u00e0 cinq cents km au sud-ouest de la plus grande ville du pays, Dar es Salaam. . Voici le guide sur la fa\u00e7on de r\u00e9server des billets de bus de Dar es Salaam \u00e0 Iringa et de voyager de Dar es Salaam \u00e0 Iringa par la route :<\/p>\n<h2>Bus de Dar es Salaam \u00e0 Iringa R\u00e9servation de billets de bus, itin\u00e9raires, horaires et tarifs FAQ<\/h2>\n<h3>Est-ce que Dar es Salaam \u00e0 Iringa en bus est le moyen abordable de se rendre \u00e0 Iringa ?<\/h3>\n<p>Le moyen abordable de se rendre de Dar es Salam \u00e0 Iringa est en voiture et bus ce qui co\u00fbte 20\u00a0000 - 28\u00a0000 Tsh et prend 7h 30m.<\/p>\n<h3>Quelle est la distance entre Dar es Salam et Iringa en bus ?<\/h3>\n<p>La distance entre Dar es Salam et Iringa en bus est de 499 km.<\/p>\n<h3>Puis-je conduire de Dar es Salam \u00e0 Iringa ?<\/h3>\n<p>Oui, la distance de Dar es Salam \u00e0 Iringa par la route est de 499 km. Il faut environ 7 h 30 de Dar es Salaam \u00e0 Iringa en bus.<\/p>\n<h3>Est-ce que le bus de Dar es Salam \u00e0 Iringa est le moyen le plus rapide pour se rendre \u00e0 Iringa ?<\/h3>\n<p>Le moyen le plus rapide pour se rendre de Dar es Salam \u00e0 Iringa est de <a href=\"https:\/\/tiketi.com\/fr-fr\/cheap-flights\/\" target=\"_blank\" rel=\"noopener\">voler <\/a>et dure 1h 59m.<\/p>\n<h2>Billets de bus de Dar es Salaam \u00e0 Iringa Tips<\/h2>\n<p>Iringa est le si\u00e8ge de la r\u00e9gion d&#039;Iringa, situ\u00e9e entre les 2 grands parcs nationaux du pays, le parc national de Ruaha \u00e0 l&#039;ouest et le parc national de Mikumi \u00e0 l&#039;est. Iringa est c\u00e9l\u00e8bre comme l&#039;un des centres \u00e9ducatifs vitaux du pays avec de nombreux centres d&#039;apprentissage r\u00e9put\u00e9s, en ajoutant le Mkwama University College of Education, le Iringa University College et le lyc\u00e9e Tosamaganga. Iringa est \u00e9galement c\u00e9l\u00e8bre pour le centre artisanal de Neema.<\/p>\n<h3>Moment id\u00e9al pour visiter Iringa<\/h3>\n<p>Le meilleur moment pour explorer la beaut\u00e9 des sites naturels et historiques d&#039;Iringa est de juin \u00e0 ao\u00fbt.<\/p>","protected":false},"excerpt":{"rendered":"<p>Cheap Bus Tickets from\u00a0Dar es Salaam to Iringa\u00a0Online Booking Discover your travel route on web, mobile or app and book cheap bus ticket from Dar es Salaam to Iringa online now. Do cheap bus from Dar es Salaam to Iringa bus tickets online booking and travel Dar es Salaam to Iringa by bus. Iringa is [&hellip;]<\/p>\n","protected":false},"author":1,"featured_media":13999,"parent":25566,"menu_order":0,"comment_status":"open","ping_status":"closed","template":"template-home-modern.php","meta":{"footnotes":""},"class_list":["post-11525","page","type-page","status-publish","has-post-thumbnail","hentry"],"yoast_head":"<!-- This site is optimized with the Yoast SEO plugin v27.4 - https:\/\/yoast.com\/product\/yoast-seo-wordpress\/ -->\n<title>Bus from Dar es Salaam to Iringa Bus Tickets, Schedule &amp; Fares<\/title>\n<meta name=\"description\" content=\"Looking for cheap bus from\u00a0Dar es Salaam to Iringa bus ticket booking app, route, schedule &amp; far? Book cheap bus tickets from Dar es Salaam to Iringa online now\" \/>\n<meta name=\"robots\" content=\"index, follow, max-snippet:-1, max-image-preview:large, max-video-preview:-1\" \/>\n<link rel=\"canonical\" href=\"https:\/\/tiketi.com\/fr-fr\/routes\/bus\/tickets-dar-es-salaam-to-iringa\/\" \/>\n<meta property=\"og:locale\" content=\"fr_FR\" \/>\n<meta property=\"og:type\" content=\"article\" \/>\n<meta property=\"og:title\" content=\"Bus from Dar es Salaam to Iringa Bus Tickets, Schedule &amp; Fares\" \/>\n<meta property=\"og:description\" content=\"Looking for cheap bus from\u00a0Dar es Salaam to Iringa bus ticket booking app, route, schedule &amp; far? Book cheap bus tickets from Dar es Salaam to Iringa online now\" \/>\n<meta property=\"og:url\" content=\"https:\/\/tiketi.com\/fr-fr\/routes\/bus\/tickets-dar-es-salaam-to-iringa\/\" \/>\n<meta property=\"og:site_name\" content=\"Tiketi.com\" \/>\n<meta property=\"article:publisher\" content=\"https:\/\/www.facebook.com\/TiketiCom\/\" \/>\n<meta property=\"article:modified_time\" content=\"2023-07-07T15:21:02+00:00\" \/>\n<meta property=\"og:image\" content=\"https:\/\/tiketi.com\/wp-content\/uploads\/2022\/01\/bus-ticket-online-booking.jpg\" \/>\n\t<meta property=\"og:image:width\" content=\"1200\" \/>\n\t<meta property=\"og:image:height\" content=\"206\" \/>\n\t<meta property=\"og:image:type\" content=\"image\/jpeg\" \/>\n<meta name=\"twitter:card\" content=\"summary_large_image\" \/>\n<meta name=\"twitter:label1\" content=\"Dur\u00e9e de lecture estim\u00e9e\" \/>\n\t<meta name=\"twitter:data1\" content=\"2 minutes\" \/>\n<script type=\"application\/ld+json\" class=\"yoast-schema-graph\">{\"@context\":\"https:\\\/\\\/schema.org\",\"@graph\":[{\"@type\":\"WebPage\",\"@id\":\"https:\\\/\\\/tiketi.com\\\/routes\\\/bus\\\/tickets-dar-es-salaam-to-iringa\\\/\",\"url\":\"https:\\\/\\\/tiketi.com\\\/routes\\\/bus\\\/tickets-dar-es-salaam-to-iringa\\\/\",\"name\":\"Bus from Dar es Salaam to Iringa Bus Tickets, Schedule & Fares\",\"isPartOf\":{\"@id\":\"https:\\\/\\\/tiketi.com\\\/#website\"},\"primaryImageOfPage\":{\"@id\":\"https:\\\/\\\/tiketi.com\\\/routes\\\/bus\\\/tickets-dar-es-salaam-to-iringa\\\/#primaryimage\"},\"image\":{\"@id\":\"https:\\\/\\\/tiketi.com\\\/routes\\\/bus\\\/tickets-dar-es-salaam-to-iringa\\\/#primaryimage\"},\"thumbnailUrl\":\"https:\\\/\\\/tiketi.com\\\/wp-content\\\/uploads\\\/2022\\\/01\\\/bus-ticket-online-booking.jpg\",\"datePublished\":\"2022-01-19T11:54:50+00:00\",\"dateModified\":\"2023-07-07T15:21:02+00:00\",\"description\":\"Looking for cheap bus from\u00a0Dar es Salaam to Iringa bus ticket booking app, route, schedule & far? Book cheap bus tickets from Dar es Salaam to Iringa online now\",\"breadcrumb\":{\"@id\":\"https:\\\/\\\/tiketi.com\\\/routes\\\/bus\\\/tickets-dar-es-salaam-to-iringa\\\/#breadcrumb\"},\"inLanguage\":\"fr-FR\",\"potentialAction\":[{\"@type\":\"ReadAction\",\"target\":[\"https:\\\/\\\/tiketi.com\\\/routes\\\/bus\\\/tickets-dar-es-salaam-to-iringa\\\/\"]}]},{\"@type\":\"ImageObject\",\"inLanguage\":\"fr-FR\",\"@id\":\"https:\\\/\\\/tiketi.com\\\/routes\\\/bus\\\/tickets-dar-es-salaam-to-iringa\\\/#primaryimage\",\"url\":\"https:\\\/\\\/tiketi.com\\\/wp-content\\\/uploads\\\/2022\\\/01\\\/bus-ticket-online-booking.jpg\",\"contentUrl\":\"https:\\\/\\\/tiketi.com\\\/wp-content\\\/uploads\\\/2022\\\/01\\\/bus-ticket-online-booking.jpg\",\"width\":1200,\"height\":206,\"caption\":\"Online Bus Ticket Booking\"},{\"@type\":\"BreadcrumbList\",\"@id\":\"https:\\\/\\\/tiketi.com\\\/routes\\\/bus\\\/tickets-dar-es-salaam-to-iringa\\\/#breadcrumb\",\"itemListElement\":[{\"@type\":\"ListItem\",\"position\":1,\"name\":\"Home\",\"item\":\"https:\\\/\\\/tiketi.com\\\/\"},{\"@type\":\"ListItem\",\"position\":2,\"name\":\"Routes\",\"item\":\"https:\\\/\\\/tiketi.com\\\/routes\\\/\"},{\"@type\":\"ListItem\",\"position\":3,\"name\":\"Bus\",\"item\":\"https:\\\/\\\/tiketi.com\\\/routes\\\/bus\\\/\"},{\"@type\":\"ListItem\",\"position\":4,\"name\":\"Bus from Dar es Salaam to Iringa Bus Tickets, Schedule &amp; Fares\"}]},{\"@type\":\"WebSite\",\"@id\":\"https:\\\/\\\/tiketi.com\\\/#website\",\"url\":\"https:\\\/\\\/tiketi.com\\\/\",\"name\":\"Flight & Bus Tickets, Tour Packages & Activitites - Tiketi.com\",\"description\":\"Flight &amp; Bus Tickets, Tours, Activitites\",\"publisher\":{\"@id\":\"https:\\\/\\\/tiketi.com\\\/#organization\"},\"potentialAction\":[{\"@type\":\"SearchAction\",\"target\":{\"@type\":\"EntryPoint\",\"urlTemplate\":\"https:\\\/\\\/tiketi.com\\\/?s={search_term_string}\"},\"query-input\":{\"@type\":\"PropertyValueSpecification\",\"valueRequired\":true,\"valueName\":\"search_term_string\"}}],\"inLanguage\":\"fr-FR\"},{\"@type\":\"Organization\",\"@id\":\"https:\\\/\\\/tiketi.com\\\/#organization\",\"name\":\"Tiketi.com\",\"alternateName\":\"Tiketi\",\"url\":\"https:\\\/\\\/tiketi.com\\\/\",\"logo\":{\"@type\":\"ImageObject\",\"inLanguage\":\"fr-FR\",\"@id\":\"https:\\\/\\\/tiketi.com\\\/#\\\/schema\\\/logo\\\/image\\\/\",\"url\":\"https:\\\/\\\/tiketi.com\\\/wp-content\\\/uploads\\\/2019\\\/05\\\/tiketi-logo-696.png\",\"contentUrl\":\"https:\\\/\\\/tiketi.com\\\/wp-content\\\/uploads\\\/2019\\\/05\\\/tiketi-logo-696.png\",\"width\":696,\"height\":696,\"caption\":\"Tiketi.com\"},\"image\":{\"@id\":\"https:\\\/\\\/tiketi.com\\\/#\\\/schema\\\/logo\\\/image\\\/\"},\"sameAs\":[\"https:\\\/\\\/www.facebook.com\\\/TiketiCom\\\/\"]}]}<\/script>\n<!-- \/ Yoast SEO plugin. -->","yoast_head_json":{"title":"Bus de Dar es Salaam \u00e0 Iringa Billets de bus, horaires et tarifs","description":"\u00c0 la recherche d&#039;une application de r\u00e9servation de billets de bus de Dar es Salam \u00e0 Iringa en bus pas cher, d&#039;un itin\u00e9raire, d&#039;un horaire et d&#039;une distance\u00a0? R\u00e9servez en ligne maintenant des billets de bus \u00e0 bas prix de Dar es Salam \u00e0 Iringa","robots":{"index":"index","follow":"follow","max-snippet":"max-snippet:-1","max-image-preview":"max-image-preview:large","max-video-preview":"max-video-preview:-1"},"canonical":"https:\/\/tiketi.com\/fr-fr\/routes\/bus\/tickets-dar-es-salaam-to-iringa\/","og_locale":"fr_FR","og_type":"article","og_title":"Bus from Dar es Salaam to Iringa Bus Tickets, Schedule & Fares","og_description":"Looking for cheap bus from\u00a0Dar es Salaam to Iringa bus ticket booking app, route, schedule & far? Book cheap bus tickets from Dar es Salaam to Iringa online now","og_url":"https:\/\/tiketi.com\/fr-fr\/routes\/bus\/tickets-dar-es-salaam-to-iringa\/","og_site_name":"Tiketi.com","article_publisher":"https:\/\/www.facebook.com\/TiketiCom\/","article_modified_time":"2023-07-07T15:21:02+00:00","og_image":[{"width":1200,"height":206,"url":"https:\/\/tiketi.com\/wp-content\/uploads\/2022\/01\/bus-ticket-online-booking.jpg","type":"image\/jpeg"}],"twitter_card":"summary_large_image","twitter_misc":{"Dur\u00e9e de lecture estim\u00e9e":"2 minutes"},"schema":{"@context":"https:\/\/schema.org","@graph":[{"@type":"WebPage","@id":"https:\/\/tiketi.com\/routes\/bus\/tickets-dar-es-salaam-to-iringa\/","url":"https:\/\/tiketi.com\/routes\/bus\/tickets-dar-es-salaam-to-iringa\/","name":"Bus de Dar es Salaam \u00e0 Iringa Billets de bus, horaires et tarifs","isPartOf":{"@id":"https:\/\/tiketi.com\/#website"},"primaryImageOfPage":{"@id":"https:\/\/tiketi.com\/routes\/bus\/tickets-dar-es-salaam-to-iringa\/#primaryimage"},"image":{"@id":"https:\/\/tiketi.com\/routes\/bus\/tickets-dar-es-salaam-to-iringa\/#primaryimage"},"thumbnailUrl":"https:\/\/tiketi.com\/wp-content\/uploads\/2022\/01\/bus-ticket-online-booking.jpg","datePublished":"2022-01-19T11:54:50+00:00","dateModified":"2023-07-07T15:21:02+00:00","description":"\u00c0 la recherche d&#039;une application de r\u00e9servation de billets de bus de Dar es Salam \u00e0 Iringa en bus pas cher, d&#039;un itin\u00e9raire, d&#039;un horaire et d&#039;une distance\u00a0? R\u00e9servez en ligne maintenant des billets de bus \u00e0 bas prix de Dar es Salam \u00e0 Iringa","breadcrumb":{"@id":"https:\/\/tiketi.com\/routes\/bus\/tickets-dar-es-salaam-to-iringa\/#breadcrumb"},"inLanguage":"fr-FR","potentialAction":[{"@type":"ReadAction","target":["https:\/\/tiketi.com\/routes\/bus\/tickets-dar-es-salaam-to-iringa\/"]}]},{"@type":"ImageObject","inLanguage":"fr-FR","@id":"https:\/\/tiketi.com\/routes\/bus\/tickets-dar-es-salaam-to-iringa\/#primaryimage","url":"https:\/\/tiketi.com\/wp-content\/uploads\/2022\/01\/bus-ticket-online-booking.jpg","contentUrl":"https:\/\/tiketi.com\/wp-content\/uploads\/2022\/01\/bus-ticket-online-booking.jpg","width":1200,"height":206,"caption":"Online Bus Ticket Booking"},{"@type":"BreadcrumbList","@id":"https:\/\/tiketi.com\/routes\/bus\/tickets-dar-es-salaam-to-iringa\/#breadcrumb","itemListElement":[{"@type":"ListItem","position":1,"name":"Home","item":"https:\/\/tiketi.com\/"},{"@type":"ListItem","position":2,"name":"Routes","item":"https:\/\/tiketi.com\/routes\/"},{"@type":"ListItem","position":3,"name":"Bus","item":"https:\/\/tiketi.com\/routes\/bus\/"},{"@type":"ListItem","position":4,"name":"Bus from Dar es Salaam to Iringa Bus Tickets, Schedule &amp; Fares"}]},{"@type":"WebSite","@id":"https:\/\/tiketi.com\/#website","url":"https:\/\/tiketi.com\/","name":"Billets d&#039;avion et de bus, forfaits touristiques et activit\u00e9s - Tiketi.com","description":"Billets d&#039;avion et de bus, Tours, Activit\u00e9s","publisher":{"@id":"https:\/\/tiketi.com\/#organization"},"potentialAction":[{"@type":"SearchAction","target":{"@type":"EntryPoint","urlTemplate":"https:\/\/tiketi.com\/?s={search_term_string}"},"query-input":{"@type":"PropertyValueSpecification","valueRequired":true,"valueName":"search_term_string"}}],"inLanguage":"fr-FR"},{"@type":"Organization","@id":"https:\/\/tiketi.com\/#organization","name":"Tiketi.com","alternateName":"Tiketi","url":"https:\/\/tiketi.com\/","logo":{"@type":"ImageObject","inLanguage":"fr-FR","@id":"https:\/\/tiketi.com\/#\/schema\/logo\/image\/","url":"https:\/\/tiketi.com\/wp-content\/uploads\/2019\/05\/tiketi-logo-696.png","contentUrl":"https:\/\/tiketi.com\/wp-content\/uploads\/2019\/05\/tiketi-logo-696.png","width":696,"height":696,"caption":"Tiketi.com"},"image":{"@id":"https:\/\/tiketi.com\/#\/schema\/logo\/image\/"},"sameAs":["https:\/\/www.facebook.com\/TiketiCom\/"]}]}},"_links":{"self":[{"href":"https:\/\/tiketi.com\/fr-fr\/wp-json\/wp\/v2\/pages\/11525","targetHints":{"allow":["GET"]}}],"collection":[{"href":"https:\/\/tiketi.com\/fr-fr\/wp-json\/wp\/v2\/pages"}],"about":[{"href":"https:\/\/tiketi.com\/fr-fr\/wp-json\/wp\/v2\/types\/page"}],"author":[{"embeddable":true,"href":"https:\/\/tiketi.com\/fr-fr\/wp-json\/wp\/v2\/users\/1"}],"replies":[{"embeddable":true,"href":"https:\/\/tiketi.com\/fr-fr\/wp-json\/wp\/v2\/comments?post=11525"}],"version-history":[{"count":0,"href":"https:\/\/tiketi.com\/fr-fr\/wp-json\/wp\/v2\/pages\/11525\/revisions"}],"up":[{"embeddable":true,"href":"https:\/\/tiketi.com\/fr-fr\/wp-json\/wp\/v2\/pages\/25566"}],"wp:featuredmedia":[{"embeddable":true,"href":"https:\/\/tiketi.com\/fr-fr\/wp-json\/wp\/v2\/media\/13999"}],"wp:attachment":[{"href":"https:\/\/tiketi.com\/fr-fr\/wp-json\/wp\/v2\/media?parent=11525"}],"curies":[{"name":"wp","href":"https:\/\/api.w.org\/{rel}","templated":true}]}}