{"id":11527,"date":"2022-01-19T12:54:50","date_gmt":"2022-01-19T11:54:50","guid":{"rendered":"https:\/\/new.tiketi.com\/bus-from-addis-ababa-to-sodo-bus-tickets-route-schedule-fare\/"},"modified":"2022-01-26T22:44:16","modified_gmt":"2022-01-26T21:44:16","slug":"online-bus-tickets-from-addis-ababa-to-sodo","status":"publish","type":"page","link":"https:\/\/tiketi.com\/fr-fr\/online-bus-tickets-from-addis-ababa-to-sodo\/","title":{"rendered":"Bus de Addis-Abeba \u00e0 Sodo, Billets de bus, Itin\u00e9raire, Horaires et Tarif"},"content":{"rendered":"<h2>Billets de bus pas chers d&#039;Addis-Abeba \u00e0 Sodo R\u00e9servation en ligne<\/h2>\n<h3>D\u00e9couvrez votre itin\u00e9raire sur le web, le mobile ou l&#039;application et r\u00e9servez en ligne maintenant un billet de bus pas cher de Addis-Abeba \u00e0 Sodo.<\/h3>\n<p>R\u00e9servez en ligne des billets de bus pas chers d&#039;Addis-Abeba \u00e0 Sodo et voyagez d&#039;Addis-Abeba \u00e0 Sodo par la route. Wolaita Sodo ou Sodo est une ville et divise le woreda du centre-sud de l&#039;\u00c9thiopie. Actuellement, Sodo est c\u00e9l\u00e8bre pour \u00eatre le centre de grandes institutions de sant\u00e9 et d&#039;\u00e9ducation en \u00c9thiopie. L&#039;h\u00f4pital Soddo Christian poss\u00e8de l&#039;un des dix centres de formation chirurgicale en Afrique. L&#039;h\u00f4pital offre une gamme compl\u00e8te de services m\u00e9dicaux et chirurgicaux, y compris l&#039;orthop\u00e9die et le g\u00e9n\u00e9ral, la p\u00e9diatrie et la maternit\u00e9. L&#039;h\u00f4pital de r\u00e9f\u00e9rence d&#039;enseignement de l&#039;Universit\u00e9 Wolaita Sodo est situ\u00e9 dans la ville et dessert environ 2 millions de personnes. Le nombre total de lits \u00e0 l&#039;h\u00f4pital \u00e9tait de deux cents, dont soixante lits \u00e9taient dans le d\u00e9partement de gyn\u00e9cologie et d&#039;obst\u00e9trique. Voici le guide sur la fa\u00e7on dont vous pouvez r\u00e9server des billets de bus d&#039;Addis-Abeba \u00e0 Sodo.<\/p>\n<h2>Bus de Addis-Abeba \u00e0 Sodo Billets de bus, itin\u00e9raire, horaires et tarifs FAQ<\/h2>\n<h3>Quelle est la distance entre Addis-Abeba et Sodo en bus ?<\/h3>\n<p>La distance de bus Addis-Abeba \u00e0 Sodo est de 264 km. La distance de route est de 330 km.<\/p>\n<h3>Puis-je conduire de Addis-Abeba \u00e0 Sodo ?<\/h3>\n<p>Oui, la distance de bus Addis-Abeba \u00e0 Sodo est de 328 km. il faut environ 5h 5m pour conduire de Addis-Abeba \u00e0 Sodo.<\/p>\n<p>Il y a des bus continus vers Arba Mirch et Awasa, plus 2 d\u00e9parts le matin vers Addis-Abeba (Birr120, 6 ou 7 heures.<\/p>\n<h3>Le bus d&#039;Addis-Abeba \u00e0 Sodo est-il le moyen abordable de se rendre \u00e0 Sodo ?<\/h3>\n<p>Le moyen abordable d&#039;aller d&#039;Addis-Abeba \u00e0 Sodo en bus. Billet de bus Addis-Abeba \u00e0 Sodo $50 - $100.<\/p>\n<h2>Billets de bus de Addis-Abeba \u00e0 Sodo Tips<\/h2>\n<p>Wolaitta Dicha SC est un club de football \u00e9thiopien bas\u00e9 \u00e0 Sodo. Le club a remport\u00e9 sa premi\u00e8re coupe nationale en 2017 et s&#039;est qualifi\u00e9 pour la Coupe de la Conf\u00e9d\u00e9ration de la CAF 2018, au cours de laquelle le club a remport\u00e9 et d\u00e9pass\u00e9 les quarts de finale du Zemalek SC.<\/p>\n<p>Sur la base des estimations de la population de 2018 par le CSA, cette ville a une population totale de 254 294. Cela fait de Wolaita Sodo la deuxi\u00e8me ville la plus peupl\u00e9e de la zone sud apr\u00e8s Awassa.<\/p>","protected":false},"excerpt":{"rendered":"<p>Cheap Bus Tickets from\u00a0Addis Ababa to Sodo\u00a0Online Booking Discover your travel route on web, mobile or app and book cheap bus ticket from Addis Ababa to Sodo online now. Do cheap bus from Addis Ababa to Sodo bus tickets online booking and travel Addis Ababa to Sodo by road. Wolaita Sodo or Sodo is a [&hellip;]<\/p>\n","protected":false},"author":1,"featured_media":13999,"parent":0,"menu_order":0,"comment_status":"open","ping_status":"closed","template":"template-home-modern.php","meta":{"footnotes":""},"class_list":["post-11527","page","type-page","status-publish","has-post-thumbnail","hentry"],"yoast_head":"<!-- This site is optimized with the Yoast SEO plugin v27.2 - https:\/\/yoast.com\/product\/yoast-seo-wordpress\/ -->\n<title>Bus from Addis Ababa to Sodo Bus Tickets, Route, Schedule &amp; Fare<\/title>\n<meta name=\"description\" content=\"Looking for bus from Addis Ababa to Sodo bus tickets online booking app, fare &amp; schedule? Book cheap bus tickets from Addis Ababa to Sodo\" \/>\n<meta name=\"robots\" content=\"index, follow, max-snippet:-1, max-image-preview:large, max-video-preview:-1\" \/>\n<link rel=\"canonical\" href=\"https:\/\/tiketi.com\/fr-fr\/online-bus-tickets-from-addis-ababa-to-sodo\/\" \/>\n<meta property=\"og:locale\" content=\"fr_FR\" \/>\n<meta property=\"og:type\" content=\"article\" \/>\n<meta property=\"og:title\" content=\"Bus from Addis Ababa to Sodo Bus Tickets, Route, Schedule &amp; Fare\" \/>\n<meta property=\"og:description\" content=\"Looking for bus from Addis Ababa to Sodo bus tickets online booking app, fare &amp; schedule? Book cheap bus tickets from Addis Ababa to Sodo\" \/>\n<meta property=\"og:url\" content=\"https:\/\/tiketi.com\/fr-fr\/online-bus-tickets-from-addis-ababa-to-sodo\/\" \/>\n<meta property=\"og:site_name\" content=\"Tiketi.com\" \/>\n<meta property=\"article:publisher\" content=\"https:\/\/www.facebook.com\/TiketiCom\/\" \/>\n<meta property=\"article:modified_time\" content=\"2022-01-26T21:44:16+00:00\" \/>\n<meta property=\"og:image\" content=\"https:\/\/tiketi.com\/wp-content\/uploads\/2022\/01\/bus-ticket-online-booking.jpg\" \/>\n\t<meta property=\"og:image:width\" content=\"1200\" \/>\n\t<meta property=\"og:image:height\" content=\"206\" \/>\n\t<meta property=\"og:image:type\" content=\"image\/jpeg\" \/>\n<meta name=\"twitter:card\" content=\"summary_large_image\" \/>\n<meta name=\"twitter:label1\" content=\"Dur\u00e9e de lecture estim\u00e9e\" \/>\n\t<meta name=\"twitter:data1\" content=\"2 minutes\" \/>\n<script type=\"application\/ld+json\" class=\"yoast-schema-graph\">{\"@context\":\"https:\/\/schema.org\",\"@graph\":[{\"@type\":\"WebPage\",\"@id\":\"https:\/\/tiketi.com\/online-bus-tickets-from-addis-ababa-to-sodo\/\",\"url\":\"https:\/\/tiketi.com\/online-bus-tickets-from-addis-ababa-to-sodo\/\",\"name\":\"Bus from Addis Ababa to Sodo Bus Tickets, Route, Schedule & Fare\",\"isPartOf\":{\"@id\":\"https:\/\/tiketi.com\/#website\"},\"primaryImageOfPage\":{\"@id\":\"https:\/\/tiketi.com\/online-bus-tickets-from-addis-ababa-to-sodo\/#primaryimage\"},\"image\":{\"@id\":\"https:\/\/tiketi.com\/online-bus-tickets-from-addis-ababa-to-sodo\/#primaryimage\"},\"thumbnailUrl\":\"https:\/\/tiketi.com\/wp-content\/uploads\/2022\/01\/bus-ticket-online-booking.jpg\",\"datePublished\":\"2022-01-19T11:54:50+00:00\",\"dateModified\":\"2022-01-26T21:44:16+00:00\",\"description\":\"Looking for bus from Addis Ababa to Sodo bus tickets online booking app, fare & schedule? Book cheap bus tickets from Addis Ababa to Sodo\",\"breadcrumb\":{\"@id\":\"https:\/\/tiketi.com\/online-bus-tickets-from-addis-ababa-to-sodo\/#breadcrumb\"},\"inLanguage\":\"fr-FR\",\"potentialAction\":[{\"@type\":\"ReadAction\",\"target\":[\"https:\/\/tiketi.com\/online-bus-tickets-from-addis-ababa-to-sodo\/\"]}]},{\"@type\":\"ImageObject\",\"inLanguage\":\"fr-FR\",\"@id\":\"https:\/\/tiketi.com\/online-bus-tickets-from-addis-ababa-to-sodo\/#primaryimage\",\"url\":\"https:\/\/tiketi.com\/wp-content\/uploads\/2022\/01\/bus-ticket-online-booking.jpg\",\"contentUrl\":\"https:\/\/tiketi.com\/wp-content\/uploads\/2022\/01\/bus-ticket-online-booking.jpg\",\"width\":1200,\"height\":206,\"caption\":\"Online Bus Ticket Booking\"},{\"@type\":\"BreadcrumbList\",\"@id\":\"https:\/\/tiketi.com\/online-bus-tickets-from-addis-ababa-to-sodo\/#breadcrumb\",\"itemListElement\":[{\"@type\":\"ListItem\",\"position\":1,\"name\":\"Home\",\"item\":\"https:\/\/tiketi.com\/\"},{\"@type\":\"ListItem\",\"position\":2,\"name\":\"Bus from Addis Ababa to Sodo, Bus Tickets, Route, Schedule &#038; Fare\"}]},{\"@type\":\"WebSite\",\"@id\":\"https:\/\/tiketi.com\/#website\",\"url\":\"https:\/\/tiketi.com\/\",\"name\":\"Flight & Bus Tickets, Tour Packages & Activitites - Tiketi.com\",\"description\":\"Flight &amp; Bus Tickets, Tours, Activitites\",\"publisher\":{\"@id\":\"https:\/\/tiketi.com\/#organization\"},\"potentialAction\":[{\"@type\":\"SearchAction\",\"target\":{\"@type\":\"EntryPoint\",\"urlTemplate\":\"https:\/\/tiketi.com\/?s={search_term_string}\"},\"query-input\":{\"@type\":\"PropertyValueSpecification\",\"valueRequired\":true,\"valueName\":\"search_term_string\"}}],\"inLanguage\":\"fr-FR\"},{\"@type\":\"Organization\",\"@id\":\"https:\/\/tiketi.com\/#organization\",\"name\":\"Tiketi.com\",\"alternateName\":\"Tiketi\",\"url\":\"https:\/\/tiketi.com\/\",\"logo\":{\"@type\":\"ImageObject\",\"inLanguage\":\"fr-FR\",\"@id\":\"https:\/\/tiketi.com\/#\/schema\/logo\/image\/\",\"url\":\"https:\/\/tiketi.com\/wp-content\/uploads\/2019\/05\/tiketi-logo-696.png\",\"contentUrl\":\"https:\/\/tiketi.com\/wp-content\/uploads\/2019\/05\/tiketi-logo-696.png\",\"width\":696,\"height\":696,\"caption\":\"Tiketi.com\"},\"image\":{\"@id\":\"https:\/\/tiketi.com\/#\/schema\/logo\/image\/\"},\"sameAs\":[\"https:\/\/www.facebook.com\/TiketiCom\/\"]}]}<\/script>\n<!-- \/ Yoast SEO plugin. -->","yoast_head_json":{"title":"Bus de Addis-Abeba \u00e0 Sodo Billets de bus, itin\u00e9raire, horaires et tarifs","description":"Vous recherchez une application de r\u00e9servation en ligne de billets de bus d&#039;Addis-Abeba \u00e0 Sodo, des tarifs et des horaires de bus\u00a0? R\u00e9servez des billets de bus pas chers de Addis-Abeba \u00e0 Sodo","robots":{"index":"index","follow":"follow","max-snippet":"max-snippet:-1","max-image-preview":"max-image-preview:large","max-video-preview":"max-video-preview:-1"},"canonical":"https:\/\/tiketi.com\/fr-fr\/online-bus-tickets-from-addis-ababa-to-sodo\/","og_locale":"fr_FR","og_type":"article","og_title":"Bus from Addis Ababa to Sodo Bus Tickets, Route, Schedule & Fare","og_description":"Looking for bus from Addis Ababa to Sodo bus tickets online booking app, fare & schedule? Book cheap bus tickets from Addis Ababa to Sodo","og_url":"https:\/\/tiketi.com\/fr-fr\/online-bus-tickets-from-addis-ababa-to-sodo\/","og_site_name":"Tiketi.com","article_publisher":"https:\/\/www.facebook.com\/TiketiCom\/","article_modified_time":"2022-01-26T21:44:16+00:00","og_image":[{"width":1200,"height":206,"url":"https:\/\/tiketi.com\/wp-content\/uploads\/2022\/01\/bus-ticket-online-booking.jpg","type":"image\/jpeg"}],"twitter_card":"summary_large_image","twitter_misc":{"Dur\u00e9e de lecture estim\u00e9e":"2 minutes"},"schema":{"@context":"https:\/\/schema.org","@graph":[{"@type":"WebPage","@id":"https:\/\/tiketi.com\/online-bus-tickets-from-addis-ababa-to-sodo\/","url":"https:\/\/tiketi.com\/online-bus-tickets-from-addis-ababa-to-sodo\/","name":"Bus de Addis-Abeba \u00e0 Sodo Billets de bus, itin\u00e9raire, horaires et tarifs","isPartOf":{"@id":"https:\/\/tiketi.com\/#website"},"primaryImageOfPage":{"@id":"https:\/\/tiketi.com\/online-bus-tickets-from-addis-ababa-to-sodo\/#primaryimage"},"image":{"@id":"https:\/\/tiketi.com\/online-bus-tickets-from-addis-ababa-to-sodo\/#primaryimage"},"thumbnailUrl":"https:\/\/tiketi.com\/wp-content\/uploads\/2022\/01\/bus-ticket-online-booking.jpg","datePublished":"2022-01-19T11:54:50+00:00","dateModified":"2022-01-26T21:44:16+00:00","description":"Vous recherchez une application de r\u00e9servation en ligne de billets de bus d&#039;Addis-Abeba \u00e0 Sodo, des tarifs et des horaires de bus\u00a0? R\u00e9servez des billets de bus pas chers de Addis-Abeba \u00e0 Sodo","breadcrumb":{"@id":"https:\/\/tiketi.com\/online-bus-tickets-from-addis-ababa-to-sodo\/#breadcrumb"},"inLanguage":"fr-FR","potentialAction":[{"@type":"ReadAction","target":["https:\/\/tiketi.com\/online-bus-tickets-from-addis-ababa-to-sodo\/"]}]},{"@type":"ImageObject","inLanguage":"fr-FR","@id":"https:\/\/tiketi.com\/online-bus-tickets-from-addis-ababa-to-sodo\/#primaryimage","url":"https:\/\/tiketi.com\/wp-content\/uploads\/2022\/01\/bus-ticket-online-booking.jpg","contentUrl":"https:\/\/tiketi.com\/wp-content\/uploads\/2022\/01\/bus-ticket-online-booking.jpg","width":1200,"height":206,"caption":"Online Bus Ticket Booking"},{"@type":"BreadcrumbList","@id":"https:\/\/tiketi.com\/online-bus-tickets-from-addis-ababa-to-sodo\/#breadcrumb","itemListElement":[{"@type":"ListItem","position":1,"name":"Home","item":"https:\/\/tiketi.com\/"},{"@type":"ListItem","position":2,"name":"Bus from Addis Ababa to Sodo, Bus Tickets, Route, Schedule &#038; Fare"}]},{"@type":"WebSite","@id":"https:\/\/tiketi.com\/#website","url":"https:\/\/tiketi.com\/","name":"Billets d&#039;avion et de bus, forfaits touristiques et activit\u00e9s - Tiketi.com","description":"Billets d&#039;avion et de bus, Tours, Activit\u00e9s","publisher":{"@id":"https:\/\/tiketi.com\/#organization"},"potentialAction":[{"@type":"SearchAction","target":{"@type":"EntryPoint","urlTemplate":"https:\/\/tiketi.com\/?s={search_term_string}"},"query-input":{"@type":"PropertyValueSpecification","valueRequired":true,"valueName":"search_term_string"}}],"inLanguage":"fr-FR"},{"@type":"Organization","@id":"https:\/\/tiketi.com\/#organization","name":"Tiketi.com","alternateName":"Tiketi","url":"https:\/\/tiketi.com\/","logo":{"@type":"ImageObject","inLanguage":"fr-FR","@id":"https:\/\/tiketi.com\/#\/schema\/logo\/image\/","url":"https:\/\/tiketi.com\/wp-content\/uploads\/2019\/05\/tiketi-logo-696.png","contentUrl":"https:\/\/tiketi.com\/wp-content\/uploads\/2019\/05\/tiketi-logo-696.png","width":696,"height":696,"caption":"Tiketi.com"},"image":{"@id":"https:\/\/tiketi.com\/#\/schema\/logo\/image\/"},"sameAs":["https:\/\/www.facebook.com\/TiketiCom\/"]}]}},"_links":{"self":[{"href":"https:\/\/tiketi.com\/fr-fr\/wp-json\/wp\/v2\/pages\/11527","targetHints":{"allow":["GET"]}}],"collection":[{"href":"https:\/\/tiketi.com\/fr-fr\/wp-json\/wp\/v2\/pages"}],"about":[{"href":"https:\/\/tiketi.com\/fr-fr\/wp-json\/wp\/v2\/types\/page"}],"author":[{"embeddable":true,"href":"https:\/\/tiketi.com\/fr-fr\/wp-json\/wp\/v2\/users\/1"}],"replies":[{"embeddable":true,"href":"https:\/\/tiketi.com\/fr-fr\/wp-json\/wp\/v2\/comments?post=11527"}],"version-history":[{"count":0,"href":"https:\/\/tiketi.com\/fr-fr\/wp-json\/wp\/v2\/pages\/11527\/revisions"}],"wp:featuredmedia":[{"embeddable":true,"href":"https:\/\/tiketi.com\/fr-fr\/wp-json\/wp\/v2\/media\/13999"}],"wp:attachment":[{"href":"https:\/\/tiketi.com\/fr-fr\/wp-json\/wp\/v2\/media?parent=11527"}],"curies":[{"name":"wp","href":"https:\/\/api.w.org\/{rel}","templated":true}]}}