{"id":11528,"date":"2022-01-19T12:54:50","date_gmt":"2022-01-19T11:54:50","guid":{"rendered":"https:\/\/new.tiketi.com\/bus-from-addis-ababa-to-shashemene-bus-tickets-route-schedule-fare\/"},"modified":"2022-01-26T22:41:59","modified_gmt":"2022-01-26T21:41:59","slug":"online-bus-tickets-from-addis-ababa-to-shashemen","status":"publish","type":"page","link":"https:\/\/tiketi.com\/fr-fr\/online-bus-tickets-from-addis-ababa-to-shashemen\/","title":{"rendered":"Bus de Addis-Abeba \u00e0 Shashemene, billets de bus, itin\u00e9raire, horaires et tarifs"},"content":{"rendered":"<h2>Billets de bus pas chers de Addis-Abeba \u00e0 Shashemene : r\u00e9servation en ligne<\/h2>\n<h3>D\u00e9couvrez votre itin\u00e9raire de voyage sur le Web, votre mobile ou votre application et r\u00e9servez d\u00e8s maintenant un billet de bus pas cher d&#039;Addis-Abeba \u00e0 Shashemene en ligne.<\/h3>\n<p>R\u00e9servez des billets de bus pas chers d&#039;Addis-Abeba \u00e0 Shashemene en ligne et voyagez d&#039;Addis-Abeba \u00e0 Shashemene par la route. Shashamane est une ville d&#039;Aanaa dans la r\u00e9gion d&#039;Oromia, zone West Arsi, en \u00c9thiopie. Le recensement national de 2007 a indiqu\u00e9 que la population totale de cette ville \u00e9tait de 100\u00a0455 habitants, dont 50\u00a0655 hommes et 49\u00a0900 femmes. Voici le guide pour r\u00e9server des billets de bus d\u2019Addis-Abeba \u00e0 Shashemene :<\/p>\n<h2>Bus de Addis-Abeba \u00e0 Shashemene Billets de bus, itin\u00e9raire, horaires et tarifs FAQ<\/h2>\n<h3>Quelle est la distance de Addis-Abeba \u00e0 Shashemene?<\/h3>\n<p>La distance entre Addis-Abeba et Shashemene en bus est de 210 km.<\/p>\n<h3>Puis-je conduire de Addis-Abeba \u00e0 Shashemene ?<\/h3>\n<p>Oui, la distance en bus de Addis-Abeba \u00e0 Shashemene est de 231 km. il faut environ 3h 35 m pour conduire de Addis-Abeba \u00e0 Shashemene ?<\/p>\n<h3>Quel est le moyen le plus rapide pour voyager de Addis-Abeba \u00e0 Shashemene ?<\/h3>\n<p>Le moyen le plus rapide de voyager de Adidas Ababa \u00e0 Shashemene est <a href=\"https:\/\/tiketi.com\/fr-fr\/flightst\/\" target=\"_blank\" rel=\"noopener\">voler<\/a> et bus ce qui dure 3h 35m.<\/p>\n<h3>Le bus d&#039;Addis-Abeba \u00e0 Shashemene est-il le moyen abordable de se rendre \u00e0 Shashemene ?<\/h3>\n<p>Le moyen pas cher d&#039;aller en bus d&#039;Addis-Abeba \u00e0 Shashemen. Billets de bus pas chers d&#039;Addis-Abeba \u00e0 Shashemene $40 \u2013 $70.<\/p>\n<h2>Conseils pour les billets de bus d\u2019Addis-Abeba \u00e0 Shashemene<\/h2>\n<p>Le fuseau horaire local est nomm\u00e9 Africa\/Adidas Ababa avec un d\u00e9calage UTC de trois heures. L&#039;a\u00e9roport le plus proche en \u00c9thiopie est l&#039;a\u00e9roport international de Bole, \u00e0 une distance de quinze milles (ou 23 km), au nord, outre les a\u00e9roports, il existe d&#039;autres choix de voyage accessibles.<\/p>\n<p>Il existe un lieu class\u00e9 au patrimoine mondial de l&#039;UNESCO. Son Tiya est \u00e0 39 km au sud.<\/p>\n<p>Le meilleur moment pour visiter en Addis-Abeba \u00e0 Shashemen\u0113 en bus est de janvier \u00e0 d\u00e9cembre, lorsque les une agr\u00e9able ou chaud temp\u00e9ratures sont et presque rien \u00e0 peu pluviosit\u00e9. La temp\u00e9rature moyenne la plus \u00e9lev\u00e9e \u00e0 Shashemene est de 27 \u00b0C en f\u00e9vrier et la temp\u00e9rature minimale est de 22 \u00b0C en juillet.<\/p>\n<p>Shashemene conna\u00eet deux types de climat, \u00e0 savoir le climat tropical de savane et le climat marin.<\/p>","protected":false},"excerpt":{"rendered":"<p>Cheap Bus Tickets from Addis Ababa to Shashemene Online Booking Discover your travel route on web, mobile or app and book cheap bus ticket from Addis Ababa to Shashemene online now Do cheap bus from Addis Ababa to Shashemene bus tickets online booking and travel Addis Ababa to Shashemene by road. Shashamane is a town [&hellip;]<\/p>\n","protected":false},"author":1,"featured_media":13999,"parent":0,"menu_order":0,"comment_status":"open","ping_status":"closed","template":"template-home-modern.php","meta":{"footnotes":""},"class_list":["post-11528","page","type-page","status-publish","has-post-thumbnail","hentry"],"yoast_head":"<!-- This site is optimized with the Yoast SEO plugin v27.3 - https:\/\/yoast.com\/product\/yoast-seo-wordpress\/ -->\n<title>Bus from Addis Ababa to Shashemene Bus Tickets, Route, Schedule, Fare<\/title>\n<meta name=\"description\" content=\"Looking for bus from Addis Ababa to Shashemene bus tickets online booking app, fare &amp; schedule? Book cheap bus tickets from Addis Ababa to Shashemene\" \/>\n<meta name=\"robots\" content=\"index, follow, max-snippet:-1, max-image-preview:large, max-video-preview:-1\" \/>\n<link rel=\"canonical\" href=\"https:\/\/tiketi.com\/fr-fr\/online-bus-tickets-from-addis-ababa-to-shashemen\/\" \/>\n<meta property=\"og:locale\" content=\"fr_FR\" \/>\n<meta property=\"og:type\" content=\"article\" \/>\n<meta property=\"og:title\" content=\"Bus from Addis Ababa to Shashemene Bus Tickets, Route, Schedule, Fare\" \/>\n<meta property=\"og:description\" content=\"Looking for bus from Addis Ababa to Shashemene bus tickets online booking app, fare &amp; schedule? Book cheap bus tickets from Addis Ababa to Shashemene\" \/>\n<meta property=\"og:url\" content=\"https:\/\/tiketi.com\/fr-fr\/online-bus-tickets-from-addis-ababa-to-shashemen\/\" \/>\n<meta property=\"og:site_name\" content=\"Tiketi.com\" \/>\n<meta property=\"article:publisher\" content=\"https:\/\/www.facebook.com\/TiketiCom\/\" \/>\n<meta property=\"article:modified_time\" content=\"2022-01-26T21:41:59+00:00\" \/>\n<meta property=\"og:image\" content=\"https:\/\/tiketi.com\/wp-content\/uploads\/2022\/01\/bus-ticket-online-booking.jpg\" \/>\n\t<meta property=\"og:image:width\" content=\"1200\" \/>\n\t<meta property=\"og:image:height\" content=\"206\" \/>\n\t<meta property=\"og:image:type\" content=\"image\/jpeg\" \/>\n<meta name=\"twitter:card\" content=\"summary_large_image\" \/>\n<meta name=\"twitter:label1\" content=\"Dur\u00e9e de lecture estim\u00e9e\" \/>\n\t<meta name=\"twitter:data1\" content=\"2 minutes\" \/>\n<script type=\"application\/ld+json\" class=\"yoast-schema-graph\">{\"@context\":\"https:\\\/\\\/schema.org\",\"@graph\":[{\"@type\":\"WebPage\",\"@id\":\"https:\\\/\\\/tiketi.com\\\/sw\\\/online-bus-tickets-from-addis-ababa-to-shashemen\\\/\",\"url\":\"https:\\\/\\\/tiketi.com\\\/sw\\\/online-bus-tickets-from-addis-ababa-to-shashemen\\\/\",\"name\":\"Bus from Addis Ababa to Shashemene Bus Tickets, Route, Schedule, Fare\",\"isPartOf\":{\"@id\":\"https:\\\/\\\/tiketi.com\\\/#website\"},\"primaryImageOfPage\":{\"@id\":\"https:\\\/\\\/tiketi.com\\\/sw\\\/online-bus-tickets-from-addis-ababa-to-shashemen\\\/#primaryimage\"},\"image\":{\"@id\":\"https:\\\/\\\/tiketi.com\\\/sw\\\/online-bus-tickets-from-addis-ababa-to-shashemen\\\/#primaryimage\"},\"thumbnailUrl\":\"https:\\\/\\\/tiketi.com\\\/wp-content\\\/uploads\\\/2022\\\/01\\\/bus-ticket-online-booking.jpg\",\"datePublished\":\"2022-01-19T11:54:50+00:00\",\"dateModified\":\"2022-01-26T21:41:59+00:00\",\"description\":\"Looking for bus from Addis Ababa to Shashemene bus tickets online booking app, fare & schedule? Book cheap bus tickets from Addis Ababa to Shashemene\",\"breadcrumb\":{\"@id\":\"https:\\\/\\\/tiketi.com\\\/sw\\\/online-bus-tickets-from-addis-ababa-to-shashemen\\\/#breadcrumb\"},\"inLanguage\":\"fr-FR\",\"potentialAction\":[{\"@type\":\"ReadAction\",\"target\":[\"https:\\\/\\\/tiketi.com\\\/sw\\\/online-bus-tickets-from-addis-ababa-to-shashemen\\\/\"]}]},{\"@type\":\"ImageObject\",\"inLanguage\":\"fr-FR\",\"@id\":\"https:\\\/\\\/tiketi.com\\\/sw\\\/online-bus-tickets-from-addis-ababa-to-shashemen\\\/#primaryimage\",\"url\":\"https:\\\/\\\/tiketi.com\\\/wp-content\\\/uploads\\\/2022\\\/01\\\/bus-ticket-online-booking.jpg\",\"contentUrl\":\"https:\\\/\\\/tiketi.com\\\/wp-content\\\/uploads\\\/2022\\\/01\\\/bus-ticket-online-booking.jpg\",\"width\":1200,\"height\":206,\"caption\":\"Online Bus Ticket Booking\"},{\"@type\":\"BreadcrumbList\",\"@id\":\"https:\\\/\\\/tiketi.com\\\/sw\\\/online-bus-tickets-from-addis-ababa-to-shashemen\\\/#breadcrumb\",\"itemListElement\":[{\"@type\":\"ListItem\",\"position\":1,\"name\":\"Home\",\"item\":\"https:\\\/\\\/tiketi.com\\\/\"},{\"@type\":\"ListItem\",\"position\":2,\"name\":\"Bus from Addis Ababa to Shashemene, Bus Tickets, Route, Schedule &#038; Fare\"}]},{\"@type\":\"WebSite\",\"@id\":\"https:\\\/\\\/tiketi.com\\\/#website\",\"url\":\"https:\\\/\\\/tiketi.com\\\/\",\"name\":\"Flight & Bus Tickets, Tour Packages & Activitites - Tiketi.com\",\"description\":\"Flight &amp; Bus Tickets, Tours, Activitites\",\"publisher\":{\"@id\":\"https:\\\/\\\/tiketi.com\\\/#organization\"},\"potentialAction\":[{\"@type\":\"SearchAction\",\"target\":{\"@type\":\"EntryPoint\",\"urlTemplate\":\"https:\\\/\\\/tiketi.com\\\/?s={search_term_string}\"},\"query-input\":{\"@type\":\"PropertyValueSpecification\",\"valueRequired\":true,\"valueName\":\"search_term_string\"}}],\"inLanguage\":\"fr-FR\"},{\"@type\":\"Organization\",\"@id\":\"https:\\\/\\\/tiketi.com\\\/#organization\",\"name\":\"Tiketi.com\",\"alternateName\":\"Tiketi\",\"url\":\"https:\\\/\\\/tiketi.com\\\/\",\"logo\":{\"@type\":\"ImageObject\",\"inLanguage\":\"fr-FR\",\"@id\":\"https:\\\/\\\/tiketi.com\\\/#\\\/schema\\\/logo\\\/image\\\/\",\"url\":\"https:\\\/\\\/tiketi.com\\\/wp-content\\\/uploads\\\/2019\\\/05\\\/tiketi-logo-696.png\",\"contentUrl\":\"https:\\\/\\\/tiketi.com\\\/wp-content\\\/uploads\\\/2019\\\/05\\\/tiketi-logo-696.png\",\"width\":696,\"height\":696,\"caption\":\"Tiketi.com\"},\"image\":{\"@id\":\"https:\\\/\\\/tiketi.com\\\/#\\\/schema\\\/logo\\\/image\\\/\"},\"sameAs\":[\"https:\\\/\\\/www.facebook.com\\\/TiketiCom\\\/\"]}]}<\/script>\n<!-- \/ Yoast SEO plugin. -->","yoast_head_json":{"title":"Bus d&#039;Addis-Abeba \u00e0 Shashemene Billets de bus, itin\u00e9raire, horaires, tarifs","description":"Vous recherchez des billets de bus d&#039;Addis-Abeba \u00e0 Shashemene, une application de r\u00e9servation en ligne, des tarifs et des horaires ? R\u00e9servez des billets de bus pas chers de Addis-Abeba \u00e0 Shashemene","robots":{"index":"index","follow":"follow","max-snippet":"max-snippet:-1","max-image-preview":"max-image-preview:large","max-video-preview":"max-video-preview:-1"},"canonical":"https:\/\/tiketi.com\/fr-fr\/online-bus-tickets-from-addis-ababa-to-shashemen\/","og_locale":"fr_FR","og_type":"article","og_title":"Bus from Addis Ababa to Shashemene Bus Tickets, Route, Schedule, Fare","og_description":"Looking for bus from Addis Ababa to Shashemene bus tickets online booking app, fare & schedule? Book cheap bus tickets from Addis Ababa to Shashemene","og_url":"https:\/\/tiketi.com\/fr-fr\/online-bus-tickets-from-addis-ababa-to-shashemen\/","og_site_name":"Tiketi.com","article_publisher":"https:\/\/www.facebook.com\/TiketiCom\/","article_modified_time":"2022-01-26T21:41:59+00:00","og_image":[{"width":1200,"height":206,"url":"https:\/\/tiketi.com\/wp-content\/uploads\/2022\/01\/bus-ticket-online-booking.jpg","type":"image\/jpeg"}],"twitter_card":"summary_large_image","twitter_misc":{"Dur\u00e9e de lecture estim\u00e9e":"2 minutes"},"schema":{"@context":"https:\/\/schema.org","@graph":[{"@type":"WebPage","@id":"https:\/\/tiketi.com\/sw\/online-bus-tickets-from-addis-ababa-to-shashemen\/","url":"https:\/\/tiketi.com\/sw\/online-bus-tickets-from-addis-ababa-to-shashemen\/","name":"Bus d&#039;Addis-Abeba \u00e0 Shashemene Billets de bus, itin\u00e9raire, horaires, tarifs","isPartOf":{"@id":"https:\/\/tiketi.com\/#website"},"primaryImageOfPage":{"@id":"https:\/\/tiketi.com\/sw\/online-bus-tickets-from-addis-ababa-to-shashemen\/#primaryimage"},"image":{"@id":"https:\/\/tiketi.com\/sw\/online-bus-tickets-from-addis-ababa-to-shashemen\/#primaryimage"},"thumbnailUrl":"https:\/\/tiketi.com\/wp-content\/uploads\/2022\/01\/bus-ticket-online-booking.jpg","datePublished":"2022-01-19T11:54:50+00:00","dateModified":"2022-01-26T21:41:59+00:00","description":"Vous recherchez des billets de bus d&#039;Addis-Abeba \u00e0 Shashemene, une application de r\u00e9servation en ligne, des tarifs et des horaires ? R\u00e9servez des billets de bus pas chers de Addis-Abeba \u00e0 Shashemene","breadcrumb":{"@id":"https:\/\/tiketi.com\/sw\/online-bus-tickets-from-addis-ababa-to-shashemen\/#breadcrumb"},"inLanguage":"fr-FR","potentialAction":[{"@type":"ReadAction","target":["https:\/\/tiketi.com\/sw\/online-bus-tickets-from-addis-ababa-to-shashemen\/"]}]},{"@type":"ImageObject","inLanguage":"fr-FR","@id":"https:\/\/tiketi.com\/sw\/online-bus-tickets-from-addis-ababa-to-shashemen\/#primaryimage","url":"https:\/\/tiketi.com\/wp-content\/uploads\/2022\/01\/bus-ticket-online-booking.jpg","contentUrl":"https:\/\/tiketi.com\/wp-content\/uploads\/2022\/01\/bus-ticket-online-booking.jpg","width":1200,"height":206,"caption":"Online Bus Ticket Booking"},{"@type":"BreadcrumbList","@id":"https:\/\/tiketi.com\/sw\/online-bus-tickets-from-addis-ababa-to-shashemen\/#breadcrumb","itemListElement":[{"@type":"ListItem","position":1,"name":"Home","item":"https:\/\/tiketi.com\/"},{"@type":"ListItem","position":2,"name":"Bus from Addis Ababa to Shashemene, Bus Tickets, Route, Schedule &#038; Fare"}]},{"@type":"WebSite","@id":"https:\/\/tiketi.com\/#website","url":"https:\/\/tiketi.com\/","name":"Billets d&#039;avion et de bus, forfaits touristiques et activit\u00e9s - Tiketi.com","description":"Billets d&#039;avion et de bus, Tours, Activit\u00e9s","publisher":{"@id":"https:\/\/tiketi.com\/#organization"},"potentialAction":[{"@type":"SearchAction","target":{"@type":"EntryPoint","urlTemplate":"https:\/\/tiketi.com\/?s={search_term_string}"},"query-input":{"@type":"PropertyValueSpecification","valueRequired":true,"valueName":"search_term_string"}}],"inLanguage":"fr-FR"},{"@type":"Organization","@id":"https:\/\/tiketi.com\/#organization","name":"Tiketi.com","alternateName":"Tiketi","url":"https:\/\/tiketi.com\/","logo":{"@type":"ImageObject","inLanguage":"fr-FR","@id":"https:\/\/tiketi.com\/#\/schema\/logo\/image\/","url":"https:\/\/tiketi.com\/wp-content\/uploads\/2019\/05\/tiketi-logo-696.png","contentUrl":"https:\/\/tiketi.com\/wp-content\/uploads\/2019\/05\/tiketi-logo-696.png","width":696,"height":696,"caption":"Tiketi.com"},"image":{"@id":"https:\/\/tiketi.com\/#\/schema\/logo\/image\/"},"sameAs":["https:\/\/www.facebook.com\/TiketiCom\/"]}]}},"_links":{"self":[{"href":"https:\/\/tiketi.com\/fr-fr\/wp-json\/wp\/v2\/pages\/11528","targetHints":{"allow":["GET"]}}],"collection":[{"href":"https:\/\/tiketi.com\/fr-fr\/wp-json\/wp\/v2\/pages"}],"about":[{"href":"https:\/\/tiketi.com\/fr-fr\/wp-json\/wp\/v2\/types\/page"}],"author":[{"embeddable":true,"href":"https:\/\/tiketi.com\/fr-fr\/wp-json\/wp\/v2\/users\/1"}],"replies":[{"embeddable":true,"href":"https:\/\/tiketi.com\/fr-fr\/wp-json\/wp\/v2\/comments?post=11528"}],"version-history":[{"count":0,"href":"https:\/\/tiketi.com\/fr-fr\/wp-json\/wp\/v2\/pages\/11528\/revisions"}],"wp:featuredmedia":[{"embeddable":true,"href":"https:\/\/tiketi.com\/fr-fr\/wp-json\/wp\/v2\/media\/13999"}],"wp:attachment":[{"href":"https:\/\/tiketi.com\/fr-fr\/wp-json\/wp\/v2\/media?parent=11528"}],"curies":[{"name":"wp","href":"https:\/\/api.w.org\/{rel}","templated":true}]}}