{"id":11530,"date":"2022-01-19T12:54:51","date_gmt":"2022-01-19T11:54:51","guid":{"rendered":"https:\/\/new.tiketi.com\/bus-from-addis-ababa-to-kombolcha-bus-tickets-route-schedule-fare\/"},"modified":"2022-01-26T22:37:55","modified_gmt":"2022-01-26T21:37:55","slug":"online-bus-tickets-from-addis-ababa-to-jimma-kombolcha","status":"publish","type":"page","link":"https:\/\/tiketi.com\/fr-fr\/online-bus-tickets-from-addis-ababa-to-jimma-kombolcha\/","title":{"rendered":"Bus de Addis-Abeba \u00e0 Kombolcha, billets de bus, itin\u00e9raire, horaires et tarifs"},"content":{"rendered":"<h2>Billets de bus pas chers d&#039;Addis-Abeba \u00e0 Kombolcha R\u00e9servation en ligne<\/h2>\n<h3>D\u00e9couvrez votre itin\u00e9raire sur le web, le mobile ou l&#039;application et r\u00e9servez en ligne maintenant un billet de bus pas cher de Addis-Abeba \u00e0 Kombolcha.<\/h3>\n<p>R\u00e9servez en ligne des billets de bus pas chers d&#039;Addis-Abeba \u00e0 Kombolcha et voyagez d&#039;Addis-Abeba \u00e0 Kombolcha par la route. Kombolcha pr\u00e9sente un joli int\u00e9r\u00eat pour les visiteurs, c&#039;est une grande ville textile sans charme o\u00f9 l&#039;on s&#039;arr\u00eate d\u00e9finitivement pour des raisons logistiques. Beaucoup de visiteurs pr\u00e9f\u00e8rent voler directement vers Mekele ou Lalibel pour ne pas perdre 2 jours de voyage, passant la nuit \u00e0 Dessie ou Kombolcha, l&#039;autre grande ville de la r\u00e9gion d&#039;Amhara avec 250 000 habitants. Voici le guide pour r\u00e9server des billets de bus d&#039;Addis-Abeba \u00e0 Kombolcha :<\/p>\n<h2>Bus de Addis-Abeba \u00e0 Kombolcha Billets de bus, itin\u00e9raire, horaires et tarifs FAQ<\/h2>\n<h3>Le bus Addis-Abeba-Kombolcha est-il le moyen le plus \u00e9conomique de se rendre \u00e0 Kombolcha ?<\/h3>\n<p>Le moyen abordable de se rendre de Addis-Abeba \u00e0 Mombolcha est en avion et bus qui co\u00fbte $110 - $280 et prend 1h 20m.<\/p>\n<h3>Quelle est la distance du trajet de bus Addis-Abeba \u00e0 Kombolcha ?<\/h3>\n<p>La distance du trajet en bus Addis-Abeba \u00e0 Kombolcha est de 253 km.<\/p>\n<h3>Puis-je conduire de Addis-Abeba \u00e0 Kombolcha ?<\/h3>\n<p>Oui, la distance de Addis-Abeba \u00e0 Kombolcha en bus est de 378 km. Il faut environ 5h 30 m pour conduire de Addis-Abeba \u00e0 Kombolcha.<\/p>\n<h3>Quel est le moyen le plus rapide pour se rendre de Addis-Abeba \u00e0 Kombolcha ?<\/h3>\n<p>Le moyen le plus rapide pour se rendre de Addis-Abeba \u00e0 Kombolcha est de <a href=\"https:\/\/tiketi.com\/fr-fr\/flightst\/\" target=\"_blank\" rel=\"noopener\">voler<\/a> et bus qui co\u00fbte $110 \u2013 $280 et dure 1h 20m.<\/p>\n<h2>Billets de bus de Addis-Abeba \u00e0 Kombolcha Tips<\/h2>\n<p>La bonne nouvelle est que de nombreux nouveaux h\u00f4tels relaxants bon march\u00e9 ont ouvert ici, ce qui en fait une escale id\u00e9ale. Vous \u00eates r\u00e9compens\u00e9 par la route la plus charmante allant au nord de la ville.<\/p>\n<p>Ceux qui ont le temps et passent par Kombolcha peuvent visiter le monast\u00e8re de Gishen, l&#039;un des plus v\u00e9n\u00e9r\u00e9s d&#039;Ethiopie ainsi que le monast\u00e8re de Debre Damo. Elle a \u00e9t\u00e9 fond\u00e9e au XVe si\u00e8cle par le roi Kaleb, selon la l\u00e9gende domestique, et abrite des reliques effray\u00e9es qui sont arriv\u00e9es en \u00c9thiopie au XIVe si\u00e8cle sous le r\u00e8gne du roi Dawit. Seuls les hommes sont autoris\u00e9s \u00e0 visiter le monast\u00e8re d&#039;Estifanos, situ\u00e9 sur la p\u00e9ninsule de Gishen.<\/p>","protected":false},"excerpt":{"rendered":"<p>Cheap Bus Tickets from\u00a0Addis Ababa to Kombolcha\u00a0Online Booking Discover your travel route on web, mobile or app and book cheap bus ticket from Addis Ababa to Kombolcha online now. Do cheap bus from Addis Ababa to Kombolcha bus tickets online booking and travel Addis Ababa to Kombolcha by road.\u00a0Kombolcha presents a pretty interest of visitors, [&hellip;]<\/p>\n","protected":false},"author":1,"featured_media":13999,"parent":0,"menu_order":0,"comment_status":"open","ping_status":"closed","template":"template-home-modern.php","meta":{"footnotes":""},"class_list":["post-11530","page","type-page","status-publish","has-post-thumbnail","hentry"],"yoast_head":"<!-- This site is optimized with the Yoast SEO plugin v27.3 - https:\/\/yoast.com\/product\/yoast-seo-wordpress\/ -->\n<title>Bus from Addis Ababa to Kombolcha Bus Tickets, Route, Schedule &amp; Fare<\/title>\n<meta name=\"description\" content=\"Looking for bus from Addis Ababa to Kombolcha bus ticket online booking app,fare &amp; schedule? Book cheap bus tickets from Addis Ababa to Kombolcha\" \/>\n<meta name=\"robots\" content=\"index, follow, max-snippet:-1, max-image-preview:large, max-video-preview:-1\" \/>\n<link rel=\"canonical\" href=\"https:\/\/tiketi.com\/fr-fr\/online-bus-tickets-from-addis-ababa-to-jimma-kombolcha\/\" \/>\n<meta property=\"og:locale\" content=\"fr_FR\" \/>\n<meta property=\"og:type\" content=\"article\" \/>\n<meta property=\"og:title\" content=\"Bus from Addis Ababa to Kombolcha Bus Tickets, Route, Schedule &amp; Fare\" \/>\n<meta property=\"og:description\" content=\"Looking for bus from Addis Ababa to Kombolcha bus ticket online booking app,fare &amp; schedule? Book cheap bus tickets from Addis Ababa to Kombolcha\" \/>\n<meta property=\"og:url\" content=\"https:\/\/tiketi.com\/fr-fr\/online-bus-tickets-from-addis-ababa-to-jimma-kombolcha\/\" \/>\n<meta property=\"og:site_name\" content=\"Tiketi.com\" \/>\n<meta property=\"article:publisher\" content=\"https:\/\/www.facebook.com\/TiketiCom\/\" \/>\n<meta property=\"article:modified_time\" content=\"2022-01-26T21:37:55+00:00\" \/>\n<meta property=\"og:image\" content=\"https:\/\/tiketi.com\/wp-content\/uploads\/2022\/01\/bus-ticket-online-booking.jpg\" \/>\n\t<meta property=\"og:image:width\" content=\"1200\" \/>\n\t<meta property=\"og:image:height\" content=\"206\" \/>\n\t<meta property=\"og:image:type\" content=\"image\/jpeg\" \/>\n<meta name=\"twitter:card\" content=\"summary_large_image\" \/>\n<meta name=\"twitter:label1\" content=\"Dur\u00e9e de lecture estim\u00e9e\" \/>\n\t<meta name=\"twitter:data1\" content=\"2 minutes\" \/>\n<script type=\"application\/ld+json\" class=\"yoast-schema-graph\">{\"@context\":\"https:\\\/\\\/schema.org\",\"@graph\":[{\"@type\":\"WebPage\",\"@id\":\"https:\\\/\\\/tiketi.com\\\/online-bus-tickets-from-addis-ababa-to-jimma-kombolcha\\\/\",\"url\":\"https:\\\/\\\/tiketi.com\\\/online-bus-tickets-from-addis-ababa-to-jimma-kombolcha\\\/\",\"name\":\"Bus from Addis Ababa to Kombolcha Bus Tickets, Route, Schedule & Fare\",\"isPartOf\":{\"@id\":\"https:\\\/\\\/tiketi.com\\\/#website\"},\"primaryImageOfPage\":{\"@id\":\"https:\\\/\\\/tiketi.com\\\/online-bus-tickets-from-addis-ababa-to-jimma-kombolcha\\\/#primaryimage\"},\"image\":{\"@id\":\"https:\\\/\\\/tiketi.com\\\/online-bus-tickets-from-addis-ababa-to-jimma-kombolcha\\\/#primaryimage\"},\"thumbnailUrl\":\"https:\\\/\\\/tiketi.com\\\/wp-content\\\/uploads\\\/2022\\\/01\\\/bus-ticket-online-booking.jpg\",\"datePublished\":\"2022-01-19T11:54:51+00:00\",\"dateModified\":\"2022-01-26T21:37:55+00:00\",\"description\":\"Looking for bus from Addis Ababa to Kombolcha bus ticket online booking app,fare & schedule? Book cheap bus tickets from Addis Ababa to Kombolcha\",\"breadcrumb\":{\"@id\":\"https:\\\/\\\/tiketi.com\\\/online-bus-tickets-from-addis-ababa-to-jimma-kombolcha\\\/#breadcrumb\"},\"inLanguage\":\"fr-FR\",\"potentialAction\":[{\"@type\":\"ReadAction\",\"target\":[\"https:\\\/\\\/tiketi.com\\\/online-bus-tickets-from-addis-ababa-to-jimma-kombolcha\\\/\"]}]},{\"@type\":\"ImageObject\",\"inLanguage\":\"fr-FR\",\"@id\":\"https:\\\/\\\/tiketi.com\\\/online-bus-tickets-from-addis-ababa-to-jimma-kombolcha\\\/#primaryimage\",\"url\":\"https:\\\/\\\/tiketi.com\\\/wp-content\\\/uploads\\\/2022\\\/01\\\/bus-ticket-online-booking.jpg\",\"contentUrl\":\"https:\\\/\\\/tiketi.com\\\/wp-content\\\/uploads\\\/2022\\\/01\\\/bus-ticket-online-booking.jpg\",\"width\":1200,\"height\":206,\"caption\":\"Online Bus Ticket Booking\"},{\"@type\":\"BreadcrumbList\",\"@id\":\"https:\\\/\\\/tiketi.com\\\/online-bus-tickets-from-addis-ababa-to-jimma-kombolcha\\\/#breadcrumb\",\"itemListElement\":[{\"@type\":\"ListItem\",\"position\":1,\"name\":\"Home\",\"item\":\"https:\\\/\\\/tiketi.com\\\/\"},{\"@type\":\"ListItem\",\"position\":2,\"name\":\"Bus from Addis Ababa to Kombolcha, Bus Tickets, Route, Schedule &#038; Fare\"}]},{\"@type\":\"WebSite\",\"@id\":\"https:\\\/\\\/tiketi.com\\\/#website\",\"url\":\"https:\\\/\\\/tiketi.com\\\/\",\"name\":\"Flight & Bus Tickets, Tour Packages & Activitites - Tiketi.com\",\"description\":\"Flight &amp; Bus Tickets, Tours, Activitites\",\"publisher\":{\"@id\":\"https:\\\/\\\/tiketi.com\\\/#organization\"},\"potentialAction\":[{\"@type\":\"SearchAction\",\"target\":{\"@type\":\"EntryPoint\",\"urlTemplate\":\"https:\\\/\\\/tiketi.com\\\/?s={search_term_string}\"},\"query-input\":{\"@type\":\"PropertyValueSpecification\",\"valueRequired\":true,\"valueName\":\"search_term_string\"}}],\"inLanguage\":\"fr-FR\"},{\"@type\":\"Organization\",\"@id\":\"https:\\\/\\\/tiketi.com\\\/#organization\",\"name\":\"Tiketi.com\",\"alternateName\":\"Tiketi\",\"url\":\"https:\\\/\\\/tiketi.com\\\/\",\"logo\":{\"@type\":\"ImageObject\",\"inLanguage\":\"fr-FR\",\"@id\":\"https:\\\/\\\/tiketi.com\\\/#\\\/schema\\\/logo\\\/image\\\/\",\"url\":\"https:\\\/\\\/tiketi.com\\\/wp-content\\\/uploads\\\/2019\\\/05\\\/tiketi-logo-696.png\",\"contentUrl\":\"https:\\\/\\\/tiketi.com\\\/wp-content\\\/uploads\\\/2019\\\/05\\\/tiketi-logo-696.png\",\"width\":696,\"height\":696,\"caption\":\"Tiketi.com\"},\"image\":{\"@id\":\"https:\\\/\\\/tiketi.com\\\/#\\\/schema\\\/logo\\\/image\\\/\"},\"sameAs\":[\"https:\\\/\\\/www.facebook.com\\\/TiketiCom\\\/\"]}]}<\/script>\n<!-- \/ Yoast SEO plugin. -->","yoast_head_json":{"title":"Bus de Addis-Abeba \u00e0 Kombolcha Billets de bus, itin\u00e9raire, horaires et tarifs","description":"Vous recherchez un bus d&#039;Addis-Abeba \u00e0 Kombolcha application de r\u00e9servation en ligne de billets de bus, tarifs et horaires? R\u00e9servez des billets de bus pas chers de Addis-Abeba \u00e0 Kombolcha","robots":{"index":"index","follow":"follow","max-snippet":"max-snippet:-1","max-image-preview":"max-image-preview:large","max-video-preview":"max-video-preview:-1"},"canonical":"https:\/\/tiketi.com\/fr-fr\/online-bus-tickets-from-addis-ababa-to-jimma-kombolcha\/","og_locale":"fr_FR","og_type":"article","og_title":"Bus from Addis Ababa to Kombolcha Bus Tickets, Route, Schedule & Fare","og_description":"Looking for bus from Addis Ababa to Kombolcha bus ticket online booking app,fare & schedule? Book cheap bus tickets from Addis Ababa to Kombolcha","og_url":"https:\/\/tiketi.com\/fr-fr\/online-bus-tickets-from-addis-ababa-to-jimma-kombolcha\/","og_site_name":"Tiketi.com","article_publisher":"https:\/\/www.facebook.com\/TiketiCom\/","article_modified_time":"2022-01-26T21:37:55+00:00","og_image":[{"width":1200,"height":206,"url":"https:\/\/tiketi.com\/wp-content\/uploads\/2022\/01\/bus-ticket-online-booking.jpg","type":"image\/jpeg"}],"twitter_card":"summary_large_image","twitter_misc":{"Dur\u00e9e de lecture estim\u00e9e":"2 minutes"},"schema":{"@context":"https:\/\/schema.org","@graph":[{"@type":"WebPage","@id":"https:\/\/tiketi.com\/online-bus-tickets-from-addis-ababa-to-jimma-kombolcha\/","url":"https:\/\/tiketi.com\/online-bus-tickets-from-addis-ababa-to-jimma-kombolcha\/","name":"Bus de Addis-Abeba \u00e0 Kombolcha Billets de bus, itin\u00e9raire, horaires et tarifs","isPartOf":{"@id":"https:\/\/tiketi.com\/#website"},"primaryImageOfPage":{"@id":"https:\/\/tiketi.com\/online-bus-tickets-from-addis-ababa-to-jimma-kombolcha\/#primaryimage"},"image":{"@id":"https:\/\/tiketi.com\/online-bus-tickets-from-addis-ababa-to-jimma-kombolcha\/#primaryimage"},"thumbnailUrl":"https:\/\/tiketi.com\/wp-content\/uploads\/2022\/01\/bus-ticket-online-booking.jpg","datePublished":"2022-01-19T11:54:51+00:00","dateModified":"2022-01-26T21:37:55+00:00","description":"Vous recherchez un bus d&#039;Addis-Abeba \u00e0 Kombolcha application de r\u00e9servation en ligne de billets de bus, tarifs et horaires? R\u00e9servez des billets de bus pas chers de Addis-Abeba \u00e0 Kombolcha","breadcrumb":{"@id":"https:\/\/tiketi.com\/online-bus-tickets-from-addis-ababa-to-jimma-kombolcha\/#breadcrumb"},"inLanguage":"fr-FR","potentialAction":[{"@type":"ReadAction","target":["https:\/\/tiketi.com\/online-bus-tickets-from-addis-ababa-to-jimma-kombolcha\/"]}]},{"@type":"ImageObject","inLanguage":"fr-FR","@id":"https:\/\/tiketi.com\/online-bus-tickets-from-addis-ababa-to-jimma-kombolcha\/#primaryimage","url":"https:\/\/tiketi.com\/wp-content\/uploads\/2022\/01\/bus-ticket-online-booking.jpg","contentUrl":"https:\/\/tiketi.com\/wp-content\/uploads\/2022\/01\/bus-ticket-online-booking.jpg","width":1200,"height":206,"caption":"Online Bus Ticket Booking"},{"@type":"BreadcrumbList","@id":"https:\/\/tiketi.com\/online-bus-tickets-from-addis-ababa-to-jimma-kombolcha\/#breadcrumb","itemListElement":[{"@type":"ListItem","position":1,"name":"Home","item":"https:\/\/tiketi.com\/"},{"@type":"ListItem","position":2,"name":"Bus from Addis Ababa to Kombolcha, Bus Tickets, Route, Schedule &#038; Fare"}]},{"@type":"WebSite","@id":"https:\/\/tiketi.com\/#website","url":"https:\/\/tiketi.com\/","name":"Billets d&#039;avion et de bus, forfaits touristiques et activit\u00e9s - Tiketi.com","description":"Billets d&#039;avion et de bus, Tours, Activit\u00e9s","publisher":{"@id":"https:\/\/tiketi.com\/#organization"},"potentialAction":[{"@type":"SearchAction","target":{"@type":"EntryPoint","urlTemplate":"https:\/\/tiketi.com\/?s={search_term_string}"},"query-input":{"@type":"PropertyValueSpecification","valueRequired":true,"valueName":"search_term_string"}}],"inLanguage":"fr-FR"},{"@type":"Organization","@id":"https:\/\/tiketi.com\/#organization","name":"Tiketi.com","alternateName":"Tiketi","url":"https:\/\/tiketi.com\/","logo":{"@type":"ImageObject","inLanguage":"fr-FR","@id":"https:\/\/tiketi.com\/#\/schema\/logo\/image\/","url":"https:\/\/tiketi.com\/wp-content\/uploads\/2019\/05\/tiketi-logo-696.png","contentUrl":"https:\/\/tiketi.com\/wp-content\/uploads\/2019\/05\/tiketi-logo-696.png","width":696,"height":696,"caption":"Tiketi.com"},"image":{"@id":"https:\/\/tiketi.com\/#\/schema\/logo\/image\/"},"sameAs":["https:\/\/www.facebook.com\/TiketiCom\/"]}]}},"_links":{"self":[{"href":"https:\/\/tiketi.com\/fr-fr\/wp-json\/wp\/v2\/pages\/11530","targetHints":{"allow":["GET"]}}],"collection":[{"href":"https:\/\/tiketi.com\/fr-fr\/wp-json\/wp\/v2\/pages"}],"about":[{"href":"https:\/\/tiketi.com\/fr-fr\/wp-json\/wp\/v2\/types\/page"}],"author":[{"embeddable":true,"href":"https:\/\/tiketi.com\/fr-fr\/wp-json\/wp\/v2\/users\/1"}],"replies":[{"embeddable":true,"href":"https:\/\/tiketi.com\/fr-fr\/wp-json\/wp\/v2\/comments?post=11530"}],"version-history":[{"count":0,"href":"https:\/\/tiketi.com\/fr-fr\/wp-json\/wp\/v2\/pages\/11530\/revisions"}],"wp:featuredmedia":[{"embeddable":true,"href":"https:\/\/tiketi.com\/fr-fr\/wp-json\/wp\/v2\/media\/13999"}],"wp:attachment":[{"href":"https:\/\/tiketi.com\/fr-fr\/wp-json\/wp\/v2\/media?parent=11530"}],"curies":[{"name":"wp","href":"https:\/\/api.w.org\/{rel}","templated":true}]}}