{"id":11534,"date":"2022-01-19T12:54:51","date_gmt":"2022-01-19T11:54:51","guid":{"rendered":"https:\/\/new.tiketi.com\/bus-from-addis-ababa-to-bishoftu-bus-tickets-route-schedule-fare\/"},"modified":"2022-01-26T22:24:38","modified_gmt":"2022-01-26T21:24:38","slug":"online-bus-tickets-from-addis-ababa-to-bishoftu","status":"publish","type":"page","link":"https:\/\/tiketi.com\/fr-fr\/online-bus-tickets-from-addis-ababa-to-bishoftu\/","title":{"rendered":"Bus de Addis-Abeba \u00e0 Bishoftu, billets de bus, itin\u00e9raire, horaires et tarifs"},"content":{"rendered":"<h2>Billets de bus pas chers d&#039;Addis-Abeba \u00e0 Bishoftu R\u00e9servation en ligne<\/h2>\n<h3>D\u00e9couvrez votre itin\u00e9raire sur le web, le mobile ou l&#039;application et r\u00e9servez en ligne maintenant un billet de bus pas cher de Addis-Abeba \u00e0 Bishoftu.<\/h3>\n<p>R\u00e9servez en ligne des billets de bus pas chers d&#039;Addis-Abeba \u00e0 Bishoftu et voyagez d&#039;Addis-Abeba \u00e0 Bishoftu par la route. Bishoftu est une ville et une partie du woreda \u00c9thiopie, situ\u00e9e au sud-est d&#039;Addis-Abeba. Elle s&#039;appelait autrefois Debre Zeyit, de toute fa\u00e7on depuis la fin des ann\u00e9es 1990, elle est officiellement connue sous le nom Oromo, Bishoftu, qui \u00e9tait son nom jusqu&#039;en 1955. La ville est situ\u00e9e dans la zone Misraq Shewa de la r\u00e9gion d&#039;Oromia, et a une \u00e9l\u00e9vation de 1920m. Alors r\u00e9servez d\u00e8s maintenant vos billets de bus d&#039;Addis-Abeba \u00e0 Bishoftu :<\/p>\n<h2>Bus de Addis-Abeba \u00e0 Bishoftu FAQ sur les billets de bus, les itin\u00e9raires, les horaires et les tarifs<\/h2>\n<h3>Le bus Addis-Abeba-Bishofu est-il le moyen le plus \u00e9conomique de se rendre \u00e0 Bishofu ?<\/h3>\n<p>Le moyen abordable de se rendre de Addis-Abeba \u00e0 Bishoftu est en avion et bus qui co\u00fbte $180 - $600 et prend 17 h 50m.<\/p>\n<h3>Quelle est la distance entre Addis-Abeba et Bishoftu en bus ?<\/h3>\n<p>La distance de bus Addis-Abeba \u00e0 Bishoftu est de 4599 km.<\/p>\n<h3>Puis-je conduire de Addis-Abeba \u00e0 Bishoftu ?<\/h3>\n<p>Oui, la distance de Addis-Abeba \u00e0 Bishoftu en bus est de 6772 km. Il faut 3 jours 15h pour conduire de Addis-Abeba \u00e0 Bishoftu.<\/p>\n<h3>Quel est le moyen le plus rapide pour se rendre de Addis-Abeba \u00e0 Bishoftu ?<\/h3>\n<p>Le moyen le plus rapide pour se rendre de Addis-Abeba \u00e0 Bishoftu est de <a href=\"https:\/\/tiketi.com\/fr-fr\/flightst\/\" target=\"_blank\" rel=\"noopener\">voler<\/a> et bus qui co\u00fbte $230 \u2013 $750 et dure 11h 50m.<\/p>\n<h2>Billets de bus de Addis-Abeba \u00e0 Bishoftu Tips<\/h2>\n<p>Pr\u00e8s des points d&#039;int\u00e9r\u00eat comprennent le lac Green Crater, le mont Yerer et le lac Hora Kiloli. C&#039;est une station baln\u00e9aire, c\u00e9l\u00e8bre pour ses 5 lacs de crat\u00e8re : le lac Hora, le lac Bishoftu, le lac Koriftu, le lac Bishoftu Gusa et le lac saisonnier Cheleklala. Bishoftu abrite l&#039;a\u00e9roport Harar Meda et l&#039;arm\u00e9e de l&#039;air \u00e9thiopienne, ainsi que la gare du chemin de fer Addis-Abeba - Djibouti. La ville abrite l&#039;Institut v\u00e9t\u00e9rinaire national d&#039;\u00c9thiopie, construit en 1963, le principal centre de recherche et de fabrication de vaccins v\u00e9t\u00e9rinaires qui fabrique actuellement plus de vingt vaccins pour le b\u00e9tail.<\/p>","protected":false},"excerpt":{"rendered":"<p>Cheap Bus Tickets from\u00a0Addis Ababa to Bishoftu\u00a0Online Booking Discover your travel route on web, mobile or app and book cheap bus ticket from Addis Ababa to Bishoftu online now. Do cheap bus from Addis Ababa to Bishoftu bus tickets online booking and travel Addis Ababa to Bishoftu by road.\u00a0Bishoftu is a town and part of [&hellip;]<\/p>\n","protected":false},"author":1,"featured_media":13999,"parent":0,"menu_order":0,"comment_status":"open","ping_status":"closed","template":"template-home-modern.php","meta":{"footnotes":""},"class_list":["post-11534","page","type-page","status-publish","has-post-thumbnail","hentry"],"yoast_head":"<!-- This site is optimized with the Yoast SEO plugin v27.3 - https:\/\/yoast.com\/product\/yoast-seo-wordpress\/ -->\n<title>Bus from Addis Ababa to Bishoftu Bus Tickets, Route, Schedule &amp; Fare<\/title>\n<meta name=\"description\" content=\"Looking for bus from Addis Ababa to Bishoftu bus ticket online booking app,fare &amp; schedule? Book cheap bus tickets from Addis Ababa to Bishoftu online now\" \/>\n<meta name=\"robots\" content=\"index, follow, max-snippet:-1, max-image-preview:large, max-video-preview:-1\" \/>\n<link rel=\"canonical\" href=\"https:\/\/tiketi.com\/fr-fr\/online-bus-tickets-from-addis-ababa-to-bishoftu\/\" \/>\n<meta property=\"og:locale\" content=\"fr_FR\" \/>\n<meta property=\"og:type\" content=\"article\" \/>\n<meta property=\"og:title\" content=\"Bus from Addis Ababa to Bishoftu Bus Tickets, Route, Schedule &amp; Fare\" \/>\n<meta property=\"og:description\" content=\"Looking for bus from Addis Ababa to Bishoftu bus ticket online booking app,fare &amp; schedule? Book cheap bus tickets from Addis Ababa to Bishoftu online now\" \/>\n<meta property=\"og:url\" content=\"https:\/\/tiketi.com\/fr-fr\/online-bus-tickets-from-addis-ababa-to-bishoftu\/\" \/>\n<meta property=\"og:site_name\" content=\"Tiketi.com\" \/>\n<meta property=\"article:publisher\" content=\"https:\/\/www.facebook.com\/TiketiCom\/\" \/>\n<meta property=\"article:modified_time\" content=\"2022-01-26T21:24:38+00:00\" \/>\n<meta property=\"og:image\" content=\"https:\/\/tiketi.com\/wp-content\/uploads\/2022\/01\/bus-ticket-online-booking.jpg\" \/>\n\t<meta property=\"og:image:width\" content=\"1200\" \/>\n\t<meta property=\"og:image:height\" content=\"206\" \/>\n\t<meta property=\"og:image:type\" content=\"image\/jpeg\" \/>\n<meta name=\"twitter:card\" content=\"summary_large_image\" \/>\n<meta name=\"twitter:label1\" content=\"Dur\u00e9e de lecture estim\u00e9e\" \/>\n\t<meta name=\"twitter:data1\" content=\"2 minutes\" \/>\n<script type=\"application\/ld+json\" class=\"yoast-schema-graph\">{\"@context\":\"https:\\\/\\\/schema.org\",\"@graph\":[{\"@type\":\"WebPage\",\"@id\":\"https:\\\/\\\/tiketi.com\\\/en-gb\\\/online-bus-tickets-from-addis-ababa-to-bishoftu\\\/\",\"url\":\"https:\\\/\\\/tiketi.com\\\/en-gb\\\/online-bus-tickets-from-addis-ababa-to-bishoftu\\\/\",\"name\":\"Bus from Addis Ababa to Bishoftu Bus Tickets, Route, Schedule & Fare\",\"isPartOf\":{\"@id\":\"https:\\\/\\\/tiketi.com\\\/#website\"},\"primaryImageOfPage\":{\"@id\":\"https:\\\/\\\/tiketi.com\\\/en-gb\\\/online-bus-tickets-from-addis-ababa-to-bishoftu\\\/#primaryimage\"},\"image\":{\"@id\":\"https:\\\/\\\/tiketi.com\\\/en-gb\\\/online-bus-tickets-from-addis-ababa-to-bishoftu\\\/#primaryimage\"},\"thumbnailUrl\":\"https:\\\/\\\/tiketi.com\\\/wp-content\\\/uploads\\\/2022\\\/01\\\/bus-ticket-online-booking.jpg\",\"datePublished\":\"2022-01-19T11:54:51+00:00\",\"dateModified\":\"2022-01-26T21:24:38+00:00\",\"description\":\"Looking for bus from Addis Ababa to Bishoftu bus ticket online booking app,fare & schedule? Book cheap bus tickets from Addis Ababa to Bishoftu online now\",\"breadcrumb\":{\"@id\":\"https:\\\/\\\/tiketi.com\\\/en-gb\\\/online-bus-tickets-from-addis-ababa-to-bishoftu\\\/#breadcrumb\"},\"inLanguage\":\"fr-FR\",\"potentialAction\":[{\"@type\":\"ReadAction\",\"target\":[\"https:\\\/\\\/tiketi.com\\\/en-gb\\\/online-bus-tickets-from-addis-ababa-to-bishoftu\\\/\"]}]},{\"@type\":\"ImageObject\",\"inLanguage\":\"fr-FR\",\"@id\":\"https:\\\/\\\/tiketi.com\\\/en-gb\\\/online-bus-tickets-from-addis-ababa-to-bishoftu\\\/#primaryimage\",\"url\":\"https:\\\/\\\/tiketi.com\\\/wp-content\\\/uploads\\\/2022\\\/01\\\/bus-ticket-online-booking.jpg\",\"contentUrl\":\"https:\\\/\\\/tiketi.com\\\/wp-content\\\/uploads\\\/2022\\\/01\\\/bus-ticket-online-booking.jpg\",\"width\":1200,\"height\":206,\"caption\":\"Online Bus Ticket Booking\"},{\"@type\":\"BreadcrumbList\",\"@id\":\"https:\\\/\\\/tiketi.com\\\/en-gb\\\/online-bus-tickets-from-addis-ababa-to-bishoftu\\\/#breadcrumb\",\"itemListElement\":[{\"@type\":\"ListItem\",\"position\":1,\"name\":\"Home\",\"item\":\"https:\\\/\\\/tiketi.com\\\/\"},{\"@type\":\"ListItem\",\"position\":2,\"name\":\"Bus from Addis Ababa to Bishoftu, Bus Tickets, Route, Schedule &#038; Fare\"}]},{\"@type\":\"WebSite\",\"@id\":\"https:\\\/\\\/tiketi.com\\\/#website\",\"url\":\"https:\\\/\\\/tiketi.com\\\/\",\"name\":\"Flight & Bus Tickets, Tour Packages & Activitites - Tiketi.com\",\"description\":\"Flight &amp; Bus Tickets, Tours, Activitites\",\"publisher\":{\"@id\":\"https:\\\/\\\/tiketi.com\\\/#organization\"},\"potentialAction\":[{\"@type\":\"SearchAction\",\"target\":{\"@type\":\"EntryPoint\",\"urlTemplate\":\"https:\\\/\\\/tiketi.com\\\/?s={search_term_string}\"},\"query-input\":{\"@type\":\"PropertyValueSpecification\",\"valueRequired\":true,\"valueName\":\"search_term_string\"}}],\"inLanguage\":\"fr-FR\"},{\"@type\":\"Organization\",\"@id\":\"https:\\\/\\\/tiketi.com\\\/#organization\",\"name\":\"Tiketi.com\",\"alternateName\":\"Tiketi\",\"url\":\"https:\\\/\\\/tiketi.com\\\/\",\"logo\":{\"@type\":\"ImageObject\",\"inLanguage\":\"fr-FR\",\"@id\":\"https:\\\/\\\/tiketi.com\\\/#\\\/schema\\\/logo\\\/image\\\/\",\"url\":\"https:\\\/\\\/tiketi.com\\\/wp-content\\\/uploads\\\/2019\\\/05\\\/tiketi-logo-696.png\",\"contentUrl\":\"https:\\\/\\\/tiketi.com\\\/wp-content\\\/uploads\\\/2019\\\/05\\\/tiketi-logo-696.png\",\"width\":696,\"height\":696,\"caption\":\"Tiketi.com\"},\"image\":{\"@id\":\"https:\\\/\\\/tiketi.com\\\/#\\\/schema\\\/logo\\\/image\\\/\"},\"sameAs\":[\"https:\\\/\\\/www.facebook.com\\\/TiketiCom\\\/\"]}]}<\/script>\n<!-- \/ Yoast SEO plugin. -->","yoast_head_json":{"title":"Bus de Addis-Abeba \u00e0 Bishoftu Billets de bus, itin\u00e9raire, horaires et tarifs","description":"Vous recherchez un bus d&#039;Addis-Abeba \u00e0 Bishoftu application de r\u00e9servation en ligne de billets de bus, tarifs et horaires? R\u00e9servez en ligne maintenant des billets de bus \u00e0 bas prix de Addis-Abeba \u00e0 Bishoftu","robots":{"index":"index","follow":"follow","max-snippet":"max-snippet:-1","max-image-preview":"max-image-preview:large","max-video-preview":"max-video-preview:-1"},"canonical":"https:\/\/tiketi.com\/fr-fr\/online-bus-tickets-from-addis-ababa-to-bishoftu\/","og_locale":"fr_FR","og_type":"article","og_title":"Bus from Addis Ababa to Bishoftu Bus Tickets, Route, Schedule & Fare","og_description":"Looking for bus from Addis Ababa to Bishoftu bus ticket online booking app,fare & schedule? Book cheap bus tickets from Addis Ababa to Bishoftu online now","og_url":"https:\/\/tiketi.com\/fr-fr\/online-bus-tickets-from-addis-ababa-to-bishoftu\/","og_site_name":"Tiketi.com","article_publisher":"https:\/\/www.facebook.com\/TiketiCom\/","article_modified_time":"2022-01-26T21:24:38+00:00","og_image":[{"width":1200,"height":206,"url":"https:\/\/tiketi.com\/wp-content\/uploads\/2022\/01\/bus-ticket-online-booking.jpg","type":"image\/jpeg"}],"twitter_card":"summary_large_image","twitter_misc":{"Dur\u00e9e de lecture estim\u00e9e":"2 minutes"},"schema":{"@context":"https:\/\/schema.org","@graph":[{"@type":"WebPage","@id":"https:\/\/tiketi.com\/en-gb\/online-bus-tickets-from-addis-ababa-to-bishoftu\/","url":"https:\/\/tiketi.com\/en-gb\/online-bus-tickets-from-addis-ababa-to-bishoftu\/","name":"Bus de Addis-Abeba \u00e0 Bishoftu Billets de bus, itin\u00e9raire, horaires et tarifs","isPartOf":{"@id":"https:\/\/tiketi.com\/#website"},"primaryImageOfPage":{"@id":"https:\/\/tiketi.com\/en-gb\/online-bus-tickets-from-addis-ababa-to-bishoftu\/#primaryimage"},"image":{"@id":"https:\/\/tiketi.com\/en-gb\/online-bus-tickets-from-addis-ababa-to-bishoftu\/#primaryimage"},"thumbnailUrl":"https:\/\/tiketi.com\/wp-content\/uploads\/2022\/01\/bus-ticket-online-booking.jpg","datePublished":"2022-01-19T11:54:51+00:00","dateModified":"2022-01-26T21:24:38+00:00","description":"Vous recherchez un bus d&#039;Addis-Abeba \u00e0 Bishoftu application de r\u00e9servation en ligne de billets de bus, tarifs et horaires? R\u00e9servez en ligne maintenant des billets de bus \u00e0 bas prix de Addis-Abeba \u00e0 Bishoftu","breadcrumb":{"@id":"https:\/\/tiketi.com\/en-gb\/online-bus-tickets-from-addis-ababa-to-bishoftu\/#breadcrumb"},"inLanguage":"fr-FR","potentialAction":[{"@type":"ReadAction","target":["https:\/\/tiketi.com\/en-gb\/online-bus-tickets-from-addis-ababa-to-bishoftu\/"]}]},{"@type":"ImageObject","inLanguage":"fr-FR","@id":"https:\/\/tiketi.com\/en-gb\/online-bus-tickets-from-addis-ababa-to-bishoftu\/#primaryimage","url":"https:\/\/tiketi.com\/wp-content\/uploads\/2022\/01\/bus-ticket-online-booking.jpg","contentUrl":"https:\/\/tiketi.com\/wp-content\/uploads\/2022\/01\/bus-ticket-online-booking.jpg","width":1200,"height":206,"caption":"Online Bus Ticket Booking"},{"@type":"BreadcrumbList","@id":"https:\/\/tiketi.com\/en-gb\/online-bus-tickets-from-addis-ababa-to-bishoftu\/#breadcrumb","itemListElement":[{"@type":"ListItem","position":1,"name":"Home","item":"https:\/\/tiketi.com\/"},{"@type":"ListItem","position":2,"name":"Bus from Addis Ababa to Bishoftu, Bus Tickets, Route, Schedule &#038; Fare"}]},{"@type":"WebSite","@id":"https:\/\/tiketi.com\/#website","url":"https:\/\/tiketi.com\/","name":"Billets d&#039;avion et de bus, forfaits touristiques et activit\u00e9s - Tiketi.com","description":"Billets d&#039;avion et de bus, Tours, Activit\u00e9s","publisher":{"@id":"https:\/\/tiketi.com\/#organization"},"potentialAction":[{"@type":"SearchAction","target":{"@type":"EntryPoint","urlTemplate":"https:\/\/tiketi.com\/?s={search_term_string}"},"query-input":{"@type":"PropertyValueSpecification","valueRequired":true,"valueName":"search_term_string"}}],"inLanguage":"fr-FR"},{"@type":"Organization","@id":"https:\/\/tiketi.com\/#organization","name":"Tiketi.com","alternateName":"Tiketi","url":"https:\/\/tiketi.com\/","logo":{"@type":"ImageObject","inLanguage":"fr-FR","@id":"https:\/\/tiketi.com\/#\/schema\/logo\/image\/","url":"https:\/\/tiketi.com\/wp-content\/uploads\/2019\/05\/tiketi-logo-696.png","contentUrl":"https:\/\/tiketi.com\/wp-content\/uploads\/2019\/05\/tiketi-logo-696.png","width":696,"height":696,"caption":"Tiketi.com"},"image":{"@id":"https:\/\/tiketi.com\/#\/schema\/logo\/image\/"},"sameAs":["https:\/\/www.facebook.com\/TiketiCom\/"]}]}},"_links":{"self":[{"href":"https:\/\/tiketi.com\/fr-fr\/wp-json\/wp\/v2\/pages\/11534","targetHints":{"allow":["GET"]}}],"collection":[{"href":"https:\/\/tiketi.com\/fr-fr\/wp-json\/wp\/v2\/pages"}],"about":[{"href":"https:\/\/tiketi.com\/fr-fr\/wp-json\/wp\/v2\/types\/page"}],"author":[{"embeddable":true,"href":"https:\/\/tiketi.com\/fr-fr\/wp-json\/wp\/v2\/users\/1"}],"replies":[{"embeddable":true,"href":"https:\/\/tiketi.com\/fr-fr\/wp-json\/wp\/v2\/comments?post=11534"}],"version-history":[{"count":0,"href":"https:\/\/tiketi.com\/fr-fr\/wp-json\/wp\/v2\/pages\/11534\/revisions"}],"wp:featuredmedia":[{"embeddable":true,"href":"https:\/\/tiketi.com\/fr-fr\/wp-json\/wp\/v2\/media\/13999"}],"wp:attachment":[{"href":"https:\/\/tiketi.com\/fr-fr\/wp-json\/wp\/v2\/media?parent=11534"}],"curies":[{"name":"wp","href":"https:\/\/api.w.org\/{rel}","templated":true}]}}