{"id":11536,"date":"2022-01-19T12:54:51","date_gmt":"2022-01-19T11:54:51","guid":{"rendered":"https:\/\/new.tiketi.com\/bus-from-windhoek-to-okahandja-bus-tickets-route-schedule-fare\/"},"modified":"2022-01-31T16:53:04","modified_gmt":"2022-01-31T15:53:04","slug":"online-bus-tickets-from-windhoek-to-okahandja","status":"publish","type":"page","link":"https:\/\/tiketi.com\/fr-fr\/online-bus-tickets-from-windhoek-to-okahandja\/","title":{"rendered":"Bus from Windhoek to Okahandja Bus Tickets, Route, Schedule &#038; Fare"},"content":{"rendered":"<p>[wbtm-bus-search]<\/p>\n<h2>Cheap Bus Tickets from\u00a0Windhoek to Okahandja\u00a0Online Booking<\/h2>\n<h3>Discover your travel route on web, mobile or app and book cheap bus ticket from Windhoek to Okahandja online now.<\/h3>\n<p>Do cheap bus from Windhoek to Okahandja bus tickets online booking and travel Windhoek to Okahandja by road. Okahandja is a city of 24,500 natives in Otjozondjupa region, heart of Namibia, and the area capital of the Okahandja. It is famous as the Garden Town of Namibia. It is placed seventy km of Windhoek on the B1 road. It was founded around 1800, by 2 domestic group, the Nama and the Herero. Here is the guide how you can book bus Windhoek to Okahandja:<\/p>\n<h2>Bus from Windhoek to Okahandja Bus Tickets, Routes, Schedules &amp; Fares FAQs<\/h2>\n<h3>What is the travel distance of Windhoek to Okahandja by bus?<\/h3>\n<p>The travel distance of bus Windhoek to Okahandja is 66 km.<\/p>\n<h3>How do I move from Windhoek to Okahandja without a personal vehicle?<\/h3>\n<p>The top way to get to Okahandja without a personal vehicle is to bus tickets from Windhoek to Okahandja which takes 2h.<\/p>\n<h3>Is there a direct Okahandja to Windhoek bus?<\/h3>\n<p>Yes, there is a direct bus Windhoek to Okahandja. Services depart 4 times a week, and run Tuesday, Thursday, Sunday and Friday. The Windhoek to Okahandja bus takes about 2h.<\/p>\n<h3>Can I drive from Okahandja and Windhoek?<\/h3>\n<p>Yes, the driving distance of Windhoek to Okahandja by bus is 70 km. It takes about 55 minutes to drive from Windhoek to Okahandja.<\/p>\n<h2>Bus Tickets from\u00a0Windhoek to Okahandja Tips<\/h2>\n<p>Just twenty-five Km from Okahandja, is the Gross Barmen warm springs resort, there is an inside swimming pool, restaurant, open-air swimming pool, shop, filling station, and self-catering bungalows, making this a famous visitor attraction and is value to visit. Another famous resort &#8211; the Von Bach Dam &#8211; where water sports, bird watching and angling are favourite pastimes with visitors and locals alike.<\/p>\n<p>Okahandja is a vital center for woodcarvers from the north, who sell their carvings at the craft markets on a co-operative basis, net to the key road at both entraces to Okahandja. A best location to buy a holiday gift or souvenir.<\/p>\n","protected":false},"excerpt":{"rendered":"<p>[wbtm-bus-search] Cheap Bus Tickets from\u00a0Windhoek to Okahandja\u00a0Online Booking Discover your travel route on web, mobile or app and book cheap bus ticket from Windhoek to Okahandja online now. Do cheap bus from Windhoek to Okahandja bus tickets online booking and travel Windhoek to Okahandja by road. Okahandja is a city of 24,500 natives in Otjozondjupa [&hellip;]<\/p>\n","protected":false},"author":1,"featured_media":13999,"parent":0,"menu_order":0,"comment_status":"open","ping_status":"closed","template":"template-home-modern.php","meta":{"footnotes":""},"class_list":["post-11536","page","type-page","status-publish","has-post-thumbnail","hentry"],"yoast_head":"<!-- This site is optimized with the Yoast SEO plugin v27.3 - https:\/\/yoast.com\/product\/yoast-seo-wordpress\/ -->\n<title>Bus from Windhoek to Okahandja Bus Tickets, Route, Schedule &amp; Fare<\/title>\n<meta name=\"description\" content=\"Looking for bus from\u00a0Windhoek to Okahandja bus tickets booking app, schedule &amp; fare? Book cheap bus tickets from Windhoek to Okahandja online\" \/>\n<meta name=\"robots\" content=\"index, follow, max-snippet:-1, max-image-preview:large, max-video-preview:-1\" \/>\n<link rel=\"canonical\" href=\"https:\/\/tiketi.com\/fr-fr\/online-bus-tickets-from-windhoek-to-okahandja\/\" \/>\n<meta property=\"og:locale\" content=\"fr_FR\" \/>\n<meta property=\"og:type\" content=\"article\" \/>\n<meta property=\"og:title\" content=\"Bus from Windhoek to Okahandja Bus Tickets, Route, Schedule &amp; Fare\" \/>\n<meta property=\"og:description\" content=\"Looking for bus from\u00a0Windhoek to Okahandja bus tickets booking app, schedule &amp; fare? Book cheap bus tickets from Windhoek to Okahandja online\" \/>\n<meta property=\"og:url\" content=\"https:\/\/tiketi.com\/fr-fr\/online-bus-tickets-from-windhoek-to-okahandja\/\" \/>\n<meta property=\"og:site_name\" content=\"Tiketi.com\" \/>\n<meta property=\"article:publisher\" content=\"https:\/\/www.facebook.com\/TiketiCom\/\" \/>\n<meta property=\"article:modified_time\" content=\"2022-01-31T15:53:04+00:00\" \/>\n<meta property=\"og:image\" content=\"https:\/\/tiketi.com\/wp-content\/uploads\/2022\/01\/bus-ticket-online-booking.jpg\" \/>\n\t<meta property=\"og:image:width\" content=\"1200\" \/>\n\t<meta property=\"og:image:height\" content=\"206\" \/>\n\t<meta property=\"og:image:type\" content=\"image\/jpeg\" \/>\n<meta name=\"twitter:card\" content=\"summary_large_image\" \/>\n<meta name=\"twitter:label1\" content=\"Dur\u00e9e de lecture estim\u00e9e\" \/>\n\t<meta name=\"twitter:data1\" content=\"2 minutes\" \/>\n<script type=\"application\/ld+json\" class=\"yoast-schema-graph\">{\"@context\":\"https:\\\/\\\/schema.org\",\"@graph\":[{\"@type\":\"WebPage\",\"@id\":\"https:\\\/\\\/tiketi.com\\\/online-bus-tickets-from-windhoek-to-okahandja\\\/\",\"url\":\"https:\\\/\\\/tiketi.com\\\/online-bus-tickets-from-windhoek-to-okahandja\\\/\",\"name\":\"Bus from Windhoek to Okahandja Bus Tickets, Route, Schedule & Fare\",\"isPartOf\":{\"@id\":\"https:\\\/\\\/tiketi.com\\\/#website\"},\"primaryImageOfPage\":{\"@id\":\"https:\\\/\\\/tiketi.com\\\/online-bus-tickets-from-windhoek-to-okahandja\\\/#primaryimage\"},\"image\":{\"@id\":\"https:\\\/\\\/tiketi.com\\\/online-bus-tickets-from-windhoek-to-okahandja\\\/#primaryimage\"},\"thumbnailUrl\":\"https:\\\/\\\/tiketi.com\\\/wp-content\\\/uploads\\\/2022\\\/01\\\/bus-ticket-online-booking.jpg\",\"datePublished\":\"2022-01-19T11:54:51+00:00\",\"dateModified\":\"2022-01-31T15:53:04+00:00\",\"description\":\"Looking for bus from\u00a0Windhoek to Okahandja bus tickets booking app, schedule & fare? Book cheap bus tickets from Windhoek to Okahandja online\",\"breadcrumb\":{\"@id\":\"https:\\\/\\\/tiketi.com\\\/online-bus-tickets-from-windhoek-to-okahandja\\\/#breadcrumb\"},\"inLanguage\":\"fr-FR\",\"potentialAction\":[{\"@type\":\"ReadAction\",\"target\":[\"https:\\\/\\\/tiketi.com\\\/online-bus-tickets-from-windhoek-to-okahandja\\\/\"]}]},{\"@type\":\"ImageObject\",\"inLanguage\":\"fr-FR\",\"@id\":\"https:\\\/\\\/tiketi.com\\\/online-bus-tickets-from-windhoek-to-okahandja\\\/#primaryimage\",\"url\":\"https:\\\/\\\/tiketi.com\\\/wp-content\\\/uploads\\\/2022\\\/01\\\/bus-ticket-online-booking.jpg\",\"contentUrl\":\"https:\\\/\\\/tiketi.com\\\/wp-content\\\/uploads\\\/2022\\\/01\\\/bus-ticket-online-booking.jpg\",\"width\":1200,\"height\":206,\"caption\":\"Online Bus Ticket Booking\"},{\"@type\":\"BreadcrumbList\",\"@id\":\"https:\\\/\\\/tiketi.com\\\/online-bus-tickets-from-windhoek-to-okahandja\\\/#breadcrumb\",\"itemListElement\":[{\"@type\":\"ListItem\",\"position\":1,\"name\":\"Home\",\"item\":\"https:\\\/\\\/tiketi.com\\\/\"},{\"@type\":\"ListItem\",\"position\":2,\"name\":\"Bus from Windhoek to Okahandja Bus Tickets, Route, Schedule &#038; Fare\"}]},{\"@type\":\"WebSite\",\"@id\":\"https:\\\/\\\/tiketi.com\\\/#website\",\"url\":\"https:\\\/\\\/tiketi.com\\\/\",\"name\":\"Flight & Bus Tickets, Tour Packages & Activitites - Tiketi.com\",\"description\":\"Flight &amp; Bus Tickets, Tours, Activitites\",\"publisher\":{\"@id\":\"https:\\\/\\\/tiketi.com\\\/#organization\"},\"potentialAction\":[{\"@type\":\"SearchAction\",\"target\":{\"@type\":\"EntryPoint\",\"urlTemplate\":\"https:\\\/\\\/tiketi.com\\\/?s={search_term_string}\"},\"query-input\":{\"@type\":\"PropertyValueSpecification\",\"valueRequired\":true,\"valueName\":\"search_term_string\"}}],\"inLanguage\":\"fr-FR\"},{\"@type\":\"Organization\",\"@id\":\"https:\\\/\\\/tiketi.com\\\/#organization\",\"name\":\"Tiketi.com\",\"alternateName\":\"Tiketi\",\"url\":\"https:\\\/\\\/tiketi.com\\\/\",\"logo\":{\"@type\":\"ImageObject\",\"inLanguage\":\"fr-FR\",\"@id\":\"https:\\\/\\\/tiketi.com\\\/#\\\/schema\\\/logo\\\/image\\\/\",\"url\":\"https:\\\/\\\/tiketi.com\\\/wp-content\\\/uploads\\\/2019\\\/05\\\/tiketi-logo-696.png\",\"contentUrl\":\"https:\\\/\\\/tiketi.com\\\/wp-content\\\/uploads\\\/2019\\\/05\\\/tiketi-logo-696.png\",\"width\":696,\"height\":696,\"caption\":\"Tiketi.com\"},\"image\":{\"@id\":\"https:\\\/\\\/tiketi.com\\\/#\\\/schema\\\/logo\\\/image\\\/\"},\"sameAs\":[\"https:\\\/\\\/www.facebook.com\\\/TiketiCom\\\/\"]}]}<\/script>\n<!-- \/ Yoast SEO plugin. -->","yoast_head_json":{"title":"Bus de Windhoek \u00e0 Okahandja Billets de bus, itin\u00e9raire, horaires et tarifs","description":"Vous cherchez une application pour r\u00e9server des billets de bus de Windhoek \u00e0 Okahandja\u00a0? Consultez les horaires et les tarifs\u00a0! R\u00e9servez vos billets de bus Windhoek-Okahandja \u00e0 petit prix en ligne.","robots":{"index":"index","follow":"follow","max-snippet":"max-snippet:-1","max-image-preview":"max-image-preview:large","max-video-preview":"max-video-preview:-1"},"canonical":"https:\/\/tiketi.com\/fr-fr\/online-bus-tickets-from-windhoek-to-okahandja\/","og_locale":"fr_FR","og_type":"article","og_title":"Bus from Windhoek to Okahandja Bus Tickets, Route, Schedule & Fare","og_description":"Looking for bus from\u00a0Windhoek to Okahandja bus tickets booking app, schedule & fare? Book cheap bus tickets from Windhoek to Okahandja online","og_url":"https:\/\/tiketi.com\/fr-fr\/online-bus-tickets-from-windhoek-to-okahandja\/","og_site_name":"Tiketi.com","article_publisher":"https:\/\/www.facebook.com\/TiketiCom\/","article_modified_time":"2022-01-31T15:53:04+00:00","og_image":[{"width":1200,"height":206,"url":"https:\/\/tiketi.com\/wp-content\/uploads\/2022\/01\/bus-ticket-online-booking.jpg","type":"image\/jpeg"}],"twitter_card":"summary_large_image","twitter_misc":{"Dur\u00e9e de lecture estim\u00e9e":"2 minutes"},"schema":{"@context":"https:\/\/schema.org","@graph":[{"@type":"WebPage","@id":"https:\/\/tiketi.com\/online-bus-tickets-from-windhoek-to-okahandja\/","url":"https:\/\/tiketi.com\/online-bus-tickets-from-windhoek-to-okahandja\/","name":"Bus de Windhoek \u00e0 Okahandja Billets de bus, itin\u00e9raire, horaires et tarifs","isPartOf":{"@id":"https:\/\/tiketi.com\/#website"},"primaryImageOfPage":{"@id":"https:\/\/tiketi.com\/online-bus-tickets-from-windhoek-to-okahandja\/#primaryimage"},"image":{"@id":"https:\/\/tiketi.com\/online-bus-tickets-from-windhoek-to-okahandja\/#primaryimage"},"thumbnailUrl":"https:\/\/tiketi.com\/wp-content\/uploads\/2022\/01\/bus-ticket-online-booking.jpg","datePublished":"2022-01-19T11:54:51+00:00","dateModified":"2022-01-31T15:53:04+00:00","description":"Vous cherchez une application pour r\u00e9server des billets de bus de Windhoek \u00e0 Okahandja\u00a0? Consultez les horaires et les tarifs\u00a0! R\u00e9servez vos billets de bus Windhoek-Okahandja \u00e0 petit prix en ligne.","breadcrumb":{"@id":"https:\/\/tiketi.com\/online-bus-tickets-from-windhoek-to-okahandja\/#breadcrumb"},"inLanguage":"fr-FR","potentialAction":[{"@type":"ReadAction","target":["https:\/\/tiketi.com\/online-bus-tickets-from-windhoek-to-okahandja\/"]}]},{"@type":"ImageObject","inLanguage":"fr-FR","@id":"https:\/\/tiketi.com\/online-bus-tickets-from-windhoek-to-okahandja\/#primaryimage","url":"https:\/\/tiketi.com\/wp-content\/uploads\/2022\/01\/bus-ticket-online-booking.jpg","contentUrl":"https:\/\/tiketi.com\/wp-content\/uploads\/2022\/01\/bus-ticket-online-booking.jpg","width":1200,"height":206,"caption":"Online Bus Ticket Booking"},{"@type":"BreadcrumbList","@id":"https:\/\/tiketi.com\/online-bus-tickets-from-windhoek-to-okahandja\/#breadcrumb","itemListElement":[{"@type":"ListItem","position":1,"name":"Home","item":"https:\/\/tiketi.com\/"},{"@type":"ListItem","position":2,"name":"Bus from Windhoek to Okahandja Bus Tickets, Route, Schedule &#038; Fare"}]},{"@type":"WebSite","@id":"https:\/\/tiketi.com\/#website","url":"https:\/\/tiketi.com\/","name":"Billets d&#039;avion et de bus, forfaits touristiques et activit\u00e9s - Tiketi.com","description":"Billets d&#039;avion et de bus, Tours, Activit\u00e9s","publisher":{"@id":"https:\/\/tiketi.com\/#organization"},"potentialAction":[{"@type":"SearchAction","target":{"@type":"EntryPoint","urlTemplate":"https:\/\/tiketi.com\/?s={search_term_string}"},"query-input":{"@type":"PropertyValueSpecification","valueRequired":true,"valueName":"search_term_string"}}],"inLanguage":"fr-FR"},{"@type":"Organization","@id":"https:\/\/tiketi.com\/#organization","name":"Tiketi.com","alternateName":"Tiketi","url":"https:\/\/tiketi.com\/","logo":{"@type":"ImageObject","inLanguage":"fr-FR","@id":"https:\/\/tiketi.com\/#\/schema\/logo\/image\/","url":"https:\/\/tiketi.com\/wp-content\/uploads\/2019\/05\/tiketi-logo-696.png","contentUrl":"https:\/\/tiketi.com\/wp-content\/uploads\/2019\/05\/tiketi-logo-696.png","width":696,"height":696,"caption":"Tiketi.com"},"image":{"@id":"https:\/\/tiketi.com\/#\/schema\/logo\/image\/"},"sameAs":["https:\/\/www.facebook.com\/TiketiCom\/"]}]}},"_links":{"self":[{"href":"https:\/\/tiketi.com\/fr-fr\/wp-json\/wp\/v2\/pages\/11536","targetHints":{"allow":["GET"]}}],"collection":[{"href":"https:\/\/tiketi.com\/fr-fr\/wp-json\/wp\/v2\/pages"}],"about":[{"href":"https:\/\/tiketi.com\/fr-fr\/wp-json\/wp\/v2\/types\/page"}],"author":[{"embeddable":true,"href":"https:\/\/tiketi.com\/fr-fr\/wp-json\/wp\/v2\/users\/1"}],"replies":[{"embeddable":true,"href":"https:\/\/tiketi.com\/fr-fr\/wp-json\/wp\/v2\/comments?post=11536"}],"version-history":[{"count":0,"href":"https:\/\/tiketi.com\/fr-fr\/wp-json\/wp\/v2\/pages\/11536\/revisions"}],"wp:featuredmedia":[{"embeddable":true,"href":"https:\/\/tiketi.com\/fr-fr\/wp-json\/wp\/v2\/media\/13999"}],"wp:attachment":[{"href":"https:\/\/tiketi.com\/fr-fr\/wp-json\/wp\/v2\/media?parent=11536"}],"curies":[{"name":"wp","href":"https:\/\/api.w.org\/{rel}","templated":true}]}}