{"id":11539,"date":"2022-01-19T12:54:51","date_gmt":"2022-01-19T11:54:51","guid":{"rendered":"https:\/\/new.tiketi.com\/bus-from-nairobi-to-kapenguria-bus-tickets-route-schedule-fare\/"},"modified":"2022-01-31T11:29:23","modified_gmt":"2022-01-31T10:29:23","slug":"online-bus-tickets-from-nairobi-to-kapenguria","status":"publish","type":"page","link":"https:\/\/tiketi.com\/fr-fr\/online-bus-tickets-from-nairobi-to-kapenguria\/","title":{"rendered":"Bus de Nairobi \u00e0 Kapenguria Billets de bus, itin\u00e9raire, horaires et tarifs"},"content":{"rendered":"<p>[wbtm-bus-search]<\/p>\n<h2>Cheap Bus Tickets from\u00a0Nairobi to Kapenguria\u00a0Online Booking<\/h2>\n<h3>Discover your travel route on web, mobile or app and book cheap bus ticket from Nairobi to Kapenguria online now.<\/h3>\n<p>Do cheap bus tickets from Nairobi to Kapenguria online booking and travel Nairobi to Kapenguria by road. Kapenguria town is not among the best cities in Kenya, it is one of the best visitor attractions in Kenya.\u00a0Kapenguria is a town lying north east of Kitale on the road A1 in Kenya. Kapenguria is capital of West Pokot area. Here is the guide on how to book bus from Nairobi to Kapenguria:<\/p>\n<h2>Bus from Nairobi to Kapenguria Bus Tickets Booking, Routes, Schedules &amp; Fares FAQs<\/h2>\n<h3>Is the Nairobi to Kapenguria bus the affordable way to get to Kapenguria?<\/h3>\n<p>The affordable way to get from Nairobi to Kapenguria is to drive and bus which costs $35 &#8211; $50 and takes 6h 5m.<\/p>\n<h3>What is the travel distance of Nairobi and Kapenguria?<\/h3>\n<p>The distance of bus Nairobi to Kapenguria is 339 km.<\/p>\n<h3>How do I move from Nairobi to Kapenguria without a personal vehicle?<\/h3>\n<p>The top way to get from Nairobi to Kapenguria without a personal vehicle is bus which takes 9h 5m and\u00a0Nairobi to Kapenguria bus fare costs $95 &#8211; $130.<\/p>\n<h3>Fly or bus from Nairobi to Kapenguria?<\/h3>\n<p>The top way to get from Nairobi to Kapenguria is to <a href=\"https:\/\/tiketi.com\/flightst\" target=\"_blank\" rel=\"noopener\">fly<\/a> which takes 2h 50m and costs $300 -$500. Alternatively, you can cheap bus tickets from Nairobi to Kapenguria, which costs $95 &#8211; $130 and takes 9h 5m.<\/p>\n<h3>Can I drive between Kapenguria and Nairobi?<\/h3>\n<p>Yes, the driving distance between Kapenguria and Nairobi is 420 km. it takes about 6h 5m to drive from Nairobi to Kapenguria.<\/p>\n<h2>Bus Tickets from\u00a0Nairobi to Kapenguria Tips<\/h2>\n<p>Kapenguria municipality has 7 wards (kaibos, Chemwochoi, Keringet, Kapenguria, Kisiaunet, Talau and Siyoi).<\/p>\n<p>Lying near to the Saiwa Swamp National Park, Kapenguria is house to a museum in the jail where Jomo Kenyatta was imprisoned in 1953 for his so-called position in the Mau Mau Rebellion.<\/p>\n<p>It is the house of Tegla Loroupe, world-record holder in the marathon, half-marathon, 10,000-meter races, 15,000-meter, and 20,000 meter. She holds a yearly Peace Race races here, to bring peace among the 8 tribes in the West Pokot place.<\/p>\n","protected":false},"excerpt":{"rendered":"<p>[wbtm-bus-search] Cheap Bus Tickets from\u00a0Nairobi to Kapenguria\u00a0Online Booking Discover your travel route on web, mobile or app and book cheap bus ticket from Nairobi to Kapenguria online now. Do cheap bus tickets from Nairobi to Kapenguria online booking and travel Nairobi to Kapenguria by road. Kapenguria town is not among the best cities in Kenya, [&hellip;]<\/p>\n","protected":false},"author":1,"featured_media":13999,"parent":0,"menu_order":0,"comment_status":"open","ping_status":"closed","template":"template-home-modern.php","meta":{"footnotes":""},"class_list":["post-11539","page","type-page","status-publish","has-post-thumbnail","hentry"],"yoast_head":"<!-- This site is optimized with the Yoast SEO plugin v27.3 - https:\/\/yoast.com\/product\/yoast-seo-wordpress\/ -->\n<title>Bus from Nairobi to Kapenguria Bus Tickets, Route, Schedule &amp; Fare<\/title>\n<meta name=\"description\" content=\"Looking for bus from Nairobi to Kapenguria bus tickets booking app, fare &amp; schedule? Book cheap bus tickets from Nairobi to Kapenguria online\" \/>\n<meta name=\"robots\" content=\"index, follow, max-snippet:-1, max-image-preview:large, max-video-preview:-1\" \/>\n<link rel=\"canonical\" href=\"https:\/\/tiketi.com\/fr-fr\/online-bus-tickets-from-nairobi-to-kapenguria\/\" \/>\n<meta property=\"og:locale\" content=\"fr_FR\" \/>\n<meta property=\"og:type\" content=\"article\" \/>\n<meta property=\"og:title\" content=\"Bus from Nairobi to Kapenguria Bus Tickets, Route, Schedule &amp; Fare\" \/>\n<meta property=\"og:description\" content=\"Looking for bus from Nairobi to Kapenguria bus tickets booking app, fare &amp; schedule? Book cheap bus tickets from Nairobi to Kapenguria online\" \/>\n<meta property=\"og:url\" content=\"https:\/\/tiketi.com\/fr-fr\/online-bus-tickets-from-nairobi-to-kapenguria\/\" \/>\n<meta property=\"og:site_name\" content=\"Tiketi.com\" \/>\n<meta property=\"article:publisher\" content=\"https:\/\/www.facebook.com\/TiketiCom\/\" \/>\n<meta property=\"article:modified_time\" content=\"2022-01-31T10:29:23+00:00\" \/>\n<meta property=\"og:image\" content=\"https:\/\/tiketi.com\/wp-content\/uploads\/2022\/01\/bus-ticket-online-booking.jpg\" \/>\n\t<meta property=\"og:image:width\" content=\"1200\" \/>\n\t<meta property=\"og:image:height\" content=\"206\" \/>\n\t<meta property=\"og:image:type\" content=\"image\/jpeg\" \/>\n<meta name=\"twitter:card\" content=\"summary_large_image\" \/>\n<meta name=\"twitter:label1\" content=\"Dur\u00e9e de lecture estim\u00e9e\" \/>\n\t<meta name=\"twitter:data1\" content=\"2 minutes\" \/>\n<script type=\"application\/ld+json\" class=\"yoast-schema-graph\">{\"@context\":\"https:\\\/\\\/schema.org\",\"@graph\":[{\"@type\":\"WebPage\",\"@id\":\"https:\\\/\\\/tiketi.com\\\/online-bus-tickets-from-nairobi-to-kapenguria\\\/\",\"url\":\"https:\\\/\\\/tiketi.com\\\/online-bus-tickets-from-nairobi-to-kapenguria\\\/\",\"name\":\"Bus from Nairobi to Kapenguria Bus Tickets, Route, Schedule & Fare\",\"isPartOf\":{\"@id\":\"https:\\\/\\\/tiketi.com\\\/#website\"},\"primaryImageOfPage\":{\"@id\":\"https:\\\/\\\/tiketi.com\\\/online-bus-tickets-from-nairobi-to-kapenguria\\\/#primaryimage\"},\"image\":{\"@id\":\"https:\\\/\\\/tiketi.com\\\/online-bus-tickets-from-nairobi-to-kapenguria\\\/#primaryimage\"},\"thumbnailUrl\":\"https:\\\/\\\/tiketi.com\\\/wp-content\\\/uploads\\\/2022\\\/01\\\/bus-ticket-online-booking.jpg\",\"datePublished\":\"2022-01-19T11:54:51+00:00\",\"dateModified\":\"2022-01-31T10:29:23+00:00\",\"description\":\"Looking for bus from Nairobi to Kapenguria bus tickets booking app, fare & schedule? Book cheap bus tickets from Nairobi to Kapenguria online\",\"breadcrumb\":{\"@id\":\"https:\\\/\\\/tiketi.com\\\/online-bus-tickets-from-nairobi-to-kapenguria\\\/#breadcrumb\"},\"inLanguage\":\"fr-FR\",\"potentialAction\":[{\"@type\":\"ReadAction\",\"target\":[\"https:\\\/\\\/tiketi.com\\\/online-bus-tickets-from-nairobi-to-kapenguria\\\/\"]}]},{\"@type\":\"ImageObject\",\"inLanguage\":\"fr-FR\",\"@id\":\"https:\\\/\\\/tiketi.com\\\/online-bus-tickets-from-nairobi-to-kapenguria\\\/#primaryimage\",\"url\":\"https:\\\/\\\/tiketi.com\\\/wp-content\\\/uploads\\\/2022\\\/01\\\/bus-ticket-online-booking.jpg\",\"contentUrl\":\"https:\\\/\\\/tiketi.com\\\/wp-content\\\/uploads\\\/2022\\\/01\\\/bus-ticket-online-booking.jpg\",\"width\":1200,\"height\":206,\"caption\":\"Online Bus Ticket Booking\"},{\"@type\":\"BreadcrumbList\",\"@id\":\"https:\\\/\\\/tiketi.com\\\/online-bus-tickets-from-nairobi-to-kapenguria\\\/#breadcrumb\",\"itemListElement\":[{\"@type\":\"ListItem\",\"position\":1,\"name\":\"Home\",\"item\":\"https:\\\/\\\/tiketi.com\\\/\"},{\"@type\":\"ListItem\",\"position\":2,\"name\":\"Bus from Nairobi to Kapenguria Bus Tickets, Route, Schedule &#038; Fare\"}]},{\"@type\":\"WebSite\",\"@id\":\"https:\\\/\\\/tiketi.com\\\/#website\",\"url\":\"https:\\\/\\\/tiketi.com\\\/\",\"name\":\"Flight & Bus Tickets, Tour Packages & Activitites - Tiketi.com\",\"description\":\"Flight &amp; Bus Tickets, Tours, Activitites\",\"publisher\":{\"@id\":\"https:\\\/\\\/tiketi.com\\\/#organization\"},\"potentialAction\":[{\"@type\":\"SearchAction\",\"target\":{\"@type\":\"EntryPoint\",\"urlTemplate\":\"https:\\\/\\\/tiketi.com\\\/?s={search_term_string}\"},\"query-input\":{\"@type\":\"PropertyValueSpecification\",\"valueRequired\":true,\"valueName\":\"search_term_string\"}}],\"inLanguage\":\"fr-FR\"},{\"@type\":\"Organization\",\"@id\":\"https:\\\/\\\/tiketi.com\\\/#organization\",\"name\":\"Tiketi.com\",\"alternateName\":\"Tiketi\",\"url\":\"https:\\\/\\\/tiketi.com\\\/\",\"logo\":{\"@type\":\"ImageObject\",\"inLanguage\":\"fr-FR\",\"@id\":\"https:\\\/\\\/tiketi.com\\\/#\\\/schema\\\/logo\\\/image\\\/\",\"url\":\"https:\\\/\\\/tiketi.com\\\/wp-content\\\/uploads\\\/2019\\\/05\\\/tiketi-logo-696.png\",\"contentUrl\":\"https:\\\/\\\/tiketi.com\\\/wp-content\\\/uploads\\\/2019\\\/05\\\/tiketi-logo-696.png\",\"width\":696,\"height\":696,\"caption\":\"Tiketi.com\"},\"image\":{\"@id\":\"https:\\\/\\\/tiketi.com\\\/#\\\/schema\\\/logo\\\/image\\\/\"},\"sameAs\":[\"https:\\\/\\\/www.facebook.com\\\/TiketiCom\\\/\"]}]}<\/script>\n<!-- \/ Yoast SEO plugin. -->","yoast_head_json":{"title":"Bus de Nairobi \u00e0 Kapenguria Billets de bus, itin\u00e9raire, horaires et tarifs","description":"Vous recherchez une application, des tarifs et des horaires de r\u00e9servation de billets de bus de Nairobi \u00e0 Kapenguria ? R\u00e9servez vos billets de bus pas chers de Nairobi \u00e0 Kapenguria en ligne","robots":{"index":"index","follow":"follow","max-snippet":"max-snippet:-1","max-image-preview":"max-image-preview:large","max-video-preview":"max-video-preview:-1"},"canonical":"https:\/\/tiketi.com\/fr-fr\/online-bus-tickets-from-nairobi-to-kapenguria\/","og_locale":"fr_FR","og_type":"article","og_title":"Bus from Nairobi to Kapenguria Bus Tickets, Route, Schedule & Fare","og_description":"Looking for bus from Nairobi to Kapenguria bus tickets booking app, fare & schedule? Book cheap bus tickets from Nairobi to Kapenguria online","og_url":"https:\/\/tiketi.com\/fr-fr\/online-bus-tickets-from-nairobi-to-kapenguria\/","og_site_name":"Tiketi.com","article_publisher":"https:\/\/www.facebook.com\/TiketiCom\/","article_modified_time":"2022-01-31T10:29:23+00:00","og_image":[{"width":1200,"height":206,"url":"https:\/\/tiketi.com\/wp-content\/uploads\/2022\/01\/bus-ticket-online-booking.jpg","type":"image\/jpeg"}],"twitter_card":"summary_large_image","twitter_misc":{"Dur\u00e9e de lecture estim\u00e9e":"2 minutes"},"schema":{"@context":"https:\/\/schema.org","@graph":[{"@type":"WebPage","@id":"https:\/\/tiketi.com\/online-bus-tickets-from-nairobi-to-kapenguria\/","url":"https:\/\/tiketi.com\/online-bus-tickets-from-nairobi-to-kapenguria\/","name":"Bus de Nairobi \u00e0 Kapenguria Billets de bus, itin\u00e9raire, horaires et tarifs","isPartOf":{"@id":"https:\/\/tiketi.com\/#website"},"primaryImageOfPage":{"@id":"https:\/\/tiketi.com\/online-bus-tickets-from-nairobi-to-kapenguria\/#primaryimage"},"image":{"@id":"https:\/\/tiketi.com\/online-bus-tickets-from-nairobi-to-kapenguria\/#primaryimage"},"thumbnailUrl":"https:\/\/tiketi.com\/wp-content\/uploads\/2022\/01\/bus-ticket-online-booking.jpg","datePublished":"2022-01-19T11:54:51+00:00","dateModified":"2022-01-31T10:29:23+00:00","description":"Vous recherchez une application, des tarifs et des horaires de r\u00e9servation de billets de bus de Nairobi \u00e0 Kapenguria ? R\u00e9servez vos billets de bus pas chers de Nairobi \u00e0 Kapenguria en ligne","breadcrumb":{"@id":"https:\/\/tiketi.com\/online-bus-tickets-from-nairobi-to-kapenguria\/#breadcrumb"},"inLanguage":"fr-FR","potentialAction":[{"@type":"ReadAction","target":["https:\/\/tiketi.com\/online-bus-tickets-from-nairobi-to-kapenguria\/"]}]},{"@type":"ImageObject","inLanguage":"fr-FR","@id":"https:\/\/tiketi.com\/online-bus-tickets-from-nairobi-to-kapenguria\/#primaryimage","url":"https:\/\/tiketi.com\/wp-content\/uploads\/2022\/01\/bus-ticket-online-booking.jpg","contentUrl":"https:\/\/tiketi.com\/wp-content\/uploads\/2022\/01\/bus-ticket-online-booking.jpg","width":1200,"height":206,"caption":"Online Bus Ticket Booking"},{"@type":"BreadcrumbList","@id":"https:\/\/tiketi.com\/online-bus-tickets-from-nairobi-to-kapenguria\/#breadcrumb","itemListElement":[{"@type":"ListItem","position":1,"name":"Home","item":"https:\/\/tiketi.com\/"},{"@type":"ListItem","position":2,"name":"Bus from Nairobi to Kapenguria Bus Tickets, Route, Schedule &#038; Fare"}]},{"@type":"WebSite","@id":"https:\/\/tiketi.com\/#website","url":"https:\/\/tiketi.com\/","name":"Billets d&#039;avion et de bus, forfaits touristiques et activit\u00e9s - Tiketi.com","description":"Billets d&#039;avion et de bus, Tours, Activit\u00e9s","publisher":{"@id":"https:\/\/tiketi.com\/#organization"},"potentialAction":[{"@type":"SearchAction","target":{"@type":"EntryPoint","urlTemplate":"https:\/\/tiketi.com\/?s={search_term_string}"},"query-input":{"@type":"PropertyValueSpecification","valueRequired":true,"valueName":"search_term_string"}}],"inLanguage":"fr-FR"},{"@type":"Organization","@id":"https:\/\/tiketi.com\/#organization","name":"Tiketi.com","alternateName":"Tiketi","url":"https:\/\/tiketi.com\/","logo":{"@type":"ImageObject","inLanguage":"fr-FR","@id":"https:\/\/tiketi.com\/#\/schema\/logo\/image\/","url":"https:\/\/tiketi.com\/wp-content\/uploads\/2019\/05\/tiketi-logo-696.png","contentUrl":"https:\/\/tiketi.com\/wp-content\/uploads\/2019\/05\/tiketi-logo-696.png","width":696,"height":696,"caption":"Tiketi.com"},"image":{"@id":"https:\/\/tiketi.com\/#\/schema\/logo\/image\/"},"sameAs":["https:\/\/www.facebook.com\/TiketiCom\/"]}]}},"_links":{"self":[{"href":"https:\/\/tiketi.com\/fr-fr\/wp-json\/wp\/v2\/pages\/11539","targetHints":{"allow":["GET"]}}],"collection":[{"href":"https:\/\/tiketi.com\/fr-fr\/wp-json\/wp\/v2\/pages"}],"about":[{"href":"https:\/\/tiketi.com\/fr-fr\/wp-json\/wp\/v2\/types\/page"}],"author":[{"embeddable":true,"href":"https:\/\/tiketi.com\/fr-fr\/wp-json\/wp\/v2\/users\/1"}],"replies":[{"embeddable":true,"href":"https:\/\/tiketi.com\/fr-fr\/wp-json\/wp\/v2\/comments?post=11539"}],"version-history":[{"count":0,"href":"https:\/\/tiketi.com\/fr-fr\/wp-json\/wp\/v2\/pages\/11539\/revisions"}],"wp:featuredmedia":[{"embeddable":true,"href":"https:\/\/tiketi.com\/fr-fr\/wp-json\/wp\/v2\/media\/13999"}],"wp:attachment":[{"href":"https:\/\/tiketi.com\/fr-fr\/wp-json\/wp\/v2\/media?parent=11539"}],"curies":[{"name":"wp","href":"https:\/\/api.w.org\/{rel}","templated":true}]}}