{"id":11541,"date":"2022-01-19T12:54:51","date_gmt":"2022-01-19T11:54:51","guid":{"rendered":"https:\/\/new.tiketi.com\/bus-from-nairobi-to-garissa-bus-tickets-route-schedule-fare\/"},"modified":"2022-01-31T11:18:01","modified_gmt":"2022-01-31T10:18:01","slug":"online-bus-tickets-from-nairobi-to-garissa","status":"publish","type":"page","link":"https:\/\/tiketi.com\/fr-fr\/online-bus-tickets-from-nairobi-to-garissa\/","title":{"rendered":"Bus de Nairobi \u00e0 Garissa Billets de bus, itin\u00e9raire, horaires et tarifs"},"content":{"rendered":"<p>[wbtm-bus-search]<\/p>\n<h2>Cheap Bus Tickets from\u00a0Nairobi to Garissa\u00a0Online Booking<\/h2>\n<h3>Discover your travel route on web, mobile or app and book cheap bus ticket from Nairobi to Garissa online now.<\/h3>\n<p>Cheap bus tickets from Nairobi to Garissa bus tickets online booking made easy.\u00a0Take the daily Nairobi to Garissa bus service and travel Nairobi to Garissa by road. The road to Garissa is solid and best in condition. By car, the journey takes about four to five hours. Garissa has an airfield but no planned flights.\u00a0Here is the guide of how to book bus from Nairobi to Garissa:<\/p>\n<h2>Bus from Nairobi to Garissa Bus Tickets Booking, Routes, Schedules &amp; Fares FAQs<\/h2>\n<h3>Nairobi to Garissa travel time<\/h3>\n<p>Nairobi is placed around 327 kilometers away from Garissa so if you travel at the continue speed of 50 KM per hour you can reach Garisssa in seven hours and sixteen minutes. Cheap bus tickets from\u00a0Nairobi to Garissa is easily accessible. You can also book train and other vehicles.<\/p>\n<h3>Distance between Garissa and Nairobi<\/h3>\n<p>The full straight line distance between Garissa and Nairobi is 327 KM and six-hundred meters. The miles based distance from Nairobi to Garissa is 204 miles. This is a stright line distance and so most of the time the real travel distance of bus Nairobi to Garissa may be higher or change due to curvature of the road.<\/p>\n<h3>What is the quickest way to get from Nairobi to Garissa?<\/h3>\n<p>The fastest way to get from Nairobi to Garissa by bus which costs $150 &#8211; $200 and takes 7 hours and 16 minutes.<\/p>\n<h3>Is the Nairobi to Garissa bus the affordable way to get to Garissa?<\/h3>\n<p>The affordable way to get to Garissa is to bus Nairobi to Garissa and <a href=\"https:\/\/tiketi.com\/flightst\" target=\"_blank\" rel=\"noopener\">fly<\/a> which costs $200 &#8211; $400 and takes 3hr.<\/p>\n<p>The sun rise time difference or the real time difference between Garissa and Nairobi is zero hours, eleven minutes and seventeen seconds.<\/p>\n<h2>Bus from Nairobi to Garissa Tips<\/h2>\n<p>This is the key town of Garissa area. Garissa is a predominantly Muslim Town. Garissa lies on the River of Tana and is the geographical gateway to the interior of North Eastern province. It is a center in the ongoing humanitarian food support programme into the north east of Kenya.<\/p>\n","protected":false},"excerpt":{"rendered":"<p>[wbtm-bus-search] Cheap Bus Tickets from\u00a0Nairobi to Garissa\u00a0Online Booking Discover your travel route on web, mobile or app and book cheap bus ticket from Nairobi to Garissa online now. Cheap bus tickets from Nairobi to Garissa bus tickets online booking made easy.\u00a0Take the daily Nairobi to Garissa bus service and travel Nairobi to Garissa by road. [&hellip;]<\/p>\n","protected":false},"author":1,"featured_media":13999,"parent":0,"menu_order":0,"comment_status":"open","ping_status":"closed","template":"template-home-modern.php","meta":{"footnotes":""},"class_list":["post-11541","page","type-page","status-publish","has-post-thumbnail","hentry"],"yoast_head":"<!-- This site is optimized with the Yoast SEO plugin v27.2 - https:\/\/yoast.com\/product\/yoast-seo-wordpress\/ -->\n<title>Bus from Nairobi to Garissa Bus Tickets, Route, Schedule &amp; Fare<\/title>\n<meta name=\"description\" content=\"Looking for bus from Nairobi to Garissa bus ticket booking app, fare &amp; schedule? Book cheap bus tickets from Nairobi to Garissa online now\" \/>\n<meta name=\"robots\" content=\"index, follow, max-snippet:-1, max-image-preview:large, max-video-preview:-1\" \/>\n<link rel=\"canonical\" href=\"https:\/\/tiketi.com\/fr-fr\/online-bus-tickets-from-nairobi-to-garissa\/\" \/>\n<meta property=\"og:locale\" content=\"fr_FR\" \/>\n<meta property=\"og:type\" content=\"article\" \/>\n<meta property=\"og:title\" content=\"Bus from Nairobi to Garissa Bus Tickets, Route, Schedule &amp; Fare\" \/>\n<meta property=\"og:description\" content=\"Looking for bus from Nairobi to Garissa bus ticket booking app, fare &amp; schedule? Book cheap bus tickets from Nairobi to Garissa online now\" \/>\n<meta property=\"og:url\" content=\"https:\/\/tiketi.com\/fr-fr\/online-bus-tickets-from-nairobi-to-garissa\/\" \/>\n<meta property=\"og:site_name\" content=\"Tiketi.com\" \/>\n<meta property=\"article:publisher\" content=\"https:\/\/www.facebook.com\/TiketiCom\/\" \/>\n<meta property=\"article:modified_time\" content=\"2022-01-31T10:18:01+00:00\" \/>\n<meta property=\"og:image\" content=\"https:\/\/tiketi.com\/wp-content\/uploads\/2022\/01\/bus-ticket-online-booking.jpg\" \/>\n\t<meta property=\"og:image:width\" content=\"1200\" \/>\n\t<meta property=\"og:image:height\" content=\"206\" \/>\n\t<meta property=\"og:image:type\" content=\"image\/jpeg\" \/>\n<meta name=\"twitter:card\" content=\"summary_large_image\" \/>\n<meta name=\"twitter:label1\" content=\"Dur\u00e9e de lecture estim\u00e9e\" \/>\n\t<meta name=\"twitter:data1\" content=\"2 minutes\" \/>\n<script type=\"application\/ld+json\" class=\"yoast-schema-graph\">{\"@context\":\"https:\/\/schema.org\",\"@graph\":[{\"@type\":\"WebPage\",\"@id\":\"https:\/\/tiketi.com\/online-bus-tickets-from-nairobi-to-garissa\/\",\"url\":\"https:\/\/tiketi.com\/online-bus-tickets-from-nairobi-to-garissa\/\",\"name\":\"Bus from Nairobi to Garissa Bus Tickets, Route, Schedule & Fare\",\"isPartOf\":{\"@id\":\"https:\/\/tiketi.com\/#website\"},\"primaryImageOfPage\":{\"@id\":\"https:\/\/tiketi.com\/online-bus-tickets-from-nairobi-to-garissa\/#primaryimage\"},\"image\":{\"@id\":\"https:\/\/tiketi.com\/online-bus-tickets-from-nairobi-to-garissa\/#primaryimage\"},\"thumbnailUrl\":\"https:\/\/tiketi.com\/wp-content\/uploads\/2022\/01\/bus-ticket-online-booking.jpg\",\"datePublished\":\"2022-01-19T11:54:51+00:00\",\"dateModified\":\"2022-01-31T10:18:01+00:00\",\"description\":\"Looking for bus from Nairobi to Garissa bus ticket booking app, fare & schedule? Book cheap bus tickets from Nairobi to Garissa online now\",\"breadcrumb\":{\"@id\":\"https:\/\/tiketi.com\/online-bus-tickets-from-nairobi-to-garissa\/#breadcrumb\"},\"inLanguage\":\"fr-FR\",\"potentialAction\":[{\"@type\":\"ReadAction\",\"target\":[\"https:\/\/tiketi.com\/online-bus-tickets-from-nairobi-to-garissa\/\"]}]},{\"@type\":\"ImageObject\",\"inLanguage\":\"fr-FR\",\"@id\":\"https:\/\/tiketi.com\/online-bus-tickets-from-nairobi-to-garissa\/#primaryimage\",\"url\":\"https:\/\/tiketi.com\/wp-content\/uploads\/2022\/01\/bus-ticket-online-booking.jpg\",\"contentUrl\":\"https:\/\/tiketi.com\/wp-content\/uploads\/2022\/01\/bus-ticket-online-booking.jpg\",\"width\":1200,\"height\":206,\"caption\":\"Online Bus Ticket Booking\"},{\"@type\":\"BreadcrumbList\",\"@id\":\"https:\/\/tiketi.com\/online-bus-tickets-from-nairobi-to-garissa\/#breadcrumb\",\"itemListElement\":[{\"@type\":\"ListItem\",\"position\":1,\"name\":\"Home\",\"item\":\"https:\/\/tiketi.com\/\"},{\"@type\":\"ListItem\",\"position\":2,\"name\":\"Bus from Nairobi to Garissa Bus Tickets, Route, Schedule &#038; Fare\"}]},{\"@type\":\"WebSite\",\"@id\":\"https:\/\/tiketi.com\/#website\",\"url\":\"https:\/\/tiketi.com\/\",\"name\":\"Flight & Bus Tickets, Tour Packages & Activitites - Tiketi.com\",\"description\":\"Flight &amp; Bus Tickets, Tours, Activitites\",\"publisher\":{\"@id\":\"https:\/\/tiketi.com\/#organization\"},\"potentialAction\":[{\"@type\":\"SearchAction\",\"target\":{\"@type\":\"EntryPoint\",\"urlTemplate\":\"https:\/\/tiketi.com\/?s={search_term_string}\"},\"query-input\":{\"@type\":\"PropertyValueSpecification\",\"valueRequired\":true,\"valueName\":\"search_term_string\"}}],\"inLanguage\":\"fr-FR\"},{\"@type\":\"Organization\",\"@id\":\"https:\/\/tiketi.com\/#organization\",\"name\":\"Tiketi.com\",\"alternateName\":\"Tiketi\",\"url\":\"https:\/\/tiketi.com\/\",\"logo\":{\"@type\":\"ImageObject\",\"inLanguage\":\"fr-FR\",\"@id\":\"https:\/\/tiketi.com\/#\/schema\/logo\/image\/\",\"url\":\"https:\/\/tiketi.com\/wp-content\/uploads\/2019\/05\/tiketi-logo-696.png\",\"contentUrl\":\"https:\/\/tiketi.com\/wp-content\/uploads\/2019\/05\/tiketi-logo-696.png\",\"width\":696,\"height\":696,\"caption\":\"Tiketi.com\"},\"image\":{\"@id\":\"https:\/\/tiketi.com\/#\/schema\/logo\/image\/\"},\"sameAs\":[\"https:\/\/www.facebook.com\/TiketiCom\/\"]}]}<\/script>\n<!-- \/ Yoast SEO plugin. -->","yoast_head_json":{"title":"Bus de Nairobi \u00e0 Garissa Billets de bus, itin\u00e9raire, horaires et tarifs","description":"\u00c0 la recherche d&#039;une application de r\u00e9servation de billets de bus de Nairobi \u00e0 Garissa, des tarifs et des horaires de bus ? R\u00e9servez en ligne maintenant des billets de bus \u00e0 bas prix de Nairobi \u00e0 Garissa","robots":{"index":"index","follow":"follow","max-snippet":"max-snippet:-1","max-image-preview":"max-image-preview:large","max-video-preview":"max-video-preview:-1"},"canonical":"https:\/\/tiketi.com\/fr-fr\/online-bus-tickets-from-nairobi-to-garissa\/","og_locale":"fr_FR","og_type":"article","og_title":"Bus from Nairobi to Garissa Bus Tickets, Route, Schedule & Fare","og_description":"Looking for bus from Nairobi to Garissa bus ticket booking app, fare & schedule? Book cheap bus tickets from Nairobi to Garissa online now","og_url":"https:\/\/tiketi.com\/fr-fr\/online-bus-tickets-from-nairobi-to-garissa\/","og_site_name":"Tiketi.com","article_publisher":"https:\/\/www.facebook.com\/TiketiCom\/","article_modified_time":"2022-01-31T10:18:01+00:00","og_image":[{"width":1200,"height":206,"url":"https:\/\/tiketi.com\/wp-content\/uploads\/2022\/01\/bus-ticket-online-booking.jpg","type":"image\/jpeg"}],"twitter_card":"summary_large_image","twitter_misc":{"Dur\u00e9e de lecture estim\u00e9e":"2 minutes"},"schema":{"@context":"https:\/\/schema.org","@graph":[{"@type":"WebPage","@id":"https:\/\/tiketi.com\/online-bus-tickets-from-nairobi-to-garissa\/","url":"https:\/\/tiketi.com\/online-bus-tickets-from-nairobi-to-garissa\/","name":"Bus de Nairobi \u00e0 Garissa Billets de bus, itin\u00e9raire, horaires et tarifs","isPartOf":{"@id":"https:\/\/tiketi.com\/#website"},"primaryImageOfPage":{"@id":"https:\/\/tiketi.com\/online-bus-tickets-from-nairobi-to-garissa\/#primaryimage"},"image":{"@id":"https:\/\/tiketi.com\/online-bus-tickets-from-nairobi-to-garissa\/#primaryimage"},"thumbnailUrl":"https:\/\/tiketi.com\/wp-content\/uploads\/2022\/01\/bus-ticket-online-booking.jpg","datePublished":"2022-01-19T11:54:51+00:00","dateModified":"2022-01-31T10:18:01+00:00","description":"\u00c0 la recherche d&#039;une application de r\u00e9servation de billets de bus de Nairobi \u00e0 Garissa, des tarifs et des horaires de bus ? R\u00e9servez en ligne maintenant des billets de bus \u00e0 bas prix de Nairobi \u00e0 Garissa","breadcrumb":{"@id":"https:\/\/tiketi.com\/online-bus-tickets-from-nairobi-to-garissa\/#breadcrumb"},"inLanguage":"fr-FR","potentialAction":[{"@type":"ReadAction","target":["https:\/\/tiketi.com\/online-bus-tickets-from-nairobi-to-garissa\/"]}]},{"@type":"ImageObject","inLanguage":"fr-FR","@id":"https:\/\/tiketi.com\/online-bus-tickets-from-nairobi-to-garissa\/#primaryimage","url":"https:\/\/tiketi.com\/wp-content\/uploads\/2022\/01\/bus-ticket-online-booking.jpg","contentUrl":"https:\/\/tiketi.com\/wp-content\/uploads\/2022\/01\/bus-ticket-online-booking.jpg","width":1200,"height":206,"caption":"Online Bus Ticket Booking"},{"@type":"BreadcrumbList","@id":"https:\/\/tiketi.com\/online-bus-tickets-from-nairobi-to-garissa\/#breadcrumb","itemListElement":[{"@type":"ListItem","position":1,"name":"Home","item":"https:\/\/tiketi.com\/"},{"@type":"ListItem","position":2,"name":"Bus from Nairobi to Garissa Bus Tickets, Route, Schedule &#038; Fare"}]},{"@type":"WebSite","@id":"https:\/\/tiketi.com\/#website","url":"https:\/\/tiketi.com\/","name":"Billets d&#039;avion et de bus, forfaits touristiques et activit\u00e9s - Tiketi.com","description":"Billets d&#039;avion et de bus, Tours, Activit\u00e9s","publisher":{"@id":"https:\/\/tiketi.com\/#organization"},"potentialAction":[{"@type":"SearchAction","target":{"@type":"EntryPoint","urlTemplate":"https:\/\/tiketi.com\/?s={search_term_string}"},"query-input":{"@type":"PropertyValueSpecification","valueRequired":true,"valueName":"search_term_string"}}],"inLanguage":"fr-FR"},{"@type":"Organization","@id":"https:\/\/tiketi.com\/#organization","name":"Tiketi.com","alternateName":"Tiketi","url":"https:\/\/tiketi.com\/","logo":{"@type":"ImageObject","inLanguage":"fr-FR","@id":"https:\/\/tiketi.com\/#\/schema\/logo\/image\/","url":"https:\/\/tiketi.com\/wp-content\/uploads\/2019\/05\/tiketi-logo-696.png","contentUrl":"https:\/\/tiketi.com\/wp-content\/uploads\/2019\/05\/tiketi-logo-696.png","width":696,"height":696,"caption":"Tiketi.com"},"image":{"@id":"https:\/\/tiketi.com\/#\/schema\/logo\/image\/"},"sameAs":["https:\/\/www.facebook.com\/TiketiCom\/"]}]}},"_links":{"self":[{"href":"https:\/\/tiketi.com\/fr-fr\/wp-json\/wp\/v2\/pages\/11541","targetHints":{"allow":["GET"]}}],"collection":[{"href":"https:\/\/tiketi.com\/fr-fr\/wp-json\/wp\/v2\/pages"}],"about":[{"href":"https:\/\/tiketi.com\/fr-fr\/wp-json\/wp\/v2\/types\/page"}],"author":[{"embeddable":true,"href":"https:\/\/tiketi.com\/fr-fr\/wp-json\/wp\/v2\/users\/1"}],"replies":[{"embeddable":true,"href":"https:\/\/tiketi.com\/fr-fr\/wp-json\/wp\/v2\/comments?post=11541"}],"version-history":[{"count":0,"href":"https:\/\/tiketi.com\/fr-fr\/wp-json\/wp\/v2\/pages\/11541\/revisions"}],"wp:featuredmedia":[{"embeddable":true,"href":"https:\/\/tiketi.com\/fr-fr\/wp-json\/wp\/v2\/media\/13999"}],"wp:attachment":[{"href":"https:\/\/tiketi.com\/fr-fr\/wp-json\/wp\/v2\/media?parent=11541"}],"curies":[{"name":"wp","href":"https:\/\/api.w.org\/{rel}","templated":true}]}}