{"id":11543,"date":"2022-01-19T12:54:51","date_gmt":"2022-01-19T11:54:51","guid":{"rendered":"https:\/\/new.tiketi.com\/bus-from-nairobi-to-kakamega-bus-tickets-route-schedule-fare\/"},"modified":"2022-10-28T09:42:27","modified_gmt":"2022-10-28T08:42:27","slug":"tickets-nairobi-to-kakamega","status":"publish","type":"page","link":"https:\/\/tiketi.com\/fr-fr\/routes\/bus\/tickets-nairobi-to-kakamega\/","title":{"rendered":"Bus de Nairobi \u00e0 Kakamega Billets de bus, itin\u00e9raire, horaires et tarifs"},"content":{"rendered":"<h2>Billets de bus pas chers de Nairobi \u00e0 Kakamega R\u00e9servation en ligne<\/h2>\n<h3>D\u00e9couvrez votre itin\u00e9raire sur le web, le mobile ou l&#039;application et r\u00e9servez en ligne maintenant un billet de bus pas cher de Nairobi \u00e0 Kakamega.<\/h3>\n<p>Billets de bus pas chers de Nairobi \u00e0 Kakamega, r\u00e9servation en ligne de billets de bus simplifi\u00e9e et voyagez de Nairobi \u00e0 Kakamega par la route. Le Kenya est class\u00e9 parmi les pays en d\u00e9veloppement et Kakamega est l&#039;une des grandes villes du pays. Il sert de centre administratif, agricole et commercial. Voici le guide sur la fa\u00e7on de r\u00e9server un bus de Nairobi \u00e0 Kakamega :<\/p>\n<h2>Bus de Nairobi \u00e0 Kakamega R\u00e9servation de billets de bus, itin\u00e9raires, horaires et tarifs FAQs<\/h2>\n<h3>Quel est le moyen abordable pour se rendre de Nairobi \u00e0 Kakamega ?<\/h3>\n<p>Le moyen abordable de se rendre de Nairobi \u00e0 Kakamega en bus qui co\u00fbte $6 \u2013 $18 et dure 7h 25m.<\/p>\n<h3>Quel est le moyen le plus rapide pour se rendre de Nairobi \u00e0 Kakamega ?<\/h3>\n<p>Le moyen le plus rapide pour se rendre de Nairobi \u00e0 Kamega est de prendre un bus et avion ce qui co\u00fbte $170 \u2013 $250 et prend 1h 50m.<\/p>\n<h3>Y a-t-il un bus direct de Nairobi \u00e0 Kakamega ?<\/h3>\n<p>Oui, il y a un bus direct de Nairobi \u00e0 Kakamega. Les services partent 4 fois par jour, et circulent tous les jours. Le trajet dure environ 7h 25m.<\/p>\n<h3>Quelle est la distance parcourue entre Nairobi et Kakamega ?<\/h3>\n<p>La distance de bus de Nairobi \u00e0 Kakamega est de 288 km.<\/p>\n<h3>Comment d\u00e9m\u00e9nager de Nairobi \u00e0 Kakamega sans v\u00e9hicule personnel ?<\/h3>\n<p>Le meilleur moyen pour se rendre de Nairobi \u00e0 Kakamega sans v\u00e9hicule personnel est de bus et taxi, ce qui dure 4h 50m et co\u00fbte $110 \u2013 $160.<\/p>\n<h3>O\u00f9 prendre le bus Nairobi pour Kakamega ?<\/h3>\n<p>Des billets de bus bon march\u00e9 de Nairobi \u00e0 Kakameg, g\u00e9r\u00e9s par Easy Coach, partent de la gare de Nairobi.<\/p>\n<h3>Puis-je conduire de Nairobi \u00e0 Kakamega ?<\/h3>\n<p>Oui, le trajet entre Kakamega et Nairobi est de 378 km. Il faut environ 5h 35m pour conduire de Nairobi \u00e0 Kakamega.<\/p>\n<h2>Bus Nairobi \u00e0 Kakamega Conseils<\/h2>\n<p>Le comt\u00e9 de Kakamega abrite des millions de personnes de la tribu Abaluyha. On le trouve dans la r\u00e9gion ouest du Kenya qui re\u00e7oit des pr\u00e9cipitations suffisantes tout au long de l&#039;ann\u00e9e, donc, gardez-le vert. Par cons\u00e9quent, les amoureux de l&#039;environnement adoreront l&#039;air frais et pur et l&#039;exp\u00e9rience de le respirer. De plus, la ville est situ\u00e9e \u00e0 quelques kilom\u00e8tres de l&#039;\u00e9quateur. C&#039;est le si\u00e8ge du comt\u00e9 de Kakamega. La c\u00e9l\u00e8bre ville compte 99 987 habitants.<\/p>","protected":false},"excerpt":{"rendered":"<p>Cheap Bus Tickets from\u00a0Nairobi to Kakamega\u00a0Online Booking Discover your travel route on web, mobile or app and book cheap bus ticket from Nairobi to Kakamega online now. Cheap bus tickets from Nairobi to Kakamega bus tickets\u00a0online booking made easy and travel Nairobi to Kakamega by road.\u00a0Kenya is classified under developing nations, and Kakamega is one [&hellip;]<\/p>\n","protected":false},"author":1,"featured_media":13999,"parent":25566,"menu_order":0,"comment_status":"open","ping_status":"closed","template":"template-home-modern.php","meta":{"footnotes":""},"class_list":["post-11543","page","type-page","status-publish","has-post-thumbnail","hentry"],"yoast_head":"<!-- This site is optimized with the Yoast SEO plugin v27.2 - https:\/\/yoast.com\/product\/yoast-seo-wordpress\/ -->\n<title>Bus from Nairobi to Kakamega Bus Tickets, Route, Schedule &amp; Fare<\/title>\n<meta name=\"description\" content=\"Looking for bus from Nairobi to Kakamega bus ticket booking app, fare &amp; schedule? Book cheap bus tickets from Nairobi to Kakamega online now\" \/>\n<meta name=\"robots\" content=\"index, follow, max-snippet:-1, max-image-preview:large, max-video-preview:-1\" \/>\n<link rel=\"canonical\" href=\"https:\/\/tiketi.com\/fr-fr\/routes\/bus\/tickets-nairobi-to-kakamega\/\" \/>\n<meta property=\"og:locale\" content=\"fr_FR\" \/>\n<meta property=\"og:type\" content=\"article\" \/>\n<meta property=\"og:title\" content=\"Bus from Nairobi to Kakamega Bus Tickets, Route, Schedule &amp; Fare\" \/>\n<meta property=\"og:description\" content=\"Looking for bus from Nairobi to Kakamega bus ticket booking app, fare &amp; schedule? Book cheap bus tickets from Nairobi to Kakamega online now\" \/>\n<meta property=\"og:url\" content=\"https:\/\/tiketi.com\/fr-fr\/routes\/bus\/tickets-nairobi-to-kakamega\/\" \/>\n<meta property=\"og:site_name\" content=\"Tiketi.com\" \/>\n<meta property=\"article:publisher\" content=\"https:\/\/www.facebook.com\/TiketiCom\/\" \/>\n<meta property=\"article:modified_time\" content=\"2022-10-28T08:42:27+00:00\" \/>\n<meta property=\"og:image\" content=\"https:\/\/tiketi.com\/wp-content\/uploads\/2022\/01\/bus-ticket-online-booking.jpg\" \/>\n\t<meta property=\"og:image:width\" content=\"1200\" \/>\n\t<meta property=\"og:image:height\" content=\"206\" \/>\n\t<meta property=\"og:image:type\" content=\"image\/jpeg\" \/>\n<meta name=\"twitter:card\" content=\"summary_large_image\" \/>\n<meta name=\"twitter:label1\" content=\"Dur\u00e9e de lecture estim\u00e9e\" \/>\n\t<meta name=\"twitter:data1\" content=\"2 minutes\" \/>\n<script type=\"application\/ld+json\" class=\"yoast-schema-graph\">{\"@context\":\"https:\/\/schema.org\",\"@graph\":[{\"@type\":\"WebPage\",\"@id\":\"https:\/\/tiketi.com\/routes\/bus\/tickets-nairobi-to-kakamega\/\",\"url\":\"https:\/\/tiketi.com\/routes\/bus\/tickets-nairobi-to-kakamega\/\",\"name\":\"Bus from Nairobi to Kakamega Bus Tickets, Route, Schedule & Fare\",\"isPartOf\":{\"@id\":\"https:\/\/tiketi.com\/#website\"},\"primaryImageOfPage\":{\"@id\":\"https:\/\/tiketi.com\/routes\/bus\/tickets-nairobi-to-kakamega\/#primaryimage\"},\"image\":{\"@id\":\"https:\/\/tiketi.com\/routes\/bus\/tickets-nairobi-to-kakamega\/#primaryimage\"},\"thumbnailUrl\":\"https:\/\/tiketi.com\/wp-content\/uploads\/2022\/01\/bus-ticket-online-booking.jpg\",\"datePublished\":\"2022-01-19T11:54:51+00:00\",\"dateModified\":\"2022-10-28T08:42:27+00:00\",\"description\":\"Looking for bus from Nairobi to Kakamega bus ticket booking app, fare & schedule? Book cheap bus tickets from Nairobi to Kakamega online now\",\"breadcrumb\":{\"@id\":\"https:\/\/tiketi.com\/routes\/bus\/tickets-nairobi-to-kakamega\/#breadcrumb\"},\"inLanguage\":\"fr-FR\",\"potentialAction\":[{\"@type\":\"ReadAction\",\"target\":[\"https:\/\/tiketi.com\/routes\/bus\/tickets-nairobi-to-kakamega\/\"]}]},{\"@type\":\"ImageObject\",\"inLanguage\":\"fr-FR\",\"@id\":\"https:\/\/tiketi.com\/routes\/bus\/tickets-nairobi-to-kakamega\/#primaryimage\",\"url\":\"https:\/\/tiketi.com\/wp-content\/uploads\/2022\/01\/bus-ticket-online-booking.jpg\",\"contentUrl\":\"https:\/\/tiketi.com\/wp-content\/uploads\/2022\/01\/bus-ticket-online-booking.jpg\",\"width\":1200,\"height\":206,\"caption\":\"Online Bus Ticket Booking\"},{\"@type\":\"BreadcrumbList\",\"@id\":\"https:\/\/tiketi.com\/routes\/bus\/tickets-nairobi-to-kakamega\/#breadcrumb\",\"itemListElement\":[{\"@type\":\"ListItem\",\"position\":1,\"name\":\"Home\",\"item\":\"https:\/\/tiketi.com\/\"},{\"@type\":\"ListItem\",\"position\":2,\"name\":\"Routes\",\"item\":\"https:\/\/tiketi.com\/routes\/\"},{\"@type\":\"ListItem\",\"position\":3,\"name\":\"Bus\",\"item\":\"https:\/\/tiketi.com\/routes\/bus\/\"},{\"@type\":\"ListItem\",\"position\":4,\"name\":\"Bus from Nairobi to Kakamega Bus Tickets, Route, Schedule &#038; Fare\"}]},{\"@type\":\"WebSite\",\"@id\":\"https:\/\/tiketi.com\/#website\",\"url\":\"https:\/\/tiketi.com\/\",\"name\":\"Flight & Bus Tickets, Tour Packages & Activitites - Tiketi.com\",\"description\":\"Flight &amp; Bus Tickets, Tours, Activitites\",\"publisher\":{\"@id\":\"https:\/\/tiketi.com\/#organization\"},\"potentialAction\":[{\"@type\":\"SearchAction\",\"target\":{\"@type\":\"EntryPoint\",\"urlTemplate\":\"https:\/\/tiketi.com\/?s={search_term_string}\"},\"query-input\":{\"@type\":\"PropertyValueSpecification\",\"valueRequired\":true,\"valueName\":\"search_term_string\"}}],\"inLanguage\":\"fr-FR\"},{\"@type\":\"Organization\",\"@id\":\"https:\/\/tiketi.com\/#organization\",\"name\":\"Tiketi.com\",\"alternateName\":\"Tiketi\",\"url\":\"https:\/\/tiketi.com\/\",\"logo\":{\"@type\":\"ImageObject\",\"inLanguage\":\"fr-FR\",\"@id\":\"https:\/\/tiketi.com\/#\/schema\/logo\/image\/\",\"url\":\"https:\/\/tiketi.com\/wp-content\/uploads\/2019\/05\/tiketi-logo-696.png\",\"contentUrl\":\"https:\/\/tiketi.com\/wp-content\/uploads\/2019\/05\/tiketi-logo-696.png\",\"width\":696,\"height\":696,\"caption\":\"Tiketi.com\"},\"image\":{\"@id\":\"https:\/\/tiketi.com\/#\/schema\/logo\/image\/\"},\"sameAs\":[\"https:\/\/www.facebook.com\/TiketiCom\/\"]}]}<\/script>\n<!-- \/ Yoast SEO plugin. -->","yoast_head_json":{"title":"Bus de Nairobi \u00e0 Kakamega Billets de bus, itin\u00e9raire, horaires et tarifs","description":"\u00c0 la recherche d&#039;une application de r\u00e9servation de billets de bus de Nairobi \u00e0 Kakamega, des tarifs et des horaires de bus ? R\u00e9servez en ligne maintenant des billets de bus \u00e0 bas prix de Nairobi \u00e0 Kakamega","robots":{"index":"index","follow":"follow","max-snippet":"max-snippet:-1","max-image-preview":"max-image-preview:large","max-video-preview":"max-video-preview:-1"},"canonical":"https:\/\/tiketi.com\/fr-fr\/routes\/bus\/tickets-nairobi-to-kakamega\/","og_locale":"fr_FR","og_type":"article","og_title":"Bus from Nairobi to Kakamega Bus Tickets, Route, Schedule & Fare","og_description":"Looking for bus from Nairobi to Kakamega bus ticket booking app, fare & schedule? Book cheap bus tickets from Nairobi to Kakamega online now","og_url":"https:\/\/tiketi.com\/fr-fr\/routes\/bus\/tickets-nairobi-to-kakamega\/","og_site_name":"Tiketi.com","article_publisher":"https:\/\/www.facebook.com\/TiketiCom\/","article_modified_time":"2022-10-28T08:42:27+00:00","og_image":[{"width":1200,"height":206,"url":"https:\/\/tiketi.com\/wp-content\/uploads\/2022\/01\/bus-ticket-online-booking.jpg","type":"image\/jpeg"}],"twitter_card":"summary_large_image","twitter_misc":{"Dur\u00e9e de lecture estim\u00e9e":"2 minutes"},"schema":{"@context":"https:\/\/schema.org","@graph":[{"@type":"WebPage","@id":"https:\/\/tiketi.com\/routes\/bus\/tickets-nairobi-to-kakamega\/","url":"https:\/\/tiketi.com\/routes\/bus\/tickets-nairobi-to-kakamega\/","name":"Bus de Nairobi \u00e0 Kakamega Billets de bus, itin\u00e9raire, horaires et tarifs","isPartOf":{"@id":"https:\/\/tiketi.com\/#website"},"primaryImageOfPage":{"@id":"https:\/\/tiketi.com\/routes\/bus\/tickets-nairobi-to-kakamega\/#primaryimage"},"image":{"@id":"https:\/\/tiketi.com\/routes\/bus\/tickets-nairobi-to-kakamega\/#primaryimage"},"thumbnailUrl":"https:\/\/tiketi.com\/wp-content\/uploads\/2022\/01\/bus-ticket-online-booking.jpg","datePublished":"2022-01-19T11:54:51+00:00","dateModified":"2022-10-28T08:42:27+00:00","description":"\u00c0 la recherche d&#039;une application de r\u00e9servation de billets de bus de Nairobi \u00e0 Kakamega, des tarifs et des horaires de bus ? R\u00e9servez en ligne maintenant des billets de bus \u00e0 bas prix de Nairobi \u00e0 Kakamega","breadcrumb":{"@id":"https:\/\/tiketi.com\/routes\/bus\/tickets-nairobi-to-kakamega\/#breadcrumb"},"inLanguage":"fr-FR","potentialAction":[{"@type":"ReadAction","target":["https:\/\/tiketi.com\/routes\/bus\/tickets-nairobi-to-kakamega\/"]}]},{"@type":"ImageObject","inLanguage":"fr-FR","@id":"https:\/\/tiketi.com\/routes\/bus\/tickets-nairobi-to-kakamega\/#primaryimage","url":"https:\/\/tiketi.com\/wp-content\/uploads\/2022\/01\/bus-ticket-online-booking.jpg","contentUrl":"https:\/\/tiketi.com\/wp-content\/uploads\/2022\/01\/bus-ticket-online-booking.jpg","width":1200,"height":206,"caption":"Online Bus Ticket Booking"},{"@type":"BreadcrumbList","@id":"https:\/\/tiketi.com\/routes\/bus\/tickets-nairobi-to-kakamega\/#breadcrumb","itemListElement":[{"@type":"ListItem","position":1,"name":"Home","item":"https:\/\/tiketi.com\/"},{"@type":"ListItem","position":2,"name":"Routes","item":"https:\/\/tiketi.com\/routes\/"},{"@type":"ListItem","position":3,"name":"Bus","item":"https:\/\/tiketi.com\/routes\/bus\/"},{"@type":"ListItem","position":4,"name":"Bus from Nairobi to Kakamega Bus Tickets, Route, Schedule &#038; Fare"}]},{"@type":"WebSite","@id":"https:\/\/tiketi.com\/#website","url":"https:\/\/tiketi.com\/","name":"Billets d&#039;avion et de bus, forfaits touristiques et activit\u00e9s - Tiketi.com","description":"Billets d&#039;avion et de bus, Tours, Activit\u00e9s","publisher":{"@id":"https:\/\/tiketi.com\/#organization"},"potentialAction":[{"@type":"SearchAction","target":{"@type":"EntryPoint","urlTemplate":"https:\/\/tiketi.com\/?s={search_term_string}"},"query-input":{"@type":"PropertyValueSpecification","valueRequired":true,"valueName":"search_term_string"}}],"inLanguage":"fr-FR"},{"@type":"Organization","@id":"https:\/\/tiketi.com\/#organization","name":"Tiketi.com","alternateName":"Tiketi","url":"https:\/\/tiketi.com\/","logo":{"@type":"ImageObject","inLanguage":"fr-FR","@id":"https:\/\/tiketi.com\/#\/schema\/logo\/image\/","url":"https:\/\/tiketi.com\/wp-content\/uploads\/2019\/05\/tiketi-logo-696.png","contentUrl":"https:\/\/tiketi.com\/wp-content\/uploads\/2019\/05\/tiketi-logo-696.png","width":696,"height":696,"caption":"Tiketi.com"},"image":{"@id":"https:\/\/tiketi.com\/#\/schema\/logo\/image\/"},"sameAs":["https:\/\/www.facebook.com\/TiketiCom\/"]}]}},"_links":{"self":[{"href":"https:\/\/tiketi.com\/fr-fr\/wp-json\/wp\/v2\/pages\/11543","targetHints":{"allow":["GET"]}}],"collection":[{"href":"https:\/\/tiketi.com\/fr-fr\/wp-json\/wp\/v2\/pages"}],"about":[{"href":"https:\/\/tiketi.com\/fr-fr\/wp-json\/wp\/v2\/types\/page"}],"author":[{"embeddable":true,"href":"https:\/\/tiketi.com\/fr-fr\/wp-json\/wp\/v2\/users\/1"}],"replies":[{"embeddable":true,"href":"https:\/\/tiketi.com\/fr-fr\/wp-json\/wp\/v2\/comments?post=11543"}],"version-history":[{"count":0,"href":"https:\/\/tiketi.com\/fr-fr\/wp-json\/wp\/v2\/pages\/11543\/revisions"}],"up":[{"embeddable":true,"href":"https:\/\/tiketi.com\/fr-fr\/wp-json\/wp\/v2\/pages\/25566"}],"wp:featuredmedia":[{"embeddable":true,"href":"https:\/\/tiketi.com\/fr-fr\/wp-json\/wp\/v2\/media\/13999"}],"wp:attachment":[{"href":"https:\/\/tiketi.com\/fr-fr\/wp-json\/wp\/v2\/media?parent=11543"}],"curies":[{"name":"wp","href":"https:\/\/api.w.org\/{rel}","templated":true}]}}