{"id":11545,"date":"2022-01-19T12:54:51","date_gmt":"2022-01-19T11:54:51","guid":{"rendered":"https:\/\/new.tiketi.com\/bus-from-nairobi-to-nakuru-bus-tickets-route-fare-schedule\/"},"modified":"2022-01-31T12:59:12","modified_gmt":"2022-01-31T11:59:12","slug":"online-bus-tickets-from-nairobi-to-nakuru","status":"publish","type":"page","link":"https:\/\/tiketi.com\/fr-fr\/online-bus-tickets-from-nairobi-to-nakuru\/","title":{"rendered":"Bus de Nairobi \u00e0 Nakuru Billets de bus, itin\u00e9raire, tarifs et horaires"},"content":{"rendered":"<p>[wbtm-bus-search]<\/p>\n<h2>Cheap Bus Tickets from\u00a0Nairobi to Nakuru\u00a0Online Booking<\/h2>\n<h3>Discover your travel route on web, mobile or app and book cheap bus ticket from Nairobi to Nakuru online now<\/h3>\n<p>Cheap bus from Nairobi to Nakuru bus tickets online booking made easy.\u00a0Besides being the fourth biggest city in Kenya and home to the world&#8217;s biggest caledera, Nakuru is one of the most gifted cities in matters tourism. Thousands of tourists visit it each year, and they are never upset as they get to the point of attractions. Here is the guide how you can book bus tickets from Nairobi to Nakuru online:<\/p>\n<h2>Bus from Nairobi to Nakuru Bus Tickets Online Booking, Tickets, Route, Fare &amp; Schedule FAQs<\/h2>\n<h3>What is the affordable way to get from Nairobi to Nakuru?<\/h3>\n<p>The affordable way to get to Nakuru is to bus\u00a0Nairobi to Nakuru which costs $14 &#8211; $21 and takes 2h 20m.<\/p>\n<h3>What is the quickest way to get from Nairobi to Nakuru?<\/h3>\n<p>The fastest way to get from Nairobi to Nakuru is to bus. Nairobi to Nakuru bus fare $14 &#8211; $21 and takes 2h 20m.<\/p>\n<h3>Is there a direct bus Nairobi to Nakuru?<\/h3>\n<p>No, there is no direct bus from Nakuru to Nairobi. Anyway, there are services departing from Nairobi and arriving at Nakuru through Mombasa.<\/p>\n<h3>What is the travel distance of Nairobi to Nakuru by bus?<\/h3>\n<p>The distance of Nairobi to Nakuru by bus is 140 km.<\/p>\n<h3>How do I move from Nairobi to Nakuru without a personal vehicle?<\/h3>\n<p>The top way to Nakuru without a car is to bus Nairobi to Nakuru.<\/p>\n<h3>Where does the Nairobi to Nakuru\u00a0bus arrive?<\/h3>\n<p>Cheap bus tickets from\u00a0Nairobi to Nakuru\u00a0services, run by Coast Bus, arrive at Nakuru station.<\/p>\n<h2>Book Bus Tickets from\u00a0Nairobi to Nakuru Tips<\/h2>\n<p>As you travel from Nairobi, Kenya through Mai Mahiu road, the wonderful view of the volcanic active Mt Longonot and the glitter of the clean waters of Lake Naivasha (the only clean water lake in the Rift Valley) comes into view to greet you. A few kilometers into the inland, Lake Naivasha, Hell Gate National Park, Lake Oloidon, Mt Longonot National Park and many other attractions come to view. In short, your Nakuru adventure begins long before you get to Nakuru.<\/p>\n","protected":false},"excerpt":{"rendered":"<p>[wbtm-bus-search] Cheap Bus Tickets from\u00a0Nairobi to Nakuru\u00a0Online Booking Discover your travel route on web, mobile or app and book cheap bus ticket from Nairobi to Nakuru online now Cheap bus from Nairobi to Nakuru bus tickets online booking made easy.\u00a0Besides being the fourth biggest city in Kenya and home to the world&#8217;s biggest caledera, Nakuru [&hellip;]<\/p>\n","protected":false},"author":1,"featured_media":13999,"parent":0,"menu_order":0,"comment_status":"open","ping_status":"closed","template":"template-home-modern.php","meta":{"footnotes":""},"class_list":["post-11545","page","type-page","status-publish","has-post-thumbnail","hentry"],"yoast_head":"<!-- This site is optimized with the Yoast SEO plugin v27.2 - https:\/\/yoast.com\/product\/yoast-seo-wordpress\/ -->\n<title>Bus from Nairobi to Nakuru\u00a0Bus Tickets, Route, Fare &amp; Schedule<\/title>\n<meta name=\"description\" content=\"Looking for bus from Nairobi to Nakuru bus tickets booking app, fare &amp; schedule? Book cheap bus tickets from Nairobi to Nakuru online now\" \/>\n<meta name=\"robots\" content=\"index, follow, max-snippet:-1, max-image-preview:large, max-video-preview:-1\" \/>\n<link rel=\"canonical\" href=\"https:\/\/tiketi.com\/fr-fr\/online-bus-tickets-from-nairobi-to-nakuru\/\" \/>\n<meta property=\"og:locale\" content=\"fr_FR\" \/>\n<meta property=\"og:type\" content=\"article\" \/>\n<meta property=\"og:title\" content=\"Bus from Nairobi to Nakuru\u00a0Bus Tickets, Route, Fare &amp; Schedule\" \/>\n<meta property=\"og:description\" content=\"Looking for bus from Nairobi to Nakuru bus tickets booking app, fare &amp; schedule? Book cheap bus tickets from Nairobi to Nakuru online now\" \/>\n<meta property=\"og:url\" content=\"https:\/\/tiketi.com\/fr-fr\/online-bus-tickets-from-nairobi-to-nakuru\/\" \/>\n<meta property=\"og:site_name\" content=\"Tiketi.com\" \/>\n<meta property=\"article:publisher\" content=\"https:\/\/www.facebook.com\/TiketiCom\/\" \/>\n<meta property=\"article:modified_time\" content=\"2022-01-31T11:59:12+00:00\" \/>\n<meta property=\"og:image\" content=\"https:\/\/tiketi.com\/wp-content\/uploads\/2022\/01\/bus-ticket-online-booking.jpg\" \/>\n\t<meta property=\"og:image:width\" content=\"1200\" \/>\n\t<meta property=\"og:image:height\" content=\"206\" \/>\n\t<meta property=\"og:image:type\" content=\"image\/jpeg\" \/>\n<meta name=\"twitter:card\" content=\"summary_large_image\" \/>\n<meta name=\"twitter:label1\" content=\"Dur\u00e9e de lecture estim\u00e9e\" \/>\n\t<meta name=\"twitter:data1\" content=\"2 minutes\" \/>\n<script type=\"application\/ld+json\" class=\"yoast-schema-graph\">{\"@context\":\"https:\/\/schema.org\",\"@graph\":[{\"@type\":\"WebPage\",\"@id\":\"https:\/\/tiketi.com\/online-bus-tickets-from-nairobi-to-nakuru\/\",\"url\":\"https:\/\/tiketi.com\/online-bus-tickets-from-nairobi-to-nakuru\/\",\"name\":\"Bus from Nairobi to Nakuru\u00a0Bus Tickets, Route, Fare & Schedule\",\"isPartOf\":{\"@id\":\"https:\/\/tiketi.com\/#website\"},\"primaryImageOfPage\":{\"@id\":\"https:\/\/tiketi.com\/online-bus-tickets-from-nairobi-to-nakuru\/#primaryimage\"},\"image\":{\"@id\":\"https:\/\/tiketi.com\/online-bus-tickets-from-nairobi-to-nakuru\/#primaryimage\"},\"thumbnailUrl\":\"https:\/\/tiketi.com\/wp-content\/uploads\/2022\/01\/bus-ticket-online-booking.jpg\",\"datePublished\":\"2022-01-19T11:54:51+00:00\",\"dateModified\":\"2022-01-31T11:59:12+00:00\",\"description\":\"Looking for bus from Nairobi to Nakuru bus tickets booking app, fare & schedule? Book cheap bus tickets from Nairobi to Nakuru online now\",\"breadcrumb\":{\"@id\":\"https:\/\/tiketi.com\/online-bus-tickets-from-nairobi-to-nakuru\/#breadcrumb\"},\"inLanguage\":\"fr-FR\",\"potentialAction\":[{\"@type\":\"ReadAction\",\"target\":[\"https:\/\/tiketi.com\/online-bus-tickets-from-nairobi-to-nakuru\/\"]}]},{\"@type\":\"ImageObject\",\"inLanguage\":\"fr-FR\",\"@id\":\"https:\/\/tiketi.com\/online-bus-tickets-from-nairobi-to-nakuru\/#primaryimage\",\"url\":\"https:\/\/tiketi.com\/wp-content\/uploads\/2022\/01\/bus-ticket-online-booking.jpg\",\"contentUrl\":\"https:\/\/tiketi.com\/wp-content\/uploads\/2022\/01\/bus-ticket-online-booking.jpg\",\"width\":1200,\"height\":206,\"caption\":\"Online Bus Ticket Booking\"},{\"@type\":\"BreadcrumbList\",\"@id\":\"https:\/\/tiketi.com\/online-bus-tickets-from-nairobi-to-nakuru\/#breadcrumb\",\"itemListElement\":[{\"@type\":\"ListItem\",\"position\":1,\"name\":\"Home\",\"item\":\"https:\/\/tiketi.com\/\"},{\"@type\":\"ListItem\",\"position\":2,\"name\":\"Bus from Nairobi to Nakuru\u00a0Bus Tickets, Route, Fare &#038; Schedule\"}]},{\"@type\":\"WebSite\",\"@id\":\"https:\/\/tiketi.com\/#website\",\"url\":\"https:\/\/tiketi.com\/\",\"name\":\"Flight & Bus Tickets, Tour Packages & Activitites - Tiketi.com\",\"description\":\"Flight &amp; Bus Tickets, Tours, Activitites\",\"publisher\":{\"@id\":\"https:\/\/tiketi.com\/#organization\"},\"potentialAction\":[{\"@type\":\"SearchAction\",\"target\":{\"@type\":\"EntryPoint\",\"urlTemplate\":\"https:\/\/tiketi.com\/?s={search_term_string}\"},\"query-input\":{\"@type\":\"PropertyValueSpecification\",\"valueRequired\":true,\"valueName\":\"search_term_string\"}}],\"inLanguage\":\"fr-FR\"},{\"@type\":\"Organization\",\"@id\":\"https:\/\/tiketi.com\/#organization\",\"name\":\"Tiketi.com\",\"alternateName\":\"Tiketi\",\"url\":\"https:\/\/tiketi.com\/\",\"logo\":{\"@type\":\"ImageObject\",\"inLanguage\":\"fr-FR\",\"@id\":\"https:\/\/tiketi.com\/#\/schema\/logo\/image\/\",\"url\":\"https:\/\/tiketi.com\/wp-content\/uploads\/2019\/05\/tiketi-logo-696.png\",\"contentUrl\":\"https:\/\/tiketi.com\/wp-content\/uploads\/2019\/05\/tiketi-logo-696.png\",\"width\":696,\"height\":696,\"caption\":\"Tiketi.com\"},\"image\":{\"@id\":\"https:\/\/tiketi.com\/#\/schema\/logo\/image\/\"},\"sameAs\":[\"https:\/\/www.facebook.com\/TiketiCom\/\"]}]}<\/script>\n<!-- \/ Yoast SEO plugin. -->","yoast_head_json":{"title":"Bus de Nairobi \u00e0 Nakuru Billets de bus, itin\u00e9raire, tarifs et horaires","description":"\u00c0 la recherche d&#039;une application de r\u00e9servation de billets de bus de Nairobi \u00e0 Nakuru, des tarifs et des horaires de bus ? R\u00e9servez en ligne maintenant des billets de bus \u00e0 bas prix de Nairobi \u00e0 Nakuru","robots":{"index":"index","follow":"follow","max-snippet":"max-snippet:-1","max-image-preview":"max-image-preview:large","max-video-preview":"max-video-preview:-1"},"canonical":"https:\/\/tiketi.com\/fr-fr\/online-bus-tickets-from-nairobi-to-nakuru\/","og_locale":"fr_FR","og_type":"article","og_title":"Bus from Nairobi to Nakuru\u00a0Bus Tickets, Route, Fare & Schedule","og_description":"Looking for bus from Nairobi to Nakuru bus tickets booking app, fare & schedule? Book cheap bus tickets from Nairobi to Nakuru online now","og_url":"https:\/\/tiketi.com\/fr-fr\/online-bus-tickets-from-nairobi-to-nakuru\/","og_site_name":"Tiketi.com","article_publisher":"https:\/\/www.facebook.com\/TiketiCom\/","article_modified_time":"2022-01-31T11:59:12+00:00","og_image":[{"width":1200,"height":206,"url":"https:\/\/tiketi.com\/wp-content\/uploads\/2022\/01\/bus-ticket-online-booking.jpg","type":"image\/jpeg"}],"twitter_card":"summary_large_image","twitter_misc":{"Dur\u00e9e de lecture estim\u00e9e":"2 minutes"},"schema":{"@context":"https:\/\/schema.org","@graph":[{"@type":"WebPage","@id":"https:\/\/tiketi.com\/online-bus-tickets-from-nairobi-to-nakuru\/","url":"https:\/\/tiketi.com\/online-bus-tickets-from-nairobi-to-nakuru\/","name":"Bus de Nairobi \u00e0 Nakuru Billets de bus, itin\u00e9raire, tarifs et horaires","isPartOf":{"@id":"https:\/\/tiketi.com\/#website"},"primaryImageOfPage":{"@id":"https:\/\/tiketi.com\/online-bus-tickets-from-nairobi-to-nakuru\/#primaryimage"},"image":{"@id":"https:\/\/tiketi.com\/online-bus-tickets-from-nairobi-to-nakuru\/#primaryimage"},"thumbnailUrl":"https:\/\/tiketi.com\/wp-content\/uploads\/2022\/01\/bus-ticket-online-booking.jpg","datePublished":"2022-01-19T11:54:51+00:00","dateModified":"2022-01-31T11:59:12+00:00","description":"\u00c0 la recherche d&#039;une application de r\u00e9servation de billets de bus de Nairobi \u00e0 Nakuru, des tarifs et des horaires de bus ? R\u00e9servez en ligne maintenant des billets de bus \u00e0 bas prix de Nairobi \u00e0 Nakuru","breadcrumb":{"@id":"https:\/\/tiketi.com\/online-bus-tickets-from-nairobi-to-nakuru\/#breadcrumb"},"inLanguage":"fr-FR","potentialAction":[{"@type":"ReadAction","target":["https:\/\/tiketi.com\/online-bus-tickets-from-nairobi-to-nakuru\/"]}]},{"@type":"ImageObject","inLanguage":"fr-FR","@id":"https:\/\/tiketi.com\/online-bus-tickets-from-nairobi-to-nakuru\/#primaryimage","url":"https:\/\/tiketi.com\/wp-content\/uploads\/2022\/01\/bus-ticket-online-booking.jpg","contentUrl":"https:\/\/tiketi.com\/wp-content\/uploads\/2022\/01\/bus-ticket-online-booking.jpg","width":1200,"height":206,"caption":"Online Bus Ticket Booking"},{"@type":"BreadcrumbList","@id":"https:\/\/tiketi.com\/online-bus-tickets-from-nairobi-to-nakuru\/#breadcrumb","itemListElement":[{"@type":"ListItem","position":1,"name":"Home","item":"https:\/\/tiketi.com\/"},{"@type":"ListItem","position":2,"name":"Bus from Nairobi to Nakuru\u00a0Bus Tickets, Route, Fare &#038; Schedule"}]},{"@type":"WebSite","@id":"https:\/\/tiketi.com\/#website","url":"https:\/\/tiketi.com\/","name":"Billets d&#039;avion et de bus, forfaits touristiques et activit\u00e9s - Tiketi.com","description":"Billets d&#039;avion et de bus, Tours, Activit\u00e9s","publisher":{"@id":"https:\/\/tiketi.com\/#organization"},"potentialAction":[{"@type":"SearchAction","target":{"@type":"EntryPoint","urlTemplate":"https:\/\/tiketi.com\/?s={search_term_string}"},"query-input":{"@type":"PropertyValueSpecification","valueRequired":true,"valueName":"search_term_string"}}],"inLanguage":"fr-FR"},{"@type":"Organization","@id":"https:\/\/tiketi.com\/#organization","name":"Tiketi.com","alternateName":"Tiketi","url":"https:\/\/tiketi.com\/","logo":{"@type":"ImageObject","inLanguage":"fr-FR","@id":"https:\/\/tiketi.com\/#\/schema\/logo\/image\/","url":"https:\/\/tiketi.com\/wp-content\/uploads\/2019\/05\/tiketi-logo-696.png","contentUrl":"https:\/\/tiketi.com\/wp-content\/uploads\/2019\/05\/tiketi-logo-696.png","width":696,"height":696,"caption":"Tiketi.com"},"image":{"@id":"https:\/\/tiketi.com\/#\/schema\/logo\/image\/"},"sameAs":["https:\/\/www.facebook.com\/TiketiCom\/"]}]}},"_links":{"self":[{"href":"https:\/\/tiketi.com\/fr-fr\/wp-json\/wp\/v2\/pages\/11545","targetHints":{"allow":["GET"]}}],"collection":[{"href":"https:\/\/tiketi.com\/fr-fr\/wp-json\/wp\/v2\/pages"}],"about":[{"href":"https:\/\/tiketi.com\/fr-fr\/wp-json\/wp\/v2\/types\/page"}],"author":[{"embeddable":true,"href":"https:\/\/tiketi.com\/fr-fr\/wp-json\/wp\/v2\/users\/1"}],"replies":[{"embeddable":true,"href":"https:\/\/tiketi.com\/fr-fr\/wp-json\/wp\/v2\/comments?post=11545"}],"version-history":[{"count":0,"href":"https:\/\/tiketi.com\/fr-fr\/wp-json\/wp\/v2\/pages\/11545\/revisions"}],"wp:featuredmedia":[{"embeddable":true,"href":"https:\/\/tiketi.com\/fr-fr\/wp-json\/wp\/v2\/media\/13999"}],"wp:attachment":[{"href":"https:\/\/tiketi.com\/fr-fr\/wp-json\/wp\/v2\/media?parent=11545"}],"curies":[{"name":"wp","href":"https:\/\/api.w.org\/{rel}","templated":true}]}}