{"id":11546,"date":"2022-01-19T12:54:51","date_gmt":"2022-01-19T11:54:51","guid":{"rendered":"https:\/\/new.tiketi.com\/bus-from-nairobi-to-malindi-bus-booking-tickets-route-fare-schedule\/"},"modified":"2022-10-28T10:18:14","modified_gmt":"2022-10-28T09:18:14","slug":"tickets-nairobi-to-malindi","status":"publish","type":"page","link":"https:\/\/tiketi.com\/fr-fr\/routes\/bus\/tickets-nairobi-to-malindi\/","title":{"rendered":"Bus de Nairobi \u00e0 Malindi R\u00e9servation de bus, billets, itin\u00e9raire, tarifs et horaires"},"content":{"rendered":"<h2>Billets de bus pas chers de Nairobi \u00e0 Malindi : r\u00e9servation en ligne<\/h2>\n<h3>D\u00e9couvrez votre itin\u00e9raire de voyage sur le Web, votre mobile ou votre application et r\u00e9servez d\u00e8s maintenant en ligne un billet de bus pas cher de Nairobi \u00e0 Malindi.<\/h3>\n<p>Bus pas cher de Nairobi \u00e0 Malindi La r\u00e9servation de bus est facile. La ville portuaire de Malindi au Kenya est bien connue pour sa conception structurelle d&#039;inspiration swahili, son environnement d\u00e9contract\u00e9, ses plages magnifiques, ses fruits de mer frais et son climat chaud. Voici le meilleur guide sur la fa\u00e7on de r\u00e9server des billets de bus de Nairobi \u00e0 Malindi :<\/p>\n<h2>Bus de Nairobi \u00e0 Malindi : FAQ sur la r\u00e9servation de bus, les billets, l&#039;itin\u00e9raire, les tarifs et les horaires<\/h2>\n<h3>Quel est le moyen le moins cher pour se rendre de Nairobi \u00e0 Malindi ?<\/h3>\n<p>Le moyen le moins cher de se rendre de Nairobi \u00e0 Malindi est de prendre un bus. Nairobi \u00e0 Malindi bus tarif $12 \u2013 $17 et dure 7h 30m.<\/p>\n<h3>Existe-t-il un bus direct de Nairobi \u00e0 Malindi ?<\/h3>\n<p>Oui, il y a un bus direct de Nairobi a Malindi. Les services partent deux fois par jour et circulent tous les jours. Le trajet dure environ 7h 30min.<\/p>\n<h3>Quelle est la distance de Nairobi \u00e0 Malindi?<\/h3>\n<p>La distance en bus de Nairobi \u00e0 Malindi est de 425 km.<\/p>\n<h3>Comment puis-je d\u00e9m\u00e9nager de Nairobi \u00e0 Malindi sans v\u00e9hicule personnel ?<\/h3>\n<p>L\u2019excellent moyen de se rendre de Nairobi \u00e0 Malindi sans v\u00e9hicule personnel ni bus, ce qui prend 7h 30m et des billets de bus bon march\u00e9 de Nairobi \u00e0 Malindi $12 \u2013 $17.<\/p>\n<h3>Avion ou bus Nairobi jusqu&#039;\u00e0 Malindi?<\/h3>\n<p>L\u2019excellent moyen de se rendre de Nairobi \u00e0 Malindi est de <a href=\"https:\/\/tiketi.com\/fr-fr\/flightst\/\" target=\"_blank\" rel=\"noopener\">voler<\/a> ce qui dure 1h 25min et co\u00fbte $90 \u2013 $250. Sinon, vous pouvez prendre le bus de Nairobi \u00e0 Malindi, ce qui co\u00fbte $12 \u2013 $17 et dure 7h 30m.<\/p>\n<h2>Conseils pour les billets de bus de Nairobi \u00e0 Malindi<\/h2>\n<p>La meilleure p\u00e9riode pour visiter Malindi se situe entre la mi-novembre et la mi-mars et la mi-ao\u00fbt et la mi-novembre. La population de Malindi \u00e9tait de 207\u00a0250 habitants au recensement de 2009. C&#039;est le plus grand centre urbain du comt\u00e9 de Kilifi.<\/p>\n<p>Vous pouvez d\u00e9couvrir de nombreux endroits \u00e9tonnants et nouveaux dans cette charmante ville du Kenya. La ville a \u00e9t\u00e9 fond\u00e9e au XIVe si\u00e8cle et a \u00e9galement servi de sanctuaire \u00e0 Vasco da Gama en 1498. Le c\u00e9l\u00e8bre pilier et l&#039;\u00e9glise de Vasco da Gama ont \u00e9t\u00e9 \u00e9rig\u00e9s par l&#039;explorateur portugais et t\u00e9moignent de l&#039;amiti\u00e9 des habitants de Malindi avec lui.<\/p>","protected":false},"excerpt":{"rendered":"<p>Cheap Bus Tickets from Nairobi to Malindi\u00a0Online Booking Discover your travel route on web, mobile or app and book cheap bus ticket from Nairobi to Malindi online now. Cheap bus from Nairobi to Malindi bus booking made easy.\u00a0Kenya port town of Malindi is well-known for its Swahili-inspired structural design, laid-back environment, amazing beaches, fresh seafood, [&hellip;]<\/p>\n","protected":false},"author":1,"featured_media":13999,"parent":25566,"menu_order":0,"comment_status":"open","ping_status":"closed","template":"template-home-modern.php","meta":{"footnotes":""},"class_list":["post-11546","page","type-page","status-publish","has-post-thumbnail","hentry"],"yoast_head":"<!-- This site is optimized with the Yoast SEO plugin v27.3 - https:\/\/yoast.com\/product\/yoast-seo-wordpress\/ -->\n<title>Bus from Nairobi to Malindi\u00a0Bus Booking, Tickets, Route, Fare &amp; Schedule<\/title>\n<meta name=\"description\" content=\"Looking for bus from Nairobi to Malindi bus online booking app, fares &amp; schedules? Book cheap bus tickets from Nairobi to Malindi online\" \/>\n<meta name=\"robots\" content=\"index, follow, max-snippet:-1, max-image-preview:large, max-video-preview:-1\" \/>\n<link rel=\"canonical\" href=\"https:\/\/tiketi.com\/fr-fr\/routes\/bus\/tickets-nairobi-to-malindi\/\" \/>\n<meta property=\"og:locale\" content=\"fr_FR\" \/>\n<meta property=\"og:type\" content=\"article\" \/>\n<meta property=\"og:title\" content=\"Bus from Nairobi to Malindi\u00a0Bus Booking, Tickets, Route, Fare &amp; Schedule\" \/>\n<meta property=\"og:description\" content=\"Looking for bus from Nairobi to Malindi bus online booking app, fares &amp; schedules? Book cheap bus tickets from Nairobi to Malindi online\" \/>\n<meta property=\"og:url\" content=\"https:\/\/tiketi.com\/fr-fr\/routes\/bus\/tickets-nairobi-to-malindi\/\" \/>\n<meta property=\"og:site_name\" content=\"Tiketi.com\" \/>\n<meta property=\"article:publisher\" content=\"https:\/\/www.facebook.com\/TiketiCom\/\" \/>\n<meta property=\"article:modified_time\" content=\"2022-10-28T09:18:14+00:00\" \/>\n<meta property=\"og:image\" content=\"https:\/\/tiketi.com\/wp-content\/uploads\/2022\/01\/bus-ticket-online-booking.jpg\" \/>\n\t<meta property=\"og:image:width\" content=\"1200\" \/>\n\t<meta property=\"og:image:height\" content=\"206\" \/>\n\t<meta property=\"og:image:type\" content=\"image\/jpeg\" \/>\n<meta name=\"twitter:card\" content=\"summary_large_image\" \/>\n<meta name=\"twitter:label1\" content=\"Dur\u00e9e de lecture estim\u00e9e\" \/>\n\t<meta name=\"twitter:data1\" content=\"2 minutes\" \/>\n<script type=\"application\/ld+json\" class=\"yoast-schema-graph\">{\"@context\":\"https:\\\/\\\/schema.org\",\"@graph\":[{\"@type\":\"WebPage\",\"@id\":\"https:\\\/\\\/tiketi.com\\\/routes\\\/bus\\\/tickets-nairobi-to-malindi\\\/\",\"url\":\"https:\\\/\\\/tiketi.com\\\/routes\\\/bus\\\/tickets-nairobi-to-malindi\\\/\",\"name\":\"Bus from Nairobi to Malindi\u00a0Bus Booking, Tickets, Route, Fare & Schedule\",\"isPartOf\":{\"@id\":\"https:\\\/\\\/tiketi.com\\\/#website\"},\"primaryImageOfPage\":{\"@id\":\"https:\\\/\\\/tiketi.com\\\/routes\\\/bus\\\/tickets-nairobi-to-malindi\\\/#primaryimage\"},\"image\":{\"@id\":\"https:\\\/\\\/tiketi.com\\\/routes\\\/bus\\\/tickets-nairobi-to-malindi\\\/#primaryimage\"},\"thumbnailUrl\":\"https:\\\/\\\/tiketi.com\\\/wp-content\\\/uploads\\\/2022\\\/01\\\/bus-ticket-online-booking.jpg\",\"datePublished\":\"2022-01-19T11:54:51+00:00\",\"dateModified\":\"2022-10-28T09:18:14+00:00\",\"description\":\"Looking for bus from Nairobi to Malindi bus online booking app, fares & schedules? Book cheap bus tickets from Nairobi to Malindi online\",\"breadcrumb\":{\"@id\":\"https:\\\/\\\/tiketi.com\\\/routes\\\/bus\\\/tickets-nairobi-to-malindi\\\/#breadcrumb\"},\"inLanguage\":\"fr-FR\",\"potentialAction\":[{\"@type\":\"ReadAction\",\"target\":[\"https:\\\/\\\/tiketi.com\\\/routes\\\/bus\\\/tickets-nairobi-to-malindi\\\/\"]}]},{\"@type\":\"ImageObject\",\"inLanguage\":\"fr-FR\",\"@id\":\"https:\\\/\\\/tiketi.com\\\/routes\\\/bus\\\/tickets-nairobi-to-malindi\\\/#primaryimage\",\"url\":\"https:\\\/\\\/tiketi.com\\\/wp-content\\\/uploads\\\/2022\\\/01\\\/bus-ticket-online-booking.jpg\",\"contentUrl\":\"https:\\\/\\\/tiketi.com\\\/wp-content\\\/uploads\\\/2022\\\/01\\\/bus-ticket-online-booking.jpg\",\"width\":1200,\"height\":206,\"caption\":\"Online Bus Ticket Booking\"},{\"@type\":\"BreadcrumbList\",\"@id\":\"https:\\\/\\\/tiketi.com\\\/routes\\\/bus\\\/tickets-nairobi-to-malindi\\\/#breadcrumb\",\"itemListElement\":[{\"@type\":\"ListItem\",\"position\":1,\"name\":\"Home\",\"item\":\"https:\\\/\\\/tiketi.com\\\/\"},{\"@type\":\"ListItem\",\"position\":2,\"name\":\"Routes\",\"item\":\"https:\\\/\\\/tiketi.com\\\/routes\\\/\"},{\"@type\":\"ListItem\",\"position\":3,\"name\":\"Bus\",\"item\":\"https:\\\/\\\/tiketi.com\\\/routes\\\/bus\\\/\"},{\"@type\":\"ListItem\",\"position\":4,\"name\":\"Bus from Nairobi to Malindi\u00a0Bus Booking, Tickets, Route, Fare &#038; Schedule\"}]},{\"@type\":\"WebSite\",\"@id\":\"https:\\\/\\\/tiketi.com\\\/#website\",\"url\":\"https:\\\/\\\/tiketi.com\\\/\",\"name\":\"Flight & Bus Tickets, Tour Packages & Activitites - Tiketi.com\",\"description\":\"Flight &amp; Bus Tickets, Tours, Activitites\",\"publisher\":{\"@id\":\"https:\\\/\\\/tiketi.com\\\/#organization\"},\"potentialAction\":[{\"@type\":\"SearchAction\",\"target\":{\"@type\":\"EntryPoint\",\"urlTemplate\":\"https:\\\/\\\/tiketi.com\\\/?s={search_term_string}\"},\"query-input\":{\"@type\":\"PropertyValueSpecification\",\"valueRequired\":true,\"valueName\":\"search_term_string\"}}],\"inLanguage\":\"fr-FR\"},{\"@type\":\"Organization\",\"@id\":\"https:\\\/\\\/tiketi.com\\\/#organization\",\"name\":\"Tiketi.com\",\"alternateName\":\"Tiketi\",\"url\":\"https:\\\/\\\/tiketi.com\\\/\",\"logo\":{\"@type\":\"ImageObject\",\"inLanguage\":\"fr-FR\",\"@id\":\"https:\\\/\\\/tiketi.com\\\/#\\\/schema\\\/logo\\\/image\\\/\",\"url\":\"https:\\\/\\\/tiketi.com\\\/wp-content\\\/uploads\\\/2019\\\/05\\\/tiketi-logo-696.png\",\"contentUrl\":\"https:\\\/\\\/tiketi.com\\\/wp-content\\\/uploads\\\/2019\\\/05\\\/tiketi-logo-696.png\",\"width\":696,\"height\":696,\"caption\":\"Tiketi.com\"},\"image\":{\"@id\":\"https:\\\/\\\/tiketi.com\\\/#\\\/schema\\\/logo\\\/image\\\/\"},\"sameAs\":[\"https:\\\/\\\/www.facebook.com\\\/TiketiCom\\\/\"]}]}<\/script>\n<!-- \/ Yoast SEO plugin. -->","yoast_head_json":{"title":"Bus de Nairobi \u00e0 Malindi R\u00e9servation de bus, billets, itin\u00e9raire, tarifs et horaires","description":"Vous recherchez des bus de Nairobi \u00e0 Malindi, une application de r\u00e9servation en ligne, des tarifs et des horaires ? R\u00e9servez vos billets de bus pas chers de Nairobi \u00e0 Malindi en ligne","robots":{"index":"index","follow":"follow","max-snippet":"max-snippet:-1","max-image-preview":"max-image-preview:large","max-video-preview":"max-video-preview:-1"},"canonical":"https:\/\/tiketi.com\/fr-fr\/routes\/bus\/tickets-nairobi-to-malindi\/","og_locale":"fr_FR","og_type":"article","og_title":"Bus from Nairobi to Malindi\u00a0Bus Booking, Tickets, Route, Fare & Schedule","og_description":"Looking for bus from Nairobi to Malindi bus online booking app, fares & schedules? Book cheap bus tickets from Nairobi to Malindi online","og_url":"https:\/\/tiketi.com\/fr-fr\/routes\/bus\/tickets-nairobi-to-malindi\/","og_site_name":"Tiketi.com","article_publisher":"https:\/\/www.facebook.com\/TiketiCom\/","article_modified_time":"2022-10-28T09:18:14+00:00","og_image":[{"width":1200,"height":206,"url":"https:\/\/tiketi.com\/wp-content\/uploads\/2022\/01\/bus-ticket-online-booking.jpg","type":"image\/jpeg"}],"twitter_card":"summary_large_image","twitter_misc":{"Dur\u00e9e de lecture estim\u00e9e":"2 minutes"},"schema":{"@context":"https:\/\/schema.org","@graph":[{"@type":"WebPage","@id":"https:\/\/tiketi.com\/routes\/bus\/tickets-nairobi-to-malindi\/","url":"https:\/\/tiketi.com\/routes\/bus\/tickets-nairobi-to-malindi\/","name":"Bus de Nairobi \u00e0 Malindi R\u00e9servation de bus, billets, itin\u00e9raire, tarifs et horaires","isPartOf":{"@id":"https:\/\/tiketi.com\/#website"},"primaryImageOfPage":{"@id":"https:\/\/tiketi.com\/routes\/bus\/tickets-nairobi-to-malindi\/#primaryimage"},"image":{"@id":"https:\/\/tiketi.com\/routes\/bus\/tickets-nairobi-to-malindi\/#primaryimage"},"thumbnailUrl":"https:\/\/tiketi.com\/wp-content\/uploads\/2022\/01\/bus-ticket-online-booking.jpg","datePublished":"2022-01-19T11:54:51+00:00","dateModified":"2022-10-28T09:18:14+00:00","description":"Vous recherchez des bus de Nairobi \u00e0 Malindi, une application de r\u00e9servation en ligne, des tarifs et des horaires ? R\u00e9servez vos billets de bus pas chers de Nairobi \u00e0 Malindi en ligne","breadcrumb":{"@id":"https:\/\/tiketi.com\/routes\/bus\/tickets-nairobi-to-malindi\/#breadcrumb"},"inLanguage":"fr-FR","potentialAction":[{"@type":"ReadAction","target":["https:\/\/tiketi.com\/routes\/bus\/tickets-nairobi-to-malindi\/"]}]},{"@type":"ImageObject","inLanguage":"fr-FR","@id":"https:\/\/tiketi.com\/routes\/bus\/tickets-nairobi-to-malindi\/#primaryimage","url":"https:\/\/tiketi.com\/wp-content\/uploads\/2022\/01\/bus-ticket-online-booking.jpg","contentUrl":"https:\/\/tiketi.com\/wp-content\/uploads\/2022\/01\/bus-ticket-online-booking.jpg","width":1200,"height":206,"caption":"Online Bus Ticket Booking"},{"@type":"BreadcrumbList","@id":"https:\/\/tiketi.com\/routes\/bus\/tickets-nairobi-to-malindi\/#breadcrumb","itemListElement":[{"@type":"ListItem","position":1,"name":"Home","item":"https:\/\/tiketi.com\/"},{"@type":"ListItem","position":2,"name":"Routes","item":"https:\/\/tiketi.com\/routes\/"},{"@type":"ListItem","position":3,"name":"Bus","item":"https:\/\/tiketi.com\/routes\/bus\/"},{"@type":"ListItem","position":4,"name":"Bus from Nairobi to Malindi\u00a0Bus Booking, Tickets, Route, Fare &#038; Schedule"}]},{"@type":"WebSite","@id":"https:\/\/tiketi.com\/#website","url":"https:\/\/tiketi.com\/","name":"Billets d&#039;avion et de bus, forfaits touristiques et activit\u00e9s - Tiketi.com","description":"Billets d&#039;avion et de bus, Tours, Activit\u00e9s","publisher":{"@id":"https:\/\/tiketi.com\/#organization"},"potentialAction":[{"@type":"SearchAction","target":{"@type":"EntryPoint","urlTemplate":"https:\/\/tiketi.com\/?s={search_term_string}"},"query-input":{"@type":"PropertyValueSpecification","valueRequired":true,"valueName":"search_term_string"}}],"inLanguage":"fr-FR"},{"@type":"Organization","@id":"https:\/\/tiketi.com\/#organization","name":"Tiketi.com","alternateName":"Tiketi","url":"https:\/\/tiketi.com\/","logo":{"@type":"ImageObject","inLanguage":"fr-FR","@id":"https:\/\/tiketi.com\/#\/schema\/logo\/image\/","url":"https:\/\/tiketi.com\/wp-content\/uploads\/2019\/05\/tiketi-logo-696.png","contentUrl":"https:\/\/tiketi.com\/wp-content\/uploads\/2019\/05\/tiketi-logo-696.png","width":696,"height":696,"caption":"Tiketi.com"},"image":{"@id":"https:\/\/tiketi.com\/#\/schema\/logo\/image\/"},"sameAs":["https:\/\/www.facebook.com\/TiketiCom\/"]}]}},"_links":{"self":[{"href":"https:\/\/tiketi.com\/fr-fr\/wp-json\/wp\/v2\/pages\/11546","targetHints":{"allow":["GET"]}}],"collection":[{"href":"https:\/\/tiketi.com\/fr-fr\/wp-json\/wp\/v2\/pages"}],"about":[{"href":"https:\/\/tiketi.com\/fr-fr\/wp-json\/wp\/v2\/types\/page"}],"author":[{"embeddable":true,"href":"https:\/\/tiketi.com\/fr-fr\/wp-json\/wp\/v2\/users\/1"}],"replies":[{"embeddable":true,"href":"https:\/\/tiketi.com\/fr-fr\/wp-json\/wp\/v2\/comments?post=11546"}],"version-history":[{"count":0,"href":"https:\/\/tiketi.com\/fr-fr\/wp-json\/wp\/v2\/pages\/11546\/revisions"}],"up":[{"embeddable":true,"href":"https:\/\/tiketi.com\/fr-fr\/wp-json\/wp\/v2\/pages\/25566"}],"wp:featuredmedia":[{"embeddable":true,"href":"https:\/\/tiketi.com\/fr-fr\/wp-json\/wp\/v2\/media\/13999"}],"wp:attachment":[{"href":"https:\/\/tiketi.com\/fr-fr\/wp-json\/wp\/v2\/media?parent=11546"}],"curies":[{"name":"wp","href":"https:\/\/api.w.org\/{rel}","templated":true}]}}