{"id":11547,"date":"2022-01-19T12:54:51","date_gmt":"2022-01-19T11:54:51","guid":{"rendered":"https:\/\/new.tiketi.com\/bus-from-nairobi-to-eldoret-bus-tickets-booking-fare-schedule\/"},"modified":"2022-01-31T11:03:45","modified_gmt":"2022-01-31T10:03:45","slug":"online-bus-tickets-from-nairobi-to-eldoret","status":"publish","type":"page","link":"https:\/\/tiketi.com\/fr-fr\/online-bus-tickets-from-nairobi-to-eldoret\/","title":{"rendered":"Bus de Nairobi \u00e0 Eldoret R\u00e9servation de billets de bus, tarifs et horaires"},"content":{"rendered":"<p>[wbtm-bus-search]<\/p>\n<h2>Cheap Bus Tickets from Nairobi to Eldoret\u00a0Online Booking<\/h2>\n<h3>Discover your travel route on web, mobile or app and book cheap bus ticket from Nairobi to Eldoret online now.<\/h3>\n<p>Cheap bus from Nairobi to Eldoret bus online booking made easy.\u00a0Eldoret is a key city in western Kenya. It is the second most vital city in western Kenya after Kisumu and also serves as the Uasin Gishu county capital. The population was 289,400 in the 2009 census, and it is presently the quickest growing town in Kenya. It is also the second biggest urban centre in mid western Kenya after Nakuru and the 5th biggest urban centre in the country.\u00a0Here is the guide how you can book bus tickets from Nairobi to Eldoret:<\/p>\n<h2>Bus from Nairobi to Eldoret Bus Online Booking, Tickets, Route, Fare &amp; Schedule\u00a0FAQs<\/h2>\n<h3>What is the affordable way to get from Nairobi to Eldoret?<\/h3>\n<p>The affordable way to get from Nairobi to Eldoret is to bus. Nairobi to Eldoret bus fare $10 &#8211; $15 and takes 7h 25m.<\/p>\n<h3>Is there a direct bus Nairobi to Eldoret?<\/h3>\n<p>Yes, there is a direct bus Nairobi to Eldoret. Services depart twice daily and operate every day. The journey takes about 7h 25m.<\/p>\n<h3>How do I move from Nairobi to Eldoret without a personal vehicle?<\/h3>\n<p>The top way to get from Nairobi to Eldoret without a personal vehicle is to bus which takes 7h 5m and<\/p>\n<p>Nairobi to Eldoret by bus costs $10 &#8211; $15.<\/p>\n<h3>Where do I catch the Nairobi to Eldoret bus?<\/h3>\n<p>Cheap bus tickets from Nairobi to Eldoret services, run by East Coach, depart from Nairobi station.<\/p>\n<h3>Fly or bus Nairobi to Eldoret?<\/h3>\n<p>The top way to get from Nairobi to Eldoret is to <a href=\"https:\/\/tiketi.com\/flightst\" target=\"_blank\" rel=\"noopener\">fly<\/a> which takes 11h 50m and costs $130 &#8211; $200. Alternatively, you can Nairobi to Eldoret bus, which costs $10 &#8211; $15 and takes 7h 20m.<\/p>\n<h2>Bus Tickets from Nairobi to Eldoret Tips<\/h2>\n<p>Eldoret is a little place in Kenya and can be simply explored within a city. There are lots of things to do and attractions to visit in this place. As being a little town, there are fewer accommodation choices. People generally consider making a fast stop here before heading to the neighboring cities.<\/p>\n","protected":false},"excerpt":{"rendered":"<p>[wbtm-bus-search] Cheap Bus Tickets from Nairobi to Eldoret\u00a0Online Booking Discover your travel route on web, mobile or app and book cheap bus ticket from Nairobi to Eldoret online now. Cheap bus from Nairobi to Eldoret bus online booking made easy.\u00a0Eldoret is a key city in western Kenya. It is the second most vital city in [&hellip;]<\/p>\n","protected":false},"author":1,"featured_media":13999,"parent":0,"menu_order":0,"comment_status":"open","ping_status":"closed","template":"template-home-modern.php","meta":{"footnotes":""},"class_list":["post-11547","page","type-page","status-publish","has-post-thumbnail","hentry"],"yoast_head":"<!-- This site is optimized with the Yoast SEO plugin v27.2 - https:\/\/yoast.com\/product\/yoast-seo-wordpress\/ -->\n<title>Bus from Nairobi to Eldoret Bus Tickets Booking, Fare &amp; Schedule<\/title>\n<meta name=\"description\" content=\"Looking for bus from Nairobi to Eldoret bus ticket booking app, fare &amp; schedule? Book cheap bus tickets from Nairobi to Eldoret online now\" \/>\n<meta name=\"robots\" content=\"index, follow, max-snippet:-1, max-image-preview:large, max-video-preview:-1\" \/>\n<link rel=\"canonical\" href=\"https:\/\/tiketi.com\/fr-fr\/online-bus-tickets-from-nairobi-to-eldoret\/\" \/>\n<meta property=\"og:locale\" content=\"fr_FR\" \/>\n<meta property=\"og:type\" content=\"article\" \/>\n<meta property=\"og:title\" content=\"Bus from Nairobi to Eldoret Bus Tickets Booking, Fare &amp; Schedule\" \/>\n<meta property=\"og:description\" content=\"Looking for bus from Nairobi to Eldoret bus ticket booking app, fare &amp; schedule? Book cheap bus tickets from Nairobi to Eldoret online now\" \/>\n<meta property=\"og:url\" content=\"https:\/\/tiketi.com\/fr-fr\/online-bus-tickets-from-nairobi-to-eldoret\/\" \/>\n<meta property=\"og:site_name\" content=\"Tiketi.com\" \/>\n<meta property=\"article:publisher\" content=\"https:\/\/www.facebook.com\/TiketiCom\/\" \/>\n<meta property=\"article:modified_time\" content=\"2022-01-31T10:03:45+00:00\" \/>\n<meta property=\"og:image\" content=\"https:\/\/tiketi.com\/wp-content\/uploads\/2022\/01\/bus-ticket-online-booking.jpg\" \/>\n\t<meta property=\"og:image:width\" content=\"1200\" \/>\n\t<meta property=\"og:image:height\" content=\"206\" \/>\n\t<meta property=\"og:image:type\" content=\"image\/jpeg\" \/>\n<meta name=\"twitter:card\" content=\"summary_large_image\" \/>\n<meta name=\"twitter:label1\" content=\"Dur\u00e9e de lecture estim\u00e9e\" \/>\n\t<meta name=\"twitter:data1\" content=\"2 minutes\" \/>\n<script type=\"application\/ld+json\" class=\"yoast-schema-graph\">{\"@context\":\"https:\/\/schema.org\",\"@graph\":[{\"@type\":\"WebPage\",\"@id\":\"https:\/\/tiketi.com\/online-bus-tickets-from-nairobi-to-eldoret\/\",\"url\":\"https:\/\/tiketi.com\/online-bus-tickets-from-nairobi-to-eldoret\/\",\"name\":\"Bus from Nairobi to Eldoret Bus Tickets Booking, Fare & Schedule\",\"isPartOf\":{\"@id\":\"https:\/\/tiketi.com\/#website\"},\"primaryImageOfPage\":{\"@id\":\"https:\/\/tiketi.com\/online-bus-tickets-from-nairobi-to-eldoret\/#primaryimage\"},\"image\":{\"@id\":\"https:\/\/tiketi.com\/online-bus-tickets-from-nairobi-to-eldoret\/#primaryimage\"},\"thumbnailUrl\":\"https:\/\/tiketi.com\/wp-content\/uploads\/2022\/01\/bus-ticket-online-booking.jpg\",\"datePublished\":\"2022-01-19T11:54:51+00:00\",\"dateModified\":\"2022-01-31T10:03:45+00:00\",\"description\":\"Looking for bus from Nairobi to Eldoret bus ticket booking app, fare & schedule? Book cheap bus tickets from Nairobi to Eldoret online now\",\"breadcrumb\":{\"@id\":\"https:\/\/tiketi.com\/online-bus-tickets-from-nairobi-to-eldoret\/#breadcrumb\"},\"inLanguage\":\"fr-FR\",\"potentialAction\":[{\"@type\":\"ReadAction\",\"target\":[\"https:\/\/tiketi.com\/online-bus-tickets-from-nairobi-to-eldoret\/\"]}]},{\"@type\":\"ImageObject\",\"inLanguage\":\"fr-FR\",\"@id\":\"https:\/\/tiketi.com\/online-bus-tickets-from-nairobi-to-eldoret\/#primaryimage\",\"url\":\"https:\/\/tiketi.com\/wp-content\/uploads\/2022\/01\/bus-ticket-online-booking.jpg\",\"contentUrl\":\"https:\/\/tiketi.com\/wp-content\/uploads\/2022\/01\/bus-ticket-online-booking.jpg\",\"width\":1200,\"height\":206,\"caption\":\"Online Bus Ticket Booking\"},{\"@type\":\"BreadcrumbList\",\"@id\":\"https:\/\/tiketi.com\/online-bus-tickets-from-nairobi-to-eldoret\/#breadcrumb\",\"itemListElement\":[{\"@type\":\"ListItem\",\"position\":1,\"name\":\"Home\",\"item\":\"https:\/\/tiketi.com\/\"},{\"@type\":\"ListItem\",\"position\":2,\"name\":\"Bus from Nairobi to Eldoret Bus Tickets Booking, Fare &#038; Schedule\"}]},{\"@type\":\"WebSite\",\"@id\":\"https:\/\/tiketi.com\/#website\",\"url\":\"https:\/\/tiketi.com\/\",\"name\":\"Flight & Bus Tickets, Tour Packages & Activitites - Tiketi.com\",\"description\":\"Flight &amp; Bus Tickets, Tours, Activitites\",\"publisher\":{\"@id\":\"https:\/\/tiketi.com\/#organization\"},\"potentialAction\":[{\"@type\":\"SearchAction\",\"target\":{\"@type\":\"EntryPoint\",\"urlTemplate\":\"https:\/\/tiketi.com\/?s={search_term_string}\"},\"query-input\":{\"@type\":\"PropertyValueSpecification\",\"valueRequired\":true,\"valueName\":\"search_term_string\"}}],\"inLanguage\":\"fr-FR\"},{\"@type\":\"Organization\",\"@id\":\"https:\/\/tiketi.com\/#organization\",\"name\":\"Tiketi.com\",\"alternateName\":\"Tiketi\",\"url\":\"https:\/\/tiketi.com\/\",\"logo\":{\"@type\":\"ImageObject\",\"inLanguage\":\"fr-FR\",\"@id\":\"https:\/\/tiketi.com\/#\/schema\/logo\/image\/\",\"url\":\"https:\/\/tiketi.com\/wp-content\/uploads\/2019\/05\/tiketi-logo-696.png\",\"contentUrl\":\"https:\/\/tiketi.com\/wp-content\/uploads\/2019\/05\/tiketi-logo-696.png\",\"width\":696,\"height\":696,\"caption\":\"Tiketi.com\"},\"image\":{\"@id\":\"https:\/\/tiketi.com\/#\/schema\/logo\/image\/\"},\"sameAs\":[\"https:\/\/www.facebook.com\/TiketiCom\/\"]}]}<\/script>\n<!-- \/ Yoast SEO plugin. -->","yoast_head_json":{"title":"Bus de Nairobi \u00e0 Eldoret R\u00e9servation de billets de bus, tarifs et horaires","description":"\u00c0 la recherche d&#039;une application de r\u00e9servation de billets de bus de Nairobi \u00e0 Eldoret, des tarifs et des horaires de bus ? R\u00e9servez en ligne maintenant des billets de bus \u00e0 bas prix de Nairobi \u00e0 Eldoret","robots":{"index":"index","follow":"follow","max-snippet":"max-snippet:-1","max-image-preview":"max-image-preview:large","max-video-preview":"max-video-preview:-1"},"canonical":"https:\/\/tiketi.com\/fr-fr\/online-bus-tickets-from-nairobi-to-eldoret\/","og_locale":"fr_FR","og_type":"article","og_title":"Bus from Nairobi to Eldoret Bus Tickets Booking, Fare & Schedule","og_description":"Looking for bus from Nairobi to Eldoret bus ticket booking app, fare & schedule? Book cheap bus tickets from Nairobi to Eldoret online now","og_url":"https:\/\/tiketi.com\/fr-fr\/online-bus-tickets-from-nairobi-to-eldoret\/","og_site_name":"Tiketi.com","article_publisher":"https:\/\/www.facebook.com\/TiketiCom\/","article_modified_time":"2022-01-31T10:03:45+00:00","og_image":[{"width":1200,"height":206,"url":"https:\/\/tiketi.com\/wp-content\/uploads\/2022\/01\/bus-ticket-online-booking.jpg","type":"image\/jpeg"}],"twitter_card":"summary_large_image","twitter_misc":{"Dur\u00e9e de lecture estim\u00e9e":"2 minutes"},"schema":{"@context":"https:\/\/schema.org","@graph":[{"@type":"WebPage","@id":"https:\/\/tiketi.com\/online-bus-tickets-from-nairobi-to-eldoret\/","url":"https:\/\/tiketi.com\/online-bus-tickets-from-nairobi-to-eldoret\/","name":"Bus de Nairobi \u00e0 Eldoret R\u00e9servation de billets de bus, tarifs et horaires","isPartOf":{"@id":"https:\/\/tiketi.com\/#website"},"primaryImageOfPage":{"@id":"https:\/\/tiketi.com\/online-bus-tickets-from-nairobi-to-eldoret\/#primaryimage"},"image":{"@id":"https:\/\/tiketi.com\/online-bus-tickets-from-nairobi-to-eldoret\/#primaryimage"},"thumbnailUrl":"https:\/\/tiketi.com\/wp-content\/uploads\/2022\/01\/bus-ticket-online-booking.jpg","datePublished":"2022-01-19T11:54:51+00:00","dateModified":"2022-01-31T10:03:45+00:00","description":"\u00c0 la recherche d&#039;une application de r\u00e9servation de billets de bus de Nairobi \u00e0 Eldoret, des tarifs et des horaires de bus ? R\u00e9servez en ligne maintenant des billets de bus \u00e0 bas prix de Nairobi \u00e0 Eldoret","breadcrumb":{"@id":"https:\/\/tiketi.com\/online-bus-tickets-from-nairobi-to-eldoret\/#breadcrumb"},"inLanguage":"fr-FR","potentialAction":[{"@type":"ReadAction","target":["https:\/\/tiketi.com\/online-bus-tickets-from-nairobi-to-eldoret\/"]}]},{"@type":"ImageObject","inLanguage":"fr-FR","@id":"https:\/\/tiketi.com\/online-bus-tickets-from-nairobi-to-eldoret\/#primaryimage","url":"https:\/\/tiketi.com\/wp-content\/uploads\/2022\/01\/bus-ticket-online-booking.jpg","contentUrl":"https:\/\/tiketi.com\/wp-content\/uploads\/2022\/01\/bus-ticket-online-booking.jpg","width":1200,"height":206,"caption":"Online Bus Ticket Booking"},{"@type":"BreadcrumbList","@id":"https:\/\/tiketi.com\/online-bus-tickets-from-nairobi-to-eldoret\/#breadcrumb","itemListElement":[{"@type":"ListItem","position":1,"name":"Home","item":"https:\/\/tiketi.com\/"},{"@type":"ListItem","position":2,"name":"Bus from Nairobi to Eldoret Bus Tickets Booking, Fare &#038; Schedule"}]},{"@type":"WebSite","@id":"https:\/\/tiketi.com\/#website","url":"https:\/\/tiketi.com\/","name":"Billets d&#039;avion et de bus, forfaits touristiques et activit\u00e9s - Tiketi.com","description":"Billets d&#039;avion et de bus, Tours, Activit\u00e9s","publisher":{"@id":"https:\/\/tiketi.com\/#organization"},"potentialAction":[{"@type":"SearchAction","target":{"@type":"EntryPoint","urlTemplate":"https:\/\/tiketi.com\/?s={search_term_string}"},"query-input":{"@type":"PropertyValueSpecification","valueRequired":true,"valueName":"search_term_string"}}],"inLanguage":"fr-FR"},{"@type":"Organization","@id":"https:\/\/tiketi.com\/#organization","name":"Tiketi.com","alternateName":"Tiketi","url":"https:\/\/tiketi.com\/","logo":{"@type":"ImageObject","inLanguage":"fr-FR","@id":"https:\/\/tiketi.com\/#\/schema\/logo\/image\/","url":"https:\/\/tiketi.com\/wp-content\/uploads\/2019\/05\/tiketi-logo-696.png","contentUrl":"https:\/\/tiketi.com\/wp-content\/uploads\/2019\/05\/tiketi-logo-696.png","width":696,"height":696,"caption":"Tiketi.com"},"image":{"@id":"https:\/\/tiketi.com\/#\/schema\/logo\/image\/"},"sameAs":["https:\/\/www.facebook.com\/TiketiCom\/"]}]}},"_links":{"self":[{"href":"https:\/\/tiketi.com\/fr-fr\/wp-json\/wp\/v2\/pages\/11547","targetHints":{"allow":["GET"]}}],"collection":[{"href":"https:\/\/tiketi.com\/fr-fr\/wp-json\/wp\/v2\/pages"}],"about":[{"href":"https:\/\/tiketi.com\/fr-fr\/wp-json\/wp\/v2\/types\/page"}],"author":[{"embeddable":true,"href":"https:\/\/tiketi.com\/fr-fr\/wp-json\/wp\/v2\/users\/1"}],"replies":[{"embeddable":true,"href":"https:\/\/tiketi.com\/fr-fr\/wp-json\/wp\/v2\/comments?post=11547"}],"version-history":[{"count":0,"href":"https:\/\/tiketi.com\/fr-fr\/wp-json\/wp\/v2\/pages\/11547\/revisions"}],"wp:featuredmedia":[{"embeddable":true,"href":"https:\/\/tiketi.com\/fr-fr\/wp-json\/wp\/v2\/media\/13999"}],"wp:attachment":[{"href":"https:\/\/tiketi.com\/fr-fr\/wp-json\/wp\/v2\/media?parent=11547"}],"curies":[{"name":"wp","href":"https:\/\/api.w.org\/{rel}","templated":true}]}}