{"id":11549,"date":"2022-01-19T12:54:53","date_gmt":"2022-01-19T11:54:53","guid":{"rendered":"https:\/\/new.tiketi.com\/bus-from-lagos-to-uyo-bus-tickets-route-schedule-fare\/"},"modified":"2022-01-30T16:46:29","modified_gmt":"2022-01-30T15:46:29","slug":"online-bus-tickets-from-lagos-to-uyo","status":"publish","type":"page","link":"https:\/\/tiketi.com\/fr-fr\/online-bus-tickets-from-lagos-to-uyo\/","title":{"rendered":"Bus de Lagos \u00e0 Uyo Billets de bus, itin\u00e9raire, horaires et tarifs"},"content":{"rendered":"<h2>Billets de bus pas chers de Lagos \u00e0 Uyo : r\u00e9servation en ligne<\/h2>\n<h3>D\u00e9couvrez votre itin\u00e9raire de voyage sur le Web, votre mobile ou votre application et r\u00e9servez d\u00e8s maintenant en ligne un billet de bus pas cher de Lagos \u00e0 Uyo.<\/h3>\n<p>R\u00e9servez des billets de bus pas chers de Lagos \u00e0 Uyo en ligne et voyagez de Lagos \u00e0 Uyo par la route. Bienvenue dans la magnifique ville d&#039;Uyo. Uyo est la capitale de l&#039;\u00c9tat d&#039;Akwa lbom, un grand \u00c9tat producteur de p\u00e9trole au Nigeria. La ville est devenue la capitale de l&#039;\u00c9tat le 23 septembre 1987, suite \u00e0 la cr\u00e9ation de l&#039;\u00c9tat d&#039;Akwa lbom. Avec un front de mer qui s&#039;\u00e9tend d&#039;un bout \u00e0 l&#039;autre de l&#039;\u00c9tat, Akwa lbom pr\u00e9sente une image de merveilleux bord de mer, de charmantes stations baln\u00e9aires de sable, de for\u00eats de mangroves et d&#039;autres endroits magnifiques que l&#039;on peut visiter. Quelle meilleure fa\u00e7on de commencer votre voyage \u00e0 Akwa Lbom que depuis la capitale, Uyo. Avec une tr\u00e8s petite population d&#039;un peu plus de 500 000 habitants, vous \u00eates sur le point de vous familiariser avec l&#039;une des villes les mieux organis\u00e9es du Nigeria. Voici le guide de r\u00e9servation de bus Lagos \u00e0 Uyo :<\/p>\n<h2>Bus de Lagos \u00e0 Uyo Billets de bus, itin\u00e9raires, horaires et tarifs FAQ<\/h2>\n<h3>Le bus de Lagos \u00e0 Uyo est-il le moyen abordable pour se rendre \u00e0 Uyo ?<\/h3>\n<p>Le moyen le moins cher de se rendre de Lagos \u00e0 Uyo bus et taxi qui co\u00fbte $30 \u2013 $50 et prend 8h 10m.<\/p>\n<h3>Quelle est la distance entre Lagos et Uyo en bus ?<\/h3>\n<p>La distance entre Lagos et Uyo en bus est de 526 km. La distance routi\u00e8re est de 663 km.<\/p>\n<h3>Comment puis-je me d\u00e9placer de Lagos \u00e0 Uyo sans v\u00e9hicule personnel ?<\/h3>\n<p>Le meilleur moyen pour se rendre de Lagos \u00e0 Uyo sans v\u00e9hicule personnel est de prendre un taxi et bus, ce qui dure 8h 20m et co\u00fbte $30 \u2013 $50, des billets de bus pas chers de Lagos \u00e0 Uyo service op\u00e9r\u00e9s par ABC Transport.<\/p>\n<h3>Puis-je conduire de Lagos \u00e0 Uyo ?<\/h3>\n<p>Oui, la distance entre Uyo et Lagos est de 663 km. Il faut environ 9h 30m pour conduire de Lagos \u00e0 Uyo.<\/p>\n<h2>Billets de bus de Lagos \u00e0 Uyo Conseils<\/h2>\n<h3>Activit\u00e9s gratuites \u00e0 faire \u00e0 Uyo City<\/h3>\n<p>Uyo pr\u00e9sente une image d&#039;\u00e9tonnantes stations baln\u00e9aires c\u00f4ti\u00e8res et de charme, de for\u00eats de mangroves et d&#039;autres meilleurs endroits que l&#039;on puisse visiter. Que vous soyez un aventurier, un golfeur, un cin\u00e9phile, un fin gourmet, un collectionneur ou un accro du shopping de faits al\u00e9atoires, vous constaterez qu&#039;il y a tellement de choses \u00e0 faire lors de votre visite.<\/p>","protected":false},"excerpt":{"rendered":"<p>Cheap Bus Tickets from Lagos to Uyo\u00a0Online Booking Discover your travel route on web, mobile or app and book cheap bus ticket from Lagos to Uyo online now. Do cheap bus from Lagos to Uyo bus tickets online booking and travel Lagos to Uyo by road. Welcome to the amazing city of Uyo. Uyo is [&hellip;]<\/p>\n","protected":false},"author":1,"featured_media":13999,"parent":0,"menu_order":0,"comment_status":"open","ping_status":"closed","template":"template-home-modern.php","meta":{"footnotes":""},"class_list":["post-11549","page","type-page","status-publish","has-post-thumbnail","hentry"],"yoast_head":"<!-- This site is optimized with the Yoast SEO plugin v27.3 - https:\/\/yoast.com\/product\/yoast-seo-wordpress\/ -->\n<title>Bus from Lagos to Uyo Bus Tickets, Route, Schedule &amp; Fare<\/title>\n<meta name=\"description\" content=\"Looking for bus from\u00a0Lagos to Uyo bus tickets booking app, routes, schedules &amp; fares? Book cheap bus tickets from Lagos to Uyo online now\" \/>\n<meta name=\"robots\" content=\"index, follow, max-snippet:-1, max-image-preview:large, max-video-preview:-1\" \/>\n<link rel=\"canonical\" href=\"https:\/\/tiketi.com\/fr-fr\/online-bus-tickets-from-lagos-to-uyo\/\" \/>\n<meta property=\"og:locale\" content=\"fr_FR\" \/>\n<meta property=\"og:type\" content=\"article\" \/>\n<meta property=\"og:title\" content=\"Bus from Lagos to Uyo Bus Tickets, Route, Schedule &amp; Fare\" \/>\n<meta property=\"og:description\" content=\"Looking for bus from\u00a0Lagos to Uyo bus tickets booking app, routes, schedules &amp; fares? Book cheap bus tickets from Lagos to Uyo online now\" \/>\n<meta property=\"og:url\" content=\"https:\/\/tiketi.com\/fr-fr\/online-bus-tickets-from-lagos-to-uyo\/\" \/>\n<meta property=\"og:site_name\" content=\"Tiketi.com\" \/>\n<meta property=\"article:publisher\" content=\"https:\/\/www.facebook.com\/TiketiCom\/\" \/>\n<meta property=\"article:modified_time\" content=\"2022-01-30T15:46:29+00:00\" \/>\n<meta property=\"og:image\" content=\"https:\/\/tiketi.com\/wp-content\/uploads\/2022\/01\/bus-ticket-online-booking.jpg\" \/>\n\t<meta property=\"og:image:width\" content=\"1200\" \/>\n\t<meta property=\"og:image:height\" content=\"206\" \/>\n\t<meta property=\"og:image:type\" content=\"image\/jpeg\" \/>\n<meta name=\"twitter:card\" content=\"summary_large_image\" \/>\n<meta name=\"twitter:label1\" content=\"Dur\u00e9e de lecture estim\u00e9e\" \/>\n\t<meta name=\"twitter:data1\" content=\"2 minutes\" \/>\n<script type=\"application\/ld+json\" class=\"yoast-schema-graph\">{\"@context\":\"https:\\\/\\\/schema.org\",\"@graph\":[{\"@type\":\"WebPage\",\"@id\":\"https:\\\/\\\/tiketi.com\\\/online-bus-tickets-from-lagos-to-uyo\\\/\",\"url\":\"https:\\\/\\\/tiketi.com\\\/online-bus-tickets-from-lagos-to-uyo\\\/\",\"name\":\"Bus from Lagos to Uyo Bus Tickets, Route, Schedule & Fare\",\"isPartOf\":{\"@id\":\"https:\\\/\\\/tiketi.com\\\/#website\"},\"primaryImageOfPage\":{\"@id\":\"https:\\\/\\\/tiketi.com\\\/online-bus-tickets-from-lagos-to-uyo\\\/#primaryimage\"},\"image\":{\"@id\":\"https:\\\/\\\/tiketi.com\\\/online-bus-tickets-from-lagos-to-uyo\\\/#primaryimage\"},\"thumbnailUrl\":\"https:\\\/\\\/tiketi.com\\\/wp-content\\\/uploads\\\/2022\\\/01\\\/bus-ticket-online-booking.jpg\",\"datePublished\":\"2022-01-19T11:54:53+00:00\",\"dateModified\":\"2022-01-30T15:46:29+00:00\",\"description\":\"Looking for bus from\u00a0Lagos to Uyo bus tickets booking app, routes, schedules & fares? Book cheap bus tickets from Lagos to Uyo online now\",\"breadcrumb\":{\"@id\":\"https:\\\/\\\/tiketi.com\\\/online-bus-tickets-from-lagos-to-uyo\\\/#breadcrumb\"},\"inLanguage\":\"fr-FR\",\"potentialAction\":[{\"@type\":\"ReadAction\",\"target\":[\"https:\\\/\\\/tiketi.com\\\/online-bus-tickets-from-lagos-to-uyo\\\/\"]}]},{\"@type\":\"ImageObject\",\"inLanguage\":\"fr-FR\",\"@id\":\"https:\\\/\\\/tiketi.com\\\/online-bus-tickets-from-lagos-to-uyo\\\/#primaryimage\",\"url\":\"https:\\\/\\\/tiketi.com\\\/wp-content\\\/uploads\\\/2022\\\/01\\\/bus-ticket-online-booking.jpg\",\"contentUrl\":\"https:\\\/\\\/tiketi.com\\\/wp-content\\\/uploads\\\/2022\\\/01\\\/bus-ticket-online-booking.jpg\",\"width\":1200,\"height\":206,\"caption\":\"Online Bus Ticket Booking\"},{\"@type\":\"BreadcrumbList\",\"@id\":\"https:\\\/\\\/tiketi.com\\\/online-bus-tickets-from-lagos-to-uyo\\\/#breadcrumb\",\"itemListElement\":[{\"@type\":\"ListItem\",\"position\":1,\"name\":\"Home\",\"item\":\"https:\\\/\\\/tiketi.com\\\/\"},{\"@type\":\"ListItem\",\"position\":2,\"name\":\"Bus from Lagos to Uyo Bus Tickets, Route, Schedule &#038; Fare\"}]},{\"@type\":\"WebSite\",\"@id\":\"https:\\\/\\\/tiketi.com\\\/#website\",\"url\":\"https:\\\/\\\/tiketi.com\\\/\",\"name\":\"Flight & Bus Tickets, Tour Packages & Activitites - Tiketi.com\",\"description\":\"Flight &amp; Bus Tickets, Tours, Activitites\",\"publisher\":{\"@id\":\"https:\\\/\\\/tiketi.com\\\/#organization\"},\"potentialAction\":[{\"@type\":\"SearchAction\",\"target\":{\"@type\":\"EntryPoint\",\"urlTemplate\":\"https:\\\/\\\/tiketi.com\\\/?s={search_term_string}\"},\"query-input\":{\"@type\":\"PropertyValueSpecification\",\"valueRequired\":true,\"valueName\":\"search_term_string\"}}],\"inLanguage\":\"fr-FR\"},{\"@type\":\"Organization\",\"@id\":\"https:\\\/\\\/tiketi.com\\\/#organization\",\"name\":\"Tiketi.com\",\"alternateName\":\"Tiketi\",\"url\":\"https:\\\/\\\/tiketi.com\\\/\",\"logo\":{\"@type\":\"ImageObject\",\"inLanguage\":\"fr-FR\",\"@id\":\"https:\\\/\\\/tiketi.com\\\/#\\\/schema\\\/logo\\\/image\\\/\",\"url\":\"https:\\\/\\\/tiketi.com\\\/wp-content\\\/uploads\\\/2019\\\/05\\\/tiketi-logo-696.png\",\"contentUrl\":\"https:\\\/\\\/tiketi.com\\\/wp-content\\\/uploads\\\/2019\\\/05\\\/tiketi-logo-696.png\",\"width\":696,\"height\":696,\"caption\":\"Tiketi.com\"},\"image\":{\"@id\":\"https:\\\/\\\/tiketi.com\\\/#\\\/schema\\\/logo\\\/image\\\/\"},\"sameAs\":[\"https:\\\/\\\/www.facebook.com\\\/TiketiCom\\\/\"]}]}<\/script>\n<!-- \/ Yoast SEO plugin. -->","yoast_head_json":{"title":"Bus de Lagos \u00e0 Uyo Billets de bus, itin\u00e9raire, horaires et tarifs","description":"Vous recherchez une application de r\u00e9servation de billets de bus de Lagos \u00e0 Uyo, des itin\u00e9raires, des horaires et des tarifs ? R\u00e9servez vos billets de bus \u00e0 bas prix de Lagos \u00e0 Uyo en ligne maintenant","robots":{"index":"index","follow":"follow","max-snippet":"max-snippet:-1","max-image-preview":"max-image-preview:large","max-video-preview":"max-video-preview:-1"},"canonical":"https:\/\/tiketi.com\/fr-fr\/online-bus-tickets-from-lagos-to-uyo\/","og_locale":"fr_FR","og_type":"article","og_title":"Bus from Lagos to Uyo Bus Tickets, Route, Schedule & Fare","og_description":"Looking for bus from\u00a0Lagos to Uyo bus tickets booking app, routes, schedules & fares? Book cheap bus tickets from Lagos to Uyo online now","og_url":"https:\/\/tiketi.com\/fr-fr\/online-bus-tickets-from-lagos-to-uyo\/","og_site_name":"Tiketi.com","article_publisher":"https:\/\/www.facebook.com\/TiketiCom\/","article_modified_time":"2022-01-30T15:46:29+00:00","og_image":[{"width":1200,"height":206,"url":"https:\/\/tiketi.com\/wp-content\/uploads\/2022\/01\/bus-ticket-online-booking.jpg","type":"image\/jpeg"}],"twitter_card":"summary_large_image","twitter_misc":{"Dur\u00e9e de lecture estim\u00e9e":"2 minutes"},"schema":{"@context":"https:\/\/schema.org","@graph":[{"@type":"WebPage","@id":"https:\/\/tiketi.com\/online-bus-tickets-from-lagos-to-uyo\/","url":"https:\/\/tiketi.com\/online-bus-tickets-from-lagos-to-uyo\/","name":"Bus de Lagos \u00e0 Uyo Billets de bus, itin\u00e9raire, horaires et tarifs","isPartOf":{"@id":"https:\/\/tiketi.com\/#website"},"primaryImageOfPage":{"@id":"https:\/\/tiketi.com\/online-bus-tickets-from-lagos-to-uyo\/#primaryimage"},"image":{"@id":"https:\/\/tiketi.com\/online-bus-tickets-from-lagos-to-uyo\/#primaryimage"},"thumbnailUrl":"https:\/\/tiketi.com\/wp-content\/uploads\/2022\/01\/bus-ticket-online-booking.jpg","datePublished":"2022-01-19T11:54:53+00:00","dateModified":"2022-01-30T15:46:29+00:00","description":"Vous recherchez une application de r\u00e9servation de billets de bus de Lagos \u00e0 Uyo, des itin\u00e9raires, des horaires et des tarifs ? R\u00e9servez vos billets de bus \u00e0 bas prix de Lagos \u00e0 Uyo en ligne maintenant","breadcrumb":{"@id":"https:\/\/tiketi.com\/online-bus-tickets-from-lagos-to-uyo\/#breadcrumb"},"inLanguage":"fr-FR","potentialAction":[{"@type":"ReadAction","target":["https:\/\/tiketi.com\/online-bus-tickets-from-lagos-to-uyo\/"]}]},{"@type":"ImageObject","inLanguage":"fr-FR","@id":"https:\/\/tiketi.com\/online-bus-tickets-from-lagos-to-uyo\/#primaryimage","url":"https:\/\/tiketi.com\/wp-content\/uploads\/2022\/01\/bus-ticket-online-booking.jpg","contentUrl":"https:\/\/tiketi.com\/wp-content\/uploads\/2022\/01\/bus-ticket-online-booking.jpg","width":1200,"height":206,"caption":"Online Bus Ticket Booking"},{"@type":"BreadcrumbList","@id":"https:\/\/tiketi.com\/online-bus-tickets-from-lagos-to-uyo\/#breadcrumb","itemListElement":[{"@type":"ListItem","position":1,"name":"Home","item":"https:\/\/tiketi.com\/"},{"@type":"ListItem","position":2,"name":"Bus from Lagos to Uyo Bus Tickets, Route, Schedule &#038; Fare"}]},{"@type":"WebSite","@id":"https:\/\/tiketi.com\/#website","url":"https:\/\/tiketi.com\/","name":"Billets d&#039;avion et de bus, forfaits touristiques et activit\u00e9s - Tiketi.com","description":"Billets d&#039;avion et de bus, Tours, Activit\u00e9s","publisher":{"@id":"https:\/\/tiketi.com\/#organization"},"potentialAction":[{"@type":"SearchAction","target":{"@type":"EntryPoint","urlTemplate":"https:\/\/tiketi.com\/?s={search_term_string}"},"query-input":{"@type":"PropertyValueSpecification","valueRequired":true,"valueName":"search_term_string"}}],"inLanguage":"fr-FR"},{"@type":"Organization","@id":"https:\/\/tiketi.com\/#organization","name":"Tiketi.com","alternateName":"Tiketi","url":"https:\/\/tiketi.com\/","logo":{"@type":"ImageObject","inLanguage":"fr-FR","@id":"https:\/\/tiketi.com\/#\/schema\/logo\/image\/","url":"https:\/\/tiketi.com\/wp-content\/uploads\/2019\/05\/tiketi-logo-696.png","contentUrl":"https:\/\/tiketi.com\/wp-content\/uploads\/2019\/05\/tiketi-logo-696.png","width":696,"height":696,"caption":"Tiketi.com"},"image":{"@id":"https:\/\/tiketi.com\/#\/schema\/logo\/image\/"},"sameAs":["https:\/\/www.facebook.com\/TiketiCom\/"]}]}},"_links":{"self":[{"href":"https:\/\/tiketi.com\/fr-fr\/wp-json\/wp\/v2\/pages\/11549","targetHints":{"allow":["GET"]}}],"collection":[{"href":"https:\/\/tiketi.com\/fr-fr\/wp-json\/wp\/v2\/pages"}],"about":[{"href":"https:\/\/tiketi.com\/fr-fr\/wp-json\/wp\/v2\/types\/page"}],"author":[{"embeddable":true,"href":"https:\/\/tiketi.com\/fr-fr\/wp-json\/wp\/v2\/users\/1"}],"replies":[{"embeddable":true,"href":"https:\/\/tiketi.com\/fr-fr\/wp-json\/wp\/v2\/comments?post=11549"}],"version-history":[{"count":0,"href":"https:\/\/tiketi.com\/fr-fr\/wp-json\/wp\/v2\/pages\/11549\/revisions"}],"wp:featuredmedia":[{"embeddable":true,"href":"https:\/\/tiketi.com\/fr-fr\/wp-json\/wp\/v2\/media\/13999"}],"wp:attachment":[{"href":"https:\/\/tiketi.com\/fr-fr\/wp-json\/wp\/v2\/media?parent=11549"}],"curies":[{"name":"wp","href":"https:\/\/api.w.org\/{rel}","templated":true}]}}