{"id":11556,"date":"2022-01-19T12:54:53","date_gmt":"2022-01-19T11:54:53","guid":{"rendered":"https:\/\/new.tiketi.com\/bus-from-lagos-to-kaduna-bus-tickets-route-schedule-fare\/"},"modified":"2022-10-14T16:52:05","modified_gmt":"2022-10-14T15:52:05","slug":"tickets-from-lagos-to-kaduna","status":"publish","type":"page","link":"https:\/\/tiketi.com\/fr-fr\/routes\/bus\/tickets-from-lagos-to-kaduna\/","title":{"rendered":"Bus de Lagos \u00e0 Kaduna Billets de bus, itin\u00e9raire, horaires et tarifs"},"content":{"rendered":"<h2>Billets de bus pas chers de Lagos \u00e0 Kaduna R\u00e9servation en ligne<\/h2>\n<h3>D\u00e9couvrez votre itin\u00e9raire sur le web, le mobile ou l&#039;application et r\u00e9servez en ligne maintenant un billet de bus pas cher de Lagos \u00e0 Kaduna.<\/h3>\n<p>R\u00e9servez en ligne des billets de bus pas chers de Lagos \u00e0 Kaduna et voyagez de Lagos \u00e0 Kaduna par la route. Kaduna City, capitale de l&#039;\u00c9tat de Kaduna au nord-ouest du Nigeria, situ\u00e9e sur la rivi\u00e8re Kaduna. Le nom Kaduna est d\u00e9riv\u00e9 du mot haoussa &quot;kada&quot; qui signifie crocodile. Le titre a \u00e9t\u00e9 donn\u00e9 \u00e0 cause de la rivi\u00e8re Kaduna infest\u00e9e de crocodiles. Il n&#039;est pas rare de voir des crocodiles se pr\u00e9lasser au bord de la rivi\u00e8re rocheuse. C&#039;est pourquoi elle est connue sous le nom de Crocodile City. Vous pouvez visiter ce Kaduna en r\u00e9servant un bus pas cher de Lagos \u00e0 Kaduna en ligne maintenant. Voici le guide pour r\u00e9server un bus de Lagos \u00e0 Kaduna\u00a0:<\/p>\n<h2>Bus de Lagos \u00e0 Kaduna Billets de bus, itin\u00e9raires, horaires et tarifs FAQ<\/h2>\n<h3>Le bus de Lagos \u00e0 Kaduna est-il le moyen le plus \u00e9conomique de se rendre \u00e0 Kaduna ?<\/h3>\n<p>Le moyen abordable de se rendre de Lagos \u00e0 Kaduna en bus et train qui co\u00fbte $35 et $45 et dure 11h 59m.<\/p>\n<h3>Quelle est la distance du trajet de bus Lagos \u00e0 Kaduna ?<\/h3>\n<p>La distance entre le bus Lagos et Kaduna est de 657 km.<\/p>\n<h3>Comment se d\u00e9placer de Lagos \u00e0 Kaduna sans v\u00e9hicule personnel ?<\/h3>\n<p>Le meilleur moyen pour se rendre \u00e0 Kaduna sans voiture est le train et bus Lagos \u00e0 Kaduna via Abuja, ce qui dure 18h 20 m et Lagos \u00e0 Kaduna tarif du bus $35- $60, service de bus op\u00e9r\u00e9 par Chisco Transport ou ABC Transport.<\/p>\n<h3>Puis-je conduire de Lagos \u00e0 Kaduna ?<\/h3>\n<p>Oui, la distance entre Kaduna et Lagos est de 780 km. Il faut environ 10h 15m pour conduire de Lagos \u00e0 Kaduna.<\/p>\n<h2>Billets de bus de Lagos \u00e0 Kaduna Tips<\/h2>\n<p>Il est essentiel de garder \u00e0 l&#039;esprit que toutes les entreprises de transport offrent des qualit\u00e9s diff\u00e9rentes de d\u00e9tente et de service. Ainsi, la premi\u00e8re \u00e9tape pour choisir votre bus serait de vous renseigner avant d&#039;acheter vos billets de bus pas chers depuis Lagos vers Kaduna pour savoir si la compagnie de bus que vous avez choisie est la meilleure option pour vous.<\/p>\n<p>Kaduna est l&#039;une des villes les plus grandes et les plus industrialis\u00e9es du Nigeria. C&#039;est un centre commercial et aussi un grand centre de transport pour les lieux agricoles environnants avec son r\u00e9seau routier et ferroviaire.<\/p>\n<p>Une grande attraction touristique \u00e0 Kaduna est le festival annuel de la culture et des arts de Kaduna qui a lieu en novembre\/d\u00e9cembre. Il y a diff\u00e9rents sites \u00e0 visiter \u00e0 Kaduna, tels que la colline de Kagoro, l&#039;ancienne colonie de Nok et le parc national de Kamuku.<\/p>","protected":false},"excerpt":{"rendered":"<p>Cheap Bus Tickets from Lagos to Kaduna\u00a0Online Booking Discover your travel route on web, mobile or app and book cheap bus ticket from Lagos to Kaduna online now. Do cheap bus from Lagos to Kaduna bus tickets online booking and travel Lagos to Kaduna by road. Kaduna City, Kaduna state capital in north-western Nigeria, placed [&hellip;]<\/p>\n","protected":false},"author":1,"featured_media":13999,"parent":25566,"menu_order":0,"comment_status":"open","ping_status":"closed","template":"template-home-modern.php","meta":{"footnotes":""},"class_list":["post-11556","page","type-page","status-publish","has-post-thumbnail","hentry"],"yoast_head":"<!-- This site is optimized with the Yoast SEO plugin v27.5 - https:\/\/yoast.com\/product\/yoast-seo-wordpress\/ -->\n<title>Bus from Lagos to Kaduna Bus Tickets, Route, Schedule &amp; Fare<\/title>\n<meta name=\"description\" content=\"Looking for bus from\u00a0Lagos to Kaduna bus tickets booking app, routes, schedules &amp; fares? Book cheap bus tickets from Lagos to Kaduna online\" \/>\n<meta name=\"robots\" content=\"index, follow, max-snippet:-1, max-image-preview:large, max-video-preview:-1\" \/>\n<link rel=\"canonical\" href=\"https:\/\/tiketi.com\/fr-fr\/routes\/bus\/tickets-from-lagos-to-kaduna\/\" \/>\n<meta property=\"og:locale\" content=\"fr_FR\" \/>\n<meta property=\"og:type\" content=\"article\" \/>\n<meta property=\"og:title\" content=\"Bus from Lagos to Kaduna Bus Tickets, Route, Schedule &amp; Fare\" \/>\n<meta property=\"og:description\" content=\"Looking for bus from\u00a0Lagos to Kaduna bus tickets booking app, routes, schedules &amp; fares? Book cheap bus tickets from Lagos to Kaduna online\" \/>\n<meta property=\"og:url\" content=\"https:\/\/tiketi.com\/fr-fr\/routes\/bus\/tickets-from-lagos-to-kaduna\/\" \/>\n<meta property=\"og:site_name\" content=\"Tiketi.com\" \/>\n<meta property=\"article:publisher\" content=\"https:\/\/www.facebook.com\/TiketiCom\/\" \/>\n<meta property=\"article:modified_time\" content=\"2022-10-14T15:52:05+00:00\" \/>\n<meta property=\"og:image\" content=\"https:\/\/tiketi.com\/wp-content\/uploads\/2022\/01\/bus-ticket-online-booking.jpg\" \/>\n\t<meta property=\"og:image:width\" content=\"1200\" \/>\n\t<meta property=\"og:image:height\" content=\"206\" \/>\n\t<meta property=\"og:image:type\" content=\"image\/jpeg\" \/>\n<meta name=\"twitter:card\" content=\"summary_large_image\" \/>\n<meta name=\"twitter:label1\" content=\"Dur\u00e9e de lecture estim\u00e9e\" \/>\n\t<meta name=\"twitter:data1\" content=\"2 minutes\" \/>\n<script type=\"application\/ld+json\" class=\"yoast-schema-graph\">{\"@context\":\"https:\\\/\\\/schema.org\",\"@graph\":[{\"@type\":\"WebPage\",\"@id\":\"https:\\\/\\\/tiketi.com\\\/routes\\\/bus\\\/tickets-from-lagos-to-kaduna\\\/\",\"url\":\"https:\\\/\\\/tiketi.com\\\/routes\\\/bus\\\/tickets-from-lagos-to-kaduna\\\/\",\"name\":\"Bus from Lagos to Kaduna Bus Tickets, Route, Schedule & Fare\",\"isPartOf\":{\"@id\":\"https:\\\/\\\/tiketi.com\\\/#website\"},\"primaryImageOfPage\":{\"@id\":\"https:\\\/\\\/tiketi.com\\\/routes\\\/bus\\\/tickets-from-lagos-to-kaduna\\\/#primaryimage\"},\"image\":{\"@id\":\"https:\\\/\\\/tiketi.com\\\/routes\\\/bus\\\/tickets-from-lagos-to-kaduna\\\/#primaryimage\"},\"thumbnailUrl\":\"https:\\\/\\\/tiketi.com\\\/wp-content\\\/uploads\\\/2022\\\/01\\\/bus-ticket-online-booking.jpg\",\"datePublished\":\"2022-01-19T11:54:53+00:00\",\"dateModified\":\"2022-10-14T15:52:05+00:00\",\"description\":\"Looking for bus from\u00a0Lagos to Kaduna bus tickets booking app, routes, schedules & fares? Book cheap bus tickets from Lagos to Kaduna online\",\"breadcrumb\":{\"@id\":\"https:\\\/\\\/tiketi.com\\\/routes\\\/bus\\\/tickets-from-lagos-to-kaduna\\\/#breadcrumb\"},\"inLanguage\":\"fr-FR\",\"potentialAction\":[{\"@type\":\"ReadAction\",\"target\":[\"https:\\\/\\\/tiketi.com\\\/routes\\\/bus\\\/tickets-from-lagos-to-kaduna\\\/\"]}]},{\"@type\":\"ImageObject\",\"inLanguage\":\"fr-FR\",\"@id\":\"https:\\\/\\\/tiketi.com\\\/routes\\\/bus\\\/tickets-from-lagos-to-kaduna\\\/#primaryimage\",\"url\":\"https:\\\/\\\/tiketi.com\\\/wp-content\\\/uploads\\\/2022\\\/01\\\/bus-ticket-online-booking.jpg\",\"contentUrl\":\"https:\\\/\\\/tiketi.com\\\/wp-content\\\/uploads\\\/2022\\\/01\\\/bus-ticket-online-booking.jpg\",\"width\":1200,\"height\":206,\"caption\":\"Online Bus Ticket Booking\"},{\"@type\":\"BreadcrumbList\",\"@id\":\"https:\\\/\\\/tiketi.com\\\/routes\\\/bus\\\/tickets-from-lagos-to-kaduna\\\/#breadcrumb\",\"itemListElement\":[{\"@type\":\"ListItem\",\"position\":1,\"name\":\"Home\",\"item\":\"https:\\\/\\\/tiketi.com\\\/\"},{\"@type\":\"ListItem\",\"position\":2,\"name\":\"Routes\",\"item\":\"https:\\\/\\\/tiketi.com\\\/routes\\\/\"},{\"@type\":\"ListItem\",\"position\":3,\"name\":\"Bus\",\"item\":\"https:\\\/\\\/tiketi.com\\\/routes\\\/bus\\\/\"},{\"@type\":\"ListItem\",\"position\":4,\"name\":\"Bus from Lagos to Kaduna Bus Tickets, Route, Schedule &#038; Fare\"}]},{\"@type\":\"WebSite\",\"@id\":\"https:\\\/\\\/tiketi.com\\\/#website\",\"url\":\"https:\\\/\\\/tiketi.com\\\/\",\"name\":\"Flight & Bus Tickets, Tour Packages & Activitites - Tiketi.com\",\"description\":\"Flight &amp; Bus Tickets, Tours, Activitites\",\"publisher\":{\"@id\":\"https:\\\/\\\/tiketi.com\\\/#organization\"},\"potentialAction\":[{\"@type\":\"SearchAction\",\"target\":{\"@type\":\"EntryPoint\",\"urlTemplate\":\"https:\\\/\\\/tiketi.com\\\/?s={search_term_string}\"},\"query-input\":{\"@type\":\"PropertyValueSpecification\",\"valueRequired\":true,\"valueName\":\"search_term_string\"}}],\"inLanguage\":\"fr-FR\"},{\"@type\":\"Organization\",\"@id\":\"https:\\\/\\\/tiketi.com\\\/#organization\",\"name\":\"Tiketi.com\",\"alternateName\":\"Tiketi\",\"url\":\"https:\\\/\\\/tiketi.com\\\/\",\"logo\":{\"@type\":\"ImageObject\",\"inLanguage\":\"fr-FR\",\"@id\":\"https:\\\/\\\/tiketi.com\\\/#\\\/schema\\\/logo\\\/image\\\/\",\"url\":\"https:\\\/\\\/tiketi.com\\\/wp-content\\\/uploads\\\/2019\\\/05\\\/tiketi-logo-696.png\",\"contentUrl\":\"https:\\\/\\\/tiketi.com\\\/wp-content\\\/uploads\\\/2019\\\/05\\\/tiketi-logo-696.png\",\"width\":696,\"height\":696,\"caption\":\"Tiketi.com\"},\"image\":{\"@id\":\"https:\\\/\\\/tiketi.com\\\/#\\\/schema\\\/logo\\\/image\\\/\"},\"sameAs\":[\"https:\\\/\\\/www.facebook.com\\\/TiketiCom\\\/\"]}]}<\/script>\n<!-- \/ Yoast SEO plugin. -->","yoast_head_json":{"title":"Bus de Lagos \u00e0 Kaduna Billets de bus, itin\u00e9raire, horaires et tarifs","description":"Vous recherchez une application de r\u00e9servation de billets de bus de Lagos \u00e0 Kaduna, des itin\u00e9raires, des horaires et des tarifs\u00a0? R\u00e9servez en ligne des billets de bus \u00e0 bas prix de Lagos \u00e0 Kaduna","robots":{"index":"index","follow":"follow","max-snippet":"max-snippet:-1","max-image-preview":"max-image-preview:large","max-video-preview":"max-video-preview:-1"},"canonical":"https:\/\/tiketi.com\/fr-fr\/routes\/bus\/tickets-from-lagos-to-kaduna\/","og_locale":"fr_FR","og_type":"article","og_title":"Bus from Lagos to Kaduna Bus Tickets, Route, Schedule & Fare","og_description":"Looking for bus from\u00a0Lagos to Kaduna bus tickets booking app, routes, schedules & fares? Book cheap bus tickets from Lagos to Kaduna online","og_url":"https:\/\/tiketi.com\/fr-fr\/routes\/bus\/tickets-from-lagos-to-kaduna\/","og_site_name":"Tiketi.com","article_publisher":"https:\/\/www.facebook.com\/TiketiCom\/","article_modified_time":"2022-10-14T15:52:05+00:00","og_image":[{"width":1200,"height":206,"url":"https:\/\/tiketi.com\/wp-content\/uploads\/2022\/01\/bus-ticket-online-booking.jpg","type":"image\/jpeg"}],"twitter_card":"summary_large_image","twitter_misc":{"Dur\u00e9e de lecture estim\u00e9e":"2 minutes"},"schema":{"@context":"https:\/\/schema.org","@graph":[{"@type":"WebPage","@id":"https:\/\/tiketi.com\/routes\/bus\/tickets-from-lagos-to-kaduna\/","url":"https:\/\/tiketi.com\/routes\/bus\/tickets-from-lagos-to-kaduna\/","name":"Bus de Lagos \u00e0 Kaduna Billets de bus, itin\u00e9raire, horaires et tarifs","isPartOf":{"@id":"https:\/\/tiketi.com\/#website"},"primaryImageOfPage":{"@id":"https:\/\/tiketi.com\/routes\/bus\/tickets-from-lagos-to-kaduna\/#primaryimage"},"image":{"@id":"https:\/\/tiketi.com\/routes\/bus\/tickets-from-lagos-to-kaduna\/#primaryimage"},"thumbnailUrl":"https:\/\/tiketi.com\/wp-content\/uploads\/2022\/01\/bus-ticket-online-booking.jpg","datePublished":"2022-01-19T11:54:53+00:00","dateModified":"2022-10-14T15:52:05+00:00","description":"Vous recherchez une application de r\u00e9servation de billets de bus de Lagos \u00e0 Kaduna, des itin\u00e9raires, des horaires et des tarifs\u00a0? R\u00e9servez en ligne des billets de bus \u00e0 bas prix de Lagos \u00e0 Kaduna","breadcrumb":{"@id":"https:\/\/tiketi.com\/routes\/bus\/tickets-from-lagos-to-kaduna\/#breadcrumb"},"inLanguage":"fr-FR","potentialAction":[{"@type":"ReadAction","target":["https:\/\/tiketi.com\/routes\/bus\/tickets-from-lagos-to-kaduna\/"]}]},{"@type":"ImageObject","inLanguage":"fr-FR","@id":"https:\/\/tiketi.com\/routes\/bus\/tickets-from-lagos-to-kaduna\/#primaryimage","url":"https:\/\/tiketi.com\/wp-content\/uploads\/2022\/01\/bus-ticket-online-booking.jpg","contentUrl":"https:\/\/tiketi.com\/wp-content\/uploads\/2022\/01\/bus-ticket-online-booking.jpg","width":1200,"height":206,"caption":"Online Bus Ticket Booking"},{"@type":"BreadcrumbList","@id":"https:\/\/tiketi.com\/routes\/bus\/tickets-from-lagos-to-kaduna\/#breadcrumb","itemListElement":[{"@type":"ListItem","position":1,"name":"Home","item":"https:\/\/tiketi.com\/"},{"@type":"ListItem","position":2,"name":"Routes","item":"https:\/\/tiketi.com\/routes\/"},{"@type":"ListItem","position":3,"name":"Bus","item":"https:\/\/tiketi.com\/routes\/bus\/"},{"@type":"ListItem","position":4,"name":"Bus from Lagos to Kaduna Bus Tickets, Route, Schedule &#038; Fare"}]},{"@type":"WebSite","@id":"https:\/\/tiketi.com\/#website","url":"https:\/\/tiketi.com\/","name":"Billets d&#039;avion et de bus, forfaits touristiques et activit\u00e9s - Tiketi.com","description":"Billets d&#039;avion et de bus, Tours, Activit\u00e9s","publisher":{"@id":"https:\/\/tiketi.com\/#organization"},"potentialAction":[{"@type":"SearchAction","target":{"@type":"EntryPoint","urlTemplate":"https:\/\/tiketi.com\/?s={search_term_string}"},"query-input":{"@type":"PropertyValueSpecification","valueRequired":true,"valueName":"search_term_string"}}],"inLanguage":"fr-FR"},{"@type":"Organization","@id":"https:\/\/tiketi.com\/#organization","name":"Tiketi.com","alternateName":"Tiketi","url":"https:\/\/tiketi.com\/","logo":{"@type":"ImageObject","inLanguage":"fr-FR","@id":"https:\/\/tiketi.com\/#\/schema\/logo\/image\/","url":"https:\/\/tiketi.com\/wp-content\/uploads\/2019\/05\/tiketi-logo-696.png","contentUrl":"https:\/\/tiketi.com\/wp-content\/uploads\/2019\/05\/tiketi-logo-696.png","width":696,"height":696,"caption":"Tiketi.com"},"image":{"@id":"https:\/\/tiketi.com\/#\/schema\/logo\/image\/"},"sameAs":["https:\/\/www.facebook.com\/TiketiCom\/"]}]}},"_links":{"self":[{"href":"https:\/\/tiketi.com\/fr-fr\/wp-json\/wp\/v2\/pages\/11556","targetHints":{"allow":["GET"]}}],"collection":[{"href":"https:\/\/tiketi.com\/fr-fr\/wp-json\/wp\/v2\/pages"}],"about":[{"href":"https:\/\/tiketi.com\/fr-fr\/wp-json\/wp\/v2\/types\/page"}],"author":[{"embeddable":true,"href":"https:\/\/tiketi.com\/fr-fr\/wp-json\/wp\/v2\/users\/1"}],"replies":[{"embeddable":true,"href":"https:\/\/tiketi.com\/fr-fr\/wp-json\/wp\/v2\/comments?post=11556"}],"version-history":[{"count":0,"href":"https:\/\/tiketi.com\/fr-fr\/wp-json\/wp\/v2\/pages\/11556\/revisions"}],"up":[{"embeddable":true,"href":"https:\/\/tiketi.com\/fr-fr\/wp-json\/wp\/v2\/pages\/25566"}],"wp:featuredmedia":[{"embeddable":true,"href":"https:\/\/tiketi.com\/fr-fr\/wp-json\/wp\/v2\/media\/13999"}],"wp:attachment":[{"href":"https:\/\/tiketi.com\/fr-fr\/wp-json\/wp\/v2\/media?parent=11556"}],"curies":[{"name":"wp","href":"https:\/\/api.w.org\/{rel}","templated":true}]}}