{"id":11557,"date":"2022-01-19T12:54:53","date_gmt":"2022-01-19T11:54:53","guid":{"rendered":"https:\/\/new.tiketi.com\/bus-from-lagos-to-ife-bus-tickets-schedule-fare-route\/"},"modified":"2023-06-24T12:10:03","modified_gmt":"2023-06-24T11:10:03","slug":"lagos-to-ife","status":"publish","type":"page","link":"https:\/\/tiketi.com\/fr-fr\/routes\/bus\/lagos-to-ife\/","title":{"rendered":"Bus de Lagos \u00e0 Ife Billets de bus, horaires, tarifs et itin\u00e9raire"},"content":{"rendered":"<h2>Billets de bus pas chers de Lagos \u00e0 Ife R\u00e9servation en ligne<\/h2>\n<h3>D\u00e9couvrez votre itin\u00e9raire de voyage sur le web, le mobile ou l&#039;application et r\u00e9servez en ligne maintenant un billet de bus pas cher de Lagos \u00e0 Ife<\/h3>\n<p>R\u00e9servez en ligne des billets de bus pas chers de Lagos \u00e0 Ife et voyagez de Lagos \u00e0 Lfe par la route. Pour la majorit\u00e9, le voyage en bus est le moyen le plus simple et le plus abordable de se d\u00e9placer dans le pays, un voyage par la route est abordable et offre aux passagers la possibilit\u00e9 d&#039;emprunter le magnifique itin\u00e9raire. Vous pouvez visiter cet Ife en r\u00e9servant un bus pas cher de Lagos \u00e0 Ife en ligne maintenant. Voici un guide sur la fa\u00e7on de r\u00e9server des billets de bus de Lagos \u00e0 Ife.<\/p>\n<h2>Bus de Lagos \u00e0 Ife R\u00e9servation de billets de bus, itin\u00e9raires, horaires et tarifs FAQs<\/h2>\n<h3>Le bus de Lagos \u00e0 lfe est-il le moyen le moins cher de se rendre \u00e0 Ife ?<\/h3>\n<p>Le moyen abordable de se rendre de Lagos \u00e0 Ife bus qui co\u00fbte $60 - $70 et prend 2h 30m.<\/p>\n<h3>Quel est le moyen le plus rapide pour se rendre de Lagos \u00e0 Lfe ?<\/h3>\n<p>Le moyen le plus rapide pour se rendre de Lagos \u00e0 Life est de prendre un taxi et bus ce qui co\u00fbte $60 - $70 et prend 2h 30m.<\/p>\n<h3>Quelle est la distance de trajet en bus de Lagos \u00e0 Ife ?<\/h3>\n<p>La distance parcourue en bus Lagos \u00e0 Ife est de 171 km. La distance routi\u00e8re est de 214 km.<\/p>\n<h3>Puis-je conduire de Lagos \u00e0 Ife ?<\/h3>\n<p>Oui, la distance de bus Lagos \u00e0 Ife est de 213 km. il faut environ 2h 30 min pour conduire de Lagos \u00e0 Ife bus.<\/p>\n<h2>Billets de bus de Lagos \u00e0 Ife Tips<\/h2>\n<h3>Lagos<\/h3>\n<p>Lagos est le centre d&#039;affaires de tout le pays et l&#039;une des villes les plus peupl\u00e9es du pays. D&#039;autre part, lfe est la capitale de l&#039;\u00c9tat d&#039;Osun situ\u00e9e dans la r\u00e9gion sud-ouest du pays.<\/p>\n<h3>Parc automobile d&#039;Oshodi<\/h3>\n<p>Prenez un bus \/ taxi de n&#039;importe o\u00f9 dans la ville et d\u00e9posez-vous au parc Oshodi, entrez dans un parc, choisissez un v\u00e9hicule et payez le tarif, apr\u00e8s quoi vous pourrez charger votre sac et vous installer pour le voyage \u00e0 venir.<\/p>\n<h3>Parc automobile d&#039;Ikorodu<\/h3>\n<p>Plac\u00e9 \u00e0 lkorodu, un endroit c\u00e9l\u00e8bre \u00e0 Lagos et simple \u00e0 localiser. \u00c0 votre arriv\u00e9e au parc, vous trouverez le type de v\u00e9hicule habituel : bus, minivan et taxi que vous pourrez vous faire choisir.<\/p>","protected":false},"excerpt":{"rendered":"<p>Cheap Bus Tickets from Lagos to Ife Online Booking Discover your travel route on web, mobile or app and book cheap bus ticket from Lagos to Ife online now Do cheap bus from Lagos to Ife bus tickets online booking and travel Lagos to lfe by road. For the majority, bus travel is the simplest [&hellip;]<\/p>\n","protected":false},"author":1,"featured_media":13999,"parent":25566,"menu_order":0,"comment_status":"open","ping_status":"closed","template":"template-home-modern.php","meta":{"footnotes":""},"class_list":["post-11557","page","type-page","status-publish","has-post-thumbnail","hentry"],"yoast_head":"<!-- This site is optimized with the Yoast SEO plugin v27.3 - https:\/\/yoast.com\/product\/yoast-seo-wordpress\/ -->\n<title>Bus from Lagos to Ife Bus Tickets, Schedule, Fare &amp; Route<\/title>\n<meta name=\"description\" content=\"Looking for bus from\u00a0Lagos to Ife bus tickets booking app, routes, schedules &amp; fares? Book cheap bus tickets from Lagos to Ife online now\" \/>\n<meta name=\"robots\" content=\"index, follow, max-snippet:-1, max-image-preview:large, max-video-preview:-1\" \/>\n<link rel=\"canonical\" href=\"https:\/\/tiketi.com\/fr-fr\/routes\/bus\/lagos-to-ife\/\" \/>\n<meta property=\"og:locale\" content=\"fr_FR\" \/>\n<meta property=\"og:type\" content=\"article\" \/>\n<meta property=\"og:title\" content=\"Bus from Lagos to Ife Bus Tickets, Schedule, Fare &amp; Route\" \/>\n<meta property=\"og:description\" content=\"Looking for bus from\u00a0Lagos to Ife bus tickets booking app, routes, schedules &amp; fares? Book cheap bus tickets from Lagos to Ife online now\" \/>\n<meta property=\"og:url\" content=\"https:\/\/tiketi.com\/fr-fr\/routes\/bus\/lagos-to-ife\/\" \/>\n<meta property=\"og:site_name\" content=\"Tiketi.com\" \/>\n<meta property=\"article:publisher\" content=\"https:\/\/www.facebook.com\/TiketiCom\/\" \/>\n<meta property=\"article:modified_time\" content=\"2023-06-24T11:10:03+00:00\" \/>\n<meta property=\"og:image\" content=\"https:\/\/tiketi.com\/wp-content\/uploads\/2022\/01\/bus-ticket-online-booking.jpg\" \/>\n\t<meta property=\"og:image:width\" content=\"1200\" \/>\n\t<meta property=\"og:image:height\" content=\"206\" \/>\n\t<meta property=\"og:image:type\" content=\"image\/jpeg\" \/>\n<meta name=\"twitter:card\" content=\"summary_large_image\" \/>\n<meta name=\"twitter:label1\" content=\"Dur\u00e9e de lecture estim\u00e9e\" \/>\n\t<meta name=\"twitter:data1\" content=\"2 minutes\" \/>\n<script type=\"application\/ld+json\" class=\"yoast-schema-graph\">{\"@context\":\"https:\\\/\\\/schema.org\",\"@graph\":[{\"@type\":\"WebPage\",\"@id\":\"https:\\\/\\\/tiketi.com\\\/routes\\\/bus\\\/lagos-to-ife\\\/\",\"url\":\"https:\\\/\\\/tiketi.com\\\/routes\\\/bus\\\/lagos-to-ife\\\/\",\"name\":\"Bus from Lagos to Ife Bus Tickets, Schedule, Fare & Route\",\"isPartOf\":{\"@id\":\"https:\\\/\\\/tiketi.com\\\/#website\"},\"primaryImageOfPage\":{\"@id\":\"https:\\\/\\\/tiketi.com\\\/routes\\\/bus\\\/lagos-to-ife\\\/#primaryimage\"},\"image\":{\"@id\":\"https:\\\/\\\/tiketi.com\\\/routes\\\/bus\\\/lagos-to-ife\\\/#primaryimage\"},\"thumbnailUrl\":\"https:\\\/\\\/tiketi.com\\\/wp-content\\\/uploads\\\/2022\\\/01\\\/bus-ticket-online-booking.jpg\",\"datePublished\":\"2022-01-19T11:54:53+00:00\",\"dateModified\":\"2023-06-24T11:10:03+00:00\",\"description\":\"Looking for bus from\u00a0Lagos to Ife bus tickets booking app, routes, schedules & fares? Book cheap bus tickets from Lagos to Ife online now\",\"breadcrumb\":{\"@id\":\"https:\\\/\\\/tiketi.com\\\/routes\\\/bus\\\/lagos-to-ife\\\/#breadcrumb\"},\"inLanguage\":\"fr-FR\",\"potentialAction\":[{\"@type\":\"ReadAction\",\"target\":[\"https:\\\/\\\/tiketi.com\\\/routes\\\/bus\\\/lagos-to-ife\\\/\"]}]},{\"@type\":\"ImageObject\",\"inLanguage\":\"fr-FR\",\"@id\":\"https:\\\/\\\/tiketi.com\\\/routes\\\/bus\\\/lagos-to-ife\\\/#primaryimage\",\"url\":\"https:\\\/\\\/tiketi.com\\\/wp-content\\\/uploads\\\/2022\\\/01\\\/bus-ticket-online-booking.jpg\",\"contentUrl\":\"https:\\\/\\\/tiketi.com\\\/wp-content\\\/uploads\\\/2022\\\/01\\\/bus-ticket-online-booking.jpg\",\"width\":1200,\"height\":206,\"caption\":\"Online Bus Ticket Booking\"},{\"@type\":\"BreadcrumbList\",\"@id\":\"https:\\\/\\\/tiketi.com\\\/routes\\\/bus\\\/lagos-to-ife\\\/#breadcrumb\",\"itemListElement\":[{\"@type\":\"ListItem\",\"position\":1,\"name\":\"Home\",\"item\":\"https:\\\/\\\/tiketi.com\\\/\"},{\"@type\":\"ListItem\",\"position\":2,\"name\":\"Routes\",\"item\":\"https:\\\/\\\/tiketi.com\\\/routes\\\/\"},{\"@type\":\"ListItem\",\"position\":3,\"name\":\"Bus\",\"item\":\"https:\\\/\\\/tiketi.com\\\/routes\\\/bus\\\/\"},{\"@type\":\"ListItem\",\"position\":4,\"name\":\"Bus from Lagos to Ife Bus Tickets, Schedule, Fare &#038; Route\"}]},{\"@type\":\"WebSite\",\"@id\":\"https:\\\/\\\/tiketi.com\\\/#website\",\"url\":\"https:\\\/\\\/tiketi.com\\\/\",\"name\":\"Flight & Bus Tickets, Tour Packages & Activitites - Tiketi.com\",\"description\":\"Flight &amp; Bus Tickets, Tours, Activitites\",\"publisher\":{\"@id\":\"https:\\\/\\\/tiketi.com\\\/#organization\"},\"potentialAction\":[{\"@type\":\"SearchAction\",\"target\":{\"@type\":\"EntryPoint\",\"urlTemplate\":\"https:\\\/\\\/tiketi.com\\\/?s={search_term_string}\"},\"query-input\":{\"@type\":\"PropertyValueSpecification\",\"valueRequired\":true,\"valueName\":\"search_term_string\"}}],\"inLanguage\":\"fr-FR\"},{\"@type\":\"Organization\",\"@id\":\"https:\\\/\\\/tiketi.com\\\/#organization\",\"name\":\"Tiketi.com\",\"alternateName\":\"Tiketi\",\"url\":\"https:\\\/\\\/tiketi.com\\\/\",\"logo\":{\"@type\":\"ImageObject\",\"inLanguage\":\"fr-FR\",\"@id\":\"https:\\\/\\\/tiketi.com\\\/#\\\/schema\\\/logo\\\/image\\\/\",\"url\":\"https:\\\/\\\/tiketi.com\\\/wp-content\\\/uploads\\\/2019\\\/05\\\/tiketi-logo-696.png\",\"contentUrl\":\"https:\\\/\\\/tiketi.com\\\/wp-content\\\/uploads\\\/2019\\\/05\\\/tiketi-logo-696.png\",\"width\":696,\"height\":696,\"caption\":\"Tiketi.com\"},\"image\":{\"@id\":\"https:\\\/\\\/tiketi.com\\\/#\\\/schema\\\/logo\\\/image\\\/\"},\"sameAs\":[\"https:\\\/\\\/www.facebook.com\\\/TiketiCom\\\/\"]}]}<\/script>\n<!-- \/ Yoast SEO plugin. -->","yoast_head_json":{"title":"Bus de Lagos \u00e0 Ife Billets de bus, horaires, tarifs et itin\u00e9raire","description":"\u00c0 la recherche d&#039;une application de r\u00e9servation de bus de Lagos \u00e0 Ife pour les billets de bus, les itin\u00e9raires, les horaires et les tarifs\u00a0? R\u00e9servez en ligne maintenant des billets de bus \u00e0 bas prix de Lagos \u00e0 Ife","robots":{"index":"index","follow":"follow","max-snippet":"max-snippet:-1","max-image-preview":"max-image-preview:large","max-video-preview":"max-video-preview:-1"},"canonical":"https:\/\/tiketi.com\/fr-fr\/routes\/bus\/lagos-to-ife\/","og_locale":"fr_FR","og_type":"article","og_title":"Bus from Lagos to Ife Bus Tickets, Schedule, Fare & Route","og_description":"Looking for bus from\u00a0Lagos to Ife bus tickets booking app, routes, schedules & fares? Book cheap bus tickets from Lagos to Ife online now","og_url":"https:\/\/tiketi.com\/fr-fr\/routes\/bus\/lagos-to-ife\/","og_site_name":"Tiketi.com","article_publisher":"https:\/\/www.facebook.com\/TiketiCom\/","article_modified_time":"2023-06-24T11:10:03+00:00","og_image":[{"width":1200,"height":206,"url":"https:\/\/tiketi.com\/wp-content\/uploads\/2022\/01\/bus-ticket-online-booking.jpg","type":"image\/jpeg"}],"twitter_card":"summary_large_image","twitter_misc":{"Dur\u00e9e de lecture estim\u00e9e":"2 minutes"},"schema":{"@context":"https:\/\/schema.org","@graph":[{"@type":"WebPage","@id":"https:\/\/tiketi.com\/routes\/bus\/lagos-to-ife\/","url":"https:\/\/tiketi.com\/routes\/bus\/lagos-to-ife\/","name":"Bus de Lagos \u00e0 Ife Billets de bus, horaires, tarifs et itin\u00e9raire","isPartOf":{"@id":"https:\/\/tiketi.com\/#website"},"primaryImageOfPage":{"@id":"https:\/\/tiketi.com\/routes\/bus\/lagos-to-ife\/#primaryimage"},"image":{"@id":"https:\/\/tiketi.com\/routes\/bus\/lagos-to-ife\/#primaryimage"},"thumbnailUrl":"https:\/\/tiketi.com\/wp-content\/uploads\/2022\/01\/bus-ticket-online-booking.jpg","datePublished":"2022-01-19T11:54:53+00:00","dateModified":"2023-06-24T11:10:03+00:00","description":"\u00c0 la recherche d&#039;une application de r\u00e9servation de bus de Lagos \u00e0 Ife pour les billets de bus, les itin\u00e9raires, les horaires et les tarifs\u00a0? R\u00e9servez en ligne maintenant des billets de bus \u00e0 bas prix de Lagos \u00e0 Ife","breadcrumb":{"@id":"https:\/\/tiketi.com\/routes\/bus\/lagos-to-ife\/#breadcrumb"},"inLanguage":"fr-FR","potentialAction":[{"@type":"ReadAction","target":["https:\/\/tiketi.com\/routes\/bus\/lagos-to-ife\/"]}]},{"@type":"ImageObject","inLanguage":"fr-FR","@id":"https:\/\/tiketi.com\/routes\/bus\/lagos-to-ife\/#primaryimage","url":"https:\/\/tiketi.com\/wp-content\/uploads\/2022\/01\/bus-ticket-online-booking.jpg","contentUrl":"https:\/\/tiketi.com\/wp-content\/uploads\/2022\/01\/bus-ticket-online-booking.jpg","width":1200,"height":206,"caption":"Online Bus Ticket Booking"},{"@type":"BreadcrumbList","@id":"https:\/\/tiketi.com\/routes\/bus\/lagos-to-ife\/#breadcrumb","itemListElement":[{"@type":"ListItem","position":1,"name":"Home","item":"https:\/\/tiketi.com\/"},{"@type":"ListItem","position":2,"name":"Routes","item":"https:\/\/tiketi.com\/routes\/"},{"@type":"ListItem","position":3,"name":"Bus","item":"https:\/\/tiketi.com\/routes\/bus\/"},{"@type":"ListItem","position":4,"name":"Bus from Lagos to Ife Bus Tickets, Schedule, Fare &#038; Route"}]},{"@type":"WebSite","@id":"https:\/\/tiketi.com\/#website","url":"https:\/\/tiketi.com\/","name":"Billets d&#039;avion et de bus, forfaits touristiques et activit\u00e9s - Tiketi.com","description":"Billets d&#039;avion et de bus, Tours, Activit\u00e9s","publisher":{"@id":"https:\/\/tiketi.com\/#organization"},"potentialAction":[{"@type":"SearchAction","target":{"@type":"EntryPoint","urlTemplate":"https:\/\/tiketi.com\/?s={search_term_string}"},"query-input":{"@type":"PropertyValueSpecification","valueRequired":true,"valueName":"search_term_string"}}],"inLanguage":"fr-FR"},{"@type":"Organization","@id":"https:\/\/tiketi.com\/#organization","name":"Tiketi.com","alternateName":"Tiketi","url":"https:\/\/tiketi.com\/","logo":{"@type":"ImageObject","inLanguage":"fr-FR","@id":"https:\/\/tiketi.com\/#\/schema\/logo\/image\/","url":"https:\/\/tiketi.com\/wp-content\/uploads\/2019\/05\/tiketi-logo-696.png","contentUrl":"https:\/\/tiketi.com\/wp-content\/uploads\/2019\/05\/tiketi-logo-696.png","width":696,"height":696,"caption":"Tiketi.com"},"image":{"@id":"https:\/\/tiketi.com\/#\/schema\/logo\/image\/"},"sameAs":["https:\/\/www.facebook.com\/TiketiCom\/"]}]}},"_links":{"self":[{"href":"https:\/\/tiketi.com\/fr-fr\/wp-json\/wp\/v2\/pages\/11557","targetHints":{"allow":["GET"]}}],"collection":[{"href":"https:\/\/tiketi.com\/fr-fr\/wp-json\/wp\/v2\/pages"}],"about":[{"href":"https:\/\/tiketi.com\/fr-fr\/wp-json\/wp\/v2\/types\/page"}],"author":[{"embeddable":true,"href":"https:\/\/tiketi.com\/fr-fr\/wp-json\/wp\/v2\/users\/1"}],"replies":[{"embeddable":true,"href":"https:\/\/tiketi.com\/fr-fr\/wp-json\/wp\/v2\/comments?post=11557"}],"version-history":[{"count":0,"href":"https:\/\/tiketi.com\/fr-fr\/wp-json\/wp\/v2\/pages\/11557\/revisions"}],"up":[{"embeddable":true,"href":"https:\/\/tiketi.com\/fr-fr\/wp-json\/wp\/v2\/pages\/25566"}],"wp:featuredmedia":[{"embeddable":true,"href":"https:\/\/tiketi.com\/fr-fr\/wp-json\/wp\/v2\/media\/13999"}],"wp:attachment":[{"href":"https:\/\/tiketi.com\/fr-fr\/wp-json\/wp\/v2\/media?parent=11557"}],"curies":[{"name":"wp","href":"https:\/\/api.w.org\/{rel}","templated":true}]}}