{"id":11558,"date":"2022-01-19T12:54:53","date_gmt":"2022-01-19T11:54:53","guid":{"rendered":"https:\/\/new.tiketi.com\/bus-from-lagos-to-calabar-bus-tickets-route-schedule-fare\/"},"modified":"2022-01-29T19:52:18","modified_gmt":"2022-01-29T18:52:18","slug":"online-bus-tickets-from-lagos-to-calabar","status":"publish","type":"page","link":"https:\/\/tiketi.com\/fr-fr\/online-bus-tickets-from-lagos-to-calabar\/","title":{"rendered":"Bus de Lagos \u00e0 Calabar Billets de bus, itin\u00e9raire, horaires et tarifs"},"content":{"rendered":"<h2>Billets de bus pas chers de Lagos \u00e0 Calabar R\u00e9servation en ligne<\/h2>\n<h3>D\u00e9couvrez votre itin\u00e9raire de voyage sur le web, le mobile ou l&#039;application et r\u00e9servez en ligne maintenant un billet de bus pas cher de Lagos \u00e0 Calabar<\/h3>\n<p>Comparez et r\u00e9servez les meilleures offres de bus pas chers de Lagos \u00e0 Calabar en ligne et voyagez de Lagos \u00e0 Calabar par la route. Calabar est la capitale de l&#039;\u00c9tat de Cross River. Le vrai nom de Calabar \u00e9tait Akwa Akpa, de la langue Efik. Elle est \u00e9galement connue sous le nom de ville de Canaan. C&#039;est une charmante ville industrieuse et, par cons\u00e9quent, de nombreuses personnes voyagent de la ville de Lagos \u00e0 Calabar en bus pour changer de rythme. Voici le guide pour r\u00e9server des billets de bus de Lagos \u00e0 Calabar :<\/p>\n<h2>Bus de Lagos \u00e0 Calabar Billets de bus R\u00e9servation, itin\u00e9raires, horaires et tarifs FAQ FAQ<\/h2>\n<h3>Le bus de Lagos \u00e0 Calabar est-il le moyen le plus \u00e9conomique de se rendre \u00e0 Calabar ?<\/h3>\n<p>Le moyen le plus abordable de se rendre de Lagos \u00e0 Calabar est de prendre le bus. Lagos \u00e0 Calabar bus tarif $24 \u2013 $26 et dure 10h 50m.<\/p>\n<h3>Quelle est la distance parcourue de Lagos \u00e0 Calabar?<\/h3>\n<p>La distance entre Lagos et Umuahia bus est de 570 km. La distance de route est de 735 km.<\/p>\n<h3>Comment se d\u00e9placer de Lagos \u00e0 Calabar sans v\u00e9hicule personnel ?<\/h3>\n<p>Le meilleur moyen pour se rendre de Lagos \u00e0 Calabar sans v\u00e9hicule personnel est le bus Lagos \u00e0 Calabar, ce qui dure 10h 50m et co\u00fbte $24 \u2013 $26, service de bus op\u00e9r\u00e9 par Chisco Transport ou ABC Transport.<\/p>\n<h3>Avion ou bus Lagos jusqu&#039;\u00e0 Calabar ?<\/h3>\n<p>Le meilleur moyen de se rendre de Lagos \u00e0 Calabar est de <a href=\"https:\/\/tiketi.com\/fr-fr\/flightst\/\" target=\"_blank\" rel=\"noopener\">voler<\/a> qui dure 1h30 et co\u00fbte $65 \u2013 $120. Sinon, vous pouvez r\u00e9server le bus de Lagos \u00e0 Calabar, des billets de bus pas chers de Lagos \u00e0 Calabar $24 \u2013 $26 et dure 10h 50m.<\/p>\n<h3>Puis-je conduire de Lagos \u00e0 Calabar ?<\/h3>\n<p>Oui, la distance entre Calabar et Lagos est de 735 km.<\/p>\n<h2>Billets de bus de Lagos \u00e0 Calabar Tips<\/h2>\n<p>La ville de Calabar est g\u00e9n\u00e9ralement consid\u00e9r\u00e9e comme la capitale touristique du Nigeria. Calabar est divis\u00e9 en Calabar Sud et Calabar Municipal pour des objectifs administratifs.<\/p>\n<p>Calabar est strat\u00e9giquement plac\u00e9e par diff\u00e9rentes rivi\u00e8res avec acc\u00e8s \u00e0 l&#039;oc\u00e9an Atlantique Sud, ce qui la rend id\u00e9ale pour le commerce, elle se vante de diff\u00e9rentes plages. Outre les attractions baln\u00e9aires, la ville de Calabar poss\u00e8de diff\u00e9rentes autres attractions touristiques.<\/p>","protected":false},"excerpt":{"rendered":"<p>Cheap Bus Tickets from Lagos to Calabar\u00a0Online Booking Discover your travel route on web, mobile or app and book cheap bus ticket from Lagos to Calabar online now Compare and\u00a0book the best deals\u00a0on cheap bus from Lagos to Calabar bus tickets\u00a0online and travel Lagos to Calabar by road.\u00a0Calabar is the city capital of Cross River [&hellip;]<\/p>\n","protected":false},"author":1,"featured_media":13999,"parent":0,"menu_order":0,"comment_status":"open","ping_status":"closed","template":"template-home-modern.php","meta":{"footnotes":""},"class_list":["post-11558","page","type-page","status-publish","has-post-thumbnail","hentry"],"yoast_head":"<!-- This site is optimized with the Yoast SEO plugin v27.5 - https:\/\/yoast.com\/product\/yoast-seo-wordpress\/ -->\n<title>Bus from Lagos to Calabar Bus Tickets, Route, Schedule &amp; Fare<\/title>\n<meta name=\"description\" content=\"Looking for bus from\u00a0Lagos to Calabar online ticket booking app? Book cheap bus tickets from Lagos to Calabar online now\" \/>\n<meta name=\"robots\" content=\"index, follow, max-snippet:-1, max-image-preview:large, max-video-preview:-1\" \/>\n<link rel=\"canonical\" href=\"https:\/\/tiketi.com\/fr-fr\/online-bus-tickets-from-lagos-to-calabar\/\" \/>\n<meta property=\"og:locale\" content=\"fr_FR\" \/>\n<meta property=\"og:type\" content=\"article\" \/>\n<meta property=\"og:title\" content=\"Bus from Lagos to Calabar Bus Tickets, Route, Schedule &amp; Fare\" \/>\n<meta property=\"og:description\" content=\"Looking for bus from\u00a0Lagos to Calabar online ticket booking app? Book cheap bus tickets from Lagos to Calabar online now\" \/>\n<meta property=\"og:url\" content=\"https:\/\/tiketi.com\/fr-fr\/online-bus-tickets-from-lagos-to-calabar\/\" \/>\n<meta property=\"og:site_name\" content=\"Tiketi.com\" \/>\n<meta property=\"article:publisher\" content=\"https:\/\/www.facebook.com\/TiketiCom\/\" \/>\n<meta property=\"article:modified_time\" content=\"2022-01-29T18:52:18+00:00\" \/>\n<meta property=\"og:image\" content=\"https:\/\/tiketi.com\/wp-content\/uploads\/2022\/01\/bus-ticket-online-booking.jpg\" \/>\n\t<meta property=\"og:image:width\" content=\"1200\" \/>\n\t<meta property=\"og:image:height\" content=\"206\" \/>\n\t<meta property=\"og:image:type\" content=\"image\/jpeg\" \/>\n<meta name=\"twitter:card\" content=\"summary_large_image\" \/>\n<meta name=\"twitter:label1\" content=\"Dur\u00e9e de lecture estim\u00e9e\" \/>\n\t<meta name=\"twitter:data1\" content=\"2 minutes\" \/>\n<script type=\"application\/ld+json\" class=\"yoast-schema-graph\">{\"@context\":\"https:\\\/\\\/schema.org\",\"@graph\":[{\"@type\":\"WebPage\",\"@id\":\"https:\\\/\\\/tiketi.com\\\/online-bus-tickets-from-lagos-to-calabar\\\/\",\"url\":\"https:\\\/\\\/tiketi.com\\\/online-bus-tickets-from-lagos-to-calabar\\\/\",\"name\":\"Bus from Lagos to Calabar Bus Tickets, Route, Schedule & Fare\",\"isPartOf\":{\"@id\":\"https:\\\/\\\/tiketi.com\\\/#website\"},\"primaryImageOfPage\":{\"@id\":\"https:\\\/\\\/tiketi.com\\\/online-bus-tickets-from-lagos-to-calabar\\\/#primaryimage\"},\"image\":{\"@id\":\"https:\\\/\\\/tiketi.com\\\/online-bus-tickets-from-lagos-to-calabar\\\/#primaryimage\"},\"thumbnailUrl\":\"https:\\\/\\\/tiketi.com\\\/wp-content\\\/uploads\\\/2022\\\/01\\\/bus-ticket-online-booking.jpg\",\"datePublished\":\"2022-01-19T11:54:53+00:00\",\"dateModified\":\"2022-01-29T18:52:18+00:00\",\"description\":\"Looking for bus from\u00a0Lagos to Calabar online ticket booking app? Book cheap bus tickets from Lagos to Calabar online now\",\"breadcrumb\":{\"@id\":\"https:\\\/\\\/tiketi.com\\\/online-bus-tickets-from-lagos-to-calabar\\\/#breadcrumb\"},\"inLanguage\":\"fr-FR\",\"potentialAction\":[{\"@type\":\"ReadAction\",\"target\":[\"https:\\\/\\\/tiketi.com\\\/online-bus-tickets-from-lagos-to-calabar\\\/\"]}]},{\"@type\":\"ImageObject\",\"inLanguage\":\"fr-FR\",\"@id\":\"https:\\\/\\\/tiketi.com\\\/online-bus-tickets-from-lagos-to-calabar\\\/#primaryimage\",\"url\":\"https:\\\/\\\/tiketi.com\\\/wp-content\\\/uploads\\\/2022\\\/01\\\/bus-ticket-online-booking.jpg\",\"contentUrl\":\"https:\\\/\\\/tiketi.com\\\/wp-content\\\/uploads\\\/2022\\\/01\\\/bus-ticket-online-booking.jpg\",\"width\":1200,\"height\":206,\"caption\":\"Online Bus Ticket Booking\"},{\"@type\":\"BreadcrumbList\",\"@id\":\"https:\\\/\\\/tiketi.com\\\/online-bus-tickets-from-lagos-to-calabar\\\/#breadcrumb\",\"itemListElement\":[{\"@type\":\"ListItem\",\"position\":1,\"name\":\"Home\",\"item\":\"https:\\\/\\\/tiketi.com\\\/\"},{\"@type\":\"ListItem\",\"position\":2,\"name\":\"Bus from Lagos to Calabar Bus Tickets, Route, Schedule &#038; Fare\"}]},{\"@type\":\"WebSite\",\"@id\":\"https:\\\/\\\/tiketi.com\\\/#website\",\"url\":\"https:\\\/\\\/tiketi.com\\\/\",\"name\":\"Flight & Bus Tickets, Tour Packages & Activitites - Tiketi.com\",\"description\":\"Flight &amp; Bus Tickets, Tours, Activitites\",\"publisher\":{\"@id\":\"https:\\\/\\\/tiketi.com\\\/#organization\"},\"potentialAction\":[{\"@type\":\"SearchAction\",\"target\":{\"@type\":\"EntryPoint\",\"urlTemplate\":\"https:\\\/\\\/tiketi.com\\\/?s={search_term_string}\"},\"query-input\":{\"@type\":\"PropertyValueSpecification\",\"valueRequired\":true,\"valueName\":\"search_term_string\"}}],\"inLanguage\":\"fr-FR\"},{\"@type\":\"Organization\",\"@id\":\"https:\\\/\\\/tiketi.com\\\/#organization\",\"name\":\"Tiketi.com\",\"alternateName\":\"Tiketi\",\"url\":\"https:\\\/\\\/tiketi.com\\\/\",\"logo\":{\"@type\":\"ImageObject\",\"inLanguage\":\"fr-FR\",\"@id\":\"https:\\\/\\\/tiketi.com\\\/#\\\/schema\\\/logo\\\/image\\\/\",\"url\":\"https:\\\/\\\/tiketi.com\\\/wp-content\\\/uploads\\\/2019\\\/05\\\/tiketi-logo-696.png\",\"contentUrl\":\"https:\\\/\\\/tiketi.com\\\/wp-content\\\/uploads\\\/2019\\\/05\\\/tiketi-logo-696.png\",\"width\":696,\"height\":696,\"caption\":\"Tiketi.com\"},\"image\":{\"@id\":\"https:\\\/\\\/tiketi.com\\\/#\\\/schema\\\/logo\\\/image\\\/\"},\"sameAs\":[\"https:\\\/\\\/www.facebook.com\\\/TiketiCom\\\/\"]}]}<\/script>\n<!-- \/ Yoast SEO plugin. -->","yoast_head_json":{"title":"Bus de Lagos \u00e0 Calabar Billets de bus, itin\u00e9raire, horaires et tarifs","description":"Vous cherchez une application de r\u00e9servation de billets en ligne de bus de Lagos \u00e0 Calabar ? R\u00e9servez en ligne maintenant des billets de bus \u00e0 bas prix de Lagos \u00e0 Calabar","robots":{"index":"index","follow":"follow","max-snippet":"max-snippet:-1","max-image-preview":"max-image-preview:large","max-video-preview":"max-video-preview:-1"},"canonical":"https:\/\/tiketi.com\/fr-fr\/online-bus-tickets-from-lagos-to-calabar\/","og_locale":"fr_FR","og_type":"article","og_title":"Bus from Lagos to Calabar Bus Tickets, Route, Schedule & Fare","og_description":"Looking for bus from\u00a0Lagos to Calabar online ticket booking app? Book cheap bus tickets from Lagos to Calabar online now","og_url":"https:\/\/tiketi.com\/fr-fr\/online-bus-tickets-from-lagos-to-calabar\/","og_site_name":"Tiketi.com","article_publisher":"https:\/\/www.facebook.com\/TiketiCom\/","article_modified_time":"2022-01-29T18:52:18+00:00","og_image":[{"width":1200,"height":206,"url":"https:\/\/tiketi.com\/wp-content\/uploads\/2022\/01\/bus-ticket-online-booking.jpg","type":"image\/jpeg"}],"twitter_card":"summary_large_image","twitter_misc":{"Dur\u00e9e de lecture estim\u00e9e":"2 minutes"},"schema":{"@context":"https:\/\/schema.org","@graph":[{"@type":"WebPage","@id":"https:\/\/tiketi.com\/online-bus-tickets-from-lagos-to-calabar\/","url":"https:\/\/tiketi.com\/online-bus-tickets-from-lagos-to-calabar\/","name":"Bus de Lagos \u00e0 Calabar Billets de bus, itin\u00e9raire, horaires et tarifs","isPartOf":{"@id":"https:\/\/tiketi.com\/#website"},"primaryImageOfPage":{"@id":"https:\/\/tiketi.com\/online-bus-tickets-from-lagos-to-calabar\/#primaryimage"},"image":{"@id":"https:\/\/tiketi.com\/online-bus-tickets-from-lagos-to-calabar\/#primaryimage"},"thumbnailUrl":"https:\/\/tiketi.com\/wp-content\/uploads\/2022\/01\/bus-ticket-online-booking.jpg","datePublished":"2022-01-19T11:54:53+00:00","dateModified":"2022-01-29T18:52:18+00:00","description":"Vous cherchez une application de r\u00e9servation de billets en ligne de bus de Lagos \u00e0 Calabar ? R\u00e9servez en ligne maintenant des billets de bus \u00e0 bas prix de Lagos \u00e0 Calabar","breadcrumb":{"@id":"https:\/\/tiketi.com\/online-bus-tickets-from-lagos-to-calabar\/#breadcrumb"},"inLanguage":"fr-FR","potentialAction":[{"@type":"ReadAction","target":["https:\/\/tiketi.com\/online-bus-tickets-from-lagos-to-calabar\/"]}]},{"@type":"ImageObject","inLanguage":"fr-FR","@id":"https:\/\/tiketi.com\/online-bus-tickets-from-lagos-to-calabar\/#primaryimage","url":"https:\/\/tiketi.com\/wp-content\/uploads\/2022\/01\/bus-ticket-online-booking.jpg","contentUrl":"https:\/\/tiketi.com\/wp-content\/uploads\/2022\/01\/bus-ticket-online-booking.jpg","width":1200,"height":206,"caption":"Online Bus Ticket Booking"},{"@type":"BreadcrumbList","@id":"https:\/\/tiketi.com\/online-bus-tickets-from-lagos-to-calabar\/#breadcrumb","itemListElement":[{"@type":"ListItem","position":1,"name":"Home","item":"https:\/\/tiketi.com\/"},{"@type":"ListItem","position":2,"name":"Bus from Lagos to Calabar Bus Tickets, Route, Schedule &#038; Fare"}]},{"@type":"WebSite","@id":"https:\/\/tiketi.com\/#website","url":"https:\/\/tiketi.com\/","name":"Billets d&#039;avion et de bus, forfaits touristiques et activit\u00e9s - Tiketi.com","description":"Billets d&#039;avion et de bus, Tours, Activit\u00e9s","publisher":{"@id":"https:\/\/tiketi.com\/#organization"},"potentialAction":[{"@type":"SearchAction","target":{"@type":"EntryPoint","urlTemplate":"https:\/\/tiketi.com\/?s={search_term_string}"},"query-input":{"@type":"PropertyValueSpecification","valueRequired":true,"valueName":"search_term_string"}}],"inLanguage":"fr-FR"},{"@type":"Organization","@id":"https:\/\/tiketi.com\/#organization","name":"Tiketi.com","alternateName":"Tiketi","url":"https:\/\/tiketi.com\/","logo":{"@type":"ImageObject","inLanguage":"fr-FR","@id":"https:\/\/tiketi.com\/#\/schema\/logo\/image\/","url":"https:\/\/tiketi.com\/wp-content\/uploads\/2019\/05\/tiketi-logo-696.png","contentUrl":"https:\/\/tiketi.com\/wp-content\/uploads\/2019\/05\/tiketi-logo-696.png","width":696,"height":696,"caption":"Tiketi.com"},"image":{"@id":"https:\/\/tiketi.com\/#\/schema\/logo\/image\/"},"sameAs":["https:\/\/www.facebook.com\/TiketiCom\/"]}]}},"_links":{"self":[{"href":"https:\/\/tiketi.com\/fr-fr\/wp-json\/wp\/v2\/pages\/11558","targetHints":{"allow":["GET"]}}],"collection":[{"href":"https:\/\/tiketi.com\/fr-fr\/wp-json\/wp\/v2\/pages"}],"about":[{"href":"https:\/\/tiketi.com\/fr-fr\/wp-json\/wp\/v2\/types\/page"}],"author":[{"embeddable":true,"href":"https:\/\/tiketi.com\/fr-fr\/wp-json\/wp\/v2\/users\/1"}],"replies":[{"embeddable":true,"href":"https:\/\/tiketi.com\/fr-fr\/wp-json\/wp\/v2\/comments?post=11558"}],"version-history":[{"count":0,"href":"https:\/\/tiketi.com\/fr-fr\/wp-json\/wp\/v2\/pages\/11558\/revisions"}],"wp:featuredmedia":[{"embeddable":true,"href":"https:\/\/tiketi.com\/fr-fr\/wp-json\/wp\/v2\/media\/13999"}],"wp:attachment":[{"href":"https:\/\/tiketi.com\/fr-fr\/wp-json\/wp\/v2\/media?parent=11558"}],"curies":[{"name":"wp","href":"https:\/\/api.w.org\/{rel}","templated":true}]}}