{"id":11559,"date":"2022-01-19T12:54:53","date_gmt":"2022-01-19T11:54:53","guid":{"rendered":"https:\/\/new.tiketi.com\/bus-from-lagos-to-bauchi-bus-tickets-route-schedule-fare\/"},"modified":"2022-01-29T19:46:12","modified_gmt":"2022-01-29T18:46:12","slug":"online-bus-tickets-from-lagos-to-bauchi","status":"publish","type":"page","link":"https:\/\/tiketi.com\/fr-fr\/online-bus-tickets-from-lagos-to-bauchi\/","title":{"rendered":"Bus de Lagos \u00e0 Bauchi Billets de bus, itin\u00e9raire, horaires et tarifs"},"content":{"rendered":"<h2>Billets de bus pas chers de Lagos \u00e0 Bauchi : r\u00e9servation en ligne<\/h2>\n<h3>D\u00e9couvrez votre itin\u00e9raire de voyage sur le Web, votre mobile ou votre application et r\u00e9servez d\u00e8s maintenant en ligne un billet de bus pas cher de Lagos \u00e0 Bauchi.<\/h3>\n<p>Comparez et r\u00e9servez les meilleures offres de bus pas chers en ligne de Lagos \u00e0 Bauchi. Voyagez Lagos \u00e0 Bauchi par la route. Bauchi, la capitale de l&#039;\u00c9tat de Bauchi, se trouve au nord du Nig\u00e9ria, \u00e0 l&#039;extr\u00e9mit\u00e9 nord du plateau de Jos, \u00e0 une altitude de 616 m\u00e8tres au-dessus du niveau de la mer, aujourd&#039;hui c\u00e9l\u00e8bre car Bauchi \u00e9tait jusqu&#039;en 1976 une province de l&#039;\u00c9tat du nord-est de Nigeria. La ville occupe une superficie totale de 49 119 km, ce qui repr\u00e9sente environ 5,3 pour cent de la superficie totale du Nigeria. La religion Bauchi est en grande partie l\u2019Islam. Quoi qu&#039;il en soit, la Constitution garantit la libert\u00e9 de religion. La meilleure p\u00e9riode pour voyager \u00e0 Bauchi est le mois de juin car il ne fait ni trop froid ni trop chaud, le climat est remarquable pour voyager et ne serait pas affect\u00e9 par le mauvais temps. Vous pouvez visiter Bauchi en r\u00e9servant d\u00e8s maintenant en ligne un bus pas cher de Lagos \u00e0 Bauchi. Voici le guide sur la fa\u00e7on dont vous pouvez visiter Lagos \u00e0 Bauchi en bus\u00a0:<\/p>\n<h2>Bus de Lagos \u00e0 Bauchi Billets de bus, itin\u00e9raires, horaires et tarifs - FAQ<\/h2>\n<h3>Quel est le moyen le moins cher pour se rendre de Lagos \u00e0 Bauchi ?<\/h3>\n<p>Le moyen le moins cher de se rendre de Lagos \u00e0 Bauchi qui co\u00fbte $20 \u00e0 $50 et prend 18h 50m.<\/p>\n<h3>Quelle est la distance de bus \u00e0 Lagos \u00e0 Bauchi?<\/h3>\n<p>La distance de voyage de Lagos \u00e0 Bauchi en bus est de 829 km. La distance routi\u00e8re est de 1085 km.<\/p>\n<h3>Comment puis-je me d\u00e9placer de Lagos \u00e0 Bauchi sans v\u00e9hicule personnel ?<\/h3>\n<p>Le meilleur moyen de se rendre \u00e0 Bauchi sans v\u00e9hicule personnel est de prendre un train et un bus de Lagos \u00e0 Bauchi, ce qui dure 26h 50 min, et un tarif de bus de Lagos \u00e0 Bauchi, service de bus op\u00e9r\u00e9 par Chisco Transport ou ABC Transport.<\/p>\n<h3>Combien de temps faut-il pour se rendre entre Bauchi et Lagos ?<\/h3>\n<p>Il faut environ 4h 50m pour se rendre de Lagos \u00e0 Bauchi, en ajoutant les transferts.<\/p>\n<h3>Puis-je conduire de Lagos \u00e0 Bauchi ?<\/h3>\n<p>Oui, la distance entre Bauchi et Lagos est de 1080 km. Il faut environ 14h 50m pour conduire de Lagos \u00e0 Bauchi.<\/p>\n<h2>Conseils pour les billets de bus de Lagos \u00e0 Bauchi<\/h2>\n<p>La plupart des d\u00e9placements dans la ville sont effectu\u00e9s par des taxis et des taxis qui sont accessibles pour emmener les passagers vers les principaux points de la ville.<\/p>","protected":false},"excerpt":{"rendered":"<p>Cheap Bus Tickets from Lagos to Bauchi Online Booking Discover your travel route on web, mobile or app and book cheap bus ticket from Lagos to Bauchi online now. Compare and book the best deals on cheap bus from Lagos to Bauchi bus tickets online and travel Lagos to Bauchi by road. Bauchi, the Bauchi [&hellip;]<\/p>\n","protected":false},"author":1,"featured_media":13999,"parent":0,"menu_order":0,"comment_status":"open","ping_status":"closed","template":"template-home-modern.php","meta":{"footnotes":""},"class_list":["post-11559","page","type-page","status-publish","has-post-thumbnail","hentry"],"yoast_head":"<!-- This site is optimized with the Yoast SEO plugin v27.3 - https:\/\/yoast.com\/product\/yoast-seo-wordpress\/ -->\n<title>Bus from Lagos to Bauchi Bus Tickets, Route, Schedule &amp; Fare<\/title>\n<meta name=\"description\" content=\"Looking for bus from\u00a0Lagos to Bauchi bus tickets booking app, routes, schedules &amp; fares? Book cheap bus tickets from Lagos to Bauchi online\" \/>\n<meta name=\"robots\" content=\"index, follow, max-snippet:-1, max-image-preview:large, max-video-preview:-1\" \/>\n<link rel=\"canonical\" href=\"https:\/\/tiketi.com\/fr-fr\/online-bus-tickets-from-lagos-to-bauchi\/\" \/>\n<meta property=\"og:locale\" content=\"fr_FR\" \/>\n<meta property=\"og:type\" content=\"article\" \/>\n<meta property=\"og:title\" content=\"Bus from Lagos to Bauchi Bus Tickets, Route, Schedule &amp; Fare\" \/>\n<meta property=\"og:description\" content=\"Looking for bus from\u00a0Lagos to Bauchi bus tickets booking app, routes, schedules &amp; fares? Book cheap bus tickets from Lagos to Bauchi online\" \/>\n<meta property=\"og:url\" content=\"https:\/\/tiketi.com\/fr-fr\/online-bus-tickets-from-lagos-to-bauchi\/\" \/>\n<meta property=\"og:site_name\" content=\"Tiketi.com\" \/>\n<meta property=\"article:publisher\" content=\"https:\/\/www.facebook.com\/TiketiCom\/\" \/>\n<meta property=\"article:modified_time\" content=\"2022-01-29T18:46:12+00:00\" \/>\n<meta property=\"og:image\" content=\"https:\/\/tiketi.com\/wp-content\/uploads\/2022\/01\/bus-ticket-online-booking.jpg\" \/>\n\t<meta property=\"og:image:width\" content=\"1200\" \/>\n\t<meta property=\"og:image:height\" content=\"206\" \/>\n\t<meta property=\"og:image:type\" content=\"image\/jpeg\" \/>\n<meta name=\"twitter:card\" content=\"summary_large_image\" \/>\n<meta name=\"twitter:label1\" content=\"Dur\u00e9e de lecture estim\u00e9e\" \/>\n\t<meta name=\"twitter:data1\" content=\"2 minutes\" \/>\n<script type=\"application\/ld+json\" class=\"yoast-schema-graph\">{\"@context\":\"https:\\\/\\\/schema.org\",\"@graph\":[{\"@type\":\"WebPage\",\"@id\":\"https:\\\/\\\/tiketi.com\\\/online-bus-tickets-from-lagos-to-bauchi\\\/\",\"url\":\"https:\\\/\\\/tiketi.com\\\/online-bus-tickets-from-lagos-to-bauchi\\\/\",\"name\":\"Bus from Lagos to Bauchi Bus Tickets, Route, Schedule & Fare\",\"isPartOf\":{\"@id\":\"https:\\\/\\\/tiketi.com\\\/#website\"},\"primaryImageOfPage\":{\"@id\":\"https:\\\/\\\/tiketi.com\\\/online-bus-tickets-from-lagos-to-bauchi\\\/#primaryimage\"},\"image\":{\"@id\":\"https:\\\/\\\/tiketi.com\\\/online-bus-tickets-from-lagos-to-bauchi\\\/#primaryimage\"},\"thumbnailUrl\":\"https:\\\/\\\/tiketi.com\\\/wp-content\\\/uploads\\\/2022\\\/01\\\/bus-ticket-online-booking.jpg\",\"datePublished\":\"2022-01-19T11:54:53+00:00\",\"dateModified\":\"2022-01-29T18:46:12+00:00\",\"description\":\"Looking for bus from\u00a0Lagos to Bauchi bus tickets booking app, routes, schedules & fares? Book cheap bus tickets from Lagos to Bauchi online\",\"breadcrumb\":{\"@id\":\"https:\\\/\\\/tiketi.com\\\/online-bus-tickets-from-lagos-to-bauchi\\\/#breadcrumb\"},\"inLanguage\":\"fr-FR\",\"potentialAction\":[{\"@type\":\"ReadAction\",\"target\":[\"https:\\\/\\\/tiketi.com\\\/online-bus-tickets-from-lagos-to-bauchi\\\/\"]}]},{\"@type\":\"ImageObject\",\"inLanguage\":\"fr-FR\",\"@id\":\"https:\\\/\\\/tiketi.com\\\/online-bus-tickets-from-lagos-to-bauchi\\\/#primaryimage\",\"url\":\"https:\\\/\\\/tiketi.com\\\/wp-content\\\/uploads\\\/2022\\\/01\\\/bus-ticket-online-booking.jpg\",\"contentUrl\":\"https:\\\/\\\/tiketi.com\\\/wp-content\\\/uploads\\\/2022\\\/01\\\/bus-ticket-online-booking.jpg\",\"width\":1200,\"height\":206,\"caption\":\"Online Bus Ticket Booking\"},{\"@type\":\"BreadcrumbList\",\"@id\":\"https:\\\/\\\/tiketi.com\\\/online-bus-tickets-from-lagos-to-bauchi\\\/#breadcrumb\",\"itemListElement\":[{\"@type\":\"ListItem\",\"position\":1,\"name\":\"Home\",\"item\":\"https:\\\/\\\/tiketi.com\\\/\"},{\"@type\":\"ListItem\",\"position\":2,\"name\":\"Bus from Lagos to Bauchi Bus Tickets, Route, Schedule &#038; Fare\"}]},{\"@type\":\"WebSite\",\"@id\":\"https:\\\/\\\/tiketi.com\\\/#website\",\"url\":\"https:\\\/\\\/tiketi.com\\\/\",\"name\":\"Flight & Bus Tickets, Tour Packages & Activitites - Tiketi.com\",\"description\":\"Flight &amp; Bus Tickets, Tours, Activitites\",\"publisher\":{\"@id\":\"https:\\\/\\\/tiketi.com\\\/#organization\"},\"potentialAction\":[{\"@type\":\"SearchAction\",\"target\":{\"@type\":\"EntryPoint\",\"urlTemplate\":\"https:\\\/\\\/tiketi.com\\\/?s={search_term_string}\"},\"query-input\":{\"@type\":\"PropertyValueSpecification\",\"valueRequired\":true,\"valueName\":\"search_term_string\"}}],\"inLanguage\":\"fr-FR\"},{\"@type\":\"Organization\",\"@id\":\"https:\\\/\\\/tiketi.com\\\/#organization\",\"name\":\"Tiketi.com\",\"alternateName\":\"Tiketi\",\"url\":\"https:\\\/\\\/tiketi.com\\\/\",\"logo\":{\"@type\":\"ImageObject\",\"inLanguage\":\"fr-FR\",\"@id\":\"https:\\\/\\\/tiketi.com\\\/#\\\/schema\\\/logo\\\/image\\\/\",\"url\":\"https:\\\/\\\/tiketi.com\\\/wp-content\\\/uploads\\\/2019\\\/05\\\/tiketi-logo-696.png\",\"contentUrl\":\"https:\\\/\\\/tiketi.com\\\/wp-content\\\/uploads\\\/2019\\\/05\\\/tiketi-logo-696.png\",\"width\":696,\"height\":696,\"caption\":\"Tiketi.com\"},\"image\":{\"@id\":\"https:\\\/\\\/tiketi.com\\\/#\\\/schema\\\/logo\\\/image\\\/\"},\"sameAs\":[\"https:\\\/\\\/www.facebook.com\\\/TiketiCom\\\/\"]}]}<\/script>\n<!-- \/ Yoast SEO plugin. -->","yoast_head_json":{"title":"Bus de Lagos \u00e0 Bauchi Billets de bus, itin\u00e9raire, horaires et tarifs","description":"Vous recherchez des applications de r\u00e9servation de billets de bus de Lagos \u00e0 Bauchi, des itin\u00e9raires, des horaires et des tarifs ? R\u00e9servez vos billets de bus pas chers de Lagos \u00e0 Bauchi en ligne","robots":{"index":"index","follow":"follow","max-snippet":"max-snippet:-1","max-image-preview":"max-image-preview:large","max-video-preview":"max-video-preview:-1"},"canonical":"https:\/\/tiketi.com\/fr-fr\/online-bus-tickets-from-lagos-to-bauchi\/","og_locale":"fr_FR","og_type":"article","og_title":"Bus from Lagos to Bauchi Bus Tickets, Route, Schedule & Fare","og_description":"Looking for bus from\u00a0Lagos to Bauchi bus tickets booking app, routes, schedules & fares? Book cheap bus tickets from Lagos to Bauchi online","og_url":"https:\/\/tiketi.com\/fr-fr\/online-bus-tickets-from-lagos-to-bauchi\/","og_site_name":"Tiketi.com","article_publisher":"https:\/\/www.facebook.com\/TiketiCom\/","article_modified_time":"2022-01-29T18:46:12+00:00","og_image":[{"width":1200,"height":206,"url":"https:\/\/tiketi.com\/wp-content\/uploads\/2022\/01\/bus-ticket-online-booking.jpg","type":"image\/jpeg"}],"twitter_card":"summary_large_image","twitter_misc":{"Dur\u00e9e de lecture estim\u00e9e":"2 minutes"},"schema":{"@context":"https:\/\/schema.org","@graph":[{"@type":"WebPage","@id":"https:\/\/tiketi.com\/online-bus-tickets-from-lagos-to-bauchi\/","url":"https:\/\/tiketi.com\/online-bus-tickets-from-lagos-to-bauchi\/","name":"Bus de Lagos \u00e0 Bauchi Billets de bus, itin\u00e9raire, horaires et tarifs","isPartOf":{"@id":"https:\/\/tiketi.com\/#website"},"primaryImageOfPage":{"@id":"https:\/\/tiketi.com\/online-bus-tickets-from-lagos-to-bauchi\/#primaryimage"},"image":{"@id":"https:\/\/tiketi.com\/online-bus-tickets-from-lagos-to-bauchi\/#primaryimage"},"thumbnailUrl":"https:\/\/tiketi.com\/wp-content\/uploads\/2022\/01\/bus-ticket-online-booking.jpg","datePublished":"2022-01-19T11:54:53+00:00","dateModified":"2022-01-29T18:46:12+00:00","description":"Vous recherchez des applications de r\u00e9servation de billets de bus de Lagos \u00e0 Bauchi, des itin\u00e9raires, des horaires et des tarifs ? R\u00e9servez vos billets de bus pas chers de Lagos \u00e0 Bauchi en ligne","breadcrumb":{"@id":"https:\/\/tiketi.com\/online-bus-tickets-from-lagos-to-bauchi\/#breadcrumb"},"inLanguage":"fr-FR","potentialAction":[{"@type":"ReadAction","target":["https:\/\/tiketi.com\/online-bus-tickets-from-lagos-to-bauchi\/"]}]},{"@type":"ImageObject","inLanguage":"fr-FR","@id":"https:\/\/tiketi.com\/online-bus-tickets-from-lagos-to-bauchi\/#primaryimage","url":"https:\/\/tiketi.com\/wp-content\/uploads\/2022\/01\/bus-ticket-online-booking.jpg","contentUrl":"https:\/\/tiketi.com\/wp-content\/uploads\/2022\/01\/bus-ticket-online-booking.jpg","width":1200,"height":206,"caption":"Online Bus Ticket Booking"},{"@type":"BreadcrumbList","@id":"https:\/\/tiketi.com\/online-bus-tickets-from-lagos-to-bauchi\/#breadcrumb","itemListElement":[{"@type":"ListItem","position":1,"name":"Home","item":"https:\/\/tiketi.com\/"},{"@type":"ListItem","position":2,"name":"Bus from Lagos to Bauchi Bus Tickets, Route, Schedule &#038; Fare"}]},{"@type":"WebSite","@id":"https:\/\/tiketi.com\/#website","url":"https:\/\/tiketi.com\/","name":"Billets d&#039;avion et de bus, forfaits touristiques et activit\u00e9s - Tiketi.com","description":"Billets d&#039;avion et de bus, Tours, Activit\u00e9s","publisher":{"@id":"https:\/\/tiketi.com\/#organization"},"potentialAction":[{"@type":"SearchAction","target":{"@type":"EntryPoint","urlTemplate":"https:\/\/tiketi.com\/?s={search_term_string}"},"query-input":{"@type":"PropertyValueSpecification","valueRequired":true,"valueName":"search_term_string"}}],"inLanguage":"fr-FR"},{"@type":"Organization","@id":"https:\/\/tiketi.com\/#organization","name":"Tiketi.com","alternateName":"Tiketi","url":"https:\/\/tiketi.com\/","logo":{"@type":"ImageObject","inLanguage":"fr-FR","@id":"https:\/\/tiketi.com\/#\/schema\/logo\/image\/","url":"https:\/\/tiketi.com\/wp-content\/uploads\/2019\/05\/tiketi-logo-696.png","contentUrl":"https:\/\/tiketi.com\/wp-content\/uploads\/2019\/05\/tiketi-logo-696.png","width":696,"height":696,"caption":"Tiketi.com"},"image":{"@id":"https:\/\/tiketi.com\/#\/schema\/logo\/image\/"},"sameAs":["https:\/\/www.facebook.com\/TiketiCom\/"]}]}},"_links":{"self":[{"href":"https:\/\/tiketi.com\/fr-fr\/wp-json\/wp\/v2\/pages\/11559","targetHints":{"allow":["GET"]}}],"collection":[{"href":"https:\/\/tiketi.com\/fr-fr\/wp-json\/wp\/v2\/pages"}],"about":[{"href":"https:\/\/tiketi.com\/fr-fr\/wp-json\/wp\/v2\/types\/page"}],"author":[{"embeddable":true,"href":"https:\/\/tiketi.com\/fr-fr\/wp-json\/wp\/v2\/users\/1"}],"replies":[{"embeddable":true,"href":"https:\/\/tiketi.com\/fr-fr\/wp-json\/wp\/v2\/comments?post=11559"}],"version-history":[{"count":0,"href":"https:\/\/tiketi.com\/fr-fr\/wp-json\/wp\/v2\/pages\/11559\/revisions"}],"wp:featuredmedia":[{"embeddable":true,"href":"https:\/\/tiketi.com\/fr-fr\/wp-json\/wp\/v2\/media\/13999"}],"wp:attachment":[{"href":"https:\/\/tiketi.com\/fr-fr\/wp-json\/wp\/v2\/media?parent=11559"}],"curies":[{"name":"wp","href":"https:\/\/api.w.org\/{rel}","templated":true}]}}