{"id":11561,"date":"2022-01-19T12:54:53","date_gmt":"2022-01-19T11:54:53","guid":{"rendered":"https:\/\/new.tiketi.com\/bus-from-lagos-to-abeokuta-bus-tickets-route-schedule-fare\/"},"modified":"2022-01-29T19:37:29","modified_gmt":"2022-01-29T18:37:29","slug":"online-bus-tickets-from-lagos-abeokuta","status":"publish","type":"page","link":"https:\/\/tiketi.com\/fr-fr\/online-bus-tickets-from-lagos-abeokuta\/","title":{"rendered":"Bus de Lagos \u00e0 Abeokuta Billets de bus, itin\u00e9raire, horaires et tarifs"},"content":{"rendered":"<h2>Billets de bus pas chers de Lagos \u00e0 Abeokuta : r\u00e9servation en ligne<\/h2>\n<h3>D\u00e9couvrez votre itin\u00e9raire de voyage sur le Web, votre mobile ou votre application et r\u00e9servez d\u00e8s maintenant un billet de bus pas cher de Lagos \u00e0 Abeokuta.<\/h3>\n<p>Comparez et r\u00e9servez les meilleures offres de bus pas chers en ligne de Lagos \u00e0 Abeokuta. Voyagez de Lagos \u00e0 Abeokuta par la route. Abeokuta est un endroit merveilleux, adoss\u00e9 au grand rocher Olumo. D&#039;immenses demeures cubaines et br\u00e9siliennes, mais en d\u00e9sordre, construites par des esclaves rapatri\u00e9s c\u00f4toient des cabanes g\u00e9n\u00e9rales avec des panneaux peints \u00e0 la main, des \u00e9glises et des mosqu\u00e9es historiques et la masse arrondie des rochers, cr\u00e9ant un paysage de rue inoubliable. Il existe de nombreux lieux et exp\u00e9riences qui valent la peine d&#039;\u00eatre explor\u00e9s, qui cr\u00e9ent des souvenirs et des s\u00e9ances de photos incroyables, tout en offrant l&#039;occasion d&#039;en apprendre davantage sur cette ville historique. Voici le guide sur la visite du bus Lagos \u00e0 Abeokuta :<\/p>\n<h2>Bus de Lagos \u00e0 Abeokuta Billets de bus, itin\u00e9raires, horaires et tarifs FAQ<\/h2>\n<h3>Quel est le moyen le moins cher pour se rendre de Lagos \u00e0 Abeokuta ?<\/h3>\n<p>Le moyen le moins cher de se rendre de Lagos \u00e0 Abeokuta qui co\u00fbte $30 \u2013 $40 et prend 1h 20m.<\/p>\n<h3>Quel est le moyen le plus rapide pour se rendre de Lagos \u00e0 Abeokuta ?<\/h3>\n<p>Le moyen le plus rapide pour se rendre de Lagos \u00e0 Abeokuta bus et taxi ce qui co\u00fbte $30 \u2013 $40 et prend 1h 20m.<\/p>\n<h3>Quelle est la distance entre Lagos et Abeokuta en bus?<\/h3>\n<p>La distance de voyage entre Abeokuta et Lagos est de 78 km.<\/p>\n<h3>Comment puis-je me d\u00e9placer de Lagos \u00e0 Abeokuta sans v\u00e9hicule personnel ?<\/h3>\n<p>Le meilleur moyen de se rendre de Lagos \u00e0 Abeokuta sans v\u00e9hicule personnel est de r\u00e9server des billets de bus bon march\u00e9 de Lagos \u00e0 Abeokuta, ce qui dure 1h 20m, et de Lagos \u00e0 Abeokuta au tarif de bus $30 \u2013 $40, service de bus exploit\u00e9 par Chisco Transport ou ABC Transport.<\/p>\n<h3>Puis-je conduire de Lagos \u00e0 Abeokuta ?<\/h3>\n<p>Oui, la distance entre Abeokuta et Lagos est de 110km. Il faut environ 1h 20m pour conduire de Lagos \u00e0 Abeokuta.<\/p>\n<h2>Conseils pour les billets de bus de Lagos \u00e0 Abeokuta<\/h2>\n<p>Vous pouvez faire une s\u00e9lection parmi une large gamme d&#039;options de collations dans l&#039;un des 3 parcs de la ville, de la viande grill\u00e9e aux boissons et au Gala. Il y a des toilettes publiques accessibles dans chaque parc, mais je pr\u00e9f\u00e8re quitter la maison avec la vessie vide et manger avec parcimonie tout au long du trajet plut\u00f4t que d&#039;utiliser les toilettes publiques propos\u00e9es.<\/p>","protected":false},"excerpt":{"rendered":"<p>Cheap Bus Tickets from Lagos to Abeokuta\u00a0Online Booking Discover your travel route on web, mobile or app and book cheap bus ticket from Lagos to Abeokuta now. Compare and book the best deals on cheap bus from Lagos to Abeokuta bus tickets online and travel Lagos to Abeokuta by road. Abeokuta is a wonderful place, [&hellip;]<\/p>\n","protected":false},"author":1,"featured_media":13999,"parent":0,"menu_order":0,"comment_status":"open","ping_status":"closed","template":"template-home-modern.php","meta":{"footnotes":""},"class_list":["post-11561","page","type-page","status-publish","has-post-thumbnail","hentry"],"yoast_head":"<!-- This site is optimized with the Yoast SEO plugin v27.3 - https:\/\/yoast.com\/product\/yoast-seo-wordpress\/ -->\n<title>Bus from Lagos to Abeokuta Bus Tickets, Route, Schedule &amp; Fare<\/title>\n<meta name=\"description\" content=\"Looking for bus from\u00a0Lagos to Abeokuta bus ticket booking app, route, schedule &amp; fare? Book cheap bus tickets from Lagos to Abeokuta online\" \/>\n<meta name=\"robots\" content=\"index, follow, max-snippet:-1, max-image-preview:large, max-video-preview:-1\" \/>\n<link rel=\"canonical\" href=\"https:\/\/tiketi.com\/fr-fr\/online-bus-tickets-from-lagos-abeokuta\/\" \/>\n<meta property=\"og:locale\" content=\"fr_FR\" \/>\n<meta property=\"og:type\" content=\"article\" \/>\n<meta property=\"og:title\" content=\"Bus from Lagos to Abeokuta Bus Tickets, Route, Schedule &amp; Fare\" \/>\n<meta property=\"og:description\" content=\"Looking for bus from\u00a0Lagos to Abeokuta bus ticket booking app, route, schedule &amp; fare? Book cheap bus tickets from Lagos to Abeokuta online\" \/>\n<meta property=\"og:url\" content=\"https:\/\/tiketi.com\/fr-fr\/online-bus-tickets-from-lagos-abeokuta\/\" \/>\n<meta property=\"og:site_name\" content=\"Tiketi.com\" \/>\n<meta property=\"article:publisher\" content=\"https:\/\/www.facebook.com\/TiketiCom\/\" \/>\n<meta property=\"article:modified_time\" content=\"2022-01-29T18:37:29+00:00\" \/>\n<meta property=\"og:image\" content=\"https:\/\/tiketi.com\/wp-content\/uploads\/2022\/01\/bus-ticket-online-booking.jpg\" \/>\n\t<meta property=\"og:image:width\" content=\"1200\" \/>\n\t<meta property=\"og:image:height\" content=\"206\" \/>\n\t<meta property=\"og:image:type\" content=\"image\/jpeg\" \/>\n<meta name=\"twitter:card\" content=\"summary_large_image\" \/>\n<meta name=\"twitter:label1\" content=\"Dur\u00e9e de lecture estim\u00e9e\" \/>\n\t<meta name=\"twitter:data1\" content=\"2 minutes\" \/>\n<script type=\"application\/ld+json\" class=\"yoast-schema-graph\">{\"@context\":\"https:\\\/\\\/schema.org\",\"@graph\":[{\"@type\":\"WebPage\",\"@id\":\"https:\\\/\\\/tiketi.com\\\/online-bus-tickets-from-lagos-abeokuta\\\/\",\"url\":\"https:\\\/\\\/tiketi.com\\\/online-bus-tickets-from-lagos-abeokuta\\\/\",\"name\":\"Bus from Lagos to Abeokuta Bus Tickets, Route, Schedule & Fare\",\"isPartOf\":{\"@id\":\"https:\\\/\\\/tiketi.com\\\/#website\"},\"primaryImageOfPage\":{\"@id\":\"https:\\\/\\\/tiketi.com\\\/online-bus-tickets-from-lagos-abeokuta\\\/#primaryimage\"},\"image\":{\"@id\":\"https:\\\/\\\/tiketi.com\\\/online-bus-tickets-from-lagos-abeokuta\\\/#primaryimage\"},\"thumbnailUrl\":\"https:\\\/\\\/tiketi.com\\\/wp-content\\\/uploads\\\/2022\\\/01\\\/bus-ticket-online-booking.jpg\",\"datePublished\":\"2022-01-19T11:54:53+00:00\",\"dateModified\":\"2022-01-29T18:37:29+00:00\",\"description\":\"Looking for bus from\u00a0Lagos to Abeokuta bus ticket booking app, route, schedule & fare? Book cheap bus tickets from Lagos to Abeokuta online\",\"breadcrumb\":{\"@id\":\"https:\\\/\\\/tiketi.com\\\/online-bus-tickets-from-lagos-abeokuta\\\/#breadcrumb\"},\"inLanguage\":\"fr-FR\",\"potentialAction\":[{\"@type\":\"ReadAction\",\"target\":[\"https:\\\/\\\/tiketi.com\\\/online-bus-tickets-from-lagos-abeokuta\\\/\"]}]},{\"@type\":\"ImageObject\",\"inLanguage\":\"fr-FR\",\"@id\":\"https:\\\/\\\/tiketi.com\\\/online-bus-tickets-from-lagos-abeokuta\\\/#primaryimage\",\"url\":\"https:\\\/\\\/tiketi.com\\\/wp-content\\\/uploads\\\/2022\\\/01\\\/bus-ticket-online-booking.jpg\",\"contentUrl\":\"https:\\\/\\\/tiketi.com\\\/wp-content\\\/uploads\\\/2022\\\/01\\\/bus-ticket-online-booking.jpg\",\"width\":1200,\"height\":206,\"caption\":\"Online Bus Ticket Booking\"},{\"@type\":\"BreadcrumbList\",\"@id\":\"https:\\\/\\\/tiketi.com\\\/online-bus-tickets-from-lagos-abeokuta\\\/#breadcrumb\",\"itemListElement\":[{\"@type\":\"ListItem\",\"position\":1,\"name\":\"Home\",\"item\":\"https:\\\/\\\/tiketi.com\\\/\"},{\"@type\":\"ListItem\",\"position\":2,\"name\":\"Bus from Lagos to Abeokuta Bus Tickets, Route, Schedule &#038; Fare\"}]},{\"@type\":\"WebSite\",\"@id\":\"https:\\\/\\\/tiketi.com\\\/#website\",\"url\":\"https:\\\/\\\/tiketi.com\\\/\",\"name\":\"Flight & Bus Tickets, Tour Packages & Activitites - Tiketi.com\",\"description\":\"Flight &amp; Bus Tickets, Tours, Activitites\",\"publisher\":{\"@id\":\"https:\\\/\\\/tiketi.com\\\/#organization\"},\"potentialAction\":[{\"@type\":\"SearchAction\",\"target\":{\"@type\":\"EntryPoint\",\"urlTemplate\":\"https:\\\/\\\/tiketi.com\\\/?s={search_term_string}\"},\"query-input\":{\"@type\":\"PropertyValueSpecification\",\"valueRequired\":true,\"valueName\":\"search_term_string\"}}],\"inLanguage\":\"fr-FR\"},{\"@type\":\"Organization\",\"@id\":\"https:\\\/\\\/tiketi.com\\\/#organization\",\"name\":\"Tiketi.com\",\"alternateName\":\"Tiketi\",\"url\":\"https:\\\/\\\/tiketi.com\\\/\",\"logo\":{\"@type\":\"ImageObject\",\"inLanguage\":\"fr-FR\",\"@id\":\"https:\\\/\\\/tiketi.com\\\/#\\\/schema\\\/logo\\\/image\\\/\",\"url\":\"https:\\\/\\\/tiketi.com\\\/wp-content\\\/uploads\\\/2019\\\/05\\\/tiketi-logo-696.png\",\"contentUrl\":\"https:\\\/\\\/tiketi.com\\\/wp-content\\\/uploads\\\/2019\\\/05\\\/tiketi-logo-696.png\",\"width\":696,\"height\":696,\"caption\":\"Tiketi.com\"},\"image\":{\"@id\":\"https:\\\/\\\/tiketi.com\\\/#\\\/schema\\\/logo\\\/image\\\/\"},\"sameAs\":[\"https:\\\/\\\/www.facebook.com\\\/TiketiCom\\\/\"]}]}<\/script>\n<!-- \/ Yoast SEO plugin. -->","yoast_head_json":{"title":"Bus de Lagos \u00e0 Abeokuta Billets de bus, itin\u00e9raire, horaires et tarifs","description":"Vous recherchez un bus de Lagos \u00e0 Abeokuta, une application de r\u00e9servation de billets de bus, un itin\u00e9raire, des horaires et des tarifs ? R\u00e9servez vos billets de bus pas chers de Lagos \u00e0 Abeokuta en ligne","robots":{"index":"index","follow":"follow","max-snippet":"max-snippet:-1","max-image-preview":"max-image-preview:large","max-video-preview":"max-video-preview:-1"},"canonical":"https:\/\/tiketi.com\/fr-fr\/online-bus-tickets-from-lagos-abeokuta\/","og_locale":"fr_FR","og_type":"article","og_title":"Bus from Lagos to Abeokuta Bus Tickets, Route, Schedule & Fare","og_description":"Looking for bus from\u00a0Lagos to Abeokuta bus ticket booking app, route, schedule & fare? Book cheap bus tickets from Lagos to Abeokuta online","og_url":"https:\/\/tiketi.com\/fr-fr\/online-bus-tickets-from-lagos-abeokuta\/","og_site_name":"Tiketi.com","article_publisher":"https:\/\/www.facebook.com\/TiketiCom\/","article_modified_time":"2022-01-29T18:37:29+00:00","og_image":[{"width":1200,"height":206,"url":"https:\/\/tiketi.com\/wp-content\/uploads\/2022\/01\/bus-ticket-online-booking.jpg","type":"image\/jpeg"}],"twitter_card":"summary_large_image","twitter_misc":{"Dur\u00e9e de lecture estim\u00e9e":"2 minutes"},"schema":{"@context":"https:\/\/schema.org","@graph":[{"@type":"WebPage","@id":"https:\/\/tiketi.com\/online-bus-tickets-from-lagos-abeokuta\/","url":"https:\/\/tiketi.com\/online-bus-tickets-from-lagos-abeokuta\/","name":"Bus de Lagos \u00e0 Abeokuta Billets de bus, itin\u00e9raire, horaires et tarifs","isPartOf":{"@id":"https:\/\/tiketi.com\/#website"},"primaryImageOfPage":{"@id":"https:\/\/tiketi.com\/online-bus-tickets-from-lagos-abeokuta\/#primaryimage"},"image":{"@id":"https:\/\/tiketi.com\/online-bus-tickets-from-lagos-abeokuta\/#primaryimage"},"thumbnailUrl":"https:\/\/tiketi.com\/wp-content\/uploads\/2022\/01\/bus-ticket-online-booking.jpg","datePublished":"2022-01-19T11:54:53+00:00","dateModified":"2022-01-29T18:37:29+00:00","description":"Vous recherchez un bus de Lagos \u00e0 Abeokuta, une application de r\u00e9servation de billets de bus, un itin\u00e9raire, des horaires et des tarifs ? R\u00e9servez vos billets de bus pas chers de Lagos \u00e0 Abeokuta en ligne","breadcrumb":{"@id":"https:\/\/tiketi.com\/online-bus-tickets-from-lagos-abeokuta\/#breadcrumb"},"inLanguage":"fr-FR","potentialAction":[{"@type":"ReadAction","target":["https:\/\/tiketi.com\/online-bus-tickets-from-lagos-abeokuta\/"]}]},{"@type":"ImageObject","inLanguage":"fr-FR","@id":"https:\/\/tiketi.com\/online-bus-tickets-from-lagos-abeokuta\/#primaryimage","url":"https:\/\/tiketi.com\/wp-content\/uploads\/2022\/01\/bus-ticket-online-booking.jpg","contentUrl":"https:\/\/tiketi.com\/wp-content\/uploads\/2022\/01\/bus-ticket-online-booking.jpg","width":1200,"height":206,"caption":"Online Bus Ticket Booking"},{"@type":"BreadcrumbList","@id":"https:\/\/tiketi.com\/online-bus-tickets-from-lagos-abeokuta\/#breadcrumb","itemListElement":[{"@type":"ListItem","position":1,"name":"Home","item":"https:\/\/tiketi.com\/"},{"@type":"ListItem","position":2,"name":"Bus from Lagos to Abeokuta Bus Tickets, Route, Schedule &#038; Fare"}]},{"@type":"WebSite","@id":"https:\/\/tiketi.com\/#website","url":"https:\/\/tiketi.com\/","name":"Billets d&#039;avion et de bus, forfaits touristiques et activit\u00e9s - Tiketi.com","description":"Billets d&#039;avion et de bus, Tours, Activit\u00e9s","publisher":{"@id":"https:\/\/tiketi.com\/#organization"},"potentialAction":[{"@type":"SearchAction","target":{"@type":"EntryPoint","urlTemplate":"https:\/\/tiketi.com\/?s={search_term_string}"},"query-input":{"@type":"PropertyValueSpecification","valueRequired":true,"valueName":"search_term_string"}}],"inLanguage":"fr-FR"},{"@type":"Organization","@id":"https:\/\/tiketi.com\/#organization","name":"Tiketi.com","alternateName":"Tiketi","url":"https:\/\/tiketi.com\/","logo":{"@type":"ImageObject","inLanguage":"fr-FR","@id":"https:\/\/tiketi.com\/#\/schema\/logo\/image\/","url":"https:\/\/tiketi.com\/wp-content\/uploads\/2019\/05\/tiketi-logo-696.png","contentUrl":"https:\/\/tiketi.com\/wp-content\/uploads\/2019\/05\/tiketi-logo-696.png","width":696,"height":696,"caption":"Tiketi.com"},"image":{"@id":"https:\/\/tiketi.com\/#\/schema\/logo\/image\/"},"sameAs":["https:\/\/www.facebook.com\/TiketiCom\/"]}]}},"_links":{"self":[{"href":"https:\/\/tiketi.com\/fr-fr\/wp-json\/wp\/v2\/pages\/11561","targetHints":{"allow":["GET"]}}],"collection":[{"href":"https:\/\/tiketi.com\/fr-fr\/wp-json\/wp\/v2\/pages"}],"about":[{"href":"https:\/\/tiketi.com\/fr-fr\/wp-json\/wp\/v2\/types\/page"}],"author":[{"embeddable":true,"href":"https:\/\/tiketi.com\/fr-fr\/wp-json\/wp\/v2\/users\/1"}],"replies":[{"embeddable":true,"href":"https:\/\/tiketi.com\/fr-fr\/wp-json\/wp\/v2\/comments?post=11561"}],"version-history":[{"count":0,"href":"https:\/\/tiketi.com\/fr-fr\/wp-json\/wp\/v2\/pages\/11561\/revisions"}],"wp:featuredmedia":[{"embeddable":true,"href":"https:\/\/tiketi.com\/fr-fr\/wp-json\/wp\/v2\/media\/13999"}],"wp:attachment":[{"href":"https:\/\/tiketi.com\/fr-fr\/wp-json\/wp\/v2\/media?parent=11561"}],"curies":[{"name":"wp","href":"https:\/\/api.w.org\/{rel}","templated":true}]}}