{"id":11564,"date":"2022-01-19T12:54:53","date_gmt":"2022-01-19T11:54:53","guid":{"rendered":"https:\/\/new.tiketi.com\/bus-from-lagos-to-maiduguri-bus-tickets-route-schedule-fare\/"},"modified":"2022-01-29T20:14:39","modified_gmt":"2022-01-29T19:14:39","slug":"online-bus-tickets-from-lagos-to-maiduguri","status":"publish","type":"page","link":"https:\/\/tiketi.com\/fr-fr\/online-bus-tickets-from-lagos-to-maiduguri\/","title":{"rendered":"Bus de Lagos \u00e0 Maiduguri Billets de bus, itin\u00e9raire, horaires et tarifs"},"content":{"rendered":"<h2>Billets de bus pas chers de Lagos \u00e0 Maiduguri R\u00e9servation en ligne<\/h2>\n<h3>D\u00e9couvrez votre itin\u00e9raire sur le web, le mobile ou l&#039;application et r\u00e9servez en ligne maintenant un billet de bus pas cher de Lagos \u00e0 Ilorin.<\/h3>\n<p>Comparez et r\u00e9servez les meilleures offres de bus pas chers de Lagos \u00e0 Maiduguri en ligne et voyagez de Lagos \u00e0 Maiduguri par la route. Maiduguri, \u00e9galement connue sous le nom de Yerwa par ses habitants, est la capitale et la plus grande ville de l&#039;\u00c9tat de Borno, au nord-est du Nig\u00e9ria. La ville est situ\u00e9e le long de la rivi\u00e8re saisonni\u00e8re Ngadda. Maiduguri a une population estim\u00e9e \u00e0 plus d&#039;un million. R\u00e9servez un bus pas cher de Lagos \u00e0 Maiduguri en toute confiance.<\/p>\n<p>La ville conna\u00eet 2 saisons distinctes - la saison s\u00e8che et la saison des pluies. La saison s\u00e8che commence en octobre et se termine en avril. Le niveau des pr\u00e9cipitations diminue \u00e0 partir d&#039;octobre, et le temps est g\u00e9n\u00e9ralement supportable et agr\u00e9able. La saison des pluies commence en mai et se termine en septembre.<\/p>\n<h2>Bus de Lagos \u00e0 Maiduguri R\u00e9servation de billets de bus, itin\u00e9raires, horaires et tarifs FAQ<\/h2>\n<h3>Quel est le moyen abordable pour se rendre de Lagos \u00e0 Maiduguri ?<\/h3>\n<p>Le moyen abordable de se rendre de Lagos \u00e0 Maiduguri en bus qui co\u00fbte Lagos \u00e0 Maiduguri $50 -$100 et prend 38 heures.<\/p>\n<h3>Quel est le moyen le plus rapide pour se rendre de Lagos \u00e0 Maiduguri ?<\/h3>\n<p>Le moyen le plus rapide pour se rendre de Lagos \u00e0 Maiduguri est de <a href=\"https:\/\/tiketi.com\/fr-fr\/flightst\/\" target=\"_blank\" rel=\"noopener\">voler<\/a> et bus qui co\u00fbte $75 \u2013 $470 et dure 3h 15m, service de bus op\u00e9r\u00e9 par ABC Transport.<\/p>\n<h3>Quelle est la distance de bus entre Lagos et Maiduguri ?<\/h3>\n<p>La distance du voyage en bus Lagos \u00e0 Maiduguri est de 1228 km. La distance de la route est de 1510 km.<\/p>\n<h3>Comment se d\u00e9placer de Lagos \u00e0 Maiduguri sans v\u00e9hicule personnel ?<\/h3>\n<p>L&#039;excellent moyen pour se rendre de Lagos \u00e0 Maiduguri sans v\u00e9hicule personnel est de prendre un bus et train, ce qui dure 38h et 50m et des billets de bus pas chers de Lagos \u00e0 Maiduguri.<\/p>\n<h2>Billets de bus de Lagos \u00e0 Maiduguri Tips<\/h2>\n<p>Les bus sont le meilleur moyen de se d\u00e9placer dans la ville. Ils sont toujours accessibles aux parcs de bus. Certains des bus se d\u00e9placent au-del\u00e0 de la ville vers d&#039;autres zones int\u00e9rieures de l&#039;\u00c9tat, comme le bus de Lagos \u00e0 Maiduguri. Il est abordable d&#039;utiliser les bus. La seule r\u00e9serve est que les bus pourraient ne pas emmener les visiteurs \u00e0 un endroit particulier mais plut\u00f4t s&#039;arr\u00eater \u00e0 l&#039;arr\u00eat de bus le plus proche de l&#039;endroit pr\u00e9vu.<\/p>","protected":false},"excerpt":{"rendered":"<p>Cheap Bus Tickets from Lagos to Maiduguri\u00a0Online Booking Discover your travel route on web, mobile or app and book cheap bus ticket from Lagos to Ilorin online now. Compare and book the best deals on cheap bus from Lagos to Maiduguri bus tickets online and travel Lagos to Maiduguri by road. Maiduguri, also known as [&hellip;]<\/p>\n","protected":false},"author":1,"featured_media":13999,"parent":0,"menu_order":0,"comment_status":"open","ping_status":"closed","template":"template-home-modern.php","meta":{"footnotes":""},"class_list":["post-11564","page","type-page","status-publish","has-post-thumbnail","hentry"],"yoast_head":"<!-- This site is optimized with the Yoast SEO plugin v27.2 - https:\/\/yoast.com\/product\/yoast-seo-wordpress\/ -->\n<title>Bus from Lagos to Maiduguri Bus Tickets, Route, Schedule &amp; Fare<\/title>\n<meta name=\"description\" content=\"Looking for bus from\u00a0Lagos to Maiduguri bus tickets booking app, schedule &amp; fare? Book cheap bus tickets from Lagos to Maiduguri online\" \/>\n<meta name=\"robots\" content=\"index, follow, max-snippet:-1, max-image-preview:large, max-video-preview:-1\" \/>\n<link rel=\"canonical\" href=\"https:\/\/tiketi.com\/fr-fr\/online-bus-tickets-from-lagos-to-maiduguri\/\" \/>\n<meta property=\"og:locale\" content=\"fr_FR\" \/>\n<meta property=\"og:type\" content=\"article\" \/>\n<meta property=\"og:title\" content=\"Bus from Lagos to Maiduguri Bus Tickets, Route, Schedule &amp; Fare\" \/>\n<meta property=\"og:description\" content=\"Looking for bus from\u00a0Lagos to Maiduguri bus tickets booking app, schedule &amp; fare? Book cheap bus tickets from Lagos to Maiduguri online\" \/>\n<meta property=\"og:url\" content=\"https:\/\/tiketi.com\/fr-fr\/online-bus-tickets-from-lagos-to-maiduguri\/\" \/>\n<meta property=\"og:site_name\" content=\"Tiketi.com\" \/>\n<meta property=\"article:publisher\" content=\"https:\/\/www.facebook.com\/TiketiCom\/\" \/>\n<meta property=\"article:modified_time\" content=\"2022-01-29T19:14:39+00:00\" \/>\n<meta property=\"og:image\" content=\"https:\/\/tiketi.com\/wp-content\/uploads\/2022\/01\/bus-ticket-online-booking.jpg\" \/>\n\t<meta property=\"og:image:width\" content=\"1200\" \/>\n\t<meta property=\"og:image:height\" content=\"206\" \/>\n\t<meta property=\"og:image:type\" content=\"image\/jpeg\" \/>\n<meta name=\"twitter:card\" content=\"summary_large_image\" \/>\n<meta name=\"twitter:label1\" content=\"Dur\u00e9e de lecture estim\u00e9e\" \/>\n\t<meta name=\"twitter:data1\" content=\"2 minutes\" \/>\n<script type=\"application\/ld+json\" class=\"yoast-schema-graph\">{\"@context\":\"https:\/\/schema.org\",\"@graph\":[{\"@type\":\"WebPage\",\"@id\":\"https:\/\/tiketi.com\/online-bus-tickets-from-lagos-to-maiduguri\/\",\"url\":\"https:\/\/tiketi.com\/online-bus-tickets-from-lagos-to-maiduguri\/\",\"name\":\"Bus from Lagos to Maiduguri Bus Tickets, Route, Schedule & Fare\",\"isPartOf\":{\"@id\":\"https:\/\/tiketi.com\/#website\"},\"primaryImageOfPage\":{\"@id\":\"https:\/\/tiketi.com\/online-bus-tickets-from-lagos-to-maiduguri\/#primaryimage\"},\"image\":{\"@id\":\"https:\/\/tiketi.com\/online-bus-tickets-from-lagos-to-maiduguri\/#primaryimage\"},\"thumbnailUrl\":\"https:\/\/tiketi.com\/wp-content\/uploads\/2022\/01\/bus-ticket-online-booking.jpg\",\"datePublished\":\"2022-01-19T11:54:53+00:00\",\"dateModified\":\"2022-01-29T19:14:39+00:00\",\"description\":\"Looking for bus from\u00a0Lagos to Maiduguri bus tickets booking app, schedule & fare? Book cheap bus tickets from Lagos to Maiduguri online\",\"breadcrumb\":{\"@id\":\"https:\/\/tiketi.com\/online-bus-tickets-from-lagos-to-maiduguri\/#breadcrumb\"},\"inLanguage\":\"fr-FR\",\"potentialAction\":[{\"@type\":\"ReadAction\",\"target\":[\"https:\/\/tiketi.com\/online-bus-tickets-from-lagos-to-maiduguri\/\"]}]},{\"@type\":\"ImageObject\",\"inLanguage\":\"fr-FR\",\"@id\":\"https:\/\/tiketi.com\/online-bus-tickets-from-lagos-to-maiduguri\/#primaryimage\",\"url\":\"https:\/\/tiketi.com\/wp-content\/uploads\/2022\/01\/bus-ticket-online-booking.jpg\",\"contentUrl\":\"https:\/\/tiketi.com\/wp-content\/uploads\/2022\/01\/bus-ticket-online-booking.jpg\",\"width\":1200,\"height\":206,\"caption\":\"Online Bus Ticket Booking\"},{\"@type\":\"BreadcrumbList\",\"@id\":\"https:\/\/tiketi.com\/online-bus-tickets-from-lagos-to-maiduguri\/#breadcrumb\",\"itemListElement\":[{\"@type\":\"ListItem\",\"position\":1,\"name\":\"Home\",\"item\":\"https:\/\/tiketi.com\/\"},{\"@type\":\"ListItem\",\"position\":2,\"name\":\"Bus from Lagos to Maiduguri Bus Tickets, Route, Schedule &#038; Fare\"}]},{\"@type\":\"WebSite\",\"@id\":\"https:\/\/tiketi.com\/#website\",\"url\":\"https:\/\/tiketi.com\/\",\"name\":\"Flight & Bus Tickets, Tour Packages & Activitites - Tiketi.com\",\"description\":\"Flight &amp; Bus Tickets, Tours, Activitites\",\"publisher\":{\"@id\":\"https:\/\/tiketi.com\/#organization\"},\"potentialAction\":[{\"@type\":\"SearchAction\",\"target\":{\"@type\":\"EntryPoint\",\"urlTemplate\":\"https:\/\/tiketi.com\/?s={search_term_string}\"},\"query-input\":{\"@type\":\"PropertyValueSpecification\",\"valueRequired\":true,\"valueName\":\"search_term_string\"}}],\"inLanguage\":\"fr-FR\"},{\"@type\":\"Organization\",\"@id\":\"https:\/\/tiketi.com\/#organization\",\"name\":\"Tiketi.com\",\"alternateName\":\"Tiketi\",\"url\":\"https:\/\/tiketi.com\/\",\"logo\":{\"@type\":\"ImageObject\",\"inLanguage\":\"fr-FR\",\"@id\":\"https:\/\/tiketi.com\/#\/schema\/logo\/image\/\",\"url\":\"https:\/\/tiketi.com\/wp-content\/uploads\/2019\/05\/tiketi-logo-696.png\",\"contentUrl\":\"https:\/\/tiketi.com\/wp-content\/uploads\/2019\/05\/tiketi-logo-696.png\",\"width\":696,\"height\":696,\"caption\":\"Tiketi.com\"},\"image\":{\"@id\":\"https:\/\/tiketi.com\/#\/schema\/logo\/image\/\"},\"sameAs\":[\"https:\/\/www.facebook.com\/TiketiCom\/\"]}]}<\/script>\n<!-- \/ Yoast SEO plugin. -->","yoast_head_json":{"title":"Bus de Lagos \u00e0 Maiduguri Billets de bus, itin\u00e9raire, horaires et tarifs","description":"Vous recherchez une application de r\u00e9servation de billets de bus de Lagos \u00e0 Maiduguri, les horaires et les tarifs\u00a0? R\u00e9servez en ligne des billets de bus \u00e0 bas prix de Lagos \u00e0 Maiduguri","robots":{"index":"index","follow":"follow","max-snippet":"max-snippet:-1","max-image-preview":"max-image-preview:large","max-video-preview":"max-video-preview:-1"},"canonical":"https:\/\/tiketi.com\/fr-fr\/online-bus-tickets-from-lagos-to-maiduguri\/","og_locale":"fr_FR","og_type":"article","og_title":"Bus from Lagos to Maiduguri Bus Tickets, Route, Schedule & Fare","og_description":"Looking for bus from\u00a0Lagos to Maiduguri bus tickets booking app, schedule & fare? Book cheap bus tickets from Lagos to Maiduguri online","og_url":"https:\/\/tiketi.com\/fr-fr\/online-bus-tickets-from-lagos-to-maiduguri\/","og_site_name":"Tiketi.com","article_publisher":"https:\/\/www.facebook.com\/TiketiCom\/","article_modified_time":"2022-01-29T19:14:39+00:00","og_image":[{"width":1200,"height":206,"url":"https:\/\/tiketi.com\/wp-content\/uploads\/2022\/01\/bus-ticket-online-booking.jpg","type":"image\/jpeg"}],"twitter_card":"summary_large_image","twitter_misc":{"Dur\u00e9e de lecture estim\u00e9e":"2 minutes"},"schema":{"@context":"https:\/\/schema.org","@graph":[{"@type":"WebPage","@id":"https:\/\/tiketi.com\/online-bus-tickets-from-lagos-to-maiduguri\/","url":"https:\/\/tiketi.com\/online-bus-tickets-from-lagos-to-maiduguri\/","name":"Bus de Lagos \u00e0 Maiduguri Billets de bus, itin\u00e9raire, horaires et tarifs","isPartOf":{"@id":"https:\/\/tiketi.com\/#website"},"primaryImageOfPage":{"@id":"https:\/\/tiketi.com\/online-bus-tickets-from-lagos-to-maiduguri\/#primaryimage"},"image":{"@id":"https:\/\/tiketi.com\/online-bus-tickets-from-lagos-to-maiduguri\/#primaryimage"},"thumbnailUrl":"https:\/\/tiketi.com\/wp-content\/uploads\/2022\/01\/bus-ticket-online-booking.jpg","datePublished":"2022-01-19T11:54:53+00:00","dateModified":"2022-01-29T19:14:39+00:00","description":"Vous recherchez une application de r\u00e9servation de billets de bus de Lagos \u00e0 Maiduguri, les horaires et les tarifs\u00a0? R\u00e9servez en ligne des billets de bus \u00e0 bas prix de Lagos \u00e0 Maiduguri","breadcrumb":{"@id":"https:\/\/tiketi.com\/online-bus-tickets-from-lagos-to-maiduguri\/#breadcrumb"},"inLanguage":"fr-FR","potentialAction":[{"@type":"ReadAction","target":["https:\/\/tiketi.com\/online-bus-tickets-from-lagos-to-maiduguri\/"]}]},{"@type":"ImageObject","inLanguage":"fr-FR","@id":"https:\/\/tiketi.com\/online-bus-tickets-from-lagos-to-maiduguri\/#primaryimage","url":"https:\/\/tiketi.com\/wp-content\/uploads\/2022\/01\/bus-ticket-online-booking.jpg","contentUrl":"https:\/\/tiketi.com\/wp-content\/uploads\/2022\/01\/bus-ticket-online-booking.jpg","width":1200,"height":206,"caption":"Online Bus Ticket Booking"},{"@type":"BreadcrumbList","@id":"https:\/\/tiketi.com\/online-bus-tickets-from-lagos-to-maiduguri\/#breadcrumb","itemListElement":[{"@type":"ListItem","position":1,"name":"Home","item":"https:\/\/tiketi.com\/"},{"@type":"ListItem","position":2,"name":"Bus from Lagos to Maiduguri Bus Tickets, Route, Schedule &#038; Fare"}]},{"@type":"WebSite","@id":"https:\/\/tiketi.com\/#website","url":"https:\/\/tiketi.com\/","name":"Billets d&#039;avion et de bus, forfaits touristiques et activit\u00e9s - Tiketi.com","description":"Billets d&#039;avion et de bus, Tours, Activit\u00e9s","publisher":{"@id":"https:\/\/tiketi.com\/#organization"},"potentialAction":[{"@type":"SearchAction","target":{"@type":"EntryPoint","urlTemplate":"https:\/\/tiketi.com\/?s={search_term_string}"},"query-input":{"@type":"PropertyValueSpecification","valueRequired":true,"valueName":"search_term_string"}}],"inLanguage":"fr-FR"},{"@type":"Organization","@id":"https:\/\/tiketi.com\/#organization","name":"Tiketi.com","alternateName":"Tiketi","url":"https:\/\/tiketi.com\/","logo":{"@type":"ImageObject","inLanguage":"fr-FR","@id":"https:\/\/tiketi.com\/#\/schema\/logo\/image\/","url":"https:\/\/tiketi.com\/wp-content\/uploads\/2019\/05\/tiketi-logo-696.png","contentUrl":"https:\/\/tiketi.com\/wp-content\/uploads\/2019\/05\/tiketi-logo-696.png","width":696,"height":696,"caption":"Tiketi.com"},"image":{"@id":"https:\/\/tiketi.com\/#\/schema\/logo\/image\/"},"sameAs":["https:\/\/www.facebook.com\/TiketiCom\/"]}]}},"_links":{"self":[{"href":"https:\/\/tiketi.com\/fr-fr\/wp-json\/wp\/v2\/pages\/11564","targetHints":{"allow":["GET"]}}],"collection":[{"href":"https:\/\/tiketi.com\/fr-fr\/wp-json\/wp\/v2\/pages"}],"about":[{"href":"https:\/\/tiketi.com\/fr-fr\/wp-json\/wp\/v2\/types\/page"}],"author":[{"embeddable":true,"href":"https:\/\/tiketi.com\/fr-fr\/wp-json\/wp\/v2\/users\/1"}],"replies":[{"embeddable":true,"href":"https:\/\/tiketi.com\/fr-fr\/wp-json\/wp\/v2\/comments?post=11564"}],"version-history":[{"count":0,"href":"https:\/\/tiketi.com\/fr-fr\/wp-json\/wp\/v2\/pages\/11564\/revisions"}],"wp:featuredmedia":[{"embeddable":true,"href":"https:\/\/tiketi.com\/fr-fr\/wp-json\/wp\/v2\/media\/13999"}],"wp:attachment":[{"href":"https:\/\/tiketi.com\/fr-fr\/wp-json\/wp\/v2\/media?parent=11564"}],"curies":[{"name":"wp","href":"https:\/\/api.w.org\/{rel}","templated":true}]}}