{"id":11568,"date":"2022-01-19T12:54:53","date_gmt":"2022-01-19T11:54:53","guid":{"rendered":"https:\/\/new.tiketi.com\/bus-from-lagos-to-jos-bus-tickets-routes-schedules-fares\/"},"modified":"2022-01-29T20:07:29","modified_gmt":"2022-01-29T19:07:29","slug":"online-bus-tickets-from-lagos-to-jos","status":"publish","type":"page","link":"https:\/\/tiketi.com\/fr-fr\/online-bus-tickets-from-lagos-to-jos\/","title":{"rendered":"Bus de Lagos \u00e0 Jos Billets de bus, itin\u00e9raires, horaires et tarifs"},"content":{"rendered":"<h2>Billets de bus pas chers de Lagos \u00e0 Jos : r\u00e9servation en ligne<\/h2>\n<h3>D\u00e9couvrez votre itin\u00e9raire de voyage sur le Web, votre mobile ou votre application et r\u00e9servez d\u00e8s maintenant un billet de bus pas cher de Lagos \u00e0 Jos en ligne.<\/h3>\n<p>Tiketi facilite la r\u00e9servation en ligne de bus pas cher de Lagos \u00e0 Jos. Le commerce entre ces 2 endroits est plus g\u00e9n\u00e9ral qu&#039;on pourrait le deviner \u00e9tant donn\u00e9 la distance, mais les deux sont des villes assez anciennes qui ont prosp\u00e9r\u00e9 m\u00eame \u00e0 l&#039;\u00e9poque coloniale, donc la route en bus de Lagos \u00e0 Jos est bien fr\u00e9quent\u00e9e, les v\u00e9hicules empruntant cette route peuvent avoir jusqu&#039;\u00e0 soixante-dix passagers par voyage. La situation des routes sur cet itin\u00e9raire est la meilleure. Profitez d\u00e8s maintenant de bonnes affaires en ligne sur les billets de bus de Lagos \u00e0 Jos.<\/p>\n<h2>Bus de Lagos \u00e0 Jos Billets de bus, itin\u00e9raires, horaires et tarifs FAQ<\/h2>\n<h3>Quelle compagnie de transport utiliser pour le bus de Lagos \u00e0 Jos<\/h3>\n<h3>Budget<\/h3>\n<p>\u00c9tant donn\u00e9 que les diff\u00e9rentes entreprises de transport ont des prix variables, il s&#039;agit d&#039;un facteur essentiel \u00e0 prendre en compte lors du choix de l&#039;entreprise \u00e0 utiliser.<\/p>\n<h3>Commodit\u00e9<\/h3>\n<p>Hormis le transport ABC qui fournit un service de sprint aux clients press\u00e9s et qui ne souhaitent pas voyager de nuit, tous les autres bus de Lagos \u00e0 Jos sont des autocars qui voyagent de nuit. Sur cet itin\u00e9raire, je sugg\u00e8re un voyage de nuit en raison de la longueur du trajet et du fait que si vous quittez Lagos d\u00e8s 6 heures du matin, vous arriverez toujours \u00e0 Jos vers minuit.<\/p>\n<h3>La proximit\u00e9 de votre domicile<\/h3>\n<p>Ce n&#039;est pas vraiment un facteur important car la taille du bus de Lagos \u00e0 Jos rend difficile la prise en charge et le d\u00e9p\u00f4t des passagers n&#039;importe o\u00f9. La plupart des compagnies de bus le long de cet itin\u00e9raire ont donc un terminal d\u00e9sign\u00e9 pour l&#039;embarquement et environ trois \u00e0 quatre. pour descendre lorsque vous arrivez \u00e0 Plateau State.<\/p>\n<h3>Quelle est la dur\u00e9e moyenne d&#039;un trajet de Lagos \u00e0 Jos en bus ?<\/h3>\n<p>Il s&#039;agit d&#039;un voyage d&#039;une nuit compl\u00e8te en bus bon march\u00e9 de Lagos \u00e0 Jos, cela prend donc en moyenne dix-huit \u00e0 vingt heures, le service de bus est exploit\u00e9 par Chisco Transport ou ABC Transport.<\/p>\n<h2>R\u00e9servez des billets de bus de Lagos \u00e0 Jos Conseils<\/h2>\n<h3>Options de collations<\/h3>\n<p>Il y a extr\u00eamement peu de choix de collations lors de ce voyage, car la plupart des restaurants de restauration rapide ne sont pas ouverts toute la nuit et les vendeurs doivent dormir. Cela revient donc aux vendeurs de boissons al\u00e9atoires \u00e0 la station-service. Je vous sugg\u00e8re donc d&#039;apporter vos propres collations.<\/p>","protected":false},"excerpt":{"rendered":"<p>Cheap Bus Tickets from Lagos to Jos\u00a0Online Booking Discover your travel route on web, mobile or app and book cheap bus ticket from Lagos to Jos online now Tiketi\u00a0makes doing cheap bus from Lagos to Jos bus online booking easy. Trade between these 2 locations is more general than would be guessed given the distance, [&hellip;]<\/p>\n","protected":false},"author":1,"featured_media":13999,"parent":0,"menu_order":0,"comment_status":"open","ping_status":"closed","template":"template-home-modern.php","meta":{"footnotes":""},"class_list":["post-11568","page","type-page","status-publish","has-post-thumbnail","hentry"],"yoast_head":"<!-- This site is optimized with the Yoast SEO plugin v27.2 - https:\/\/yoast.com\/product\/yoast-seo-wordpress\/ -->\n<title>Bus from Lagos to Jos Bus Tickets, Routes, Schedules &amp; Fares<\/title>\n<meta name=\"description\" content=\"Looking for bus from\u00a0Lagos to Jos bus ticket booking app, routes, schedules &amp; fares? Book cheap bus tickets from Lagos to Jos online now\" \/>\n<meta name=\"robots\" content=\"index, follow, max-snippet:-1, max-image-preview:large, max-video-preview:-1\" \/>\n<link rel=\"canonical\" href=\"https:\/\/tiketi.com\/fr-fr\/online-bus-tickets-from-lagos-to-jos\/\" \/>\n<meta property=\"og:locale\" content=\"fr_FR\" \/>\n<meta property=\"og:type\" content=\"article\" \/>\n<meta property=\"og:title\" content=\"Bus from Lagos to Jos Bus Tickets, Routes, Schedules &amp; Fares\" \/>\n<meta property=\"og:description\" content=\"Looking for bus from\u00a0Lagos to Jos bus ticket booking app, routes, schedules &amp; fares? Book cheap bus tickets from Lagos to Jos online now\" \/>\n<meta property=\"og:url\" content=\"https:\/\/tiketi.com\/fr-fr\/online-bus-tickets-from-lagos-to-jos\/\" \/>\n<meta property=\"og:site_name\" content=\"Tiketi.com\" \/>\n<meta property=\"article:publisher\" content=\"https:\/\/www.facebook.com\/TiketiCom\/\" \/>\n<meta property=\"article:modified_time\" content=\"2022-01-29T19:07:29+00:00\" \/>\n<meta property=\"og:image\" content=\"https:\/\/tiketi.com\/wp-content\/uploads\/2022\/01\/bus-ticket-online-booking.jpg\" \/>\n\t<meta property=\"og:image:width\" content=\"1200\" \/>\n\t<meta property=\"og:image:height\" content=\"206\" \/>\n\t<meta property=\"og:image:type\" content=\"image\/jpeg\" \/>\n<meta name=\"twitter:card\" content=\"summary_large_image\" \/>\n<meta name=\"twitter:label1\" content=\"Dur\u00e9e de lecture estim\u00e9e\" \/>\n\t<meta name=\"twitter:data1\" content=\"2 minutes\" \/>\n<script type=\"application\/ld+json\" class=\"yoast-schema-graph\">{\"@context\":\"https:\/\/schema.org\",\"@graph\":[{\"@type\":\"WebPage\",\"@id\":\"https:\/\/tiketi.com\/online-bus-tickets-from-lagos-to-jos\/\",\"url\":\"https:\/\/tiketi.com\/online-bus-tickets-from-lagos-to-jos\/\",\"name\":\"Bus from Lagos to Jos Bus Tickets, Routes, Schedules & Fares\",\"isPartOf\":{\"@id\":\"https:\/\/tiketi.com\/#website\"},\"primaryImageOfPage\":{\"@id\":\"https:\/\/tiketi.com\/online-bus-tickets-from-lagos-to-jos\/#primaryimage\"},\"image\":{\"@id\":\"https:\/\/tiketi.com\/online-bus-tickets-from-lagos-to-jos\/#primaryimage\"},\"thumbnailUrl\":\"https:\/\/tiketi.com\/wp-content\/uploads\/2022\/01\/bus-ticket-online-booking.jpg\",\"datePublished\":\"2022-01-19T11:54:53+00:00\",\"dateModified\":\"2022-01-29T19:07:29+00:00\",\"description\":\"Looking for bus from\u00a0Lagos to Jos bus ticket booking app, routes, schedules & fares? Book cheap bus tickets from Lagos to Jos online now\",\"breadcrumb\":{\"@id\":\"https:\/\/tiketi.com\/online-bus-tickets-from-lagos-to-jos\/#breadcrumb\"},\"inLanguage\":\"fr-FR\",\"potentialAction\":[{\"@type\":\"ReadAction\",\"target\":[\"https:\/\/tiketi.com\/online-bus-tickets-from-lagos-to-jos\/\"]}]},{\"@type\":\"ImageObject\",\"inLanguage\":\"fr-FR\",\"@id\":\"https:\/\/tiketi.com\/online-bus-tickets-from-lagos-to-jos\/#primaryimage\",\"url\":\"https:\/\/tiketi.com\/wp-content\/uploads\/2022\/01\/bus-ticket-online-booking.jpg\",\"contentUrl\":\"https:\/\/tiketi.com\/wp-content\/uploads\/2022\/01\/bus-ticket-online-booking.jpg\",\"width\":1200,\"height\":206,\"caption\":\"Online Bus Ticket Booking\"},{\"@type\":\"BreadcrumbList\",\"@id\":\"https:\/\/tiketi.com\/online-bus-tickets-from-lagos-to-jos\/#breadcrumb\",\"itemListElement\":[{\"@type\":\"ListItem\",\"position\":1,\"name\":\"Home\",\"item\":\"https:\/\/tiketi.com\/\"},{\"@type\":\"ListItem\",\"position\":2,\"name\":\"Bus from Lagos to Jos Bus Tickets, Routes, Schedules &#038; Fares\"}]},{\"@type\":\"WebSite\",\"@id\":\"https:\/\/tiketi.com\/#website\",\"url\":\"https:\/\/tiketi.com\/\",\"name\":\"Flight & Bus Tickets, Tour Packages & Activitites - Tiketi.com\",\"description\":\"Flight &amp; Bus Tickets, Tours, Activitites\",\"publisher\":{\"@id\":\"https:\/\/tiketi.com\/#organization\"},\"potentialAction\":[{\"@type\":\"SearchAction\",\"target\":{\"@type\":\"EntryPoint\",\"urlTemplate\":\"https:\/\/tiketi.com\/?s={search_term_string}\"},\"query-input\":{\"@type\":\"PropertyValueSpecification\",\"valueRequired\":true,\"valueName\":\"search_term_string\"}}],\"inLanguage\":\"fr-FR\"},{\"@type\":\"Organization\",\"@id\":\"https:\/\/tiketi.com\/#organization\",\"name\":\"Tiketi.com\",\"alternateName\":\"Tiketi\",\"url\":\"https:\/\/tiketi.com\/\",\"logo\":{\"@type\":\"ImageObject\",\"inLanguage\":\"fr-FR\",\"@id\":\"https:\/\/tiketi.com\/#\/schema\/logo\/image\/\",\"url\":\"https:\/\/tiketi.com\/wp-content\/uploads\/2019\/05\/tiketi-logo-696.png\",\"contentUrl\":\"https:\/\/tiketi.com\/wp-content\/uploads\/2019\/05\/tiketi-logo-696.png\",\"width\":696,\"height\":696,\"caption\":\"Tiketi.com\"},\"image\":{\"@id\":\"https:\/\/tiketi.com\/#\/schema\/logo\/image\/\"},\"sameAs\":[\"https:\/\/www.facebook.com\/TiketiCom\/\"]}]}<\/script>\n<!-- \/ Yoast SEO plugin. -->","yoast_head_json":{"title":"Bus de Lagos \u00e0 Jos Billets de bus, itin\u00e9raires, horaires et tarifs","description":"Vous recherchez une application de r\u00e9servation de billets de bus, des itin\u00e9raires, des horaires et des tarifs de Lagos \u00e0 Jos ? R\u00e9servez vos billets de bus \u00e0 bas prix de Lagos \u00e0 Jos en ligne maintenant","robots":{"index":"index","follow":"follow","max-snippet":"max-snippet:-1","max-image-preview":"max-image-preview:large","max-video-preview":"max-video-preview:-1"},"canonical":"https:\/\/tiketi.com\/fr-fr\/online-bus-tickets-from-lagos-to-jos\/","og_locale":"fr_FR","og_type":"article","og_title":"Bus from Lagos to Jos Bus Tickets, Routes, Schedules & Fares","og_description":"Looking for bus from\u00a0Lagos to Jos bus ticket booking app, routes, schedules & fares? Book cheap bus tickets from Lagos to Jos online now","og_url":"https:\/\/tiketi.com\/fr-fr\/online-bus-tickets-from-lagos-to-jos\/","og_site_name":"Tiketi.com","article_publisher":"https:\/\/www.facebook.com\/TiketiCom\/","article_modified_time":"2022-01-29T19:07:29+00:00","og_image":[{"width":1200,"height":206,"url":"https:\/\/tiketi.com\/wp-content\/uploads\/2022\/01\/bus-ticket-online-booking.jpg","type":"image\/jpeg"}],"twitter_card":"summary_large_image","twitter_misc":{"Dur\u00e9e de lecture estim\u00e9e":"2 minutes"},"schema":{"@context":"https:\/\/schema.org","@graph":[{"@type":"WebPage","@id":"https:\/\/tiketi.com\/online-bus-tickets-from-lagos-to-jos\/","url":"https:\/\/tiketi.com\/online-bus-tickets-from-lagos-to-jos\/","name":"Bus de Lagos \u00e0 Jos Billets de bus, itin\u00e9raires, horaires et tarifs","isPartOf":{"@id":"https:\/\/tiketi.com\/#website"},"primaryImageOfPage":{"@id":"https:\/\/tiketi.com\/online-bus-tickets-from-lagos-to-jos\/#primaryimage"},"image":{"@id":"https:\/\/tiketi.com\/online-bus-tickets-from-lagos-to-jos\/#primaryimage"},"thumbnailUrl":"https:\/\/tiketi.com\/wp-content\/uploads\/2022\/01\/bus-ticket-online-booking.jpg","datePublished":"2022-01-19T11:54:53+00:00","dateModified":"2022-01-29T19:07:29+00:00","description":"Vous recherchez une application de r\u00e9servation de billets de bus, des itin\u00e9raires, des horaires et des tarifs de Lagos \u00e0 Jos ? R\u00e9servez vos billets de bus \u00e0 bas prix de Lagos \u00e0 Jos en ligne maintenant","breadcrumb":{"@id":"https:\/\/tiketi.com\/online-bus-tickets-from-lagos-to-jos\/#breadcrumb"},"inLanguage":"fr-FR","potentialAction":[{"@type":"ReadAction","target":["https:\/\/tiketi.com\/online-bus-tickets-from-lagos-to-jos\/"]}]},{"@type":"ImageObject","inLanguage":"fr-FR","@id":"https:\/\/tiketi.com\/online-bus-tickets-from-lagos-to-jos\/#primaryimage","url":"https:\/\/tiketi.com\/wp-content\/uploads\/2022\/01\/bus-ticket-online-booking.jpg","contentUrl":"https:\/\/tiketi.com\/wp-content\/uploads\/2022\/01\/bus-ticket-online-booking.jpg","width":1200,"height":206,"caption":"Online Bus Ticket Booking"},{"@type":"BreadcrumbList","@id":"https:\/\/tiketi.com\/online-bus-tickets-from-lagos-to-jos\/#breadcrumb","itemListElement":[{"@type":"ListItem","position":1,"name":"Home","item":"https:\/\/tiketi.com\/"},{"@type":"ListItem","position":2,"name":"Bus from Lagos to Jos Bus Tickets, Routes, Schedules &#038; Fares"}]},{"@type":"WebSite","@id":"https:\/\/tiketi.com\/#website","url":"https:\/\/tiketi.com\/","name":"Billets d&#039;avion et de bus, forfaits touristiques et activit\u00e9s - Tiketi.com","description":"Billets d&#039;avion et de bus, Tours, Activit\u00e9s","publisher":{"@id":"https:\/\/tiketi.com\/#organization"},"potentialAction":[{"@type":"SearchAction","target":{"@type":"EntryPoint","urlTemplate":"https:\/\/tiketi.com\/?s={search_term_string}"},"query-input":{"@type":"PropertyValueSpecification","valueRequired":true,"valueName":"search_term_string"}}],"inLanguage":"fr-FR"},{"@type":"Organization","@id":"https:\/\/tiketi.com\/#organization","name":"Tiketi.com","alternateName":"Tiketi","url":"https:\/\/tiketi.com\/","logo":{"@type":"ImageObject","inLanguage":"fr-FR","@id":"https:\/\/tiketi.com\/#\/schema\/logo\/image\/","url":"https:\/\/tiketi.com\/wp-content\/uploads\/2019\/05\/tiketi-logo-696.png","contentUrl":"https:\/\/tiketi.com\/wp-content\/uploads\/2019\/05\/tiketi-logo-696.png","width":696,"height":696,"caption":"Tiketi.com"},"image":{"@id":"https:\/\/tiketi.com\/#\/schema\/logo\/image\/"},"sameAs":["https:\/\/www.facebook.com\/TiketiCom\/"]}]}},"_links":{"self":[{"href":"https:\/\/tiketi.com\/fr-fr\/wp-json\/wp\/v2\/pages\/11568","targetHints":{"allow":["GET"]}}],"collection":[{"href":"https:\/\/tiketi.com\/fr-fr\/wp-json\/wp\/v2\/pages"}],"about":[{"href":"https:\/\/tiketi.com\/fr-fr\/wp-json\/wp\/v2\/types\/page"}],"author":[{"embeddable":true,"href":"https:\/\/tiketi.com\/fr-fr\/wp-json\/wp\/v2\/users\/1"}],"replies":[{"embeddable":true,"href":"https:\/\/tiketi.com\/fr-fr\/wp-json\/wp\/v2\/comments?post=11568"}],"version-history":[{"count":0,"href":"https:\/\/tiketi.com\/fr-fr\/wp-json\/wp\/v2\/pages\/11568\/revisions"}],"wp:featuredmedia":[{"embeddable":true,"href":"https:\/\/tiketi.com\/fr-fr\/wp-json\/wp\/v2\/media\/13999"}],"wp:attachment":[{"href":"https:\/\/tiketi.com\/fr-fr\/wp-json\/wp\/v2\/media?parent=11568"}],"curies":[{"name":"wp","href":"https:\/\/api.w.org\/{rel}","templated":true}]}}