{"id":11569,"date":"2022-01-19T12:54:54","date_gmt":"2022-01-19T11:54:54","guid":{"rendered":"https:\/\/new.tiketi.com\/bus-from-lagos-to-ilorin-bus-tickets-schedule-fare-route\/"},"modified":"2022-01-29T20:07:50","modified_gmt":"2022-01-29T19:07:50","slug":"online-bus-tickets-from-lagos-ilorin","status":"publish","type":"page","link":"https:\/\/tiketi.com\/fr-fr\/online-bus-tickets-from-lagos-ilorin\/","title":{"rendered":"Bus de Lagos \u00e0 Ilorin Billets de bus, horaires, tarifs et itin\u00e9raire"},"content":{"rendered":"<h2>Billets de bus pas chers de Lagos \u00e0 Ilorin R\u00e9servation en ligne<\/h2>\n<h3>D\u00e9couvrez votre itin\u00e9raire sur le web, le mobile ou l&#039;application et r\u00e9servez en ligne maintenant un billet de bus pas cher de Lagos \u00e0 Ilorin.<\/h3>\n<p>Faites une r\u00e9servation en ligne de bus pas cher de Lagos \u00e0 Ilorin et \u00e9conomisez du temps et de l&#039;argent. Illorin est la capitale de l&#039;\u00c9tat de Kwara et est la 6\u00e8me ville la plus peupl\u00e9e du Nigeria avec une population estim\u00e9e \u00e0 800 000 habitants. C&#039;est une ville historiquement riche, et \u00e0 une \u00e9poque, c&#039;\u00e9tait un grand centre de la traite des esclaves. Obtenez des offres exceptionnelles sur les billets de bus de Lagos \u00e0 Ilorin en ligne d\u00e8s maintenant.<\/p>\n<h2>Bus de Lagos \u00e0 Ilorin R\u00e9servation de billets de bus, itin\u00e9raires, horaires et tarifs FAQs<\/h2>\n<h3>O\u00f9 prendre le bus depuis Lagos pour Ilor\u00edn ?<\/h3>\n<p>Vous pouvez choisir de monter \u00e0 bord d&#039;un bus de Lagos \u00e0 Ilorin depuis l&#039;un des endroits suivants\u00a0:<\/p>\n<h4>Parc automobile d&#039;Ojota<\/h4>\n<p>Le parc automobile d&#039;Ojota est situ\u00e9 sur lkordu Road et est simplement accessible depuis la plupart des r\u00e9gions du continent de Lagos. \u00c0 l&#039;int\u00e9rieur du parc, une gamme vari\u00e9e de v\u00e9hicules \u00e0 destination de llorin sont disponibles au choix, tels que les bus et les mini-fourgonnettes de Lagos \u00e0 Ilorin.<\/p>\n<h4>Parc automobile d&#039;Oshodi<\/h4>\n<p>Situ\u00e9 \u00e0 Oshodi, qui est le grand terminal de bus de Lagos Mainland, l&#039;un des quartiers les plus c\u00e9l\u00e8bres de Lagos. \u00c0 Oshodi, une liaison de v\u00e9hicules de gamme pour llorin est accessible, ceux-ci contiennent des bus Lagos \u00e0 Ilorin et des mini-fourgonnettes.<\/p>\n<h4>Parc automobile de Lyana Ipaja<\/h4>\n<p>Vous pouvez \u00e9galement choisir de monter \u00e0 bord d&#039;un bus pour Llorin depuis l&#039;arr\u00eat de bus Lyana Ipaja. Iyana ipaja est plac\u00e9 le long de l&#039;autoroute Lagos-Abeokuta.<\/p>\n<h3>Quelle est la dur\u00e9e moyenne d&#039;un trajet entre Lagos et Ilorin en bus ?<\/h3>\n<p>Le Lagos \u00e0 Ilorin en bus prend environ 4 heures et 30 minutes, en tenant compte des conditions routi\u00e8res et m\u00e9t\u00e9orologiques.<\/p>\n<h3>Billet de bus de Lagos \u00e0 Ilorin<\/h3>\n<p>Le tarif du bus de Lagos \u00e0 Ilorin dans les parcs ci-dessus varie de 1 500 N \u00e0 4 000 N, service de bus exploit\u00e9 par Chisco Transport ou ABC Transport. Les taxis peuvent \u00e9galement \u00eatre accessibles dans ces parcs \u00e0 un prix \u00e9lev\u00e9.<\/p>\n<h3>Quelle est la distance entre Lagos et Ilorin en bus ?<\/h3>\n<p>llorin est \u00e0 environ 300 km et \u00e0 environ quatre heures de route de Lagos.<\/p>\n<h2>R\u00e9servez des billets de bus de Lagos \u00e0 Ilorin Tips<\/h2>\n<p>Lorin est un centre d&#039;affaires en pleine croissance car il est tragiquement situ\u00e9 entre le nord et l&#039;ouest du Nigeria. Il existe diff\u00e9rentes attractions touristiques dans la ville de llorin, telles que le club de golf de llorin et le jardin zoologique de l&#039;universit\u00e9 de llorin.<\/p>\n<p>Il existe une large gamme de collations au parc et vous pouvez acheter ce que vous voulez \u00e0 l&#039;avance.<\/p>","protected":false},"excerpt":{"rendered":"<p>Cheap Bus Tickets from Lagos to Ilorin\u00a0Online Booking Discover your travel route on web, mobile or app and book cheap bus ticket from Lagos to Ilorin online now. Do cheap bus from Lagos to Ilorin bus online booking and save time and money. Illorin is the Kwara state capital city and is the 6th most [&hellip;]<\/p>\n","protected":false},"author":1,"featured_media":13999,"parent":0,"menu_order":0,"comment_status":"open","ping_status":"closed","template":"template-home-modern.php","meta":{"footnotes":""},"class_list":["post-11569","page","type-page","status-publish","has-post-thumbnail","hentry"],"yoast_head":"<!-- This site is optimized with the Yoast SEO plugin v27.5 - https:\/\/yoast.com\/product\/yoast-seo-wordpress\/ -->\n<title>Bus from Lagos to Ilorin Bus Tickets, Schedule, Fare &amp; Route<\/title>\n<meta name=\"description\" content=\"Looking for bus from\u00a0Lagos to Ilorin bus ticket booking app, routes, schedules &amp; fares? Book cheap bus tickets from Lagos to Ilorin online\" \/>\n<meta name=\"robots\" content=\"index, follow, max-snippet:-1, max-image-preview:large, max-video-preview:-1\" \/>\n<link rel=\"canonical\" href=\"https:\/\/tiketi.com\/fr-fr\/online-bus-tickets-from-lagos-ilorin\/\" \/>\n<meta property=\"og:locale\" content=\"fr_FR\" \/>\n<meta property=\"og:type\" content=\"article\" \/>\n<meta property=\"og:title\" content=\"Bus from Lagos to Ilorin Bus Tickets, Schedule, Fare &amp; Route\" \/>\n<meta property=\"og:description\" content=\"Looking for bus from\u00a0Lagos to Ilorin bus ticket booking app, routes, schedules &amp; fares? Book cheap bus tickets from Lagos to Ilorin online\" \/>\n<meta property=\"og:url\" content=\"https:\/\/tiketi.com\/fr-fr\/online-bus-tickets-from-lagos-ilorin\/\" \/>\n<meta property=\"og:site_name\" content=\"Tiketi.com\" \/>\n<meta property=\"article:publisher\" content=\"https:\/\/www.facebook.com\/TiketiCom\/\" \/>\n<meta property=\"article:modified_time\" content=\"2022-01-29T19:07:50+00:00\" \/>\n<meta property=\"og:image\" content=\"https:\/\/tiketi.com\/wp-content\/uploads\/2022\/01\/bus-ticket-online-booking.jpg\" \/>\n\t<meta property=\"og:image:width\" content=\"1200\" \/>\n\t<meta property=\"og:image:height\" content=\"206\" \/>\n\t<meta property=\"og:image:type\" content=\"image\/jpeg\" \/>\n<meta name=\"twitter:card\" content=\"summary_large_image\" \/>\n<meta name=\"twitter:label1\" content=\"Dur\u00e9e de lecture estim\u00e9e\" \/>\n\t<meta name=\"twitter:data1\" content=\"2 minutes\" \/>\n<script type=\"application\/ld+json\" class=\"yoast-schema-graph\">{\"@context\":\"https:\\\/\\\/schema.org\",\"@graph\":[{\"@type\":\"WebPage\",\"@id\":\"https:\\\/\\\/tiketi.com\\\/online-bus-tickets-from-lagos-ilorin\\\/\",\"url\":\"https:\\\/\\\/tiketi.com\\\/online-bus-tickets-from-lagos-ilorin\\\/\",\"name\":\"Bus from Lagos to Ilorin Bus Tickets, Schedule, Fare & Route\",\"isPartOf\":{\"@id\":\"https:\\\/\\\/tiketi.com\\\/#website\"},\"primaryImageOfPage\":{\"@id\":\"https:\\\/\\\/tiketi.com\\\/online-bus-tickets-from-lagos-ilorin\\\/#primaryimage\"},\"image\":{\"@id\":\"https:\\\/\\\/tiketi.com\\\/online-bus-tickets-from-lagos-ilorin\\\/#primaryimage\"},\"thumbnailUrl\":\"https:\\\/\\\/tiketi.com\\\/wp-content\\\/uploads\\\/2022\\\/01\\\/bus-ticket-online-booking.jpg\",\"datePublished\":\"2022-01-19T11:54:54+00:00\",\"dateModified\":\"2022-01-29T19:07:50+00:00\",\"description\":\"Looking for bus from\u00a0Lagos to Ilorin bus ticket booking app, routes, schedules & fares? Book cheap bus tickets from Lagos to Ilorin online\",\"breadcrumb\":{\"@id\":\"https:\\\/\\\/tiketi.com\\\/online-bus-tickets-from-lagos-ilorin\\\/#breadcrumb\"},\"inLanguage\":\"fr-FR\",\"potentialAction\":[{\"@type\":\"ReadAction\",\"target\":[\"https:\\\/\\\/tiketi.com\\\/online-bus-tickets-from-lagos-ilorin\\\/\"]}]},{\"@type\":\"ImageObject\",\"inLanguage\":\"fr-FR\",\"@id\":\"https:\\\/\\\/tiketi.com\\\/online-bus-tickets-from-lagos-ilorin\\\/#primaryimage\",\"url\":\"https:\\\/\\\/tiketi.com\\\/wp-content\\\/uploads\\\/2022\\\/01\\\/bus-ticket-online-booking.jpg\",\"contentUrl\":\"https:\\\/\\\/tiketi.com\\\/wp-content\\\/uploads\\\/2022\\\/01\\\/bus-ticket-online-booking.jpg\",\"width\":1200,\"height\":206,\"caption\":\"Online Bus Ticket Booking\"},{\"@type\":\"BreadcrumbList\",\"@id\":\"https:\\\/\\\/tiketi.com\\\/online-bus-tickets-from-lagos-ilorin\\\/#breadcrumb\",\"itemListElement\":[{\"@type\":\"ListItem\",\"position\":1,\"name\":\"Home\",\"item\":\"https:\\\/\\\/tiketi.com\\\/\"},{\"@type\":\"ListItem\",\"position\":2,\"name\":\"Bus from Lagos to Ilorin Bus Tickets, Schedule, Fare &#038; Route\"}]},{\"@type\":\"WebSite\",\"@id\":\"https:\\\/\\\/tiketi.com\\\/#website\",\"url\":\"https:\\\/\\\/tiketi.com\\\/\",\"name\":\"Flight & Bus Tickets, Tour Packages & Activitites - Tiketi.com\",\"description\":\"Flight &amp; Bus Tickets, Tours, Activitites\",\"publisher\":{\"@id\":\"https:\\\/\\\/tiketi.com\\\/#organization\"},\"potentialAction\":[{\"@type\":\"SearchAction\",\"target\":{\"@type\":\"EntryPoint\",\"urlTemplate\":\"https:\\\/\\\/tiketi.com\\\/?s={search_term_string}\"},\"query-input\":{\"@type\":\"PropertyValueSpecification\",\"valueRequired\":true,\"valueName\":\"search_term_string\"}}],\"inLanguage\":\"fr-FR\"},{\"@type\":\"Organization\",\"@id\":\"https:\\\/\\\/tiketi.com\\\/#organization\",\"name\":\"Tiketi.com\",\"alternateName\":\"Tiketi\",\"url\":\"https:\\\/\\\/tiketi.com\\\/\",\"logo\":{\"@type\":\"ImageObject\",\"inLanguage\":\"fr-FR\",\"@id\":\"https:\\\/\\\/tiketi.com\\\/#\\\/schema\\\/logo\\\/image\\\/\",\"url\":\"https:\\\/\\\/tiketi.com\\\/wp-content\\\/uploads\\\/2019\\\/05\\\/tiketi-logo-696.png\",\"contentUrl\":\"https:\\\/\\\/tiketi.com\\\/wp-content\\\/uploads\\\/2019\\\/05\\\/tiketi-logo-696.png\",\"width\":696,\"height\":696,\"caption\":\"Tiketi.com\"},\"image\":{\"@id\":\"https:\\\/\\\/tiketi.com\\\/#\\\/schema\\\/logo\\\/image\\\/\"},\"sameAs\":[\"https:\\\/\\\/www.facebook.com\\\/TiketiCom\\\/\"]}]}<\/script>\n<!-- \/ Yoast SEO plugin. -->","yoast_head_json":{"title":"Bus de Lagos \u00e0 Ilorin Billets de bus, horaires, tarifs et itin\u00e9raire","description":"Vous recherchez une application de r\u00e9servation de billets de bus de Lagos \u00e0 Ilorin, des itin\u00e9raires, des horaires et des tarifs\u00a0? R\u00e9servez en ligne des billets de bus \u00e0 bas prix de Lagos \u00e0 Ilorin","robots":{"index":"index","follow":"follow","max-snippet":"max-snippet:-1","max-image-preview":"max-image-preview:large","max-video-preview":"max-video-preview:-1"},"canonical":"https:\/\/tiketi.com\/fr-fr\/online-bus-tickets-from-lagos-ilorin\/","og_locale":"fr_FR","og_type":"article","og_title":"Bus from Lagos to Ilorin Bus Tickets, Schedule, Fare & Route","og_description":"Looking for bus from\u00a0Lagos to Ilorin bus ticket booking app, routes, schedules & fares? Book cheap bus tickets from Lagos to Ilorin online","og_url":"https:\/\/tiketi.com\/fr-fr\/online-bus-tickets-from-lagos-ilorin\/","og_site_name":"Tiketi.com","article_publisher":"https:\/\/www.facebook.com\/TiketiCom\/","article_modified_time":"2022-01-29T19:07:50+00:00","og_image":[{"width":1200,"height":206,"url":"https:\/\/tiketi.com\/wp-content\/uploads\/2022\/01\/bus-ticket-online-booking.jpg","type":"image\/jpeg"}],"twitter_card":"summary_large_image","twitter_misc":{"Dur\u00e9e de lecture estim\u00e9e":"2 minutes"},"schema":{"@context":"https:\/\/schema.org","@graph":[{"@type":"WebPage","@id":"https:\/\/tiketi.com\/online-bus-tickets-from-lagos-ilorin\/","url":"https:\/\/tiketi.com\/online-bus-tickets-from-lagos-ilorin\/","name":"Bus de Lagos \u00e0 Ilorin Billets de bus, horaires, tarifs et itin\u00e9raire","isPartOf":{"@id":"https:\/\/tiketi.com\/#website"},"primaryImageOfPage":{"@id":"https:\/\/tiketi.com\/online-bus-tickets-from-lagos-ilorin\/#primaryimage"},"image":{"@id":"https:\/\/tiketi.com\/online-bus-tickets-from-lagos-ilorin\/#primaryimage"},"thumbnailUrl":"https:\/\/tiketi.com\/wp-content\/uploads\/2022\/01\/bus-ticket-online-booking.jpg","datePublished":"2022-01-19T11:54:54+00:00","dateModified":"2022-01-29T19:07:50+00:00","description":"Vous recherchez une application de r\u00e9servation de billets de bus de Lagos \u00e0 Ilorin, des itin\u00e9raires, des horaires et des tarifs\u00a0? R\u00e9servez en ligne des billets de bus \u00e0 bas prix de Lagos \u00e0 Ilorin","breadcrumb":{"@id":"https:\/\/tiketi.com\/online-bus-tickets-from-lagos-ilorin\/#breadcrumb"},"inLanguage":"fr-FR","potentialAction":[{"@type":"ReadAction","target":["https:\/\/tiketi.com\/online-bus-tickets-from-lagos-ilorin\/"]}]},{"@type":"ImageObject","inLanguage":"fr-FR","@id":"https:\/\/tiketi.com\/online-bus-tickets-from-lagos-ilorin\/#primaryimage","url":"https:\/\/tiketi.com\/wp-content\/uploads\/2022\/01\/bus-ticket-online-booking.jpg","contentUrl":"https:\/\/tiketi.com\/wp-content\/uploads\/2022\/01\/bus-ticket-online-booking.jpg","width":1200,"height":206,"caption":"Online Bus Ticket Booking"},{"@type":"BreadcrumbList","@id":"https:\/\/tiketi.com\/online-bus-tickets-from-lagos-ilorin\/#breadcrumb","itemListElement":[{"@type":"ListItem","position":1,"name":"Home","item":"https:\/\/tiketi.com\/"},{"@type":"ListItem","position":2,"name":"Bus from Lagos to Ilorin Bus Tickets, Schedule, Fare &#038; Route"}]},{"@type":"WebSite","@id":"https:\/\/tiketi.com\/#website","url":"https:\/\/tiketi.com\/","name":"Billets d&#039;avion et de bus, forfaits touristiques et activit\u00e9s - Tiketi.com","description":"Billets d&#039;avion et de bus, Tours, Activit\u00e9s","publisher":{"@id":"https:\/\/tiketi.com\/#organization"},"potentialAction":[{"@type":"SearchAction","target":{"@type":"EntryPoint","urlTemplate":"https:\/\/tiketi.com\/?s={search_term_string}"},"query-input":{"@type":"PropertyValueSpecification","valueRequired":true,"valueName":"search_term_string"}}],"inLanguage":"fr-FR"},{"@type":"Organization","@id":"https:\/\/tiketi.com\/#organization","name":"Tiketi.com","alternateName":"Tiketi","url":"https:\/\/tiketi.com\/","logo":{"@type":"ImageObject","inLanguage":"fr-FR","@id":"https:\/\/tiketi.com\/#\/schema\/logo\/image\/","url":"https:\/\/tiketi.com\/wp-content\/uploads\/2019\/05\/tiketi-logo-696.png","contentUrl":"https:\/\/tiketi.com\/wp-content\/uploads\/2019\/05\/tiketi-logo-696.png","width":696,"height":696,"caption":"Tiketi.com"},"image":{"@id":"https:\/\/tiketi.com\/#\/schema\/logo\/image\/"},"sameAs":["https:\/\/www.facebook.com\/TiketiCom\/"]}]}},"_links":{"self":[{"href":"https:\/\/tiketi.com\/fr-fr\/wp-json\/wp\/v2\/pages\/11569","targetHints":{"allow":["GET"]}}],"collection":[{"href":"https:\/\/tiketi.com\/fr-fr\/wp-json\/wp\/v2\/pages"}],"about":[{"href":"https:\/\/tiketi.com\/fr-fr\/wp-json\/wp\/v2\/types\/page"}],"author":[{"embeddable":true,"href":"https:\/\/tiketi.com\/fr-fr\/wp-json\/wp\/v2\/users\/1"}],"replies":[{"embeddable":true,"href":"https:\/\/tiketi.com\/fr-fr\/wp-json\/wp\/v2\/comments?post=11569"}],"version-history":[{"count":0,"href":"https:\/\/tiketi.com\/fr-fr\/wp-json\/wp\/v2\/pages\/11569\/revisions"}],"wp:featuredmedia":[{"embeddable":true,"href":"https:\/\/tiketi.com\/fr-fr\/wp-json\/wp\/v2\/media\/13999"}],"wp:attachment":[{"href":"https:\/\/tiketi.com\/fr-fr\/wp-json\/wp\/v2\/media?parent=11569"}],"curies":[{"name":"wp","href":"https:\/\/api.w.org\/{rel}","templated":true}]}}