{"id":11571,"date":"2022-01-19T12:54:54","date_gmt":"2022-01-19T11:54:54","guid":{"rendered":"https:\/\/new.tiketi.com\/cheap-flights-from-accra-to-london\/"},"modified":"2022-02-07T15:26:10","modified_gmt":"2022-02-07T14:26:10","slug":"cheap-flights-from-accra-to-london","status":"publish","type":"page","link":"https:\/\/tiketi.com\/fr-fr\/cheap-flights-from-accra-to-london\/","title":{"rendered":"Vols bon march\u00e9 de Accra \u00e0 Londres"},"content":{"rendered":"<h2>Vous recherchez un billet d&#039;avion pas cher de Accra \u00e0 Londres ou des offres de derni\u00e8re minute ?<\/h2>\n<h3>Recherchez, comparez et r\u00e9servez en ligne maintenant un billet d&#039;avion pas cher de Accra (ACC) \u00e0 Londres (LHR).<\/h3>\n<p>R\u00e9servez en ligne des vols \u00e0 bas prix de Accra \u00e0 Londres et \u00e9conomisez du temps et de l&#039;argent. Londres a une population de plus de 8 millions d&#039;habitants tandis qu&#039;Accra a une population d&#039;un peu moins de 2 millions d&#039;habitants. Les visiteurs de Londres peuvent s&#039;attendre \u00e0 voir de grandes attractions de la ville, notamment le Hyde Park, le British Museum, la Tamise, la Tour de Londres, le palais de Buckingham et le London Eye. La vie nocturne \u00e0 Londres est class\u00e9e parmi les meilleures au monde, car il existe un certain nombre de bars et de clubs. En raison d&#039;une combinaison de presque toutes les nationalit\u00e9s, races et cultures, vous pouvez vous attendre \u00e0 trouver des cuisines de toute la plan\u00e8te. R\u00e9servez des vols de Accra \u00e0 Londres au prix le plus bas \u2013 obtenez des offres exceptionnelles sur votre billet d&#039;avion de Accra \u00e0 Londres en ligne. N&#039;h\u00e9sitez plus et profitez d&#039;offres incroyables sur les billets d&#039;avion de Accra \u00e0 Londres.<\/p>\n<p>La capitale du Ghana est une m\u00e9tropole dynamique et moderne, c&#039;est toujours une ville entour\u00e9e par la nature et surplombant l&#039;oc\u00e9an, qui b\u00e9n\u00e9ficie d&#039;un climat enviable, d&#039;une nourriture locale r\u00e9elle et fra\u00eeche - toutes choses qui sont presque impossibles \u00e0 trouver \u00e0 Londres.<\/p>\n<h2>FAQ sur les vols pas chers de Accra \u00e0 Londres<\/h2>\n<h3>Quelle est la distance de Londres, Royaume-Uni \u00e0 Accra ?<\/h3>\n<p>La distance entre les vols Londres et Accra est de 5 096 kilom\u00e8tres.<\/p>\n<h3>Combien de temps dure le billet d&#039;avion pas cher de Accra \u00e0 Londres ?<\/h3>\n<p>La dur\u00e9e moyenne d&#039;un vol Accra-Londres est de six heures et quarante-cinq minutes.<\/p>\n<h3>Dans quelle mesure les vols Accra-Londres sont-ils directs\u00a0?<\/h3>\n<p>Il y a quatre vols directs entre Accra et Londres.<\/p>\n<h3>Quelles sont les compagnies a\u00e9riennes Accra les plus c\u00e9l\u00e8bres pour les vols Accra - Londres pas chers ?<\/h3>\n<p>British Airways propose cent pour cent des vols sans escale entre Accra et Londres.<\/p>\n<h3>Combien d&#039;a\u00e9roports y a-t-il \u00e0 Londres ?<\/h3>\n<p>Il y a quatre a\u00e9roports \u00e0 Londres : Londres Gatwick, Londres Heathrow, Londres Luton et Londres Stansted.<\/p>\n<h3>Quelles compagnies a\u00e9riennes op\u00e8rent des vols Accra - Londres ?<\/h3>\n<p>Les compagnies a\u00e9riennes reliant Accra \u00e0 Londres contiennent British Airways, American Airlines.<\/p>\n<h3>Combien de vols y a-t-il entre A\u00e9roport de Londres-Heathrow et Accra ?<\/h3>\n<p>Il y a sept vols directs par semaine entre l&#039;a\u00e9roport de Londres Heathrow et Accra, avec une moyenne d&#039;un par jour.<\/p>\n<h3>Quel est le jour de la semaine le moins cher pour voyager de Accra \u00e0 Londres ?<\/h3>\n<p>Pour un billet d&#039;avion pas cher de Accra \u00e0 Londres, le samedi est en moyenne le jour le moins cher pour prendre l&#039;avion et le mercredi le plus cher. Volant de Londres \u00e0 Accra, les meilleures offres sont g\u00e9n\u00e9ralement trouv\u00e9es le samedi, le jeudi \u00e9tant le plus cher.<\/p>\n<h2>Conseils pour un billet d&#039;avion pas cher de Accra \u00e0 Londres<\/h2>\n<p>\u2022 Les billets d&#039;avion pas chers de Accra \u00e0 A\u00e9roport de Londres ont \u00e9t\u00e9 trouv\u00e9s, en moyenne, soixante-neuf jours avant le d\u00e9part.<\/p>\n<p>\u2022 R\u00e9servez au moins trois semaines avant le d\u00e9part afin d&#039;obtenir un prix inf\u00e9rieur \u00e0 la moyenne.<\/p>\n<p>\u2022 La haute saison est consid\u00e9r\u00e9e comme ao\u00fbt, juillet et septembre. Le mois abordable pour voler est mars.<\/p>\n<p>\u2022 Le vol le plus rapide de Ghana \u00e0 Londres est d&#039;Accra \u00e0 Londres, avec un temps de vol moyen d&#039;Accra \u00e0 Londres de 9h 30m.<\/p>","protected":false},"excerpt":{"rendered":"<p>Looking for cheap airline ticket from Accra to London\u00a0or last minute deals? Search, compare and book cheap airline ticket from Accra (ACC) to London (LHR) online now. Book cheap flights from Accra to London online and save time and money. London has a population of over 8 million people while Accra has a population of [&hellip;]<\/p>\n","protected":false},"author":1,"featured_media":14230,"parent":0,"menu_order":0,"comment_status":"open","ping_status":"closed","template":"template-home-modern.php","meta":{"footnotes":""},"class_list":["post-11571","page","type-page","status-publish","has-post-thumbnail","hentry"],"yoast_head":"<!-- This site is optimized with the Yoast SEO plugin v27.3 - https:\/\/yoast.com\/product\/yoast-seo-wordpress\/ -->\n<title>Cheap flights from Accra to London<\/title>\n<meta name=\"description\" content=\"Looking for cheap flights from\u00a0Accra to London? Search, compare and book cheap airline ticket from Accra to London online now\" \/>\n<meta name=\"robots\" content=\"index, follow, max-snippet:-1, max-image-preview:large, max-video-preview:-1\" \/>\n<link rel=\"canonical\" href=\"https:\/\/tiketi.com\/fr-fr\/cheap-flights-from-accra-to-london\/\" \/>\n<meta property=\"og:locale\" content=\"fr_FR\" \/>\n<meta property=\"og:type\" content=\"article\" \/>\n<meta property=\"og:title\" content=\"Cheap flights from Accra to London\" \/>\n<meta property=\"og:description\" content=\"Looking for cheap flights from\u00a0Accra to London? Search, compare and book cheap airline ticket from Accra to London online now\" \/>\n<meta property=\"og:url\" content=\"https:\/\/tiketi.com\/fr-fr\/cheap-flights-from-accra-to-london\/\" \/>\n<meta property=\"og:site_name\" content=\"Tiketi.com\" \/>\n<meta property=\"article:publisher\" content=\"https:\/\/www.facebook.com\/TiketiCom\/\" \/>\n<meta property=\"article:modified_time\" content=\"2022-02-07T14:26:10+00:00\" \/>\n<meta property=\"og:image\" content=\"https:\/\/tiketi.com\/wp-content\/uploads\/2022\/01\/london-2239726_1280.jpg\" \/>\n\t<meta property=\"og:image:width\" content=\"1200\" \/>\n\t<meta property=\"og:image:height\" content=\"200\" \/>\n\t<meta property=\"og:image:type\" content=\"image\/jpeg\" \/>\n<meta name=\"twitter:card\" content=\"summary_large_image\" \/>\n<meta name=\"twitter:label1\" content=\"Dur\u00e9e de lecture estim\u00e9e\" \/>\n\t<meta name=\"twitter:data1\" content=\"3 minutes\" \/>\n<script type=\"application\/ld+json\" class=\"yoast-schema-graph\">{\"@context\":\"https:\\\/\\\/schema.org\",\"@graph\":[{\"@type\":\"WebPage\",\"@id\":\"https:\\\/\\\/tiketi.com\\\/cheap-flights-from-accra-to-london\\\/\",\"url\":\"https:\\\/\\\/tiketi.com\\\/cheap-flights-from-accra-to-london\\\/\",\"name\":\"Cheap flights from Accra to London\",\"isPartOf\":{\"@id\":\"https:\\\/\\\/tiketi.com\\\/#website\"},\"primaryImageOfPage\":{\"@id\":\"https:\\\/\\\/tiketi.com\\\/cheap-flights-from-accra-to-london\\\/#primaryimage\"},\"image\":{\"@id\":\"https:\\\/\\\/tiketi.com\\\/cheap-flights-from-accra-to-london\\\/#primaryimage\"},\"thumbnailUrl\":\"https:\\\/\\\/tiketi.com\\\/wp-content\\\/uploads\\\/2022\\\/01\\\/london-2239726_1280.jpg\",\"datePublished\":\"2022-01-19T11:54:54+00:00\",\"dateModified\":\"2022-02-07T14:26:10+00:00\",\"description\":\"Looking for cheap flights from\u00a0Accra to London? Search, compare and book cheap airline ticket from Accra to London online now\",\"breadcrumb\":{\"@id\":\"https:\\\/\\\/tiketi.com\\\/cheap-flights-from-accra-to-london\\\/#breadcrumb\"},\"inLanguage\":\"fr-FR\",\"potentialAction\":[{\"@type\":\"ReadAction\",\"target\":[\"https:\\\/\\\/tiketi.com\\\/cheap-flights-from-accra-to-london\\\/\"]}]},{\"@type\":\"ImageObject\",\"inLanguage\":\"fr-FR\",\"@id\":\"https:\\\/\\\/tiketi.com\\\/cheap-flights-from-accra-to-london\\\/#primaryimage\",\"url\":\"https:\\\/\\\/tiketi.com\\\/wp-content\\\/uploads\\\/2022\\\/01\\\/london-2239726_1280.jpg\",\"contentUrl\":\"https:\\\/\\\/tiketi.com\\\/wp-content\\\/uploads\\\/2022\\\/01\\\/london-2239726_1280.jpg\",\"width\":1200,\"height\":200,\"caption\":\"Air Taxi in London\"},{\"@type\":\"BreadcrumbList\",\"@id\":\"https:\\\/\\\/tiketi.com\\\/cheap-flights-from-accra-to-london\\\/#breadcrumb\",\"itemListElement\":[{\"@type\":\"ListItem\",\"position\":1,\"name\":\"Home\",\"item\":\"https:\\\/\\\/tiketi.com\\\/\"},{\"@type\":\"ListItem\",\"position\":2,\"name\":\"Cheap flights from Accra to London\"}]},{\"@type\":\"WebSite\",\"@id\":\"https:\\\/\\\/tiketi.com\\\/#website\",\"url\":\"https:\\\/\\\/tiketi.com\\\/\",\"name\":\"Flight & Bus Tickets, Tour Packages & Activitites - Tiketi.com\",\"description\":\"Flight &amp; Bus Tickets, Tours, Activitites\",\"publisher\":{\"@id\":\"https:\\\/\\\/tiketi.com\\\/#organization\"},\"potentialAction\":[{\"@type\":\"SearchAction\",\"target\":{\"@type\":\"EntryPoint\",\"urlTemplate\":\"https:\\\/\\\/tiketi.com\\\/?s={search_term_string}\"},\"query-input\":{\"@type\":\"PropertyValueSpecification\",\"valueRequired\":true,\"valueName\":\"search_term_string\"}}],\"inLanguage\":\"fr-FR\"},{\"@type\":\"Organization\",\"@id\":\"https:\\\/\\\/tiketi.com\\\/#organization\",\"name\":\"Tiketi.com\",\"alternateName\":\"Tiketi\",\"url\":\"https:\\\/\\\/tiketi.com\\\/\",\"logo\":{\"@type\":\"ImageObject\",\"inLanguage\":\"fr-FR\",\"@id\":\"https:\\\/\\\/tiketi.com\\\/#\\\/schema\\\/logo\\\/image\\\/\",\"url\":\"https:\\\/\\\/tiketi.com\\\/wp-content\\\/uploads\\\/2019\\\/05\\\/tiketi-logo-696.png\",\"contentUrl\":\"https:\\\/\\\/tiketi.com\\\/wp-content\\\/uploads\\\/2019\\\/05\\\/tiketi-logo-696.png\",\"width\":696,\"height\":696,\"caption\":\"Tiketi.com\"},\"image\":{\"@id\":\"https:\\\/\\\/tiketi.com\\\/#\\\/schema\\\/logo\\\/image\\\/\"},\"sameAs\":[\"https:\\\/\\\/www.facebook.com\\\/TiketiCom\\\/\"]}]}<\/script>\n<!-- \/ Yoast SEO plugin. -->","yoast_head_json":{"title":"Vols bon march\u00e9 de Accra \u00e0 Londres","description":"Vous cherchez des vols \u00e0 bas prix de Accra \u00e0 Londres ? Recherchez, comparez et r\u00e9servez en ligne maintenant un billet d&#039;avion pas cher de Accra \u00e0 Londres","robots":{"index":"index","follow":"follow","max-snippet":"max-snippet:-1","max-image-preview":"max-image-preview:large","max-video-preview":"max-video-preview:-1"},"canonical":"https:\/\/tiketi.com\/fr-fr\/cheap-flights-from-accra-to-london\/","og_locale":"fr_FR","og_type":"article","og_title":"Cheap flights from Accra to London","og_description":"Looking for cheap flights from\u00a0Accra to London? Search, compare and book cheap airline ticket from Accra to London online now","og_url":"https:\/\/tiketi.com\/fr-fr\/cheap-flights-from-accra-to-london\/","og_site_name":"Tiketi.com","article_publisher":"https:\/\/www.facebook.com\/TiketiCom\/","article_modified_time":"2022-02-07T14:26:10+00:00","og_image":[{"width":1200,"height":200,"url":"https:\/\/tiketi.com\/wp-content\/uploads\/2022\/01\/london-2239726_1280.jpg","type":"image\/jpeg"}],"twitter_card":"summary_large_image","twitter_misc":{"Dur\u00e9e de lecture estim\u00e9e":"3 minutes"},"schema":{"@context":"https:\/\/schema.org","@graph":[{"@type":"WebPage","@id":"https:\/\/tiketi.com\/cheap-flights-from-accra-to-london\/","url":"https:\/\/tiketi.com\/cheap-flights-from-accra-to-london\/","name":"Vols bon march\u00e9 de Accra \u00e0 Londres","isPartOf":{"@id":"https:\/\/tiketi.com\/#website"},"primaryImageOfPage":{"@id":"https:\/\/tiketi.com\/cheap-flights-from-accra-to-london\/#primaryimage"},"image":{"@id":"https:\/\/tiketi.com\/cheap-flights-from-accra-to-london\/#primaryimage"},"thumbnailUrl":"https:\/\/tiketi.com\/wp-content\/uploads\/2022\/01\/london-2239726_1280.jpg","datePublished":"2022-01-19T11:54:54+00:00","dateModified":"2022-02-07T14:26:10+00:00","description":"Vous cherchez des vols \u00e0 bas prix de Accra \u00e0 Londres ? Recherchez, comparez et r\u00e9servez en ligne maintenant un billet d&#039;avion pas cher de Accra \u00e0 Londres","breadcrumb":{"@id":"https:\/\/tiketi.com\/cheap-flights-from-accra-to-london\/#breadcrumb"},"inLanguage":"fr-FR","potentialAction":[{"@type":"ReadAction","target":["https:\/\/tiketi.com\/cheap-flights-from-accra-to-london\/"]}]},{"@type":"ImageObject","inLanguage":"fr-FR","@id":"https:\/\/tiketi.com\/cheap-flights-from-accra-to-london\/#primaryimage","url":"https:\/\/tiketi.com\/wp-content\/uploads\/2022\/01\/london-2239726_1280.jpg","contentUrl":"https:\/\/tiketi.com\/wp-content\/uploads\/2022\/01\/london-2239726_1280.jpg","width":1200,"height":200,"caption":"Air Taxi in London"},{"@type":"BreadcrumbList","@id":"https:\/\/tiketi.com\/cheap-flights-from-accra-to-london\/#breadcrumb","itemListElement":[{"@type":"ListItem","position":1,"name":"Home","item":"https:\/\/tiketi.com\/"},{"@type":"ListItem","position":2,"name":"Cheap flights from Accra to London"}]},{"@type":"WebSite","@id":"https:\/\/tiketi.com\/#website","url":"https:\/\/tiketi.com\/","name":"Billets d&#039;avion et de bus, forfaits touristiques et activit\u00e9s - Tiketi.com","description":"Billets d&#039;avion et de bus, Tours, Activit\u00e9s","publisher":{"@id":"https:\/\/tiketi.com\/#organization"},"potentialAction":[{"@type":"SearchAction","target":{"@type":"EntryPoint","urlTemplate":"https:\/\/tiketi.com\/?s={search_term_string}"},"query-input":{"@type":"PropertyValueSpecification","valueRequired":true,"valueName":"search_term_string"}}],"inLanguage":"fr-FR"},{"@type":"Organization","@id":"https:\/\/tiketi.com\/#organization","name":"Tiketi.com","alternateName":"Tiketi","url":"https:\/\/tiketi.com\/","logo":{"@type":"ImageObject","inLanguage":"fr-FR","@id":"https:\/\/tiketi.com\/#\/schema\/logo\/image\/","url":"https:\/\/tiketi.com\/wp-content\/uploads\/2019\/05\/tiketi-logo-696.png","contentUrl":"https:\/\/tiketi.com\/wp-content\/uploads\/2019\/05\/tiketi-logo-696.png","width":696,"height":696,"caption":"Tiketi.com"},"image":{"@id":"https:\/\/tiketi.com\/#\/schema\/logo\/image\/"},"sameAs":["https:\/\/www.facebook.com\/TiketiCom\/"]}]}},"_links":{"self":[{"href":"https:\/\/tiketi.com\/fr-fr\/wp-json\/wp\/v2\/pages\/11571","targetHints":{"allow":["GET"]}}],"collection":[{"href":"https:\/\/tiketi.com\/fr-fr\/wp-json\/wp\/v2\/pages"}],"about":[{"href":"https:\/\/tiketi.com\/fr-fr\/wp-json\/wp\/v2\/types\/page"}],"author":[{"embeddable":true,"href":"https:\/\/tiketi.com\/fr-fr\/wp-json\/wp\/v2\/users\/1"}],"replies":[{"embeddable":true,"href":"https:\/\/tiketi.com\/fr-fr\/wp-json\/wp\/v2\/comments?post=11571"}],"version-history":[{"count":0,"href":"https:\/\/tiketi.com\/fr-fr\/wp-json\/wp\/v2\/pages\/11571\/revisions"}],"wp:featuredmedia":[{"embeddable":true,"href":"https:\/\/tiketi.com\/fr-fr\/wp-json\/wp\/v2\/media\/14230"}],"wp:attachment":[{"href":"https:\/\/tiketi.com\/fr-fr\/wp-json\/wp\/v2\/media?parent=11571"}],"curies":[{"name":"wp","href":"https:\/\/api.w.org\/{rel}","templated":true}]}}