{"id":11572,"date":"2022-01-19T12:54:54","date_gmt":"2022-01-19T11:54:54","guid":{"rendered":"https:\/\/new.tiketi.com\/cheap-flights-from-accra-to-johannesburg\/"},"modified":"2022-02-07T12:26:13","modified_gmt":"2022-02-07T11:26:13","slug":"cheap-flights-from-accra-to-johannesburg","status":"publish","type":"page","link":"https:\/\/tiketi.com\/fr-fr\/cheap-flights-from-accra-to-johannesburg\/","title":{"rendered":"Vols pas chers de Accra \u00e0 Johannesbourg"},"content":{"rendered":"<h2>Vous cherchez un billet d&#039;avion pas cher \u00e0 partir de Accra pour Johannesbourg ou des offres de derni\u00e8re minute ?<\/h2>\n<h3>Recherchez, comparez et r\u00e9servez d\u00e8s maintenant un billet d&#039;avion pas cher de Accra (ACC) \u00e0 Johannesbourg (JNB).<\/h3>\n<p>R\u00e9servez un billet d&#039;avion pas cher d&#039;Accra \u00e0 Johannesbourg en ligne et \u00e9conomisez du temps et de l&#039;argent. Johannesburg est la plus grande ville d&#039;Afrique du Sud et \u00e9galement la plus grande en termes de superficie de tout le continent africain. C&#039;est la ville la plus vitale et la plus riche de tout le continent en termes d&#039;affaires et de finance et abrite donc la plus grande bourse d&#039;Afrique et le plus grand a\u00e9roport d&#039;affaires du pays. Tous les vols internationaux \u00e0 destination de Johannesburg sont g\u00e9r\u00e9s par le m\u00eame a\u00e9roport appel\u00e9 a\u00e9roport international OR Tambo. R\u00e9servez des vols de Accra \u00e0 Johannesbourg au prix le moins cher \u2013 obtenez des offres exceptionnelles sur votre billet d&#039;avion d&#039;Accra \u00e0 Johannesbourg en ligne. N&#039;h\u00e9sitez plus et profitez d\u00e8s maintenant d&#039;offres incroyables sur les billets d&#039;avion d&#039;Accra \u00e0 Johannesbourg.<\/p>\n<p>Pour d\u00e9couvrir la v\u00e9ritable ambiance et les merveilles de la ville, les touristes commencent \u00e0 rechercher des vols pas chers d&#039;Accra \u00e0 Johannesburg chaque p\u00e9riode des f\u00eates. D&#039;autre part, les voyageurs d&#039;affaires privil\u00e9gient les vols les plus luxueux pour la ville, qui pourraient m\u00eame \u00eatre les vols super luxueux d&#039;Airbus A380 que cet a\u00e9roport de premi\u00e8re classe est capable d&#039;accueillir. Voici le guide pour r\u00e9server des vols pas chers d\u2019Accra \u00e0 Johannesbourg :<\/p>\n<h3>Combien de temps dure un vol d&#039;Accra \u00e0 Johannesbourg ?<\/h3>\n<p>Le vol direct moyen d&#039;Accra \u00e0 Johannesburg dure 9h 52m, couvrant une distance de 4672 km.<\/p>\n<h3>Combien de vols y a-t-il entre Johannesbourg et Accra ?<\/h3>\n<p>Il y a vingt et un vols de Johannesburg au d\u00e9part d&#039;Accra par semaine, soit en moyenne trois par jour.<\/p>\n<h3>Quel est le jour de la semaine le moins cher pour prendre un vol Accra - Johannesbourg ?<\/h3>\n<p>Les vols Accra - Johannesburg sont bon march\u00e9, le mardi est le jour le moins cher pour prendre un vol en moyenne et le lundi est le plus cher. Pour un vol retour de Johannesburg \u00e0 Accra, les meilleures offres sont g\u00e9n\u00e9ralement trouv\u00e9es le samedi, le dimanche \u00e9tant le plus cher.<\/p>\n<h3>Par quels a\u00e9roports vais-je utiliser les vols les moins chers d&#039;Accra \u00e0 Johannesbourg ?<\/h3>\n<p>Lorsque vous quittez Accra, vous utiliserez Accra Kotoka, g\u00e9n\u00e9ralement appel\u00e9 a\u00e9roport d&#039;Accra. Vous atterrirez \u00e0 Johannesburg OR Tambo, \u00e9galement appel\u00e9 a\u00e9roport de Johannesburg.<\/p>\n<h2>Conseils pour les vols de Accra \u00e0 Johannesbourg<\/h2>\n<p>\u2022 Des vols bon march\u00e9 d&#039;Accra \u00e0 Johannesburg ont \u00e9t\u00e9 trouv\u00e9s en moyenne quatre-vingt-huit jours avant le d\u00e9part.<\/p>\n<p>\u2022 R\u00e9servez au moins quatre semaines avant le d\u00e9part afin d&#039;obtenir un prix inf\u00e9rieur \u00e0 la moyenne.<\/p>\n<p>\u2022 La haute saison s&#039;\u00e9tend de novembre \u00e0 janvier. Le mois abordable pour voler est f\u00e9vrier.<\/p>\n<p>\u2022 La distance de vol entre Johannesbourg et Accra est de 4666 km.<\/p>\n<p>\u2022 La compagnie a\u00e9rienne la plus c\u00e9l\u00e8bre reliant Accra \u00e0 Johannesburg est Kenya Airways.<\/p>\n<p>\u2022 Le temps de vol le plus rapide d&#039;Accra \u00e0 Johannesburg avec escales est de douze heures trente-cinq minutes.<\/p>\n<p>\u2022 Le premier vol de la journ\u00e9e part \u00e0 10h50. Le dernier vol de la journ\u00e9e part \u00e0 10h40.<\/p>","protected":false},"excerpt":{"rendered":"<p>Looking for cheap airline ticket from Accra to Johannesburg\u00a0or last minute deals? Search, compare and book cheap airline ticket from Accra (ACC) to Johannesburg (JNB) online now. Book cheap airline ticket from Accra to Johannesburg online and save time and money. Johannesburg is the biggest city of South Africa and also the biggest by area [&hellip;]<\/p>\n","protected":false},"author":1,"featured_media":14041,"parent":0,"menu_order":0,"comment_status":"open","ping_status":"closed","template":"template-home-modern.php","meta":{"footnotes":""},"class_list":["post-11572","page","type-page","status-publish","has-post-thumbnail","hentry"],"yoast_head":"<!-- This site is optimized with the Yoast SEO plugin v27.5 - https:\/\/yoast.com\/product\/yoast-seo-wordpress\/ -->\n<title>Cheap flights from Accra to Johannesburg<\/title>\n<meta name=\"description\" content=\"Looking for cheap flights from\u00a0Accra to Johannesburg? Search, compare and book cheap airline ticket from Accra to Johannesburg online\" \/>\n<meta name=\"robots\" content=\"index, follow, max-snippet:-1, max-image-preview:large, max-video-preview:-1\" \/>\n<link rel=\"canonical\" href=\"https:\/\/tiketi.com\/fr-fr\/cheap-flights-from-accra-to-johannesburg\/\" \/>\n<meta property=\"og:locale\" content=\"fr_FR\" \/>\n<meta property=\"og:type\" content=\"article\" \/>\n<meta property=\"og:title\" content=\"Cheap flights from Accra to Johannesburg\" \/>\n<meta property=\"og:description\" content=\"Looking for cheap flights from\u00a0Accra to Johannesburg? Search, compare and book cheap airline ticket from Accra to Johannesburg online\" \/>\n<meta property=\"og:url\" content=\"https:\/\/tiketi.com\/fr-fr\/cheap-flights-from-accra-to-johannesburg\/\" \/>\n<meta property=\"og:site_name\" content=\"Tiketi.com\" \/>\n<meta property=\"article:publisher\" content=\"https:\/\/www.facebook.com\/TiketiCom\/\" \/>\n<meta property=\"article:modified_time\" content=\"2022-02-07T11:26:13+00:00\" \/>\n<meta property=\"og:image\" content=\"https:\/\/tiketi.com\/wp-content\/uploads\/2022\/01\/flight-ticket-booking-sorasak-KxCJXXGsv9I-unsplas.jpg\" \/>\n\t<meta property=\"og:image:width\" content=\"1200\" \/>\n\t<meta property=\"og:image:height\" content=\"240\" \/>\n\t<meta property=\"og:image:type\" content=\"image\/jpeg\" \/>\n<meta name=\"twitter:card\" content=\"summary_large_image\" \/>\n<meta name=\"twitter:label1\" content=\"Dur\u00e9e de lecture estim\u00e9e\" \/>\n\t<meta name=\"twitter:data1\" content=\"3 minutes\" \/>\n<script type=\"application\/ld+json\" class=\"yoast-schema-graph\">{\"@context\":\"https:\\\/\\\/schema.org\",\"@graph\":[{\"@type\":\"WebPage\",\"@id\":\"https:\\\/\\\/tiketi.com\\\/cheap-flights-from-accra-to-johannesburg\\\/\",\"url\":\"https:\\\/\\\/tiketi.com\\\/cheap-flights-from-accra-to-johannesburg\\\/\",\"name\":\"Cheap flights from Accra to Johannesburg\",\"isPartOf\":{\"@id\":\"https:\\\/\\\/tiketi.com\\\/#website\"},\"primaryImageOfPage\":{\"@id\":\"https:\\\/\\\/tiketi.com\\\/cheap-flights-from-accra-to-johannesburg\\\/#primaryimage\"},\"image\":{\"@id\":\"https:\\\/\\\/tiketi.com\\\/cheap-flights-from-accra-to-johannesburg\\\/#primaryimage\"},\"thumbnailUrl\":\"https:\\\/\\\/tiketi.com\\\/wp-content\\\/uploads\\\/2022\\\/01\\\/flight-ticket-booking-sorasak-KxCJXXGsv9I-unsplas.jpg\",\"datePublished\":\"2022-01-19T11:54:54+00:00\",\"dateModified\":\"2022-02-07T11:26:13+00:00\",\"description\":\"Looking for cheap flights from\u00a0Accra to Johannesburg? Search, compare and book cheap airline ticket from Accra to Johannesburg online\",\"breadcrumb\":{\"@id\":\"https:\\\/\\\/tiketi.com\\\/cheap-flights-from-accra-to-johannesburg\\\/#breadcrumb\"},\"inLanguage\":\"fr-FR\",\"potentialAction\":[{\"@type\":\"ReadAction\",\"target\":[\"https:\\\/\\\/tiketi.com\\\/cheap-flights-from-accra-to-johannesburg\\\/\"]}]},{\"@type\":\"ImageObject\",\"inLanguage\":\"fr-FR\",\"@id\":\"https:\\\/\\\/tiketi.com\\\/cheap-flights-from-accra-to-johannesburg\\\/#primaryimage\",\"url\":\"https:\\\/\\\/tiketi.com\\\/wp-content\\\/uploads\\\/2022\\\/01\\\/flight-ticket-booking-sorasak-KxCJXXGsv9I-unsplas.jpg\",\"contentUrl\":\"https:\\\/\\\/tiketi.com\\\/wp-content\\\/uploads\\\/2022\\\/01\\\/flight-ticket-booking-sorasak-KxCJXXGsv9I-unsplas.jpg\",\"width\":1200,\"height\":240,\"caption\":\"Online flight ticket booking\"},{\"@type\":\"BreadcrumbList\",\"@id\":\"https:\\\/\\\/tiketi.com\\\/cheap-flights-from-accra-to-johannesburg\\\/#breadcrumb\",\"itemListElement\":[{\"@type\":\"ListItem\",\"position\":1,\"name\":\"Home\",\"item\":\"https:\\\/\\\/tiketi.com\\\/\"},{\"@type\":\"ListItem\",\"position\":2,\"name\":\"Cheap flights from Accra to Johannesburg\"}]},{\"@type\":\"WebSite\",\"@id\":\"https:\\\/\\\/tiketi.com\\\/#website\",\"url\":\"https:\\\/\\\/tiketi.com\\\/\",\"name\":\"Flight & Bus Tickets, Tour Packages & Activitites - Tiketi.com\",\"description\":\"Flight &amp; Bus Tickets, Tours, Activitites\",\"publisher\":{\"@id\":\"https:\\\/\\\/tiketi.com\\\/#organization\"},\"potentialAction\":[{\"@type\":\"SearchAction\",\"target\":{\"@type\":\"EntryPoint\",\"urlTemplate\":\"https:\\\/\\\/tiketi.com\\\/?s={search_term_string}\"},\"query-input\":{\"@type\":\"PropertyValueSpecification\",\"valueRequired\":true,\"valueName\":\"search_term_string\"}}],\"inLanguage\":\"fr-FR\"},{\"@type\":\"Organization\",\"@id\":\"https:\\\/\\\/tiketi.com\\\/#organization\",\"name\":\"Tiketi.com\",\"alternateName\":\"Tiketi\",\"url\":\"https:\\\/\\\/tiketi.com\\\/\",\"logo\":{\"@type\":\"ImageObject\",\"inLanguage\":\"fr-FR\",\"@id\":\"https:\\\/\\\/tiketi.com\\\/#\\\/schema\\\/logo\\\/image\\\/\",\"url\":\"https:\\\/\\\/tiketi.com\\\/wp-content\\\/uploads\\\/2019\\\/05\\\/tiketi-logo-696.png\",\"contentUrl\":\"https:\\\/\\\/tiketi.com\\\/wp-content\\\/uploads\\\/2019\\\/05\\\/tiketi-logo-696.png\",\"width\":696,\"height\":696,\"caption\":\"Tiketi.com\"},\"image\":{\"@id\":\"https:\\\/\\\/tiketi.com\\\/#\\\/schema\\\/logo\\\/image\\\/\"},\"sameAs\":[\"https:\\\/\\\/www.facebook.com\\\/TiketiCom\\\/\"]}]}<\/script>\n<!-- \/ Yoast SEO plugin. -->","yoast_head_json":{"title":"Vols pas chers de Accra \u00e0 Johannesbourg","description":"Vous recherchez des vols \u00e0 bas prix au Accra vers Johannesbourg? Recherchez, comparez et r\u00e9servez un billet d&#039;avion pas cher de Accra \u00e0 Johannesbourg en ligne","robots":{"index":"index","follow":"follow","max-snippet":"max-snippet:-1","max-image-preview":"max-image-preview:large","max-video-preview":"max-video-preview:-1"},"canonical":"https:\/\/tiketi.com\/fr-fr\/cheap-flights-from-accra-to-johannesburg\/","og_locale":"fr_FR","og_type":"article","og_title":"Cheap flights from Accra to Johannesburg","og_description":"Looking for cheap flights from\u00a0Accra to Johannesburg? Search, compare and book cheap airline ticket from Accra to Johannesburg online","og_url":"https:\/\/tiketi.com\/fr-fr\/cheap-flights-from-accra-to-johannesburg\/","og_site_name":"Tiketi.com","article_publisher":"https:\/\/www.facebook.com\/TiketiCom\/","article_modified_time":"2022-02-07T11:26:13+00:00","og_image":[{"width":1200,"height":240,"url":"https:\/\/tiketi.com\/wp-content\/uploads\/2022\/01\/flight-ticket-booking-sorasak-KxCJXXGsv9I-unsplas.jpg","type":"image\/jpeg"}],"twitter_card":"summary_large_image","twitter_misc":{"Dur\u00e9e de lecture estim\u00e9e":"3 minutes"},"schema":{"@context":"https:\/\/schema.org","@graph":[{"@type":"WebPage","@id":"https:\/\/tiketi.com\/cheap-flights-from-accra-to-johannesburg\/","url":"https:\/\/tiketi.com\/cheap-flights-from-accra-to-johannesburg\/","name":"Vols pas chers de Accra \u00e0 Johannesbourg","isPartOf":{"@id":"https:\/\/tiketi.com\/#website"},"primaryImageOfPage":{"@id":"https:\/\/tiketi.com\/cheap-flights-from-accra-to-johannesburg\/#primaryimage"},"image":{"@id":"https:\/\/tiketi.com\/cheap-flights-from-accra-to-johannesburg\/#primaryimage"},"thumbnailUrl":"https:\/\/tiketi.com\/wp-content\/uploads\/2022\/01\/flight-ticket-booking-sorasak-KxCJXXGsv9I-unsplas.jpg","datePublished":"2022-01-19T11:54:54+00:00","dateModified":"2022-02-07T11:26:13+00:00","description":"Vous recherchez des vols \u00e0 bas prix au Accra vers Johannesbourg? Recherchez, comparez et r\u00e9servez un billet d&#039;avion pas cher de Accra \u00e0 Johannesbourg en ligne","breadcrumb":{"@id":"https:\/\/tiketi.com\/cheap-flights-from-accra-to-johannesburg\/#breadcrumb"},"inLanguage":"fr-FR","potentialAction":[{"@type":"ReadAction","target":["https:\/\/tiketi.com\/cheap-flights-from-accra-to-johannesburg\/"]}]},{"@type":"ImageObject","inLanguage":"fr-FR","@id":"https:\/\/tiketi.com\/cheap-flights-from-accra-to-johannesburg\/#primaryimage","url":"https:\/\/tiketi.com\/wp-content\/uploads\/2022\/01\/flight-ticket-booking-sorasak-KxCJXXGsv9I-unsplas.jpg","contentUrl":"https:\/\/tiketi.com\/wp-content\/uploads\/2022\/01\/flight-ticket-booking-sorasak-KxCJXXGsv9I-unsplas.jpg","width":1200,"height":240,"caption":"Online flight ticket booking"},{"@type":"BreadcrumbList","@id":"https:\/\/tiketi.com\/cheap-flights-from-accra-to-johannesburg\/#breadcrumb","itemListElement":[{"@type":"ListItem","position":1,"name":"Home","item":"https:\/\/tiketi.com\/"},{"@type":"ListItem","position":2,"name":"Cheap flights from Accra to Johannesburg"}]},{"@type":"WebSite","@id":"https:\/\/tiketi.com\/#website","url":"https:\/\/tiketi.com\/","name":"Billets d&#039;avion et de bus, forfaits touristiques et activit\u00e9s - Tiketi.com","description":"Billets d&#039;avion et de bus, Tours, Activit\u00e9s","publisher":{"@id":"https:\/\/tiketi.com\/#organization"},"potentialAction":[{"@type":"SearchAction","target":{"@type":"EntryPoint","urlTemplate":"https:\/\/tiketi.com\/?s={search_term_string}"},"query-input":{"@type":"PropertyValueSpecification","valueRequired":true,"valueName":"search_term_string"}}],"inLanguage":"fr-FR"},{"@type":"Organization","@id":"https:\/\/tiketi.com\/#organization","name":"Tiketi.com","alternateName":"Tiketi","url":"https:\/\/tiketi.com\/","logo":{"@type":"ImageObject","inLanguage":"fr-FR","@id":"https:\/\/tiketi.com\/#\/schema\/logo\/image\/","url":"https:\/\/tiketi.com\/wp-content\/uploads\/2019\/05\/tiketi-logo-696.png","contentUrl":"https:\/\/tiketi.com\/wp-content\/uploads\/2019\/05\/tiketi-logo-696.png","width":696,"height":696,"caption":"Tiketi.com"},"image":{"@id":"https:\/\/tiketi.com\/#\/schema\/logo\/image\/"},"sameAs":["https:\/\/www.facebook.com\/TiketiCom\/"]}]}},"_links":{"self":[{"href":"https:\/\/tiketi.com\/fr-fr\/wp-json\/wp\/v2\/pages\/11572","targetHints":{"allow":["GET"]}}],"collection":[{"href":"https:\/\/tiketi.com\/fr-fr\/wp-json\/wp\/v2\/pages"}],"about":[{"href":"https:\/\/tiketi.com\/fr-fr\/wp-json\/wp\/v2\/types\/page"}],"author":[{"embeddable":true,"href":"https:\/\/tiketi.com\/fr-fr\/wp-json\/wp\/v2\/users\/1"}],"replies":[{"embeddable":true,"href":"https:\/\/tiketi.com\/fr-fr\/wp-json\/wp\/v2\/comments?post=11572"}],"version-history":[{"count":0,"href":"https:\/\/tiketi.com\/fr-fr\/wp-json\/wp\/v2\/pages\/11572\/revisions"}],"wp:featuredmedia":[{"embeddable":true,"href":"https:\/\/tiketi.com\/fr-fr\/wp-json\/wp\/v2\/media\/14041"}],"wp:attachment":[{"href":"https:\/\/tiketi.com\/fr-fr\/wp-json\/wp\/v2\/media?parent=11572"}],"curies":[{"name":"wp","href":"https:\/\/api.w.org\/{rel}","templated":true}]}}