{"id":11573,"date":"2022-01-19T12:54:54","date_gmt":"2022-01-19T11:54:54","guid":{"rendered":"https:\/\/new.tiketi.com\/cheap-flights-to-kilimanjaro\/"},"modified":"2022-07-14T12:17:37","modified_gmt":"2022-07-14T11:17:37","slug":"cheap-flights-to-kilimanjaro","status":"publish","type":"page","link":"https:\/\/tiketi.com\/fr-fr\/cheap-flights-to-kilimanjaro\/","title":{"rendered":"Vols pas chers vers Kilimandjaro"},"content":{"rendered":"<h2>Vous recherchez un billet d&#039;avion pas cher pour Kilimandjaro ou des offres de derni\u00e8re minute ?<\/h2>\n<h3>Recherchez, comparez et r\u00e9servez en ligne d\u00e8s maintenant des vols pas chers pour Kilimandjaro (JRO).<\/h3>\n<p>R\u00e9servez des vols pas chers vers Kilimandjaro en ligne et \u00e9conomisez de l&#039;argent sur les billets d&#039;avion. L&#039;a\u00e9roport international du Kilimandjaro est situ\u00e9 \u00e0 40 km de la ville de Moshi, situ\u00e9e au pied de la montagne, pr\u00e8s de la fronti\u00e8re entre la Tanzanie et le Kenya. Precision Air propose un service de navette de l&#039;a\u00e9roport du Kilimandjaro vers Moshi, ou vous pouvez prendre un bus local ou un taxi pour le trajet d&#039;une heure. Comparez les prix des billets et obtenez le tarif d&#039;avion le moins cher sur les billets d&#039;avion \u00e0 destination du Kilimandjaro. Comparez les prix et obtenez le tarif le plus bas sur les billets d&#039;avion au d\u00e9part de Kilimandjaro gr\u00e2ce \u00e0 des offres exceptionnelles sur la r\u00e9servation de billets en ligne de vols pour Kilimandjaro. Allez-y et profitez d&#039;offres incroyables sur les billets d&#039;avion pour le Kilimandjaro, en Tanzanie.<\/p>\n<h2>Voici quelques-unes des meilleures attractions du Kilimandjaro<\/h2>\n<h3>Ascension du Kilimandjaro<\/h3>\n<p>Le Mont Kilimandjaro est un volcan endormi avec 3 c\u00f4nes distincts : Shira, Kibo et Mawenzi. Kibo (\u00e9galement appel\u00e9 Uhuru) est le plus haut, \u00e0 5 895 m\u00e8tres d&#039;altitude, et les randonneurs peuvent choisir parmi 6 itin\u00e9raires incroyables jusqu&#039;au sommet en fonction de leur niveau d&#039;exp\u00e9rience et de leur forme physique. Il ne s&#039;agit pas uniquement de sommet, car les pentes abritent l&#039;incroyable lac de crat\u00e8re Chala et 6 zones \u00e9cologiques diff\u00e9rentes allant de l&#039;Arctique aux for\u00eats tropicales.<\/p>\n<p>L&#039;a\u00e9roport du Kilimandjaro est situ\u00e9 en Tanzanie \u00e0 environ trente minutes de Moshi qui se trouve au pied du mont Kilimandjaro : il y a des liaisons de bus vers les h\u00f4tels. Tous les randonneurs doivent \u00eatre accompagn\u00e9s d&#039;un guide officiel. Il existe 5 routes principales vers le sommet : Marangu, Umbwe, Shira et Machame. L&#039;itin\u00e9raire le plus c\u00e9l\u00e8bre est la route Marangu qui commence \u00e0 la porte Marangu \u00e0 six mille pieds et comporte des cabanes et des installations tout au long du chemin.<\/p>\n<p>La meilleure p\u00e9riode pour y aller : d\u00e9cembre \u00e0 f\u00e9vrier et juillet \u00e0 octobre. Ce sont les mois les plus secs et il y a moins de randonneurs. Des v\u00eatements d\u00e9contract\u00e9s suffiront pour les 2 premiers jours. Quoi qu\u2019il en soit, beaucoup sous-estiment les conditions glaciales de la montagne au-dessus de 12 000 pieds. Les v\u00eatements chauds sont essentiels et doivent contenir une parka en duvet avec des chemises en polaire, une capuche, des pantalons chauds, des pantalons coupe-vent et des sous-v\u00eatements imperm\u00e9ables, un chapeau en laine et des mitaines. Les meilleures chaussettes et chaussures de marche se situent \u00e9galement \u00e0 environ 15 000 pieds, mais des chaussures de randonn\u00e9e puissantes avec des chaussettes chaudes et des doublures de chaussettes sont n\u00e9cessaires pour d\u00e9fier le sommet.<\/p>\n<h2>Quels sont les vols les moins chers vers Kilimandjaro par mois ?<\/h2>\n<p>Novembre est actuellement le mois le moins cher pour les vols vers le Kilimandjaro. \u00c0 l\u2019heure actuelle, octobre est le mois le plus co\u00fbteux. Ces prix sont d\u00e9termin\u00e9s par diff\u00e9rents facteurs et r\u00e9server \u00e0 l&#039;avance peut vous aider \u00e0 r\u00e9duire les co\u00fbts si votre emploi du temps n&#039;est pas aussi flexible.<\/p>\n<h2>Quelles sont les compagnies a\u00e9riennes connues pour trouver un billet d&#039;avion pas cher pour Kilimandjaro ?<\/h2>\n<p>Certains grimpeurs britanniques choisissent de se rendre \u00e0 Nairobi via British Airways ou Kenya Airways. Ces billets d&#039;avion pour le Kilimandjaro ne sont accessibles que depuis Heathrow \u00e0 Londres. Les grimpeurs arrivant \u00e0 Nairobi r\u00e9servent g\u00e9n\u00e9ralement un transfert vers l&#039;a\u00e9roport international du Kilimandjaro via Air Kenya, Precision Air, Ethiopian Airways et Air Tanzanie.<\/p>\n<p>Nous d\u00e9conseillons de passer par Nairobi, car l&#039;a\u00e9roport de Nairobi est g\u00e9n\u00e9ralement inconfortable et les temps de transfert peuvent parfois \u00eatre extr\u00eamement longs. Il a \u00e9galement la r\u00e9putation d&#039;une mauvaise gestion des bagages et de retards dans le transfert des bagages entre les vols.<\/p>\n<p>Air Emirates, Turkish Airlines et Qatar desservent \u00e9galement JRO d\u00e9sormais, mais ces vols bon march\u00e9 vers le Kilimandjaro impliquent g\u00e9n\u00e9ralement de longs retards et des vols partant tard dans la nuit. Quoi qu&#039;il en soit, les grimpeurs voyageant depuis l&#039;Am\u00e9rique font souvent \u00e9tat d&#039;un excellent service et d&#039;une exp\u00e9rience de vol avec Turkish Airlines, Qatar et Air Emirates, nous recommandons donc ces vols en provenance d&#039;Am\u00e9rique du Nord pour les vols directs vers le Kilimandjaro.<\/p>\n<h2>Vols Qatar Airways Kilimandjaro (JRO)<\/h2>\n<p>Une nouvelle route internationale directe vers l&#039;a\u00e9roport du Kilimandjaro est g\u00e9r\u00e9e par le Qatar via Doha. Pour les Britanniques vivant \u00e0 proximit\u00e9 de Manchester ou de Londres, cela peut plut\u00f4t bien fonctionner car il existe le choix de voyager depuis les deux a\u00e9roports britanniques jusqu&#039;\u00e0 Doha. L&#039;itin\u00e9raire convient \u00e9galement aux randonneurs vivant en Inde, au Moyen-Orient et en Europe de l&#039;Est.<\/p>\n<h2>De l&#039;Afrique australe<\/h2>\n<p>Depuis l&#039;Afrique australe, de nombreuses compagnies a\u00e9riennes vous emm\u00e8neront \u00e0 Dar es Salaam, Nairobi ou Addis-Abeba, notamment Southern African Airways, Emirates et Kenya Airways.<\/p>\n<h2>Vol le plus pratique vers le Kilimandjaro<\/h2>\n<p>Le billet d&#039;avion le plus pratique, mais le moins cher des compagnies a\u00e9riennes, pour le Kilimandjaro pour la plupart des randonneurs potentiels de l&#039;h\u00e9misph\u00e8re nord est de voler d&#039;Amsterdam sur un vol KML direct vers le Kilimandjaro.<\/p>\n<p>Ce vol du Kilimandjaro quitte Amsterdam vers 10h00 tous les jours et arrive \u00e0 l&#039;a\u00e9roport international du Kilimandjaro vers 20h35 le m\u00eame jour.<\/p>\n<h2>Alternative bon march\u00e9 et adapt\u00e9e<\/h2>\n<p>En ce qui concerne les vols non directs vers les grands centres a\u00e9roportuaires africains proches de l&#039;a\u00e9roport international du Kilimandjaro, votre premier choix est soit Ethiopian Airways, soit Kenyan Airways, qui proposent toutes deux des liaisons depuis les grands a\u00e9roports des \u00c9tats-Unis, du Royaume-Uni, d&#039;Europe et de certains a\u00e9roports de l&#039;h\u00e9misph\u00e8re sud. Ces vols du Kilimandjaro passent respectivement par Nairobi et Addis Abba. Une fois dans ces a\u00e9roports, il est relativement simple de prendre un vol de correspondance vers l&#039;a\u00e9roport international du Kilimandjaro. Les compagnies a\u00e9riennes en correspondance comprennent Precision Air, l&#039;a\u00e9roport \u00e9thiopien et Kenyan Airways.<\/p>\n<h2>Quelle est la meilleure p\u00e9riode pour visiter le Kilimandjaro ?<\/h2>\n<p>Le Kilimandjaro est escaladable toute l&#039;ann\u00e9e. L&#039;excellent mois pour <a href=\"https:\/\/tiketi.com\/fr-fr\/vacations\/tanzania-tour-packages\/\" target=\"_blank\" rel=\"noopener\">monture d&#039;escalade<\/a> Le Kilimandjaro s&#039;\u00e9tend de toute fa\u00e7on de d\u00e9cembre \u00e0 f\u00e9vrier et de juillet \u00e0 octobre, car ce sont les mois les plus chauds et les plus secs. Ao\u00fbt, juillet et septembre ont tendance \u00e0 \u00eatre les mois les plus charg\u00e9s sur la montagne. Un autre facteur \u00e0 prendre en consid\u00e9ration est la pleine lune : gravir le Kilimandjaro par une soir\u00e9e sans nuages est sans aucun doute une exp\u00e9rience m\u00e9morable. Imaginez maintenant regarder les glaciers scintiller au clair de lune \u2013 vraiment incroyable.<\/p>","protected":false},"excerpt":{"rendered":"<p>Looking for cheap airline ticket to Kilimanjaro or last minute deals? Search, compare and book cheap Kilimanjaro flights (JRO) online now. Book cheap flights to Kilimanjaro online and save money on airfare. Kilimanjaro International Airport is placed 40km from the Moshi town, which sits base of the mountain close to the Tanzania-Kenya border. Precision Air [&hellip;]<\/p>\n","protected":false},"author":1,"featured_media":14041,"parent":0,"menu_order":0,"comment_status":"open","ping_status":"closed","template":"template-home-modern.php","meta":{"footnotes":""},"class_list":["post-11573","page","type-page","status-publish","has-post-thumbnail","hentry"],"yoast_head":"<!-- This site is optimized with the Yoast SEO plugin v27.3 - https:\/\/yoast.com\/product\/yoast-seo-wordpress\/ -->\n<title>Cheap Flights to Kilimanjaro<\/title>\n<meta name=\"description\" content=\"Looking for cheap flights to\u00a0Kilimanjaro? Search, compare and book cheap airline ticket from to\u00a0Kilimanjaro online\" \/>\n<meta name=\"robots\" content=\"index, follow, max-snippet:-1, max-image-preview:large, max-video-preview:-1\" \/>\n<link rel=\"canonical\" href=\"https:\/\/tiketi.com\/fr-fr\/cheap-flights-to-kilimanjaro\/\" \/>\n<meta property=\"og:locale\" content=\"fr_FR\" \/>\n<meta property=\"og:type\" content=\"article\" \/>\n<meta property=\"og:title\" content=\"Cheap Flights to Kilimanjaro\" \/>\n<meta property=\"og:description\" content=\"Looking for cheap flights to\u00a0Kilimanjaro? Search, compare and book cheap airline ticket from to\u00a0Kilimanjaro online\" \/>\n<meta property=\"og:url\" content=\"https:\/\/tiketi.com\/fr-fr\/cheap-flights-to-kilimanjaro\/\" \/>\n<meta property=\"og:site_name\" content=\"Tiketi.com\" \/>\n<meta property=\"article:publisher\" content=\"https:\/\/www.facebook.com\/TiketiCom\/\" \/>\n<meta property=\"article:modified_time\" content=\"2022-07-14T11:17:37+00:00\" \/>\n<meta property=\"og:image\" content=\"https:\/\/tiketi.com\/wp-content\/uploads\/2022\/01\/flight-ticket-booking-sorasak-KxCJXXGsv9I-unsplas.jpg\" \/>\n\t<meta property=\"og:image:width\" content=\"1200\" \/>\n\t<meta property=\"og:image:height\" content=\"240\" \/>\n\t<meta property=\"og:image:type\" content=\"image\/jpeg\" \/>\n<meta name=\"twitter:card\" content=\"summary_large_image\" \/>\n<meta name=\"twitter:label1\" content=\"Dur\u00e9e de lecture estim\u00e9e\" \/>\n\t<meta name=\"twitter:data1\" content=\"4 minutes\" \/>\n<script type=\"application\/ld+json\" class=\"yoast-schema-graph\">{\"@context\":\"https:\\\/\\\/schema.org\",\"@graph\":[{\"@type\":\"WebPage\",\"@id\":\"https:\\\/\\\/tiketi.com\\\/fr-fr\\\/cheap-flights-to-kilimanjaro\\\/\",\"url\":\"https:\\\/\\\/tiketi.com\\\/fr-fr\\\/cheap-flights-to-kilimanjaro\\\/\",\"name\":\"Cheap Flights to Kilimanjaro\",\"isPartOf\":{\"@id\":\"https:\\\/\\\/tiketi.com\\\/#website\"},\"primaryImageOfPage\":{\"@id\":\"https:\\\/\\\/tiketi.com\\\/fr-fr\\\/cheap-flights-to-kilimanjaro\\\/#primaryimage\"},\"image\":{\"@id\":\"https:\\\/\\\/tiketi.com\\\/fr-fr\\\/cheap-flights-to-kilimanjaro\\\/#primaryimage\"},\"thumbnailUrl\":\"https:\\\/\\\/tiketi.com\\\/wp-content\\\/uploads\\\/2022\\\/01\\\/flight-ticket-booking-sorasak-KxCJXXGsv9I-unsplas.jpg\",\"datePublished\":\"2022-01-19T11:54:54+00:00\",\"dateModified\":\"2022-07-14T11:17:37+00:00\",\"description\":\"Looking for cheap flights to\u00a0Kilimanjaro? Search, compare and book cheap airline ticket from to\u00a0Kilimanjaro online\",\"breadcrumb\":{\"@id\":\"https:\\\/\\\/tiketi.com\\\/fr-fr\\\/cheap-flights-to-kilimanjaro\\\/#breadcrumb\"},\"inLanguage\":\"fr-FR\",\"potentialAction\":[{\"@type\":\"ReadAction\",\"target\":[\"https:\\\/\\\/tiketi.com\\\/fr-fr\\\/cheap-flights-to-kilimanjaro\\\/\"]}]},{\"@type\":\"ImageObject\",\"inLanguage\":\"fr-FR\",\"@id\":\"https:\\\/\\\/tiketi.com\\\/fr-fr\\\/cheap-flights-to-kilimanjaro\\\/#primaryimage\",\"url\":\"https:\\\/\\\/tiketi.com\\\/wp-content\\\/uploads\\\/2022\\\/01\\\/flight-ticket-booking-sorasak-KxCJXXGsv9I-unsplas.jpg\",\"contentUrl\":\"https:\\\/\\\/tiketi.com\\\/wp-content\\\/uploads\\\/2022\\\/01\\\/flight-ticket-booking-sorasak-KxCJXXGsv9I-unsplas.jpg\",\"width\":1200,\"height\":240,\"caption\":\"Online flight ticket booking\"},{\"@type\":\"BreadcrumbList\",\"@id\":\"https:\\\/\\\/tiketi.com\\\/fr-fr\\\/cheap-flights-to-kilimanjaro\\\/#breadcrumb\",\"itemListElement\":[{\"@type\":\"ListItem\",\"position\":1,\"name\":\"Home\",\"item\":\"https:\\\/\\\/tiketi.com\\\/\"},{\"@type\":\"ListItem\",\"position\":2,\"name\":\"Cheap Flights to Kilimanjaro\"}]},{\"@type\":\"WebSite\",\"@id\":\"https:\\\/\\\/tiketi.com\\\/#website\",\"url\":\"https:\\\/\\\/tiketi.com\\\/\",\"name\":\"Flight & Bus Tickets, Tour Packages & Activitites - Tiketi.com\",\"description\":\"Flight &amp; Bus Tickets, Tours, Activitites\",\"publisher\":{\"@id\":\"https:\\\/\\\/tiketi.com\\\/#organization\"},\"potentialAction\":[{\"@type\":\"SearchAction\",\"target\":{\"@type\":\"EntryPoint\",\"urlTemplate\":\"https:\\\/\\\/tiketi.com\\\/?s={search_term_string}\"},\"query-input\":{\"@type\":\"PropertyValueSpecification\",\"valueRequired\":true,\"valueName\":\"search_term_string\"}}],\"inLanguage\":\"fr-FR\"},{\"@type\":\"Organization\",\"@id\":\"https:\\\/\\\/tiketi.com\\\/#organization\",\"name\":\"Tiketi.com\",\"alternateName\":\"Tiketi\",\"url\":\"https:\\\/\\\/tiketi.com\\\/\",\"logo\":{\"@type\":\"ImageObject\",\"inLanguage\":\"fr-FR\",\"@id\":\"https:\\\/\\\/tiketi.com\\\/#\\\/schema\\\/logo\\\/image\\\/\",\"url\":\"https:\\\/\\\/tiketi.com\\\/wp-content\\\/uploads\\\/2019\\\/05\\\/tiketi-logo-696.png\",\"contentUrl\":\"https:\\\/\\\/tiketi.com\\\/wp-content\\\/uploads\\\/2019\\\/05\\\/tiketi-logo-696.png\",\"width\":696,\"height\":696,\"caption\":\"Tiketi.com\"},\"image\":{\"@id\":\"https:\\\/\\\/tiketi.com\\\/#\\\/schema\\\/logo\\\/image\\\/\"},\"sameAs\":[\"https:\\\/\\\/www.facebook.com\\\/TiketiCom\\\/\"]}]}<\/script>\n<!-- \/ Yoast SEO plugin. -->","yoast_head_json":{"title":"Vols pas chers vers Kilimandjaro","description":"Vous recherchez des vols pas chers pour Kilimandjaro ? Recherchez, comparez et r\u00e9servez un billet d&#039;avion pas cher de \u00e0 Kilimandjaro en ligne","robots":{"index":"index","follow":"follow","max-snippet":"max-snippet:-1","max-image-preview":"max-image-preview:large","max-video-preview":"max-video-preview:-1"},"canonical":"https:\/\/tiketi.com\/fr-fr\/cheap-flights-to-kilimanjaro\/","og_locale":"fr_FR","og_type":"article","og_title":"Cheap Flights to Kilimanjaro","og_description":"Looking for cheap flights to\u00a0Kilimanjaro? Search, compare and book cheap airline ticket from to\u00a0Kilimanjaro online","og_url":"https:\/\/tiketi.com\/fr-fr\/cheap-flights-to-kilimanjaro\/","og_site_name":"Tiketi.com","article_publisher":"https:\/\/www.facebook.com\/TiketiCom\/","article_modified_time":"2022-07-14T11:17:37+00:00","og_image":[{"width":1200,"height":240,"url":"https:\/\/tiketi.com\/wp-content\/uploads\/2022\/01\/flight-ticket-booking-sorasak-KxCJXXGsv9I-unsplas.jpg","type":"image\/jpeg"}],"twitter_card":"summary_large_image","twitter_misc":{"Dur\u00e9e de lecture estim\u00e9e":"4 minutes"},"schema":{"@context":"https:\/\/schema.org","@graph":[{"@type":"WebPage","@id":"https:\/\/tiketi.com\/fr-fr\/cheap-flights-to-kilimanjaro\/","url":"https:\/\/tiketi.com\/fr-fr\/cheap-flights-to-kilimanjaro\/","name":"Vols pas chers vers Kilimandjaro","isPartOf":{"@id":"https:\/\/tiketi.com\/#website"},"primaryImageOfPage":{"@id":"https:\/\/tiketi.com\/fr-fr\/cheap-flights-to-kilimanjaro\/#primaryimage"},"image":{"@id":"https:\/\/tiketi.com\/fr-fr\/cheap-flights-to-kilimanjaro\/#primaryimage"},"thumbnailUrl":"https:\/\/tiketi.com\/wp-content\/uploads\/2022\/01\/flight-ticket-booking-sorasak-KxCJXXGsv9I-unsplas.jpg","datePublished":"2022-01-19T11:54:54+00:00","dateModified":"2022-07-14T11:17:37+00:00","description":"Vous recherchez des vols pas chers pour Kilimandjaro ? Recherchez, comparez et r\u00e9servez un billet d&#039;avion pas cher de \u00e0 Kilimandjaro en ligne","breadcrumb":{"@id":"https:\/\/tiketi.com\/fr-fr\/cheap-flights-to-kilimanjaro\/#breadcrumb"},"inLanguage":"fr-FR","potentialAction":[{"@type":"ReadAction","target":["https:\/\/tiketi.com\/fr-fr\/cheap-flights-to-kilimanjaro\/"]}]},{"@type":"ImageObject","inLanguage":"fr-FR","@id":"https:\/\/tiketi.com\/fr-fr\/cheap-flights-to-kilimanjaro\/#primaryimage","url":"https:\/\/tiketi.com\/wp-content\/uploads\/2022\/01\/flight-ticket-booking-sorasak-KxCJXXGsv9I-unsplas.jpg","contentUrl":"https:\/\/tiketi.com\/wp-content\/uploads\/2022\/01\/flight-ticket-booking-sorasak-KxCJXXGsv9I-unsplas.jpg","width":1200,"height":240,"caption":"Online flight ticket booking"},{"@type":"BreadcrumbList","@id":"https:\/\/tiketi.com\/fr-fr\/cheap-flights-to-kilimanjaro\/#breadcrumb","itemListElement":[{"@type":"ListItem","position":1,"name":"Home","item":"https:\/\/tiketi.com\/"},{"@type":"ListItem","position":2,"name":"Cheap Flights to Kilimanjaro"}]},{"@type":"WebSite","@id":"https:\/\/tiketi.com\/#website","url":"https:\/\/tiketi.com\/","name":"Billets d&#039;avion et de bus, forfaits touristiques et activit\u00e9s - Tiketi.com","description":"Billets d&#039;avion et de bus, Tours, Activit\u00e9s","publisher":{"@id":"https:\/\/tiketi.com\/#organization"},"potentialAction":[{"@type":"SearchAction","target":{"@type":"EntryPoint","urlTemplate":"https:\/\/tiketi.com\/?s={search_term_string}"},"query-input":{"@type":"PropertyValueSpecification","valueRequired":true,"valueName":"search_term_string"}}],"inLanguage":"fr-FR"},{"@type":"Organization","@id":"https:\/\/tiketi.com\/#organization","name":"Tiketi.com","alternateName":"Tiketi","url":"https:\/\/tiketi.com\/","logo":{"@type":"ImageObject","inLanguage":"fr-FR","@id":"https:\/\/tiketi.com\/#\/schema\/logo\/image\/","url":"https:\/\/tiketi.com\/wp-content\/uploads\/2019\/05\/tiketi-logo-696.png","contentUrl":"https:\/\/tiketi.com\/wp-content\/uploads\/2019\/05\/tiketi-logo-696.png","width":696,"height":696,"caption":"Tiketi.com"},"image":{"@id":"https:\/\/tiketi.com\/#\/schema\/logo\/image\/"},"sameAs":["https:\/\/www.facebook.com\/TiketiCom\/"]}]}},"_links":{"self":[{"href":"https:\/\/tiketi.com\/fr-fr\/wp-json\/wp\/v2\/pages\/11573","targetHints":{"allow":["GET"]}}],"collection":[{"href":"https:\/\/tiketi.com\/fr-fr\/wp-json\/wp\/v2\/pages"}],"about":[{"href":"https:\/\/tiketi.com\/fr-fr\/wp-json\/wp\/v2\/types\/page"}],"author":[{"embeddable":true,"href":"https:\/\/tiketi.com\/fr-fr\/wp-json\/wp\/v2\/users\/1"}],"replies":[{"embeddable":true,"href":"https:\/\/tiketi.com\/fr-fr\/wp-json\/wp\/v2\/comments?post=11573"}],"version-history":[{"count":0,"href":"https:\/\/tiketi.com\/fr-fr\/wp-json\/wp\/v2\/pages\/11573\/revisions"}],"wp:featuredmedia":[{"embeddable":true,"href":"https:\/\/tiketi.com\/fr-fr\/wp-json\/wp\/v2\/media\/14041"}],"wp:attachment":[{"href":"https:\/\/tiketi.com\/fr-fr\/wp-json\/wp\/v2\/media?parent=11573"}],"curies":[{"name":"wp","href":"https:\/\/api.w.org\/{rel}","templated":true}]}}